{"id":8618,"date":"1970-01-01T00:00:00","date_gmt":"1970-01-01T00:00:00","guid":{"rendered":"https:\/\/elfsight.com\/pt\/?page_id=8618"},"modified":"2024-11-12T15:34:18","modified_gmt":"2024-11-12T15:34:18","slug":"godaddy","status":"publish","type":"page","link":"https:\/\/elfsight.com\/pt\/vimeo-video-gallery-widget\/godaddy\/","title":{"rendered":"Vimeo Gallery &#8211; GoDaddy"},"content":{"rendered":"<div class=\"application-platform-content-item-description application-platform-content-item\" id=\"description\" data-nav-section=\"description\"> <h2>Incorpore a Galeria Vimeo no GoDaddy com o widget Elfsight<\/h2> <p>Elfsight Vimeo Gallery \u00e9 um plugin simples para propriet\u00e1rios de sites GoDaddy que s\u00e3o disposto a integrar v\u00eddeos do Vimeo no site. Voc\u00ea pode coletar playlists, mostrar canais, selecionar o conte\u00fado de v\u00eddeo mais envolvente para sua galeria de v\u00eddeos e muito mais. A Galeria Elfsight Vimeo oferece configura\u00e7\u00f5es de design \u00fateis, que ajudam a criar a interface para v\u00e1rios casos. Tr\u00eas layouts posicionar\u00e3o o conte\u00fado da melhor maneira, v\u00e1rios modos de reprodu\u00e7\u00e3o tornam a visualiza\u00e7\u00e3o de seus v\u00eddeos confort\u00e1vel em qualquer caso de uso. Com a ajuda do cabe\u00e7alho flex\u00edvel \u00e9 f\u00e1cil apresentar sua conta do Vimeo e conseguir novos assinantes. A Galeria Elfsight Vimeo ser\u00e1 uma forma eficaz n\u00e3o s\u00f3 de aumentar o envolvimento, mas tamb\u00e9m de fazer crescer o seu neg\u00f3cio. <\/p> <p><b><\/b><\/p> <\/div> <div class=\"application-platform-content-item-features application-platform-content-item\" id=\"features\" data-nav-section=\"features\"> <h2>Encontre abaixo os principais recursos do plug-in: <\/h2> <ul><li>Adicionar layouts para diversas formas de organiza\u00e7\u00e3o de v\u00eddeos: Grade, Playlist, Slider; <\/li><li>Sete componentes controlados do cabe\u00e7alho: nome, estat\u00edsticas, descri\u00e7\u00e3o, bot\u00e3o seguir, foto do perfil; <\/li><li>Quatro modos de jogo integrados: Popup, Player, Inline ou no Vimeo; <\/li><li>Tr\u00eas cen\u00e1rios ap\u00f3s o t\u00e9rmino do v\u00eddeo: reproduzir a seguir, repetir, nenhum; <\/li><\/ul><p><a href=\"#demo\">Voc\u00ea pode testar se o plugin \u00e9 adequado para voc\u00ea experimentando a demonstra\u00e7\u00e3o<\/a><\/p> <\/div> <div class=\"application-platform-content-item- instala\u00e7\u00e3o application-platform-content-item\" id=\" instala\u00e7\u00e3o\" data-nav-section=\" instala\u00e7\u00e3o\"> <h2>Como fa\u00e7o para incorporar a Galeria do Vimeo ao meu site GoDaddy? <\/h2> <p>Basta seguir as diretrizes abaixo para incorporar o plugin. <\/p> <ol><li><b>Execute nosso configurador gratuito e comece a formar seu plugin exclusivo. <\/b><br> Escolha a forma personalizada e os aspectos do plugin e salve as corre\u00e7\u00f5es. <\/li> <li><b>Receba o c\u00f3digo pessoal que aparece na caixa dos aplicativos Elfsight. <\/b><br> Logo ap\u00f3s a configura\u00e7\u00e3o do seu plugin pessoal, copie o c\u00f3digo exclusivo da janela exibida e salve-o para uso futuro. <\/li> <li><b>Comece a usar o plug-in no site GoDaddy. <\/b><br> Integre o c\u00f3digo salvo anteriormente em sua p\u00e1gina inicial e aplique as modifica\u00e7\u00f5es. <\/li> <li><b>A instala\u00e7\u00e3o foi totalmente conclu\u00edda. <\/b><br> Acesse seu site para ver como o plugin est\u00e1 funcionando. <\/li><\/ol> <p>Na condi\u00e7\u00e3o de enfrentar d\u00favidas ou enfrentar quaisquer dificuldades, sinta-se \u00e0 vontade para entrar em contato com nossa equipe de suporte. Nossos consultores est\u00e3o ansiosos para ajud\u00e1-lo com todas as dificuldades que voc\u00ea possa ter com o plugin. <\/p> <div class=\"faq\" data-component=\"FAQ\"><div class=\"faq-item\">\r\n\t\t\t\t\t<div class=\"faq-item-question\">\r\n\t\t\t\t\t\t<h3 class=\"faq-item-question-text\">Como posso incorporar o plugin GoDaddy Vimeo Gallery no meu site sem conhecimentos de codifica\u00e7\u00e3o?<\/h3>\r\n\r\n\t\t\t\t\t\t<div class=\"faq-item-question-icon\"><\/div>\r\n\t\t\t\t\t<\/div>\r\n\r\n\t\t\t\t\t<div class=\"faq-item-answer\">\r\n\t\t\t\t\t\t<div class=\"faq-item-answer-text\"><p>A Elfsight fornece uma solu\u00e7\u00e3o baseada na nuvem que permite aos utilizadores criar um plugin GoDaddy Vimeo Gallery por conta deles. Observe como o processo pode ser simples:<\/p><ul><li>Acesse o Editor on-line para gerar uma se\u00e7\u00e3o de plug-in da GoDaddy Vimeo Gallery que voc\u00ea gostaria de integrar ao seu site.<\/li><li>Selecione um dos seguintes: nossos modelos pr\u00e9-projetados e personalize as configura\u00e7\u00f5es do plug-in GoDaddy Vimeo Gallery, modifique o layout e o esquema de cores, inclua seu conte\u00fado sem qualquer necessidade de codifica\u00e7\u00e3o.<\/li><li>Preservar as configura\u00e7\u00f5es que voc\u00ea configurou para o plug-in GoDaddy Vimeo Gallery e obtenha o c\u00f3digo para incorpora\u00e7\u00e3o, que pode ser facilmente inserido em seu site sem nenhum custo.<\/li><\/ul><p>Ao trabalhar no editor f\u00e1cil de usar, qualquer usu\u00e1rio da Internet pode criar uma se\u00e7\u00e3o de plug-in da GoDaddy Vimeo Gallery e incorpor\u00e1-lo em seu site. N\u00e3o h\u00e1 exig\u00eancia de pagamento ou divulga\u00e7\u00e3o dos dados do seu cart\u00e3o para acessar o Editor Elfsight. Se voc\u00ea encontrar alguma dificuldade em qualquer est\u00e1gio, sinta-se \u00e0 vontade para entrar em contato com nosso suporte ao cliente.<\/p><\/div>\r\n\t\t\t\t\t<\/div>\r\n\t\t\t\t<\/div><\/div><\/div>","protected":false},"excerpt":{"rendered":"","protected":false},"author":9,"featured_media":0,"parent":875,"menu_order":0,"comment_status":"closed","ping_status":"closed","template":"templates\/template-application-platform.php","meta":{"publish_to_discourse":"","publish_post_category":"","wpdc_auto_publish_overridden":"","wpdc_topic_tags":"","wpdc_pin_topic":"","wpdc_pin_until":"","discourse_post_id":"","discourse_permalink":"","wpdc_publishing_response":"","wpdc_publishing_error":"","footnotes":""},"class_list":["post-8618","page","type-page","status-publish","hentry"],"yoast_head":"<!-- This site is optimized with the Yoast SEO plugin v25.3.1 - https:\/\/yoast.com\/wordpress\/plugins\/seo\/ -->\n<title>Galeria do Vimeo - Adicione o plugin da Galeria do Vimeo ao site GoDaddy!<\/title>\n<meta name=\"description\" content=\"\u00c9 absolutamente simples criar seu plugin da Galeria do Vimeo e adicion\u00e1-lo ao seu site GoDaddy. O suporte ao cliente da Elfsight \u00e9 gratuito.\" \/>\n<meta name=\"robots\" content=\"index, follow, max-snippet:-1, max-image-preview:large, max-video-preview:-1\" \/>\n<link rel=\"canonical\" href=\"https:\/\/elfsight.com\/pt\/vimeo-video-gallery-widget\/godaddy\/\" \/>\n<meta property=\"og:locale\" content=\"pt_PT\" \/>\n<meta property=\"og:type\" content=\"article\" \/>\n<meta property=\"og:title\" content=\"Galeria do Vimeo - Adicione o plugin da Galeria do Vimeo ao site GoDaddy!\" \/>\n<meta property=\"og:description\" content=\"\u00c9 absolutamente simples criar seu plugin da Galeria do Vimeo e adicion\u00e1-lo ao seu site GoDaddy. O suporte ao cliente da Elfsight \u00e9 gratuito.\" \/>\n<meta property=\"og:url\" content=\"https:\/\/elfsight.com\/pt\/vimeo-video-gallery-widget\/godaddy\/\" \/>\n<meta property=\"og:site_name\" content=\"Elfsight PT\" \/>\n<meta property=\"article:modified_time\" content=\"2024-11-12T15:34:18+00:00\" \/>\n<meta name=\"twitter:card\" content=\"summary_large_image\" \/>\n<meta name=\"twitter:label1\" content=\"Tempo estimado de leitura\" \/>\n\t<meta name=\"twitter:data1\" content=\"3 minutos\" \/>\n<!-- \/ Yoast SEO plugin. -->","yoast_head_json":{"title":"Galeria do Vimeo - Adicione o plugin da Galeria do Vimeo ao site GoDaddy!","description":"\u00c9 absolutamente simples criar seu plugin da Galeria do Vimeo e adicion\u00e1-lo ao seu site GoDaddy. O suporte ao cliente da Elfsight \u00e9 gratuito.","robots":{"index":"index","follow":"follow","max-snippet":"max-snippet:-1","max-image-preview":"max-image-preview:large","max-video-preview":"max-video-preview:-1"},"canonical":"https:\/\/elfsight.com\/pt\/vimeo-video-gallery-widget\/godaddy\/","og_locale":"pt_PT","og_type":"article","og_title":"Galeria do Vimeo - Adicione o plugin da Galeria do Vimeo ao site GoDaddy!","og_description":"\u00c9 absolutamente simples criar seu plugin da Galeria do Vimeo e adicion\u00e1-lo ao seu site GoDaddy. O suporte ao cliente da Elfsight \u00e9 gratuito.","og_url":"https:\/\/elfsight.com\/pt\/vimeo-video-gallery-widget\/godaddy\/","og_site_name":"Elfsight PT","article_modified_time":"2024-11-12T15:34:18+00:00","twitter_card":"summary_large_image","twitter_misc":{"Tempo estimado de leitura":"3 minutos"},"schema":{"@context":"https:\/\/schema.org","@graph":[{"@type":"WebPage","@id":"https:\/\/elfsight.com\/pt\/vimeo-video-gallery-widget\/godaddy\/","url":"https:\/\/elfsight.com\/pt\/vimeo-video-gallery-widget\/godaddy\/","name":"Galeria do Vimeo - Adicione o plugin da Galeria do Vimeo ao site GoDaddy!","isPartOf":{"@id":"https:\/\/elfsight.com\/pt\/#website"},"datePublished":"1970-01-01T00:00:00+00:00","dateModified":"2024-11-12T15:34:18+00:00","description":"\u00c9 absolutamente simples criar seu plugin da Galeria do Vimeo e adicion\u00e1-lo ao seu site GoDaddy. O suporte ao cliente da Elfsight \u00e9 gratuito.","breadcrumb":{"@id":"https:\/\/elfsight.com\/pt\/vimeo-video-gallery-widget\/godaddy\/#breadcrumb"},"inLanguage":"pt-PT","potentialAction":[{"@type":"ReadAction","target":["https:\/\/elfsight.com\/pt\/vimeo-video-gallery-widget\/godaddy\/"]}]},{"@type":"BreadcrumbList","@id":"https:\/\/elfsight.com\/pt\/vimeo-video-gallery-widget\/godaddy\/#breadcrumb","itemListElement":[{"@type":"ListItem","position":1,"name":"Home","item":"https:\/\/elfsight.com\/pt\/"},{"@type":"ListItem","position":2,"name":"Vimeo Gallery","item":"https:\/\/elfsight.com\/pt\/vimeo-video-gallery-widget\/"},{"@type":"ListItem","position":3,"name":"Vimeo Gallery &#8211; GoDaddy"}]},{"@type":"WebSite","@id":"https:\/\/elfsight.com\/pt\/#website","url":"https:\/\/elfsight.com\/pt\/","name":"Elfsight PT","description":"Just another Elfsight Sites site","potentialAction":[{"@type":"SearchAction","target":{"@type":"EntryPoint","urlTemplate":"https:\/\/elfsight.com\/pt\/?s={search_term_string}"},"query-input":{"@type":"PropertyValueSpecification","valueRequired":true,"valueName":"search_term_string"}}],"inLanguage":"pt-PT"}]}},"meta_box":{"industry":"","seo_heading":"","heading":"","description":"","cta_heading":"","cta_description":"","application":"874","h1":"Plug-in da Galeria GoDaddy Vimeo","h1_caption":"Configure uma playlist, crie uma galeria de v\u00eddeos ou incorpore um canal do Vimeo em seu site","application_category":[],"applications_title":"","applications_request_title":"","applications_request_button_text":"","hero_text":"","hero_video":"","hero_video_schema_markup":"","selling_points_title":"","selling_points_caption":"","selling_points":[],"selling_points_cta_text":"","features_title":"","features":"","ed_cta_examples_text":"","ed_cta_examples_hidden":"","ed_cta_demo_text":"","ed_cta_demo_hidden":"","why_caption":"","why_editor_title":"","why_editor_text":"","why_team_title":"","why_team_text":"","why_service_title":"","why_service_text":"","template_catalog_visible":"","template_catalog_title":"","template_catalog_text":"","template_catalog_categories_visible":"","demo_title":"Crie seu plugin da Galeria do Vimeo","demo_caption":"Configure sua Galeria do Vimeo e adicione-a ao seu site GoDaddy gratuitamente!","default_faq_hidden":"","app_template_category":[],"platform":"4908","template_public_id":"","codecanyon_url":"","codecanyon_item_id":"","codecanyon_price":"","pricing_caption":"","pricing_elfsight_apps_hide_column":"","pricing_elfsight_apps_url":"","pricing_codecanyon_price_caption":"","integration_category":[],"integration_request_title":"","integration_request_cta":"","integration_platform":"","integrations":[],"platform_category":[],"video_schema_markup":"","price":"a partir de US$ 0\/m\u00eas","trial":"","benefits":[{"text":"Ajuda de instala\u00e7\u00e3o gratuita"},{"text":"Atendimento ao cliente eficaz"},{"text":"Garantia de devolu\u00e7\u00e3o do dinheiro em 14 dias"},{"text":"Desenvolvimento cont\u00ednuo"}],"button_url":"#demo","button_target_blank":"","button_nofollow":"","attributes":[{"name":"Instala\u00e7\u00f5es","content":"10,000 - 100,000"},{"name":"Responsivo","content":"Sim"},{"name":"Navegadores compat\u00edveis","content":"IE11, Firefox, Safari, Opera, Chrome, Edge"}],"tags":[],"tags_disable_links":"","hide_more_platforms":"","video_object":"","demo_hide_cta":"","demo_hide_cloud_options":"","pricing_title":"","pricing":[{"pricing_icon":"platform","pricing_title":"Elfsight Apps","pricing_title_caption":"Software multiplataforma adequado para qualquer site","pricing_price":"a partir de US$ 0\/m\u00eas","pricing_price_caption":"comece com plano gratuito","pricing_benefits":[{"text":"Sites ilimitados"},{"text":"Suporte gratuito da empresa e bem documentado"},{"text":"Suporte gratuito da empresa e bem documentado"},{"text":"Design flex\u00edvel"}],"pricing_button_text":"Adicionar ao site","pricing_button_url":"#demo"}],"related_apps_title":"","related_apps_hidden":"","author":"","image":[],"title":"","job":"","social_networks":[]},"_links":{"self":[{"href":"https:\/\/elfsight.com\/pt\/wp-json\/wp\/v2\/pages\/8618","targetHints":{"allow":["GET"]}}],"collection":[{"href":"https:\/\/elfsight.com\/pt\/wp-json\/wp\/v2\/pages"}],"about":[{"href":"https:\/\/elfsight.com\/pt\/wp-json\/wp\/v2\/types\/page"}],"author":[{"embeddable":true,"href":"https:\/\/elfsight.com\/pt\/wp-json\/wp\/v2\/users\/9"}],"replies":[{"embeddable":true,"href":"https:\/\/elfsight.com\/pt\/wp-json\/wp\/v2\/comments?post=8618"}],"version-history":[{"count":1,"href":"https:\/\/elfsight.com\/pt\/wp-json\/wp\/v2\/pages\/8618\/revisions"}],"predecessor-version":[{"id":8622,"href":"https:\/\/elfsight.com\/pt\/wp-json\/wp\/v2\/pages\/8618\/revisions\/8622"}],"up":[{"embeddable":true,"href":"https:\/\/elfsight.com\/pt\/wp-json\/wp\/v2\/pages\/875"}],"wp:attachment":[{"href":"https:\/\/elfsight.com\/pt\/wp-json\/wp\/v2\/media?parent=8618"}],"curies":[{"name":"wp","href":"https:\/\/api.w.org\/{rel}","templated":true}]}}