{"id":8610,"date":"1970-01-01T00:00:00","date_gmt":"1970-01-01T00:00:00","guid":{"rendered":"https:\/\/elfsight.com\/pt\/?page_id=8610"},"modified":"2025-03-03T10:03:55","modified_gmt":"2025-03-03T10:03:55","slug":"blogger","status":"publish","type":"page","link":"https:\/\/elfsight.com\/pt\/viber-chat-widget\/blogger\/","title":{"rendered":"Viber Chat &#8211; Blogger"},"content":{"rendered":"\n<div class=\"application-platform-content-item-description application-platform-content-item\" id=\"description\" data-nav-section=\"description\"> <h2>Descri\u00e7\u00e3o<\/h2><p>O Elfsight Viber Chat \u00e9 uma das possibilidades mais r\u00e1pidas para as pessoas entrarem em contato com voc\u00ea no seu site. Cada usu\u00e1rio obter\u00e1 rapidamente respostas \u00e0s suas d\u00favidas ou ajuda sua. Voc\u00ea ficar\u00e1 dispon\u00edvel online em um dos mensageiros favoritos. Voc\u00ea pode configurar o Elfsight Viber Chat para ocorrer em p\u00e1ginas espec\u00edficas e direcion\u00e1-lo para grupos espec\u00edficos de visitantes. Existem amplas op\u00e7\u00f5es de personaliza\u00e7\u00e3o: escolha os iniciadores do bate-papo, defina seu pr\u00f3prio texto de boas-vindas, defina \u00edcones e muito mais. Tendo o Viber Chat no site, voc\u00ea pode manter contato com os visitantes a qualquer hora e em qualquer local.<\/p><p><b>Com o Viber Chat, inicie o desenvolvimento sustent\u00e1vel de neg\u00f3cios e mais vendas<\/b><\/p><\/div> <div class=\"application-platform-content-item-features application-platform-content-item\" id=\"features\" data-nav-section=\"features\"> <h2>Estes s\u00e3o apenas alguns dos poderosos recursos do widget:<\/h2><ul><li>Uma cole\u00e7\u00e3o de \u00edcones de bolha para escolher<\/li><li>Texto de bolha edit\u00e1vel <\/li><li>Cabe\u00e7alho do FlexibleChat com imagem, nome e legenda da p\u00e1gina<\/li><li>Escolher a imagem da p\u00e1gina por padr\u00e3o, de nossa cole\u00e7\u00e3o ou enviar sua pr\u00f3pria imagem<\/li><li>Usar texto personalizado como legenda <\/li><li>Uma op\u00e7\u00e3o para editar a mensagem de boas-vindas usando op\u00e7\u00f5es de formata\u00e7\u00e3o e links<\/li><\/li><\/ul><p><a href=\"#demo\">Voc\u00ea pode descobrir todas as funcionalidades do o widget na demonstra\u00e7\u00e3o<\/a><\/p><\/div> <div class=\"application-platform-content-item-installation application-platform-content-item\" id=\"installation\" data-nav-section=\"installation\"> <h2>Como posso incorporar o Viber Chat ao meu site do Blogger?<\/h2><p>Basta seguir as instru\u00e7\u00f5es abaixo para come\u00e7ar a trabalhar com o plugin.<\/p><ol><li><b>Inicie nossa demonstra\u00e7\u00e3o gratuita e comece a formar seu instrumento personalizado.<\/b><br>Escolha a forma e funcionalidade selecionadas do widget e salve as modifica\u00e7\u00f5es.<\/li><li><b>Obtenha o seu c\u00f3digo individual que \u00e9 mostrado na caixa nos aplicativos Elfsight<\/b><br>Quando o estabelecimento do seu widget pessoal estiver conclu\u00eddo, copie o c\u00f3digo exclusivo no canto superior esquerdo janela e guarde-a para uso futuro.<\/li><li><b>Entre usando o widget em sua p\u00e1gina do Blogger<\/b><br>Integre o c\u00f3digo salvo recentemente em sua p\u00e1gina e aplique as modifica\u00e7\u00f5es.<\/li><li><b>A instala\u00e7\u00e3o foi finalizada com sucesso<\/b><br>V\u00e1 para sua p\u00e1gina da web para observar como o plugin est\u00e1 funcionando.<\/li><\/ol><p>Na condi\u00e7\u00e3o de enfrentar d\u00favidas ou encontrar qualquer problema, n\u00e3o hesite em procurar ajuda de nossa equipe de atendimento ao cliente. Nossos especialistas ter\u00e3o prazer em resolver todas as d\u00favidas que voc\u00ea possa ter sobre o produto.<\/p><div class=\"faq\" data-component=\"FAQ\"> <div class=\"faq-item\">\r\n\t\t\t\t\t<div class=\"faq-item-question\">\r\n\t\t\t\t\t\t<h3 class=\"faq-item-question-text\">Como adicionar o Viber Chat ao meu site do Blogger sem conhecimentos de codifica\u00e7\u00e3o?<\/h3>\r\n\r\n\t\t\t\t\t\t<div class=\"faq-item-question-icon\"><\/div>\r\n\t\t\t\t\t<\/div>\r\n\r\n\t\t\t\t\t<div class=\"faq-item-answer\">\r\n\t\t\t\t\t\t<div class=\"faq-item-answer-text\"> <p> A Elfsight fornece um Solu\u00e7\u00e3o SaaS que permite que voc\u00ea mesmo crie um widget do Viber Chat, veja como o processo \u00e9 f\u00e1cil: Trabalhe diretamente no Editor on-line para criar um widget do Viber Chat que voc\u00ea gostaria de ver no seu site do Blogger. Escolha um dos modelos predefinidos e ajuste as configura\u00e7\u00f5es do Viber Chat, adicione seu conte\u00fado, altere o layout e as cores sem habilidades de codifica\u00e7\u00e3o. Salve o Viber Chat e copie seu c\u00f3digo de instala\u00e7\u00e3o, que voc\u00ea pode incorporar facilmente ao site do Blogger, sem a necessidade de adquirir um plano pago. Com nosso editor intuitivo, qualquer usu\u00e1rio da Internet pode criar um widget Viber Chat online e incorpor\u00e1-lo facilmente ao site do Blogger. N\u00e3o h\u00e1 necessidade de pagar ou inserir as credenciais do seu cart\u00e3o para acessar o servi\u00e7o. Se voc\u00ea enfrentar qualquer problema em qualquer etapa, n\u00e3o hesite em entrar em contato com nossa equipe de suporte t\u00e9cnico.<\/p> <\/div>\r\n\t\t\t\t\t<\/div>\r\n\t\t\t\t<\/div> <\/div> <\/div>\n","protected":false},"excerpt":{"rendered":"","protected":false},"author":9,"featured_media":0,"parent":1584,"menu_order":0,"comment_status":"closed","ping_status":"closed","template":"templates\/template-application-platform.php","meta":{"publish_to_discourse":"","publish_post_category":"","wpdc_auto_publish_overridden":"","wpdc_topic_tags":"","wpdc_pin_topic":"","wpdc_pin_until":"","discourse_post_id":"","discourse_permalink":"","wpdc_publishing_response":"","wpdc_publishing_error":"","footnotes":""},"class_list":["post-8610","page","type-page","status-publish","hentry"],"yoast_head":"<!-- This site is optimized with the Yoast SEO plugin v25.3.1 - https:\/\/yoast.com\/wordpress\/plugins\/seo\/ -->\n<title>Adicionar Viber Chat ao site do Blogger sem codifica\u00e7\u00e3o (2025)<\/title>\n<meta name=\"description\" content=\"Adicione o Viber Chat ao site para uma comunica\u00e7\u00e3o f\u00e1cil e imediata com os clientes. Confira o freedemo da Elfsight para configurar seu pr\u00f3prio plugin agora mesmo.\" \/>\n<meta name=\"robots\" content=\"index, follow, max-snippet:-1, max-image-preview:large, max-video-preview:-1\" \/>\n<link rel=\"canonical\" href=\"https:\/\/elfsight.com\/pt\/viber-chat-widget\/blogger\/\" \/>\n<meta property=\"og:locale\" content=\"pt_PT\" \/>\n<meta property=\"og:type\" content=\"article\" \/>\n<meta property=\"og:title\" content=\"Adicionar Viber Chat ao site do Blogger sem codifica\u00e7\u00e3o (2025)\" \/>\n<meta property=\"og:description\" content=\"Adicione o Viber Chat ao site para uma comunica\u00e7\u00e3o f\u00e1cil e imediata com os clientes. Confira o freedemo da Elfsight para configurar seu pr\u00f3prio plugin agora mesmo.\" \/>\n<meta property=\"og:url\" content=\"https:\/\/elfsight.com\/pt\/viber-chat-widget\/blogger\/\" \/>\n<meta property=\"og:site_name\" content=\"Elfsight PT\" \/>\n<meta property=\"article:modified_time\" content=\"2025-03-03T10:03:55+00:00\" \/>\n<meta name=\"twitter:card\" content=\"summary_large_image\" \/>\n<meta name=\"twitter:label1\" content=\"Tempo estimado de leitura\" \/>\n\t<meta name=\"twitter:data1\" content=\"3 minutos\" \/>\n<!-- \/ Yoast SEO plugin. -->","yoast_head_json":{"title":"Adicionar Viber Chat ao site do Blogger sem codifica\u00e7\u00e3o (2025)","description":"Adicione o Viber Chat ao site para uma comunica\u00e7\u00e3o f\u00e1cil e imediata com os clientes. Confira o freedemo da Elfsight para configurar seu pr\u00f3prio plugin agora mesmo.","robots":{"index":"index","follow":"follow","max-snippet":"max-snippet:-1","max-image-preview":"max-image-preview:large","max-video-preview":"max-video-preview:-1"},"canonical":"https:\/\/elfsight.com\/pt\/viber-chat-widget\/blogger\/","og_locale":"pt_PT","og_type":"article","og_title":"Adicionar Viber Chat ao site do Blogger sem codifica\u00e7\u00e3o (2025)","og_description":"Adicione o Viber Chat ao site para uma comunica\u00e7\u00e3o f\u00e1cil e imediata com os clientes. Confira o freedemo da Elfsight para configurar seu pr\u00f3prio plugin agora mesmo.","og_url":"https:\/\/elfsight.com\/pt\/viber-chat-widget\/blogger\/","og_site_name":"Elfsight PT","article_modified_time":"2025-03-03T10:03:55+00:00","twitter_card":"summary_large_image","twitter_misc":{"Tempo estimado de leitura":"3 minutos"},"schema":{"@context":"https:\/\/schema.org","@graph":[{"@type":"WebPage","@id":"https:\/\/elfsight.com\/pt\/viber-chat-widget\/blogger\/","url":"https:\/\/elfsight.com\/pt\/viber-chat-widget\/blogger\/","name":"Adicionar Viber Chat ao site do Blogger sem codifica\u00e7\u00e3o (2025)","isPartOf":{"@id":"https:\/\/elfsight.com\/pt\/#website"},"datePublished":"1970-01-01T00:00:00+00:00","dateModified":"2025-03-03T10:03:55+00:00","description":"Adicione o Viber Chat ao site para uma comunica\u00e7\u00e3o f\u00e1cil e imediata com os clientes. Confira o freedemo da Elfsight para configurar seu pr\u00f3prio plugin agora mesmo.","breadcrumb":{"@id":"https:\/\/elfsight.com\/pt\/viber-chat-widget\/blogger\/#breadcrumb"},"inLanguage":"pt-PT","potentialAction":[{"@type":"ReadAction","target":["https:\/\/elfsight.com\/pt\/viber-chat-widget\/blogger\/"]}]},{"@type":"BreadcrumbList","@id":"https:\/\/elfsight.com\/pt\/viber-chat-widget\/blogger\/#breadcrumb","itemListElement":[{"@type":"ListItem","position":1,"name":"Home","item":"https:\/\/elfsight.com\/pt\/"},{"@type":"ListItem","position":2,"name":"Viber Chat","item":"https:\/\/elfsight.com\/pt\/viber-chat-widget\/"},{"@type":"ListItem","position":3,"name":"Viber Chat &#8211; Blogger"}]},{"@type":"WebSite","@id":"https:\/\/elfsight.com\/pt\/#website","url":"https:\/\/elfsight.com\/pt\/","name":"Elfsight PT","description":"Just another Elfsight Sites site","potentialAction":[{"@type":"SearchAction","target":{"@type":"EntryPoint","urlTemplate":"https:\/\/elfsight.com\/pt\/?s={search_term_string}"},"query-input":{"@type":"PropertyValueSpecification","valueRequired":true,"valueName":"search_term_string"}}],"inLanguage":"pt-PT"}]}},"meta_box":{"industry":"","seo_heading":"","heading":"","description":"","cta_heading":"","cta_description":"","application":"1583","h1":"Bate-papo do Blogger Viber","h1_caption":"F\u00e1cil comunica\u00e7\u00e3o com o cliente atrav\u00e9s do seu site","application_category":[],"applications_title":"","applications_request_title":"","applications_request_button_text":"","hero_text":"","hero_video":"","hero_video_schema_markup":"","selling_points_title":"","selling_points_caption":"","selling_points":[],"selling_points_cta_text":"","features_title":"","features":"","ed_cta_examples_text":"","ed_cta_examples_hidden":"","ed_cta_demo_text":"","ed_cta_demo_hidden":"","why_caption":"","why_editor_title":"","why_editor_text":"","why_team_title":"","why_team_text":"","why_service_title":"","why_service_text":"","template_catalog_visible":"0","template_catalog_title":"","template_catalog_text":"","template_catalog_categories_visible":"","demo_title":"Crie seu widget Viber Chat","demo_caption":"Configure seu Viber Chat e adicione-o ao site do Blogger gratuitamente!","default_faq_hidden":"","app_template_category":[],"platform":"46","template_public_id":"","codecanyon_url":"","codecanyon_item_id":"","codecanyon_price":"","pricing_caption":"","pricing_elfsight_apps_hide_column":"","pricing_elfsight_apps_url":"","pricing_codecanyon_price_caption":"","integration_category":[],"integration_request_title":"","integration_request_cta":"","integration_platform":"","integrations":[],"platform_category":[],"video_schema_markup":"","price":"a partir de US$ 0\/m\u00eas","trial":"","benefits":[{"text":"Assist\u00eancia de instala\u00e7\u00e3o gratuita"},{"text":"Suporte ao cliente experiente"},{"text":"Garantia de devolu\u00e7\u00e3o do dinheiro em 14 dias"},{"text":"Melhorias gratuitas vital\u00edcias"}],"button_url":"#demo","button_target_blank":"0","button_nofollow":"0","attributes":[{"name":"Instala\u00e7\u00f5es","content":"10,000 - 100,000"},{"name":"Responsivo","content":"Sim"},{"name":"Navegadores compat\u00edveis","content":"Firefox, Safari, Opera, Chrome, Edge"}],"tags":[],"tags_disable_links":"0","hide_more_platforms":"0","video_object":"","demo_hide_cta":"0","demo_hide_cloud_options":"0","pricing_title":"","pricing":[{"pricing_icon":"platform","pricing_title":"Elfsight Apps","pricing_title_caption":"Vers\u00e3o multiplataforma que funciona em qualquer site","pricing_price":"a partir de US$ 0\/m\u00eas","pricing_price_caption":"comece com um plano gratuito","pricing_benefits":[{"text":"Sites ilimitados"},{"text":"Suporte profissional da empresa e bem documentado"},{"text":"Suporte profissional da empresa e bem documentado"},{"text":"Totalmente personaliz\u00e1vel"}],"pricing_button_text":"Adicionar ao site","pricing_button_url":"#demo"}],"related_apps_title":"","related_apps_hidden":"0","author":"","image":[],"title":"","job":"","social_networks":[]},"_links":{"self":[{"href":"https:\/\/elfsight.com\/pt\/wp-json\/wp\/v2\/pages\/8610","targetHints":{"allow":["GET"]}}],"collection":[{"href":"https:\/\/elfsight.com\/pt\/wp-json\/wp\/v2\/pages"}],"about":[{"href":"https:\/\/elfsight.com\/pt\/wp-json\/wp\/v2\/types\/page"}],"author":[{"embeddable":true,"href":"https:\/\/elfsight.com\/pt\/wp-json\/wp\/v2\/users\/9"}],"replies":[{"embeddable":true,"href":"https:\/\/elfsight.com\/pt\/wp-json\/wp\/v2\/comments?post=8610"}],"version-history":[{"count":2,"href":"https:\/\/elfsight.com\/pt\/wp-json\/wp\/v2\/pages\/8610\/revisions"}],"predecessor-version":[{"id":14181,"href":"https:\/\/elfsight.com\/pt\/wp-json\/wp\/v2\/pages\/8610\/revisions\/14181"}],"up":[{"embeddable":true,"href":"https:\/\/elfsight.com\/pt\/wp-json\/wp\/v2\/pages\/1584"}],"wp:attachment":[{"href":"https:\/\/elfsight.com\/pt\/wp-json\/wp\/v2\/media?parent=8610"}],"curies":[{"name":"wp","href":"https:\/\/api.w.org\/{rel}","templated":true}]}}