{"id":8609,"date":"1970-01-01T00:00:00","date_gmt":"1970-01-01T00:00:00","guid":{"rendered":"https:\/\/elfsight.com\/pt\/?page_id=8609"},"modified":"2025-03-03T10:07:11","modified_gmt":"2025-03-03T10:07:11","slug":"facebook","status":"publish","type":"page","link":"https:\/\/elfsight.com\/pt\/viber-chat-widget\/facebook\/","title":{"rendered":"Viber Chat &#8211; Facebook Page"},"content":{"rendered":"\n<div class=\"application-platform-content-item-description application-platform-content-item\" id=\"description\" data-nav-section=\"description\"> <h2>Descri\u00e7\u00e3o<\/h2><p>O Viber Chat da Elfsight \u00e9 uma das possibilidades mais convenientes para as pessoas entrarem em contato com voc\u00ea atrav\u00e9s do seu site. Cada usu\u00e1rio obter\u00e1 rapidamente respostas \u00e0s suas d\u00favidas ou suporte seu. Voc\u00ea ficar\u00e1 dispon\u00edvel online em um dos mensageiros mais populares 24 horas por dia, 7 dias por semana. Voc\u00ea pode selecionar o Elfsight Viber Chat para aparecer em p\u00e1ginas espec\u00edficas e configur\u00e1-lo para grupos espec\u00edficos de p\u00fablico. H\u00e1 uma variedade de op\u00e7\u00f5es de personaliza\u00e7\u00e3o: escolha os gatilhos de in\u00edcio do chat, escreva seu texto de boas-vindas, escolha \u00edcones e outros recursos. Com a ajuda do Viber Chat no site, voc\u00ea ficar\u00e1 conectado aos visitantes em todos os momentos e em qualquer local.<\/p><p><b>Com o Viber Chat, veja o crescimento ativo dos neg\u00f3cios e aumente as vendas<\/b><\/p><\/div> <div class=\"application-platform-content-item-features application-platform-content-item\" id=\"features\" data-nav-section=\"features\"> <h2>Conhe\u00e7a a lista dos melhores recursos:<\/h2><ul><li>Uma cole\u00e7\u00e3o de \u00edcones de bolha para voc\u00ea escolher<\/li> <li>Texto de bal\u00e3o edit\u00e1vel<\/li><li>Cabe\u00e7alho do bate-papo com imagem, nome e legenda da p\u00e1gina<\/li><li>Op\u00e7\u00e3o para editar o nome do bate-papo<\/li><li>Defini\u00e7\u00e3o de texto personalizado como legenda<\/li><li>Mensagem de boas-vindas edit\u00e1vel com op\u00e7\u00f5es de formata\u00e7\u00e3o e links<\/li><\/ul><p><a href=\"#demo\">Voc\u00ea pode explorar se o widget \u00e9 adequado para voc\u00ea com a ajuda da demonstra\u00e7\u00e3o<\/a> <\/p><\/div> <div class=\"application-platform-content-item-installation application-platform-content-item\" id=\"installation\" data-nav-section=\"installation\"> <h2>Como posso incorporar o Viber Chat na minha p\u00e1gina do Facebook?<\/h2><p>Basta aplicar as instru\u00e7\u00f5es abaixo para ativar o plugin.<\/p><ol><li><b>Inicie nosso configurador gratuito e comece a criar seu plugin personalizado.<\/b><br>Encontre o layout e os aspectos adequados da ferramenta e salve as edi\u00e7\u00f5es.<\/li><li><b>Copie o c\u00f3digo pessoal que aparece na caixa dos aplicativos Elfsight<\/b><br>Logo ap\u00f3s a gera\u00e7\u00e3o da sua ferramenta pessoal, copie o c\u00f3digo exclusivo da janela exibida e guarde-o para uso posterior. <\/li><li><b>Comece a aplicar o widget na p\u00e1gina da p\u00e1gina do Facebook<\/b><br>Adicione o c\u00f3digo copiado recentemente em seu site e aplique os ajustes.<\/li><li><b> Feito! A configura\u00e7\u00e3o est\u00e1 totalmente conclu\u00edda<\/b><br>Visite sua p\u00e1gina da web para ver o desempenho do widget.<\/li><\/ol><p>Se voc\u00ea encontrar alguns obst\u00e1culos, n\u00e3o tenha medo de escrever para nosso suporte funcion\u00e1rios. Nossos consultores ter\u00e3o prazer em ajud\u00e1-lo com todas as dificuldades que voc\u00ea possa ter com o plugin.<\/p><div class=\"faq\" data-component=\"FAQ\"> <div class=\"faq-item\">\r\n\t\t\t\t\t<div class=\"faq-item-question\">\r\n\t\t\t\t\t\t<h3 class=\"faq-item-question-text\">Como adicionar o Viber Chat ao site da minha p\u00e1gina do Facebook sem habilidades de codifica\u00e7\u00e3o?<\/h3>\r\n\r\n\t\t\t\t\t\t<div class=\"faq-item-question-icon\"><\/div>\r\n\t\t\t\t\t<\/div>\r\n\r\n\t\t\t\t\t<div class=\"faq-item-answer\">\r\n\t\t\t\t\t\t<div class=\"faq-item-answer-text\"> <p> A Elfsight fornece uma solu\u00e7\u00e3o SaaS que permite criar voc\u00ea mesmo um widget Viber Chat. Veja como o processo \u00e9 f\u00e1cil: Trabalhe diretamente no Editor on-line para criar um widget Viber Chat que voc\u00ea gostaria de ver no site da sua p\u00e1gina do Facebook. Escolha um dos modelos predefinidos e ajuste as configura\u00e7\u00f5es do Viber Chat, adicione seu conte\u00fado, altere o layout e as cores sem nenhuma habilidade de codifica\u00e7\u00e3o. Salve o Viber Chat e copie seu c\u00f3digo de instala\u00e7\u00e3o, que voc\u00ea pode incorporar facilmente no site da sua p\u00e1gina do Facebook sem comprar uma vers\u00e3o paga. Com nosso editor intuitivo, qualquer usu\u00e1rio da Internet pode criar um widget Viber Chat online e incorpor\u00e1-lo facilmente em sua p\u00e1gina do Facebook. N\u00e3o h\u00e1 necessidade de pagar ou inserir as credenciais do seu cart\u00e3o para acessar o servi\u00e7o. Se voc\u00ea enfrentar qualquer problema em qualquer etapa, n\u00e3o hesite em entrar em contato com nossa equipe de suporte t\u00e9cnico.<\/p> <\/div>\r\n\t\t\t\t\t<\/div>\r\n\t\t\t\t<\/div> <\/div> <\/div>\n","protected":false},"excerpt":{"rendered":"","protected":false},"author":9,"featured_media":0,"parent":1584,"menu_order":0,"comment_status":"closed","ping_status":"closed","template":"templates\/template-application-platform.php","meta":{"publish_to_discourse":"","publish_post_category":"","wpdc_auto_publish_overridden":"","wpdc_topic_tags":"","wpdc_pin_topic":"","wpdc_pin_until":"","discourse_post_id":"","discourse_permalink":"","wpdc_publishing_response":"","wpdc_publishing_error":"","footnotes":""},"class_list":["post-8609","page","type-page","status-publish","hentry"],"yoast_head":"<!-- This site is optimized with the Yoast SEO plugin v25.3.1 - https:\/\/yoast.com\/wordpress\/plugins\/seo\/ -->\n<title>Adicionar Viber Chat ao site da p\u00e1gina do Facebook sem codifica\u00e7\u00e3o (2025)<\/title>\n<meta name=\"description\" content=\"Incorpore o Viber Chat em seu site para uma comunica\u00e7\u00e3o mais f\u00e1cil e r\u00e1pida com os clientes. Teste a demonstra\u00e7\u00e3o da Elfsight para criar seu pr\u00f3prio plugin agora.\" \/>\n<meta name=\"robots\" content=\"index, follow, max-snippet:-1, max-image-preview:large, max-video-preview:-1\" \/>\n<link rel=\"canonical\" href=\"https:\/\/elfsight.com\/pt\/viber-chat-widget\/facebook\/\" \/>\n<meta property=\"og:locale\" content=\"pt_PT\" \/>\n<meta property=\"og:type\" content=\"article\" \/>\n<meta property=\"og:title\" content=\"Adicionar Viber Chat ao site da p\u00e1gina do Facebook sem codifica\u00e7\u00e3o (2025)\" \/>\n<meta property=\"og:description\" content=\"Incorpore o Viber Chat em seu site para uma comunica\u00e7\u00e3o mais f\u00e1cil e r\u00e1pida com os clientes. Teste a demonstra\u00e7\u00e3o da Elfsight para criar seu pr\u00f3prio plugin agora.\" \/>\n<meta property=\"og:url\" content=\"https:\/\/elfsight.com\/pt\/viber-chat-widget\/facebook\/\" \/>\n<meta property=\"og:site_name\" content=\"Elfsight PT\" \/>\n<meta property=\"article:modified_time\" content=\"2025-03-03T10:07:11+00:00\" \/>\n<meta name=\"twitter:card\" content=\"summary_large_image\" \/>\n<meta name=\"twitter:label1\" content=\"Tempo estimado de leitura\" \/>\n\t<meta name=\"twitter:data1\" content=\"3 minutos\" \/>\n<!-- \/ Yoast SEO plugin. -->","yoast_head_json":{"title":"Adicionar Viber Chat ao site da p\u00e1gina do Facebook sem codifica\u00e7\u00e3o (2025)","description":"Incorpore o Viber Chat em seu site para uma comunica\u00e7\u00e3o mais f\u00e1cil e r\u00e1pida com os clientes. Teste a demonstra\u00e7\u00e3o da Elfsight para criar seu pr\u00f3prio plugin agora.","robots":{"index":"index","follow":"follow","max-snippet":"max-snippet:-1","max-image-preview":"max-image-preview:large","max-video-preview":"max-video-preview:-1"},"canonical":"https:\/\/elfsight.com\/pt\/viber-chat-widget\/facebook\/","og_locale":"pt_PT","og_type":"article","og_title":"Adicionar Viber Chat ao site da p\u00e1gina do Facebook sem codifica\u00e7\u00e3o (2025)","og_description":"Incorpore o Viber Chat em seu site para uma comunica\u00e7\u00e3o mais f\u00e1cil e r\u00e1pida com os clientes. Teste a demonstra\u00e7\u00e3o da Elfsight para criar seu pr\u00f3prio plugin agora.","og_url":"https:\/\/elfsight.com\/pt\/viber-chat-widget\/facebook\/","og_site_name":"Elfsight PT","article_modified_time":"2025-03-03T10:07:11+00:00","twitter_card":"summary_large_image","twitter_misc":{"Tempo estimado de leitura":"3 minutos"},"schema":{"@context":"https:\/\/schema.org","@graph":[{"@type":"WebPage","@id":"https:\/\/elfsight.com\/pt\/viber-chat-widget\/facebook\/","url":"https:\/\/elfsight.com\/pt\/viber-chat-widget\/facebook\/","name":"Adicionar Viber Chat ao site da p\u00e1gina do Facebook sem codifica\u00e7\u00e3o (2025)","isPartOf":{"@id":"https:\/\/elfsight.com\/pt\/#website"},"datePublished":"1970-01-01T00:00:00+00:00","dateModified":"2025-03-03T10:07:11+00:00","description":"Incorpore o Viber Chat em seu site para uma comunica\u00e7\u00e3o mais f\u00e1cil e r\u00e1pida com os clientes. Teste a demonstra\u00e7\u00e3o da Elfsight para criar seu pr\u00f3prio plugin agora.","breadcrumb":{"@id":"https:\/\/elfsight.com\/pt\/viber-chat-widget\/facebook\/#breadcrumb"},"inLanguage":"pt-PT","potentialAction":[{"@type":"ReadAction","target":["https:\/\/elfsight.com\/pt\/viber-chat-widget\/facebook\/"]}]},{"@type":"BreadcrumbList","@id":"https:\/\/elfsight.com\/pt\/viber-chat-widget\/facebook\/#breadcrumb","itemListElement":[{"@type":"ListItem","position":1,"name":"Home","item":"https:\/\/elfsight.com\/pt\/"},{"@type":"ListItem","position":2,"name":"Viber Chat","item":"https:\/\/elfsight.com\/pt\/viber-chat-widget\/"},{"@type":"ListItem","position":3,"name":"Viber Chat &#8211; Facebook Page"}]},{"@type":"WebSite","@id":"https:\/\/elfsight.com\/pt\/#website","url":"https:\/\/elfsight.com\/pt\/","name":"Elfsight PT","description":"Just another Elfsight Sites site","potentialAction":[{"@type":"SearchAction","target":{"@type":"EntryPoint","urlTemplate":"https:\/\/elfsight.com\/pt\/?s={search_term_string}"},"query-input":{"@type":"PropertyValueSpecification","valueRequired":true,"valueName":"search_term_string"}}],"inLanguage":"pt-PT"}]}},"meta_box":{"industry":"","seo_heading":"","heading":"","description":"","cta_heading":"","cta_description":"","application":"1583","h1":"Bate-papo Viber da p\u00e1gina do Facebook","h1_caption":"Fa\u00e7a com que seja melhor para seus visitantes entrarem em contato com voc\u00ea atrav\u00e9s do site","application_category":[],"applications_title":"","applications_request_title":"","applications_request_button_text":"","hero_text":"","hero_video":"","hero_video_schema_markup":"","selling_points_title":"","selling_points_caption":"","selling_points":[],"selling_points_cta_text":"","features_title":"","features":"","ed_cta_examples_text":"","ed_cta_examples_hidden":"","ed_cta_demo_text":"","ed_cta_demo_hidden":"","why_caption":"","why_editor_title":"","why_editor_text":"","why_team_title":"","why_team_text":"","why_service_title":"","why_service_text":"","template_catalog_visible":"0","template_catalog_title":"","template_catalog_text":"","template_catalog_categories_visible":"","demo_title":"Crie seu widget Viber Chat","demo_caption":"Configure seu Viber Chat e adicione-o ao site da sua p\u00e1gina do Facebook gratuitamente!","default_faq_hidden":"","app_template_category":[],"platform":"103","template_public_id":"","codecanyon_url":"","codecanyon_item_id":"","codecanyon_price":"","pricing_caption":"","pricing_elfsight_apps_hide_column":"","pricing_elfsight_apps_url":"","pricing_codecanyon_price_caption":"","integration_category":[],"integration_request_title":"","integration_request_cta":"","integration_platform":"","integrations":[],"platform_category":[],"video_schema_markup":"","price":"a partir de US$ 0\/m\u00eas","trial":"","benefits":[{"text":"Ajuda de instala\u00e7\u00e3o gratuita"},{"text":"Atendimento ao cliente eficaz"},{"text":"Garantia de reembolso de 14 dias"},{"text":"Atualiza\u00e7\u00f5es gratuitas vital\u00edcias"}],"button_url":"#demo","button_target_blank":"0","button_nofollow":"0","attributes":[{"name":"Instala\u00e7\u00f5es","content":"10,000 - 100,000"},{"name":"Responsivo","content":"Sim"},{"name":"Navegadores compat\u00edveis","content":"Chrome, Firefox, Opera, Edge, Safari"}],"tags":[],"tags_disable_links":"0","hide_more_platforms":"0","video_object":"","demo_hide_cta":"0","demo_hide_cloud_options":"0","pricing_title":"","pricing":[{"pricing_icon":"platform","pricing_title":"Elfsight Apps","pricing_title_caption":"Software independente de plataforma","pricing_price":"a partir de US$ 0\/m\u00eas","pricing_price_caption":"comece com plano gratuito","pricing_benefits":[{"text":"Dom\u00ednios ilimitados"},{"text":"Suporte r\u00e1pido"},{"text":"Suporte r\u00e1pido"},{"text":"Oferta especial para v\u00e1rios aplicativos"}],"pricing_button_text":"Adicionar ao site","pricing_button_url":"#demo"}],"related_apps_title":"","related_apps_hidden":"0","author":"","image":[],"title":"","job":"","social_networks":[]},"_links":{"self":[{"href":"https:\/\/elfsight.com\/pt\/wp-json\/wp\/v2\/pages\/8609","targetHints":{"allow":["GET"]}}],"collection":[{"href":"https:\/\/elfsight.com\/pt\/wp-json\/wp\/v2\/pages"}],"about":[{"href":"https:\/\/elfsight.com\/pt\/wp-json\/wp\/v2\/types\/page"}],"author":[{"embeddable":true,"href":"https:\/\/elfsight.com\/pt\/wp-json\/wp\/v2\/users\/9"}],"replies":[{"embeddable":true,"href":"https:\/\/elfsight.com\/pt\/wp-json\/wp\/v2\/comments?post=8609"}],"version-history":[{"count":3,"href":"https:\/\/elfsight.com\/pt\/wp-json\/wp\/v2\/pages\/8609\/revisions"}],"predecessor-version":[{"id":14184,"href":"https:\/\/elfsight.com\/pt\/wp-json\/wp\/v2\/pages\/8609\/revisions\/14184"}],"up":[{"embeddable":true,"href":"https:\/\/elfsight.com\/pt\/wp-json\/wp\/v2\/pages\/1584"}],"wp:attachment":[{"href":"https:\/\/elfsight.com\/pt\/wp-json\/wp\/v2\/media?parent=8609"}],"curies":[{"name":"wp","href":"https:\/\/api.w.org\/{rel}","templated":true}]}}