{"id":8608,"date":"1970-01-01T00:00:00","date_gmt":"1970-01-01T00:00:00","guid":{"rendered":"https:\/\/elfsight.com\/pt\/?page_id=8608"},"modified":"2025-03-03T10:05:14","modified_gmt":"2025-03-03T10:05:14","slug":"drupal","status":"publish","type":"page","link":"https:\/\/elfsight.com\/pt\/viber-chat-widget\/drupal\/","title":{"rendered":"Viber Chat &#8211; Drupal"},"content":{"rendered":"\n<div class=\"application-platform-content-item-description application-platform-content-item\" id=\"description\" data-nav-section=\"description\"> <h2>Descri\u00e7\u00e3o<\/h2><p>O Viber Chat da Elfsight \u00e9 uma das maneiras mais pr\u00e1ticas para os visitantes do site entrarem em contato com voc\u00ea atrav\u00e9s do seu site. Cada usu\u00e1rio obter\u00e1 rapidamente solu\u00e7\u00f5es para suas d\u00favidas ou suporte seu. Fique dispon\u00edvel ao vivo em um dos chats mais utilizados sem parar. Voc\u00ea pode escolher o Elfsight Viber Chat para abrir um aplicativo em p\u00e1ginas espec\u00edficas e direcion\u00e1-lo para determinadas categorias de p\u00fablico. O widget tem v\u00e1rias possibilidades de personaliza\u00e7\u00e3o: atribua iniciadores de bate-papo, redija sua mensagem de boas-vindas, selecione \u00edcones e outros recursos. Tendo o Viber Chat em sua p\u00e1gina, voc\u00ea permanecer\u00e1 em contato com as pessoas a qualquer momento e de qualquer lugar.<\/p><p><b>Adicione o Viber Chat para atingir seus objetivos de neg\u00f3cios de forma mais simples!<\/b><\/p><\/div> <div class=\"application-platform-content-item-features application-platform-content-item\" id=\"features\" data-nav-section=\"features\"> <h2>Encontre abaixo os recursos b\u00e1sicos do widget:<\/h2><ul><li>Uma biblioteca de \u00edcones de bolha para escolher<\/li><li>Op\u00e7\u00e3o para editar o texto do bal\u00e3o <\/li><li>Cabe\u00e7alho do bate-papo com logotipo, nome e legenda da p\u00e1gina<\/li><li>Nome edit\u00e1vel do bate-papo<\/li><li>5 variantes de tempo de resposta na legenda da janela de bate-papo<\/li><li> Uma op\u00e7\u00e3o para escolher texto personalizado como legenda do bate-papo<\/li><li>Bot\u00e3o Iniciar bate-papo com texto edit\u00e1vel<\/li><\/ul><p><a href=\"#demo\">Experimente esta demonstra\u00e7\u00e3o para obter a vers\u00e3o completa idea<\/a><\/p><\/div> <div class=\"application-platform-content-item-installation application-platform-content-item\" id=\"installation\" data-nav-section=\"installation\"> <h2>Como adicionar o Viber Chat ao meu Drupal?<\/h2><p>Basta aplicar as instru\u00e7\u00f5es abaixo para inserir a ferramenta no Drupal.<\/p> <ol><li><b>Use nosso editor gratuito e comece a moldar seu Viber Chat personalizado. <\/b><br> Especifique o design e os aspectos desej\u00e1veis \u200b\u200bdo m\u00f3dulo e salve as corre\u00e7\u00f5es. <\/li> <li><b>Receba o c\u00f3digo individual exposto na janela dos aplicativos Elfsight. <\/b><br> Ap\u00f3s a gera\u00e7\u00e3o do seu plugin pessoal, copie o c\u00f3digo pessoal na caixa que apareceu e guarde-o para uso futuro. <\/li> <li><b>Comece a usar a ferramenta no site Drupal. <\/b><br> Coloque o c\u00f3digo que voc\u00ea salvou recentemente em seu site e salve as melhorias. <\/li> <li><b>Conclu\u00eddo! A configura\u00e7\u00e3o est\u00e1 totalmente executada. <\/b><br> Visite seu site para inspecionar o desempenho do m\u00f3dulo. <\/li><\/ol><p>Caso tenha alguma dificuldade, n\u00e3o hesite em recorrer \u00e0 nossa equipe de suporte. Nosso pessoal est\u00e1 ansioso para ajud\u00e1-lo com todos os problemas que voc\u00ea possa ter com o widget.<\/p><div class=\"faq\" data-component=\"FAQ\"> <div class=\"faq-item\">\r\n\t\t\t\t\t<div class=\"faq-item-question\">\r\n\t\t\t\t\t\t<h3 class=\"faq-item-question-text\">Como adicionar o Viber Chat ao meu site Drupal sem habilidades de codifica\u00e7\u00e3o?<\/h3>\r\n\r\n\t\t\t\t\t\t<div class=\"faq-item-question-icon\"><\/div>\r\n\t\t\t\t\t<\/div>\r\n\r\n\t\t\t\t\t<div class=\"faq-item-answer\">\r\n\t\t\t\t\t\t<div class=\"faq-item-answer-text\"> <p>A Elfsight fornece uma solu\u00e7\u00e3o SaaS que permite que voc\u00ea mesmo crie um widget Viber Chat, veja como o processo \u00e9 f\u00e1cil: Trabalhe diretamente no Editor on-line para criar um widget Viber Chat que voc\u00ea gostaria de ver em seu site Drupal. Escolha um dos modelos predefinidos e ajuste as configura\u00e7\u00f5es do Viber Chat, adicione seu conte\u00fado, altere o layout e as cores sem habilidades de codifica\u00e7\u00e3o. Salve o Viber Chat e copie seu c\u00f3digo de instala\u00e7\u00e3o, que voc\u00ea pode incorporar facilmente em seu site Drupal sem a necessidade de adquirir um plano pago. Com nosso editor intuitivo, qualquer usu\u00e1rio da Internet pode criar um widget Viber Chat online e incorpor\u00e1-lo facilmente ao seu site Drupal. N\u00e3o h\u00e1 necessidade de pagar ou inserir as credenciais do seu cart\u00e3o para acessar o servi\u00e7o. Se voc\u00ea enfrentar qualquer problema em qualquer etapa, n\u00e3o hesite em entrar em contato com nossa equipe de suporte t\u00e9cnico.<\/p> <\/div>\r\n\t\t\t\t\t<\/div>\r\n\t\t\t\t<\/div> <\/div> <\/div>\n","protected":false},"excerpt":{"rendered":"","protected":false},"author":9,"featured_media":0,"parent":1584,"menu_order":0,"comment_status":"closed","ping_status":"closed","template":"templates\/template-application-platform.php","meta":{"publish_to_discourse":"","publish_post_category":"","wpdc_auto_publish_overridden":"","wpdc_topic_tags":"","wpdc_pin_topic":"","wpdc_pin_until":"","discourse_post_id":"","discourse_permalink":"","wpdc_publishing_response":"","wpdc_publishing_error":"","footnotes":""},"class_list":["post-8608","page","type-page","status-publish","hentry"],"yoast_head":"<!-- This site is optimized with the Yoast SEO plugin v25.3.1 - https:\/\/yoast.com\/wordpress\/plugins\/seo\/ -->\n<title>Adicionar Viber Chat ao site Drupal sem codifica\u00e7\u00e3o (2025)<\/title>\n<meta name=\"description\" content=\"Integre o Viber ao seu site para uma conex\u00e3o melhor e r\u00e1pida com os visitantes. Experimente a demonstra\u00e7\u00e3o da Elfsight para moldar seu plugin exclusivo agora.\" \/>\n<meta name=\"robots\" content=\"index, follow, max-snippet:-1, max-image-preview:large, max-video-preview:-1\" \/>\n<link rel=\"canonical\" href=\"https:\/\/elfsight.com\/pt\/viber-chat-widget\/drupal\/\" \/>\n<meta property=\"og:locale\" content=\"pt_PT\" \/>\n<meta property=\"og:type\" content=\"article\" \/>\n<meta property=\"og:title\" content=\"Adicionar Viber Chat ao site Drupal sem codifica\u00e7\u00e3o (2025)\" \/>\n<meta property=\"og:description\" content=\"Integre o Viber ao seu site para uma conex\u00e3o melhor e r\u00e1pida com os visitantes. Experimente a demonstra\u00e7\u00e3o da Elfsight para moldar seu plugin exclusivo agora.\" \/>\n<meta property=\"og:url\" content=\"https:\/\/elfsight.com\/pt\/viber-chat-widget\/drupal\/\" \/>\n<meta property=\"og:site_name\" content=\"Elfsight PT\" \/>\n<meta property=\"article:modified_time\" content=\"2025-03-03T10:05:14+00:00\" \/>\n<meta name=\"twitter:card\" content=\"summary_large_image\" \/>\n<meta name=\"twitter:label1\" content=\"Tempo estimado de leitura\" \/>\n\t<meta name=\"twitter:data1\" content=\"3 minutos\" \/>\n<!-- \/ Yoast SEO plugin. -->","yoast_head_json":{"title":"Adicionar Viber Chat ao site Drupal sem codifica\u00e7\u00e3o (2025)","description":"Integre o Viber ao seu site para uma conex\u00e3o melhor e r\u00e1pida com os visitantes. Experimente a demonstra\u00e7\u00e3o da Elfsight para moldar seu plugin exclusivo agora.","robots":{"index":"index","follow":"follow","max-snippet":"max-snippet:-1","max-image-preview":"max-image-preview:large","max-video-preview":"max-video-preview:-1"},"canonical":"https:\/\/elfsight.com\/pt\/viber-chat-widget\/drupal\/","og_locale":"pt_PT","og_type":"article","og_title":"Adicionar Viber Chat ao site Drupal sem codifica\u00e7\u00e3o (2025)","og_description":"Integre o Viber ao seu site para uma conex\u00e3o melhor e r\u00e1pida com os visitantes. Experimente a demonstra\u00e7\u00e3o da Elfsight para moldar seu plugin exclusivo agora.","og_url":"https:\/\/elfsight.com\/pt\/viber-chat-widget\/drupal\/","og_site_name":"Elfsight PT","article_modified_time":"2025-03-03T10:05:14+00:00","twitter_card":"summary_large_image","twitter_misc":{"Tempo estimado de leitura":"3 minutos"},"schema":{"@context":"https:\/\/schema.org","@graph":[{"@type":"WebPage","@id":"https:\/\/elfsight.com\/pt\/viber-chat-widget\/drupal\/","url":"https:\/\/elfsight.com\/pt\/viber-chat-widget\/drupal\/","name":"Adicionar Viber Chat ao site Drupal sem codifica\u00e7\u00e3o (2025)","isPartOf":{"@id":"https:\/\/elfsight.com\/pt\/#website"},"datePublished":"1970-01-01T00:00:00+00:00","dateModified":"2025-03-03T10:05:14+00:00","description":"Integre o Viber ao seu site para uma conex\u00e3o melhor e r\u00e1pida com os visitantes. Experimente a demonstra\u00e7\u00e3o da Elfsight para moldar seu plugin exclusivo agora.","breadcrumb":{"@id":"https:\/\/elfsight.com\/pt\/viber-chat-widget\/drupal\/#breadcrumb"},"inLanguage":"pt-PT","potentialAction":[{"@type":"ReadAction","target":["https:\/\/elfsight.com\/pt\/viber-chat-widget\/drupal\/"]}]},{"@type":"BreadcrumbList","@id":"https:\/\/elfsight.com\/pt\/viber-chat-widget\/drupal\/#breadcrumb","itemListElement":[{"@type":"ListItem","position":1,"name":"Home","item":"https:\/\/elfsight.com\/pt\/"},{"@type":"ListItem","position":2,"name":"Viber Chat","item":"https:\/\/elfsight.com\/pt\/viber-chat-widget\/"},{"@type":"ListItem","position":3,"name":"Viber Chat &#8211; Drupal"}]},{"@type":"WebSite","@id":"https:\/\/elfsight.com\/pt\/#website","url":"https:\/\/elfsight.com\/pt\/","name":"Elfsight PT","description":"Just another Elfsight Sites site","potentialAction":[{"@type":"SearchAction","target":{"@type":"EntryPoint","urlTemplate":"https:\/\/elfsight.com\/pt\/?s={search_term_string}"},"query-input":{"@type":"PropertyValueSpecification","valueRequired":true,"valueName":"search_term_string"}}],"inLanguage":"pt-PT"}]}},"meta_box":{"industry":"","seo_heading":"","heading":"","description":"","cta_heading":"","cta_description":"","application":"1583","h1":"Bate-papo Drupal Viber","h1_caption":"Torne mais simples para seus clientes entrarem em contato com voc\u00ea por meio do site","application_category":[],"applications_title":"","applications_request_title":"","applications_request_button_text":"","hero_text":"","hero_video":"","hero_video_schema_markup":"","selling_points_title":"","selling_points_caption":"","selling_points":[],"selling_points_cta_text":"","features_title":"","features":"","ed_cta_examples_text":"","ed_cta_examples_hidden":"","ed_cta_demo_text":"","ed_cta_demo_hidden":"","why_caption":"","why_editor_title":"","why_editor_text":"","why_team_title":"","why_team_text":"","why_service_title":"","why_service_text":"","template_catalog_visible":"0","template_catalog_title":"","template_catalog_text":"","template_catalog_categories_visible":"","demo_title":"Crie seu m\u00f3dulo Viber Chat","demo_caption":"Configure seu Viber Chat e adicione-o ao seu site Drupal gratuitamente!","default_faq_hidden":"","app_template_category":[],"platform":"4905","template_public_id":"","codecanyon_url":"","codecanyon_item_id":"","codecanyon_price":"","pricing_caption":"","pricing_elfsight_apps_hide_column":"","pricing_elfsight_apps_url":"","pricing_codecanyon_price_caption":"","integration_category":[],"integration_request_title":"","integration_request_cta":"","integration_platform":"","integrations":[],"platform_category":[],"video_schema_markup":"","price":"a partir de US$ 0\/m\u00eas","trial":"","benefits":[{"text":"Servi\u00e7o de instala\u00e7\u00e3o gratuito"},{"text":"Suporte ao cliente experiente"},{"text":"Garantia de reembolso de 14 dias"},{"text":"Atualiza\u00e7\u00f5es futuras"}],"button_url":"#demo","button_target_blank":"0","button_nofollow":"0","attributes":[{"name":"Instala\u00e7\u00f5es","content":"10,000 - 100,000"},{"name":"Responsivo","content":"Sim"},{"name":"Navegadores compat\u00edveis","content":"IE11, Firefox, Safari, Opera, Chrome, Edge"}],"tags":[],"tags_disable_links":"0","hide_more_platforms":"0","video_object":"","demo_hide_cta":"0","demo_hide_cloud_options":"0","pricing_title":"","pricing":[{"pricing_icon":"platform","pricing_title":"Elfsight Apps","pricing_title_caption":"Software multiplataforma adequado para qualquer site","pricing_price":"a partir de US$ 0\/m\u00eas","pricing_price_caption":"comece com plano gratuito","pricing_benefits":[{"text":"Dom\u00ednios ilimitados"},{"text":"Suporte profissional da empresa e bem documentado"},{"text":"Suporte profissional da empresa e bem documentado"},{"text":"Oferta especial para v\u00e1rios aplicativos"}],"pricing_button_text":"Adicionar ao site","pricing_button_url":"#demo"}],"related_apps_title":"","related_apps_hidden":"0","author":"","image":[],"title":"","job":"","social_networks":[]},"_links":{"self":[{"href":"https:\/\/elfsight.com\/pt\/wp-json\/wp\/v2\/pages\/8608","targetHints":{"allow":["GET"]}}],"collection":[{"href":"https:\/\/elfsight.com\/pt\/wp-json\/wp\/v2\/pages"}],"about":[{"href":"https:\/\/elfsight.com\/pt\/wp-json\/wp\/v2\/types\/page"}],"author":[{"embeddable":true,"href":"https:\/\/elfsight.com\/pt\/wp-json\/wp\/v2\/users\/9"}],"replies":[{"embeddable":true,"href":"https:\/\/elfsight.com\/pt\/wp-json\/wp\/v2\/comments?post=8608"}],"version-history":[{"count":2,"href":"https:\/\/elfsight.com\/pt\/wp-json\/wp\/v2\/pages\/8608\/revisions"}],"predecessor-version":[{"id":14182,"href":"https:\/\/elfsight.com\/pt\/wp-json\/wp\/v2\/pages\/8608\/revisions\/14182"}],"up":[{"embeddable":true,"href":"https:\/\/elfsight.com\/pt\/wp-json\/wp\/v2\/pages\/1584"}],"wp:attachment":[{"href":"https:\/\/elfsight.com\/pt\/wp-json\/wp\/v2\/media?parent=8608"}],"curies":[{"name":"wp","href":"https:\/\/api.w.org\/{rel}","templated":true}]}}