{"id":8607,"date":"1970-01-01T00:00:00","date_gmt":"1970-01-01T00:00:00","guid":{"rendered":"https:\/\/elfsight.com\/pt\/?page_id=8607"},"modified":"2025-03-03T10:11:21","modified_gmt":"2025-03-03T10:11:21","slug":"elementor","status":"publish","type":"page","link":"https:\/\/elfsight.com\/pt\/viber-chat-widget\/elementor\/","title":{"rendered":"Viber Chat &#8211; Elementor"},"content":{"rendered":"\n<div class=\"application-platform-content-item-description application-platform-content-item\" id=\"description\" data-nav-section=\"description\"> <h2>Incorpore o Viber Chat no Elementor com o widget Elfsight<\/h2><p>O Elfsight Viber Chat \u00e9 a possibilidade mais r\u00e1pida para as pessoas entrarem em contato com voc\u00ea via seu site. Cada usu\u00e1rio obter\u00e1 rapidamente solu\u00e7\u00f5es para suas d\u00favidas ou suporte de voc\u00ea. Fique dispon\u00edvel online em um dos chats mais utilizados. Voc\u00ea pode selecionar o Elfsight Viber Chat para ocorrer em p\u00e1ginas espec\u00edficas e direcion\u00e1-lo para determinadas categorias de p\u00fablico. O widget apresenta muitas op\u00e7\u00f5es de personaliza\u00e7\u00e3o: defina os iniciadores do chat, redija sua pr\u00f3pria mensagem de boas-vindas, selecione \u00edcones e outros recursos. Tendo o Viber Chat no site, voc\u00ea pode manter contato com os visitantes a qualquer momento e de qualquer lugar.<\/p><p><b>Com o Viber Chat, voc\u00ea alcan\u00e7a um desenvolvimento de neg\u00f3cios mais r\u00e1pido e mais vendas<\/b><\/p><\/div> <div class=\"application-platform-content-item-features application-platform-content-item\" id=\"features\" data-nav-section=\"features\"> <h2>Encontre abaixo os recursos essenciais do widget:<\/h2><ul><li>Uma biblioteca de \u00edcones de bolha para voc\u00ea escolher<\/li><li>Bolha edit\u00e1vel texto<\/li><li>Cabe\u00e7alho do FlexibleChat com logotipo, nome e legenda da p\u00e1gina<\/li><li>Op\u00e7\u00e3o para editar o nome do chat<\/li><li>Usar texto personalizado como legenda do chat<\/li><li> Mensagem de boas-vindas edit\u00e1vel com op\u00e7\u00f5es de formata\u00e7\u00e3o e links<\/li><\/ul><p><a href=\"#demo\">Basta verificar esta demonstra\u00e7\u00e3o para entender a funcionalidade do widget<\/a><\/p><\/div> <div class=\"application-platform-content-item-installation application-platform-content-item\" id=\"installation\" data-nav-section=\"installation\"> <h2>Como adiciono o Viber Chat ao meu site Elementor?<\/h2><p>Basta seguir as diretrizes abaixo para adicionar o plugin.<\/p><ol><li> <b>Use nosso editor gratuito e comece a criar seu pr\u00f3prio plugin.<\/b><br>Determine a apar\u00eancia e os aspectos selecionados do plugin e aplique as modifica\u00e7\u00f5es.<\/li><li><b>Receba o c\u00f3digo exclusivo que aparece. na janela dos aplicativos Elfsight<\/b><br>Quando a configura\u00e7\u00e3o da sua ferramenta estiver conclu\u00edda, copie o c\u00f3digo exclusivo na janela exibida e guarde-o para uso posterior.<\/li><li><b>Comece a usar o widget em sua p\u00e1gina inicial do Elementor<\/b><br>Insira o c\u00f3digo copiado recentemente em sua p\u00e1gina inicial e aplique as corre\u00e7\u00f5es.<\/li><li><b>A configura\u00e7\u00e3o foi realizada com sucesso<\/b><br>V\u00e1 para seu site para verificar como est\u00e1 o funcionamento da ferramenta.<\/li><\/ol><p>Caso voc\u00ea encontre alguma dificuldade, n\u00e3o hesite em entrar em contato com nossa equipe de atendimento ao cliente. Nosso pessoal ter\u00e1 prazer em resolver todos os problemas que voc\u00ea possa ter com o produto.<\/p><div class=\"faq\" data-component=\"FAQ\"> <div class=\"faq-item\">\r\n\t\t\t\t\t<div class=\"faq-item-question\">\r\n\t\t\t\t\t\t<h3 class=\"faq-item-question-text\">Como adicionar o Viber Chat ao meu site Elementor sem habilidades de codifica\u00e7\u00e3o?<\/h3>\r\n\r\n\t\t\t\t\t\t<div class=\"faq-item-question-icon\"><\/div>\r\n\t\t\t\t\t<\/div>\r\n\r\n\t\t\t\t\t<div class=\"faq-item-answer\">\r\n\t\t\t\t\t\t<div class=\"faq-item-answer-text\"> <p>A Elfsight fornece um Solu\u00e7\u00e3o SaaS que permite que voc\u00ea mesmo crie um widget Viber Chat, veja como o processo \u00e9 f\u00e1cil: Trabalhe diretamente no Editor online para criar um widget Viber Chat que voc\u00ea gostaria de ver em seu site Elementor. Escolha um dos modelos predefinidos e ajuste as configura\u00e7\u00f5es do Viber Chat, adicione seu conte\u00fado, altere o layout e a cor dos elementos sem nenhuma habilidade de codifica\u00e7\u00e3o. Salve o Viber Chat e copie seu c\u00f3digo de instala\u00e7\u00e3o, para que voc\u00ea possa adicion\u00e1-lo facilmente ao seu site Elementor sem a necessidade de adquirir um plano pago. Com nosso editor intuitivo, qualquer usu\u00e1rio da Internet pode criar um widget Viber Chat online e incorpor\u00e1-lo facilmente ao seu site Elementor. N\u00e3o h\u00e1 necessidade de pagar ou inserir as credenciais do seu cart\u00e3o para acessar o servi\u00e7o. Se voc\u00ea enfrentar qualquer problema em qualquer etapa, n\u00e3o hesite em entrar em contato com nossa equipe de suporte t\u00e9cnico.<\/p> <\/div>\r\n\t\t\t\t\t<\/div>\r\n\t\t\t\t<\/div> <\/div> <\/div>\n","protected":false},"excerpt":{"rendered":"","protected":false},"author":9,"featured_media":0,"parent":1584,"menu_order":0,"comment_status":"closed","ping_status":"closed","template":"templates\/template-application-platform.php","meta":{"publish_to_discourse":"","publish_post_category":"","wpdc_auto_publish_overridden":"","wpdc_topic_tags":"","wpdc_pin_topic":"","wpdc_pin_until":"","discourse_post_id":"","discourse_permalink":"","wpdc_publishing_response":"","wpdc_publishing_error":"","footnotes":""},"class_list":["post-8607","page","type-page","status-publish","hentry"],"yoast_head":"<!-- This site is optimized with the Yoast SEO plugin v25.3.1 - https:\/\/yoast.com\/wordpress\/plugins\/seo\/ -->\n<title>Adicionar Viber Chat ao site Elementor sem codifica\u00e7\u00e3o (2025)<\/title>\n<meta name=\"description\" content=\"Incorpore o Viber Chat no site para uma conex\u00e3o melhor e instant\u00e2nea com os clientes. Teste o Elfsight freedemo para configurar seu pr\u00f3prio plugin agora mesmo.\" \/>\n<meta name=\"robots\" content=\"index, follow, max-snippet:-1, max-image-preview:large, max-video-preview:-1\" \/>\n<link rel=\"canonical\" href=\"https:\/\/elfsight.com\/pt\/viber-chat-widget\/elementor\/\" \/>\n<meta property=\"og:locale\" content=\"pt_PT\" \/>\n<meta property=\"og:type\" content=\"article\" \/>\n<meta property=\"og:title\" content=\"Adicionar Viber Chat ao site Elementor sem codifica\u00e7\u00e3o (2025)\" \/>\n<meta property=\"og:description\" content=\"Incorpore o Viber Chat no site para uma conex\u00e3o melhor e instant\u00e2nea com os clientes. Teste o Elfsight freedemo para configurar seu pr\u00f3prio plugin agora mesmo.\" \/>\n<meta property=\"og:url\" content=\"https:\/\/elfsight.com\/pt\/viber-chat-widget\/elementor\/\" \/>\n<meta property=\"og:site_name\" content=\"Elfsight PT\" \/>\n<meta property=\"article:modified_time\" content=\"2025-03-03T10:11:21+00:00\" \/>\n<meta name=\"twitter:card\" content=\"summary_large_image\" \/>\n<meta name=\"twitter:label1\" content=\"Tempo estimado de leitura\" \/>\n\t<meta name=\"twitter:data1\" content=\"3 minutos\" \/>\n<!-- \/ Yoast SEO plugin. -->","yoast_head_json":{"title":"Adicionar Viber Chat ao site Elementor sem codifica\u00e7\u00e3o (2025)","description":"Incorpore o Viber Chat no site para uma conex\u00e3o melhor e instant\u00e2nea com os clientes. Teste o Elfsight freedemo para configurar seu pr\u00f3prio plugin agora mesmo.","robots":{"index":"index","follow":"follow","max-snippet":"max-snippet:-1","max-image-preview":"max-image-preview:large","max-video-preview":"max-video-preview:-1"},"canonical":"https:\/\/elfsight.com\/pt\/viber-chat-widget\/elementor\/","og_locale":"pt_PT","og_type":"article","og_title":"Adicionar Viber Chat ao site Elementor sem codifica\u00e7\u00e3o (2025)","og_description":"Incorpore o Viber Chat no site para uma conex\u00e3o melhor e instant\u00e2nea com os clientes. Teste o Elfsight freedemo para configurar seu pr\u00f3prio plugin agora mesmo.","og_url":"https:\/\/elfsight.com\/pt\/viber-chat-widget\/elementor\/","og_site_name":"Elfsight PT","article_modified_time":"2025-03-03T10:11:21+00:00","twitter_card":"summary_large_image","twitter_misc":{"Tempo estimado de leitura":"3 minutos"},"schema":{"@context":"https:\/\/schema.org","@graph":[{"@type":"WebPage","@id":"https:\/\/elfsight.com\/pt\/viber-chat-widget\/elementor\/","url":"https:\/\/elfsight.com\/pt\/viber-chat-widget\/elementor\/","name":"Adicionar Viber Chat ao site Elementor sem codifica\u00e7\u00e3o (2025)","isPartOf":{"@id":"https:\/\/elfsight.com\/pt\/#website"},"datePublished":"1970-01-01T00:00:00+00:00","dateModified":"2025-03-03T10:11:21+00:00","description":"Incorpore o Viber Chat no site para uma conex\u00e3o melhor e instant\u00e2nea com os clientes. Teste o Elfsight freedemo para configurar seu pr\u00f3prio plugin agora mesmo.","breadcrumb":{"@id":"https:\/\/elfsight.com\/pt\/viber-chat-widget\/elementor\/#breadcrumb"},"inLanguage":"pt-PT","potentialAction":[{"@type":"ReadAction","target":["https:\/\/elfsight.com\/pt\/viber-chat-widget\/elementor\/"]}]},{"@type":"BreadcrumbList","@id":"https:\/\/elfsight.com\/pt\/viber-chat-widget\/elementor\/#breadcrumb","itemListElement":[{"@type":"ListItem","position":1,"name":"Home","item":"https:\/\/elfsight.com\/pt\/"},{"@type":"ListItem","position":2,"name":"Viber Chat","item":"https:\/\/elfsight.com\/pt\/viber-chat-widget\/"},{"@type":"ListItem","position":3,"name":"Viber Chat &#8211; Elementor"}]},{"@type":"WebSite","@id":"https:\/\/elfsight.com\/pt\/#website","url":"https:\/\/elfsight.com\/pt\/","name":"Elfsight PT","description":"Just another Elfsight Sites site","potentialAction":[{"@type":"SearchAction","target":{"@type":"EntryPoint","urlTemplate":"https:\/\/elfsight.com\/pt\/?s={search_term_string}"},"query-input":{"@type":"PropertyValueSpecification","valueRequired":true,"valueName":"search_term_string"}}],"inLanguage":"pt-PT"}]}},"meta_box":{"industry":"","seo_heading":"","heading":"","description":"","cta_heading":"","cta_description":"","application":"1583","h1":"Bate-papo Elementor Viber","h1_caption":"Comunica\u00e7\u00e3o r\u00e1pida com clientes em seu site","application_category":[],"applications_title":"","applications_request_title":"","applications_request_button_text":"","hero_text":"","hero_video":"","hero_video_schema_markup":"","selling_points_title":"","selling_points_caption":"","selling_points":[],"selling_points_cta_text":"","features_title":"","features":"","ed_cta_examples_text":"","ed_cta_examples_hidden":"","ed_cta_demo_text":"","ed_cta_demo_hidden":"","why_caption":"","why_editor_title":"","why_editor_text":"","why_team_title":"","why_team_text":"","why_service_title":"","why_service_text":"","template_catalog_visible":"0","template_catalog_title":"","template_catalog_text":"","template_catalog_categories_visible":"","demo_title":"Crie seu widget Viber Chat","demo_caption":"Configure seu Viber Chat e adicione-o ao seu site Elementor gratuitamente!","default_faq_hidden":"","app_template_category":[],"platform":"100","template_public_id":"","codecanyon_url":"","codecanyon_item_id":"","codecanyon_price":"","pricing_caption":"","pricing_elfsight_apps_hide_column":"","pricing_elfsight_apps_url":"","pricing_codecanyon_price_caption":"","integration_category":[],"integration_request_title":"","integration_request_cta":"","integration_platform":"","integrations":[],"platform_category":[],"video_schema_markup":"","price":"a partir de US$ 0\/m\u00eas","trial":"","benefits":[{"text":"Ajuda de instala\u00e7\u00e3o gratuita"},{"text":"Atendimento ao cliente eficaz"},{"text":"Garantia de reembolso de 14 dias"},{"text":"Melhorias gratuitas cont\u00ednuas"}],"button_url":"#demo","button_target_blank":"0","button_nofollow":"0","attributes":[{"name":"Instala\u00e7\u00f5es","content":"10,000 - 100,000"},{"name":"Responsivo","content":"Sim"},{"name":"Navegadores compat\u00edveis","content":"IE11, Firefox, Safari, Opera, Chrome, Edge"}],"tags":[],"tags_disable_links":"0","hide_more_platforms":"0","video_object":"","demo_hide_cta":"0","demo_hide_cloud_options":"0","pricing_title":"","pricing":[{"pricing_icon":"platform","pricing_title":"Elfsight Apps","pricing_title_caption":"Solu\u00e7\u00e3o multiplataforma","pricing_price":"a partir de US$ 0\/m\u00eas","pricing_price_caption":"comece com plano gratuito","pricing_benefits":[{"text":"Sites ilimitados"},{"text":"Suporte profissional"},{"text":"Suporte profissional"},{"text":"Pre\u00e7o a ser pago para v\u00e1rios aplicativos"}],"pricing_button_text":"Adicionar ao site","pricing_button_url":"#demo"}],"related_apps_title":"","related_apps_hidden":"0","author":"","image":[],"title":"","job":"","social_networks":[]},"_links":{"self":[{"href":"https:\/\/elfsight.com\/pt\/wp-json\/wp\/v2\/pages\/8607","targetHints":{"allow":["GET"]}}],"collection":[{"href":"https:\/\/elfsight.com\/pt\/wp-json\/wp\/v2\/pages"}],"about":[{"href":"https:\/\/elfsight.com\/pt\/wp-json\/wp\/v2\/types\/page"}],"author":[{"embeddable":true,"href":"https:\/\/elfsight.com\/pt\/wp-json\/wp\/v2\/users\/9"}],"replies":[{"embeddable":true,"href":"https:\/\/elfsight.com\/pt\/wp-json\/wp\/v2\/comments?post=8607"}],"version-history":[{"count":2,"href":"https:\/\/elfsight.com\/pt\/wp-json\/wp\/v2\/pages\/8607\/revisions"}],"predecessor-version":[{"id":14185,"href":"https:\/\/elfsight.com\/pt\/wp-json\/wp\/v2\/pages\/8607\/revisions\/14185"}],"up":[{"embeddable":true,"href":"https:\/\/elfsight.com\/pt\/wp-json\/wp\/v2\/pages\/1584"}],"wp:attachment":[{"href":"https:\/\/elfsight.com\/pt\/wp-json\/wp\/v2\/media?parent=8607"}],"curies":[{"name":"wp","href":"https:\/\/api.w.org\/{rel}","templated":true}]}}