{"id":8600,"date":"1970-01-01T00:00:00","date_gmt":"1970-01-01T00:00:00","guid":{"rendered":"https:\/\/elfsight.com\/pt\/?page_id=8600"},"modified":"2025-03-03T10:16:05","modified_gmt":"2025-03-03T10:16:05","slug":"iframe","status":"publish","type":"page","link":"https:\/\/elfsight.com\/pt\/viber-chat-widget\/iframe\/","title":{"rendered":"Viber Chat &#8211; iFrame"},"content":{"rendered":"\n<div class=\"application-platform-content-item-description application-platform-content-item\" id=\"description\" data-nav-section=\"description\"> <h2>Incorpore o Viber Chat no iFrame com o widget Elfsight<\/h2><p>O Elfsight Viber Chat \u00e9 a ferramenta mais conveniente para os visitantes do site abordarem voc\u00ea em seu site. Cada usu\u00e1rio obter\u00e1 rapidamente solu\u00e7\u00f5es para suas d\u00favidas ou suporte seu. Fique dispon\u00edvel ao vivo em um dos chats mais populares. Voc\u00ea pode escolher o Elfsight Viber Chat para ocorrer em p\u00e1ginas selecionadas e direcion\u00e1-lo para categorias espec\u00edficas de visitantes. O widget oferece uma variedade de possibilidades de personaliza\u00e7\u00e3o: atribua gatilhos para iniciar o bate-papo, escreva seu pr\u00f3prio texto de boas-vindas, selecione \u00edcones e outros recursos. Com a ajuda do Viber Chat em seu site, voc\u00ea permanecer\u00e1 acess\u00edvel aos visitantes a qualquer momento e de qualquer lugar.<\/p><p><b>Insira o Viber Chat para atingir seus objetivos de neg\u00f3cios mais rapidamente!<\/b><\/p> <\/div> <div class=\"application-platform-content-item-features application-platform-content-item\" id=\"features\" data-nav-section=\"features\"> <h2>Encontre abaixo os recursos fundamentais do widget:<\/h2><ul><li>Uma cole\u00e7\u00e3o de \u00edcones de bolha para escolher<\/li><li>Op\u00e7\u00e3o para editar texto em bal\u00e3o<\/li><li>Cabe\u00e7alho do bate-papo com imagem, nome e legenda da p\u00e1gina<\/li><li>Definir a imagem da p\u00e1gina por padr\u00e3o, de nossa cole\u00e7\u00e3o ou enviar uma imagem personalizada<\/li><li>Definir texto personalizado como legenda<\/li><li>O texto do bot\u00e3o Iniciar bate-papo pode ser editado<\/li><\/ul><p><a href=\"#demo\">Voc\u00ea pode experimentar todos os recursos do widget na demonstra\u00e7\u00e3o neste page<\/a><\/p><\/div> <div class=\"application-platform-content-item-installation application-platform-content-item\" id=\"installation\" data-nav-section=\"installation\"> <h2>Como incorporar o Viber Chat em meu site iFrame?<\/h2><p>Basta seguir estas etapas abaixo para ativar o ferramenta.<\/p><ol><li><b>Empregue nosso editor gratuito e comece a moldar seu plugin personalizado.<\/b><br>Escolha o layout e as op\u00e7\u00f5es adequadas da ferramenta e salve as edi\u00e7\u00f5es.<\/li><li><b>Copie o c\u00f3digo pessoal revelado na caixa dos aplicativos Elfsight<\/b><br>Depois de concluir a personaliza\u00e7\u00e3o da sua ferramenta, copie o c\u00f3digo exclusivo no pop-up que aparece e salve-o para uso posterior.<\/li><li><b>Comece a usar a ferramenta na p\u00e1gina inicial do iFrame<\/b><br>Insira o c\u00f3digo que voc\u00ea salvou anteriormente em sua p\u00e1gina web e salve os ajustes.<\/li><li><b>A instala\u00e7\u00e3o est\u00e1 totalmente realizada<\/b><br>Acesse seu site para ver como est\u00e1 o funcionamento da ferramenta.<\/li><\/ol><p>Na condi\u00e7\u00e3o de enfrentar d\u00favidas ou enfrentar algum obst\u00e1culo, n\u00e3o tenha hesita\u00e7\u00e3o em falar com nossa equipe de suporte. Os nossos consultores est\u00e3o ansiosos por resolver todas as dificuldades que possa ter com a ferramenta.<\/p><div class=\"faq\" data-component=\"FAQ\"> <div class=\"faq-item\">\r\n\t\t\t\t\t<div class=\"faq-item-question\">\r\n\t\t\t\t\t\t<h3 class=\"faq-item-question-text\">Como posso adicionar o Viber Chat ao meu site iFrame sem conhecimentos de codifica\u00e7\u00e3o?<\/h3>\r\n\r\n\t\t\t\t\t\t<div class=\"faq-item-question-icon\"><\/div>\r\n\t\t\t\t\t<\/div>\r\n\r\n\t\t\t\t\t<div class=\"faq-item-answer\">\r\n\t\t\t\t\t\t<div class=\"faq-item-answer-text\"> <p>A Elfsight fornece um Solu\u00e7\u00e3o SaaS que permite que voc\u00ea mesmo crie um widget Viber Chat, veja como o processo \u00e9 f\u00e1cil: Trabalhe diretamente no Editor on-line para criar um widget Viber Chat que voc\u00ea gostaria de ver em seu site iFrame. Escolha um dos modelos predefinidos e ajuste as configura\u00e7\u00f5es do Viber Chat, adicione seu conte\u00fado, altere o layout e o esquema de cores sem nenhuma habilidade de codifica\u00e7\u00e3o. Salve o Viber Chat e copie seu c\u00f3digo de instala\u00e7\u00e3o, que voc\u00ea pode adicionar facilmente ao seu site iFrame sem a necessidade de comprar uma assinatura paga. Com nosso editor intuitivo, qualquer usu\u00e1rio da Internet pode criar um widget Viber Chat online e incorpor\u00e1-lo facilmente ao seu site iFrame. N\u00e3o h\u00e1 necessidade de pagar ou inserir as credenciais do seu cart\u00e3o para acessar o servi\u00e7o. Se voc\u00ea enfrentar qualquer problema em qualquer etapa, n\u00e3o hesite em entrar em contato com nossa equipe de suporte t\u00e9cnico.<\/p> <\/div>\r\n\t\t\t\t\t<\/div>\r\n\t\t\t\t<\/div> <\/div> <\/div>\n","protected":false},"excerpt":{"rendered":"","protected":false},"author":9,"featured_media":0,"parent":1584,"menu_order":0,"comment_status":"closed","ping_status":"closed","template":"templates\/template-application-platform.php","meta":{"publish_to_discourse":"","publish_post_category":"","wpdc_auto_publish_overridden":"","wpdc_topic_tags":"","wpdc_pin_topic":"","wpdc_pin_until":"","discourse_post_id":"","discourse_permalink":"","wpdc_publishing_response":"","wpdc_publishing_error":"","footnotes":""},"class_list":["post-8600","page","type-page","status-publish","hentry"],"yoast_head":"<!-- This site is optimized with the Yoast SEO plugin v25.3.1 - https:\/\/yoast.com\/wordpress\/plugins\/seo\/ -->\n<title>Adicionar Viber Chat ao site iFrame sem codifica\u00e7\u00e3o (2025)<\/title>\n<meta name=\"description\" content=\"Adicione o Viber Chat ao site para uma conex\u00e3o f\u00e1cil e imediata com os usu\u00e1rios. Teste a demonstra\u00e7\u00e3o da Elfsight para moldar seu plugin exclusivo agora\" \/>\n<meta name=\"robots\" content=\"index, follow, max-snippet:-1, max-image-preview:large, max-video-preview:-1\" \/>\n<link rel=\"canonical\" href=\"https:\/\/elfsight.com\/pt\/viber-chat-widget\/iframe\/\" \/>\n<meta property=\"og:locale\" content=\"pt_PT\" \/>\n<meta property=\"og:type\" content=\"article\" \/>\n<meta property=\"og:title\" content=\"Adicionar Viber Chat ao site iFrame sem codifica\u00e7\u00e3o (2025)\" \/>\n<meta property=\"og:description\" content=\"Adicione o Viber Chat ao site para uma conex\u00e3o f\u00e1cil e imediata com os usu\u00e1rios. Teste a demonstra\u00e7\u00e3o da Elfsight para moldar seu plugin exclusivo agora\" \/>\n<meta property=\"og:url\" content=\"https:\/\/elfsight.com\/pt\/viber-chat-widget\/iframe\/\" \/>\n<meta property=\"og:site_name\" content=\"Elfsight PT\" \/>\n<meta property=\"article:modified_time\" content=\"2025-03-03T10:16:05+00:00\" \/>\n<meta name=\"twitter:card\" content=\"summary_large_image\" \/>\n<meta name=\"twitter:label1\" content=\"Tempo estimado de leitura\" \/>\n\t<meta name=\"twitter:data1\" content=\"3 minutos\" \/>\n<!-- \/ Yoast SEO plugin. -->","yoast_head_json":{"title":"Adicionar Viber Chat ao site iFrame sem codifica\u00e7\u00e3o (2025)","description":"Adicione o Viber Chat ao site para uma conex\u00e3o f\u00e1cil e imediata com os usu\u00e1rios. Teste a demonstra\u00e7\u00e3o da Elfsight para moldar seu plugin exclusivo agora","robots":{"index":"index","follow":"follow","max-snippet":"max-snippet:-1","max-image-preview":"max-image-preview:large","max-video-preview":"max-video-preview:-1"},"canonical":"https:\/\/elfsight.com\/pt\/viber-chat-widget\/iframe\/","og_locale":"pt_PT","og_type":"article","og_title":"Adicionar Viber Chat ao site iFrame sem codifica\u00e7\u00e3o (2025)","og_description":"Adicione o Viber Chat ao site para uma conex\u00e3o f\u00e1cil e imediata com os usu\u00e1rios. Teste a demonstra\u00e7\u00e3o da Elfsight para moldar seu plugin exclusivo agora","og_url":"https:\/\/elfsight.com\/pt\/viber-chat-widget\/iframe\/","og_site_name":"Elfsight PT","article_modified_time":"2025-03-03T10:16:05+00:00","twitter_card":"summary_large_image","twitter_misc":{"Tempo estimado de leitura":"3 minutos"},"schema":{"@context":"https:\/\/schema.org","@graph":[{"@type":"WebPage","@id":"https:\/\/elfsight.com\/pt\/viber-chat-widget\/iframe\/","url":"https:\/\/elfsight.com\/pt\/viber-chat-widget\/iframe\/","name":"Adicionar Viber Chat ao site iFrame sem codifica\u00e7\u00e3o (2025)","isPartOf":{"@id":"https:\/\/elfsight.com\/pt\/#website"},"datePublished":"1970-01-01T00:00:00+00:00","dateModified":"2025-03-03T10:16:05+00:00","description":"Adicione o Viber Chat ao site para uma conex\u00e3o f\u00e1cil e imediata com os usu\u00e1rios. Teste a demonstra\u00e7\u00e3o da Elfsight para moldar seu plugin exclusivo agora","breadcrumb":{"@id":"https:\/\/elfsight.com\/pt\/viber-chat-widget\/iframe\/#breadcrumb"},"inLanguage":"pt-PT","potentialAction":[{"@type":"ReadAction","target":["https:\/\/elfsight.com\/pt\/viber-chat-widget\/iframe\/"]}]},{"@type":"BreadcrumbList","@id":"https:\/\/elfsight.com\/pt\/viber-chat-widget\/iframe\/#breadcrumb","itemListElement":[{"@type":"ListItem","position":1,"name":"Home","item":"https:\/\/elfsight.com\/pt\/"},{"@type":"ListItem","position":2,"name":"Viber Chat","item":"https:\/\/elfsight.com\/pt\/viber-chat-widget\/"},{"@type":"ListItem","position":3,"name":"Viber Chat &#8211; iFrame"}]},{"@type":"WebSite","@id":"https:\/\/elfsight.com\/pt\/#website","url":"https:\/\/elfsight.com\/pt\/","name":"Elfsight PT","description":"Just another Elfsight Sites site","potentialAction":[{"@type":"SearchAction","target":{"@type":"EntryPoint","urlTemplate":"https:\/\/elfsight.com\/pt\/?s={search_term_string}"},"query-input":{"@type":"PropertyValueSpecification","valueRequired":true,"valueName":"search_term_string"}}],"inLanguage":"pt-PT"}]}},"meta_box":{"industry":"","seo_heading":"","heading":"","description":"","cta_heading":"","cta_description":"","application":"1583","h1":"Bate-papo iFrame Viber","h1_caption":"Comunica\u00e7\u00e3o tranquila com os clientes por meio de seu site","application_category":[],"applications_title":"","applications_request_title":"","applications_request_button_text":"","hero_text":"","hero_video":"","hero_video_schema_markup":"","selling_points_title":"","selling_points_caption":"","selling_points":[],"selling_points_cta_text":"","features_title":"","features":"","ed_cta_examples_text":"","ed_cta_examples_hidden":"","ed_cta_demo_text":"","ed_cta_demo_hidden":"","why_caption":"","why_editor_title":"","why_editor_text":"","why_team_title":"","why_team_text":"","why_service_title":"","why_service_text":"","template_catalog_visible":"0","template_catalog_title":"","template_catalog_text":"","template_catalog_categories_visible":"","demo_title":"Crie seu widget Viber Chat","demo_caption":"Configure seu Viber Chat e adicione-o ao seu site iFrame gratuitamente!","default_faq_hidden":"","app_template_category":[],"platform":"4911","template_public_id":"","codecanyon_url":"","codecanyon_item_id":"","codecanyon_price":"","pricing_caption":"","pricing_elfsight_apps_hide_column":"","pricing_elfsight_apps_url":"","pricing_codecanyon_price_caption":"","integration_category":[],"integration_request_title":"","integration_request_cta":"","integration_platform":"","integrations":[],"platform_category":[],"video_schema_markup":"","price":"a partir de US$ 0\/m\u00eas","trial":"","benefits":[{"text":"Servi\u00e7o de instala\u00e7\u00e3o gratuito"},{"text":"Suporte profissional ao cliente"},{"text":"Garantia de devolu\u00e7\u00e3o do dinheiro em 14 dias"},{"text":"Atualiza\u00e7\u00f5es cont\u00ednuas"}],"button_url":"#demo","button_target_blank":"0","button_nofollow":"0","attributes":[{"name":"Instala\u00e7\u00f5es","content":"10,000 - 100,000"},{"name":"Responsivo","content":"Sim"},{"name":"Navegadores compat\u00edveis","content":"Opera, Safari, Edge, Firefox, Chrome"}],"tags":[],"tags_disable_links":"0","hide_more_platforms":"0","video_object":"","demo_hide_cta":"0","demo_hide_cloud_options":"0","pricing_title":"","pricing":[{"pricing_icon":"platform","pricing_title":"Elfsight Apps","pricing_title_caption":"Software independente de plataforma","pricing_price":"a partir de US$ 0\/m\u00eas","pricing_price_caption":"comece com plano gratuito","pricing_benefits":[{"text":"Dom\u00ednios ilimitados"},{"text":"Suporte profissional"},{"text":"Suporte profissional"},{"text":"\u00d3timo neg\u00f3cio para v\u00e1rios aplicativos"}],"pricing_button_text":"Adicionar ao site","pricing_button_url":"#demo"}],"related_apps_title":"","related_apps_hidden":"0","author":"","image":[],"title":"","job":"","social_networks":[]},"_links":{"self":[{"href":"https:\/\/elfsight.com\/pt\/wp-json\/wp\/v2\/pages\/8600","targetHints":{"allow":["GET"]}}],"collection":[{"href":"https:\/\/elfsight.com\/pt\/wp-json\/wp\/v2\/pages"}],"about":[{"href":"https:\/\/elfsight.com\/pt\/wp-json\/wp\/v2\/types\/page"}],"author":[{"embeddable":true,"href":"https:\/\/elfsight.com\/pt\/wp-json\/wp\/v2\/users\/9"}],"replies":[{"embeddable":true,"href":"https:\/\/elfsight.com\/pt\/wp-json\/wp\/v2\/comments?post=8600"}],"version-history":[{"count":2,"href":"https:\/\/elfsight.com\/pt\/wp-json\/wp\/v2\/pages\/8600\/revisions"}],"predecessor-version":[{"id":14189,"href":"https:\/\/elfsight.com\/pt\/wp-json\/wp\/v2\/pages\/8600\/revisions\/14189"}],"up":[{"embeddable":true,"href":"https:\/\/elfsight.com\/pt\/wp-json\/wp\/v2\/pages\/1584"}],"wp:attachment":[{"href":"https:\/\/elfsight.com\/pt\/wp-json\/wp\/v2\/media?parent=8600"}],"curies":[{"name":"wp","href":"https:\/\/api.w.org\/{rel}","templated":true}]}}