{"id":8584,"date":"1970-01-01T00:00:00","date_gmt":"1970-01-01T00:00:00","guid":{"rendered":"https:\/\/elfsight.com\/pt\/?page_id=8584"},"modified":"2024-11-13T11:39:39","modified_gmt":"2024-11-13T11:39:39","slug":"webnode","status":"publish","type":"page","link":"https:\/\/elfsight.com\/pt\/viber-chat-widget\/webnode\/","title":{"rendered":"Viber Chat &#8211; Webnode"},"content":{"rendered":"<div class=\"application-platform-content-item-description application-platform-content-item\" id=\"description\" data-nav-section=\"description\"> <h2>Descri\u00e7\u00e3o<\/h2><p>O Elfsight Viber Chat \u00e9 a possibilidade mais r\u00e1pida para as pessoas entrarem em contato com voc\u00ea enquanto est\u00e3o no seu site. Cada usu\u00e1rio obter\u00e1 rapidamente solu\u00e7\u00f5es para suas d\u00favidas ou suporte seu. Fique dispon\u00edvel online em um dos mensageiros mais utilizados. Voc\u00ea pode escolher o Elfsight Viber Chat para ocorrer em p\u00e1ginas espec\u00edficas e direcion\u00e1-lo para categorias separadas de p\u00fablico. Existem amplas possibilidades de personaliza\u00e7\u00e3o: escolha os gatilhos de in\u00edcio do chat, redija seu texto de boas-vindas, escolha \u00edcones e muito mais. Usando o Viber Chat no site, voc\u00ea permanecer\u00e1 acess\u00edvel \u00e0s pessoas a qualquer momento e em qualquer local.<\/p><p><b>Adicione o Viber Chat para alcan\u00e7ar os picos de seus neg\u00f3cios com menos esfor\u00e7o!<\/b><\/p> <\/div> <div class=\"application-platform-content-item-features application-platform-content-item\" id=\"features\" data-nav-section=\"features\"> <h2>Aqui est\u00e3o os recursos fundamentais do widget:<\/h2><ul><li>Uma cole\u00e7\u00e3o de \u00edcones de bolha para escolher<\/li><li>Texto de bolha edit\u00e1vel <\/li><li>Cabe\u00e7alho do FlexibleChat com logotipo, nome e legenda da p\u00e1gina<\/li><li>Nome edit\u00e1vel do bate-papo<\/li><li>Defini\u00e7\u00e3o de texto personalizado como legenda do bate-papo<\/li><li>Bot\u00e3o Iniciar bate-papo com texto edit\u00e1vel<\/li><\/ul><p><a href=\"#demo\">Experimente todas as configura\u00e7\u00f5es na demonstra\u00e7\u00e3o completa<\/a><\/p><\/div> <div class=\"application-platform-content-item-installation  application-platform-content-item\" id=\"installation \" data-nav-section=\"installation \"> <h2>Como posso adicionar o Viber Chat ao meu Webnode?<\/h2><p>Basta aplicar as instru\u00e7\u00f5es abaixo para incorporar a ferramenta.<\/p><ol><li><b>Lan\u00e7ando nossa demonstra\u00e7\u00e3o gratuita e comece a construir seu pr\u00f3prio instrumento.<\/b><br>Encontre a interface e as op\u00e7\u00f5es preferidas da ferramenta e aplique as modifica\u00e7\u00f5es.<\/li><li><b>Adquira seu c\u00f3digo individual que aparece na janela dos aplicativos Elfsight<\/b><br>Logo ap\u00f3s a cria\u00e7\u00e3o do seu plugin, copie o c\u00f3digo pessoal do pop-up que surgiu e guarde-o para uso posterior.<\/li><li><b>Inicie a utiliza\u00e7\u00e3o do plugin no seu site Webnode page<\/b><br>Implemente o c\u00f3digo que voc\u00ea salvou recentemente em seu site e aplique as corre\u00e7\u00f5es.<\/li><li><b>Pronto! A incorpora\u00e7\u00e3o foi finalizada com sucesso<\/b><br>V\u00e1 ao seu site para inspecionar como est\u00e1 o funcionamento do plugin.<\/li><\/ol><p>Na condi\u00e7\u00e3o de enfrentar d\u00favidas ou enfrentar algum problema, sinta-se \u00e0 vontade para recorrer ao nosso suporte funcion\u00e1rios. Nossos consultores est\u00e3o ansiosos para resolver todos os problemas que voc\u00ea possa ter com o plugin.<\/p><div class=\"faq\" data-component=\"FAQ\"> <div class=\"faq-item\">\r\n\t\t\t\t\t<div class=\"faq-item-question\">\r\n\t\t\t\t\t\t<h3 class=\"faq-item-question-text\">Como adicionar o Viber Chat ao meu site Webnode sem habilidades de codifica\u00e7\u00e3o?<\/h3>\r\n\r\n\t\t\t\t\t\t<div class=\"faq-item-question-icon\"><\/div>\r\n\t\t\t\t\t<\/div>\r\n\r\n\t\t\t\t\t<div class=\"faq-item-answer\">\r\n\t\t\t\t\t\t<div class=\"faq-item-answer-text\"> <p>A Elfsight fornece um SaaS solu\u00e7\u00e3o que permite que voc\u00ea mesmo crie um widget Viber Chat, veja como o processo \u00e9 f\u00e1cil: Trabalhe diretamente no Editor online para criar um widget Viber Chat que voc\u00ea gostaria de ver em seu site Webnode. Escolha um dos modelos predefinidos e ajuste as configura\u00e7\u00f5es do Viber Chat, adicione seu conte\u00fado, altere o layout e as cores sem nenhuma habilidade de codifica\u00e7\u00e3o. Salve o Viber Chat e copie seu c\u00f3digo de instala\u00e7\u00e3o, que voc\u00ea pode incorporar facilmente em seu site Webnode sem a necessidade de comprar uma vers\u00e3o paga. Com nosso editor intuitivo, qualquer usu\u00e1rio da Internet pode criar um widget Viber Chat online e incorpor\u00e1-lo facilmente ao seu site Webnode. N\u00e3o h\u00e1 necessidade de pagar ou inserir as credenciais do seu cart\u00e3o para acessar o servi\u00e7o. Se voc\u00ea enfrentar qualquer problema em qualquer etapa, n\u00e3o hesite em entrar em contato com nossa equipe de suporte t\u00e9cnico.<\/p> <\/div>\r\n\t\t\t\t\t<\/div>\r\n\t\t\t\t<\/div> <\/div> <\/div>","protected":false},"excerpt":{"rendered":"","protected":false},"author":9,"featured_media":0,"parent":1584,"menu_order":0,"comment_status":"closed","ping_status":"closed","template":"templates\/template-application-platform.php","meta":{"publish_to_discourse":"","publish_post_category":"","wpdc_auto_publish_overridden":"","wpdc_topic_tags":"","wpdc_pin_topic":"","wpdc_pin_until":"","discourse_post_id":"","discourse_permalink":"","wpdc_publishing_response":"","wpdc_publishing_error":"","footnotes":""},"class_list":["post-8584","page","type-page","status-publish","hentry"],"yoast_head":"<!-- This site is optimized with the Yoast SEO plugin v25.3.1 - https:\/\/yoast.com\/wordpress\/plugins\/seo\/ -->\n<title>Adicionar Viber Chat ao site Webnode sem codifica\u00e7\u00e3o (2025)<\/title>\n<meta name=\"description\" content=\"Adicione o Viber Chat ao site para uma comunica\u00e7\u00e3o f\u00e1cil e instant\u00e2nea com os usu\u00e1rios. Confira o freedemo da Elfsight para criar seu plugin exclusivo agora mesmo.\" \/>\n<meta name=\"robots\" content=\"index, follow, max-snippet:-1, max-image-preview:large, max-video-preview:-1\" \/>\n<link rel=\"canonical\" href=\"https:\/\/elfsight.com\/pt\/viber-chat-widget\/webnode\/\" \/>\n<meta property=\"og:locale\" content=\"pt_PT\" \/>\n<meta property=\"og:type\" content=\"article\" \/>\n<meta property=\"og:title\" content=\"Adicionar Viber Chat ao site Webnode sem codifica\u00e7\u00e3o (2025)\" \/>\n<meta property=\"og:description\" content=\"Adicione o Viber Chat ao site para uma comunica\u00e7\u00e3o f\u00e1cil e instant\u00e2nea com os usu\u00e1rios. Confira o freedemo da Elfsight para criar seu plugin exclusivo agora mesmo.\" \/>\n<meta property=\"og:url\" content=\"https:\/\/elfsight.com\/pt\/viber-chat-widget\/webnode\/\" \/>\n<meta property=\"og:site_name\" content=\"Elfsight PT\" \/>\n<meta property=\"article:modified_time\" content=\"2024-11-13T11:39:39+00:00\" \/>\n<meta name=\"twitter:card\" content=\"summary_large_image\" \/>\n<meta name=\"twitter:label1\" content=\"Tempo estimado de leitura\" \/>\n\t<meta name=\"twitter:data1\" content=\"3 minutos\" \/>\n<!-- \/ Yoast SEO plugin. -->","yoast_head_json":{"title":"Adicionar Viber Chat ao site Webnode sem codifica\u00e7\u00e3o (2025)","description":"Adicione o Viber Chat ao site para uma comunica\u00e7\u00e3o f\u00e1cil e instant\u00e2nea com os usu\u00e1rios. Confira o freedemo da Elfsight para criar seu plugin exclusivo agora mesmo.","robots":{"index":"index","follow":"follow","max-snippet":"max-snippet:-1","max-image-preview":"max-image-preview:large","max-video-preview":"max-video-preview:-1"},"canonical":"https:\/\/elfsight.com\/pt\/viber-chat-widget\/webnode\/","og_locale":"pt_PT","og_type":"article","og_title":"Adicionar Viber Chat ao site Webnode sem codifica\u00e7\u00e3o (2025)","og_description":"Adicione o Viber Chat ao site para uma comunica\u00e7\u00e3o f\u00e1cil e instant\u00e2nea com os usu\u00e1rios. Confira o freedemo da Elfsight para criar seu plugin exclusivo agora mesmo.","og_url":"https:\/\/elfsight.com\/pt\/viber-chat-widget\/webnode\/","og_site_name":"Elfsight PT","article_modified_time":"2024-11-13T11:39:39+00:00","twitter_card":"summary_large_image","twitter_misc":{"Tempo estimado de leitura":"3 minutos"},"schema":{"@context":"https:\/\/schema.org","@graph":[{"@type":"WebPage","@id":"https:\/\/elfsight.com\/pt\/viber-chat-widget\/webnode\/","url":"https:\/\/elfsight.com\/pt\/viber-chat-widget\/webnode\/","name":"Adicionar Viber Chat ao site Webnode sem codifica\u00e7\u00e3o (2025)","isPartOf":{"@id":"https:\/\/elfsight.com\/pt\/#website"},"datePublished":"1970-01-01T00:00:00+00:00","dateModified":"2024-11-13T11:39:39+00:00","description":"Adicione o Viber Chat ao site para uma comunica\u00e7\u00e3o f\u00e1cil e instant\u00e2nea com os usu\u00e1rios. Confira o freedemo da Elfsight para criar seu plugin exclusivo agora mesmo.","breadcrumb":{"@id":"https:\/\/elfsight.com\/pt\/viber-chat-widget\/webnode\/#breadcrumb"},"inLanguage":"pt-PT","potentialAction":[{"@type":"ReadAction","target":["https:\/\/elfsight.com\/pt\/viber-chat-widget\/webnode\/"]}]},{"@type":"BreadcrumbList","@id":"https:\/\/elfsight.com\/pt\/viber-chat-widget\/webnode\/#breadcrumb","itemListElement":[{"@type":"ListItem","position":1,"name":"Home","item":"https:\/\/elfsight.com\/pt\/"},{"@type":"ListItem","position":2,"name":"Viber Chat","item":"https:\/\/elfsight.com\/pt\/viber-chat-widget\/"},{"@type":"ListItem","position":3,"name":"Viber Chat &#8211; Webnode"}]},{"@type":"WebSite","@id":"https:\/\/elfsight.com\/pt\/#website","url":"https:\/\/elfsight.com\/pt\/","name":"Elfsight PT","description":"Just another Elfsight Sites site","potentialAction":[{"@type":"SearchAction","target":{"@type":"EntryPoint","urlTemplate":"https:\/\/elfsight.com\/pt\/?s={search_term_string}"},"query-input":{"@type":"PropertyValueSpecification","valueRequired":true,"valueName":"search_term_string"}}],"inLanguage":"pt-PT"}]}},"meta_box":{"industry":"","seo_heading":"","heading":"","description":"","cta_heading":"","cta_description":"","application":"1583","h1":"Bate-papo Webnode Viber","h1_caption":"Comunica\u00e7\u00e3o simples com clientes atrav\u00e9s do seu site, n\u00e3o importa onde voc\u00ea esteja","application_category":[],"applications_title":"","applications_request_title":"","applications_request_button_text":"","hero_text":"","hero_video":"","hero_video_schema_markup":"","selling_points_title":"","selling_points_caption":"","selling_points":[],"selling_points_cta_text":"","features_title":"","features":"","ed_cta_examples_text":"","ed_cta_examples_hidden":"","ed_cta_demo_text":"","ed_cta_demo_hidden":"","why_caption":"","why_editor_title":"","why_editor_text":"","why_team_title":"","why_team_text":"","why_service_title":"","why_service_text":"","template_catalog_visible":"","template_catalog_title":"","template_catalog_text":"","template_catalog_categories_visible":"","demo_title":"Crie seu widget Viber Chat","demo_caption":"Configure seu Viber Chat e adicione-o ao seu site Webnode gratuitamente!","default_faq_hidden":"","app_template_category":[],"platform":"4917","template_public_id":"","codecanyon_url":"","codecanyon_item_id":"","codecanyon_price":"","pricing_caption":"","pricing_elfsight_apps_hide_column":"","pricing_elfsight_apps_url":"","pricing_codecanyon_price_caption":"","integration_category":[],"integration_request_title":"","integration_request_cta":"","integration_platform":"","integrations":[],"platform_category":[],"video_schema_markup":"","price":"a partir de US$ 0\/m\u00eas","trial":"","benefits":[{"text":"Assist\u00eancia de instala\u00e7\u00e3o gratuita"},{"text":"Atendimento ao cliente profissional"},{"text":"Garantia de reembolso de 14 dias"},{"text":"Melhorias gratuitas vital\u00edcias"}],"button_url":"#demo","button_target_blank":"","button_nofollow":"","attributes":[{"name":"Instala\u00e7\u00f5es","content":"10,000 - 100,000"},{"name":"Responsivo","content":"Sim"},{"name":"Navegadores compat\u00edveis","content":"Firefox, Safari, Opera, Chrome, Edge"}],"tags":[],"tags_disable_links":"","hide_more_platforms":"","video_object":"","demo_hide_cta":"","demo_hide_cloud_options":"","pricing_title":"","pricing":[{"pricing_icon":"platform","pricing_title":"Elfsight Apps","pricing_title_caption":"Vers\u00e3o multiplataforma adequada para qualquer site","pricing_price":"a partir de US$ 0\/m\u00eas","pricing_price_caption":"comece com plano gratuito","pricing_benefits":[{"text":"Sites ilimitados"},{"text":"Suporte r\u00e1pido e bem documentado"},{"text":"Suporte r\u00e1pido e bem documentado"},{"text":"Pre\u00e7o especial para v\u00e1rios aplicativos"}],"pricing_button_text":"Adicionar ao site","pricing_button_url":"#demo"}],"related_apps_title":"","related_apps_hidden":"","author":"","image":[],"title":"","job":"","social_networks":[]},"_links":{"self":[{"href":"https:\/\/elfsight.com\/pt\/wp-json\/wp\/v2\/pages\/8584","targetHints":{"allow":["GET"]}}],"collection":[{"href":"https:\/\/elfsight.com\/pt\/wp-json\/wp\/v2\/pages"}],"about":[{"href":"https:\/\/elfsight.com\/pt\/wp-json\/wp\/v2\/types\/page"}],"author":[{"embeddable":true,"href":"https:\/\/elfsight.com\/pt\/wp-json\/wp\/v2\/users\/9"}],"replies":[{"embeddable":true,"href":"https:\/\/elfsight.com\/pt\/wp-json\/wp\/v2\/comments?post=8584"}],"version-history":[{"count":1,"href":"https:\/\/elfsight.com\/pt\/wp-json\/wp\/v2\/pages\/8584\/revisions"}],"predecessor-version":[{"id":8588,"href":"https:\/\/elfsight.com\/pt\/wp-json\/wp\/v2\/pages\/8584\/revisions\/8588"}],"up":[{"embeddable":true,"href":"https:\/\/elfsight.com\/pt\/wp-json\/wp\/v2\/pages\/1584"}],"wp:attachment":[{"href":"https:\/\/elfsight.com\/pt\/wp-json\/wp\/v2\/media?parent=8584"}],"curies":[{"name":"wp","href":"https:\/\/api.w.org\/{rel}","templated":true}]}}