{"id":8576,"date":"1970-01-01T00:00:00","date_gmt":"1970-01-01T00:00:00","guid":{"rendered":"https:\/\/elfsight.com\/pt\/?page_id=8576"},"modified":"2024-11-13T11:39:31","modified_gmt":"2024-11-13T11:39:31","slug":"bigcommerce","status":"publish","type":"page","link":"https:\/\/elfsight.com\/pt\/viber-chat-widget\/bigcommerce\/","title":{"rendered":"Viber Chat &#8211; BigCommerce"},"content":{"rendered":"<div class=\"application-platform-content-item-description application-platform-content-item\" id=\"description\" data-nav-section=\"description\"> <h2>Descri\u00e7\u00e3o<\/h2><p>O Elfsight Viber Chat \u00e9 uma das maneiras mais r\u00e1pidas para os visitantes do site entrarem em contato com voc\u00ea enquanto estiver no seu site. Cada usu\u00e1rio obter\u00e1 rapidamente solu\u00e7\u00f5es para suas d\u00favidas ou ajuda sua. Voc\u00ea poder\u00e1 ficar dispon\u00edvel online em um dos chats mais utilizados 24 horas por dia, 7 dias por semana. Voc\u00ea pode escolher o Elfsight Viber Chat para aparecer em p\u00e1ginas selecionadas e configur\u00e1-lo para determinados grupos de visitantes. Existem muitas possibilidades de personaliza\u00e7\u00e3o: defina gatilhos para iniciar o chat, crie seu texto de boas-vindas, escolha \u00edcones e muito mais. Usando o Viber Chat em seu site, voc\u00ea pode ficar acess\u00edvel para as pessoas a qualquer hora e em qualquer lugar.<\/p><p><b>Torne seu site mais bem-sucedido para tarefas de neg\u00f3cios com a ajuda do Viber Chat<\/b><\/p><\/div> <div class=\"application-platform-content-item-features application-platform-content-item\" id=\"features\" data-nav-section=\"features\"> <h2>Os recursos essenciais do widget cont\u00eam<\/h2><ul><li>Uma cole\u00e7\u00e3o de \u00edcones de bolha para voc\u00ea selecionar<\/li><li>Edit\u00e1vel texto em bal\u00e3o<\/li><li>Cabe\u00e7alho do bate-papo com logotipo, nome e legenda da p\u00e1gina<\/li><li>Escolher a imagem da p\u00e1gina por padr\u00e3o, da biblioteca ou fazer upload de uma imagem personalizada<\/li><li>Cinco tempo de resposta op\u00e7\u00f5es na legenda da janela de bate-papo<\/li><li>Defini\u00e7\u00e3o de texto personalizado como legenda<\/li><li>Mensagem de boas-vindas edit\u00e1vel com op\u00e7\u00f5es de formata\u00e7\u00e3o e links<\/li><\/ul><p><a href=\"# demo\">Voc\u00ea pode ver quanto vale o widget usando a demonstra\u00e7\u00e3o<\/a><\/p><\/div> <div class=\"application-platform-content-item-installation application-platform-content-item\" id=\"installation\" data-nav-section=\"installation\"> <h2>Como fa\u00e7o para incorporar o Viber Chat ao meu site BigCommerce?<\/h2><p>Basta seguir as orienta\u00e7\u00f5es abaixo para ativar o widget no BigCommerce.<\/p> <ol><li><b>Gerencie nosso configurador gratuito e comece a criar seu aplicativo personalizado. <\/b><br> Especifique a apar\u00eancia e as op\u00e7\u00f5es adequadas do widget e aplique as edi\u00e7\u00f5es. <\/li> <li><b>Obtenha o c\u00f3digo exclusivo revelado na caixa dos aplicativos Elfsight. <\/b><br> Quando a personaliza\u00e7\u00e3o do seu Viber Chat pessoal for conclu\u00edda, copie o c\u00f3digo pessoal na janela exibida e guarde-o para ocasi\u00f5es futuras. <\/li> <li><b>Comece a usar o widget no site BigCommerce. <\/b><br> Integre o c\u00f3digo salvo anteriormente em seu site e aplique as corre\u00e7\u00f5es. <\/li> <li><b>A instala\u00e7\u00e3o foi realizada com sucesso. <\/b><br> V\u00e1 at\u00e9 sua p\u00e1gina para dar uma olhada no funcionamento do widget. <\/li><\/ol><p>Se tiver d\u00favidas ou enfrentar quaisquer complica\u00e7\u00f5es, sinta-se \u00e0 vontade para solicitar nossa equipe de suporte. Nossos consultores ter\u00e3o prazer em resolver todos os problemas que voc\u00ea possa ter com o plugin.<\/p><div class=\"faq\" data-component=\"FAQ\"> <div class=\"faq-item\">\r\n\t\t\t\t\t<div class=\"faq-item-question\">\r\n\t\t\t\t\t\t<h3 class=\"faq-item-question-text\">Como adicionar o Viber Chat ao meu site BigCommerce sem habilidades de codifica\u00e7\u00e3o?<\/h3>\r\n\r\n\t\t\t\t\t\t<div class=\"faq-item-question-icon\"><\/div>\r\n\t\t\t\t\t<\/div>\r\n\r\n\t\t\t\t\t<div class=\"faq-item-answer\">\r\n\t\t\t\t\t\t<div class=\"faq-item-answer-text\"> <p>A Elfsight fornece um Solu\u00e7\u00e3o SaaS que permite que voc\u00ea mesmo crie um widget Viber Chat, veja como o processo \u00e9 f\u00e1cil: Trabalhe diretamente no Editor on-line para criar um widget Viber Chat que voc\u00ea gostaria de ver em seu site BigCommerce. Escolha um dos modelos predefinidos e ajuste as configura\u00e7\u00f5es do Viber Chat, adicione seu conte\u00fado, altere o layout e as cores sem nenhuma habilidade de codifica\u00e7\u00e3o. Salve o Viber Chat e copie seu c\u00f3digo de instala\u00e7\u00e3o, que voc\u00ea pode simplesmente incorporar em seu site BigCommerce sem comprar uma assinatura paga. Com nosso editor intuitivo, qualquer usu\u00e1rio da Internet pode criar um widget Viber Chat online e incorpor\u00e1-lo facilmente ao seu site BigCommerce. N\u00e3o h\u00e1 necessidade de pagar ou inserir as credenciais do seu cart\u00e3o para acessar o servi\u00e7o. Se voc\u00ea enfrentar qualquer problema em qualquer etapa, n\u00e3o hesite em entrar em contato com nossa equipe de suporte t\u00e9cnico.<\/p> <\/div>\r\n\t\t\t\t\t<\/div>\r\n\t\t\t\t<\/div> <\/div> <\/div>","protected":false},"excerpt":{"rendered":"","protected":false},"author":9,"featured_media":0,"parent":1584,"menu_order":0,"comment_status":"closed","ping_status":"closed","template":"templates\/template-application-platform.php","meta":{"publish_to_discourse":"","publish_post_category":"","wpdc_auto_publish_overridden":"","wpdc_topic_tags":"","wpdc_pin_topic":"","wpdc_pin_until":"","discourse_post_id":"","discourse_permalink":"","wpdc_publishing_response":"","wpdc_publishing_error":"","footnotes":""},"class_list":["post-8576","page","type-page","status-publish","hentry"],"yoast_head":"<!-- This site is optimized with the Yoast SEO plugin v25.3.1 - https:\/\/yoast.com\/wordpress\/plugins\/seo\/ -->\n<title>Adicionar Viber Chat ao site BigCommerce sem codifica\u00e7\u00e3o (2025)<\/title>\n<meta name=\"description\" content=\"Integre o Viber ao site para uma conex\u00e3o mais f\u00e1cil e r\u00e1pida com os clientes. Teste a demonstra\u00e7\u00e3o da Elfsight para criar seu plugin exclusivo agora.\" \/>\n<meta name=\"robots\" content=\"index, follow, max-snippet:-1, max-image-preview:large, max-video-preview:-1\" \/>\n<link rel=\"canonical\" href=\"https:\/\/elfsight.com\/pt\/viber-chat-widget\/bigcommerce\/\" \/>\n<meta property=\"og:locale\" content=\"pt_PT\" \/>\n<meta property=\"og:type\" content=\"article\" \/>\n<meta property=\"og:title\" content=\"Adicionar Viber Chat ao site BigCommerce sem codifica\u00e7\u00e3o (2025)\" \/>\n<meta property=\"og:description\" content=\"Integre o Viber ao site para uma conex\u00e3o mais f\u00e1cil e r\u00e1pida com os clientes. Teste a demonstra\u00e7\u00e3o da Elfsight para criar seu plugin exclusivo agora.\" \/>\n<meta property=\"og:url\" content=\"https:\/\/elfsight.com\/pt\/viber-chat-widget\/bigcommerce\/\" \/>\n<meta property=\"og:site_name\" content=\"Elfsight PT\" \/>\n<meta property=\"article:modified_time\" content=\"2024-11-13T11:39:31+00:00\" \/>\n<meta name=\"twitter:card\" content=\"summary_large_image\" \/>\n<meta name=\"twitter:label1\" content=\"Tempo estimado de leitura\" \/>\n\t<meta name=\"twitter:data1\" content=\"3 minutos\" \/>\n<!-- \/ Yoast SEO plugin. -->","yoast_head_json":{"title":"Adicionar Viber Chat ao site BigCommerce sem codifica\u00e7\u00e3o (2025)","description":"Integre o Viber ao site para uma conex\u00e3o mais f\u00e1cil e r\u00e1pida com os clientes. Teste a demonstra\u00e7\u00e3o da Elfsight para criar seu plugin exclusivo agora.","robots":{"index":"index","follow":"follow","max-snippet":"max-snippet:-1","max-image-preview":"max-image-preview:large","max-video-preview":"max-video-preview:-1"},"canonical":"https:\/\/elfsight.com\/pt\/viber-chat-widget\/bigcommerce\/","og_locale":"pt_PT","og_type":"article","og_title":"Adicionar Viber Chat ao site BigCommerce sem codifica\u00e7\u00e3o (2025)","og_description":"Integre o Viber ao site para uma conex\u00e3o mais f\u00e1cil e r\u00e1pida com os clientes. Teste a demonstra\u00e7\u00e3o da Elfsight para criar seu plugin exclusivo agora.","og_url":"https:\/\/elfsight.com\/pt\/viber-chat-widget\/bigcommerce\/","og_site_name":"Elfsight PT","article_modified_time":"2024-11-13T11:39:31+00:00","twitter_card":"summary_large_image","twitter_misc":{"Tempo estimado de leitura":"3 minutos"},"schema":{"@context":"https:\/\/schema.org","@graph":[{"@type":"WebPage","@id":"https:\/\/elfsight.com\/pt\/viber-chat-widget\/bigcommerce\/","url":"https:\/\/elfsight.com\/pt\/viber-chat-widget\/bigcommerce\/","name":"Adicionar Viber Chat ao site BigCommerce sem codifica\u00e7\u00e3o (2025)","isPartOf":{"@id":"https:\/\/elfsight.com\/pt\/#website"},"datePublished":"1970-01-01T00:00:00+00:00","dateModified":"2024-11-13T11:39:31+00:00","description":"Integre o Viber ao site para uma conex\u00e3o mais f\u00e1cil e r\u00e1pida com os clientes. Teste a demonstra\u00e7\u00e3o da Elfsight para criar seu plugin exclusivo agora.","breadcrumb":{"@id":"https:\/\/elfsight.com\/pt\/viber-chat-widget\/bigcommerce\/#breadcrumb"},"inLanguage":"pt-PT","potentialAction":[{"@type":"ReadAction","target":["https:\/\/elfsight.com\/pt\/viber-chat-widget\/bigcommerce\/"]}]},{"@type":"BreadcrumbList","@id":"https:\/\/elfsight.com\/pt\/viber-chat-widget\/bigcommerce\/#breadcrumb","itemListElement":[{"@type":"ListItem","position":1,"name":"Home","item":"https:\/\/elfsight.com\/pt\/"},{"@type":"ListItem","position":2,"name":"Viber Chat","item":"https:\/\/elfsight.com\/pt\/viber-chat-widget\/"},{"@type":"ListItem","position":3,"name":"Viber Chat &#8211; BigCommerce"}]},{"@type":"WebSite","@id":"https:\/\/elfsight.com\/pt\/#website","url":"https:\/\/elfsight.com\/pt\/","name":"Elfsight PT","description":"Just another Elfsight Sites site","potentialAction":[{"@type":"SearchAction","target":{"@type":"EntryPoint","urlTemplate":"https:\/\/elfsight.com\/pt\/?s={search_term_string}"},"query-input":{"@type":"PropertyValueSpecification","valueRequired":true,"valueName":"search_term_string"}}],"inLanguage":"pt-PT"}]}},"meta_box":{"industry":"","seo_heading":"","heading":"","description":"","cta_heading":"","cta_description":"","application":"1583","h1":"Bate-papo BigCommerce Viber","h1_caption":"Torne mais r\u00e1pido para seus clientes entrarem em contato com voc\u00ea por meio do site","application_category":[],"applications_title":"","applications_request_title":"","applications_request_button_text":"","hero_text":"","hero_video":"","hero_video_schema_markup":"","selling_points_title":"","selling_points_caption":"","selling_points":[],"selling_points_cta_text":"","features_title":"","features":"","ed_cta_examples_text":"","ed_cta_examples_hidden":"","ed_cta_demo_text":"","ed_cta_demo_hidden":"","why_caption":"","why_editor_title":"","why_editor_text":"","why_team_title":"","why_team_text":"","why_service_title":"","why_service_text":"","template_catalog_visible":"","template_catalog_title":"","template_catalog_text":"","template_catalog_categories_visible":"","demo_title":"Crie seu aplicativo Viber Chat","demo_caption":"Configure seu Viber Chat e adicione-o ao seu site BigCommerce gratuitamente!","default_faq_hidden":"","app_template_category":[],"platform":"43","template_public_id":"","codecanyon_url":"","codecanyon_item_id":"","codecanyon_price":"","pricing_caption":"","pricing_elfsight_apps_hide_column":"","pricing_elfsight_apps_url":"","pricing_codecanyon_price_caption":"","integration_category":[],"integration_request_title":"","integration_request_cta":"","integration_platform":"","integrations":[],"platform_category":[],"video_schema_markup":"","price":"a partir de US$ 0\/m\u00eas","trial":"","benefits":[{"text":"Servi\u00e7o de instala\u00e7\u00e3o gratuito"},{"text":"Atendimento ao cliente eficaz"},{"text":"Garantia de devolu\u00e7\u00e3o do dinheiro em 14 dias"},{"text":"Atualiza\u00e7\u00f5es gratuitas vital\u00edcias"}],"button_url":"#demo","button_target_blank":"","button_nofollow":"","attributes":[{"name":"Instala\u00e7\u00f5es","content":"10,000 - 100,000"},{"name":"Responsivo","content":"Sim"},{"name":"Navegadores compat\u00edveis","content":"IE11, Firefox, Safari, Opera, Chrome, Edge"}],"tags":[],"tags_disable_links":"","hide_more_platforms":"","video_object":"","demo_hide_cta":"","demo_hide_cloud_options":"","pricing_title":"","pricing":[{"pricing_icon":"platform","pricing_title":"Elfsight Apps","pricing_title_caption":"Solu\u00e7\u00e3o digital independente de plataforma","pricing_price":"a partir de US$ 0\/m\u00eas","pricing_price_caption":"comece com plano gratuito","pricing_benefits":[{"text":"Dom\u00ednios ilimitados"},{"text":"Suporte 24 horas por dia, 7 dias por semana"},{"text":"Suporte 24 horas por dia, 7 dias por semana"},{"text":"Oferta por tempo limitado para v\u00e1rios aplicativos"}],"pricing_button_text":"Adicionar ao site","pricing_button_url":"#demo"}],"related_apps_title":"","related_apps_hidden":"","author":"","image":[],"title":"","job":"","social_networks":[]},"_links":{"self":[{"href":"https:\/\/elfsight.com\/pt\/wp-json\/wp\/v2\/pages\/8576","targetHints":{"allow":["GET"]}}],"collection":[{"href":"https:\/\/elfsight.com\/pt\/wp-json\/wp\/v2\/pages"}],"about":[{"href":"https:\/\/elfsight.com\/pt\/wp-json\/wp\/v2\/types\/page"}],"author":[{"embeddable":true,"href":"https:\/\/elfsight.com\/pt\/wp-json\/wp\/v2\/users\/9"}],"replies":[{"embeddable":true,"href":"https:\/\/elfsight.com\/pt\/wp-json\/wp\/v2\/comments?post=8576"}],"version-history":[{"count":1,"href":"https:\/\/elfsight.com\/pt\/wp-json\/wp\/v2\/pages\/8576\/revisions"}],"predecessor-version":[{"id":8580,"href":"https:\/\/elfsight.com\/pt\/wp-json\/wp\/v2\/pages\/8576\/revisions\/8580"}],"up":[{"embeddable":true,"href":"https:\/\/elfsight.com\/pt\/wp-json\/wp\/v2\/pages\/1584"}],"wp:attachment":[{"href":"https:\/\/elfsight.com\/pt\/wp-json\/wp\/v2\/media?parent=8576"}],"curies":[{"name":"wp","href":"https:\/\/api.w.org\/{rel}","templated":true}]}}