{"id":8575,"date":"1970-01-01T00:00:00","date_gmt":"1970-01-01T00:00:00","guid":{"rendered":"https:\/\/elfsight.com\/pt\/?page_id=8575"},"modified":"2024-11-13T11:37:21","modified_gmt":"2024-11-13T11:37:21","slug":"woocommerce","status":"publish","type":"page","link":"https:\/\/elfsight.com\/pt\/viber-chat-widget\/woocommerce\/","title":{"rendered":"Viber Chat &#8211; WooCommerce"},"content":{"rendered":"<div class=\"application-platform-content-item-description application-platform-content-item\" id=\"description\" data-nav-section=\"description\"><h2>Descri\u00e7\u00e3o<\/h2><p>O Viber Chat da Elfsight \u00e9 uma das maneiras mais r\u00e1pidas de as pessoas entrarem em contato com voc\u00ea enquanto permanecem no seu site. Cada usu\u00e1rio obter\u00e1 rapidamente respostas \u00e0s suas perguntas ou suporte seu. Fique dispon\u00edvel online em um dos chats mais utilizados sem parar. Voc\u00ea pode configurar o Elfsight Viber Chat para ser exibido em p\u00e1ginas selecionadas e configur\u00e1-lo para categorias espec\u00edficas de visitantes. O widget possui amplas possibilidades de personaliza\u00e7\u00e3o: escolha iniciadores de chat, crie sua mensagem de boas-vindas, defina \u00edcones e muito mais.<\/p><p><b>Com o Viber Messenger, tenha um desenvolvimento de neg\u00f3cios mais r\u00e1pido e aumente as vendas<\/b><\/p><\/div> <div class=\"application-platform-content-item-features application-platform-content-item\" id=\"features\" data-nav-section=\"features\"><h2>Explore a lista dos recursos mais poderosos:<\/h2><ul><li>Uma cole\u00e7\u00e3o de \u00edcones de bolha para voc\u00ea escolher;<\/li> <li>Op\u00e7\u00e3o para editar o texto do bal\u00e3o;<\/li><li>Cabe\u00e7alho de bate-papo flex\u00edvel com logotipo, nome e legenda da p\u00e1gina;<\/li><li>Escolher a imagem da p\u00e1gina por padr\u00e3o, da cole\u00e7\u00e3o ou enviar sua pr\u00f3pria imagem; <\/li><li>Usar texto personalizado como legenda;<\/li><li>O texto do bot\u00e3o Iniciar bate-papo pode ser editado.<\/li><\/ul><p><a href=\"#demo\">Explorar tudo os recursos de personaliza\u00e7\u00e3o em uma demonstra\u00e7\u00e3o 100% funcional<\/a><\/p><\/div><div class=\"application-platform-content-item-installation application-platform-content-item\" id=\"installation\" data-nav-section=\"installation\"><h2>Como adicionar o Viber Chat ao meu site WooCommerce?<\/h2><p>Basta aplicar siga as instru\u00e7\u00f5es abaixo para ativar o plug-in.<\/p><ol><li><b>Fa\u00e7a nossa demonstra\u00e7\u00e3o gratuita e comece a moldar seu widget personalizado.<\/b><br> Encontre o design e as especifica\u00e7\u00f5es preferidas do plug-in e aplique as edi\u00e7\u00f5es.<\/li><li><b>Copie o c\u00f3digo exclusivo que aparece na caixa dos aplicativos Elfsight.<\/b><br> Assim que o estabelecimento do seu plugin pessoal terminar, copie o c\u00f3digo pessoal c\u00f3digo na janela exibida e salve-o para uso posterior.<\/li><li><b>Comece a usar o plugin em seu site WooCommerce.<\/b><br> Insira o c\u00f3digo copiado anteriormente em sua p\u00e1gina e aplique as melhorias .<\/li><li><b>A configura\u00e7\u00e3o foi realizada com sucesso.<\/b><br> V\u00e1 para sua p\u00e1gina da web para dar uma olhada no desempenho do plugin.<\/li><\/ol><p>Caso tenha alguma dificuldade, entre em contato com nossa equipe de suporte. Nosso pessoal est\u00e1 ansioso para resolver todos os problemas que voc\u00ea possa ter com o produto.<\/p><div class=\"faq\" data-component=\"FAQ\"> <div class=\"faq-item\">\r\n\t\t\t\t\t<div class=\"faq-item-question\">\r\n\t\t\t\t\t\t<h3 class=\"faq-item-question-text\">Como posso adicionar o Viber Chat ao meu site WooCommerce sem habilidades de codifica\u00e7\u00e3o?<\/h3>\r\n\r\n\t\t\t\t\t\t<div class=\"faq-item-question-icon\"><\/div>\r\n\t\t\t\t\t<\/div>\r\n\r\n\t\t\t\t\t<div class=\"faq-item-answer\">\r\n\t\t\t\t\t\t<div class=\"faq-item-answer-text\"> <p>A Elfsight fornece um Solu\u00e7\u00e3o SaaS que permite que voc\u00ea mesmo crie um widget Viber Chat, veja como o processo \u00e9 f\u00e1cil: Trabalhe diretamente no Editor online para criar um widget Viber Chat que voc\u00ea gostaria de ver em seu site WooCommerce. Escolha um dos modelos predefinidos e ajuste as configura\u00e7\u00f5es do Viber Chat, adicione seu conte\u00fado, altere o layout e as cores sem habilidades de codifica\u00e7\u00e3o. Salve o Viber Chat e copie seu c\u00f3digo de instala\u00e7\u00e3o, que voc\u00ea pode simplesmente incluir em seu site WooCommerce sem comprar uma assinatura paga. Com nosso editor intuitivo, qualquer usu\u00e1rio da Internet pode criar um widget Viber Chat online e incorpor\u00e1-lo facilmente ao seu site WooCommerce. N\u00e3o h\u00e1 necessidade de pagar ou inserir as credenciais do seu cart\u00e3o para acessar o servi\u00e7o. Se voc\u00ea enfrentar qualquer problema em qualquer etapa, n\u00e3o hesite em entrar em contato com nossa equipe de suporte t\u00e9cnico.<\/p> <\/div>\r\n\t\t\t\t\t<\/div>\r\n\t\t\t\t<\/div> <\/div> <\/div>","protected":false},"excerpt":{"rendered":"","protected":false},"author":9,"featured_media":0,"parent":1584,"menu_order":0,"comment_status":"closed","ping_status":"closed","template":"templates\/template-application-platform.php","meta":{"publish_to_discourse":"","publish_post_category":"","wpdc_auto_publish_overridden":"","wpdc_topic_tags":"","wpdc_pin_topic":"","wpdc_pin_until":"","discourse_post_id":"","discourse_permalink":"","wpdc_publishing_response":"","wpdc_publishing_error":"","footnotes":""},"class_list":["post-8575","page","type-page","status-publish","hentry"],"yoast_head":"<!-- This site is optimized with the Yoast SEO plugin v25.3.1 - https:\/\/yoast.com\/wordpress\/plugins\/seo\/ -->\n<title>Plug-in WooCommerce Viber Chat para seu site (2025)<\/title>\n<meta name=\"description\" content=\"Integre o plugin Viber Chat ao site para uma comunica\u00e7\u00e3o melhor e imediata com os clientes. Teste a demonstra\u00e7\u00e3o da Elfsight para construir seu plugin personalizado agora.\" \/>\n<meta name=\"robots\" content=\"index, follow, max-snippet:-1, max-image-preview:large, max-video-preview:-1\" \/>\n<link rel=\"canonical\" href=\"https:\/\/elfsight.com\/pt\/viber-chat-widget\/woocommerce\/\" \/>\n<meta property=\"og:locale\" content=\"pt_PT\" \/>\n<meta property=\"og:type\" content=\"article\" \/>\n<meta property=\"og:title\" content=\"Plug-in WooCommerce Viber Chat para seu site (2025)\" \/>\n<meta property=\"og:description\" content=\"Integre o plugin Viber Chat ao site para uma comunica\u00e7\u00e3o melhor e imediata com os clientes. Teste a demonstra\u00e7\u00e3o da Elfsight para construir seu plugin personalizado agora.\" \/>\n<meta property=\"og:url\" content=\"https:\/\/elfsight.com\/pt\/viber-chat-widget\/woocommerce\/\" \/>\n<meta property=\"og:site_name\" content=\"Elfsight PT\" \/>\n<meta property=\"article:modified_time\" content=\"2024-11-13T11:37:21+00:00\" \/>\n<meta name=\"twitter:card\" content=\"summary_large_image\" \/>\n<meta name=\"twitter:label1\" content=\"Tempo estimado de leitura\" \/>\n\t<meta name=\"twitter:data1\" content=\"3 minutos\" \/>\n<!-- \/ Yoast SEO plugin. -->","yoast_head_json":{"title":"Plug-in WooCommerce Viber Chat para seu site (2025)","description":"Integre o plugin Viber Chat ao site para uma comunica\u00e7\u00e3o melhor e imediata com os clientes. Teste a demonstra\u00e7\u00e3o da Elfsight para construir seu plugin personalizado agora.","robots":{"index":"index","follow":"follow","max-snippet":"max-snippet:-1","max-image-preview":"max-image-preview:large","max-video-preview":"max-video-preview:-1"},"canonical":"https:\/\/elfsight.com\/pt\/viber-chat-widget\/woocommerce\/","og_locale":"pt_PT","og_type":"article","og_title":"Plug-in WooCommerce Viber Chat para seu site (2025)","og_description":"Integre o plugin Viber Chat ao site para uma comunica\u00e7\u00e3o melhor e imediata com os clientes. Teste a demonstra\u00e7\u00e3o da Elfsight para construir seu plugin personalizado agora.","og_url":"https:\/\/elfsight.com\/pt\/viber-chat-widget\/woocommerce\/","og_site_name":"Elfsight PT","article_modified_time":"2024-11-13T11:37:21+00:00","twitter_card":"summary_large_image","twitter_misc":{"Tempo estimado de leitura":"3 minutos"},"schema":{"@context":"https:\/\/schema.org","@graph":[{"@type":"WebPage","@id":"https:\/\/elfsight.com\/pt\/viber-chat-widget\/woocommerce\/","url":"https:\/\/elfsight.com\/pt\/viber-chat-widget\/woocommerce\/","name":"Plug-in WooCommerce Viber Chat para seu site (2025)","isPartOf":{"@id":"https:\/\/elfsight.com\/pt\/#website"},"datePublished":"1970-01-01T00:00:00+00:00","dateModified":"2024-11-13T11:37:21+00:00","description":"Integre o plugin Viber Chat ao site para uma comunica\u00e7\u00e3o melhor e imediata com os clientes. Teste a demonstra\u00e7\u00e3o da Elfsight para construir seu plugin personalizado agora.","breadcrumb":{"@id":"https:\/\/elfsight.com\/pt\/viber-chat-widget\/woocommerce\/#breadcrumb"},"inLanguage":"pt-PT","potentialAction":[{"@type":"ReadAction","target":["https:\/\/elfsight.com\/pt\/viber-chat-widget\/woocommerce\/"]}]},{"@type":"BreadcrumbList","@id":"https:\/\/elfsight.com\/pt\/viber-chat-widget\/woocommerce\/#breadcrumb","itemListElement":[{"@type":"ListItem","position":1,"name":"Home","item":"https:\/\/elfsight.com\/pt\/"},{"@type":"ListItem","position":2,"name":"Viber Chat","item":"https:\/\/elfsight.com\/pt\/viber-chat-widget\/"},{"@type":"ListItem","position":3,"name":"Viber Chat &#8211; WooCommerce"}]},{"@type":"WebSite","@id":"https:\/\/elfsight.com\/pt\/#website","url":"https:\/\/elfsight.com\/pt\/","name":"Elfsight PT","description":"Just another Elfsight Sites site","potentialAction":[{"@type":"SearchAction","target":{"@type":"EntryPoint","urlTemplate":"https:\/\/elfsight.com\/pt\/?s={search_term_string}"},"query-input":{"@type":"PropertyValueSpecification","valueRequired":true,"valueName":"search_term_string"}}],"inLanguage":"pt-PT"}]}},"meta_box":{"industry":"","seo_heading":"","heading":"","description":"","cta_heading":"","cta_description":"","application":"1583","h1":"Plug-in WooCommerce Viber Chat","h1_caption":"a partir de US$ 0\/m\u00eas","application_category":[],"applications_title":"","applications_request_title":"","applications_request_button_text":"","hero_text":"","hero_video":"","hero_video_schema_markup":"","selling_points_title":"","selling_points_caption":"","selling_points":[],"selling_points_cta_text":"","features_title":"","features":"","ed_cta_examples_text":"","ed_cta_examples_hidden":"","ed_cta_demo_text":"","ed_cta_demo_hidden":"","why_caption":"","why_editor_title":"","why_editor_text":"","why_team_title":"","why_team_text":"","why_service_title":"","why_service_text":"","template_catalog_visible":"","template_catalog_title":"","template_catalog_text":"","template_catalog_categories_visible":"","demo_title":"Crie seu aplicativo Viber Chat","demo_caption":"Configure seu Viber Chat e adicione-o ao seu site WooCommerce gratuitamente!","default_faq_hidden":"","app_template_category":[],"platform":"4920","template_public_id":"","codecanyon_url":"","codecanyon_item_id":"","codecanyon_price":"","pricing_caption":"","pricing_elfsight_apps_hide_column":"","pricing_elfsight_apps_url":"","pricing_codecanyon_price_caption":"","integration_category":[],"integration_request_title":"","integration_request_cta":"","integration_platform":"","integrations":[],"platform_category":[],"video_schema_markup":"","price":"a partir de US$ 0\/m\u00eas","trial":"","benefits":[{"text":"Assist\u00eancia de instala\u00e7\u00e3o gratuita"},{"text":"Atendimento ao cliente competente"},{"text":"Garantia de devolu\u00e7\u00e3o do dinheiro em 14 dias"},{"text":"Futuras atualiza\u00e7\u00f5es gratuitas"}],"button_url":"#demo","button_target_blank":"","button_nofollow":"","attributes":[{"name":"Instala\u00e7\u00f5es","content":"10,000 - 100,000"},{"name":"Responsivo","content":"Sim"},{"name":"Navegadores compat\u00edveis","content":"Firefox, Safari, Opera, Chrome, Edge"}],"tags":[],"tags_disable_links":"","hide_more_platforms":"","video_object":"","demo_hide_cta":"","demo_hide_cloud_options":"","pricing_title":"","pricing":[{"pricing_icon":"platform","pricing_title":"Elfsight Apps","pricing_title_caption":"Software multiplataforma que funciona em qualquer site","pricing_price":"a partir de US$ 0\/m\u00eas","pricing_price_caption":"comece com um plano gratuito","pricing_benefits":[{"text":"Dom\u00ednios ilimitados"},{"text":"Suporte dedicado"},{"text":"Suporte dedicado"},{"text":"Design flex\u00edvel"}],"pricing_button_text":"Adicionar ao site","pricing_button_url":"#demo"}],"related_apps_title":"","related_apps_hidden":"","author":"","image":[],"title":"","job":"","social_networks":[]},"_links":{"self":[{"href":"https:\/\/elfsight.com\/pt\/wp-json\/wp\/v2\/pages\/8575","targetHints":{"allow":["GET"]}}],"collection":[{"href":"https:\/\/elfsight.com\/pt\/wp-json\/wp\/v2\/pages"}],"about":[{"href":"https:\/\/elfsight.com\/pt\/wp-json\/wp\/v2\/types\/page"}],"author":[{"embeddable":true,"href":"https:\/\/elfsight.com\/pt\/wp-json\/wp\/v2\/users\/9"}],"replies":[{"embeddable":true,"href":"https:\/\/elfsight.com\/pt\/wp-json\/wp\/v2\/comments?post=8575"}],"version-history":[{"count":1,"href":"https:\/\/elfsight.com\/pt\/wp-json\/wp\/v2\/pages\/8575\/revisions"}],"predecessor-version":[{"id":8579,"href":"https:\/\/elfsight.com\/pt\/wp-json\/wp\/v2\/pages\/8575\/revisions\/8579"}],"up":[{"embeddable":true,"href":"https:\/\/elfsight.com\/pt\/wp-json\/wp\/v2\/pages\/1584"}],"wp:attachment":[{"href":"https:\/\/elfsight.com\/pt\/wp-json\/wp\/v2\/media?parent=8575"}],"curies":[{"name":"wp","href":"https:\/\/api.w.org\/{rel}","templated":true}]}}