{"id":8568,"date":"1970-01-01T00:00:00","date_gmt":"1970-01-01T00:00:00","guid":{"rendered":"https:\/\/elfsight.com\/pt\/?page_id=8568"},"modified":"2024-11-12T15:34:18","modified_gmt":"2024-11-12T15:34:18","slug":"godaddy","status":"publish","type":"page","link":"https:\/\/elfsight.com\/pt\/viber-chat-widget\/godaddy\/","title":{"rendered":"Viber Chat &#8211; GoDaddy"},"content":{"rendered":"<div class=\"application-platform-content-item-description application-platform-content-item\" id=\"description\" data-nav-section=\"description\"> <h2>Incorpore o Viber Chat no GoDaddy com o widget Elfsight<\/h2> <p>O Viber Chat da Elfsight \u00e9 a maneira mais r\u00e1pida de as pessoas entrarem em contato com voc\u00ea atrav\u00e9s do seu site GoDaddy. Cada usu\u00e1rio obter\u00e1 rapidamente solu\u00e7\u00f5es para suas d\u00favidas ou suporte de voc\u00ea. Voc\u00ea poder\u00e1 ficar dispon\u00edvel online em um dos mensageiros mais populares 24 horas por dia, 7 dias por semana. Voc\u00ea pode configurar o Elfsight Viber Chat para aparecer em p\u00e1ginas espec\u00edficas e configur\u00e1-lo para determinados grupos de visitantes. O plugin oferece muitas op\u00e7\u00f5es de personaliza\u00e7\u00e3o: definir ativadores de in\u00edcio de chat, redigir seu texto de boas-vindas, escolher \u00edcones e outros recursos. Tendo o Viber Chat na p\u00e1gina, voc\u00ea pode ficar acess\u00edvel \u00e0s pessoas a qualquer hora e em qualquer lugar. <\/p> <p><b>Torne seu site mais bem-sucedido para objetivos de neg\u00f3cios com a ajuda do Viber Chat<\/b><\/p> <\/div> <div class=\"application-platform-content-item-features application-platform-content-item\" id=\"features\" data-nav-section=\"features\"> <h2>Confira a lista dos recursos mais poderosos: <\/h2> <ul><li>Uma biblioteca de \u00edcones de bal\u00e3o para voc\u00ea escolher<\/li><li>Texto de bal\u00e3o edit\u00e1vel<\/li><li>Cabe\u00e7alho de bate-papo com logotipo da p\u00e1gina, nome, e legenda<\/li><li>Escolher a imagem da p\u00e1gina por padr\u00e3o, da cole\u00e7\u00e3o ou enviar sua pr\u00f3pria imagem<\/li><li>5 variantes de tempo de resposta na legenda da janela de bate-papo<\/li><li>Uma op\u00e7\u00e3o para escolher texto personalizado como legenda<\/li><li>Mensagem de boas-vindas edit\u00e1vel usando op\u00e7\u00f5es de formata\u00e7\u00e3o e links<\/li><\/ul><p><a href=\"#demo\">Explore todos os recursos de personaliza\u00e7\u00e3o em uma demonstra\u00e7\u00e3o totalmente funcional<\/a><\/p> <\/div> <div class=\"application-platform-content-item-installation application-platform-content-item\" id=\"installation\" data-nav-section=\"installation\"> <h2>Como adiciono o Viber Chat no meu site GoDaddy? <\/h2> <p>Basta seguir v\u00e1rios passos apresentados abaixo para come\u00e7ar a trabalhar com o plugin. <\/p> <ol><li><b>Use nossa demonstra\u00e7\u00e3o gratuita e comece a criar seu pr\u00f3prio plugin. <\/b><br> Escolha o layout preferido e as caracter\u00edsticas funcionais da ferramenta e aplique as edi\u00e7\u00f5es. <\/li> <li><b>Obtenha o c\u00f3digo individual que aparece na janela das aplica\u00e7\u00f5es Elfsight<\/b><br> Logo ap\u00f3s a configura\u00e7\u00e3o da sua ferramenta, copie o c\u00f3digo individual na janela que aparece e guarde-o para outras ocasi\u00f5es. <\/li> <li><b>Comece a usar o plug-in na sua p\u00e1gina da GoDaddy<\/b><br> Integre o c\u00f3digo que voc\u00ea salvou recentemente em sua p\u00e1gina e aplique as modifica\u00e7\u00f5es. <\/li> <li><b>Pronto! A configura\u00e7\u00e3o est\u00e1 totalmente realizada<\/b><br> Acesse seu site para inspecionar o funcionamento do plugin. <\/li><\/ol> [dica]<b>Devido \u00e0s peculiaridades da exibi\u00e7\u00e3o de inser\u00e7\u00f5es personalizadas com c\u00f3digo, os modelos flutuantes podem ter uma apar\u00eancia diferente da demonstra\u00e7\u00e3o on-line. Por favor, reserve um tempo para testar seus widgets.<\/b>[\/tip]<p>Se voc\u00ea tiver alguma dificuldade, n\u00e3o hesite em recorrer \u00e0 nossa equipe de suporte. Nosso pessoal deseja ajud\u00e1-lo com todas as d\u00favidas que voc\u00ea possa ter sobre a ferramenta. <\/p> <div class=\"faq\" data-component=\"FAQ\"> <div class=\"faq-item\">\r\n\t\t\t\t\t<div class=\"faq-item-question\">\r\n\t\t\t\t\t\t<h3 class=\"faq-item-question-text\">Como adicionar o Viber Chat ao meu site GoDaddy sem habilidades de codifica\u00e7\u00e3o?<\/h3>\r\n\r\n\t\t\t\t\t\t<div class=\"faq-item-question-icon\"><\/div>\r\n\t\t\t\t\t<\/div>\r\n\r\n\t\t\t\t\t<div class=\"faq-item-answer\">\r\n\t\t\t\t\t\t<div class=\"faq-item-answer-text\"> <p>A Elfsight fornece uma solu\u00e7\u00e3o SaaS que permite que voc\u00ea mesmo crie um widget do Viber Chat, veja como \u00e9 f\u00e1cil o processo \u00e9: Trabalhe diretamente no Editor on-line para criar um widget Viber Chat que voc\u00ea gostaria de ver em seu site GoDaddy. Escolha um dos modelos predefinidos e ajuste as configura\u00e7\u00f5es do Viber Chat, adicione seu conte\u00fado, altere o layout e as cores sem habilidades de codifica\u00e7\u00e3o. Salve o Viber Chat e copie seu c\u00f3digo de instala\u00e7\u00e3o, para que voc\u00ea possa adicion\u00e1-lo facilmente ao seu site GoDaddy, sem a necessidade de adquirir um plano pago. Com nosso editor intuitivo, qualquer usu\u00e1rio da Internet pode criar um widget Viber Chat online e incorpor\u00e1-lo facilmente ao site GoDaddy. N\u00e3o h\u00e1 necessidade de pagar ou inserir as credenciais do seu cart\u00e3o para acessar o servi\u00e7o. Se voc\u00ea enfrentar qualquer problema em qualquer etapa, n\u00e3o hesite em entrar em contato com nossa equipe de suporte t\u00e9cnico.<\/p> <\/div>\r\n\t\t\t\t\t<\/div>\r\n\t\t\t\t<\/div> <\/div> <\/div>","protected":false},"excerpt":{"rendered":"","protected":false},"author":9,"featured_media":0,"parent":1584,"menu_order":0,"comment_status":"closed","ping_status":"closed","template":"templates\/template-application-platform.php","meta":{"publish_to_discourse":"","publish_post_category":"","wpdc_auto_publish_overridden":"","wpdc_topic_tags":"","wpdc_pin_topic":"","wpdc_pin_until":"","discourse_post_id":"","discourse_permalink":"","wpdc_publishing_response":"","wpdc_publishing_error":"","footnotes":""},"class_list":["post-8568","page","type-page","status-publish","hentry"],"yoast_head":"<!-- This site is optimized with the Yoast SEO plugin v25.3.1 - https:\/\/yoast.com\/wordpress\/plugins\/seo\/ -->\n<title>Viber Chat - Adicione o plugin Viber Chat ao site GoDaddy!<\/title>\n<meta name=\"description\" content=\"Incorpore o Viber Chat em seu site para uma conex\u00e3o melhor e r\u00e1pida com os clientes. Confira a demonstra\u00e7\u00e3o da Elfsight para criar seu pr\u00f3prio plugin agora.\" \/>\n<meta name=\"robots\" content=\"index, follow, max-snippet:-1, max-image-preview:large, max-video-preview:-1\" \/>\n<link rel=\"canonical\" href=\"https:\/\/elfsight.com\/pt\/viber-chat-widget\/godaddy\/\" \/>\n<meta property=\"og:locale\" content=\"pt_PT\" \/>\n<meta property=\"og:type\" content=\"article\" \/>\n<meta property=\"og:title\" content=\"Viber Chat - Adicione o plugin Viber Chat ao site GoDaddy!\" \/>\n<meta property=\"og:description\" content=\"Incorpore o Viber Chat em seu site para uma conex\u00e3o melhor e r\u00e1pida com os clientes. Confira a demonstra\u00e7\u00e3o da Elfsight para criar seu pr\u00f3prio plugin agora.\" \/>\n<meta property=\"og:url\" content=\"https:\/\/elfsight.com\/pt\/viber-chat-widget\/godaddy\/\" \/>\n<meta property=\"og:site_name\" content=\"Elfsight PT\" \/>\n<meta property=\"article:modified_time\" content=\"2024-11-12T15:34:18+00:00\" \/>\n<meta name=\"twitter:card\" content=\"summary_large_image\" \/>\n<meta name=\"twitter:label1\" content=\"Tempo estimado de leitura\" \/>\n\t<meta name=\"twitter:data1\" content=\"3 minutos\" \/>\n<!-- \/ Yoast SEO plugin. -->","yoast_head_json":{"title":"Viber Chat - Adicione o plugin Viber Chat ao site GoDaddy!","description":"Incorpore o Viber Chat em seu site para uma conex\u00e3o melhor e r\u00e1pida com os clientes. Confira a demonstra\u00e7\u00e3o da Elfsight para criar seu pr\u00f3prio plugin agora.","robots":{"index":"index","follow":"follow","max-snippet":"max-snippet:-1","max-image-preview":"max-image-preview:large","max-video-preview":"max-video-preview:-1"},"canonical":"https:\/\/elfsight.com\/pt\/viber-chat-widget\/godaddy\/","og_locale":"pt_PT","og_type":"article","og_title":"Viber Chat - Adicione o plugin Viber Chat ao site GoDaddy!","og_description":"Incorpore o Viber Chat em seu site para uma conex\u00e3o melhor e r\u00e1pida com os clientes. Confira a demonstra\u00e7\u00e3o da Elfsight para criar seu pr\u00f3prio plugin agora.","og_url":"https:\/\/elfsight.com\/pt\/viber-chat-widget\/godaddy\/","og_site_name":"Elfsight PT","article_modified_time":"2024-11-12T15:34:18+00:00","twitter_card":"summary_large_image","twitter_misc":{"Tempo estimado de leitura":"3 minutos"},"schema":{"@context":"https:\/\/schema.org","@graph":[{"@type":"WebPage","@id":"https:\/\/elfsight.com\/pt\/viber-chat-widget\/godaddy\/","url":"https:\/\/elfsight.com\/pt\/viber-chat-widget\/godaddy\/","name":"Viber Chat - Adicione o plugin Viber Chat ao site GoDaddy!","isPartOf":{"@id":"https:\/\/elfsight.com\/pt\/#website"},"datePublished":"1970-01-01T00:00:00+00:00","dateModified":"2024-11-12T15:34:18+00:00","description":"Incorpore o Viber Chat em seu site para uma conex\u00e3o melhor e r\u00e1pida com os clientes. Confira a demonstra\u00e7\u00e3o da Elfsight para criar seu pr\u00f3prio plugin agora.","breadcrumb":{"@id":"https:\/\/elfsight.com\/pt\/viber-chat-widget\/godaddy\/#breadcrumb"},"inLanguage":"pt-PT","potentialAction":[{"@type":"ReadAction","target":["https:\/\/elfsight.com\/pt\/viber-chat-widget\/godaddy\/"]}]},{"@type":"BreadcrumbList","@id":"https:\/\/elfsight.com\/pt\/viber-chat-widget\/godaddy\/#breadcrumb","itemListElement":[{"@type":"ListItem","position":1,"name":"Home","item":"https:\/\/elfsight.com\/pt\/"},{"@type":"ListItem","position":2,"name":"Viber Chat","item":"https:\/\/elfsight.com\/pt\/viber-chat-widget\/"},{"@type":"ListItem","position":3,"name":"Viber Chat &#8211; GoDaddy"}]},{"@type":"WebSite","@id":"https:\/\/elfsight.com\/pt\/#website","url":"https:\/\/elfsight.com\/pt\/","name":"Elfsight PT","description":"Just another Elfsight Sites site","potentialAction":[{"@type":"SearchAction","target":{"@type":"EntryPoint","urlTemplate":"https:\/\/elfsight.com\/pt\/?s={search_term_string}"},"query-input":{"@type":"PropertyValueSpecification","valueRequired":true,"valueName":"search_term_string"}}],"inLanguage":"pt-PT"}]}},"meta_box":{"industry":"","seo_heading":"","heading":"","description":"","cta_heading":"","cta_description":"","application":"1583","h1":"Plug-in GoDaddy Viber Chat","h1_caption":"Mostre a experi\u00eancia do usu\u00e1rio feliz em seu site e conquiste novos usu\u00e1rios","application_category":[],"applications_title":"","applications_request_title":"","applications_request_button_text":"","hero_text":"","hero_video":"","hero_video_schema_markup":"","selling_points_title":"","selling_points_caption":"","selling_points":[],"selling_points_cta_text":"","features_title":"","features":"","ed_cta_examples_text":"","ed_cta_examples_hidden":"","ed_cta_demo_text":"","ed_cta_demo_hidden":"","why_caption":"","why_editor_title":"","why_editor_text":"","why_team_title":"","why_team_text":"","why_service_title":"","why_service_text":"","template_catalog_visible":"","template_catalog_title":"","template_catalog_text":"","template_catalog_categories_visible":"","demo_title":"Crie seu plugin Viber Chat","demo_caption":"Configure seu Viber Chat e adicione-o ao site GoDaddy gratuitamente!","default_faq_hidden":"","app_template_category":[],"platform":"4908","template_public_id":"","codecanyon_url":"","codecanyon_item_id":"","codecanyon_price":"","pricing_caption":"","pricing_elfsight_apps_hide_column":"","pricing_elfsight_apps_url":"","pricing_codecanyon_price_caption":"","integration_category":[],"integration_request_title":"","integration_request_cta":"","integration_platform":"","integrations":[],"platform_category":[],"video_schema_markup":"","price":"a partir de US$ 0\/m\u00eas","trial":"","benefits":[{"text":"Assist\u00eancia de instala\u00e7\u00e3o gratuita"},{"text":"Suporte premium"},{"text":"Garantia de reembolso de 14 dias"},{"text":"Atualizando constantemente"}],"button_url":"#demo","button_target_blank":"","button_nofollow":"","attributes":[{"name":"Instala\u00e7\u00f5es","content":"10,000 - 100,000"},{"name":"Responsivo","content":"Sim"},{"name":"Navegadores compat\u00edveis","content":"IE11, Firefox, Safari, Opera, Chrome, Edge"}],"tags":[],"tags_disable_links":"","hide_more_platforms":"","video_object":"","demo_hide_cta":"","demo_hide_cloud_options":"","pricing_title":"","pricing":[{"pricing_icon":"platform","pricing_title":"Elfsight Apps","pricing_title_caption":"Solu\u00e7\u00e3o digital multiplataforma","pricing_price":"a partir de US$ 0\/m\u00eas","pricing_price_caption":"comece com plano gratuito","pricing_benefits":[{"text":"Dom\u00ednios ilimitados"},{"text":"Suporte r\u00e1pido \u00e0 empresa"},{"text":"Suporte r\u00e1pido \u00e0 empresa"},{"text":"100% personaliz\u00e1vel"}],"pricing_button_text":"Adicionar ao site","pricing_button_url":"#demo"}],"related_apps_title":"","related_apps_hidden":"","author":"","image":[],"title":"","job":"","social_networks":[]},"_links":{"self":[{"href":"https:\/\/elfsight.com\/pt\/wp-json\/wp\/v2\/pages\/8568","targetHints":{"allow":["GET"]}}],"collection":[{"href":"https:\/\/elfsight.com\/pt\/wp-json\/wp\/v2\/pages"}],"about":[{"href":"https:\/\/elfsight.com\/pt\/wp-json\/wp\/v2\/types\/page"}],"author":[{"embeddable":true,"href":"https:\/\/elfsight.com\/pt\/wp-json\/wp\/v2\/users\/9"}],"replies":[{"embeddable":true,"href":"https:\/\/elfsight.com\/pt\/wp-json\/wp\/v2\/comments?post=8568"}],"version-history":[{"count":1,"href":"https:\/\/elfsight.com\/pt\/wp-json\/wp\/v2\/pages\/8568\/revisions"}],"predecessor-version":[{"id":8572,"href":"https:\/\/elfsight.com\/pt\/wp-json\/wp\/v2\/pages\/8568\/revisions\/8572"}],"up":[{"embeddable":true,"href":"https:\/\/elfsight.com\/pt\/wp-json\/wp\/v2\/pages\/1584"}],"wp:attachment":[{"href":"https:\/\/elfsight.com\/pt\/wp-json\/wp\/v2\/media?parent=8568"}],"curies":[{"name":"wp","href":"https:\/\/api.w.org\/{rel}","templated":true}]}}