{"id":8567,"date":"1970-01-01T00:00:00","date_gmt":"1970-01-01T00:00:00","guid":{"rendered":"https:\/\/elfsight.com\/pt\/?page_id=8567"},"modified":"2024-11-12T15:29:45","modified_gmt":"2024-11-12T15:29:45","slug":"prestashop","status":"publish","type":"page","link":"https:\/\/elfsight.com\/pt\/viber-chat-widget\/prestashop\/","title":{"rendered":"Viber Chat &#8211; PrestaShop"},"content":{"rendered":"<div class=\"application-platform-content-item-description application-platform-content-item\" id=\"description\" data-nav-section=\"description\"> <h2>Descri\u00e7\u00e3o<\/h2> <p>O Viber Chat criado pela Elfsight \u00e9 o mais simples para o pessoal do seu site se comunicar com voc\u00ea e ter respostas para suas perguntas. perguntas e solicita\u00e7\u00f5es. Agora voc\u00ea est\u00e1 dispon\u00edvel ao vivo para os usu\u00e1rios em seu popular mensageiro em qualquer lugar e a qualquer hora. Incorpore o Viber Chat em sua loja e deixe-o aparecer em p\u00e1ginas espec\u00edficas ou para tipos de usu\u00e1rios escolhidos, introduza gatilhos para iniciar o chat, crie sua mensagem de boas-vindas exclusiva, escolha \u00edcones e muito mais. Usando o bate-papo do Viber em seu site, voc\u00ea permanecer\u00e1 f\u00e1cil de alcan\u00e7ar com seus usu\u00e1rios a qualquer momento e independentemente de onde voc\u00ea estiver. <\/p><p><b>Obtenha o melhor do Viber Chat para facilitar seus objetivos de neg\u00f3cios! <\/b><\/p> <\/div> <div class=\"application-platform-content-item-features application-platform-content-item\" id=\"features\" data-nav-section=\"features\"> <h2>O widget oferece recursos pr\u00e1ticos e f\u00e1ceis, confira alguns deles: <\/h2> <ul><li>Adicionar Viber messenger em sua loja para manter contato com os visitantes<\/li><li>Forne\u00e7a respostas diretamente da sua conta Viber<\/li><li>Escolha entre tr\u00eas variantes de layout de bate-papo: bal\u00e3o flutuante, bal\u00e3o incorporado e janela de bate-papo incorporada<\/li><li> Escolha a variante do seu \u00edcone de bal\u00e3o em nosso conjunto de \u00edcones dispon\u00edveis<\/li><li>Edite o texto do bal\u00e3o de bate-papo<\/li><\/ul><p><a href=\"#demo\">Explorar todas as configura\u00e7\u00f5es na demonstra\u00e7\u00e3o completa<\/a><\/p> <\/div> <div class=\"application-platform-content-item-installation application-platform-content-item\" id=\"installation\" data-nav-section=\"installation\"> <h2>Como adicionar o Viber Chat ao meu site PrestaShop<\/h2> <p>Basta pegar v\u00e1rios etapas apresentadas abaixo para incorporar o complemento. <\/p> <ol><li><b>Realize nossa demonstra\u00e7\u00e3o gratuita e comece a criar seu pr\u00f3prio complemento. <\/b><br> Encontre o layout personalizado e as especifica\u00e7\u00f5es do widget e aplique as edi\u00e7\u00f5es. <\/li> <li><b>Copie o c\u00f3digo individual que aparece na janela dos aplicativos Elfsight. <\/b><br> Ap\u00f3s a conclus\u00e3o da personaliza\u00e7\u00e3o da sua ferramenta, copie o c\u00f3digo individual da janela exibida e salve-o para ocasi\u00f5es futuras. <\/li> <li><b>Comece a usar o complemento no seu site PrestaShop. <\/b><br> Insira o c\u00f3digo copiado recentemente em sua p\u00e1gina inicial e salve as modifica\u00e7\u00f5es. <\/li> <li><b>Pronto! A configura\u00e7\u00e3o foi realizada com sucesso. <\/b><br> V\u00e1 para sua p\u00e1gina para examinar como o complemento funciona. <\/li><\/ol> <p>Supondo que voc\u00ea tenha alguma complica\u00e7\u00e3o, n\u00e3o hesite em entrar em contato com nossa equipe de suporte. Nossos especialistas est\u00e3o ansiosos para ajud\u00e1-lo com todas as d\u00favidas que voc\u00ea possa ter sobre o widget. <\/p> <div class=\"faq\" data-component=\"FAQ\"> <div class=\"faq-item\">\r\n\t\t\t\t\t<div class=\"faq-item-question\">\r\n\t\t\t\t\t\t<h3 class=\"faq-item-question-text\">Como adicionar o Viber Chat ao meu site PrestaShop sem habilidades de codifica\u00e7\u00e3o?<\/h3>\r\n\r\n\t\t\t\t\t\t<div class=\"faq-item-question-icon\"><\/div>\r\n\t\t\t\t\t<\/div>\r\n\r\n\t\t\t\t\t<div class=\"faq-item-answer\">\r\n\t\t\t\t\t\t<div class=\"faq-item-answer-text\"> <p>A Elfsight fornece uma solu\u00e7\u00e3o SaaS que permite que voc\u00ea mesmo crie um widget do Viber Chat, veja como \u00e9 f\u00e1cil o processo \u00e9: Trabalhe diretamente no Editor on-line para criar um widget Viber Chat que voc\u00ea gostaria de ver no seu site PrestaShop. Escolha um dos modelos predefinidos e ajuste as configura\u00e7\u00f5es do Viber Chat, adicione seu conte\u00fado, altere o layout e o esquema de cores sem nenhuma habilidade de codifica\u00e7\u00e3o. Salve o Viber Chat e copie seu c\u00f3digo de instala\u00e7\u00e3o, que voc\u00ea pode incorporar facilmente no seu site PrestaShop sem comprar uma assinatura paga. Com nosso editor intuitivo, qualquer usu\u00e1rio da Internet pode criar um widget Viber Chat online e incorpor\u00e1-lo facilmente ao seu site PrestaShop. N\u00e3o h\u00e1 necessidade de pagar ou inserir as credenciais do seu cart\u00e3o para acessar o servi\u00e7o. Se voc\u00ea enfrentar qualquer problema em qualquer etapa, n\u00e3o hesite em entrar em contato com nossa equipe de suporte t\u00e9cnico.<\/p> <\/div>\r\n\t\t\t\t\t<\/div>\r\n\t\t\t\t<\/div> <\/div> <\/div>","protected":false},"excerpt":{"rendered":"","protected":false},"author":9,"featured_media":0,"parent":1584,"menu_order":0,"comment_status":"closed","ping_status":"closed","template":"templates\/template-application-platform.php","meta":{"publish_to_discourse":"","publish_post_category":"","wpdc_auto_publish_overridden":"","wpdc_topic_tags":"","wpdc_pin_topic":"","wpdc_pin_until":"","discourse_post_id":"","discourse_permalink":"","wpdc_publishing_response":"","wpdc_publishing_error":"","footnotes":""},"class_list":["post-8567","page","type-page","status-publish","hentry"],"yoast_head":"<!-- This site is optimized with the Yoast SEO plugin v25.3.1 - https:\/\/yoast.com\/wordpress\/plugins\/seo\/ -->\n<title>Adicionar Viber Chat ao site PrestaShop sem codifica\u00e7\u00e3o (2025)<\/title>\n<meta name=\"description\" content=\"Adicione o Viber Chat ao seu site para uma comunica\u00e7\u00e3o melhor e mais r\u00e1pida com os clientes. Teste a demonstra\u00e7\u00e3o gratuita da Elfsight para configurar seu complemento personalizado agora.\" \/>\n<meta name=\"robots\" content=\"index, follow, max-snippet:-1, max-image-preview:large, max-video-preview:-1\" \/>\n<link rel=\"canonical\" href=\"https:\/\/elfsight.com\/pt\/viber-chat-widget\/prestashop\/\" \/>\n<meta property=\"og:locale\" content=\"pt_PT\" \/>\n<meta property=\"og:type\" content=\"article\" \/>\n<meta property=\"og:title\" content=\"Adicionar Viber Chat ao site PrestaShop sem codifica\u00e7\u00e3o (2025)\" \/>\n<meta property=\"og:description\" content=\"Adicione o Viber Chat ao seu site para uma comunica\u00e7\u00e3o melhor e mais r\u00e1pida com os clientes. Teste a demonstra\u00e7\u00e3o gratuita da Elfsight para configurar seu complemento personalizado agora.\" \/>\n<meta property=\"og:url\" content=\"https:\/\/elfsight.com\/pt\/viber-chat-widget\/prestashop\/\" \/>\n<meta property=\"og:site_name\" content=\"Elfsight PT\" \/>\n<meta property=\"article:modified_time\" content=\"2024-11-12T15:29:45+00:00\" \/>\n<meta name=\"twitter:card\" content=\"summary_large_image\" \/>\n<meta name=\"twitter:label1\" content=\"Tempo estimado de leitura\" \/>\n\t<meta name=\"twitter:data1\" content=\"3 minutos\" \/>\n<!-- \/ Yoast SEO plugin. -->","yoast_head_json":{"title":"Adicionar Viber Chat ao site PrestaShop sem codifica\u00e7\u00e3o (2025)","description":"Adicione o Viber Chat ao seu site para uma comunica\u00e7\u00e3o melhor e mais r\u00e1pida com os clientes. Teste a demonstra\u00e7\u00e3o gratuita da Elfsight para configurar seu complemento personalizado agora.","robots":{"index":"index","follow":"follow","max-snippet":"max-snippet:-1","max-image-preview":"max-image-preview:large","max-video-preview":"max-video-preview:-1"},"canonical":"https:\/\/elfsight.com\/pt\/viber-chat-widget\/prestashop\/","og_locale":"pt_PT","og_type":"article","og_title":"Adicionar Viber Chat ao site PrestaShop sem codifica\u00e7\u00e3o (2025)","og_description":"Adicione o Viber Chat ao seu site para uma comunica\u00e7\u00e3o melhor e mais r\u00e1pida com os clientes. Teste a demonstra\u00e7\u00e3o gratuita da Elfsight para configurar seu complemento personalizado agora.","og_url":"https:\/\/elfsight.com\/pt\/viber-chat-widget\/prestashop\/","og_site_name":"Elfsight PT","article_modified_time":"2024-11-12T15:29:45+00:00","twitter_card":"summary_large_image","twitter_misc":{"Tempo estimado de leitura":"3 minutos"},"schema":{"@context":"https:\/\/schema.org","@graph":[{"@type":"WebPage","@id":"https:\/\/elfsight.com\/pt\/viber-chat-widget\/prestashop\/","url":"https:\/\/elfsight.com\/pt\/viber-chat-widget\/prestashop\/","name":"Adicionar Viber Chat ao site PrestaShop sem codifica\u00e7\u00e3o (2025)","isPartOf":{"@id":"https:\/\/elfsight.com\/pt\/#website"},"datePublished":"1970-01-01T00:00:00+00:00","dateModified":"2024-11-12T15:29:45+00:00","description":"Adicione o Viber Chat ao seu site para uma comunica\u00e7\u00e3o melhor e mais r\u00e1pida com os clientes. Teste a demonstra\u00e7\u00e3o gratuita da Elfsight para configurar seu complemento personalizado agora.","breadcrumb":{"@id":"https:\/\/elfsight.com\/pt\/viber-chat-widget\/prestashop\/#breadcrumb"},"inLanguage":"pt-PT","potentialAction":[{"@type":"ReadAction","target":["https:\/\/elfsight.com\/pt\/viber-chat-widget\/prestashop\/"]}]},{"@type":"BreadcrumbList","@id":"https:\/\/elfsight.com\/pt\/viber-chat-widget\/prestashop\/#breadcrumb","itemListElement":[{"@type":"ListItem","position":1,"name":"Home","item":"https:\/\/elfsight.com\/pt\/"},{"@type":"ListItem","position":2,"name":"Viber Chat","item":"https:\/\/elfsight.com\/pt\/viber-chat-widget\/"},{"@type":"ListItem","position":3,"name":"Viber Chat &#8211; PrestaShop"}]},{"@type":"WebSite","@id":"https:\/\/elfsight.com\/pt\/#website","url":"https:\/\/elfsight.com\/pt\/","name":"Elfsight PT","description":"Just another Elfsight Sites site","potentialAction":[{"@type":"SearchAction","target":{"@type":"EntryPoint","urlTemplate":"https:\/\/elfsight.com\/pt\/?s={search_term_string}"},"query-input":{"@type":"PropertyValueSpecification","valueRequired":true,"valueName":"search_term_string"}}],"inLanguage":"pt-PT"}]}},"meta_box":{"industry":"","seo_heading":"","heading":"","description":"","cta_heading":"","cta_description":"","application":"1583","h1":"Complemento de bate-papo PrestaShop Viber","h1_caption":"O canal de comunica\u00e7\u00e3o mais f\u00e1cil para o p\u00fablico do seu site","application_category":[],"applications_title":"","applications_request_title":"","applications_request_button_text":"","hero_text":"","hero_video":"","hero_video_schema_markup":"","selling_points_title":"","selling_points_caption":"","selling_points":[],"selling_points_cta_text":"","features_title":"","features":"","ed_cta_examples_text":"","ed_cta_examples_hidden":"","ed_cta_demo_text":"","ed_cta_demo_hidden":"","why_caption":"","why_editor_title":"","why_editor_text":"","why_team_title":"","why_team_text":"","why_service_title":"","why_service_text":"","template_catalog_visible":"","template_catalog_title":"","template_catalog_text":"","template_catalog_categories_visible":"","demo_title":"Crie seu complemento Viber Chat","demo_caption":"Configure seu Viber Chat e adicione-o ao seu site PrestaShop gratuitamente!","default_faq_hidden":"","app_template_category":[],"platform":"5343","template_public_id":"","codecanyon_url":"","codecanyon_item_id":"","codecanyon_price":"","pricing_caption":"","pricing_elfsight_apps_hide_column":"","pricing_elfsight_apps_url":"","pricing_codecanyon_price_caption":"","integration_category":[],"integration_request_title":"","integration_request_cta":"","integration_platform":"","integrations":[],"platform_category":[],"video_schema_markup":"","price":"a partir de US$ 0\/m\u00eas","trial":"","benefits":[{"text":"Servi\u00e7o de instala\u00e7\u00e3o gratuito"},{"text":"Suporte ao cliente experiente"},{"text":"Garantia de devolu\u00e7\u00e3o do dinheiro em 14 dias"},{"text":"Melhorias cont\u00ednuas"}],"button_url":"#demo","button_target_blank":"","button_nofollow":"","attributes":[{"name":"Instala\u00e7\u00f5es","content":"10,000 - 100,000"},{"name":"Responsivo","content":"Sim"},{"name":"Navegadores compat\u00edveis","content":"Firefox, Safari, Opera, Chrome, Edge"}],"tags":[],"tags_disable_links":"","hide_more_platforms":"","video_object":"","demo_hide_cta":"","demo_hide_cloud_options":"","pricing_title":"","pricing":[{"pricing_icon":"platform","pricing_title":"Elfsight Apps","pricing_title_caption":"Vers\u00e3o multiplataforma que funciona em qualquer site","pricing_price":"a partir de US$ 0\/m\u00eas","pricing_price_caption":"comece com um plano gratuito","pricing_benefits":[{"text":"Dom\u00ednios ilimitados"},{"text":"Suporte gratuito ao cliente"},{"text":"Suporte gratuito ao cliente"},{"text":"Design flex\u00edvel"}],"pricing_button_text":"Adicionar ao site","pricing_button_url":"#demo"}],"related_apps_title":"","related_apps_hidden":"","author":"","image":[],"title":"","job":"","social_networks":[]},"_links":{"self":[{"href":"https:\/\/elfsight.com\/pt\/wp-json\/wp\/v2\/pages\/8567","targetHints":{"allow":["GET"]}}],"collection":[{"href":"https:\/\/elfsight.com\/pt\/wp-json\/wp\/v2\/pages"}],"about":[{"href":"https:\/\/elfsight.com\/pt\/wp-json\/wp\/v2\/types\/page"}],"author":[{"embeddable":true,"href":"https:\/\/elfsight.com\/pt\/wp-json\/wp\/v2\/users\/9"}],"replies":[{"embeddable":true,"href":"https:\/\/elfsight.com\/pt\/wp-json\/wp\/v2\/comments?post=8567"}],"version-history":[{"count":1,"href":"https:\/\/elfsight.com\/pt\/wp-json\/wp\/v2\/pages\/8567\/revisions"}],"predecessor-version":[{"id":8571,"href":"https:\/\/elfsight.com\/pt\/wp-json\/wp\/v2\/pages\/8567\/revisions\/8571"}],"up":[{"embeddable":true,"href":"https:\/\/elfsight.com\/pt\/wp-json\/wp\/v2\/pages\/1584"}],"wp:attachment":[{"href":"https:\/\/elfsight.com\/pt\/wp-json\/wp\/v2\/media?parent=8567"}],"curies":[{"name":"wp","href":"https:\/\/api.w.org\/{rel}","templated":true}]}}