{"id":8562,"date":"1970-01-01T00:00:00","date_gmt":"1970-01-01T00:00:00","guid":{"rendered":"https:\/\/elfsight.com\/pt\/?page_id=8562"},"modified":"2024-11-12T15:27:38","modified_gmt":"2024-11-12T15:27:38","slug":"jimdo","status":"publish","type":"page","link":"https:\/\/elfsight.com\/pt\/viber-chat-widget\/jimdo\/","title":{"rendered":"Viber Chat &#8211; Jimdo"},"content":{"rendered":"<div class=\"application-platform-content-item-description application-platform-content-item\" id=\"description\" data-nav-section=\"description\"><h2>Descri\u00e7\u00e3o<\/h2> <p>O Viber Chat criado pela Elfsight \u00e9 o mais simples para o pessoal do seu site se comunicar com voc\u00ea e obter respostas \u00e0s suas perguntas e solicita\u00e7\u00f5es. Voc\u00ea \u00e9 livre para ficar dispon\u00edvel online para a clientela em seu querido mensageiro 24 horas por dia, 7 dias por semana. Adicione o Viber Chat em uma p\u00e1gina da web e ele pode aparecer nas p\u00e1ginas mais importantes ou para tipos espec\u00edficos de clientes, escolha gatilhos para iniciar o chat, demonstre sua pr\u00f3pria mensagem de boas-vindas, alinhe \u00edcones e aplique outras personaliza\u00e7\u00f5es. Ao usar o bate-papo do Viber instalado no site, voc\u00ea permanecer\u00e1 informado de que \u00e9 seu visitante a qualquer momento e independentemente de sua localiza\u00e7\u00e3o. <\/p><p><b>Torne seu site mais eficaz para alvos de neg\u00f3cios com a ajuda do Viber Chat.<\/b><\/p> <\/div> <div class=\"application-platform-content-item-features application-platform-content-item\" id=\"features\" data-nav-section=\"features\"> <h2>Veja o lista dos recursos mais poderosos: <\/h2> <ul><li>Insira o Viber messenger em sua loja para ficar sempre dispon\u00edvel para os usu\u00e1rios<\/li><li>Responda \u00e0s mensagens diretamente da sua p\u00e1gina do Viber<\/li><li> Tr\u00eas tipos de localiza\u00e7\u00e3o de bate-papo: como um bal\u00e3o flutuante, um bal\u00e3o incorporado e uma janela de bate-papo incorporada.<\/li><li>Explore uma biblioteca de \u00edcones de bal\u00e3o para extrair<\/li><li>Texto de bal\u00e3o edit\u00e1vel<\/li> <\/ul><p><a href=\"#demo\">Basta verificar esta demonstra\u00e7\u00e3o para ver como funciona<\/a><\/p> <\/div> <div class=\"application-platform-content-item-installation application-platform-content-item\" id=\"installation\" data-nav-section=\"installation\"> <h2>Como adicionar o Viber Chat a um site Jimdo? <\/h2> <p>Basta seguir as orienta\u00e7\u00f5es abaixo para ativar o widget. <\/p> <ol><li><b>Utilize nosso editor gratuito e comece a criar seu widget personalizado. <\/b><br> Determine o layout selecionado e a funcionalidade da ferramenta e salve as edi\u00e7\u00f5es. <\/li> <li><b>Obtenha o c\u00f3digo individual revelado na caixa dos aplicativos Elfsight. <\/b><br> Quando a personaliza\u00e7\u00e3o da sua ferramenta pessoal for conclu\u00edda, copie o c\u00f3digo pessoal no pop-up exibido e salve-o para uso posterior. <\/li> <li><b>Entre usando o widget na p\u00e1gina inicial do Jimdo. <\/b><br> Implemente o c\u00f3digo que voc\u00ea salvou anteriormente em sua p\u00e1gina inicial e aplique as melhorias. <\/li> <li><b>A configura\u00e7\u00e3o foi executada com sucesso. <\/b><br> Visite sua p\u00e1gina da web para examinar o funcionamento do widget. <\/li><\/ol> <p>Na condi\u00e7\u00e3o de ter d\u00favidas ou enfrentar alguma dificuldade, n\u00e3o tenha medo de entrar em contato com nossa equipe de atendimento ao cliente. Nosso pessoal ficar\u00e1 feliz em ajud\u00e1-lo com todas as d\u00favidas que voc\u00ea possa ter sobre o widget. <\/p> <div class=\"faq\" data-component=\"FAQ\"> <div class=\"faq-item\">\r\n\t\t\t\t\t<div class=\"faq-item-question\">\r\n\t\t\t\t\t\t<h3 class=\"faq-item-question-text\">Como posso adicionar o Viber Chat ao meu site Jimdo sem habilidades de codifica\u00e7\u00e3o?<\/h3>\r\n\r\n\t\t\t\t\t\t<div class=\"faq-item-question-icon\"><\/div>\r\n\t\t\t\t\t<\/div>\r\n\r\n\t\t\t\t\t<div class=\"faq-item-answer\">\r\n\t\t\t\t\t\t<div class=\"faq-item-answer-text\"> <p>A Elfsight fornece uma solu\u00e7\u00e3o SaaS que permite que voc\u00ea mesmo crie um widget do Viber Chat, veja como \u00e9 f\u00e1cil O processo \u00e9: Trabalhe diretamente no Editor on-line para criar um widget Viber Chat que voc\u00ea gostaria de ver em seu site Jimdo. Escolha um dos modelos predefinidos e ajuste as configura\u00e7\u00f5es do Viber Chat, adicione seu conte\u00fado, altere o layout e o esquema de cores sem nenhuma habilidade de codifica\u00e7\u00e3o. Salve o Viber Chat e copie seu c\u00f3digo de instala\u00e7\u00e3o, que voc\u00ea pode simplesmente incorporar em seu site Jimdo sem a necessidade de comprar uma vers\u00e3o paga. Com nosso editor intuitivo, qualquer usu\u00e1rio da Internet pode criar um widget Viber Chat online e incorpor\u00e1-lo facilmente ao seu site Jimdo. N\u00e3o h\u00e1 necessidade de pagar ou inserir as credenciais do seu cart\u00e3o para acessar o servi\u00e7o. Se voc\u00ea enfrentar qualquer problema em qualquer etapa, n\u00e3o hesite em entrar em contato com nossa equipe de suporte t\u00e9cnico.<\/p> <\/div>\r\n\t\t\t\t\t<\/div>\r\n\t\t\t\t<\/div> <\/div> <\/div>","protected":false},"excerpt":{"rendered":"","protected":false},"author":9,"featured_media":0,"parent":1584,"menu_order":0,"comment_status":"closed","ping_status":"closed","template":"templates\/template-application-platform.php","meta":{"publish_to_discourse":"","publish_post_category":"","wpdc_auto_publish_overridden":"","wpdc_topic_tags":"","wpdc_pin_topic":"","wpdc_pin_until":"","discourse_post_id":"","discourse_permalink":"","wpdc_publishing_response":"","wpdc_publishing_error":"","footnotes":""},"class_list":["post-8562","page","type-page","status-publish","hentry"],"yoast_head":"<!-- This site is optimized with the Yoast SEO plugin v25.3.1 - https:\/\/yoast.com\/wordpress\/plugins\/seo\/ -->\n<title>Adicionar Viber Chat ao site Jimdo sem codifica\u00e7\u00e3o (2025)<\/title>\n<meta name=\"description\" content=\"Adicione o Viber Chat ao seu site para uma comunica\u00e7\u00e3o melhor e r\u00e1pida com os clientes. Teste a demonstra\u00e7\u00e3o gratuita da Elfsight para configurar seu widget personalizado agora.\" \/>\n<meta name=\"robots\" content=\"index, follow, max-snippet:-1, max-image-preview:large, max-video-preview:-1\" \/>\n<link rel=\"canonical\" href=\"https:\/\/elfsight.com\/pt\/viber-chat-widget\/jimdo\/\" \/>\n<meta property=\"og:locale\" content=\"pt_PT\" \/>\n<meta property=\"og:type\" content=\"article\" \/>\n<meta property=\"og:title\" content=\"Adicionar Viber Chat ao site Jimdo sem codifica\u00e7\u00e3o (2025)\" \/>\n<meta property=\"og:description\" content=\"Adicione o Viber Chat ao seu site para uma comunica\u00e7\u00e3o melhor e r\u00e1pida com os clientes. Teste a demonstra\u00e7\u00e3o gratuita da Elfsight para configurar seu widget personalizado agora.\" \/>\n<meta property=\"og:url\" content=\"https:\/\/elfsight.com\/pt\/viber-chat-widget\/jimdo\/\" \/>\n<meta property=\"og:site_name\" content=\"Elfsight PT\" \/>\n<meta property=\"article:modified_time\" content=\"2024-11-12T15:27:38+00:00\" \/>\n<meta name=\"twitter:card\" content=\"summary_large_image\" \/>\n<meta name=\"twitter:label1\" content=\"Tempo estimado de leitura\" \/>\n\t<meta name=\"twitter:data1\" content=\"3 minutos\" \/>\n<!-- \/ Yoast SEO plugin. -->","yoast_head_json":{"title":"Adicionar Viber Chat ao site Jimdo sem codifica\u00e7\u00e3o (2025)","description":"Adicione o Viber Chat ao seu site para uma comunica\u00e7\u00e3o melhor e r\u00e1pida com os clientes. Teste a demonstra\u00e7\u00e3o gratuita da Elfsight para configurar seu widget personalizado agora.","robots":{"index":"index","follow":"follow","max-snippet":"max-snippet:-1","max-image-preview":"max-image-preview:large","max-video-preview":"max-video-preview:-1"},"canonical":"https:\/\/elfsight.com\/pt\/viber-chat-widget\/jimdo\/","og_locale":"pt_PT","og_type":"article","og_title":"Adicionar Viber Chat ao site Jimdo sem codifica\u00e7\u00e3o (2025)","og_description":"Adicione o Viber Chat ao seu site para uma comunica\u00e7\u00e3o melhor e r\u00e1pida com os clientes. Teste a demonstra\u00e7\u00e3o gratuita da Elfsight para configurar seu widget personalizado agora.","og_url":"https:\/\/elfsight.com\/pt\/viber-chat-widget\/jimdo\/","og_site_name":"Elfsight PT","article_modified_time":"2024-11-12T15:27:38+00:00","twitter_card":"summary_large_image","twitter_misc":{"Tempo estimado de leitura":"3 minutos"},"schema":{"@context":"https:\/\/schema.org","@graph":[{"@type":"WebPage","@id":"https:\/\/elfsight.com\/pt\/viber-chat-widget\/jimdo\/","url":"https:\/\/elfsight.com\/pt\/viber-chat-widget\/jimdo\/","name":"Adicionar Viber Chat ao site Jimdo sem codifica\u00e7\u00e3o (2025)","isPartOf":{"@id":"https:\/\/elfsight.com\/pt\/#website"},"datePublished":"1970-01-01T00:00:00+00:00","dateModified":"2024-11-12T15:27:38+00:00","description":"Adicione o Viber Chat ao seu site para uma comunica\u00e7\u00e3o melhor e r\u00e1pida com os clientes. Teste a demonstra\u00e7\u00e3o gratuita da Elfsight para configurar seu widget personalizado agora.","breadcrumb":{"@id":"https:\/\/elfsight.com\/pt\/viber-chat-widget\/jimdo\/#breadcrumb"},"inLanguage":"pt-PT","potentialAction":[{"@type":"ReadAction","target":["https:\/\/elfsight.com\/pt\/viber-chat-widget\/jimdo\/"]}]},{"@type":"BreadcrumbList","@id":"https:\/\/elfsight.com\/pt\/viber-chat-widget\/jimdo\/#breadcrumb","itemListElement":[{"@type":"ListItem","position":1,"name":"Home","item":"https:\/\/elfsight.com\/pt\/"},{"@type":"ListItem","position":2,"name":"Viber Chat","item":"https:\/\/elfsight.com\/pt\/viber-chat-widget\/"},{"@type":"ListItem","position":3,"name":"Viber Chat &#8211; Jimdo"}]},{"@type":"WebSite","@id":"https:\/\/elfsight.com\/pt\/#website","url":"https:\/\/elfsight.com\/pt\/","name":"Elfsight PT","description":"Just another Elfsight Sites site","potentialAction":[{"@type":"SearchAction","target":{"@type":"EntryPoint","urlTemplate":"https:\/\/elfsight.com\/pt\/?s={search_term_string}"},"query-input":{"@type":"PropertyValueSpecification","valueRequired":true,"valueName":"search_term_string"}}],"inLanguage":"pt-PT"}]}},"meta_box":{"industry":"","seo_heading":"","heading":"","description":"","cta_heading":"","cta_description":"","application":"1583","h1":"Bate-papo Jimdo Viber","h1_caption":"A ferramenta de intera\u00e7\u00e3o mais pr\u00e1tica para o p\u00fablico do seu site","application_category":[],"applications_title":"","applications_request_title":"","applications_request_button_text":"","hero_text":"","hero_video":"","hero_video_schema_markup":"","selling_points_title":"","selling_points_caption":"","selling_points":[],"selling_points_cta_text":"","features_title":"","features":"","ed_cta_examples_text":"","ed_cta_examples_hidden":"","ed_cta_demo_text":"","ed_cta_demo_hidden":"","why_caption":"","why_editor_title":"","why_editor_text":"","why_team_title":"","why_team_text":"","why_service_title":"","why_service_text":"","template_catalog_visible":"","template_catalog_title":"","template_catalog_text":"","template_catalog_categories_visible":"","demo_title":"Crie seu widget Viber Chat","demo_caption":"Configure seu Viber Chat e adicione-o ao seu site Jimdo gratuitamente!","default_faq_hidden":"","app_template_category":[],"platform":"5393","template_public_id":"","codecanyon_url":"","codecanyon_item_id":"","codecanyon_price":"","pricing_caption":"","pricing_elfsight_apps_hide_column":"","pricing_elfsight_apps_url":"","pricing_codecanyon_price_caption":"","integration_category":[],"integration_request_title":"","integration_request_cta":"","integration_platform":"","integrations":[],"platform_category":[],"video_schema_markup":"","price":"a partir de US$ 0\/m\u00eas","trial":"","benefits":[{"text":"Ajuda de instala\u00e7\u00e3o gratuita"},{"text":"Suporte ao cliente experiente"},{"text":"Garantia de devolu\u00e7\u00e3o do dinheiro em 14 dias"},{"text":"Atualizando constantemente"}],"button_url":"#demo","button_target_blank":"","button_nofollow":"","attributes":[{"name":"Instala\u00e7\u00f5es","content":"10,000 - 100,000"},{"name":"Responsivo","content":"Sim"},{"name":"Navegadores compat\u00edveis","content":"Firefox, Safari, Opera, Chrome, Edge"}],"tags":[],"tags_disable_links":"","hide_more_platforms":"","video_object":"","demo_hide_cta":"","demo_hide_cloud_options":"","pricing_title":"","pricing":[{"pricing_icon":"platform","pricing_title":"Elfsight Apps","pricing_title_caption":"Solu\u00e7\u00e3o independente de plataforma que se adapta a qualquer site","pricing_price":"a partir de US$ 0\/m\u00eas","pricing_price_caption":"comece com um plano gratuito","pricing_benefits":[{"text":"N\u00famero irrestrito de dom\u00ednios"},{"text":"Suporte gratuito \u00e0 empresa"},{"text":"Suporte gratuito \u00e0 empresa"},{"text":"Totalmente personaliz\u00e1vel"}],"pricing_button_text":"Adicionar ao site","pricing_button_url":"#demo"}],"related_apps_title":"","related_apps_hidden":"","author":"","image":[],"title":"","job":"","social_networks":[]},"_links":{"self":[{"href":"https:\/\/elfsight.com\/pt\/wp-json\/wp\/v2\/pages\/8562","targetHints":{"allow":["GET"]}}],"collection":[{"href":"https:\/\/elfsight.com\/pt\/wp-json\/wp\/v2\/pages"}],"about":[{"href":"https:\/\/elfsight.com\/pt\/wp-json\/wp\/v2\/types\/page"}],"author":[{"embeddable":true,"href":"https:\/\/elfsight.com\/pt\/wp-json\/wp\/v2\/users\/9"}],"replies":[{"embeddable":true,"href":"https:\/\/elfsight.com\/pt\/wp-json\/wp\/v2\/comments?post=8562"}],"version-history":[{"count":1,"href":"https:\/\/elfsight.com\/pt\/wp-json\/wp\/v2\/pages\/8562\/revisions"}],"predecessor-version":[{"id":8566,"href":"https:\/\/elfsight.com\/pt\/wp-json\/wp\/v2\/pages\/8562\/revisions\/8566"}],"up":[{"embeddable":true,"href":"https:\/\/elfsight.com\/pt\/wp-json\/wp\/v2\/pages\/1584"}],"wp:attachment":[{"href":"https:\/\/elfsight.com\/pt\/wp-json\/wp\/v2\/media?parent=8562"}],"curies":[{"name":"wp","href":"https:\/\/api.w.org\/{rel}","templated":true}]}}