{"id":8513,"date":"1970-01-01T00:00:00","date_gmt":"1970-01-01T00:00:00","guid":{"rendered":"https:\/\/elfsight.com\/pt\/?page_id=8513"},"modified":"2024-11-12T15:29:45","modified_gmt":"2024-11-12T15:29:45","slug":"prestashop","status":"publish","type":"page","link":"https:\/\/elfsight.com\/pt\/twitter-feed-widget\/prestashop\/","title":{"rendered":"Twitter Feed &#8211; PrestaShop"},"content":{"rendered":"<div class=\"application-platform-content-item-description application-platform-content-item\" id=\"description\" data-nav-section=\"description\"> <h2>Descri\u00e7\u00e3o<\/h2> <p>Elfsight Twitter Feed para Prestashop \u00e9 um widget cujo objetivo \u00e9 auxili\u00e1-lo em todas as demandas atuais na obten\u00e7\u00e3o de impress\u00f5es e solicita\u00e7\u00f5es de usu\u00e1rios do seu site. Exiba as partes cruciais para o preenchimento, encontre o template desejado e adapte a interface para motivar ainda mais seus visitantes a deixarem demandas pelos servi\u00e7os de sua empresa. Nosso Twitter Feed foi projetado para atender a todas as suas necessidades de obter feedback e estar em contato com sua clientela. <\/p><p><b>Insira o feed do Twitter para superar seus desafios de com\u00e9rcio eletr\u00f4nico com mais rapidez! <\/b><\/p> <\/div> <div class=\"application-platform-content-item-features application-platform-content-item\" id=\"features\" data-nav-section=\"features\"> <h2>Confira a lista dos recursos mais importantes: <\/h2> <ul><li>Exiba Tweets de sua pr\u00f3pria conta ou filtrar por hashtag<\/li><li>Crie um feed com Tweets de depoimentos sobre sua empresa<\/li><li>O bot\u00e3o Seguir no cabe\u00e7alho ajuda a aumentar o n\u00famero de seu p\u00fablico<\/li><li>Todas as a\u00e7\u00f5es de Tweet s\u00e3o suportadas: responder, curtir, retuitar. <\/li><li>Um \u00edcone especial para marcar contas verificadas<\/li><li>\u00d3timos links de visualiza\u00e7\u00e3o em Tweets<\/li><li>conte\u00fado de v\u00eddeo, exibindo foto e formata\u00e7\u00e3o de texto do Tweet<\/li><li>Retweetar contagem, contagem de curtidas em tweets<\/li><li>Tipo de feed ou depoimentos da apresenta\u00e7\u00e3o<\/li><li>Abertura de tweet no s\u00edmbolo do clique do Twitter<\/li><\/ul><p><a href=\"# demo\">Basta verificar esta demonstra\u00e7\u00e3o para ter uma ideia completa<\/a><\/p> <\/div> <div class=\"application-platform-content-item-installation application-platform-content-item\" id=\"installation\" data-nav-section=\"installation\"> <h2>Como incorporar o feed do Twitter no meu site PrestaShop<\/h2> <p>Basta seguir estas etapas descritas abaixo para integrar a ferramenta. <\/p> <ol><li><b>Inicie nosso configurador gratuito e comece a moldar seu pr\u00f3prio instrumento. <\/b><br> Especifique a apar\u00eancia selecionada e as especifica\u00e7\u00f5es do widget e aplique as modifica\u00e7\u00f5es. <\/li> <li><b>Copie o seu c\u00f3digo exclusivo revelado na janela dos aplicativos Elfsight. <\/b><br> Assim que a cria\u00e7\u00e3o do seu widget pessoal for conclu\u00edda, copie o c\u00f3digo individual do pop-up exibido e salve-o para uso posterior. <\/li> <li><b>Iniciar a aplica\u00e7\u00e3o da ferramenta na p\u00e1gina do PrestaShop. <\/b><br> Implemente o c\u00f3digo salvo anteriormente em seu site e aplique as corre\u00e7\u00f5es. <\/li> <li><b>A instala\u00e7\u00e3o est\u00e1 totalmente conclu\u00edda. <\/b><br> Acesse sua p\u00e1gina web para observar o funcionamento da ferramenta. <\/li><\/ol> <p>Supondo que voc\u00ea tenha alguma complica\u00e7\u00e3o, sinta-se \u00e0 vontade para entrar em contato com nossa equipe de atendimento ao cliente. Nosso pessoal ter\u00e1 prazer em resolver todos os problemas que voc\u00ea possa ter com o widget. <\/p> <\/div><div class=\"faq\" data-component=\"FAQ\"><div class=\"faq-item\">\r\n\t\t\t\t\t<div class=\"faq-item-question\">\r\n\t\t\t\t\t\t<h3 class=\"faq-item-question-text\">Como adicionar Twitter Feed ao meu PrestaShop sem experi\u00eancia em codifica\u00e7\u00e3o?<\/h3>\r\n\r\n\t\t\t\t\t\t<div class=\"faq-item-question-icon\"><\/div>\r\n\t\t\t\t\t<\/div>\r\n\r\n\t\t\t\t\t<div class=\"faq-item-answer\">\r\n\t\t\t\t\t\t<div class=\"faq-item-answer-text\"><p>A empresa Elfsight apresenta uma solu\u00e7\u00e3o SaaS que permite que voc\u00ea mesmo gere um widget de feed do Twitter, veja as etapas simples:<\/p><ul><li>Trabalhe diretamente no editor ao vivo para criar uma se\u00e7\u00e3o de feed do Twitter que voc\u00ea gostaria de incluir no PrestaShop.<\/li><li>Selecione um dos modelos predefinidos e adapte as configura\u00e7\u00f5es do Twitter Feed, inclua seu conte\u00fado, altere o layout e o esquema de cores sem experi\u00eancia em codifica\u00e7\u00e3o.<\/li><li>Salve as configura\u00e7\u00f5es feitas no Twitter Feed e copie o c\u00f3digo de instala\u00e7\u00e3o, que voc\u00ea pode incorporar gratuitamente no site PrestaShop.<\/li><\/ul><p>Usando o configurador intuitivo, cada usu\u00e1rio da Internet pode estabelecer o plugin Twitter Feed on-line e simplesmente adicion\u00e1-lo ao site PrestaShop. Voc\u00ea n\u00e3o deve pagar ou divulgar os dados do seu cart\u00e3o para acessar nosso servi\u00e7o. Se voc\u00ea encontrar algum problema em qualquer etapa, sinta-se \u00e0 vontade para entrar em contato com nossa equipe de suporte.<\/p><\/div>\r\n\t\t\t\t\t<\/div>\r\n\t\t\t\t<\/div><\/div>","protected":false},"excerpt":{"rendered":"","protected":false},"author":9,"featured_media":0,"parent":832,"menu_order":0,"comment_status":"closed","ping_status":"closed","template":"templates\/template-application-platform.php","meta":{"publish_to_discourse":"","publish_post_category":"","wpdc_auto_publish_overridden":"","wpdc_topic_tags":"","wpdc_pin_topic":"","wpdc_pin_until":"","discourse_post_id":"","discourse_permalink":"","wpdc_publishing_response":"","wpdc_publishing_error":"","footnotes":""},"class_list":["post-8513","page","type-page","status-publish","hentry"],"yoast_head":"<!-- This site is optimized with the Yoast SEO plugin v25.3.1 - https:\/\/yoast.com\/wordpress\/plugins\/seo\/ -->\n<title>O melhor complemento de feed do Twitter para o site PrestaShop (2025)<\/title>\n<meta name=\"description\" content=\"Projete um complemento Twitter Feed personalizado para PrestaShop e exiba em seu site. Configurador gratuito, suporte profissional e mais extras da Elfsight!\" \/>\n<meta name=\"robots\" content=\"index, follow, max-snippet:-1, max-image-preview:large, max-video-preview:-1\" \/>\n<link rel=\"canonical\" href=\"https:\/\/elfsight.com\/pt\/twitter-feed-widget\/prestashop\/\" \/>\n<meta property=\"og:locale\" content=\"pt_PT\" \/>\n<meta property=\"og:type\" content=\"article\" \/>\n<meta property=\"og:title\" content=\"O melhor complemento de feed do Twitter para o site PrestaShop (2025)\" \/>\n<meta property=\"og:description\" content=\"Projete um complemento Twitter Feed personalizado para PrestaShop e exiba em seu site. Configurador gratuito, suporte profissional e mais extras da Elfsight!\" \/>\n<meta property=\"og:url\" content=\"https:\/\/elfsight.com\/pt\/twitter-feed-widget\/prestashop\/\" \/>\n<meta property=\"og:site_name\" content=\"Elfsight PT\" \/>\n<meta property=\"article:modified_time\" content=\"2024-11-12T15:29:45+00:00\" \/>\n<meta name=\"twitter:card\" content=\"summary_large_image\" \/>\n<meta name=\"twitter:label1\" content=\"Tempo estimado de leitura\" \/>\n\t<meta name=\"twitter:data1\" content=\"3 minutos\" \/>\n<!-- \/ Yoast SEO plugin. -->","yoast_head_json":{"title":"O melhor complemento de feed do Twitter para o site PrestaShop (2025)","description":"Projete um complemento Twitter Feed personalizado para PrestaShop e exiba em seu site. Configurador gratuito, suporte profissional e mais extras da Elfsight!","robots":{"index":"index","follow":"follow","max-snippet":"max-snippet:-1","max-image-preview":"max-image-preview:large","max-video-preview":"max-video-preview:-1"},"canonical":"https:\/\/elfsight.com\/pt\/twitter-feed-widget\/prestashop\/","og_locale":"pt_PT","og_type":"article","og_title":"O melhor complemento de feed do Twitter para o site PrestaShop (2025)","og_description":"Projete um complemento Twitter Feed personalizado para PrestaShop e exiba em seu site. Configurador gratuito, suporte profissional e mais extras da Elfsight!","og_url":"https:\/\/elfsight.com\/pt\/twitter-feed-widget\/prestashop\/","og_site_name":"Elfsight PT","article_modified_time":"2024-11-12T15:29:45+00:00","twitter_card":"summary_large_image","twitter_misc":{"Tempo estimado de leitura":"3 minutos"},"schema":{"@context":"https:\/\/schema.org","@graph":[{"@type":"WebPage","@id":"https:\/\/elfsight.com\/pt\/twitter-feed-widget\/prestashop\/","url":"https:\/\/elfsight.com\/pt\/twitter-feed-widget\/prestashop\/","name":"O melhor complemento de feed do Twitter para o site PrestaShop (2025)","isPartOf":{"@id":"https:\/\/elfsight.com\/pt\/#website"},"datePublished":"1970-01-01T00:00:00+00:00","dateModified":"2024-11-12T15:29:45+00:00","description":"Projete um complemento Twitter Feed personalizado para PrestaShop e exiba em seu site. Configurador gratuito, suporte profissional e mais extras da Elfsight!","breadcrumb":{"@id":"https:\/\/elfsight.com\/pt\/twitter-feed-widget\/prestashop\/#breadcrumb"},"inLanguage":"pt-PT","potentialAction":[{"@type":"ReadAction","target":["https:\/\/elfsight.com\/pt\/twitter-feed-widget\/prestashop\/"]}]},{"@type":"BreadcrumbList","@id":"https:\/\/elfsight.com\/pt\/twitter-feed-widget\/prestashop\/#breadcrumb","itemListElement":[{"@type":"ListItem","position":1,"name":"Home","item":"https:\/\/elfsight.com\/pt\/"},{"@type":"ListItem","position":2,"name":"Twitter Feed","item":"https:\/\/elfsight.com\/pt\/twitter-feed-widget\/"},{"@type":"ListItem","position":3,"name":"Twitter Feed &#8211; PrestaShop"}]},{"@type":"WebSite","@id":"https:\/\/elfsight.com\/pt\/#website","url":"https:\/\/elfsight.com\/pt\/","name":"Elfsight PT","description":"Just another Elfsight Sites site","potentialAction":[{"@type":"SearchAction","target":{"@type":"EntryPoint","urlTemplate":"https:\/\/elfsight.com\/pt\/?s={search_term_string}"},"query-input":{"@type":"PropertyValueSpecification","valueRequired":true,"valueName":"search_term_string"}}],"inLanguage":"pt-PT"}]}},"meta_box":{"industry":"","seo_heading":"","heading":"","description":"","cta_heading":"","cta_description":"","application":"831","h1":"Complemento de feed do Twitter PrestaShop","h1_caption":"Transforme os visitantes do seu site em assinantes do Twitter","application_category":[],"applications_title":"","applications_request_title":"","applications_request_button_text":"","hero_text":"","hero_video":"","hero_video_schema_markup":"","selling_points_title":"","selling_points_caption":"","selling_points":[],"selling_points_cta_text":"","features_title":"","features":"","ed_cta_examples_text":"","ed_cta_examples_hidden":"","ed_cta_demo_text":"","ed_cta_demo_hidden":"","why_caption":"","why_editor_title":"","why_editor_text":"","why_team_title":"","why_team_text":"","why_service_title":"","why_service_text":"","template_catalog_visible":"","template_catalog_title":"","template_catalog_text":"","template_catalog_categories_visible":"","demo_title":"Crie seu complemento de feed do Twitter","demo_caption":"Configure seu Twitter Feed e adicione-o ao seu site PrestaShop gratuitamente!","default_faq_hidden":"","app_template_category":[],"platform":"5343","template_public_id":"","codecanyon_url":"","codecanyon_item_id":"","codecanyon_price":"","pricing_caption":"","pricing_elfsight_apps_hide_column":"","pricing_elfsight_apps_url":"","pricing_codecanyon_price_caption":"","integration_category":[],"integration_request_title":"","integration_request_cta":"","integration_platform":"","integrations":[],"platform_category":[],"video_schema_markup":"","price":"a partir de US$ 0\/m\u00eas","trial":"","benefits":[{"text":"Assist\u00eancia de instala\u00e7\u00e3o gratuita"},{"text":"Atendimento ao cliente competente"},{"text":"Garantia de devolu\u00e7\u00e3o do dinheiro em 14 dias"},{"text":"Atualiza\u00e7\u00f5es cont\u00ednuas"}],"button_url":"#demo","button_target_blank":"","button_nofollow":"","attributes":[{"name":"Instala\u00e7\u00f5es","content":"10,000 - 100,000"},{"name":"Responsivo","content":"Sim"},{"name":"Navegadores compat\u00edveis","content":"Firefox, Safari, Opera, Chrome, Edge"}],"tags":[],"tags_disable_links":"","hide_more_platforms":"","video_object":"","demo_hide_cta":"","demo_hide_cloud_options":"","pricing_title":"","pricing":[{"pricing_icon":"platform","pricing_title":"Elfsight Apps","pricing_title_caption":"Vers\u00e3o multiplataforma","pricing_price":"a partir de US$ 0\/m\u00eas","pricing_price_caption":"comece com um plano gratuito","pricing_benefits":[{"text":"Sites ilimitados"},{"text":"Suporte ao cliente 24 horas por dia, 7 dias por semana"},{"text":"Suporte ao cliente 24 horas por dia, 7 dias por semana"},{"text":"Totalmente personaliz\u00e1vel"}],"pricing_button_text":"Adicionar ao site","pricing_button_url":"#demo"}],"related_apps_title":"","related_apps_hidden":"","author":"","image":[],"title":"","job":"","social_networks":[]},"_links":{"self":[{"href":"https:\/\/elfsight.com\/pt\/wp-json\/wp\/v2\/pages\/8513","targetHints":{"allow":["GET"]}}],"collection":[{"href":"https:\/\/elfsight.com\/pt\/wp-json\/wp\/v2\/pages"}],"about":[{"href":"https:\/\/elfsight.com\/pt\/wp-json\/wp\/v2\/types\/page"}],"author":[{"embeddable":true,"href":"https:\/\/elfsight.com\/pt\/wp-json\/wp\/v2\/users\/9"}],"replies":[{"embeddable":true,"href":"https:\/\/elfsight.com\/pt\/wp-json\/wp\/v2\/comments?post=8513"}],"version-history":[{"count":1,"href":"https:\/\/elfsight.com\/pt\/wp-json\/wp\/v2\/pages\/8513\/revisions"}],"predecessor-version":[{"id":8517,"href":"https:\/\/elfsight.com\/pt\/wp-json\/wp\/v2\/pages\/8513\/revisions\/8517"}],"up":[{"embeddable":true,"href":"https:\/\/elfsight.com\/pt\/wp-json\/wp\/v2\/pages\/832"}],"wp:attachment":[{"href":"https:\/\/elfsight.com\/pt\/wp-json\/wp\/v2\/media?parent=8513"}],"curies":[{"name":"wp","href":"https:\/\/api.w.org\/{rel}","templated":true}]}}