{"id":8512,"date":"1970-01-01T00:00:00","date_gmt":"1970-01-01T00:00:00","guid":{"rendered":"https:\/\/elfsight.com\/pt\/?page_id=8512"},"modified":"2024-11-12T15:27:38","modified_gmt":"2024-11-12T15:27:38","slug":"jimdo","status":"publish","type":"page","link":"https:\/\/elfsight.com\/pt\/twitter-feed-widget\/jimdo\/","title":{"rendered":"Twitter Feed &#8211; Jimdo"},"content":{"rendered":"<div class=\"application-platform-content-item-description application-platform-content-item\" id=\"description\" data-nav-section=\"description\"><h2>Descri\u00e7\u00e3o<\/h2> <p>Elfsight Twitter Feed for Jimdo \u00e9 um widget que visa ajud\u00e1-lo com todas as necessidades cont\u00ednuas na obten\u00e7\u00e3o de impress\u00f5es e solicita\u00e7\u00f5es dos visitantes do seu site. Mostre os aspectos essenciais para o preenchimento, escolha o template de sua prefer\u00eancia e desenhe a interface para inspirar ainda mais seus clientes a deixarem d\u00favidas sobre os servi\u00e7os de sua empresa. Nosso Twitter Feed \u00e9 composto para atender a todas as suas necessidades de obter feedback e estar sempre em contato com seus clientes. <\/p><p><b>Inicie o Twitter Feed para atingir seus objetivos de neg\u00f3cios! <\/b><\/p> <\/div> <div class=\"application-platform-content-item-features application-platform-content-item\" id=\"features\" data-nav-section=\"features\"> <h2>Os recursos de widget mais valiosos incluem<\/h2> <ul><li>Mostrar tweets da sua pr\u00f3pria conta ou filtrar por hashtag<\/li><li>Crie um feed com Tweets de depoimentos sobre sua empresa<\/li><li>O bot\u00e3o Seguir no cabe\u00e7alho serve para aumentar o n\u00famero de inscritos<\/li><li>Todas as a\u00e7\u00f5es de Tweet suportadas: curtir, responder, retuitar. <\/li><li>Um \u00edcone especial para marcar contas verificadas<\/li><li>\u00d3timos links de visualiza\u00e7\u00e3o em Tweets<\/li><li>Formata\u00e7\u00e3o de texto de tweets, conte\u00fado de v\u00eddeo e exibi\u00e7\u00e3o de fotos<\/li><li>Curtir contagem, contagem de retu\u00edtes em tweets<\/li><li>Tipo de feed ou depoimentos da apresenta\u00e7\u00e3o<\/li><li>Abertura de tweet no s\u00edmbolo do clique do Twitter<\/li><\/ul><p><a href=\"# demo\">Voc\u00ea pode sentir o que o widget oferece com a ajuda da demonstra\u00e7\u00e3o<\/a><\/p> <\/div> <div class=\"application-platform-content-item-installation application-platform-content-item\" id=\"installation\" data-nav-section=\"installation\"> <h2>Como adicionar o feed do Twitter ao meu site Jimdo? <\/h2> <p>Basta seguir as instru\u00e7\u00f5es abaixo para integrar o widget. <\/p> <ol><li><b>Execute nosso configurador gratuito e comece a formar seu widget personalizado. <\/b><br> Determine a apar\u00eancia adequada e as caracter\u00edsticas funcionais da ferramenta e salve as corre\u00e7\u00f5es. <\/li> <li><b>Receba o c\u00f3digo individual que aparece no formul\u00e1rio especial nas aplica\u00e7\u00f5es Elfsight. <\/b><br> Quando a gera\u00e7\u00e3o do seu widget terminar, copie o c\u00f3digo individual da janela e guarde-o para uso futuro. <\/li> <li><b>Iniciar a utiliza\u00e7\u00e3o do widget na p\u00e1gina Jimdo. <\/b><br> Implemente o c\u00f3digo copiado anteriormente em sua p\u00e1gina e aplique as modifica\u00e7\u00f5es. <\/li> <li><b>A instala\u00e7\u00e3o foi totalmente realizada. <\/b><br> Acesse seu site para ver em a\u00e7\u00e3o como a ferramenta funciona. <\/li><\/ol> <p>Supondo que voc\u00ea encontre algum obst\u00e1culo, n\u00e3o tenha medo de entrar em contato com nossa equipe de atendimento ao cliente. Nossos consultores ter\u00e3o prazer em ajud\u00e1-lo com todas as dificuldades que voc\u00ea possa ter com o produto. <\/p> <\/div><div class=\"faq\" data-component=\"FAQ\"><div class=\"faq-item\">\r\n\t\t\t\t\t<div class=\"faq-item-question\">\r\n\t\t\t\t\t\t<h3 class=\"faq-item-question-text\">De que forma posso adicionar o Twitter Feed ao meu site Jimdo sem nenhum conhecimento de codifica\u00e7\u00e3o?<\/h3>\r\n\r\n\t\t\t\t\t\t<div class=\"faq-item-question-icon\"><\/div>\r\n\t\t\t\t\t<\/div>\r\n\r\n\t\t\t\t\t<div class=\"faq-item-answer\">\r\n\t\t\t\t\t\t<div class=\"faq-item-answer-text\"><p>Empresa Elfsight oferece uma solu\u00e7\u00e3o SaaS que permite que os propriet\u00e1rios de sites criem voc\u00ea mesmo um aplicativo de feed do Twitter. Descubra como ele \u00e9 simples:<\/p><ul><li>Acesse o editor on-line para estabelecer um widget de feed do Twitter que voc\u00ea gostaria de ver em seu Jimdo p\u00e1gina inicial.<\/li><li>Escolha um de nossos modelos predefinidos e modifique as configura\u00e7\u00f5es do feed do Twitter, adicione seu conte\u00fado, altere o layout e as cores sem nenhum conhecimento de codifica\u00e7\u00e3o.<\/li><li>Clique para salvar o feed do Twitter e copie o c\u00f3digo do plugin para incorpora\u00e7\u00e3o, que pode ser adicionado em qualquer site Jimdo sem a necessidade de comprar uma vers\u00e3o paga.<\/li><\/ul><p>Com a ajuda do editor f\u00e1cil de usar, cada usu\u00e1rio da web pode gerar o Twitter Plugin de feed on-line e facilmente adicionado ao site Jimdo. N\u00e3o h\u00e1 necessidade de pagar ou enviar os dados do seu cart\u00e3o para entrar no servi\u00e7o Elfsight. Se voc\u00ea encontrar algum problema em qualquer etapa, entre em contato com nossa equipe de suporte.<\/p><\/div>\r\n\t\t\t\t\t<\/div>\r\n\t\t\t\t<\/div><\/div>","protected":false},"excerpt":{"rendered":"","protected":false},"author":9,"featured_media":0,"parent":832,"menu_order":0,"comment_status":"closed","ping_status":"closed","template":"templates\/template-application-platform.php","meta":{"publish_to_discourse":"","publish_post_category":"","wpdc_auto_publish_overridden":"","wpdc_topic_tags":"","wpdc_pin_topic":"","wpdc_pin_until":"","discourse_post_id":"","discourse_permalink":"","wpdc_publishing_response":"","wpdc_publishing_error":"","footnotes":""},"class_list":["post-8512","page","type-page","status-publish","hentry"],"yoast_head":"<!-- This site is optimized with the Yoast SEO plugin v25.3.1 - https:\/\/yoast.com\/wordpress\/plugins\/seo\/ -->\n<title>O melhor plugin de feed do Twitter para o site Jimdo (2026)<\/title>\n<meta name=\"description\" content=\"Projete um widget de feed do Twitter para Jimdo e exiba-o em um site. Configurador gratuito, suporte profissional e mais extras da Elfsight!\" \/>\n<meta name=\"robots\" content=\"index, follow, max-snippet:-1, max-image-preview:large, max-video-preview:-1\" \/>\n<link rel=\"canonical\" href=\"https:\/\/elfsight.com\/pt\/twitter-feed-widget\/jimdo\/\" \/>\n<meta property=\"og:locale\" content=\"pt_PT\" \/>\n<meta property=\"og:type\" content=\"article\" \/>\n<meta property=\"og:title\" content=\"O melhor plugin de feed do Twitter para o site Jimdo (2026)\" \/>\n<meta property=\"og:description\" content=\"Projete um widget de feed do Twitter para Jimdo e exiba-o em um site. Configurador gratuito, suporte profissional e mais extras da Elfsight!\" \/>\n<meta property=\"og:url\" content=\"https:\/\/elfsight.com\/pt\/twitter-feed-widget\/jimdo\/\" \/>\n<meta property=\"og:site_name\" content=\"Elfsight PT\" \/>\n<meta property=\"article:modified_time\" content=\"2024-11-12T15:27:38+00:00\" \/>\n<meta name=\"twitter:card\" content=\"summary_large_image\" \/>\n<meta name=\"twitter:label1\" content=\"Tempo estimado de leitura\" \/>\n\t<meta name=\"twitter:data1\" content=\"3 minutos\" \/>\n<!-- \/ Yoast SEO plugin. -->","yoast_head_json":{"title":"O melhor plugin de feed do Twitter para o site Jimdo (2026)","description":"Projete um widget de feed do Twitter para Jimdo e exiba-o em um site. Configurador gratuito, suporte profissional e mais extras da Elfsight!","robots":{"index":"index","follow":"follow","max-snippet":"max-snippet:-1","max-image-preview":"max-image-preview:large","max-video-preview":"max-video-preview:-1"},"canonical":"https:\/\/elfsight.com\/pt\/twitter-feed-widget\/jimdo\/","og_locale":"pt_PT","og_type":"article","og_title":"O melhor plugin de feed do Twitter para o site Jimdo (2026)","og_description":"Projete um widget de feed do Twitter para Jimdo e exiba-o em um site. Configurador gratuito, suporte profissional e mais extras da Elfsight!","og_url":"https:\/\/elfsight.com\/pt\/twitter-feed-widget\/jimdo\/","og_site_name":"Elfsight PT","article_modified_time":"2024-11-12T15:27:38+00:00","twitter_card":"summary_large_image","twitter_misc":{"Tempo estimado de leitura":"3 minutos"},"schema":{"@context":"https:\/\/schema.org","@graph":[{"@type":"WebPage","@id":"https:\/\/elfsight.com\/pt\/twitter-feed-widget\/jimdo\/","url":"https:\/\/elfsight.com\/pt\/twitter-feed-widget\/jimdo\/","name":"O melhor plugin de feed do Twitter para o site Jimdo (2026)","isPartOf":{"@id":"https:\/\/elfsight.com\/pt\/#website"},"datePublished":"1970-01-01T00:00:00+00:00","dateModified":"2024-11-12T15:27:38+00:00","description":"Projete um widget de feed do Twitter para Jimdo e exiba-o em um site. Configurador gratuito, suporte profissional e mais extras da Elfsight!","breadcrumb":{"@id":"https:\/\/elfsight.com\/pt\/twitter-feed-widget\/jimdo\/#breadcrumb"},"inLanguage":"pt-PT","potentialAction":[{"@type":"ReadAction","target":["https:\/\/elfsight.com\/pt\/twitter-feed-widget\/jimdo\/"]}]},{"@type":"BreadcrumbList","@id":"https:\/\/elfsight.com\/pt\/twitter-feed-widget\/jimdo\/#breadcrumb","itemListElement":[{"@type":"ListItem","position":1,"name":"Home","item":"https:\/\/elfsight.com\/pt\/"},{"@type":"ListItem","position":2,"name":"Twitter Feed","item":"https:\/\/elfsight.com\/pt\/twitter-feed-widget\/"},{"@type":"ListItem","position":3,"name":"Twitter Feed &#8211; Jimdo"}]},{"@type":"WebSite","@id":"https:\/\/elfsight.com\/pt\/#website","url":"https:\/\/elfsight.com\/pt\/","name":"Elfsight PT","description":"Just another Elfsight Sites site","potentialAction":[{"@type":"SearchAction","target":{"@type":"EntryPoint","urlTemplate":"https:\/\/elfsight.com\/pt\/?s={search_term_string}"},"query-input":{"@type":"PropertyValueSpecification","valueRequired":true,"valueName":"search_term_string"}}],"inLanguage":"pt-PT"}]}},"meta_box":{"industry":"","seo_heading":"","heading":"","description":"","cta_heading":"","cta_description":"","application":"831","h1":"Widget Jimdo Twitter Feed","h1_caption":"Transforme os clientes do seu site em assinantes do Twitter","application_category":[],"applications_title":"","applications_request_title":"","applications_request_button_text":"","hero_text":"","hero_video":"","hero_video_schema_markup":"","selling_points_title":"","selling_points_caption":"","selling_points":[],"selling_points_cta_text":"","features_title":"","features":"","ed_cta_examples_text":"","ed_cta_examples_hidden":"","ed_cta_demo_text":"","ed_cta_demo_hidden":"","why_caption":"","why_editor_title":"","why_editor_text":"","why_team_title":"","why_team_text":"","why_service_title":"","why_service_text":"","template_catalog_visible":"","template_catalog_title":"","template_catalog_text":"","template_catalog_categories_visible":"","demo_title":"Crie seu widget de feed do Twitter","demo_caption":"Configure seu feed do Twitter e adicione-o ao seu site Jimdo gratuitamente!","default_faq_hidden":"","app_template_category":[],"platform":"5393","template_public_id":"","codecanyon_url":"","codecanyon_item_id":"","codecanyon_price":"","pricing_caption":"","pricing_elfsight_apps_hide_column":"","pricing_elfsight_apps_url":"","pricing_codecanyon_price_caption":"","integration_category":[],"integration_request_title":"","integration_request_cta":"","integration_platform":"","integrations":[],"platform_category":[],"video_schema_markup":"","price":"a partir de US$ 0\/m\u00eas","trial":"","benefits":[{"text":"Servi\u00e7o de instala\u00e7\u00e3o gratuito"},{"text":"Atendimento ao cliente profissional"},{"text":"Garantia de reembolso de 14 dias"},{"text":"Atualiza\u00e7\u00f5es cont\u00ednuas"}],"button_url":"#demo","button_target_blank":"","button_nofollow":"","attributes":[{"name":"Instala\u00e7\u00f5es","content":"10,000 - 100,000"},{"name":"Responsivo","content":"Sim"},{"name":"Navegadores compat\u00edveis","content":"Firefox, Safari, Opera, Chrome, Edge"}],"tags":[],"tags_disable_links":"","hide_more_platforms":"","video_object":"","demo_hide_cta":"","demo_hide_cloud_options":"","pricing_title":"","pricing":[{"pricing_icon":"platform","pricing_title":"Elfsight Apps","pricing_title_caption":"Vers\u00e3o multiplataforma","pricing_price":"a partir de US$ 0\/m\u00eas","pricing_price_caption":"comece com um plano gratuito","pricing_benefits":[{"text":"N\u00famero irrestrito de sites"},{"text":"Suporte dedicado ao cliente"},{"text":"Suporte dedicado ao cliente"},{"text":"100% personaliz\u00e1vel"}],"pricing_button_text":"Adicionar ao site","pricing_button_url":"#demo"}],"related_apps_title":"","related_apps_hidden":"","author":"","image":[],"title":"","job":"","social_networks":[]},"_links":{"self":[{"href":"https:\/\/elfsight.com\/pt\/wp-json\/wp\/v2\/pages\/8512","targetHints":{"allow":["GET"]}}],"collection":[{"href":"https:\/\/elfsight.com\/pt\/wp-json\/wp\/v2\/pages"}],"about":[{"href":"https:\/\/elfsight.com\/pt\/wp-json\/wp\/v2\/types\/page"}],"author":[{"embeddable":true,"href":"https:\/\/elfsight.com\/pt\/wp-json\/wp\/v2\/users\/9"}],"replies":[{"embeddable":true,"href":"https:\/\/elfsight.com\/pt\/wp-json\/wp\/v2\/comments?post=8512"}],"version-history":[{"count":1,"href":"https:\/\/elfsight.com\/pt\/wp-json\/wp\/v2\/pages\/8512\/revisions"}],"predecessor-version":[{"id":8516,"href":"https:\/\/elfsight.com\/pt\/wp-json\/wp\/v2\/pages\/8512\/revisions\/8516"}],"up":[{"embeddable":true,"href":"https:\/\/elfsight.com\/pt\/wp-json\/wp\/v2\/pages\/832"}],"wp:attachment":[{"href":"https:\/\/elfsight.com\/pt\/wp-json\/wp\/v2\/media?parent=8512"}],"curies":[{"name":"wp","href":"https:\/\/api.w.org\/{rel}","templated":true}]}}