{"id":8505,"date":"1970-01-01T00:00:00","date_gmt":"1970-01-01T00:00:00","guid":{"rendered":"https:\/\/elfsight.com\/pt\/?page_id=8505"},"modified":"2024-11-13T11:17:55","modified_gmt":"2024-11-13T11:17:55","slug":"blogger","status":"publish","type":"page","link":"https:\/\/elfsight.com\/pt\/tumblr-feed-widget\/blogger\/","title":{"rendered":"Tumblr Feed &#8211; Blogger"},"content":{"rendered":"<div class=\"application-platform-content-item-description application-platform-content-item\" id=\"description\" data-nav-section=\"description\"> <h2>Descri\u00e7\u00e3o<\/h2> <p>Elfsight Tumblr Feed for Blogger\u00e9 um plugin exclusivo para formar seu feed individualizado composto de conte\u00fado do Tumblr e exibi-lo diretamente em seu site. Forme uma galeria ou poste um controle deslizante no 1-2-3! Exer\u00e7a controle total sobre o conte\u00fado demonstrado e remova spam e qualquer conte\u00fado indesejado aplicando modera\u00e7\u00e3o manual. O configurador online totalmente responsivo oferece v\u00e1rios modelos para voc\u00ea escolher. <\/p> <p><b>Apresente o melhor conte\u00fado do Tumblr para manter os usu\u00e1rios do seu site envolvidos e afetar mais pessoas<\/b><\/p> <\/div> <div class=\"application-platform-content-item-features application-platform-content-item\" id=\"features\" data-nav-section=\"features\"> <h2>Estes s\u00e3o apenas alguns dos v\u00e1rios recursos do widget: <\/h2> <ul><li>Exibir o conte\u00fado de m\u00eddia social do Tumblr<\/li><li>Remover qualquer spam e conte\u00fado indesejado por meio de modera\u00e7\u00e3o manual. <\/li><li>Instale o bot\u00e3o Seguir no feed do widget. <\/li><li>Fa\u00e7a com que suas postagens sejam exibidas em modo pop-up. <\/li><\/ul><p><a href=\"#demo\">Voc\u00ea pode experimentar todas as funcionalidades do widget na demonstra\u00e7\u00e3o <\/a><\/p> <\/div> <div class=\"application-platform-content-item-installation  application-platform-content-item\" id=\"installation \" data-nav-section=\"installation \"> <h2>Como posso incorporar o feed do Tumblr ao meu site do Blogger? <\/h2> <p>Basta seguir as etapas abaixo para incorporar a ferramenta. <\/p> <ol><li><b>Inicie nosso configurador gratuito e comece a moldar seu widget personalizado. <\/b><br> Determine a interface desej\u00e1vel e as caracter\u00edsticas funcionais do widget e aplique as modifica\u00e7\u00f5es. <\/li> <li><b>Adquira o c\u00f3digo individual mostrado na caixa nas aplica\u00e7\u00f5es Elfsight. <\/b><br> Logo ap\u00f3s a customiza\u00e7\u00e3o do seu widget, copie o c\u00f3digo individual na caixa exibida e guarde-o para futuras ocasi\u00f5es. <\/li> <li><b>Comece a usar o plug-in no seu site do Blogger. <\/b><br> Insira o c\u00f3digo que voc\u00ea salvou recentemente em sua p\u00e1gina e salve as modifica\u00e7\u00f5es. <\/li> <li><b>A instala\u00e7\u00e3o foi finalizada com sucesso. <\/b><br> Acesse sua p\u00e1gina para ver em a\u00e7\u00e3o como a ferramenta est\u00e1 funcionando. <\/li><\/ol> <p>Caso tenha d\u00favidas ou problemas, n\u00e3o tenha medo de entrar em contato com nossa equipe de suporte. Nossos especialistas est\u00e3o ansiosos para resolver todas as d\u00favidas que voc\u00ea possa ter com o widget. <\/p> <\/div><div class=\"faq\" data-component=\"FAQ\"><div class=\"faq-item\">\r\n\t\t\t\t\t<div class=\"faq-item-question\">\r\n\t\t\t\t\t\t<h3 class=\"faq-item-question-text\">De que forma \u00e9 poss\u00edvel incorporar o feed do Tumblr na minha p\u00e1gina inicial do Blogger sem codifica\u00e7\u00e3o?<\/h3>\r\n\r\n\t\t\t\t\t\t<div class=\"faq-item-question-icon\"><\/div>\r\n\t\t\t\t\t<\/div>\r\n\r\n\t\t\t\t\t<div class=\"faq-item-answer\">\r\n\t\t\t\t\t\t<div class=\"faq-item-answer-text\"><p>Empresa Elfsight apresenta uma solu\u00e7\u00e3o que permite que voc\u00ea mesmo estabele\u00e7a um plug-in de feed do Tumblr. Veja como ele \u00e9 simples:<\/p><ul><li>Trabalhe na demonstra\u00e7\u00e3o on-line para criar um plug-in de feed do Tumblr que voc\u00ea gostaria de integrar ao seu site do Blogger. <\/li><li>Escolha um dos modelos predefinidos e ajuste as configura\u00e7\u00f5es do feed do Tumblr, inclua seu conte\u00fado, altere o layout e o esquema de cores sem nenhuma experi\u00eancia de codifica\u00e7\u00e3o.<\/li><li>Salve as configura\u00e7\u00f5es que voc\u00ea fez para o Tumblr Feed e obter o c\u00f3digo de instala\u00e7\u00e3o do plugin, que pode ser facilmente inclu\u00eddo no site do Blogger sem comprar uma assinatura paga.<\/li><\/ul><p>Com o editor intuitivo, cada usu\u00e1rio da web pode estabelecer o plugin do Tumblr Feed e simplesmente adicion\u00e1-lo para o site do Blogger. N\u00e3o \u00e9 necess\u00e1rio pagar ou divulgar as credenciais do seu cart\u00e3o para entrar no Elfsight Editor. Se voc\u00ea encontrar algum obst\u00e1culo em qualquer etapa, v\u00e1 em frente e fale com nosso suporte t\u00e9cnico ao cliente.<\/p><\/div>\r\n\t\t\t\t\t<\/div>\r\n\t\t\t\t<\/div><\/div>","protected":false},"excerpt":{"rendered":"","protected":false},"author":9,"featured_media":0,"parent":1548,"menu_order":0,"comment_status":"closed","ping_status":"closed","template":"templates\/template-application-platform.php","meta":{"publish_to_discourse":"","publish_post_category":"","wpdc_auto_publish_overridden":"","wpdc_topic_tags":"","wpdc_pin_topic":"","wpdc_pin_until":"","discourse_post_id":"","discourse_permalink":"","wpdc_publishing_response":"","wpdc_publishing_error":"","footnotes":""},"class_list":["post-8505","page","type-page","status-publish","hentry"],"yoast_head":"<!-- This site is optimized with the Yoast SEO plugin v25.3.1 - https:\/\/yoast.com\/wordpress\/plugins\/seo\/ -->\n<title>Adicione o widget Tumblr Feed ao site do Blogger (r\u00e1pido e gratuito)<\/title>\n<meta name=\"description\" content=\"Integre o plugin Blogger Tumblr Feed em seu site. Experimente a demonstra\u00e7\u00e3o pr\u00e1tica da Elfsight e crie seu fascinante widget do Tumblr com apenas alguns cliques\" \/>\n<meta name=\"robots\" content=\"index, follow, max-snippet:-1, max-image-preview:large, max-video-preview:-1\" \/>\n<link rel=\"canonical\" href=\"https:\/\/elfsight.com\/pt\/tumblr-feed-widget\/blogger\/\" \/>\n<meta property=\"og:locale\" content=\"pt_PT\" \/>\n<meta property=\"og:type\" content=\"article\" \/>\n<meta property=\"og:title\" content=\"Adicione o widget Tumblr Feed ao site do Blogger (r\u00e1pido e gratuito)\" \/>\n<meta property=\"og:description\" content=\"Integre o plugin Blogger Tumblr Feed em seu site. Experimente a demonstra\u00e7\u00e3o pr\u00e1tica da Elfsight e crie seu fascinante widget do Tumblr com apenas alguns cliques\" \/>\n<meta property=\"og:url\" content=\"https:\/\/elfsight.com\/pt\/tumblr-feed-widget\/blogger\/\" \/>\n<meta property=\"og:site_name\" content=\"Elfsight PT\" \/>\n<meta property=\"article:modified_time\" content=\"2024-11-13T11:17:55+00:00\" \/>\n<meta name=\"twitter:card\" content=\"summary_large_image\" \/>\n<meta name=\"twitter:label1\" content=\"Tempo estimado de leitura\" \/>\n\t<meta name=\"twitter:data1\" content=\"3 minutos\" \/>\n<!-- \/ Yoast SEO plugin. -->","yoast_head_json":{"title":"Adicione o widget Tumblr Feed ao site do Blogger (r\u00e1pido e gratuito)","description":"Integre o plugin Blogger Tumblr Feed em seu site. Experimente a demonstra\u00e7\u00e3o pr\u00e1tica da Elfsight e crie seu fascinante widget do Tumblr com apenas alguns cliques","robots":{"index":"index","follow":"follow","max-snippet":"max-snippet:-1","max-image-preview":"max-image-preview:large","max-video-preview":"max-video-preview:-1"},"canonical":"https:\/\/elfsight.com\/pt\/tumblr-feed-widget\/blogger\/","og_locale":"pt_PT","og_type":"article","og_title":"Adicione o widget Tumblr Feed ao site do Blogger (r\u00e1pido e gratuito)","og_description":"Integre o plugin Blogger Tumblr Feed em seu site. Experimente a demonstra\u00e7\u00e3o pr\u00e1tica da Elfsight e crie seu fascinante widget do Tumblr com apenas alguns cliques","og_url":"https:\/\/elfsight.com\/pt\/tumblr-feed-widget\/blogger\/","og_site_name":"Elfsight PT","article_modified_time":"2024-11-13T11:17:55+00:00","twitter_card":"summary_large_image","twitter_misc":{"Tempo estimado de leitura":"3 minutos"},"schema":{"@context":"https:\/\/schema.org","@graph":[{"@type":"WebPage","@id":"https:\/\/elfsight.com\/pt\/tumblr-feed-widget\/blogger\/","url":"https:\/\/elfsight.com\/pt\/tumblr-feed-widget\/blogger\/","name":"Adicione o widget Tumblr Feed ao site do Blogger (r\u00e1pido e gratuito)","isPartOf":{"@id":"https:\/\/elfsight.com\/pt\/#website"},"datePublished":"1970-01-01T00:00:00+00:00","dateModified":"2024-11-13T11:17:55+00:00","description":"Integre o plugin Blogger Tumblr Feed em seu site. Experimente a demonstra\u00e7\u00e3o pr\u00e1tica da Elfsight e crie seu fascinante widget do Tumblr com apenas alguns cliques","breadcrumb":{"@id":"https:\/\/elfsight.com\/pt\/tumblr-feed-widget\/blogger\/#breadcrumb"},"inLanguage":"pt-PT","potentialAction":[{"@type":"ReadAction","target":["https:\/\/elfsight.com\/pt\/tumblr-feed-widget\/blogger\/"]}]},{"@type":"BreadcrumbList","@id":"https:\/\/elfsight.com\/pt\/tumblr-feed-widget\/blogger\/#breadcrumb","itemListElement":[{"@type":"ListItem","position":1,"name":"Home","item":"https:\/\/elfsight.com\/pt\/"},{"@type":"ListItem","position":2,"name":"Tumblr Feed","item":"https:\/\/elfsight.com\/pt\/tumblr-feed-widget\/"},{"@type":"ListItem","position":3,"name":"Tumblr Feed &#8211; Blogger"}]},{"@type":"WebSite","@id":"https:\/\/elfsight.com\/pt\/#website","url":"https:\/\/elfsight.com\/pt\/","name":"Elfsight PT","description":"Just another Elfsight Sites site","potentialAction":[{"@type":"SearchAction","target":{"@type":"EntryPoint","urlTemplate":"https:\/\/elfsight.com\/pt\/?s={search_term_string}"},"query-input":{"@type":"PropertyValueSpecification","valueRequired":true,"valueName":"search_term_string"}}],"inLanguage":"pt-PT"}]}},"meta_box":{"industry":"","seo_heading":"","heading":"","description":"","cta_heading":"","cta_description":"","application":"1547","h1":"Widget de feed do Tumblr do Blogger","h1_caption":"Demonstre seu conte\u00fado do Tumblr em seu site com facilidade!","application_category":[],"applications_title":"","applications_request_title":"","applications_request_button_text":"","hero_text":"","hero_video":"","hero_video_schema_markup":"","selling_points_title":"","selling_points_caption":"","selling_points":[],"selling_points_cta_text":"","features_title":"","features":"","ed_cta_examples_text":"","ed_cta_examples_hidden":"","ed_cta_demo_text":"","ed_cta_demo_hidden":"","why_caption":"","why_editor_title":"","why_editor_text":"","why_team_title":"","why_team_text":"","why_service_title":"","why_service_text":"","template_catalog_visible":"","template_catalog_title":"","template_catalog_text":"","template_catalog_categories_visible":"","demo_title":"Crie seu widget de feed do Tumblr","demo_caption":"Configure seu feed do Tumblr e adicione-o ao site do Blogger gratuitamente!","default_faq_hidden":"","app_template_category":[],"platform":"46","template_public_id":"","codecanyon_url":"","codecanyon_item_id":"","codecanyon_price":"","pricing_caption":"","pricing_elfsight_apps_hide_column":"","pricing_elfsight_apps_url":"","pricing_codecanyon_price_caption":"","integration_category":[],"integration_request_title":"","integration_request_cta":"","integration_platform":"","integrations":[],"platform_category":[],"video_schema_markup":"","price":"a partir de US$ 0\/m\u00eas","trial":"","benefits":[{"text":"Assist\u00eancia de instala\u00e7\u00e3o gratuita"},{"text":"Atendimento ao cliente competente"},{"text":"Garantia de devolu\u00e7\u00e3o do dinheiro em 14 dias"},{"text":"Desenvolvimento cont\u00ednuo"}],"button_url":"#demo","button_target_blank":"","button_nofollow":"","attributes":[{"name":"Instala\u00e7\u00f5es","content":"10,000 - 100,000"},{"name":"Responsivo","content":"Sim"},{"name":"Navegadores compat\u00edveis","content":"Firefox, Safari, Opera, Chrome, Edge"}],"tags":[],"tags_disable_links":"","hide_more_platforms":"","video_object":"","demo_hide_cta":"","demo_hide_cloud_options":"","pricing_title":"","pricing":[{"pricing_icon":"platform","pricing_title":"Elfsight Apps","pricing_title_caption":"Solu\u00e7\u00e3o digital independente de plataforma","pricing_price":"a partir de US$ 0\/m\u00eas","pricing_price_caption":"comece com um plano gratuito","pricing_benefits":[{"text":"Dom\u00ednios ilimitados"},{"text":"Suporte ao cliente 24 horas por dia, 7 dias por semana e bem documentado"},{"text":"Suporte ao cliente 24 horas por dia, 7 dias por semana e bem documentado"},{"text":"Totalmente personaliz\u00e1vel"}],"pricing_button_text":"Adicionar ao site","pricing_button_url":"#demo"}],"related_apps_title":"","related_apps_hidden":"","author":"","image":[],"title":"","job":"","social_networks":[]},"_links":{"self":[{"href":"https:\/\/elfsight.com\/pt\/wp-json\/wp\/v2\/pages\/8505","targetHints":{"allow":["GET"]}}],"collection":[{"href":"https:\/\/elfsight.com\/pt\/wp-json\/wp\/v2\/pages"}],"about":[{"href":"https:\/\/elfsight.com\/pt\/wp-json\/wp\/v2\/types\/page"}],"author":[{"embeddable":true,"href":"https:\/\/elfsight.com\/pt\/wp-json\/wp\/v2\/users\/9"}],"replies":[{"embeddable":true,"href":"https:\/\/elfsight.com\/pt\/wp-json\/wp\/v2\/comments?post=8505"}],"version-history":[{"count":1,"href":"https:\/\/elfsight.com\/pt\/wp-json\/wp\/v2\/pages\/8505\/revisions"}],"predecessor-version":[{"id":8509,"href":"https:\/\/elfsight.com\/pt\/wp-json\/wp\/v2\/pages\/8505\/revisions\/8509"}],"up":[{"embeddable":true,"href":"https:\/\/elfsight.com\/pt\/wp-json\/wp\/v2\/pages\/1548"}],"wp:attachment":[{"href":"https:\/\/elfsight.com\/pt\/wp-json\/wp\/v2\/media?parent=8505"}],"curies":[{"name":"wp","href":"https:\/\/api.w.org\/{rel}","templated":true}]}}