{"id":8504,"date":"1970-01-01T00:00:00","date_gmt":"1970-01-01T00:00:00","guid":{"rendered":"https:\/\/elfsight.com\/pt\/?page_id=8504"},"modified":"2024-11-13T11:17:55","modified_gmt":"2024-11-13T11:17:55","slug":"drupal","status":"publish","type":"page","link":"https:\/\/elfsight.com\/pt\/tumblr-feed-widget\/drupal\/","title":{"rendered":"Tumblr Feed &#8211; Drupal"},"content":{"rendered":"<div class=\"application-platform-content-item-description application-platform-content-item\" id=\"description\" data-nav-section=\"description\"> <h2>Descri\u00e7\u00e3o<\/h2> <p>Elfsight Tumblr Feed for Drupal \u00e9 um instrumento especial para construir seu feed personalizado feito de fontes do Tumblr e mostrar diretamente em seu site. Crie uma galeria ou controle deslizante de postagens em poucos minutos! Exer\u00e7a controle total sobre o conte\u00fado demonstrado e elimine spam e qualquer conte\u00fado indesejado aplicando modera\u00e7\u00e3o manual. O editor online totalmente responsivo oferece v\u00e1rios modelos para voc\u00ea escolher. <\/p> <p><b>Demonstre o conte\u00fado mais brilhante do Tumblr para envolver os usu\u00e1rios do seu site e afetar mais pessoas<\/b><\/p> <\/div> <div class=\"application-platform-content-item-features application-platform-content-item\" id=\"features\" data-nav-section=\"features\"> <h2>Aqui est\u00e3o principais recursos do m\u00f3dulo: <\/h2> <ul><li>Mostre seu conte\u00fado do Tumblr<\/li><li>Remova qualquer spam e conte\u00fado indesejado com o modo de modera\u00e7\u00e3o manual. <\/li><li>Defina o bot\u00e3o Seguir nos cart\u00f5es de widget. <\/li><li>Fa\u00e7a com que suas postagens sejam visualizadas em um pop-up. <\/li><\/ul><p><a href=\"#demo\">Experimente todas as op\u00e7\u00f5es de personaliza\u00e7\u00e3o na demonstra\u00e7\u00e3o completa<\/a><\/p> <\/div> <div class=\"application-platform-content-item-installation application-platform-content-item\" id=\"installation\" data-nav-section=\"installation\"> <h2>Como adiciono o feed do Tumblr ao meu site Drupal? <\/h2> <p>Basta seguir as diretrizes abaixo para come\u00e7ar a trabalhar com o widget. <\/p> <ol><li><b>Utilize nosso configurador gratuito e comece a moldar seu m\u00f3dulo personalizado. <\/b><br> Encontre a forma e as op\u00e7\u00f5es preferidas do plugin e salve as corre\u00e7\u00f5es. <\/li> <li><b>Receba o seu c\u00f3digo pessoal que aparece na caixa das aplica\u00e7\u00f5es Elfsight. <\/b><br> Quando a instala\u00e7\u00e3o da sua ferramenta terminar, copie o c\u00f3digo individual na caixa exibida e guarde-o para uso posterior. <\/li> <li><b>Comece a usar o plugin no site Drupal. <\/b><br> Adicione o c\u00f3digo copiado anteriormente em seu site e salve as edi\u00e7\u00f5es. <\/li> <li><b>Pronto! A incorpora\u00e7\u00e3o est\u00e1 totalmente realizada. <\/b><br> Visite seu site para ver o funcionamento do widget. <\/li><\/ol> <p>Na condi\u00e7\u00e3o de enfrentar d\u00favidas ou enfrentar quaisquer dificuldades, n\u00e3o tenha medo de procurar ajuda de nossa equipe de suporte. Nossos consultores ter\u00e3o prazer em ajud\u00e1-lo com todas as d\u00favidas que voc\u00ea possa ter com o plugin. <\/p> <\/div><div class=\"faq\" data-component=\"FAQ\"><div class=\"faq-item\">\r\n\t\t\t\t\t<div class=\"faq-item-question\">\r\n\t\t\t\t\t\t<h3 class=\"faq-item-question-text\">De que forma \u00e9 poss\u00edvel adicionar o Tumblr Feed \u00e0 minha p\u00e1gina inicial do Drupal sem codifica\u00e7\u00e3o?<\/h3>\r\n\r\n\t\t\t\t\t\t<div class=\"faq-item-question-icon\"><\/div>\r\n\t\t\t\t\t<\/div>\r\n\r\n\t\t\t\t\t<div class=\"faq-item-answer\">\r\n\t\t\t\t\t\t<div class=\"faq-item-answer-text\"><p>Empresa Elfsight oferece uma solu\u00e7\u00e3o que permite que os propriet\u00e1rios de sites criem voc\u00ea mesmo uma se\u00e7\u00e3o de feed do Tumblr. Veja como \u00e9 simples:<\/p><ul><li>Trabalhe diretamente no editor on-line para criar um aplicativo de feed do Tumblr que voc\u00ea gostaria de ver em seu Drupal .<\/li><li>Escolha um de nossos modelos prontos e ajuste as configura\u00e7\u00f5es do feed do Tumblr, adicione seu conte\u00fado, altere o layout e as cores sem nenhum conhecimento de codifica\u00e7\u00e3o.<\/li><li>Salve o feed do Tumblr e obtenha c\u00f3digo do widget para instala\u00e7\u00e3o, que pode ser facilmente inclu\u00eddo na sua p\u00e1gina inicial do Drupal usando um plano gratuito.<\/li><\/ul><p>Usando nosso configurador amig\u00e1vel, cada usu\u00e1rio da Internet pode criar o aplicativo Tumblr Feed e inclu\u00ed-lo facilmente no Drupal site. N\u00e3o \u00e9 necess\u00e1rio obter uma assinatura paga ou divulgar as credenciais do seu cart\u00e3o para entrar no nosso Editor. Se voc\u00ea encontrar algum problema em qualquer etapa, sinta-se \u00e0 vontade para entrar em contato com nossa equipe de suporte.<\/p><\/div>\r\n\t\t\t\t\t<\/div>\r\n\t\t\t\t<\/div><\/div>","protected":false},"excerpt":{"rendered":"","protected":false},"author":9,"featured_media":0,"parent":1548,"menu_order":0,"comment_status":"closed","ping_status":"closed","template":"templates\/template-application-platform.php","meta":{"publish_to_discourse":"","publish_post_category":"","wpdc_auto_publish_overridden":"","wpdc_topic_tags":"","wpdc_pin_topic":"","wpdc_pin_until":"","discourse_post_id":"","discourse_permalink":"","wpdc_publishing_response":"","wpdc_publishing_error":"","footnotes":""},"class_list":["post-8504","page","type-page","status-publish","hentry"],"yoast_head":"<!-- This site is optimized with the Yoast SEO plugin v25.3.1 - https:\/\/yoast.com\/wordpress\/plugins\/seo\/ -->\n<title>Adicione o widget Tumblr Feed ao site do Adobe Muse (r\u00e1pido e gratuito)<\/title>\n<meta name=\"description\" content=\"Integre um m\u00f3dulo Drupal Tumblr Feed em sua p\u00e1gina. Experimente a demonstra\u00e7\u00e3o pr\u00e1tica da Elfsight e crie seu fascinante m\u00f3dulo Tumblr em apenas tr\u00eas cliques\" \/>\n<meta name=\"robots\" content=\"index, follow, max-snippet:-1, max-image-preview:large, max-video-preview:-1\" \/>\n<link rel=\"canonical\" href=\"https:\/\/elfsight.com\/pt\/tumblr-feed-widget\/drupal\/\" \/>\n<meta property=\"og:locale\" content=\"pt_PT\" \/>\n<meta property=\"og:type\" content=\"article\" \/>\n<meta property=\"og:title\" content=\"Adicione o widget Tumblr Feed ao site do Adobe Muse (r\u00e1pido e gratuito)\" \/>\n<meta property=\"og:description\" content=\"Integre um m\u00f3dulo Drupal Tumblr Feed em sua p\u00e1gina. Experimente a demonstra\u00e7\u00e3o pr\u00e1tica da Elfsight e crie seu fascinante m\u00f3dulo Tumblr em apenas tr\u00eas cliques\" \/>\n<meta property=\"og:url\" content=\"https:\/\/elfsight.com\/pt\/tumblr-feed-widget\/drupal\/\" \/>\n<meta property=\"og:site_name\" content=\"Elfsight PT\" \/>\n<meta property=\"article:modified_time\" content=\"2024-11-13T11:17:55+00:00\" \/>\n<meta name=\"twitter:card\" content=\"summary_large_image\" \/>\n<meta name=\"twitter:label1\" content=\"Tempo estimado de leitura\" \/>\n\t<meta name=\"twitter:data1\" content=\"3 minutos\" \/>\n<!-- \/ Yoast SEO plugin. -->","yoast_head_json":{"title":"Adicione o widget Tumblr Feed ao site do Adobe Muse (r\u00e1pido e gratuito)","description":"Integre um m\u00f3dulo Drupal Tumblr Feed em sua p\u00e1gina. Experimente a demonstra\u00e7\u00e3o pr\u00e1tica da Elfsight e crie seu fascinante m\u00f3dulo Tumblr em apenas tr\u00eas cliques","robots":{"index":"index","follow":"follow","max-snippet":"max-snippet:-1","max-image-preview":"max-image-preview:large","max-video-preview":"max-video-preview:-1"},"canonical":"https:\/\/elfsight.com\/pt\/tumblr-feed-widget\/drupal\/","og_locale":"pt_PT","og_type":"article","og_title":"Adicione o widget Tumblr Feed ao site do Adobe Muse (r\u00e1pido e gratuito)","og_description":"Integre um m\u00f3dulo Drupal Tumblr Feed em sua p\u00e1gina. Experimente a demonstra\u00e7\u00e3o pr\u00e1tica da Elfsight e crie seu fascinante m\u00f3dulo Tumblr em apenas tr\u00eas cliques","og_url":"https:\/\/elfsight.com\/pt\/tumblr-feed-widget\/drupal\/","og_site_name":"Elfsight PT","article_modified_time":"2024-11-13T11:17:55+00:00","twitter_card":"summary_large_image","twitter_misc":{"Tempo estimado de leitura":"3 minutos"},"schema":{"@context":"https:\/\/schema.org","@graph":[{"@type":"WebPage","@id":"https:\/\/elfsight.com\/pt\/tumblr-feed-widget\/drupal\/","url":"https:\/\/elfsight.com\/pt\/tumblr-feed-widget\/drupal\/","name":"Adicione o widget Tumblr Feed ao site do Adobe Muse (r\u00e1pido e gratuito)","isPartOf":{"@id":"https:\/\/elfsight.com\/pt\/#website"},"datePublished":"1970-01-01T00:00:00+00:00","dateModified":"2024-11-13T11:17:55+00:00","description":"Integre um m\u00f3dulo Drupal Tumblr Feed em sua p\u00e1gina. Experimente a demonstra\u00e7\u00e3o pr\u00e1tica da Elfsight e crie seu fascinante m\u00f3dulo Tumblr em apenas tr\u00eas cliques","breadcrumb":{"@id":"https:\/\/elfsight.com\/pt\/tumblr-feed-widget\/drupal\/#breadcrumb"},"inLanguage":"pt-PT","potentialAction":[{"@type":"ReadAction","target":["https:\/\/elfsight.com\/pt\/tumblr-feed-widget\/drupal\/"]}]},{"@type":"BreadcrumbList","@id":"https:\/\/elfsight.com\/pt\/tumblr-feed-widget\/drupal\/#breadcrumb","itemListElement":[{"@type":"ListItem","position":1,"name":"Home","item":"https:\/\/elfsight.com\/pt\/"},{"@type":"ListItem","position":2,"name":"Tumblr Feed","item":"https:\/\/elfsight.com\/pt\/tumblr-feed-widget\/"},{"@type":"ListItem","position":3,"name":"Tumblr Feed &#8211; Drupal"}]},{"@type":"WebSite","@id":"https:\/\/elfsight.com\/pt\/#website","url":"https:\/\/elfsight.com\/pt\/","name":"Elfsight PT","description":"Just another Elfsight Sites site","potentialAction":[{"@type":"SearchAction","target":{"@type":"EntryPoint","urlTemplate":"https:\/\/elfsight.com\/pt\/?s={search_term_string}"},"query-input":{"@type":"PropertyValueSpecification","valueRequired":true,"valueName":"search_term_string"}}],"inLanguage":"pt-PT"}]}},"meta_box":{"industry":"","seo_heading":"","heading":"","description":"","cta_heading":"","cta_description":"","application":"1547","h1":"M\u00f3dulo Drupal Tumblr Feed","h1_caption":"Revele suas publica\u00e7\u00f5es do Tumblr em seu site com facilidade!","application_category":[],"applications_title":"","applications_request_title":"","applications_request_button_text":"","hero_text":"","hero_video":"","hero_video_schema_markup":"","selling_points_title":"","selling_points_caption":"","selling_points":[],"selling_points_cta_text":"","features_title":"","features":"","ed_cta_examples_text":"","ed_cta_examples_hidden":"","ed_cta_demo_text":"","ed_cta_demo_hidden":"","why_caption":"","why_editor_title":"","why_editor_text":"","why_team_title":"","why_team_text":"","why_service_title":"","why_service_text":"","template_catalog_visible":"","template_catalog_title":"","template_catalog_text":"","template_catalog_categories_visible":"","demo_title":"Crie seu m\u00f3dulo de feed do Tumblr","demo_caption":"Configure seu feed do Tumblr e adicione-o ao seu site Drupal gratuitamente!","default_faq_hidden":"","app_template_category":[],"platform":"4905","template_public_id":"","codecanyon_url":"","codecanyon_item_id":"","codecanyon_price":"","pricing_caption":"","pricing_elfsight_apps_hide_column":"","pricing_elfsight_apps_url":"","pricing_codecanyon_price_caption":"","integration_category":[],"integration_request_title":"","integration_request_cta":"","integration_platform":"","integrations":[],"platform_category":[],"video_schema_markup":"","price":"a partir de US$ 0\/m\u00eas","trial":"","benefits":[{"text":"Servi\u00e7o de instala\u00e7\u00e3o gratuito"},{"text":"Suporte excepcional"},{"text":"Garantia de reembolso de 14 dias"},{"text":"Atualizando constantemente"}],"button_url":"#demo","button_target_blank":"","button_nofollow":"","attributes":[{"name":"Instala\u00e7\u00f5es","content":"10,000 - 100,000"},{"name":"Responsivo","content":"Sim"},{"name":"Navegadores compat\u00edveis","content":"Firefox, Safari, Opera, Chrome, Edge"}],"tags":[],"tags_disable_links":"","hide_more_platforms":"","video_object":"","demo_hide_cta":"","demo_hide_cloud_options":"","pricing_title":"","pricing":[{"pricing_icon":"platform","pricing_title":"Elfsight Apps","pricing_title_caption":"Solu\u00e7\u00e3o multiplataforma adequada para qualquer site","pricing_price":"a partir de US$ 0\/m\u00eas","pricing_price_caption":"comece com um plano gratuito","pricing_benefits":[{"text":"Dom\u00ednios ilimitados"},{"text":"Suporte ao cliente 24 horas por dia, 7 dias por semana e bem documentado"},{"text":"Suporte ao cliente 24 horas por dia, 7 dias por semana e bem documentado"},{"text":"100% personaliz\u00e1vel"}],"pricing_button_text":"Adicionar ao site","pricing_button_url":"#demo"}],"related_apps_title":"","related_apps_hidden":"","author":"","image":[],"title":"","job":"","social_networks":[]},"_links":{"self":[{"href":"https:\/\/elfsight.com\/pt\/wp-json\/wp\/v2\/pages\/8504","targetHints":{"allow":["GET"]}}],"collection":[{"href":"https:\/\/elfsight.com\/pt\/wp-json\/wp\/v2\/pages"}],"about":[{"href":"https:\/\/elfsight.com\/pt\/wp-json\/wp\/v2\/types\/page"}],"author":[{"embeddable":true,"href":"https:\/\/elfsight.com\/pt\/wp-json\/wp\/v2\/users\/9"}],"replies":[{"embeddable":true,"href":"https:\/\/elfsight.com\/pt\/wp-json\/wp\/v2\/comments?post=8504"}],"version-history":[{"count":1,"href":"https:\/\/elfsight.com\/pt\/wp-json\/wp\/v2\/pages\/8504\/revisions"}],"predecessor-version":[{"id":8508,"href":"https:\/\/elfsight.com\/pt\/wp-json\/wp\/v2\/pages\/8504\/revisions\/8508"}],"up":[{"embeddable":true,"href":"https:\/\/elfsight.com\/pt\/wp-json\/wp\/v2\/pages\/1548"}],"wp:attachment":[{"href":"https:\/\/elfsight.com\/pt\/wp-json\/wp\/v2\/media?parent=8504"}],"curies":[{"name":"wp","href":"https:\/\/api.w.org\/{rel}","templated":true}]}}