{"id":8498,"date":"1970-01-01T00:00:00","date_gmt":"1970-01-01T00:00:00","guid":{"rendered":"https:\/\/elfsight.com\/pt\/?page_id=8498"},"modified":"2024-11-13T11:17:39","modified_gmt":"2024-11-13T11:17:39","slug":"elementor","status":"publish","type":"page","link":"https:\/\/elfsight.com\/pt\/tumblr-feed-widget\/elementor\/","title":{"rendered":"Tumblr Feed &#8211; Elementor"},"content":{"rendered":"<div class=\"application-platform-content-item-description application-platform-content-item\" id=\"description\" data-nav-section=\"description\"> <h2>Incorpore o feed do Tumblr no Elementor com o widget Elfsight<\/h2> <p>O Elfsight Tumblr Feed para Elementor \u00e9 um widget exclusivo para construir seu feed personalizado feed composto pela rede Tumblr e exibindo-o diretamente no seu site. Crie uma galeria ou controle deslizante de postagens em poucos minutos! Exer\u00e7a controle total sobre o conte\u00fado demonstrado e livre-se de spam e qualquer conte\u00fado indesejado por meio de modera\u00e7\u00e3o manual. O editor online totalmente responsivo oferece modelos variados para voc\u00ea selecionar. <\/p> <p><b>Revele o conte\u00fado mais brilhante do Tumblr para deixar seus usu\u00e1rios entusiasmados e alcan\u00e7ar mais pessoas<\/b><\/p> <\/div> <div class=\"application-platform-content-item-features application-platform-content-item\" id=\"features\" data-nav-section=\"features\"> <h2>O mais popular os recursos do widget cont\u00eam<\/h2> <ul><li>Apresentar o conte\u00fado do Tumblr<\/li><li>Eliminar qualquer spam e conte\u00fado indesejado aplicando modera\u00e7\u00e3o manual. <\/li><li>Coloque o bot\u00e3o Seguir nos cart\u00f5es de widget. <\/li><li>Fa\u00e7a suas postagens aparecerem em um pop-up. <\/li><\/ul><p><a href=\"#demo\">Voc\u00ea pode explorar o que o widget oferece experimentando a demonstra\u00e7\u00e3o<\/a><\/p> <\/div> <div class=\"application-platform-content-item-installation application-platform-content-item\" id=\"installation\" data-nav-section=\"installation\"> <h2>Como adicionar o feed do Tumblr ao meu site Elementor? <\/h2> <p>Basta seguir os passos descritos abaixo para inserir o widget. <\/p> <ol><li><b>Inicie nosso configurador gratuito e comece a moldar seu widget personalizado. <\/b><br> Escolha a forma e os par\u00e2metros preferidos do plugin e aplique as edi\u00e7\u00f5es. <\/li> <li><b>Obtenha o c\u00f3digo individual que aparece no formul\u00e1rio especial nas aplica\u00e7\u00f5es Elfsight. <\/b><br> Logo ap\u00f3s a instala\u00e7\u00e3o do seu widget, copie o c\u00f3digo exclusivo na caixa exibida e salve-o para futuras ocasi\u00f5es. <\/li> <li><b>Comece a utilizar o widget em seu site Elementor. <\/b><br> Insira o c\u00f3digo salvo anteriormente em seu site e aplique as corre\u00e7\u00f5es. <\/li> <li><b>A configura\u00e7\u00e3o foi executada com sucesso. <\/b><br> Acesse sua p\u00e1gina para observar como o widget funciona. <\/li><\/ol> <p>Se voc\u00ea enfrentar d\u00favidas ou encontrar alguns obst\u00e1culos, sinta-se \u00e0 vontade para escrever para nossa equipe de suporte. Nossos consultores est\u00e3o ansiosos para ajud\u00e1-lo com todos os problemas que voc\u00ea possa ter com a ferramenta. <\/p> <\/div><div class=\"faq\" data-component=\"FAQ\"><div class=\"faq-item\">\r\n\t\t\t\t\t<div class=\"faq-item-question\">\r\n\t\t\t\t\t\t<h3 class=\"faq-item-question-text\">De que forma posso incorporar o feed do Tumblr ao meu site Elementor sem experi\u00eancia em codifica\u00e7\u00e3o?<\/h3>\r\n\r\n\t\t\t\t\t\t<div class=\"faq-item-question-icon\"><\/div>\r\n\t\t\t\t\t<\/div>\r\n\r\n\t\t\t\t\t<div class=\"faq-item-answer\">\r\n\t\t\t\t\t\t<div class=\"faq-item-answer-text\"><p>A empresa Elfsight fornece uma solu\u00e7\u00e3o SaaS que permite que os propriet\u00e1rios de sites criem voc\u00ea mesmo uma se\u00e7\u00e3o de feed do Tumblr, veja como \u00e9 simples:<\/p><ul><li>Comece a trabalhar diretamente na demonstra\u00e7\u00e3o ao vivo para gerar uma se\u00e7\u00e3o de feed do Tumblr que voc\u00ea gostaria de ver no Elementor .<\/li><li>Selecione um dos modelos predefinidos e ajuste as configura\u00e7\u00f5es do feed do Tumblr, altere o layout e as cores, atualize seu conte\u00fado sem codifica\u00e7\u00e3o.<\/li><li>Salve o feed do Tumblr e obtenha seu c\u00f3digo para instala\u00e7\u00e3o, que pode ser facilmente colado em sua p\u00e1gina inicial do Elementor sem comprar uma assinatura paga.<\/li><\/ul><p>Usando o editor intuitivo, cada usu\u00e1rio da Internet pode estabelecer a se\u00e7\u00e3o Feed do Tumblr e col\u00e1-la facilmente na p\u00e1gina inicial do Elementor. N\u00e3o h\u00e1 necessidade de pagar ou enviar os dados do seu cart\u00e3o para entrar em nosso servi\u00e7o. Se voc\u00ea encontrar algum obst\u00e1culo em qualquer etapa, sinta-se \u00e0 vontade para entrar em contato com nossa equipe de suporte.<\/p><\/div>\r\n\t\t\t\t\t<\/div>\r\n\t\t\t\t<\/div><\/div>","protected":false},"excerpt":{"rendered":"","protected":false},"author":9,"featured_media":0,"parent":1548,"menu_order":0,"comment_status":"closed","ping_status":"closed","template":"templates\/template-application-platform.php","meta":{"publish_to_discourse":"","publish_post_category":"","wpdc_auto_publish_overridden":"","wpdc_topic_tags":"","wpdc_pin_topic":"","wpdc_pin_until":"","discourse_post_id":"","discourse_permalink":"","wpdc_publishing_response":"","wpdc_publishing_error":"","footnotes":""},"class_list":["post-8498","page","type-page","status-publish","hentry"],"yoast_head":"<!-- This site is optimized with the Yoast SEO plugin v25.3.1 - https:\/\/yoast.com\/wordpress\/plugins\/seo\/ -->\n<title>Incorporar widget Tumblr Feed ao site Elementor (sem necessidade de codifica\u00e7\u00e3o)<\/title>\n<meta name=\"description\" content=\"Implemente o widget Elementor Tumblr Feed na p\u00e1gina. Experimente a demonstra\u00e7\u00e3o pr\u00e1tica da Elfsight e gere seu lindo widget do Tumblr em dois minutos\" \/>\n<meta name=\"robots\" content=\"index, follow, max-snippet:-1, max-image-preview:large, max-video-preview:-1\" \/>\n<link rel=\"canonical\" href=\"https:\/\/elfsight.com\/pt\/tumblr-feed-widget\/elementor\/\" \/>\n<meta property=\"og:locale\" content=\"pt_PT\" \/>\n<meta property=\"og:type\" content=\"article\" \/>\n<meta property=\"og:title\" content=\"Incorporar widget Tumblr Feed ao site Elementor (sem necessidade de codifica\u00e7\u00e3o)\" \/>\n<meta property=\"og:description\" content=\"Implemente o widget Elementor Tumblr Feed na p\u00e1gina. Experimente a demonstra\u00e7\u00e3o pr\u00e1tica da Elfsight e gere seu lindo widget do Tumblr em dois minutos\" \/>\n<meta property=\"og:url\" content=\"https:\/\/elfsight.com\/pt\/tumblr-feed-widget\/elementor\/\" \/>\n<meta property=\"og:site_name\" content=\"Elfsight PT\" \/>\n<meta property=\"article:modified_time\" content=\"2024-11-13T11:17:39+00:00\" \/>\n<meta name=\"twitter:card\" content=\"summary_large_image\" \/>\n<meta name=\"twitter:label1\" content=\"Tempo estimado de leitura\" \/>\n\t<meta name=\"twitter:data1\" content=\"3 minutos\" \/>\n<!-- \/ Yoast SEO plugin. -->","yoast_head_json":{"title":"Incorporar widget Tumblr Feed ao site Elementor (sem necessidade de codifica\u00e7\u00e3o)","description":"Implemente o widget Elementor Tumblr Feed na p\u00e1gina. Experimente a demonstra\u00e7\u00e3o pr\u00e1tica da Elfsight e gere seu lindo widget do Tumblr em dois minutos","robots":{"index":"index","follow":"follow","max-snippet":"max-snippet:-1","max-image-preview":"max-image-preview:large","max-video-preview":"max-video-preview:-1"},"canonical":"https:\/\/elfsight.com\/pt\/tumblr-feed-widget\/elementor\/","og_locale":"pt_PT","og_type":"article","og_title":"Incorporar widget Tumblr Feed ao site Elementor (sem necessidade de codifica\u00e7\u00e3o)","og_description":"Implemente o widget Elementor Tumblr Feed na p\u00e1gina. Experimente a demonstra\u00e7\u00e3o pr\u00e1tica da Elfsight e gere seu lindo widget do Tumblr em dois minutos","og_url":"https:\/\/elfsight.com\/pt\/tumblr-feed-widget\/elementor\/","og_site_name":"Elfsight PT","article_modified_time":"2024-11-13T11:17:39+00:00","twitter_card":"summary_large_image","twitter_misc":{"Tempo estimado de leitura":"3 minutos"},"schema":{"@context":"https:\/\/schema.org","@graph":[{"@type":"WebPage","@id":"https:\/\/elfsight.com\/pt\/tumblr-feed-widget\/elementor\/","url":"https:\/\/elfsight.com\/pt\/tumblr-feed-widget\/elementor\/","name":"Incorporar widget Tumblr Feed ao site Elementor (sem necessidade de codifica\u00e7\u00e3o)","isPartOf":{"@id":"https:\/\/elfsight.com\/pt\/#website"},"datePublished":"1970-01-01T00:00:00+00:00","dateModified":"2024-11-13T11:17:39+00:00","description":"Implemente o widget Elementor Tumblr Feed na p\u00e1gina. Experimente a demonstra\u00e7\u00e3o pr\u00e1tica da Elfsight e gere seu lindo widget do Tumblr em dois minutos","breadcrumb":{"@id":"https:\/\/elfsight.com\/pt\/tumblr-feed-widget\/elementor\/#breadcrumb"},"inLanguage":"pt-PT","potentialAction":[{"@type":"ReadAction","target":["https:\/\/elfsight.com\/pt\/tumblr-feed-widget\/elementor\/"]}]},{"@type":"BreadcrumbList","@id":"https:\/\/elfsight.com\/pt\/tumblr-feed-widget\/elementor\/#breadcrumb","itemListElement":[{"@type":"ListItem","position":1,"name":"Home","item":"https:\/\/elfsight.com\/pt\/"},{"@type":"ListItem","position":2,"name":"Tumblr Feed","item":"https:\/\/elfsight.com\/pt\/tumblr-feed-widget\/"},{"@type":"ListItem","position":3,"name":"Tumblr Feed &#8211; Elementor"}]},{"@type":"WebSite","@id":"https:\/\/elfsight.com\/pt\/#website","url":"https:\/\/elfsight.com\/pt\/","name":"Elfsight PT","description":"Just another Elfsight Sites site","potentialAction":[{"@type":"SearchAction","target":{"@type":"EntryPoint","urlTemplate":"https:\/\/elfsight.com\/pt\/?s={search_term_string}"},"query-input":{"@type":"PropertyValueSpecification","valueRequired":true,"valueName":"search_term_string"}}],"inLanguage":"pt-PT"}]}},"meta_box":{"industry":"","seo_heading":"","heading":"","description":"","cta_heading":"","cta_description":"","application":"1547","h1":"Widget de feed do Elementor Tumblr","h1_caption":"Exiba seu conte\u00fado do Tumblr em seu site com facilidade!","application_category":[],"applications_title":"","applications_request_title":"","applications_request_button_text":"","hero_text":"","hero_video":"","hero_video_schema_markup":"","selling_points_title":"","selling_points_caption":"","selling_points":[],"selling_points_cta_text":"","features_title":"","features":"","ed_cta_examples_text":"","ed_cta_examples_hidden":"","ed_cta_demo_text":"","ed_cta_demo_hidden":"","why_caption":"","why_editor_title":"","why_editor_text":"","why_team_title":"","why_team_text":"","why_service_title":"","why_service_text":"","template_catalog_visible":"","template_catalog_title":"","template_catalog_text":"","template_catalog_categories_visible":"","demo_title":"Crie seu widget de feed do Tumblr","demo_caption":"Configure seu feed do Tumblr e adicione-o ao seu site Elementor gratuitamente!","default_faq_hidden":"","app_template_category":[],"platform":"100","template_public_id":"","codecanyon_url":"","codecanyon_item_id":"","codecanyon_price":"","pricing_caption":"","pricing_elfsight_apps_hide_column":"","pricing_elfsight_apps_url":"","pricing_codecanyon_price_caption":"","integration_category":[],"integration_request_title":"","integration_request_cta":"","integration_platform":"","integrations":[],"platform_category":[],"video_schema_markup":"","price":"a partir de US$ 0\/m\u00eas","trial":"","benefits":[{"text":"Assist\u00eancia de instala\u00e7\u00e3o gratuita"},{"text":"Atendimento ao cliente competente"},{"text":"Garantia de devolu\u00e7\u00e3o do dinheiro em 14 dias"},{"text":"Atualiza\u00e7\u00f5es futuras"}],"button_url":"#demo","button_target_blank":"","button_nofollow":"","attributes":[{"name":"Instala\u00e7\u00f5es","content":"10,000 - 100,000"},{"name":"Responsivo","content":"Sim"},{"name":"Navegadores compat\u00edveis","content":"Firefox, Safari, Opera, Chrome, Edge"}],"tags":[],"tags_disable_links":"","hide_more_platforms":"","video_object":"","demo_hide_cta":"","demo_hide_cloud_options":"","pricing_title":"","pricing":[{"pricing_icon":"platform","pricing_title":"Elfsight Apps","pricing_title_caption":"Vers\u00e3o multiplataforma adequada para qualquer site","pricing_price":"a partir de US$ 0\/m\u00eas","pricing_price_caption":"comece com um plano gratuito","pricing_benefits":[{"text":"Dom\u00ednios ilimitados"},{"text":"Suporte dedicado da empresa e bem documentado"},{"text":"Suporte dedicado da empresa e bem documentado"},{"text":"Totalmente personaliz\u00e1vel"}],"pricing_button_text":"Adicionar ao site","pricing_button_url":"#demo"}],"related_apps_title":"","related_apps_hidden":"","author":"","image":[],"title":"","job":"","social_networks":[]},"_links":{"self":[{"href":"https:\/\/elfsight.com\/pt\/wp-json\/wp\/v2\/pages\/8498","targetHints":{"allow":["GET"]}}],"collection":[{"href":"https:\/\/elfsight.com\/pt\/wp-json\/wp\/v2\/pages"}],"about":[{"href":"https:\/\/elfsight.com\/pt\/wp-json\/wp\/v2\/types\/page"}],"author":[{"embeddable":true,"href":"https:\/\/elfsight.com\/pt\/wp-json\/wp\/v2\/users\/9"}],"replies":[{"embeddable":true,"href":"https:\/\/elfsight.com\/pt\/wp-json\/wp\/v2\/comments?post=8498"}],"version-history":[{"count":1,"href":"https:\/\/elfsight.com\/pt\/wp-json\/wp\/v2\/pages\/8498\/revisions"}],"predecessor-version":[{"id":8502,"href":"https:\/\/elfsight.com\/pt\/wp-json\/wp\/v2\/pages\/8498\/revisions\/8502"}],"up":[{"embeddable":true,"href":"https:\/\/elfsight.com\/pt\/wp-json\/wp\/v2\/pages\/1548"}],"wp:attachment":[{"href":"https:\/\/elfsight.com\/pt\/wp-json\/wp\/v2\/media?parent=8498"}],"curies":[{"name":"wp","href":"https:\/\/api.w.org\/{rel}","templated":true}]}}