{"id":8490,"date":"1970-01-01T00:00:00","date_gmt":"1970-01-01T00:00:00","guid":{"rendered":"https:\/\/elfsight.com\/pt\/?page_id=8490"},"modified":"2024-11-13T11:17:31","modified_gmt":"2024-11-13T11:17:31","slug":"iframe","status":"publish","type":"page","link":"https:\/\/elfsight.com\/pt\/tumblr-feed-widget\/iframe\/","title":{"rendered":"Tumblr Feed &#8211; iFrame"},"content":{"rendered":"<div class=\"application-platform-content-item-description application-platform-content-item\" id=\"description\" data-nav-section=\"description\"> <h2>Incorpore o feed do Tumblr no iFrame com o widget Elfsight<\/h2> <p>O Elfsight Tumblr Feed para iFrame \u00e9 um widget para moldar seu feed personalizado composto pelas fontes do Tumblr e demonstrando isso diretamente no seu site. Desenvolva uma galeria ou controle deslizante de postagens no 1-2-3! Exer\u00e7a controle total sobre o conte\u00fado demonstrado e elimine spam e qualquer conte\u00fado indesejado por meio de modera\u00e7\u00e3o manual. O editor online totalmente responsivo oferece v\u00e1rios modelos para voc\u00ea escolher. <\/p> <p><b>Escolha o conte\u00fado mais marcante do Tumblr para manter seu p\u00fablico animado e afetar mais pessoas<\/b><\/p> <\/div> <div class=\"application-platform-content-item-features application-platform-content-item\" id=\"features\" data-nav-section=\"features\"> <h2>Estes s\u00e3o apenas alguns dos valiosos recursos do widget: <\/h2> <ul><li>Exibir o conte\u00fado do Tumblr<\/li><li>Elimine qualquer spam e conte\u00fado indesejado por meio do modo de modera\u00e7\u00e3o manual. <\/li><li>Instale o bot\u00e3o Seguir nos cart\u00f5es de widget. <\/li><li>Fa\u00e7a suas postagens aparecerem em um pop-up. <\/li><\/ul><p><a href=\"#demo\">Voc\u00ea pode descobrir a funcionalidade completa do widget na demonstra\u00e7\u00e3o aqui<\/a><\/p> <\/div> <div class=\"application-platform-content-item-instala\u00e7\u00e3o application-platform-content-item\" id=\"instala\u00e7\u00e3o\" data-nav-section=\"instala\u00e7\u00e3o\"> <h2>Como posso incorporar o feed do Tumblr em meu site iFrame? <\/h2> <p>Basta seguir as orienta\u00e7\u00f5es abaixo para incorporar a ferramenta. <\/p> <ol><li><b>Utilize nosso configurador gratuito e comece a construir seu widget personalizado. <\/b><br> Especifique o design e as caracter\u00edsticas adequadas do plugin e salve as modifica\u00e7\u00f5es. <\/li> <li><b>Adquira o c\u00f3digo individual que aparece no formul\u00e1rio especial nas aplica\u00e7\u00f5es Elfsight. <\/b><br> Assim que a configura\u00e7\u00e3o do seu widget estiver conclu\u00edda, copie o c\u00f3digo pessoal no pop-up exibido e salve-o para futuras ocasi\u00f5es. <\/li> <li><b>Iniciar a utiliza\u00e7\u00e3o do widget no site iFrame. <\/b><br> Insira o c\u00f3digo copiado recentemente em seu site e salve os ajustes. <\/li> <li><b>A configura\u00e7\u00e3o foi conclu\u00edda com sucesso. <\/b><br> V\u00e1 para sua p\u00e1gina para ver em a\u00e7\u00e3o o desempenho do plugin. <\/li><\/ol> <p>Se voc\u00ea enfrentar alguma dificuldade, n\u00e3o tenha medo de procurar ajuda de nossa equipe de atendimento ao cliente. Nosso pessoal ficar\u00e1 feliz em ajud\u00e1-lo com todas as dificuldades que voc\u00ea possa ter com a ferramenta. <\/p> <\/div><div class=\"faq\" data-component=\"FAQ\"><div class=\"faq-item\">\r\n\t\t\t\t\t<div class=\"faq-item-question\">\r\n\t\t\t\t\t\t<h3 class=\"faq-item-question-text\">Existe uma op\u00e7\u00e3o para incorporar o feed do Tumblr na minha p\u00e1gina iFrame sem codifica\u00e7\u00e3o?<\/h3>\r\n\r\n\t\t\t\t\t\t<div class=\"faq-item-question-icon\"><\/div>\r\n\t\t\t\t\t<\/div>\r\n\r\n\t\t\t\t\t<div class=\"faq-item-answer\">\r\n\t\t\t\t\t\t<div class=\"faq-item-answer-text\"><p>Ofertas da empresa Elfsight uma solu\u00e7\u00e3o em nuvem que permite aos usu\u00e1rios criar um aplicativo de feed do Tumblr, aprenda as instru\u00e7\u00f5es simples:<\/p><ul><li>Comece a trabalhar no editor ao vivo para criar um widget de feed do Tumblr que voc\u00ea gostaria de integrar no site iFrame.<\/li><li>Escolha um dos muitos modelos predefinidos e adapte as configura\u00e7\u00f5es do feed do Tumblr, atualize seu conte\u00fado, transforme o layout e o esquema de cores sem experi\u00eancia em codifica\u00e7\u00e3o.<\/li><li>Clique para salvar as configura\u00e7\u00f5es que voc\u00ea fez para o Tumblr Feed e obter o c\u00f3digo de instala\u00e7\u00e3o, que pode ser simplesmente incorporado em qualquer site iFrame gratuitamente.<\/li><\/ul><p>Usando nosso configurador intuitivo, qualquer usu\u00e1rio da web pode criar o plug-in Tumblr Feed on-line e col\u00e1-lo sem esfor\u00e7o o site do iFrame. Voc\u00ea n\u00e3o deve pagar ou enviar os dados do seu cart\u00e3o para entrar em nosso Editor. Se voc\u00ea tiver algum problema em qualquer etapa, sinta-se \u00e0 vontade para entrar em contato com nosso suporte t\u00e9cnico ao cliente.<\/p><\/div>\r\n\t\t\t\t\t<\/div>\r\n\t\t\t\t<\/div><\/div>","protected":false},"excerpt":{"rendered":"","protected":false},"author":9,"featured_media":0,"parent":1548,"menu_order":0,"comment_status":"closed","ping_status":"closed","template":"templates\/template-application-platform.php","meta":{"publish_to_discourse":"","publish_post_category":"","wpdc_auto_publish_overridden":"","wpdc_topic_tags":"","wpdc_pin_topic":"","wpdc_pin_until":"","discourse_post_id":"","discourse_permalink":"","wpdc_publishing_response":"","wpdc_publishing_error":"","footnotes":""},"class_list":["post-8490","page","type-page","status-publish","hentry"],"yoast_head":"<!-- This site is optimized with the Yoast SEO plugin v25.3.1 - https:\/\/yoast.com\/wordpress\/plugins\/seo\/ -->\n<title>Adicione o widget Tumblr Feed ao site iFrame (r\u00e1pido e gratuito)<\/title>\n<meta name=\"description\" content=\"Integre um widget iFrame Tumblr Feed f\u00e1cil de gerenciar na p\u00e1gina. Experimente a demonstra\u00e7\u00e3o pr\u00e1tica da Elfsight e crie seu incr\u00edvel aplicativo Tumblr em dois cliques\" \/>\n<meta name=\"robots\" content=\"index, follow, max-snippet:-1, max-image-preview:large, max-video-preview:-1\" \/>\n<link rel=\"canonical\" href=\"https:\/\/elfsight.com\/pt\/tumblr-feed-widget\/iframe\/\" \/>\n<meta property=\"og:locale\" content=\"pt_PT\" \/>\n<meta property=\"og:type\" content=\"article\" \/>\n<meta property=\"og:title\" content=\"Adicione o widget Tumblr Feed ao site iFrame (r\u00e1pido e gratuito)\" \/>\n<meta property=\"og:description\" content=\"Integre um widget iFrame Tumblr Feed f\u00e1cil de gerenciar na p\u00e1gina. Experimente a demonstra\u00e7\u00e3o pr\u00e1tica da Elfsight e crie seu incr\u00edvel aplicativo Tumblr em dois cliques\" \/>\n<meta property=\"og:url\" content=\"https:\/\/elfsight.com\/pt\/tumblr-feed-widget\/iframe\/\" \/>\n<meta property=\"og:site_name\" content=\"Elfsight PT\" \/>\n<meta property=\"article:modified_time\" content=\"2024-11-13T11:17:31+00:00\" \/>\n<meta name=\"twitter:card\" content=\"summary_large_image\" \/>\n<meta name=\"twitter:label1\" content=\"Tempo estimado de leitura\" \/>\n\t<meta name=\"twitter:data1\" content=\"3 minutos\" \/>\n<!-- \/ Yoast SEO plugin. -->","yoast_head_json":{"title":"Adicione o widget Tumblr Feed ao site iFrame (r\u00e1pido e gratuito)","description":"Integre um widget iFrame Tumblr Feed f\u00e1cil de gerenciar na p\u00e1gina. Experimente a demonstra\u00e7\u00e3o pr\u00e1tica da Elfsight e crie seu incr\u00edvel aplicativo Tumblr em dois cliques","robots":{"index":"index","follow":"follow","max-snippet":"max-snippet:-1","max-image-preview":"max-image-preview:large","max-video-preview":"max-video-preview:-1"},"canonical":"https:\/\/elfsight.com\/pt\/tumblr-feed-widget\/iframe\/","og_locale":"pt_PT","og_type":"article","og_title":"Adicione o widget Tumblr Feed ao site iFrame (r\u00e1pido e gratuito)","og_description":"Integre um widget iFrame Tumblr Feed f\u00e1cil de gerenciar na p\u00e1gina. Experimente a demonstra\u00e7\u00e3o pr\u00e1tica da Elfsight e crie seu incr\u00edvel aplicativo Tumblr em dois cliques","og_url":"https:\/\/elfsight.com\/pt\/tumblr-feed-widget\/iframe\/","og_site_name":"Elfsight PT","article_modified_time":"2024-11-13T11:17:31+00:00","twitter_card":"summary_large_image","twitter_misc":{"Tempo estimado de leitura":"3 minutos"},"schema":{"@context":"https:\/\/schema.org","@graph":[{"@type":"WebPage","@id":"https:\/\/elfsight.com\/pt\/tumblr-feed-widget\/iframe\/","url":"https:\/\/elfsight.com\/pt\/tumblr-feed-widget\/iframe\/","name":"Adicione o widget Tumblr Feed ao site iFrame (r\u00e1pido e gratuito)","isPartOf":{"@id":"https:\/\/elfsight.com\/pt\/#website"},"datePublished":"1970-01-01T00:00:00+00:00","dateModified":"2024-11-13T11:17:31+00:00","description":"Integre um widget iFrame Tumblr Feed f\u00e1cil de gerenciar na p\u00e1gina. Experimente a demonstra\u00e7\u00e3o pr\u00e1tica da Elfsight e crie seu incr\u00edvel aplicativo Tumblr em dois cliques","breadcrumb":{"@id":"https:\/\/elfsight.com\/pt\/tumblr-feed-widget\/iframe\/#breadcrumb"},"inLanguage":"pt-PT","potentialAction":[{"@type":"ReadAction","target":["https:\/\/elfsight.com\/pt\/tumblr-feed-widget\/iframe\/"]}]},{"@type":"BreadcrumbList","@id":"https:\/\/elfsight.com\/pt\/tumblr-feed-widget\/iframe\/#breadcrumb","itemListElement":[{"@type":"ListItem","position":1,"name":"Home","item":"https:\/\/elfsight.com\/pt\/"},{"@type":"ListItem","position":2,"name":"Tumblr Feed","item":"https:\/\/elfsight.com\/pt\/tumblr-feed-widget\/"},{"@type":"ListItem","position":3,"name":"Tumblr Feed &#8211; iFrame"}]},{"@type":"WebSite","@id":"https:\/\/elfsight.com\/pt\/#website","url":"https:\/\/elfsight.com\/pt\/","name":"Elfsight PT","description":"Just another Elfsight Sites site","potentialAction":[{"@type":"SearchAction","target":{"@type":"EntryPoint","urlTemplate":"https:\/\/elfsight.com\/pt\/?s={search_term_string}"},"query-input":{"@type":"PropertyValueSpecification","valueRequired":true,"valueName":"search_term_string"}}],"inLanguage":"pt-PT"}]}},"meta_box":{"industry":"","seo_heading":"","heading":"","description":"","cta_heading":"","cta_description":"","application":"1547","h1":"Widget de feed do Tumblr iFrame","h1_caption":"Revele o conte\u00fado do Tumblr no seu site com apenas alguns cliques!","application_category":[],"applications_title":"","applications_request_title":"","applications_request_button_text":"","hero_text":"","hero_video":"","hero_video_schema_markup":"","selling_points_title":"","selling_points_caption":"","selling_points":[],"selling_points_cta_text":"","features_title":"","features":"","ed_cta_examples_text":"","ed_cta_examples_hidden":"","ed_cta_demo_text":"","ed_cta_demo_hidden":"","why_caption":"","why_editor_title":"","why_editor_text":"","why_team_title":"","why_team_text":"","why_service_title":"","why_service_text":"","template_catalog_visible":"","template_catalog_title":"","template_catalog_text":"","template_catalog_categories_visible":"","demo_title":"Crie seu widget de feed do Tumblr","demo_caption":"Configure seu feed do Tumblr e adicione-o ao seu site iFrame gratuitamente!","default_faq_hidden":"","app_template_category":[],"platform":"4911","template_public_id":"","codecanyon_url":"","codecanyon_item_id":"","codecanyon_price":"","pricing_caption":"","pricing_elfsight_apps_hide_column":"","pricing_elfsight_apps_url":"","pricing_codecanyon_price_caption":"","integration_category":[],"integration_request_title":"","integration_request_cta":"","integration_platform":"","integrations":[],"platform_category":[],"video_schema_markup":"","price":"a partir de US$ 0\/m\u00eas","trial":"","benefits":[{"text":"Ajuda de instala\u00e7\u00e3o gratuita"},{"text":"Atendimento ao cliente competente"},{"text":"Garantia de reembolso de 14 dias"},{"text":"Desenvolvimento cont\u00ednuo"}],"button_url":"#demo","button_target_blank":"","button_nofollow":"","attributes":[{"name":"Instala\u00e7\u00f5es","content":"10,000 - 100,000"},{"name":"Responsivo","content":"Sim"},{"name":"Navegadores compat\u00edveis","content":"Firefox, Safari, Opera, Chrome, Edge"}],"tags":[],"tags_disable_links":"","hide_more_platforms":"","video_object":"","demo_hide_cta":"","demo_hide_cloud_options":"","pricing_title":"","pricing":[{"pricing_icon":"platform","pricing_title":"Elfsight Apps","pricing_title_caption":"Vers\u00e3o independente de plataforma","pricing_price":"a partir de US$ 0\/m\u00eas","pricing_price_caption":"comece com um plano gratuito","pricing_benefits":[{"text":"Dom\u00ednios ilimitados"},{"text":"Suporte ao cliente premium e bem documentado"},{"text":"Suporte ao cliente premium e bem documentado"},{"text":"Design flex\u00edvel"}],"pricing_button_text":"Adicionar ao site","pricing_button_url":"#demo"}],"related_apps_title":"","related_apps_hidden":"","author":"","image":[],"title":"","job":"","social_networks":[]},"_links":{"self":[{"href":"https:\/\/elfsight.com\/pt\/wp-json\/wp\/v2\/pages\/8490","targetHints":{"allow":["GET"]}}],"collection":[{"href":"https:\/\/elfsight.com\/pt\/wp-json\/wp\/v2\/pages"}],"about":[{"href":"https:\/\/elfsight.com\/pt\/wp-json\/wp\/v2\/types\/page"}],"author":[{"embeddable":true,"href":"https:\/\/elfsight.com\/pt\/wp-json\/wp\/v2\/users\/9"}],"replies":[{"embeddable":true,"href":"https:\/\/elfsight.com\/pt\/wp-json\/wp\/v2\/comments?post=8490"}],"version-history":[{"count":1,"href":"https:\/\/elfsight.com\/pt\/wp-json\/wp\/v2\/pages\/8490\/revisions"}],"predecessor-version":[{"id":8494,"href":"https:\/\/elfsight.com\/pt\/wp-json\/wp\/v2\/pages\/8490\/revisions\/8494"}],"up":[{"embeddable":true,"href":"https:\/\/elfsight.com\/pt\/wp-json\/wp\/v2\/pages\/1548"}],"wp:attachment":[{"href":"https:\/\/elfsight.com\/pt\/wp-json\/wp\/v2\/media?parent=8490"}],"curies":[{"name":"wp","href":"https:\/\/api.w.org\/{rel}","templated":true}]}}