{"id":8489,"date":"1970-01-01T00:00:00","date_gmt":"1970-01-01T00:00:00","guid":{"rendered":"https:\/\/elfsight.com\/pt\/?page_id=8489"},"modified":"2024-11-13T11:17:31","modified_gmt":"2024-11-13T11:17:31","slug":"magento","status":"publish","type":"page","link":"https:\/\/elfsight.com\/pt\/tumblr-feed-widget\/magento\/","title":{"rendered":"Tumblr Feed &#8211; Magento"},"content":{"rendered":"<div class=\"application-platform-content-item-description application-platform-content-item\" id=\"description\" data-nav-section=\"description\"> <h2>Descri\u00e7\u00e3o<\/h2> <p>Elfsight Tumblr Feed for Magento \u00e9 uma extens\u00e3o para criar seu feed individualizado que consiste nas fontes do Tumblr e demonstr\u00e1-lo direto no seu site. Desenvolva uma galeria ou controle deslizante de postagens no 1-2-3! Exer\u00e7a controle absoluto sobre o conte\u00fado demonstrado e livre-se de spam e qualquer conte\u00fado indesejado por meio de modera\u00e7\u00e3o manual. O configurador online totalmente responsivo oferece v\u00e1rios modelos para voc\u00ea selecionar. <\/p> <p><b>Selecione o conte\u00fado mais impressionante do Tumblr para manter os visitantes do seu site envolvidos e afetar mais pessoas<\/b><\/p> <\/div> <div class=\"application-platform-content-item-features application-platform-content-item\" id=\"features\" data-nav-section=\"features\"> <h2>O recursos centrais do widget oferecem<\/h2> <ul><li>Exiba seu conte\u00fado do Tumblr<\/li><li>Elimine qualquer spam e conte\u00fado indesejado aplicando o modo de modera\u00e7\u00e3o manual. <\/li><li>Instale o bot\u00e3o Seguir nos cart\u00f5es de widget. <\/li><li>Fa\u00e7a com que suas postagens sejam visualizadas em modo pop-up. <\/li><\/ul><p><a href=\"#demo\">Voc\u00ea pode verificar o que o widget oferece usando a demonstra\u00e7\u00e3o<\/a><\/p> <\/div> <div class=\"application-platform-content-item-installation application-platform-content-item\" id=\"installation\" data-nav-section=\"installation\"> <h2>Como posso incorporar o feed do Tumblr ao meu site Magento? <\/h2> <p>Basta seguir as orienta\u00e7\u00f5es abaixo para integrar a ferramenta. <\/p> <ol><li><b>Utilize nosso editor gratuito e comece a construir sua pr\u00f3pria extens\u00e3o. <\/b><br> Encontre a forma desej\u00e1vel e as caracter\u00edsticas funcionais da extens\u00e3o e salve as corre\u00e7\u00f5es. <\/li> <li><b>Receba o c\u00f3digo pessoal que aparece no formul\u00e1rio especial nas aplica\u00e7\u00f5es Elfsight. <\/b><br> Logo ap\u00f3s o estabelecimento da sua extens\u00e3o, copie o c\u00f3digo pessoal na janela exibida e salve-o para uso posterior. <\/li> <li><b>Iniciar a aplica\u00e7\u00e3o da ferramenta no site Magento. <\/b><br> Implemente o c\u00f3digo salvo recentemente em seu site e aplique as edi\u00e7\u00f5es. <\/li> <li><b>Conclu\u00eddo! A integra\u00e7\u00e3o foi finalizada com sucesso. <\/b><br> Acesse sua p\u00e1gina para ver o desempenho da ferramenta. <\/li><\/ol> <p>Na condi\u00e7\u00e3o de ter d\u00favidas ou se deparar com alguma complica\u00e7\u00e3o, n\u00e3o tenha medo de procurar atendimento de nossa equipe de atendimento. Nossos consultores ter\u00e3o prazer em ajud\u00e1-lo com todos os problemas que voc\u00ea possa ter com o produto. <\/p> <\/div><div class=\"faq\" data-component=\"FAQ\"><div class=\"faq-item\">\r\n\t\t\t\t\t<div class=\"faq-item-question\">\r\n\t\t\t\t\t\t<h3 class=\"faq-item-question-text\">Existe uma maneira de incorporar o feed do Tumblr ao meu site Magento sem experi\u00eancia em codifica\u00e7\u00e3o?<\/h3>\r\n\r\n\t\t\t\t\t\t<div class=\"faq-item-question-icon\"><\/div>\r\n\t\t\t\t\t<\/div>\r\n\r\n\t\t\t\t\t<div class=\"faq-item-answer\">\r\n\t\t\t\t\t\t<div class=\"faq-item-answer-text\"><p>Ofertas da empresa Elfsight uma solu\u00e7\u00e3o SaaS que permite ao usu\u00e1rio criar um aplicativo Tumblr Feed, descubra como \u00e9 f\u00e1cil:<\/p><ul><li>Comece a trabalhar na demonstra\u00e7\u00e3o online para construir um plugin Tumblr Feed que voc\u00ea gostaria de integrar no site Magento. <\/li><li>Escolha um de nossos modelos prontos e ajuste as configura\u00e7\u00f5es do feed do Tumblr, adicione seu conte\u00fado, altere o layout e o esquema de cores sem codifica\u00e7\u00e3o.<\/li><li>Salve o feed do Tumblr e obtenha a instala\u00e7\u00e3o c\u00f3digo, que pode ser facilmente inclu\u00eddo no site Magento sem comprar um plano pago.<\/li><\/ul><p>Usando nosso editor intuitivo, qualquer usu\u00e1rio da Internet pode gerar feed do Tumblr online e simplesmente col\u00e1-lo no site Magento. Voc\u00ea n\u00e3o deve pagar ou inserir os dados do seu cart\u00e3o para acessar o Elfsight Editor. Se voc\u00ea encontrar algum obst\u00e1culo de qualquer tipo, sinta-se \u00e0 vontade para entrar em contato com nosso suporte ao cliente.<\/p><\/div>\r\n\t\t\t\t\t<\/div>\r\n\t\t\t\t<\/div><\/div>","protected":false},"excerpt":{"rendered":"","protected":false},"author":9,"featured_media":0,"parent":1548,"menu_order":0,"comment_status":"closed","ping_status":"closed","template":"templates\/template-application-platform.php","meta":{"publish_to_discourse":"","publish_post_category":"","wpdc_auto_publish_overridden":"","wpdc_topic_tags":"","wpdc_pin_topic":"","wpdc_pin_until":"","discourse_post_id":"","discourse_permalink":"","wpdc_publishing_response":"","wpdc_publishing_error":"","footnotes":""},"class_list":["post-8489","page","type-page","status-publish","hentry"],"yoast_head":"<!-- This site is optimized with the Yoast SEO plugin v25.3.1 - https:\/\/yoast.com\/wordpress\/plugins\/seo\/ -->\n<title>Adicione a extens\u00e3o Tumblr Feed ao site Magento (r\u00e1pido e gratuito)<\/title>\n<meta name=\"description\" content=\"Insira a extens\u00e3o Magento Tumblr Feed no site. Experimente a demonstra\u00e7\u00e3o pr\u00e1tica da Elfsight e crie sua incr\u00edvel extens\u00e3o do Tumblr em dois cliques\" \/>\n<meta name=\"robots\" content=\"index, follow, max-snippet:-1, max-image-preview:large, max-video-preview:-1\" \/>\n<link rel=\"canonical\" href=\"https:\/\/elfsight.com\/pt\/tumblr-feed-widget\/magento\/\" \/>\n<meta property=\"og:locale\" content=\"pt_PT\" \/>\n<meta property=\"og:type\" content=\"article\" \/>\n<meta property=\"og:title\" content=\"Adicione a extens\u00e3o Tumblr Feed ao site Magento (r\u00e1pido e gratuito)\" \/>\n<meta property=\"og:description\" content=\"Insira a extens\u00e3o Magento Tumblr Feed no site. Experimente a demonstra\u00e7\u00e3o pr\u00e1tica da Elfsight e crie sua incr\u00edvel extens\u00e3o do Tumblr em dois cliques\" \/>\n<meta property=\"og:url\" content=\"https:\/\/elfsight.com\/pt\/tumblr-feed-widget\/magento\/\" \/>\n<meta property=\"og:site_name\" content=\"Elfsight PT\" \/>\n<meta property=\"article:modified_time\" content=\"2024-11-13T11:17:31+00:00\" \/>\n<meta name=\"twitter:card\" content=\"summary_large_image\" \/>\n<meta name=\"twitter:label1\" content=\"Tempo estimado de leitura\" \/>\n\t<meta name=\"twitter:data1\" content=\"3 minutos\" \/>\n<!-- \/ Yoast SEO plugin. -->","yoast_head_json":{"title":"Adicione a extens\u00e3o Tumblr Feed ao site Magento (r\u00e1pido e gratuito)","description":"Insira a extens\u00e3o Magento Tumblr Feed no site. Experimente a demonstra\u00e7\u00e3o pr\u00e1tica da Elfsight e crie sua incr\u00edvel extens\u00e3o do Tumblr em dois cliques","robots":{"index":"index","follow":"follow","max-snippet":"max-snippet:-1","max-image-preview":"max-image-preview:large","max-video-preview":"max-video-preview:-1"},"canonical":"https:\/\/elfsight.com\/pt\/tumblr-feed-widget\/magento\/","og_locale":"pt_PT","og_type":"article","og_title":"Adicione a extens\u00e3o Tumblr Feed ao site Magento (r\u00e1pido e gratuito)","og_description":"Insira a extens\u00e3o Magento Tumblr Feed no site. Experimente a demonstra\u00e7\u00e3o pr\u00e1tica da Elfsight e crie sua incr\u00edvel extens\u00e3o do Tumblr em dois cliques","og_url":"https:\/\/elfsight.com\/pt\/tumblr-feed-widget\/magento\/","og_site_name":"Elfsight PT","article_modified_time":"2024-11-13T11:17:31+00:00","twitter_card":"summary_large_image","twitter_misc":{"Tempo estimado de leitura":"3 minutos"},"schema":{"@context":"https:\/\/schema.org","@graph":[{"@type":"WebPage","@id":"https:\/\/elfsight.com\/pt\/tumblr-feed-widget\/magento\/","url":"https:\/\/elfsight.com\/pt\/tumblr-feed-widget\/magento\/","name":"Adicione a extens\u00e3o Tumblr Feed ao site Magento (r\u00e1pido e gratuito)","isPartOf":{"@id":"https:\/\/elfsight.com\/pt\/#website"},"datePublished":"1970-01-01T00:00:00+00:00","dateModified":"2024-11-13T11:17:31+00:00","description":"Insira a extens\u00e3o Magento Tumblr Feed no site. Experimente a demonstra\u00e7\u00e3o pr\u00e1tica da Elfsight e crie sua incr\u00edvel extens\u00e3o do Tumblr em dois cliques","breadcrumb":{"@id":"https:\/\/elfsight.com\/pt\/tumblr-feed-widget\/magento\/#breadcrumb"},"inLanguage":"pt-PT","potentialAction":[{"@type":"ReadAction","target":["https:\/\/elfsight.com\/pt\/tumblr-feed-widget\/magento\/"]}]},{"@type":"BreadcrumbList","@id":"https:\/\/elfsight.com\/pt\/tumblr-feed-widget\/magento\/#breadcrumb","itemListElement":[{"@type":"ListItem","position":1,"name":"Home","item":"https:\/\/elfsight.com\/pt\/"},{"@type":"ListItem","position":2,"name":"Tumblr Feed","item":"https:\/\/elfsight.com\/pt\/tumblr-feed-widget\/"},{"@type":"ListItem","position":3,"name":"Tumblr Feed &#8211; Magento"}]},{"@type":"WebSite","@id":"https:\/\/elfsight.com\/pt\/#website","url":"https:\/\/elfsight.com\/pt\/","name":"Elfsight PT","description":"Just another Elfsight Sites site","potentialAction":[{"@type":"SearchAction","target":{"@type":"EntryPoint","urlTemplate":"https:\/\/elfsight.com\/pt\/?s={search_term_string}"},"query-input":{"@type":"PropertyValueSpecification","valueRequired":true,"valueName":"search_term_string"}}],"inLanguage":"pt-PT"}]}},"meta_box":{"industry":"","seo_heading":"","heading":"","description":"","cta_heading":"","cta_description":"","application":"1547","h1":"Extens\u00e3o de feed Magento Tumblr","h1_caption":"Revele o conte\u00fado do Tumblr no seu site em 1-2-3!","application_category":[],"applications_title":"","applications_request_title":"","applications_request_button_text":"","hero_text":"","hero_video":"","hero_video_schema_markup":"","selling_points_title":"","selling_points_caption":"","selling_points":[],"selling_points_cta_text":"","features_title":"","features":"","ed_cta_examples_text":"","ed_cta_examples_hidden":"","ed_cta_demo_text":"","ed_cta_demo_hidden":"","why_caption":"","why_editor_title":"","why_editor_text":"","why_team_title":"","why_team_text":"","why_service_title":"","why_service_text":"","template_catalog_visible":"","template_catalog_title":"","template_catalog_text":"","template_catalog_categories_visible":"","demo_title":"Crie sua extens\u00e3o de feed do Tumblr","demo_caption":"Configure seu feed do Tumblr e adicione-o ao seu site Magento gratuitamente!","default_faq_hidden":"","app_template_category":[],"platform":"58","template_public_id":"","codecanyon_url":"","codecanyon_item_id":"","codecanyon_price":"","pricing_caption":"","pricing_elfsight_apps_hide_column":"","pricing_elfsight_apps_url":"","pricing_codecanyon_price_caption":"","integration_category":[],"integration_request_title":"","integration_request_cta":"","integration_platform":"","integrations":[],"platform_category":[],"video_schema_markup":"","price":"a partir de US$ 0\/m\u00eas","trial":"","benefits":[{"text":"Ajuda de instala\u00e7\u00e3o gratuita"},{"text":"Suporte premium"},{"text":"Garantia de reembolso de 14 dias"},{"text":"Atualiza\u00e7\u00f5es vital\u00edcias"}],"button_url":"#demo","button_target_blank":"","button_nofollow":"","attributes":[{"name":"Instala\u00e7\u00f5es","content":"10,000 - 100,000"},{"name":"Responsivo","content":"Sim"},{"name":"Navegadores compat\u00edveis","content":"Firefox, Safari, Opera, Chrome, Edge"}],"tags":[],"tags_disable_links":"","hide_more_platforms":"","video_object":"","demo_hide_cta":"","demo_hide_cloud_options":"","pricing_title":"","pricing":[{"pricing_icon":"platform","pricing_title":"Elfsight Apps","pricing_title_caption":"Solu\u00e7\u00e3o independente de plataforma adequada para qualquer site","pricing_price":"a partir de US$ 0\/m\u00eas","pricing_price_caption":"comece com um plano gratuito","pricing_benefits":[{"text":"Dom\u00ednios ilimitados"},{"text":"Suporte premium e bem documentado"},{"text":"Suporte premium e bem documentado"},{"text":"Design flex\u00edvel"}],"pricing_button_text":"Adicionar ao site","pricing_button_url":"#demo"}],"related_apps_title":"","related_apps_hidden":"","author":"","image":[],"title":"","job":"","social_networks":[]},"_links":{"self":[{"href":"https:\/\/elfsight.com\/pt\/wp-json\/wp\/v2\/pages\/8489","targetHints":{"allow":["GET"]}}],"collection":[{"href":"https:\/\/elfsight.com\/pt\/wp-json\/wp\/v2\/pages"}],"about":[{"href":"https:\/\/elfsight.com\/pt\/wp-json\/wp\/v2\/types\/page"}],"author":[{"embeddable":true,"href":"https:\/\/elfsight.com\/pt\/wp-json\/wp\/v2\/users\/9"}],"replies":[{"embeddable":true,"href":"https:\/\/elfsight.com\/pt\/wp-json\/wp\/v2\/comments?post=8489"}],"version-history":[{"count":1,"href":"https:\/\/elfsight.com\/pt\/wp-json\/wp\/v2\/pages\/8489\/revisions"}],"predecessor-version":[{"id":8493,"href":"https:\/\/elfsight.com\/pt\/wp-json\/wp\/v2\/pages\/8489\/revisions\/8493"}],"up":[{"embeddable":true,"href":"https:\/\/elfsight.com\/pt\/wp-json\/wp\/v2\/pages\/1548"}],"wp:attachment":[{"href":"https:\/\/elfsight.com\/pt\/wp-json\/wp\/v2\/media?parent=8489"}],"curies":[{"name":"wp","href":"https:\/\/api.w.org\/{rel}","templated":true}]}}