{"id":8482,"date":"1970-01-01T00:00:00","date_gmt":"1970-01-01T00:00:00","guid":{"rendered":"https:\/\/elfsight.com\/pt\/?page_id=8482"},"modified":"2024-11-13T11:17:05","modified_gmt":"2024-11-13T11:17:05","slug":"opencart","status":"publish","type":"page","link":"https:\/\/elfsight.com\/pt\/tumblr-feed-widget\/opencart\/","title":{"rendered":"Tumblr Feed &#8211; OpenCart"},"content":{"rendered":"<div class=\"application-platform-content-item-description application-platform-content-item\" id=\"description\" data-nav-section=\"description\"> <h2>Descri\u00e7\u00e3o<\/h2> <p>Elfsight Tumblr Feed for OpenCart \u00e9 um instrumento exclusivo para estabelecer seu feed individualizado composto pelo conte\u00fado da rede Tumblr e exibindo-o diretamente em seu site na Internet. Crie uma galeria ou controle deslizante de postagens com apenas alguns cliques! Exer\u00e7a controle total sobre o conte\u00fado demonstrado e elimine spam e qualquer conte\u00fado indesejado por meio de modera\u00e7\u00e3o manual. O configurador online totalmente responsivo fornece v\u00e1rios modelos para voc\u00ea escolher. <\/p> <p><b>Escolha o conte\u00fado mais atraente do Tumblr para manter os usu\u00e1rios do seu site engajados e alcan\u00e7ar mais pessoas<\/b><\/p> <\/div> <div class=\"application-platform-content-item-features application-platform-content-item\" id=\"features\" data-nav-section=\"features\"> <h2>Aqui est\u00e1 a lista dos recursos mais importantes: <\/h2> <ul><li>Apresente seu conte\u00fado de m\u00eddia social do Tumblr<\/li><li>Elimine qualquer spam e conte\u00fado indesejado por meio do modo de modera\u00e7\u00e3o manual. <\/li><li>Coloque o bot\u00e3o Seguir nos cart\u00f5es de widget. <\/li><li>Fa\u00e7a suas postagens aparecerem em um pop-up. <\/li><\/ul><p><a href=\"#demo\">Teste todos os recursos de personaliza\u00e7\u00e3o em uma demonstra\u00e7\u00e3o totalmente funcional<\/a><\/p> <\/div> <div class=\"application-platform-content-item-installation application-platform-content-item\" id=\"installation\" data-nav-section=\"installation\"> <h2>Como posso incorporar o feed do Tumblr em meu site OpenCart? <\/h2> <p>Basta seguir as instru\u00e7\u00f5es abaixo para integrar a extens\u00e3o. <\/p> <ol><li><b>Execute nosso editor gratuito e comece a formar sua extens\u00e3o personalizada. <\/b><br> Especifique o design e a funcionalidade adequados da extens\u00e3o e aplique as modifica\u00e7\u00f5es. <\/li> <li><b>Adquira o seu c\u00f3digo pessoal mostrado na caixa nas aplica\u00e7\u00f5es Elfsight. <\/b><br> Logo ap\u00f3s terminar a configura\u00e7\u00e3o do seu widget pessoal, copie o c\u00f3digo pessoal na caixa exibida e salve-o para futuras necessidades. <\/li> <li><b>Comece a usar o plug-in no site da sua plataforma. <\/b><br> Insira o c\u00f3digo copiado anteriormente em seu site e salve as corre\u00e7\u00f5es. <\/li> <li><b>Conclu\u00eddo! A configura\u00e7\u00e3o foi executada com sucesso. <\/b><br> Acesse sua p\u00e1gina para ver em a\u00e7\u00e3o como a extens\u00e3o funciona. <\/li><\/ol> <p>Se voc\u00ea tiver algum problema, sinta-se \u00e0 vontade para entrar em contato com nossa equipe de atendimento ao cliente. Nosso pessoal est\u00e1 ansioso para resolver todas as d\u00favidas que voc\u00ea possa ter com o plugin. <\/p> <\/div><div class=\"faq\" data-component=\"FAQ\"><div class=\"faq-item\">\r\n\t\t\t\t\t<div class=\"faq-item-question\">\r\n\t\t\t\t\t\t<h3 class=\"faq-item-question-text\">Existe uma op\u00e7\u00e3o para adicionar o feed do Tumblr \u00e0 minha p\u00e1gina inicial do OpenCart sem codifica\u00e7\u00e3o?<\/h3>\r\n\r\n\t\t\t\t\t\t<div class=\"faq-item-question-icon\"><\/div>\r\n\t\t\t\t\t<\/div>\r\n\r\n\t\t\t\t\t<div class=\"faq-item-answer\">\r\n\t\t\t\t\t\t<div class=\"faq-item-answer-text\"><p>Ofertas da empresa Elfsight uma solu\u00e7\u00e3o SaaS que permite que as pessoas criem voc\u00ea mesmo um widget de feed do Tumblr, descubra as instru\u00e7\u00f5es simples:<\/p><ul><li>V\u00e1 para o editor ao vivo para gerar um plug-in de feed do Tumblr que voc\u00ea gostaria de incluir no OpenCart.<\/li><li>Escolha um de nossos modelos prontos e ajuste as configura\u00e7\u00f5es do Tumblr Feed, altere o layout e as cores, inclua seu conte\u00fado sem habilidades de codifica\u00e7\u00e3o.<\/li><li>Clique para salvar o Tumblr Feed e obter a instala\u00e7\u00e3o do widget c\u00f3digo, que pode ser facilmente inclu\u00eddo no site OpenCart dentro de um plano gratuito.<\/li><\/ul><p>Trabalhando no configurador intuitivo, cada usu\u00e1rio da Internet pode criar uma se\u00e7\u00e3o de feed do Tumblr on-line e inclu\u00ed-la na p\u00e1gina inicial do OpenCart. N\u00e3o h\u00e1 necessidade de pagar ou inserir os dados do seu cart\u00e3o para entrar em nosso servi\u00e7o. Se voc\u00ea enfrentar algum problema em qualquer etapa, fale com nossa equipe de suporte t\u00e9cnico.<\/p><\/div>\r\n\t\t\t\t\t<\/div>\r\n\t\t\t\t<\/div><\/div>","protected":false},"excerpt":{"rendered":"","protected":false},"author":9,"featured_media":0,"parent":1548,"menu_order":0,"comment_status":"closed","ping_status":"closed","template":"templates\/template-application-platform.php","meta":{"publish_to_discourse":"","publish_post_category":"","wpdc_auto_publish_overridden":"","wpdc_topic_tags":"","wpdc_pin_topic":"","wpdc_pin_until":"","discourse_post_id":"","discourse_permalink":"","wpdc_publishing_response":"","wpdc_publishing_error":"","footnotes":""},"class_list":["post-8482","page","type-page","status-publish","hentry"],"yoast_head":"<!-- This site is optimized with the Yoast SEO plugin v25.3.1 - https:\/\/yoast.com\/wordpress\/plugins\/seo\/ -->\n<title>Adicione a extens\u00e3o Tumblr Feed ao site OpenCart (r\u00e1pido e gratuito)<\/title>\n<meta name=\"description\" content=\"Incorpore uma extens\u00e3o OpenCart Tumblr Feed em sua p\u00e1gina. Use a demonstra\u00e7\u00e3o pr\u00e1tica da Elfsight e gere seu lindo widget do Tumblr em apenas alguns minutos\" \/>\n<meta name=\"robots\" content=\"index, follow, max-snippet:-1, max-image-preview:large, max-video-preview:-1\" \/>\n<link rel=\"canonical\" href=\"https:\/\/elfsight.com\/pt\/tumblr-feed-widget\/opencart\/\" \/>\n<meta property=\"og:locale\" content=\"pt_PT\" \/>\n<meta property=\"og:type\" content=\"article\" \/>\n<meta property=\"og:title\" content=\"Adicione a extens\u00e3o Tumblr Feed ao site OpenCart (r\u00e1pido e gratuito)\" \/>\n<meta property=\"og:description\" content=\"Incorpore uma extens\u00e3o OpenCart Tumblr Feed em sua p\u00e1gina. Use a demonstra\u00e7\u00e3o pr\u00e1tica da Elfsight e gere seu lindo widget do Tumblr em apenas alguns minutos\" \/>\n<meta property=\"og:url\" content=\"https:\/\/elfsight.com\/pt\/tumblr-feed-widget\/opencart\/\" \/>\n<meta property=\"og:site_name\" content=\"Elfsight PT\" \/>\n<meta property=\"article:modified_time\" content=\"2024-11-13T11:17:05+00:00\" \/>\n<meta name=\"twitter:card\" content=\"summary_large_image\" \/>\n<meta name=\"twitter:label1\" content=\"Tempo estimado de leitura\" \/>\n\t<meta name=\"twitter:data1\" content=\"3 minutos\" \/>\n<!-- \/ Yoast SEO plugin. -->","yoast_head_json":{"title":"Adicione a extens\u00e3o Tumblr Feed ao site OpenCart (r\u00e1pido e gratuito)","description":"Incorpore uma extens\u00e3o OpenCart Tumblr Feed em sua p\u00e1gina. Use a demonstra\u00e7\u00e3o pr\u00e1tica da Elfsight e gere seu lindo widget do Tumblr em apenas alguns minutos","robots":{"index":"index","follow":"follow","max-snippet":"max-snippet:-1","max-image-preview":"max-image-preview:large","max-video-preview":"max-video-preview:-1"},"canonical":"https:\/\/elfsight.com\/pt\/tumblr-feed-widget\/opencart\/","og_locale":"pt_PT","og_type":"article","og_title":"Adicione a extens\u00e3o Tumblr Feed ao site OpenCart (r\u00e1pido e gratuito)","og_description":"Incorpore uma extens\u00e3o OpenCart Tumblr Feed em sua p\u00e1gina. Use a demonstra\u00e7\u00e3o pr\u00e1tica da Elfsight e gere seu lindo widget do Tumblr em apenas alguns minutos","og_url":"https:\/\/elfsight.com\/pt\/tumblr-feed-widget\/opencart\/","og_site_name":"Elfsight PT","article_modified_time":"2024-11-13T11:17:05+00:00","twitter_card":"summary_large_image","twitter_misc":{"Tempo estimado de leitura":"3 minutos"},"schema":{"@context":"https:\/\/schema.org","@graph":[{"@type":"WebPage","@id":"https:\/\/elfsight.com\/pt\/tumblr-feed-widget\/opencart\/","url":"https:\/\/elfsight.com\/pt\/tumblr-feed-widget\/opencart\/","name":"Adicione a extens\u00e3o Tumblr Feed ao site OpenCart (r\u00e1pido e gratuito)","isPartOf":{"@id":"https:\/\/elfsight.com\/pt\/#website"},"datePublished":"1970-01-01T00:00:00+00:00","dateModified":"2024-11-13T11:17:05+00:00","description":"Incorpore uma extens\u00e3o OpenCart Tumblr Feed em sua p\u00e1gina. Use a demonstra\u00e7\u00e3o pr\u00e1tica da Elfsight e gere seu lindo widget do Tumblr em apenas alguns minutos","breadcrumb":{"@id":"https:\/\/elfsight.com\/pt\/tumblr-feed-widget\/opencart\/#breadcrumb"},"inLanguage":"pt-PT","potentialAction":[{"@type":"ReadAction","target":["https:\/\/elfsight.com\/pt\/tumblr-feed-widget\/opencart\/"]}]},{"@type":"BreadcrumbList","@id":"https:\/\/elfsight.com\/pt\/tumblr-feed-widget\/opencart\/#breadcrumb","itemListElement":[{"@type":"ListItem","position":1,"name":"Home","item":"https:\/\/elfsight.com\/pt\/"},{"@type":"ListItem","position":2,"name":"Tumblr Feed","item":"https:\/\/elfsight.com\/pt\/tumblr-feed-widget\/"},{"@type":"ListItem","position":3,"name":"Tumblr Feed &#8211; OpenCart"}]},{"@type":"WebSite","@id":"https:\/\/elfsight.com\/pt\/#website","url":"https:\/\/elfsight.com\/pt\/","name":"Elfsight PT","description":"Just another Elfsight Sites site","potentialAction":[{"@type":"SearchAction","target":{"@type":"EntryPoint","urlTemplate":"https:\/\/elfsight.com\/pt\/?s={search_term_string}"},"query-input":{"@type":"PropertyValueSpecification","valueRequired":true,"valueName":"search_term_string"}}],"inLanguage":"pt-PT"}]}},"meta_box":{"industry":"","seo_heading":"","heading":"","description":"","cta_heading":"","cta_description":"","application":"1547","h1":"Extens\u00e3o de feed do OpenCart Tumblr","h1_caption":"Exiba suas publica\u00e7\u00f5es do Tumblr em seu site com apenas alguns cliques!","application_category":[],"applications_title":"","applications_request_title":"","applications_request_button_text":"","hero_text":"","hero_video":"","hero_video_schema_markup":"","selling_points_title":"","selling_points_caption":"","selling_points":[],"selling_points_cta_text":"","features_title":"","features":"","ed_cta_examples_text":"","ed_cta_examples_hidden":"","ed_cta_demo_text":"","ed_cta_demo_hidden":"","why_caption":"","why_editor_title":"","why_editor_text":"","why_team_title":"","why_team_text":"","why_service_title":"","why_service_text":"","template_catalog_visible":"","template_catalog_title":"","template_catalog_text":"","template_catalog_categories_visible":"","demo_title":"Crie sua extens\u00e3o de feed do Tumblr","demo_caption":"Configure seu feed do Tumblr e adicione-o ao seu site OpenCart gratuitamente!","default_faq_hidden":"","app_template_category":[],"platform":"61","template_public_id":"","codecanyon_url":"","codecanyon_item_id":"","codecanyon_price":"","pricing_caption":"","pricing_elfsight_apps_hide_column":"","pricing_elfsight_apps_url":"","pricing_codecanyon_price_caption":"","integration_category":[],"integration_request_title":"","integration_request_cta":"","integration_platform":"","integrations":[],"platform_category":[],"video_schema_markup":"","price":"a partir de US$ 0\/m\u00eas","trial":"","benefits":[{"text":"Servi\u00e7o de instala\u00e7\u00e3o gratuito"},{"text":"Suporte premium"},{"text":"Garantia de devolu\u00e7\u00e3o do dinheiro em 14 dias"},{"text":"Desenvolvimento cont\u00ednuo"}],"button_url":"#demo","button_target_blank":"","button_nofollow":"","attributes":[{"name":"Instala\u00e7\u00f5es","content":"10,000 - 100,000"},{"name":"Responsivo","content":"Sim"},{"name":"Navegadores compat\u00edveis","content":"Firefox, Safari, Opera, Chrome, Edge"}],"tags":[],"tags_disable_links":"","hide_more_platforms":"","video_object":"","demo_hide_cta":"","demo_hide_cloud_options":"","pricing_title":"","pricing":[{"pricing_icon":"platform","pricing_title":"Elfsight Apps","pricing_title_caption":"Solu\u00e7\u00e3o multiplataforma","pricing_price":"a partir de US$ 0\/m\u00eas","pricing_price_caption":"comece com um plano gratuito","pricing_benefits":[{"text":"Dom\u00ednios ilimitados"},{"text":"Suporte dedicado ao cliente"},{"text":"Suporte dedicado ao cliente"},{"text":"Totalmente personaliz\u00e1vel"}],"pricing_button_text":"Adicionar ao site","pricing_button_url":"#demo"}],"related_apps_title":"","related_apps_hidden":"","author":"","image":[],"title":"","job":"","social_networks":[]},"_links":{"self":[{"href":"https:\/\/elfsight.com\/pt\/wp-json\/wp\/v2\/pages\/8482","targetHints":{"allow":["GET"]}}],"collection":[{"href":"https:\/\/elfsight.com\/pt\/wp-json\/wp\/v2\/pages"}],"about":[{"href":"https:\/\/elfsight.com\/pt\/wp-json\/wp\/v2\/types\/page"}],"author":[{"embeddable":true,"href":"https:\/\/elfsight.com\/pt\/wp-json\/wp\/v2\/users\/9"}],"replies":[{"embeddable":true,"href":"https:\/\/elfsight.com\/pt\/wp-json\/wp\/v2\/comments?post=8482"}],"version-history":[{"count":1,"href":"https:\/\/elfsight.com\/pt\/wp-json\/wp\/v2\/pages\/8482\/revisions"}],"predecessor-version":[{"id":8486,"href":"https:\/\/elfsight.com\/pt\/wp-json\/wp\/v2\/pages\/8482\/revisions\/8486"}],"up":[{"embeddable":true,"href":"https:\/\/elfsight.com\/pt\/wp-json\/wp\/v2\/pages\/1548"}],"wp:attachment":[{"href":"https:\/\/elfsight.com\/pt\/wp-json\/wp\/v2\/media?parent=8482"}],"curies":[{"name":"wp","href":"https:\/\/api.w.org\/{rel}","templated":true}]}}