{"id":8481,"date":"1970-01-01T00:00:00","date_gmt":"1970-01-01T00:00:00","guid":{"rendered":"https:\/\/elfsight.com\/pt\/?page_id=8481"},"modified":"2024-11-13T11:17:05","modified_gmt":"2024-11-13T11:17:05","slug":"shopify","status":"publish","type":"page","link":"https:\/\/elfsight.com\/pt\/tumblr-feed-widget\/shopify\/","title":{"rendered":"Tumblr Feed &#8211; Shopify"},"content":{"rendered":"<div class=\"application-platform-content-item-description application-platform-content-item\" id=\"description\" data-nav-section=\"description\"> <h2>Incorpore o feed do Tumblr no Shopify com o widget Elfsight<\/h2> <p>O Elfsight Tumblr Feed para Shopify \u00e9 um widget especial para moldar seu perfil individualizado feed composto pela rede Tumblr e exibido diretamente no seu site. Desenvolva uma galeria ou controle deslizante de postagens com apenas alguns cliques! Exer\u00e7a controle total sobre o conte\u00fado demonstrado e elimine spam e qualquer conte\u00fado indesejado com modera\u00e7\u00e3o manual. O configurador online totalmente responsivo oferece v\u00e1rios modelos para voc\u00ea escolher. <\/p> <p><b>Escolha o conte\u00fado mais fascinante do Tumblr para que os visitantes do seu site se interessem e alcancem mais pessoas<\/b><\/p> <\/div> <div class=\"application-platform-content-item-features application-platform-content-item\" id=\"features\" data-nav-section=\"features\"> <h2>Aqui s\u00e3o os principais recursos do aplicativo: <\/h2> <ul><li>Exiba seu conte\u00fado do Tumblr<\/li><li>Elimine qualquer spam e conte\u00fado indesejado aplicando modera\u00e7\u00e3o manual. <\/li><li>Coloque o bot\u00e3o Seguir nas postagens do widget. <\/li><li>Fa\u00e7a suas postagens aparecerem em um pop-up. <\/li><\/ul><p><a href=\"#demo\">Voc\u00ea pode testar todos os recursos do aplicativo na demonstra\u00e7\u00e3o abaixo<\/a><\/p> <\/div> <div class=\"application-platform-content-item- instala\u00e7\u00e3o application-platform-content-item\" id=\" instala\u00e7\u00e3o\" data-nav-section=\" instala\u00e7\u00e3o\"> <h2>Como posso adicionar o feed do Tumblr ao meu site do Shopify? <\/h2> <p>Basta seguir as instru\u00e7\u00f5es abaixo para ativar a ferramenta. <\/p> <ol><li><b>Execute nosso editor gratuito e comece a formar seu aplicativo personalizado. <\/b><br> Escolha o layout e aspectos adequados da ferramenta e aplique as corre\u00e7\u00f5es. <\/li> <li><b>Copie o c\u00f3digo pessoal que aparece no formul\u00e1rio especial nas aplica\u00e7\u00f5es Elfsight. <\/b><br> Logo ap\u00f3s o t\u00e9rmino da personaliza\u00e7\u00e3o da sua ferramenta, copie o c\u00f3digo individual na caixa exibida e salve-o para uso posterior. <\/li> <li><b>Iniciar a utiliza\u00e7\u00e3o do plugin no site Shopify. <\/b><br> Implemente o c\u00f3digo salvo recentemente em seu site e aplique as corre\u00e7\u00f5es. <\/li> <li><b>A configura\u00e7\u00e3o foi finalizada com sucesso. <\/b><br> Visite seu site para avaliar o desempenho do widget. <\/li><\/ol> <p>Caso voc\u00ea encontre alguma complica\u00e7\u00e3o, entre em contato com nossa equipe de atendimento ao cliente. Nossos consultores est\u00e3o ansiosos para ajud\u00e1-lo com todos os problemas que voc\u00ea possa ter com o plugin. <\/p> <\/div><div class=\"faq\" data-component=\"FAQ\"><div class=\"faq-item\">\r\n\t\t\t\t\t<div class=\"faq-item-question\">\r\n\t\t\t\t\t\t<h3 class=\"faq-item-question-text\">Existe um m\u00e9todo para adicionar o feed do Tumblr \u00e0 minha p\u00e1gina inicial do Shopify sem codifica\u00e7\u00e3o?<\/h3>\r\n\r\n\t\t\t\t\t\t<div class=\"faq-item-question-icon\"><\/div>\r\n\t\t\t\t\t<\/div>\r\n\r\n\t\t\t\t\t<div class=\"faq-item-answer\">\r\n\t\t\t\t\t\t<div class=\"faq-item-answer-text\"><p>A empresa Elfsight oferece um solu\u00e7\u00e3o que permite aos usu\u00e1rios criar uma se\u00e7\u00e3o de feed do Tumblr, veja as instru\u00e7\u00f5es f\u00e1ceis:<\/p><ul><li>Trabalhe na demonstra\u00e7\u00e3o ao vivo para criar uma se\u00e7\u00e3o de feed do Tumblr que voc\u00ea gostaria que aparecesse no Shopify.<\/li><li>Escolha um dos muitos modelos predefinidos e altere as configura\u00e7\u00f5es do feed do Tumblr, altere o layout e a cor dos elementos, adicione seu conte\u00fado sem nenhum conhecimento de codifica\u00e7\u00e3o.<\/li><li>Salve o feed do Tumblr e copie o c\u00f3digo de instala\u00e7\u00e3o do widget, que pode ser colado em qualquer site do Shopify gratuitamente.<\/li><\/ul><p>Usando nosso configurador intuitivo, cada usu\u00e1rio da web pode estabelecer o aplicativo Tumblr Feed on-line e adicion\u00e1-lo \u00e0 sua p\u00e1gina do Shopify. N\u00e3o h\u00e1 necessidade de pagar ou divulgar as credenciais do seu cart\u00e3o para acessar nosso servi\u00e7o. Se voc\u00ea encontrar qualquer tipo de obst\u00e1culo, n\u00e3o hesite em entrar em contato com nossa equipe de suporte t\u00e9cnico.<\/p><\/div>\r\n\t\t\t\t\t<\/div>\r\n\t\t\t\t<\/div><\/div>","protected":false},"excerpt":{"rendered":"","protected":false},"author":9,"featured_media":0,"parent":1548,"menu_order":0,"comment_status":"closed","ping_status":"closed","template":"templates\/template-application-platform.php","meta":{"publish_to_discourse":"","publish_post_category":"","wpdc_auto_publish_overridden":"","wpdc_topic_tags":"","wpdc_pin_topic":"","wpdc_pin_until":"","discourse_post_id":"","discourse_permalink":"","wpdc_publishing_response":"","wpdc_publishing_error":"","footnotes":""},"class_list":["post-8481","page","type-page","status-publish","hentry"],"yoast_head":"<!-- This site is optimized with the Yoast SEO plugin v25.3.1 - https:\/\/yoast.com\/wordpress\/plugins\/seo\/ -->\n<title>Adicione o aplicativo Tumblr Feed ao site Shopify (r\u00e1pido e gratuito)<\/title>\n<meta name=\"description\" content=\"Adicione um aplicativo Shopify Tumblr Feed compat\u00edvel com dispositivos m\u00f3veis ao seu site. Use a demonstra\u00e7\u00e3o pr\u00e1tica da Elfsight e crie seu lindo aplicativo Tumblr em apenas dois cliques\" \/>\n<meta name=\"robots\" content=\"index, follow, max-snippet:-1, max-image-preview:large, max-video-preview:-1\" \/>\n<link rel=\"canonical\" href=\"https:\/\/elfsight.com\/pt\/tumblr-feed-widget\/shopify\/\" \/>\n<meta property=\"og:locale\" content=\"pt_PT\" \/>\n<meta property=\"og:type\" content=\"article\" \/>\n<meta property=\"og:title\" content=\"Adicione o aplicativo Tumblr Feed ao site Shopify (r\u00e1pido e gratuito)\" \/>\n<meta property=\"og:description\" content=\"Adicione um aplicativo Shopify Tumblr Feed compat\u00edvel com dispositivos m\u00f3veis ao seu site. Use a demonstra\u00e7\u00e3o pr\u00e1tica da Elfsight e crie seu lindo aplicativo Tumblr em apenas dois cliques\" \/>\n<meta property=\"og:url\" content=\"https:\/\/elfsight.com\/pt\/tumblr-feed-widget\/shopify\/\" \/>\n<meta property=\"og:site_name\" content=\"Elfsight PT\" \/>\n<meta property=\"article:modified_time\" content=\"2024-11-13T11:17:05+00:00\" \/>\n<meta name=\"twitter:card\" content=\"summary_large_image\" \/>\n<meta name=\"twitter:label1\" content=\"Tempo estimado de leitura\" \/>\n\t<meta name=\"twitter:data1\" content=\"3 minutos\" \/>\n<!-- \/ Yoast SEO plugin. -->","yoast_head_json":{"title":"Adicione o aplicativo Tumblr Feed ao site Shopify (r\u00e1pido e gratuito)","description":"Adicione um aplicativo Shopify Tumblr Feed compat\u00edvel com dispositivos m\u00f3veis ao seu site. Use a demonstra\u00e7\u00e3o pr\u00e1tica da Elfsight e crie seu lindo aplicativo Tumblr em apenas dois cliques","robots":{"index":"index","follow":"follow","max-snippet":"max-snippet:-1","max-image-preview":"max-image-preview:large","max-video-preview":"max-video-preview:-1"},"canonical":"https:\/\/elfsight.com\/pt\/tumblr-feed-widget\/shopify\/","og_locale":"pt_PT","og_type":"article","og_title":"Adicione o aplicativo Tumblr Feed ao site Shopify (r\u00e1pido e gratuito)","og_description":"Adicione um aplicativo Shopify Tumblr Feed compat\u00edvel com dispositivos m\u00f3veis ao seu site. Use a demonstra\u00e7\u00e3o pr\u00e1tica da Elfsight e crie seu lindo aplicativo Tumblr em apenas dois cliques","og_url":"https:\/\/elfsight.com\/pt\/tumblr-feed-widget\/shopify\/","og_site_name":"Elfsight PT","article_modified_time":"2024-11-13T11:17:05+00:00","twitter_card":"summary_large_image","twitter_misc":{"Tempo estimado de leitura":"3 minutos"},"schema":{"@context":"https:\/\/schema.org","@graph":[{"@type":"WebPage","@id":"https:\/\/elfsight.com\/pt\/tumblr-feed-widget\/shopify\/","url":"https:\/\/elfsight.com\/pt\/tumblr-feed-widget\/shopify\/","name":"Adicione o aplicativo Tumblr Feed ao site Shopify (r\u00e1pido e gratuito)","isPartOf":{"@id":"https:\/\/elfsight.com\/pt\/#website"},"datePublished":"1970-01-01T00:00:00+00:00","dateModified":"2024-11-13T11:17:05+00:00","description":"Adicione um aplicativo Shopify Tumblr Feed compat\u00edvel com dispositivos m\u00f3veis ao seu site. Use a demonstra\u00e7\u00e3o pr\u00e1tica da Elfsight e crie seu lindo aplicativo Tumblr em apenas dois cliques","breadcrumb":{"@id":"https:\/\/elfsight.com\/pt\/tumblr-feed-widget\/shopify\/#breadcrumb"},"inLanguage":"pt-PT","potentialAction":[{"@type":"ReadAction","target":["https:\/\/elfsight.com\/pt\/tumblr-feed-widget\/shopify\/"]}]},{"@type":"BreadcrumbList","@id":"https:\/\/elfsight.com\/pt\/tumblr-feed-widget\/shopify\/#breadcrumb","itemListElement":[{"@type":"ListItem","position":1,"name":"Home","item":"https:\/\/elfsight.com\/pt\/"},{"@type":"ListItem","position":2,"name":"Tumblr Feed","item":"https:\/\/elfsight.com\/pt\/tumblr-feed-widget\/"},{"@type":"ListItem","position":3,"name":"Tumblr Feed &#8211; Shopify"}]},{"@type":"WebSite","@id":"https:\/\/elfsight.com\/pt\/#website","url":"https:\/\/elfsight.com\/pt\/","name":"Elfsight PT","description":"Just another Elfsight Sites site","potentialAction":[{"@type":"SearchAction","target":{"@type":"EntryPoint","urlTemplate":"https:\/\/elfsight.com\/pt\/?s={search_term_string}"},"query-input":{"@type":"PropertyValueSpecification","valueRequired":true,"valueName":"search_term_string"}}],"inLanguage":"pt-PT"}]}},"meta_box":{"industry":"","seo_heading":"","heading":"","description":"","cta_heading":"","cta_description":"","application":"1547","h1":"Aplicativo Shopify Tumblr Feed","h1_caption":"Exiba seu conte\u00fado do Tumblr em seu site com um clique!","application_category":[],"applications_title":"","applications_request_title":"","applications_request_button_text":"","hero_text":"","hero_video":"","hero_video_schema_markup":"","selling_points_title":"","selling_points_caption":"","selling_points":[],"selling_points_cta_text":"","features_title":"","features":"","ed_cta_examples_text":"","ed_cta_examples_hidden":"","ed_cta_demo_text":"","ed_cta_demo_hidden":"","why_caption":"","why_editor_title":"","why_editor_text":"","why_team_title":"","why_team_text":"","why_service_title":"","why_service_text":"","template_catalog_visible":"","template_catalog_title":"","template_catalog_text":"","template_catalog_categories_visible":"","demo_title":"Crie seu aplicativo de feed do Tumblr","demo_caption":"Configure seu feed do Tumblr e adicione-o ao seu site Shopify gratuitamente!","default_faq_hidden":"","app_template_category":[],"platform":"64","template_public_id":"","codecanyon_url":"","codecanyon_item_id":"","codecanyon_price":"","pricing_caption":"","pricing_elfsight_apps_hide_column":"","pricing_elfsight_apps_url":"","pricing_codecanyon_price_caption":"","integration_category":[],"integration_request_title":"","integration_request_cta":"","integration_platform":"","integrations":[],"platform_category":[],"video_schema_markup":"","price":"a partir de US$ 0\/m\u00eas","trial":"","benefits":[{"text":"Ajuda de instala\u00e7\u00e3o gratuita"},{"text":"Atendimento ao cliente profissional"},{"text":"Garantia de reembolso de 14 dias"},{"text":"Melhorias regulares"}],"button_url":"#demo","button_target_blank":"","button_nofollow":"","attributes":[{"name":"Instala\u00e7\u00f5es","content":"10,000 - 100,000"},{"name":"Responsivo","content":"Sim"},{"name":"Navegadores compat\u00edveis","content":"Firefox, Safari, Opera, Chrome, Edge"}],"tags":[],"tags_disable_links":"","hide_more_platforms":"","video_object":"","demo_hide_cta":"","demo_hide_cloud_options":"","pricing_title":"","pricing":[{"pricing_icon":"platform","pricing_title":"Elfsight Apps","pricing_title_caption":"Software multiplataforma adequado para qualquer site","pricing_price":"a partir de US$ 0\/m\u00eas","pricing_price_caption":"comece com um plano gratuito","pricing_benefits":[{"text":"Sites ilimitados"},{"text":"Suporte gratuito"},{"text":"Suporte gratuito"},{"text":"Totalmente personaliz\u00e1vel"}],"pricing_button_text":"Adicionar ao site","pricing_button_url":"#demo"}],"related_apps_title":"","related_apps_hidden":"","author":"","image":[],"title":"","job":"","social_networks":[]},"_links":{"self":[{"href":"https:\/\/elfsight.com\/pt\/wp-json\/wp\/v2\/pages\/8481","targetHints":{"allow":["GET"]}}],"collection":[{"href":"https:\/\/elfsight.com\/pt\/wp-json\/wp\/v2\/pages"}],"about":[{"href":"https:\/\/elfsight.com\/pt\/wp-json\/wp\/v2\/types\/page"}],"author":[{"embeddable":true,"href":"https:\/\/elfsight.com\/pt\/wp-json\/wp\/v2\/users\/9"}],"replies":[{"embeddable":true,"href":"https:\/\/elfsight.com\/pt\/wp-json\/wp\/v2\/comments?post=8481"}],"version-history":[{"count":1,"href":"https:\/\/elfsight.com\/pt\/wp-json\/wp\/v2\/pages\/8481\/revisions"}],"predecessor-version":[{"id":8485,"href":"https:\/\/elfsight.com\/pt\/wp-json\/wp\/v2\/pages\/8481\/revisions\/8485"}],"up":[{"embeddable":true,"href":"https:\/\/elfsight.com\/pt\/wp-json\/wp\/v2\/pages\/1548"}],"wp:attachment":[{"href":"https:\/\/elfsight.com\/pt\/wp-json\/wp\/v2\/media?parent=8481"}],"curies":[{"name":"wp","href":"https:\/\/api.w.org\/{rel}","templated":true}]}}