{"id":8474,"date":"1970-01-01T00:00:00","date_gmt":"1970-01-01T00:00:00","guid":{"rendered":"https:\/\/elfsight.com\/pt\/?page_id=8474"},"modified":"2024-11-13T11:16:56","modified_gmt":"2024-11-13T11:16:56","slug":"webnode","status":"publish","type":"page","link":"https:\/\/elfsight.com\/pt\/tumblr-feed-widget\/webnode\/","title":{"rendered":"Tumblr Feed &#8211; Webnode"},"content":{"rendered":"<div class=\"application-platform-content-item-description application-platform-content-item\" id=\"description\" data-nav-section=\"description\"> <h2>Descri\u00e7\u00e3o<\/h2> <p>Elfsight Tumblr Feed for Webnode \u00e9 um widget exclusivo para desenvolver seu feed personalizado que consiste no conte\u00fado da rede Tumblr e mostrando isso diretamente no seu site. Desenvolva uma galeria ou controle deslizante de postagens com apenas alguns cliques! Aproveite o controle absoluto sobre o conte\u00fado demonstrado e remova spam e qualquer conte\u00fado indesejado aplicando modera\u00e7\u00e3o manual. O editor online totalmente responsivo oferece muitos modelos para voc\u00ea escolher. <\/p> <p><b>Apresente o melhor conte\u00fado do Tumblr para deixar seus usu\u00e1rios entusiasmados e alcan\u00e7ar mais pessoas<\/b><\/p> <\/div> <div class=\"application-platform-content-item-features application-platform-content-item\" id=\"features\" data-nav-section=\"features\"> <h2>O widget tem recursos valiosos e r\u00e1pidos, veja alguns deles: <\/h2> <ul><li>Exiba o conte\u00fado de m\u00eddia social do Tumblr<\/li><li>Remova qualquer spam e conte\u00fado indesejado com o modo de modera\u00e7\u00e3o manual. <\/li><li>Coloque o bot\u00e3o Seguir no feed do widget. <\/li><li>Permita que suas postagens sejam visualizadas em modo pop-up. <\/li><\/ul><p><a href=\"#demo\">Teste todas as configura\u00e7\u00f5es em uma demonstra\u00e7\u00e3o totalmente funcional<\/a><\/p> <\/div> <div class=\"application-platform-content-item-installation application-platform-content-item\" id=\"installation\" data-nav-section=\"installation\"> <h2>Como posso incorporar o feed do Tumblr no meu site Webnode? <\/h2> <p>Basta seguir as orienta\u00e7\u00f5es abaixo para inserir o widget. <\/p> <ol><li><b>Use nossa demonstra\u00e7\u00e3o gratuita e comece a criar seu pr\u00f3prio widget. <\/b><br> Encontre a apar\u00eancia e as op\u00e7\u00f5es desej\u00e1veis \u200b\u200bdo plugin e aplique as modifica\u00e7\u00f5es. <\/li> <li><b>Obtenha o c\u00f3digo individual que aparece no formul\u00e1rio especial nas aplica\u00e7\u00f5es Elfsight. <\/b><br> Quando a configura\u00e7\u00e3o do seu widget estiver conclu\u00edda, copie o c\u00f3digo individual no pop-up exibido e salve-o para futuras ocasi\u00f5es. <\/li> <li><b>Iniciar a utiliza\u00e7\u00e3o da ferramenta no site Webnode. <\/b><br> Insira o c\u00f3digo salvo recentemente em seu site e salve as edi\u00e7\u00f5es. <\/li> <li><b>Conclu\u00eddo! A integra\u00e7\u00e3o foi realizada com sucesso. <\/b><br> Acesse sua p\u00e1gina para observar o desempenho do widget. <\/li><\/ol> <p>Se voc\u00ea enfrentar alguns problemas, n\u00e3o hesite em entrar em contato com nossa equipe de suporte. Nosso pessoal ter\u00e1 prazer em resolver todos os problemas que voc\u00ea possa ter com a ferramenta. <\/p> <\/div><div class=\"faq\" data-component=\"FAQ\"><div class=\"faq-item\">\r\n\t\t\t\t\t<div class=\"faq-item-question\">\r\n\t\t\t\t\t\t<h3 class=\"faq-item-question-text\">Como posso incorporar o feed do Tumblr ao meu site Webnode sem nenhuma experi\u00eancia em codifica\u00e7\u00e3o?<\/h3>\r\n\r\n\t\t\t\t\t\t<div class=\"faq-item-question-icon\"><\/div>\r\n\t\t\t\t\t<\/div>\r\n\r\n\t\t\t\t\t<div class=\"faq-item-answer\">\r\n\t\t\t\t\t\t<div class=\"faq-item-answer-text\"><p>A empresa Elfsight oferece um solu\u00e7\u00e3o que permite aos usu\u00e1rios criar um widget de feed do Tumblr, assista ao guia descomplicado:<\/p><ul><li>Trabalhe diretamente na demonstra\u00e7\u00e3o on-line para estabelecer um plugin de feed do Tumblr que voc\u00ea gostaria de adicionar na p\u00e1gina Webnode.<\/li><li>Selecione um de nossos modelos pr\u00e9-concebidos e altere as configura\u00e7\u00f5es do feed do Tumblr, adicione seu conte\u00fado, transforme o layout e o esquema de cores sem nenhum conhecimento de codifica\u00e7\u00e3o.<\/li><li>Salve o feed do Tumblr e copie o c\u00f3digo do plugin para instala\u00e7\u00e3o, que voc\u00ea pode simplesmente adicionar gratuitamente no site Webnode.<\/li><\/ul><p>Trabalhando no configurador intuitivo, cada usu\u00e1rio da web pode criar um widget Tumblr Feed on-line e col\u00e1-lo facilmente no site Webnode. N\u00e3o h\u00e1 necessidade de obter um plano pago ou inserir os dados do seu cart\u00e3o para acessar o Elfsight Editor. Se voc\u00ea enfrentar qualquer problema em qualquer etapa, sinta-se \u00e0 vontade para entrar em contato com nossa equipe de suporte t\u00e9cnico.<\/p><\/div>\r\n\t\t\t\t\t<\/div>\r\n\t\t\t\t<\/div><\/div>","protected":false},"excerpt":{"rendered":"","protected":false},"author":9,"featured_media":0,"parent":1548,"menu_order":0,"comment_status":"closed","ping_status":"closed","template":"templates\/template-application-platform.php","meta":{"publish_to_discourse":"","publish_post_category":"","wpdc_auto_publish_overridden":"","wpdc_topic_tags":"","wpdc_pin_topic":"","wpdc_pin_until":"","discourse_post_id":"","discourse_permalink":"","wpdc_publishing_response":"","wpdc_publishing_error":"","footnotes":""},"class_list":["post-8474","page","type-page","status-publish","hentry"],"yoast_head":"<!-- This site is optimized with the Yoast SEO plugin v25.3.1 - https:\/\/yoast.com\/wordpress\/plugins\/seo\/ -->\n<title>Adicione o widget Tumblr Feed ao site Webnode (r\u00e1pido e gratuito)<\/title>\n<meta name=\"description\" content=\"Adicione o widget Webnode Tumblr Feed ao seu site. Use a demonstra\u00e7\u00e3o pr\u00e1tica da Elfsight e crie seu elegante widget do Tumblr com apenas alguns cliques\" \/>\n<meta name=\"robots\" content=\"index, follow, max-snippet:-1, max-image-preview:large, max-video-preview:-1\" \/>\n<link rel=\"canonical\" href=\"https:\/\/elfsight.com\/pt\/tumblr-feed-widget\/webnode\/\" \/>\n<meta property=\"og:locale\" content=\"pt_PT\" \/>\n<meta property=\"og:type\" content=\"article\" \/>\n<meta property=\"og:title\" content=\"Adicione o widget Tumblr Feed ao site Webnode (r\u00e1pido e gratuito)\" \/>\n<meta property=\"og:description\" content=\"Adicione o widget Webnode Tumblr Feed ao seu site. Use a demonstra\u00e7\u00e3o pr\u00e1tica da Elfsight e crie seu elegante widget do Tumblr com apenas alguns cliques\" \/>\n<meta property=\"og:url\" content=\"https:\/\/elfsight.com\/pt\/tumblr-feed-widget\/webnode\/\" \/>\n<meta property=\"og:site_name\" content=\"Elfsight PT\" \/>\n<meta property=\"article:modified_time\" content=\"2024-11-13T11:16:56+00:00\" \/>\n<meta name=\"twitter:card\" content=\"summary_large_image\" \/>\n<meta name=\"twitter:label1\" content=\"Tempo estimado de leitura\" \/>\n\t<meta name=\"twitter:data1\" content=\"3 minutos\" \/>\n<!-- \/ Yoast SEO plugin. -->","yoast_head_json":{"title":"Adicione o widget Tumblr Feed ao site Webnode (r\u00e1pido e gratuito)","description":"Adicione o widget Webnode Tumblr Feed ao seu site. Use a demonstra\u00e7\u00e3o pr\u00e1tica da Elfsight e crie seu elegante widget do Tumblr com apenas alguns cliques","robots":{"index":"index","follow":"follow","max-snippet":"max-snippet:-1","max-image-preview":"max-image-preview:large","max-video-preview":"max-video-preview:-1"},"canonical":"https:\/\/elfsight.com\/pt\/tumblr-feed-widget\/webnode\/","og_locale":"pt_PT","og_type":"article","og_title":"Adicione o widget Tumblr Feed ao site Webnode (r\u00e1pido e gratuito)","og_description":"Adicione o widget Webnode Tumblr Feed ao seu site. Use a demonstra\u00e7\u00e3o pr\u00e1tica da Elfsight e crie seu elegante widget do Tumblr com apenas alguns cliques","og_url":"https:\/\/elfsight.com\/pt\/tumblr-feed-widget\/webnode\/","og_site_name":"Elfsight PT","article_modified_time":"2024-11-13T11:16:56+00:00","twitter_card":"summary_large_image","twitter_misc":{"Tempo estimado de leitura":"3 minutos"},"schema":{"@context":"https:\/\/schema.org","@graph":[{"@type":"WebPage","@id":"https:\/\/elfsight.com\/pt\/tumblr-feed-widget\/webnode\/","url":"https:\/\/elfsight.com\/pt\/tumblr-feed-widget\/webnode\/","name":"Adicione o widget Tumblr Feed ao site Webnode (r\u00e1pido e gratuito)","isPartOf":{"@id":"https:\/\/elfsight.com\/pt\/#website"},"datePublished":"1970-01-01T00:00:00+00:00","dateModified":"2024-11-13T11:16:56+00:00","description":"Adicione o widget Webnode Tumblr Feed ao seu site. Use a demonstra\u00e7\u00e3o pr\u00e1tica da Elfsight e crie seu elegante widget do Tumblr com apenas alguns cliques","breadcrumb":{"@id":"https:\/\/elfsight.com\/pt\/tumblr-feed-widget\/webnode\/#breadcrumb"},"inLanguage":"pt-PT","potentialAction":[{"@type":"ReadAction","target":["https:\/\/elfsight.com\/pt\/tumblr-feed-widget\/webnode\/"]}]},{"@type":"BreadcrumbList","@id":"https:\/\/elfsight.com\/pt\/tumblr-feed-widget\/webnode\/#breadcrumb","itemListElement":[{"@type":"ListItem","position":1,"name":"Home","item":"https:\/\/elfsight.com\/pt\/"},{"@type":"ListItem","position":2,"name":"Tumblr Feed","item":"https:\/\/elfsight.com\/pt\/tumblr-feed-widget\/"},{"@type":"ListItem","position":3,"name":"Tumblr Feed &#8211; Webnode"}]},{"@type":"WebSite","@id":"https:\/\/elfsight.com\/pt\/#website","url":"https:\/\/elfsight.com\/pt\/","name":"Elfsight PT","description":"Just another Elfsight Sites site","potentialAction":[{"@type":"SearchAction","target":{"@type":"EntryPoint","urlTemplate":"https:\/\/elfsight.com\/pt\/?s={search_term_string}"},"query-input":{"@type":"PropertyValueSpecification","valueRequired":true,"valueName":"search_term_string"}}],"inLanguage":"pt-PT"}]}},"meta_box":{"industry":"","seo_heading":"","heading":"","description":"","cta_heading":"","cta_description":"","application":"1547","h1":"Widget de feed do Tumblr Webnode","h1_caption":"Exiba suas publica\u00e7\u00f5es do Tumblr em seu site com apenas alguns cliques!","application_category":[],"applications_title":"","applications_request_title":"","applications_request_button_text":"","hero_text":"","hero_video":"","hero_video_schema_markup":"","selling_points_title":"","selling_points_caption":"","selling_points":[],"selling_points_cta_text":"","features_title":"","features":"","ed_cta_examples_text":"","ed_cta_examples_hidden":"","ed_cta_demo_text":"","ed_cta_demo_hidden":"","why_caption":"","why_editor_title":"","why_editor_text":"","why_team_title":"","why_team_text":"","why_service_title":"","why_service_text":"","template_catalog_visible":"","template_catalog_title":"","template_catalog_text":"","template_catalog_categories_visible":"","demo_title":"Crie seu widget de feed do Tumblr","demo_caption":"Configure seu feed do Tumblr e adicione-o ao seu site Webnode gratuitamente!","default_faq_hidden":"","app_template_category":[],"platform":"4917","template_public_id":"","codecanyon_url":"","codecanyon_item_id":"","codecanyon_price":"","pricing_caption":"","pricing_elfsight_apps_hide_column":"","pricing_elfsight_apps_url":"","pricing_codecanyon_price_caption":"","integration_category":[],"integration_request_title":"","integration_request_cta":"","integration_platform":"","integrations":[],"platform_category":[],"video_schema_markup":"","price":"a partir de US$ 0\/m\u00eas","trial":"","benefits":[{"text":"Assist\u00eancia de instala\u00e7\u00e3o gratuita"},{"text":"Suporte premium"},{"text":"Garantia de devolu\u00e7\u00e3o do dinheiro em 14 dias"},{"text":"Desenvolvimento cont\u00ednuo"}],"button_url":"#demo","button_target_blank":"","button_nofollow":"","attributes":[{"name":"Instala\u00e7\u00f5es","content":"10,000 - 100,000"},{"name":"Responsivo","content":"Sim"},{"name":"Navegadores compat\u00edveis","content":"Firefox, Safari, Opera, Chrome, Edge"}],"tags":[],"tags_disable_links":"","hide_more_platforms":"","video_object":"","demo_hide_cta":"","demo_hide_cloud_options":"","pricing_title":"","pricing":[{"pricing_icon":"platform","pricing_title":"Elfsight Apps","pricing_title_caption":"Vers\u00e3o multiplataforma","pricing_price":"a partir de US$ 0\/m\u00eas","pricing_price_caption":"comece com um plano gratuito","pricing_benefits":[{"text":"Dom\u00ednios ilimitados"},{"text":"Suporte ao cliente r\u00e1pido e bem documentado"},{"text":"Suporte ao cliente r\u00e1pido e bem documentado"},{"text":"Totalmente personaliz\u00e1vel"}],"pricing_button_text":"Adicionar ao site","pricing_button_url":"#demo"}],"related_apps_title":"","related_apps_hidden":"","author":"","image":[],"title":"","job":"","social_networks":[]},"_links":{"self":[{"href":"https:\/\/elfsight.com\/pt\/wp-json\/wp\/v2\/pages\/8474","targetHints":{"allow":["GET"]}}],"collection":[{"href":"https:\/\/elfsight.com\/pt\/wp-json\/wp\/v2\/pages"}],"about":[{"href":"https:\/\/elfsight.com\/pt\/wp-json\/wp\/v2\/types\/page"}],"author":[{"embeddable":true,"href":"https:\/\/elfsight.com\/pt\/wp-json\/wp\/v2\/users\/9"}],"replies":[{"embeddable":true,"href":"https:\/\/elfsight.com\/pt\/wp-json\/wp\/v2\/comments?post=8474"}],"version-history":[{"count":1,"href":"https:\/\/elfsight.com\/pt\/wp-json\/wp\/v2\/pages\/8474\/revisions"}],"predecessor-version":[{"id":8478,"href":"https:\/\/elfsight.com\/pt\/wp-json\/wp\/v2\/pages\/8474\/revisions\/8478"}],"up":[{"embeddable":true,"href":"https:\/\/elfsight.com\/pt\/wp-json\/wp\/v2\/pages\/1548"}],"wp:attachment":[{"href":"https:\/\/elfsight.com\/pt\/wp-json\/wp\/v2\/media?parent=8474"}],"curies":[{"name":"wp","href":"https:\/\/api.w.org\/{rel}","templated":true}]}}