{"id":8473,"date":"1970-01-01T00:00:00","date_gmt":"1970-01-01T00:00:00","guid":{"rendered":"https:\/\/elfsight.com\/pt\/?page_id=8473"},"modified":"2024-11-13T11:16:56","modified_gmt":"2024-11-13T11:16:56","slug":"weebly","status":"publish","type":"page","link":"https:\/\/elfsight.com\/pt\/tumblr-feed-widget\/weebly\/","title":{"rendered":"Tumblr Feed &#8211; Weebly"},"content":{"rendered":"<div class=\"application-platform-content-item-description application-platform-content-item\" id=\"description\" data-nav-section=\"description\"> <h2>Descri\u00e7\u00e3o<\/h2> <p>Elfsight Tumblr Feed for Weebly \u00e9 um aplicativo exclusivo para criar seu feed personalizado composto pelos blogs do Tumblr e demonstrar diretamente em seu site. Desenvolva uma galeria ou controle deslizante de postagens com apenas alguns cliques! Exer\u00e7a controle total sobre o conte\u00fado demonstrado e remova spam e qualquer conte\u00fado indesejado por meio de modera\u00e7\u00e3o manual. O configurador online totalmente responsivo oferece v\u00e1rios modelos para voc\u00ea escolher. <\/p> <p><b>Apresente o conte\u00fado mais brilhante do Tumblr para envolver seus usu\u00e1rios e entrar em contato com mais pessoas<\/b><\/p> <\/div> <div class=\"application-platform-content-item-features application-platform-content-item\" id=\"features\" data-nav-section=\"features\"> <h2>Estude a lista dos recursos mais \u00fateis: <\/h2> <ul><li>Exiba o conte\u00fado de m\u00eddia social do Tumblr<\/li><li>Elimine qualquer spam e conte\u00fado indesejado com o modo de modera\u00e7\u00e3o manual. <\/li><li>Defina o bot\u00e3o Seguir no feed do widget. <\/li><li>Permita que suas postagens sejam visualizadas em modo pop-up. <\/li><\/ul><p><a href=\"#demo\">Voc\u00ea pode descobrir todos os recursos do widget na demonstra\u00e7\u00e3o agora mesmo<\/a><\/p> <\/div> <div class=\"application-platform-content-item-instala\u00e7\u00e3o application-platform-content-item\" id=\"instala\u00e7\u00e3o\" data-nav-section=\"instala\u00e7\u00e3o\"> <h2>Como incorporar o feed do Tumblr ao meu site Weebly? <\/h2> <p>Basta seguir v\u00e1rias etapas descritas abaixo para integrar o aplicativo. <\/p> <ol><li><b>Inicie nossa demonstra\u00e7\u00e3o gratuita e comece a moldar seu aplicativo personalizado. <\/b><br> Encontre a interface e os recursos preferidos do aplicativo e aplique as corre\u00e7\u00f5es. <\/li> <li><b>Adquira o seu c\u00f3digo individual apresentado no formul\u00e1rio especial nas aplica\u00e7\u00f5es Elfsight. <\/b><br> Ap\u00f3s a cria\u00e7\u00e3o do seu widget pessoal, copie o c\u00f3digo pessoal na caixa exibida e salve-o para uso futuro. <\/li> <li><b>Comece a usar a ferramenta no seu site do Weebly. <\/b><br> Coloque o c\u00f3digo que voc\u00ea copiou antes em sua p\u00e1gina e aplique as modifica\u00e7\u00f5es. <\/li> <li><b>Conclu\u00eddo! A integra\u00e7\u00e3o foi finalizada com sucesso. <\/b><br> Acesse seu site para dar uma olhada no funcionamento do widget. <\/li><\/ol> <p>Na condi\u00e7\u00e3o de lidar com d\u00favidas ou enfrentar alguma complica\u00e7\u00e3o, sinta-se \u00e0 vontade para recorrer \u00e0 nossa equipe de suporte. Nosso pessoal ficar\u00e1 feliz em ajud\u00e1-lo com todos os problemas que voc\u00ea possa ter com o plugin. <\/p> <\/div><div class=\"faq\" data-component=\"FAQ\"><div class=\"faq-item\">\r\n\t\t\t\t\t<div class=\"faq-item-question\">\r\n\t\t\t\t\t\t<h3 class=\"faq-item-question-text\">De que forma posso incorporar o feed do Tumblr ao meu site do Weebly sem codifica\u00e7\u00e3o?<\/h3>\r\n\r\n\t\t\t\t\t\t<div class=\"faq-item-question-icon\"><\/div>\r\n\t\t\t\t\t<\/div>\r\n\r\n\t\t\t\t\t<div class=\"faq-item-answer\">\r\n\t\t\t\t\t\t<div class=\"faq-item-answer-text\"><p>A empresa Elfsight oferece um Solu\u00e7\u00e3o em nuvem que permite ao usu\u00e1rio gerar voc\u00ea mesmo uma se\u00e7\u00e3o de feed do Tumblr, consulte o guia descomplicado:<\/p><ul><li>V\u00e1 para o editor on-line para estabelecer uma se\u00e7\u00e3o de feed do Tumblr que voc\u00ea gostaria de incorporar em seu site do Weebly.<\/li><li>Escolha um dos modelos pr\u00e9-fabricados e adapte as configura\u00e7\u00f5es do feed do Tumblr, altere o layout e as cores, atualize seu conte\u00fado sem qualquer codifica\u00e7\u00e3o.<\/li><li>Salve o feed do Tumblr e obtenha o c\u00f3digo para incorpora\u00e7\u00e3o, que pode ser incorporado no site do Weebly gratuitamente.<\/li><\/ul><p>Com o configurador f\u00e1cil de usar, qualquer usu\u00e1rio da Internet pode estabelecer o widget Tumblr Feed on-line e col\u00e1-lo facilmente no site do Weebly. Voc\u00ea n\u00e3o deve pagar ou divulgar os dados do seu cart\u00e3o para acessar o Editor. Se voc\u00ea tiver algum problema em qualquer etapa, entre em contato com nosso suporte t\u00e9cnico ao cliente.<\/p><\/div>\r\n\t\t\t\t\t<\/div>\r\n\t\t\t\t<\/div><\/div>","protected":false},"excerpt":{"rendered":"","protected":false},"author":9,"featured_media":0,"parent":1548,"menu_order":0,"comment_status":"closed","ping_status":"closed","template":"templates\/template-application-platform.php","meta":{"publish_to_discourse":"","publish_post_category":"","wpdc_auto_publish_overridden":"","wpdc_topic_tags":"","wpdc_pin_topic":"","wpdc_pin_until":"","discourse_post_id":"","discourse_permalink":"","wpdc_publishing_response":"","wpdc_publishing_error":"","footnotes":""},"class_list":["post-8473","page","type-page","status-publish","hentry"],"yoast_head":"<!-- This site is optimized with the Yoast SEO plugin v25.3.1 - https:\/\/yoast.com\/wordpress\/plugins\/seo\/ -->\n<title>Adicione o aplicativo Tumblr Feed ao site do Weebly (r\u00e1pido e gratuito)<\/title>\n<meta name=\"description\" content=\"Incorpore um aplicativo Weebly Tumblr Feed compat\u00edvel com dispositivos m\u00f3veis em seu site. Experimente a demonstra\u00e7\u00e3o pr\u00e1tica da Elfsight e crie seu aplicativo Tumblr exclusivo com apenas alguns cliques\" \/>\n<meta name=\"robots\" content=\"index, follow, max-snippet:-1, max-image-preview:large, max-video-preview:-1\" \/>\n<link rel=\"canonical\" href=\"https:\/\/elfsight.com\/pt\/tumblr-feed-widget\/weebly\/\" \/>\n<meta property=\"og:locale\" content=\"pt_PT\" \/>\n<meta property=\"og:type\" content=\"article\" \/>\n<meta property=\"og:title\" content=\"Adicione o aplicativo Tumblr Feed ao site do Weebly (r\u00e1pido e gratuito)\" \/>\n<meta property=\"og:description\" content=\"Incorpore um aplicativo Weebly Tumblr Feed compat\u00edvel com dispositivos m\u00f3veis em seu site. Experimente a demonstra\u00e7\u00e3o pr\u00e1tica da Elfsight e crie seu aplicativo Tumblr exclusivo com apenas alguns cliques\" \/>\n<meta property=\"og:url\" content=\"https:\/\/elfsight.com\/pt\/tumblr-feed-widget\/weebly\/\" \/>\n<meta property=\"og:site_name\" content=\"Elfsight PT\" \/>\n<meta property=\"article:modified_time\" content=\"2024-11-13T11:16:56+00:00\" \/>\n<meta name=\"twitter:card\" content=\"summary_large_image\" \/>\n<meta name=\"twitter:label1\" content=\"Tempo estimado de leitura\" \/>\n\t<meta name=\"twitter:data1\" content=\"3 minutos\" \/>\n<!-- \/ Yoast SEO plugin. -->","yoast_head_json":{"title":"Adicione o aplicativo Tumblr Feed ao site do Weebly (r\u00e1pido e gratuito)","description":"Incorpore um aplicativo Weebly Tumblr Feed compat\u00edvel com dispositivos m\u00f3veis em seu site. Experimente a demonstra\u00e7\u00e3o pr\u00e1tica da Elfsight e crie seu aplicativo Tumblr exclusivo com apenas alguns cliques","robots":{"index":"index","follow":"follow","max-snippet":"max-snippet:-1","max-image-preview":"max-image-preview:large","max-video-preview":"max-video-preview:-1"},"canonical":"https:\/\/elfsight.com\/pt\/tumblr-feed-widget\/weebly\/","og_locale":"pt_PT","og_type":"article","og_title":"Adicione o aplicativo Tumblr Feed ao site do Weebly (r\u00e1pido e gratuito)","og_description":"Incorpore um aplicativo Weebly Tumblr Feed compat\u00edvel com dispositivos m\u00f3veis em seu site. Experimente a demonstra\u00e7\u00e3o pr\u00e1tica da Elfsight e crie seu aplicativo Tumblr exclusivo com apenas alguns cliques","og_url":"https:\/\/elfsight.com\/pt\/tumblr-feed-widget\/weebly\/","og_site_name":"Elfsight PT","article_modified_time":"2024-11-13T11:16:56+00:00","twitter_card":"summary_large_image","twitter_misc":{"Tempo estimado de leitura":"3 minutos"},"schema":{"@context":"https:\/\/schema.org","@graph":[{"@type":"WebPage","@id":"https:\/\/elfsight.com\/pt\/tumblr-feed-widget\/weebly\/","url":"https:\/\/elfsight.com\/pt\/tumblr-feed-widget\/weebly\/","name":"Adicione o aplicativo Tumblr Feed ao site do Weebly (r\u00e1pido e gratuito)","isPartOf":{"@id":"https:\/\/elfsight.com\/pt\/#website"},"datePublished":"1970-01-01T00:00:00+00:00","dateModified":"2024-11-13T11:16:56+00:00","description":"Incorpore um aplicativo Weebly Tumblr Feed compat\u00edvel com dispositivos m\u00f3veis em seu site. Experimente a demonstra\u00e7\u00e3o pr\u00e1tica da Elfsight e crie seu aplicativo Tumblr exclusivo com apenas alguns cliques","breadcrumb":{"@id":"https:\/\/elfsight.com\/pt\/tumblr-feed-widget\/weebly\/#breadcrumb"},"inLanguage":"pt-PT","potentialAction":[{"@type":"ReadAction","target":["https:\/\/elfsight.com\/pt\/tumblr-feed-widget\/weebly\/"]}]},{"@type":"BreadcrumbList","@id":"https:\/\/elfsight.com\/pt\/tumblr-feed-widget\/weebly\/#breadcrumb","itemListElement":[{"@type":"ListItem","position":1,"name":"Home","item":"https:\/\/elfsight.com\/pt\/"},{"@type":"ListItem","position":2,"name":"Tumblr Feed","item":"https:\/\/elfsight.com\/pt\/tumblr-feed-widget\/"},{"@type":"ListItem","position":3,"name":"Tumblr Feed &#8211; Weebly"}]},{"@type":"WebSite","@id":"https:\/\/elfsight.com\/pt\/#website","url":"https:\/\/elfsight.com\/pt\/","name":"Elfsight PT","description":"Just another Elfsight Sites site","potentialAction":[{"@type":"SearchAction","target":{"@type":"EntryPoint","urlTemplate":"https:\/\/elfsight.com\/pt\/?s={search_term_string}"},"query-input":{"@type":"PropertyValueSpecification","valueRequired":true,"valueName":"search_term_string"}}],"inLanguage":"pt-PT"}]}},"meta_box":{"industry":"","seo_heading":"","heading":"","description":"","cta_heading":"","cta_description":"","application":"1547","h1":"Aplicativo de feed do Weebly Tumblr","h1_caption":"Apresente suas publica\u00e7\u00f5es do Tumblr em seu site no 1-2-3!","application_category":[],"applications_title":"","applications_request_title":"","applications_request_button_text":"","hero_text":"","hero_video":"","hero_video_schema_markup":"","selling_points_title":"","selling_points_caption":"","selling_points":[],"selling_points_cta_text":"","features_title":"","features":"","ed_cta_examples_text":"","ed_cta_examples_hidden":"","ed_cta_demo_text":"","ed_cta_demo_hidden":"","why_caption":"","why_editor_title":"","why_editor_text":"","why_team_title":"","why_team_text":"","why_service_title":"","why_service_text":"","template_catalog_visible":"","template_catalog_title":"","template_catalog_text":"","template_catalog_categories_visible":"","demo_title":"Crie seu aplicativo de feed do Tumblr","demo_caption":"Configure seu feed do Tumblr e adicione-o ao seu site do Weebly gratuitamente!","default_faq_hidden":"","app_template_category":[],"platform":"73","template_public_id":"","codecanyon_url":"","codecanyon_item_id":"","codecanyon_price":"","pricing_caption":"","pricing_elfsight_apps_hide_column":"","pricing_elfsight_apps_url":"","pricing_codecanyon_price_caption":"","integration_category":[],"integration_request_title":"","integration_request_cta":"","integration_platform":"","integrations":[],"platform_category":[],"video_schema_markup":"","price":"a partir de US$ 0\/m\u00eas","trial":"","benefits":[{"text":"Assist\u00eancia de instala\u00e7\u00e3o gratuita"},{"text":"Atendimento ao cliente eficaz"},{"text":"Garantia de reembolso de 14 dias"},{"text":"Atualizando constantemente"}],"button_url":"#demo","button_target_blank":"","button_nofollow":"","attributes":[{"name":"Instala\u00e7\u00f5es","content":"10,000 - 100,000"},{"name":"Responsivo","content":"Sim"},{"name":"Navegadores compat\u00edveis","content":"Firefox, Safari, Opera, Chrome, Edge"}],"tags":[],"tags_disable_links":"","hide_more_platforms":"","video_object":"","demo_hide_cta":"","demo_hide_cloud_options":"","pricing_title":"","pricing":[{"pricing_icon":"platform","pricing_title":"Elfsight Apps","pricing_title_caption":"Software independente de plataforma","pricing_price":"a partir de US$ 0\/m\u00eas","pricing_price_caption":"comece com um plano gratuito","pricing_benefits":[{"text":"Dom\u00ednios ilimitados"},{"text":"Suporte dedicado"},{"text":"Suporte dedicado"},{"text":"Totalmente personaliz\u00e1vel"}],"pricing_button_text":"Adicionar ao site","pricing_button_url":"#demo"}],"related_apps_title":"","related_apps_hidden":"","author":"","image":[],"title":"","job":"","social_networks":[]},"_links":{"self":[{"href":"https:\/\/elfsight.com\/pt\/wp-json\/wp\/v2\/pages\/8473","targetHints":{"allow":["GET"]}}],"collection":[{"href":"https:\/\/elfsight.com\/pt\/wp-json\/wp\/v2\/pages"}],"about":[{"href":"https:\/\/elfsight.com\/pt\/wp-json\/wp\/v2\/types\/page"}],"author":[{"embeddable":true,"href":"https:\/\/elfsight.com\/pt\/wp-json\/wp\/v2\/users\/9"}],"replies":[{"embeddable":true,"href":"https:\/\/elfsight.com\/pt\/wp-json\/wp\/v2\/comments?post=8473"}],"version-history":[{"count":1,"href":"https:\/\/elfsight.com\/pt\/wp-json\/wp\/v2\/pages\/8473\/revisions"}],"predecessor-version":[{"id":8477,"href":"https:\/\/elfsight.com\/pt\/wp-json\/wp\/v2\/pages\/8473\/revisions\/8477"}],"up":[{"embeddable":true,"href":"https:\/\/elfsight.com\/pt\/wp-json\/wp\/v2\/pages\/1548"}],"wp:attachment":[{"href":"https:\/\/elfsight.com\/pt\/wp-json\/wp\/v2\/media?parent=8473"}],"curies":[{"name":"wp","href":"https:\/\/api.w.org\/{rel}","templated":true}]}}