{"id":8472,"date":"1970-01-01T00:00:00","date_gmt":"1970-01-01T00:00:00","guid":{"rendered":"https:\/\/elfsight.com\/pt\/?page_id=8472"},"modified":"2024-11-13T11:16:56","modified_gmt":"2024-11-13T11:16:56","slug":"wix","status":"publish","type":"page","link":"https:\/\/elfsight.com\/pt\/tumblr-feed-widget\/wix\/","title":{"rendered":"Tumblr Feed &#8211; Wix"},"content":{"rendered":"<div class=\"application-platform-content-item-description application-platform-content-item\" id=\"description\" data-nav-section=\"description\"> <h2>Descri\u00e7\u00e3o<\/h2> <p>Elfsight Tumblr Feed for Wix \u00e9 um aplicativo para desenvolver seu feed individual que consiste na rede Tumblr e coloc\u00e1-lo direto no seu site. Crie uma galeria ou controle deslizante de postagens no 1-2-3! Aproveite o controle absoluto sobre o conte\u00fado demonstrado e remova spam e qualquer conte\u00fado indesejado por meio de modera\u00e7\u00e3o manual. O editor online totalmente responsivo oferece diferentes modelos para voc\u00ea selecionar. <\/p> <p><b>Apresente o conte\u00fado mais atraente do Tumblr para que seus visitantes se interessem e entrem em contato com mais pessoas<\/b><\/p> <\/div> <div class=\"application-platform-content-item-features application-platform-content-item\" id=\"features\" data-nav-section=\"features\"> <h2>Estes s\u00e3o apenas alguns dos recursos do widget do aplicativo: <\/h2> <ul><li>Exibir o conte\u00fado do Tumblr<\/li><li>Elimine qualquer spam e conte\u00fado indesejado com o modo de modera\u00e7\u00e3o manual. <\/li><li>Defina o bot\u00e3o Seguir nas postagens do widget. <\/li><li>Fa\u00e7a com que suas postagens sejam exibidas em modo pop-up. <\/li><\/ul><p><a href=\"#demo\">Voc\u00ea pode conferir todas as funcionalidades do aplicativo na demonstra\u00e7\u00e3o aqui<\/a><\/p> <\/div> <div class=\"application-platform-content-item-instala\u00e7\u00e3o application-platform-content-item\" id=\"instala\u00e7\u00e3o\" data-nav-section=\"instala\u00e7\u00e3o\"> <h2>Como posso adicionar o Tumblr Feed ao meu site Wix? <\/h2> <p>Basta seguir as orienta\u00e7\u00f5es abaixo para integrar o plugin. <\/p> <ol><li><b>Utilize nosso editor gratuito e comece a criar seu instrumento exclusivo. <\/b><br> Especifique o layout e as op\u00e7\u00f5es preferenciais do aplicativo e aplique as edi\u00e7\u00f5es. <\/li> <li><b>Receba o seu c\u00f3digo pessoal revelado na caixa das aplica\u00e7\u00f5es Elfsight. <\/b><br> Logo ap\u00f3s a conclus\u00e3o do estabelecimento do seu aplicativo, copie o c\u00f3digo pessoal do pop-up exibido e salve-o para uso posterior. <\/li> <li><b>Inicie a utiliza\u00e7\u00e3o da ferramenta no site da sua plataforma. <\/b><br> Implemente o c\u00f3digo copiado anteriormente em seu site e salve as modifica\u00e7\u00f5es. <\/li> <li><b>Conclu\u00eddo! A configura\u00e7\u00e3o est\u00e1 totalmente conclu\u00edda. <\/b><br> Acesse seu site para ver como a ferramenta funciona. <\/li><\/ol> <p>Supondo que voc\u00ea tenha alguma dificuldade, n\u00e3o tenha medo de entrar em contato com nossa equipe de suporte. Nossos consultores ter\u00e3o prazer em ajud\u00e1-lo com todos os problemas que voc\u00ea possa ter com a ferramenta. <\/p> <\/div><div class=\"faq\" data-component=\"FAQ\"><div class=\"faq-item\">\r\n\t\t\t\t\t<div class=\"faq-item-question\">\r\n\t\t\t\t\t\t<h3 class=\"faq-item-question-text\">Existe um m\u00e9todo para incorporar o feed do Tumblr ao meu site Wix sem nenhum conhecimento de codifica\u00e7\u00e3o?<\/h3>\r\n\r\n\t\t\t\t\t\t<div class=\"faq-item-question-icon\"><\/div>\r\n\t\t\t\t\t<\/div>\r\n\r\n\t\t\t\t\t<div class=\"faq-item-answer\">\r\n\t\t\t\t\t\t<div class=\"faq-item-answer-text\"><p>Empresa Elfsight oferece uma solu\u00e7\u00e3o que permite que um grande p\u00fablico crie voc\u00ea mesmo um widget de feed do Tumblr, veja as instru\u00e7\u00f5es f\u00e1ceis:<\/p><ul><li>Comece a trabalhar diretamente na demonstra\u00e7\u00e3o ao vivo para construir um plugin de feed do Tumblr que voc\u00ea gostaria de adicionar no Wix. <\/li><li>Clique em um dos modelos predefinidos e ajuste as configura\u00e7\u00f5es do feed do Tumblr, mude o layout e a cor dos elementos, atualize seu conte\u00fado sem nenhum conhecimento de codifica\u00e7\u00e3o.<\/li><li>Salve o feed do Tumblr e obtenha o c\u00f3digo para incorpora\u00e7\u00e3o, que pode ser facilmente incorporado na p\u00e1gina inicial do Wix gratuitamente.<\/li><\/ul><p>Usando o configurador intuitivo, cada usu\u00e1rio da web pode criar uma se\u00e7\u00e3o de feed do Tumblr on-line e adicion\u00e1-la \u00e0 p\u00e1gina inicial do Wix. Voc\u00ea n\u00e3o deve pagar ou enviar as credenciais do seu cart\u00e3o para acessar nosso Editor. Se voc\u00ea enfrentar qualquer tipo de problema, fale com nossa equipe de suporte t\u00e9cnico.<\/p><\/div>\r\n\t\t\t\t\t<\/div>\r\n\t\t\t\t<\/div><\/div>","protected":false},"excerpt":{"rendered":"","protected":false},"author":9,"featured_media":0,"parent":1548,"menu_order":0,"comment_status":"closed","ping_status":"closed","template":"templates\/template-application-platform.php","meta":{"publish_to_discourse":"","publish_post_category":"","wpdc_auto_publish_overridden":"","wpdc_topic_tags":"","wpdc_pin_topic":"","wpdc_pin_until":"","discourse_post_id":"","discourse_permalink":"","wpdc_publishing_response":"","wpdc_publishing_error":"","footnotes":""},"class_list":["post-8472","page","type-page","status-publish","hentry"],"yoast_head":"<!-- This site is optimized with the Yoast SEO plugin v25.3.1 - https:\/\/yoast.com\/wordpress\/plugins\/seo\/ -->\n<title>Adicione o aplicativo Tumblr Feed ao site Wix (r\u00e1pido e gratuito)<\/title>\n<meta name=\"description\" content=\"Integre um aplicativo Wix Tumblr Feed responsivo ao seu site. Use a demonstra\u00e7\u00e3o pr\u00e1tica da Elfsight e gere seu aplicativo Tumblr exclusivo com apenas alguns cliques\" \/>\n<meta name=\"robots\" content=\"index, follow, max-snippet:-1, max-image-preview:large, max-video-preview:-1\" \/>\n<link rel=\"canonical\" href=\"https:\/\/elfsight.com\/pt\/tumblr-feed-widget\/wix\/\" \/>\n<meta property=\"og:locale\" content=\"pt_PT\" \/>\n<meta property=\"og:type\" content=\"article\" \/>\n<meta property=\"og:title\" content=\"Adicione o aplicativo Tumblr Feed ao site Wix (r\u00e1pido e gratuito)\" \/>\n<meta property=\"og:description\" content=\"Integre um aplicativo Wix Tumblr Feed responsivo ao seu site. Use a demonstra\u00e7\u00e3o pr\u00e1tica da Elfsight e gere seu aplicativo Tumblr exclusivo com apenas alguns cliques\" \/>\n<meta property=\"og:url\" content=\"https:\/\/elfsight.com\/pt\/tumblr-feed-widget\/wix\/\" \/>\n<meta property=\"og:site_name\" content=\"Elfsight PT\" \/>\n<meta property=\"article:modified_time\" content=\"2024-11-13T11:16:56+00:00\" \/>\n<meta name=\"twitter:card\" content=\"summary_large_image\" \/>\n<meta name=\"twitter:label1\" content=\"Tempo estimado de leitura\" \/>\n\t<meta name=\"twitter:data1\" content=\"3 minutos\" \/>\n<!-- \/ Yoast SEO plugin. -->","yoast_head_json":{"title":"Adicione o aplicativo Tumblr Feed ao site Wix (r\u00e1pido e gratuito)","description":"Integre um aplicativo Wix Tumblr Feed responsivo ao seu site. Use a demonstra\u00e7\u00e3o pr\u00e1tica da Elfsight e gere seu aplicativo Tumblr exclusivo com apenas alguns cliques","robots":{"index":"index","follow":"follow","max-snippet":"max-snippet:-1","max-image-preview":"max-image-preview:large","max-video-preview":"max-video-preview:-1"},"canonical":"https:\/\/elfsight.com\/pt\/tumblr-feed-widget\/wix\/","og_locale":"pt_PT","og_type":"article","og_title":"Adicione o aplicativo Tumblr Feed ao site Wix (r\u00e1pido e gratuito)","og_description":"Integre um aplicativo Wix Tumblr Feed responsivo ao seu site. Use a demonstra\u00e7\u00e3o pr\u00e1tica da Elfsight e gere seu aplicativo Tumblr exclusivo com apenas alguns cliques","og_url":"https:\/\/elfsight.com\/pt\/tumblr-feed-widget\/wix\/","og_site_name":"Elfsight PT","article_modified_time":"2024-11-13T11:16:56+00:00","twitter_card":"summary_large_image","twitter_misc":{"Tempo estimado de leitura":"3 minutos"},"schema":{"@context":"https:\/\/schema.org","@graph":[{"@type":"WebPage","@id":"https:\/\/elfsight.com\/pt\/tumblr-feed-widget\/wix\/","url":"https:\/\/elfsight.com\/pt\/tumblr-feed-widget\/wix\/","name":"Adicione o aplicativo Tumblr Feed ao site Wix (r\u00e1pido e gratuito)","isPartOf":{"@id":"https:\/\/elfsight.com\/pt\/#website"},"datePublished":"1970-01-01T00:00:00+00:00","dateModified":"2024-11-13T11:16:56+00:00","description":"Integre um aplicativo Wix Tumblr Feed responsivo ao seu site. Use a demonstra\u00e7\u00e3o pr\u00e1tica da Elfsight e gere seu aplicativo Tumblr exclusivo com apenas alguns cliques","breadcrumb":{"@id":"https:\/\/elfsight.com\/pt\/tumblr-feed-widget\/wix\/#breadcrumb"},"inLanguage":"pt-PT","potentialAction":[{"@type":"ReadAction","target":["https:\/\/elfsight.com\/pt\/tumblr-feed-widget\/wix\/"]}]},{"@type":"BreadcrumbList","@id":"https:\/\/elfsight.com\/pt\/tumblr-feed-widget\/wix\/#breadcrumb","itemListElement":[{"@type":"ListItem","position":1,"name":"Home","item":"https:\/\/elfsight.com\/pt\/"},{"@type":"ListItem","position":2,"name":"Tumblr Feed","item":"https:\/\/elfsight.com\/pt\/tumblr-feed-widget\/"},{"@type":"ListItem","position":3,"name":"Tumblr Feed &#8211; Wix"}]},{"@type":"WebSite","@id":"https:\/\/elfsight.com\/pt\/#website","url":"https:\/\/elfsight.com\/pt\/","name":"Elfsight PT","description":"Just another Elfsight Sites site","potentialAction":[{"@type":"SearchAction","target":{"@type":"EntryPoint","urlTemplate":"https:\/\/elfsight.com\/pt\/?s={search_term_string}"},"query-input":{"@type":"PropertyValueSpecification","valueRequired":true,"valueName":"search_term_string"}}],"inLanguage":"pt-PT"}]}},"meta_box":{"industry":"","seo_heading":"","heading":"","description":"","cta_heading":"","cta_description":"","application":"1547","h1":"Aplicativo Wix Tumblr Feed","h1_caption":"Exiba suas publica\u00e7\u00f5es do Tumblr em seu site com facilidade!","application_category":[],"applications_title":"","applications_request_title":"","applications_request_button_text":"","hero_text":"","hero_video":"","hero_video_schema_markup":"","selling_points_title":"","selling_points_caption":"","selling_points":[],"selling_points_cta_text":"","features_title":"","features":"","ed_cta_examples_text":"","ed_cta_examples_hidden":"","ed_cta_demo_text":"","ed_cta_demo_hidden":"","why_caption":"","why_editor_title":"","why_editor_text":"","why_team_title":"","why_team_text":"","why_service_title":"","why_service_text":"","template_catalog_visible":"","template_catalog_title":"","template_catalog_text":"","template_catalog_categories_visible":"","demo_title":"Crie seu aplicativo de feed do Tumblr","demo_caption":"Configure seu feed do Tumblr e adicione-o ao seu site Wix gratuitamente!","default_faq_hidden":"","app_template_category":[],"platform":"37","template_public_id":"","codecanyon_url":"","codecanyon_item_id":"","codecanyon_price":"","pricing_caption":"","pricing_elfsight_apps_hide_column":"","pricing_elfsight_apps_url":"","pricing_codecanyon_price_caption":"","integration_category":[],"integration_request_title":"","integration_request_cta":"","integration_platform":"","integrations":[],"platform_category":[],"video_schema_markup":"","price":"a partir de US$ 0\/m\u00eas","trial":"","benefits":[{"text":"Assist\u00eancia de instala\u00e7\u00e3o gratuita"},{"text":"Suporte ao cliente experiente"},{"text":"Garantia de devolu\u00e7\u00e3o do dinheiro em 14 dias"},{"text":"Desenvolvimento cont\u00ednuo"}],"button_url":"#demo","button_target_blank":"","button_nofollow":"","attributes":[{"name":"Instala\u00e7\u00f5es","content":"10,000 - 100,000"},{"name":"Responsivo","content":"Sim"},{"name":"Navegadores compat\u00edveis","content":"Firefox, Safari, Opera, Chrome, Edge"}],"tags":[],"tags_disable_links":"","hide_more_platforms":"","video_object":"","demo_hide_cta":"","demo_hide_cloud_options":"","pricing_title":"","pricing":[{"pricing_icon":"platform","pricing_title":"Elfsight Apps","pricing_title_caption":"Solu\u00e7\u00e3o multiplataforma adequada para qualquer site","pricing_price":"a partir de US$ 0\/m\u00eas","pricing_price_caption":"comece com um plano gratuito","pricing_benefits":[{"text":"Dom\u00ednios ilimitados"},{"text":"Suporte \u00e0 empresa 24 horas por dia, 7 dias por semana e bem documentado"},{"text":"Suporte \u00e0 empresa 24 horas por dia, 7 dias por semana e bem documentado"},{"text":"100% personaliz\u00e1vel"}],"pricing_button_text":"Adicionar ao site","pricing_button_url":"#demo"}],"related_apps_title":"","related_apps_hidden":"","author":"","image":[],"title":"","job":"","social_networks":[]},"_links":{"self":[{"href":"https:\/\/elfsight.com\/pt\/wp-json\/wp\/v2\/pages\/8472","targetHints":{"allow":["GET"]}}],"collection":[{"href":"https:\/\/elfsight.com\/pt\/wp-json\/wp\/v2\/pages"}],"about":[{"href":"https:\/\/elfsight.com\/pt\/wp-json\/wp\/v2\/types\/page"}],"author":[{"embeddable":true,"href":"https:\/\/elfsight.com\/pt\/wp-json\/wp\/v2\/users\/9"}],"replies":[{"embeddable":true,"href":"https:\/\/elfsight.com\/pt\/wp-json\/wp\/v2\/comments?post=8472"}],"version-history":[{"count":1,"href":"https:\/\/elfsight.com\/pt\/wp-json\/wp\/v2\/pages\/8472\/revisions"}],"predecessor-version":[{"id":8476,"href":"https:\/\/elfsight.com\/pt\/wp-json\/wp\/v2\/pages\/8472\/revisions\/8476"}],"up":[{"embeddable":true,"href":"https:\/\/elfsight.com\/pt\/wp-json\/wp\/v2\/pages\/1548"}],"wp:attachment":[{"href":"https:\/\/elfsight.com\/pt\/wp-json\/wp\/v2\/media?parent=8472"}],"curies":[{"name":"wp","href":"https:\/\/api.w.org\/{rel}","templated":true}]}}