{"id":8471,"date":"1970-01-01T00:00:00","date_gmt":"1970-01-01T00:00:00","guid":{"rendered":"https:\/\/elfsight.com\/pt\/?page_id=8471"},"modified":"2024-11-13T11:16:56","modified_gmt":"2024-11-13T11:16:56","slug":"wordpress","status":"publish","type":"page","link":"https:\/\/elfsight.com\/pt\/tumblr-feed-widget\/wordpress\/","title":{"rendered":"Tumblr Feed &#8211; WordPress"},"content":{"rendered":"<div class=\"application-platform-content-item-description application-platform-content-item\" id=\"description\" data-nav-section=\"description\"> <h2>Incorporar produto no WordPress com o widget Elfsight<\/h2> <p>Elfsight Tumblr Feed para WordPress \u00e9 um plugin exclusivo para construir seu feed individual consistindo na m\u00eddia social Tumblr e exibindo-a diretamente em seu site. Crie uma galeria ou controle deslizante de postagens no 1-2-3! Exer\u00e7a controle absoluto sobre o conte\u00fado demonstrado e elimine spam e qualquer conte\u00fado indesejado com modera\u00e7\u00e3o manual. O editor online totalmente responsivo oferece v\u00e1rios modelos para voc\u00ea escolher. <\/p> <p><b>Escolha o conte\u00fado mais interessante do Tumblr para que o p\u00fablico do seu site se interesse e afete mais pessoas<\/b><\/p> <\/div> <div class=\"application-platform-content-item-features application-platform-content-item\" id=\"features\" data-nav-section=\"features\"> <h2>Estes s\u00e3o apenas alguns dos recursos do amplo plugin: <\/h2> <ul><li>Mostre seu conte\u00fado de m\u00eddia social do Tumblr<\/li><li>Elimine qualquer spam e conte\u00fado indesejado usando o modo de modera\u00e7\u00e3o manual. <\/li><li>Coloque o bot\u00e3o Seguir no feed do widget. <\/li><li>Fa\u00e7a suas postagens aparecerem em modo pop-up. <\/li><\/ul><p><a href=\"#demo\">Voc\u00ea pode ver quanto vale o widget com a ajuda da demonstra\u00e7\u00e3o<\/a><\/p> <\/div> <div class=\"application-platform-content-item-instala\u00e7\u00e3o application-platform-content-item\" id=\"instala\u00e7\u00e3o\" data-nav-section=\"instala\u00e7\u00e3o\"> <h2>Como incorporar o feed do Tumblr ao meu site WordPress? <\/h2> <p>Basta seguir as orienta\u00e7\u00f5es abaixo para incorporar o plugin. <\/p> <ol><li><b>Realize nossa demonstra\u00e7\u00e3o gratuita e comece a construir seu plugin personalizado. <\/b><br> Especifique o formul\u00e1rio personalizado e os recursos do widget e salve as edi\u00e7\u00f5es. <\/li> <li><b>Receba o c\u00f3digo individual exposto na janela dos aplicativos Elfsight. <\/b><br> Ap\u00f3s a configura\u00e7\u00e3o da sua ferramenta pessoal, copie o c\u00f3digo exclusivo na caixa exibida e salve-o para uso posterior. <\/li> <li><b>Comece a usar o widget no site WordPress. <\/b><br> Incorpore o c\u00f3digo que voc\u00ea salvou anteriormente em seu site e salve as modifica\u00e7\u00f5es. <\/li> <li><b>Conclu\u00eddo! A incorpora\u00e7\u00e3o \u00e9 totalmente executada. <\/b><br> Visite seu site para ver o desempenho do plugin. <\/li><\/ol> <p>Caso tenha d\u00favidas ou se depare com algumas complica\u00e7\u00f5es, n\u00e3o hesite em solicitar nossa equipe de suporte. Nossos especialistas ter\u00e3o prazer em resolver todas as dificuldades que voc\u00ea possa ter com o widget. <\/p> <\/div><div class=\"faq\" data-component=\"FAQ\"><div class=\"faq-item\">\r\n\t\t\t\t\t<div class=\"faq-item-question\">\r\n\t\t\t\t\t\t<h3 class=\"faq-item-question-text\">De que maneira posso incorporar o feed do Tumblr na minha p\u00e1gina inicial do WordPress sem habilidades de codifica\u00e7\u00e3o?<\/h3>\r\n\r\n\t\t\t\t\t\t<div class=\"faq-item-question-icon\"><\/div>\r\n\t\t\t\t\t<\/div>\r\n\r\n\t\t\t\t\t<div class=\"faq-item-answer\">\r\n\t\t\t\t\t\t<div class=\"faq-item-answer-text\"><p>A empresa Elfsight fornece uma solu\u00e7\u00e3o SaaS que permite que as pessoas estabele\u00e7am um plug-in de feed do Tumblr, descubra como ele \u00e9 descomplicado:<\/p><ul><li>Acesse a demonstra\u00e7\u00e3o on-line para gerar um plug-in de feed do Tumblr que voc\u00ea gostaria de adicionar \u00e0 sua p\u00e1gina inicial do WordPress .<\/li><li>Escolha um dos muitos modelos predefinidos e altere as configura\u00e7\u00f5es do feed do Tumblr, mude o layout e o esquema de cores, atualize seu conte\u00fado sem nenhum conhecimento de codifica\u00e7\u00e3o.<\/li><li>Clique para salvar as configura\u00e7\u00f5es que voc\u00ea fiz no Tumblr Feed e obtive o c\u00f3digo do widget para instala\u00e7\u00e3o, que voc\u00ea pode adicionar facilmente na p\u00e1gina inicial do WordPress gratuitamente.<\/li><\/ul><p>Com nosso configurador f\u00e1cil de usar, qualquer usu\u00e1rio da web pode estabelecer o Tumblr Widget de feed e simplesmente incorpore na p\u00e1gina inicial do WordPress. N\u00e3o \u00e9 necess\u00e1rio adquirir um plano pago ou enviar as credenciais do seu cart\u00e3o para entrar em nosso servi\u00e7o. Se voc\u00ea tiver algum problema em qualquer etapa, n\u00e3o hesite em entrar em contato com nossa equipe de suporte t\u00e9cnico.<\/p><\/div>\r\n\t\t\t\t\t<\/div>\r\n\t\t\t\t<\/div><\/div>","protected":false},"excerpt":{"rendered":"","protected":false},"author":9,"featured_media":0,"parent":1548,"menu_order":0,"comment_status":"closed","ping_status":"closed","template":"templates\/template-application-platform.php","meta":{"publish_to_discourse":"","publish_post_category":"","wpdc_auto_publish_overridden":"","wpdc_topic_tags":"","wpdc_pin_topic":"","wpdc_pin_until":"","discourse_post_id":"","discourse_permalink":"","wpdc_publishing_response":"","wpdc_publishing_error":"","footnotes":""},"class_list":["post-8471","page","type-page","status-publish","hentry"],"yoast_head":"<!-- This site is optimized with the Yoast SEO plugin v25.3.1 - https:\/\/yoast.com\/wordpress\/plugins\/seo\/ -->\n<title>Adicione o plugin Tumblr Feed ao site WordPress (r\u00e1pido e gratuito)<\/title>\n<meta name=\"description\" content=\"Adicione o plugin WordPress Tumblr Feed no site. Use a demonstra\u00e7\u00e3o pr\u00e1tica da Elfsight e modifique seu incr\u00edvel plugin do Tumblr com apenas alguns cliques\" \/>\n<meta name=\"robots\" content=\"index, follow, max-snippet:-1, max-image-preview:large, max-video-preview:-1\" \/>\n<link rel=\"canonical\" href=\"https:\/\/elfsight.com\/pt\/tumblr-feed-widget\/wordpress\/\" \/>\n<meta property=\"og:locale\" content=\"pt_PT\" \/>\n<meta property=\"og:type\" content=\"article\" \/>\n<meta property=\"og:title\" content=\"Adicione o plugin Tumblr Feed ao site WordPress (r\u00e1pido e gratuito)\" \/>\n<meta property=\"og:description\" content=\"Adicione o plugin WordPress Tumblr Feed no site. Use a demonstra\u00e7\u00e3o pr\u00e1tica da Elfsight e modifique seu incr\u00edvel plugin do Tumblr com apenas alguns cliques\" \/>\n<meta property=\"og:url\" content=\"https:\/\/elfsight.com\/pt\/tumblr-feed-widget\/wordpress\/\" \/>\n<meta property=\"og:site_name\" content=\"Elfsight PT\" \/>\n<meta property=\"article:modified_time\" content=\"2024-11-13T11:16:56+00:00\" \/>\n<meta name=\"twitter:card\" content=\"summary_large_image\" \/>\n<meta name=\"twitter:label1\" content=\"Tempo estimado de leitura\" \/>\n\t<meta name=\"twitter:data1\" content=\"3 minutos\" \/>\n<!-- \/ Yoast SEO plugin. -->","yoast_head_json":{"title":"Adicione o plugin Tumblr Feed ao site WordPress (r\u00e1pido e gratuito)","description":"Adicione o plugin WordPress Tumblr Feed no site. Use a demonstra\u00e7\u00e3o pr\u00e1tica da Elfsight e modifique seu incr\u00edvel plugin do Tumblr com apenas alguns cliques","robots":{"index":"index","follow":"follow","max-snippet":"max-snippet:-1","max-image-preview":"max-image-preview:large","max-video-preview":"max-video-preview:-1"},"canonical":"https:\/\/elfsight.com\/pt\/tumblr-feed-widget\/wordpress\/","og_locale":"pt_PT","og_type":"article","og_title":"Adicione o plugin Tumblr Feed ao site WordPress (r\u00e1pido e gratuito)","og_description":"Adicione o plugin WordPress Tumblr Feed no site. Use a demonstra\u00e7\u00e3o pr\u00e1tica da Elfsight e modifique seu incr\u00edvel plugin do Tumblr com apenas alguns cliques","og_url":"https:\/\/elfsight.com\/pt\/tumblr-feed-widget\/wordpress\/","og_site_name":"Elfsight PT","article_modified_time":"2024-11-13T11:16:56+00:00","twitter_card":"summary_large_image","twitter_misc":{"Tempo estimado de leitura":"3 minutos"},"schema":{"@context":"https:\/\/schema.org","@graph":[{"@type":"WebPage","@id":"https:\/\/elfsight.com\/pt\/tumblr-feed-widget\/wordpress\/","url":"https:\/\/elfsight.com\/pt\/tumblr-feed-widget\/wordpress\/","name":"Adicione o plugin Tumblr Feed ao site WordPress (r\u00e1pido e gratuito)","isPartOf":{"@id":"https:\/\/elfsight.com\/pt\/#website"},"datePublished":"1970-01-01T00:00:00+00:00","dateModified":"2024-11-13T11:16:56+00:00","description":"Adicione o plugin WordPress Tumblr Feed no site. Use a demonstra\u00e7\u00e3o pr\u00e1tica da Elfsight e modifique seu incr\u00edvel plugin do Tumblr com apenas alguns cliques","breadcrumb":{"@id":"https:\/\/elfsight.com\/pt\/tumblr-feed-widget\/wordpress\/#breadcrumb"},"inLanguage":"pt-PT","potentialAction":[{"@type":"ReadAction","target":["https:\/\/elfsight.com\/pt\/tumblr-feed-widget\/wordpress\/"]}]},{"@type":"BreadcrumbList","@id":"https:\/\/elfsight.com\/pt\/tumblr-feed-widget\/wordpress\/#breadcrumb","itemListElement":[{"@type":"ListItem","position":1,"name":"Home","item":"https:\/\/elfsight.com\/pt\/"},{"@type":"ListItem","position":2,"name":"Tumblr Feed","item":"https:\/\/elfsight.com\/pt\/tumblr-feed-widget\/"},{"@type":"ListItem","position":3,"name":"Tumblr Feed &#8211; WordPress"}]},{"@type":"WebSite","@id":"https:\/\/elfsight.com\/pt\/#website","url":"https:\/\/elfsight.com\/pt\/","name":"Elfsight PT","description":"Just another Elfsight Sites site","potentialAction":[{"@type":"SearchAction","target":{"@type":"EntryPoint","urlTemplate":"https:\/\/elfsight.com\/pt\/?s={search_term_string}"},"query-input":{"@type":"PropertyValueSpecification","valueRequired":true,"valueName":"search_term_string"}}],"inLanguage":"pt-PT"}]}},"meta_box":{"industry":"","seo_heading":"","heading":"","description":"","cta_heading":"","cta_description":"","application":"1547","h1":"Plug-in de feed do Tumblr para WordPress","h1_caption":"Demonstre suas publica\u00e7\u00f5es do Tumblr em seu site com facilidade!","application_category":[],"applications_title":"","applications_request_title":"","applications_request_button_text":"","hero_text":"","hero_video":"","hero_video_schema_markup":"","selling_points_title":"","selling_points_caption":"","selling_points":[],"selling_points_cta_text":"","features_title":"","features":"","ed_cta_examples_text":"","ed_cta_examples_hidden":"","ed_cta_demo_text":"","ed_cta_demo_hidden":"","why_caption":"","why_editor_title":"","why_editor_text":"","why_team_title":"","why_team_text":"","why_service_title":"","why_service_text":"","template_catalog_visible":"","template_catalog_title":"","template_catalog_text":"","template_catalog_categories_visible":"","demo_title":"Crie seu plugin de feed do Tumblr","demo_caption":"Configure seu feed do Tumblr e adicione-o ao seu site WordPress gratuitamente!","default_faq_hidden":"","app_template_category":[],"platform":"34","template_public_id":"","codecanyon_url":"","codecanyon_item_id":"","codecanyon_price":"","pricing_caption":"","pricing_elfsight_apps_hide_column":"","pricing_elfsight_apps_url":"","pricing_codecanyon_price_caption":"","integration_category":[],"integration_request_title":"","integration_request_cta":"","integration_platform":"","integrations":[],"platform_category":[],"video_schema_markup":"","price":"a partir de US$ 0\/m\u00eas","trial":"","benefits":[{"text":"Assist\u00eancia de instala\u00e7\u00e3o gratuita"},{"text":"Atendimento ao cliente eficaz"},{"text":"Garantia de reembolso de 14 dias"},{"text":"Melhorias regulares"}],"button_url":"#demo","button_target_blank":"","button_nofollow":"","attributes":[{"name":"Instala\u00e7\u00f5es","content":"10,000 - 100,000"},{"name":"Responsivo","content":"Sim"},{"name":"Navegadores compat\u00edveis","content":"Firefox, Safari, Opera, Chrome, Edge"}],"tags":[],"tags_disable_links":"","hide_more_platforms":"","video_object":"","demo_hide_cta":"","demo_hide_cloud_options":"","pricing_title":"","pricing":[{"pricing_icon":"platform","pricing_title":"Elfsight Apps","pricing_title_caption":"Software independente de plataforma adequado para qualquer site","pricing_price":"a partir de US$ 0\/m\u00eas","pricing_price_caption":"comece com um plano gratuito","pricing_benefits":[{"text":"Dom\u00ednios ilimitados"},{"text":"Suporte profissional"},{"text":"Suporte profissional"},{"text":"Totalmente personaliz\u00e1vel"}],"pricing_button_text":"Adicionar ao site","pricing_button_url":"#demo"}],"related_apps_title":"","related_apps_hidden":"","author":"","image":[],"title":"","job":"","social_networks":[]},"_links":{"self":[{"href":"https:\/\/elfsight.com\/pt\/wp-json\/wp\/v2\/pages\/8471","targetHints":{"allow":["GET"]}}],"collection":[{"href":"https:\/\/elfsight.com\/pt\/wp-json\/wp\/v2\/pages"}],"about":[{"href":"https:\/\/elfsight.com\/pt\/wp-json\/wp\/v2\/types\/page"}],"author":[{"embeddable":true,"href":"https:\/\/elfsight.com\/pt\/wp-json\/wp\/v2\/users\/9"}],"replies":[{"embeddable":true,"href":"https:\/\/elfsight.com\/pt\/wp-json\/wp\/v2\/comments?post=8471"}],"version-history":[{"count":1,"href":"https:\/\/elfsight.com\/pt\/wp-json\/wp\/v2\/pages\/8471\/revisions"}],"predecessor-version":[{"id":8475,"href":"https:\/\/elfsight.com\/pt\/wp-json\/wp\/v2\/pages\/8471\/revisions\/8475"}],"up":[{"embeddable":true,"href":"https:\/\/elfsight.com\/pt\/wp-json\/wp\/v2\/pages\/1548"}],"wp:attachment":[{"href":"https:\/\/elfsight.com\/pt\/wp-json\/wp\/v2\/media?parent=8471"}],"curies":[{"name":"wp","href":"https:\/\/api.w.org\/{rel}","templated":true}]}}