{"id":8458,"date":"1970-01-01T00:00:00","date_gmt":"1970-01-01T00:00:00","guid":{"rendered":"https:\/\/elfsight.com\/pt\/?page_id=8458"},"modified":"2024-11-12T15:27:46","modified_gmt":"2024-11-12T15:27:46","slug":"jimdo","status":"publish","type":"page","link":"https:\/\/elfsight.com\/pt\/tumblr-feed-widget\/jimdo\/","title":{"rendered":"Tumblr Feed &#8211; Jimdo"},"content":{"rendered":"<div class=\"application-platform-content-item-description application-platform-content-item\" id=\"description\" data-nav-section=\"description\"><h2>Descri\u00e7\u00e3o<\/h2> <p>Elfsight Tumblr Feed for Jimdo \u00e9 um widget que visa auxili\u00e1-lo em todas as demandas cont\u00ednuas na obten\u00e7\u00e3o de impress\u00f5es e solicita\u00e7\u00f5es de clientes em seu site. Mostre os componentes necess\u00e1rios para preenchimento, escolha o template desejado e adapte a interface para motivar tanto seus clientes a deixarem d\u00favidas sobre os servi\u00e7os de sua empresa. Nosso Feed do Tumblr \u00e9 composto para atender todas as suas necessidades de obter feedback e estar sempre em contato com seus clientes.<\/p><p><b>Com o Feed do Tumblr, tenha um desenvolvimento de neg\u00f3cios mais r\u00e1pido e mais vendas <\/b><\/p> <\/div> <div class=\"application-platform-content-item-features application-platform-content-item\" id=\"features\" data-nav-section=\"features\"> <h2>Aqui est\u00e1 a lista dos recursos mais importantes: <\/h2> <ul><li>Recursos de filtragem autom\u00e1tica e modo de modera\u00e7\u00e3o manual<\/li><li>Autom\u00e1tico -modo de modera\u00e7\u00e3o para upload de conte\u00fado sem problemas<\/li><li>Cinco modelos de postagem prontos com v\u00e1rias posi\u00e7\u00f5es de foto, texto e imagem do autor<\/li><li>As postagens de v\u00eddeo s\u00e3o reproduzidas automaticamente em modo pop-up<\/li><li>Permita que suas postagens sejam visualizadas em um pop-up <\/li><li>Duas variantes de representa\u00e7\u00e3o de postagens pop-up: controle deslizante e feed<\/li><\/ul><p><a href=\"#demo\">Explore todas as configura\u00e7\u00f5es em uma demonstra\u00e7\u00e3o totalmente funcional<\/a><\/p> <\/div> <div class=\"application-platform-content-item-installation application-platform-content-item\" id=\"installation\" data-nav-section=\"installation\"> <h2>Como incorporar o feed do Tumblr em meu site Jimdo? <\/h2> <p>Basta seguir os passos apresentados abaixo para inserir a ferramenta. <\/p> <ol><li><b>Use nossa demonstra\u00e7\u00e3o gratuita e comece a formar seu instrumento exclusivo. <\/b><br> Determine a forma selecionada e as especifica\u00e7\u00f5es do widget e aplique as edi\u00e7\u00f5es. <\/li> <li><b>Adquira o c\u00f3digo individual que aparece na caixa nas aplica\u00e7\u00f5es Elfsight. <\/b><br> Terminada a gera\u00e7\u00e3o do seu widget pessoal, copie o c\u00f3digo pessoal na caixa exibida e guarde-o para ocasi\u00f5es posteriores. <\/li> <li><b>Comece a usar a ferramenta na p\u00e1gina Jimdo. <\/b><br> Integre o c\u00f3digo que voc\u00ea copiou anteriormente em seu site e salve as edi\u00e7\u00f5es. <\/li> <li><b>Conclu\u00eddo! A incorpora\u00e7\u00e3o est\u00e1 totalmente realizada. <\/b><br> Acesse seu site para inspecionar como o widget est\u00e1 funcionando. <\/li><\/ol> <p>Caso tenha d\u00favidas ou tenha alguma complica\u00e7\u00e3o, n\u00e3o hesite em entrar em contato com nossa equipe de atendimento ao cliente. Nossos especialistas est\u00e3o ansiosos para resolver todas as d\u00favidas que voc\u00ea possa ter sobre o produto. <\/p> <\/div><div class=\"faq\" data-component=\"FAQ\"><div class=\"faq-item\">\r\n\t\t\t\t\t<div class=\"faq-item-question\">\r\n\t\t\t\t\t\t<h3 class=\"faq-item-question-text\">Existe uma op\u00e7\u00e3o para incorporar o feed do Tumblr \u00e0 minha p\u00e1gina Jimdo sem experi\u00eancia em codifica\u00e7\u00e3o?<\/h3>\r\n\r\n\t\t\t\t\t\t<div class=\"faq-item-question-icon\"><\/div>\r\n\t\t\t\t\t<\/div>\r\n\r\n\t\t\t\t\t<div class=\"faq-item-answer\">\r\n\t\t\t\t\t\t<div class=\"faq-item-answer-text\"><p>Elfsight A empresa fornece uma solu\u00e7\u00e3o que permite ao usu\u00e1rio criar um plug-in Tumblr Feed, descubra o guia f\u00e1cil:<\/p><ul><li>Comece a trabalhar diretamente no Editor on-line para estabelecer um aplicativo Tumblr Feed que voc\u00ea gostaria de integrar no Jimdo. <\/li><li>Clique em um dos modelos predefinidos e modifique as configura\u00e7\u00f5es do feed do Tumblr, adicione seu conte\u00fado, altere o layout e as cores sem codifica\u00e7\u00e3o.<\/li><li>Clique para salvar o feed do Tumblr e obter o c\u00f3digo do plugin para instala\u00e7\u00e3o, que voc\u00ea pode adicionar facilmente \u00e0 sua p\u00e1gina inicial do Jimdo gratuitamente.<\/li><\/ul><p>Com a ajuda de nosso configurador amig\u00e1vel, qualquer usu\u00e1rio da web pode gerar uma se\u00e7\u00e3o de feed do Tumblr e col\u00e1-la na p\u00e1gina inicial do Jimdo. Voc\u00ea n\u00e3o deve pagar ou enviar os dados do seu cart\u00e3o para acessar o Editor. Se voc\u00ea enfrentar qualquer tipo de problema, n\u00e3o hesite em entrar em contato com nossa equipe de suporte t\u00e9cnico.<\/p><\/div>\r\n\t\t\t\t\t<\/div>\r\n\t\t\t\t<\/div><\/div>","protected":false},"excerpt":{"rendered":"","protected":false},"author":9,"featured_media":0,"parent":1548,"menu_order":0,"comment_status":"closed","ping_status":"closed","template":"templates\/template-application-platform.php","meta":{"publish_to_discourse":"","publish_post_category":"","wpdc_auto_publish_overridden":"","wpdc_topic_tags":"","wpdc_pin_topic":"","wpdc_pin_until":"","discourse_post_id":"","discourse_permalink":"","wpdc_publishing_response":"","wpdc_publishing_error":"","footnotes":""},"class_list":["post-8458","page","type-page","status-publish","hentry"],"yoast_head":"<!-- This site is optimized with the Yoast SEO plugin v25.3.1 - https:\/\/yoast.com\/wordpress\/plugins\/seo\/ -->\n<title>Adicione o plugin Tumblr Feed ao site Jimdo (r\u00e1pido e gratuito)<\/title>\n<meta name=\"description\" content=\"Insira o plugin Jimdo Tumblr Feed em sua p\u00e1gina. Use a demonstra\u00e7\u00e3o pr\u00e1tica da Elfsight e crie seu incr\u00edvel plugin para Tumblr em apenas alguns minutos\" \/>\n<meta name=\"robots\" content=\"index, follow, max-snippet:-1, max-image-preview:large, max-video-preview:-1\" \/>\n<link rel=\"canonical\" href=\"https:\/\/elfsight.com\/pt\/tumblr-feed-widget\/jimdo\/\" \/>\n<meta property=\"og:locale\" content=\"pt_PT\" \/>\n<meta property=\"og:type\" content=\"article\" \/>\n<meta property=\"og:title\" content=\"Adicione o plugin Tumblr Feed ao site Jimdo (r\u00e1pido e gratuito)\" \/>\n<meta property=\"og:description\" content=\"Insira o plugin Jimdo Tumblr Feed em sua p\u00e1gina. Use a demonstra\u00e7\u00e3o pr\u00e1tica da Elfsight e crie seu incr\u00edvel plugin para Tumblr em apenas alguns minutos\" \/>\n<meta property=\"og:url\" content=\"https:\/\/elfsight.com\/pt\/tumblr-feed-widget\/jimdo\/\" \/>\n<meta property=\"og:site_name\" content=\"Elfsight PT\" \/>\n<meta property=\"article:modified_time\" content=\"2024-11-12T15:27:46+00:00\" \/>\n<meta name=\"twitter:card\" content=\"summary_large_image\" \/>\n<meta name=\"twitter:label1\" content=\"Tempo estimado de leitura\" \/>\n\t<meta name=\"twitter:data1\" content=\"3 minutos\" \/>\n<!-- \/ Yoast SEO plugin. -->","yoast_head_json":{"title":"Adicione o plugin Tumblr Feed ao site Jimdo (r\u00e1pido e gratuito)","description":"Insira o plugin Jimdo Tumblr Feed em sua p\u00e1gina. Use a demonstra\u00e7\u00e3o pr\u00e1tica da Elfsight e crie seu incr\u00edvel plugin para Tumblr em apenas alguns minutos","robots":{"index":"index","follow":"follow","max-snippet":"max-snippet:-1","max-image-preview":"max-image-preview:large","max-video-preview":"max-video-preview:-1"},"canonical":"https:\/\/elfsight.com\/pt\/tumblr-feed-widget\/jimdo\/","og_locale":"pt_PT","og_type":"article","og_title":"Adicione o plugin Tumblr Feed ao site Jimdo (r\u00e1pido e gratuito)","og_description":"Insira o plugin Jimdo Tumblr Feed em sua p\u00e1gina. Use a demonstra\u00e7\u00e3o pr\u00e1tica da Elfsight e crie seu incr\u00edvel plugin para Tumblr em apenas alguns minutos","og_url":"https:\/\/elfsight.com\/pt\/tumblr-feed-widget\/jimdo\/","og_site_name":"Elfsight PT","article_modified_time":"2024-11-12T15:27:46+00:00","twitter_card":"summary_large_image","twitter_misc":{"Tempo estimado de leitura":"3 minutos"},"schema":{"@context":"https:\/\/schema.org","@graph":[{"@type":"WebPage","@id":"https:\/\/elfsight.com\/pt\/tumblr-feed-widget\/jimdo\/","url":"https:\/\/elfsight.com\/pt\/tumblr-feed-widget\/jimdo\/","name":"Adicione o plugin Tumblr Feed ao site Jimdo (r\u00e1pido e gratuito)","isPartOf":{"@id":"https:\/\/elfsight.com\/pt\/#website"},"datePublished":"1970-01-01T00:00:00+00:00","dateModified":"2024-11-12T15:27:46+00:00","description":"Insira o plugin Jimdo Tumblr Feed em sua p\u00e1gina. Use a demonstra\u00e7\u00e3o pr\u00e1tica da Elfsight e crie seu incr\u00edvel plugin para Tumblr em apenas alguns minutos","breadcrumb":{"@id":"https:\/\/elfsight.com\/pt\/tumblr-feed-widget\/jimdo\/#breadcrumb"},"inLanguage":"pt-PT","potentialAction":[{"@type":"ReadAction","target":["https:\/\/elfsight.com\/pt\/tumblr-feed-widget\/jimdo\/"]}]},{"@type":"BreadcrumbList","@id":"https:\/\/elfsight.com\/pt\/tumblr-feed-widget\/jimdo\/#breadcrumb","itemListElement":[{"@type":"ListItem","position":1,"name":"Home","item":"https:\/\/elfsight.com\/pt\/"},{"@type":"ListItem","position":2,"name":"Tumblr Feed","item":"https:\/\/elfsight.com\/pt\/tumblr-feed-widget\/"},{"@type":"ListItem","position":3,"name":"Tumblr Feed &#8211; Jimdo"}]},{"@type":"WebSite","@id":"https:\/\/elfsight.com\/pt\/#website","url":"https:\/\/elfsight.com\/pt\/","name":"Elfsight PT","description":"Just another Elfsight Sites site","potentialAction":[{"@type":"SearchAction","target":{"@type":"EntryPoint","urlTemplate":"https:\/\/elfsight.com\/pt\/?s={search_term_string}"},"query-input":{"@type":"PropertyValueSpecification","valueRequired":true,"valueName":"search_term_string"}}],"inLanguage":"pt-PT"}]}},"meta_box":{"industry":"","seo_heading":"","heading":"","description":"","cta_heading":"","cta_description":"","application":"1547","h1":"Widget Jimdo Tumblr","h1_caption":"Mostre suas publica\u00e7\u00f5es do Tumblr em um site com apenas alguns cliques!","application_category":[],"applications_title":"","applications_request_title":"","applications_request_button_text":"","hero_text":"","hero_video":"","hero_video_schema_markup":"","selling_points_title":"","selling_points_caption":"","selling_points":[],"selling_points_cta_text":"","features_title":"","features":"","ed_cta_examples_text":"","ed_cta_examples_hidden":"","ed_cta_demo_text":"","ed_cta_demo_hidden":"","why_caption":"","why_editor_title":"","why_editor_text":"","why_team_title":"","why_team_text":"","why_service_title":"","why_service_text":"","template_catalog_visible":"","template_catalog_title":"","template_catalog_text":"","template_catalog_categories_visible":"","demo_title":"Crie seu widget de feed do Tumblr","demo_caption":"Configure seu feed do Tumblr e adicione-o ao seu site Jimdo gratuitamente!","default_faq_hidden":"","app_template_category":[],"platform":"5393","template_public_id":"","codecanyon_url":"","codecanyon_item_id":"","codecanyon_price":"","pricing_caption":"","pricing_elfsight_apps_hide_column":"","pricing_elfsight_apps_url":"","pricing_codecanyon_price_caption":"","integration_category":[],"integration_request_title":"","integration_request_cta":"","integration_platform":"","integrations":[],"platform_category":[],"video_schema_markup":"","price":"a partir de US$ 0\/m\u00eas","trial":"","benefits":[{"text":"Ajuda de instala\u00e7\u00e3o gratuita"},{"text":"Atendimento ao cliente profissional"},{"text":"Garantia de reembolso de 14 dias"},{"text":"Melhorias cont\u00ednuas"}],"button_url":"#demo","button_target_blank":"","button_nofollow":"","attributes":[{"name":"Instala\u00e7\u00f5es","content":"10,000 - 100,000"},{"name":"Responsivo","content":"Sim"},{"name":"Navegadores compat\u00edveis","content":"Firefox, Safari, Opera, Chrome, Edge"}],"tags":[],"tags_disable_links":"","hide_more_platforms":"","video_object":"","demo_hide_cta":"","demo_hide_cloud_options":"","pricing_title":"","pricing":[{"pricing_icon":"platform","pricing_title":"Elfsight Apps","pricing_title_caption":"Solu\u00e7\u00e3o digital multiplataforma","pricing_price":"a partir de US$ 0\/m\u00eas","pricing_price_caption":"comece com um plano gratuito","pricing_benefits":[{"text":"Dom\u00ednios ilimitados"},{"text":"Suporte 24 horas por dia, 7 dias por semana e pontual"},{"text":"Suporte 24 horas por dia, 7 dias por semana e pontual"},{"text":"Design flex\u00edvel"}],"pricing_button_text":"Adicionar ao site","pricing_button_url":"#demo"}],"related_apps_title":"","related_apps_hidden":"","author":"","image":[],"title":"","job":"","social_networks":[]},"_links":{"self":[{"href":"https:\/\/elfsight.com\/pt\/wp-json\/wp\/v2\/pages\/8458","targetHints":{"allow":["GET"]}}],"collection":[{"href":"https:\/\/elfsight.com\/pt\/wp-json\/wp\/v2\/pages"}],"about":[{"href":"https:\/\/elfsight.com\/pt\/wp-json\/wp\/v2\/types\/page"}],"author":[{"embeddable":true,"href":"https:\/\/elfsight.com\/pt\/wp-json\/wp\/v2\/users\/9"}],"replies":[{"embeddable":true,"href":"https:\/\/elfsight.com\/pt\/wp-json\/wp\/v2\/comments?post=8458"}],"version-history":[{"count":1,"href":"https:\/\/elfsight.com\/pt\/wp-json\/wp\/v2\/pages\/8458\/revisions"}],"predecessor-version":[{"id":8462,"href":"https:\/\/elfsight.com\/pt\/wp-json\/wp\/v2\/pages\/8458\/revisions\/8462"}],"up":[{"embeddable":true,"href":"https:\/\/elfsight.com\/pt\/wp-json\/wp\/v2\/pages\/1548"}],"wp:attachment":[{"href":"https:\/\/elfsight.com\/pt\/wp-json\/wp\/v2\/media?parent=8458"}],"curies":[{"name":"wp","href":"https:\/\/api.w.org\/{rel}","templated":true}]}}