{"id":8456,"date":"1970-01-01T00:00:00","date_gmt":"1970-01-01T00:00:00","guid":{"rendered":"https:\/\/elfsight.com\/pt\/?page_id=8456"},"modified":"2024-11-13T12:06:47","modified_gmt":"2024-11-13T12:06:47","slug":"blogger","status":"publish","type":"page","link":"https:\/\/elfsight.com\/pt\/tripadvisor-reviews-widget\/blogger\/","title":{"rendered":"Tripadvisor Reviews &#8211; Blogger"},"content":{"rendered":"<div class=\"application-platform-content-item-description application-platform-content-item\" id=\"description\" data-nav-section=\"description\"> <h2>Descri\u00e7\u00e3o<\/h2> <p>Elfsight Tripadvisor Reviews \u00e9 um widget descomplicado que o ajudar\u00e1 a integrar no site coment\u00e1rios sobre o seu neg\u00f3cio a partir de usu\u00e1rios do Tripadvisor. Com este widget, voc\u00ea pode aplicar filtros para ocultar avalia\u00e7\u00f5es negativas, demonstrar suas avalia\u00e7\u00f5es com estrelas e n\u00fameros do Tripadvisor, exibir detalhes sobre os autores e mostrar um bot\u00e3o que redirecionar\u00e1 os visitantes para adicionar uma nova avalia\u00e7\u00e3o no Tripadvisor. As Avalia\u00e7\u00f5es do Tripadvisor da Elfsight ir\u00e3o ajud\u00e1-lo a demonstrar sua alta prova social em seu site e aumentar as vendas. <\/p><div class=\"faq\" data-component=\"FAQ\"> <div class=\"faq-item\">\r\n\t\t\t\t\t<div class=\"faq-item-question\">\r\n\t\t\t\t\t\t<h3 class=\"faq-item-question-text\">Onde no meu site posso inserir este plugin<\/h3>\r\n\r\n\t\t\t\t\t\t<div class=\"faq-item-question-icon\"><\/div>\r\n\t\t\t\t\t<\/div>\r\n\r\n\t\t\t\t\t<div class=\"faq-item-answer\">\r\n\t\t\t\t\t\t<div class=\"faq-item-answer-text\"> <p>Voc\u00ea pode colar o widget em qualquer p\u00e1gina do site, ou coloc\u00e1-lo no modelo do site, neste caso ser\u00e1 revelado em todas as p\u00e1ginas. As avalia\u00e7\u00f5es podem ser eficazes nas p\u00e1ginas de produtos ou na p\u00e1gina Sobre n\u00f3s, os locais onde voc\u00ea gostaria de exibir sua alta avalia\u00e7\u00e3o. <\/p><\/div>\r\n\t\t\t\t\t<\/div>\r\n\t\t\t\t<\/div> <div class=\"faq-item\">\r\n\t\t\t\t\t<div class=\"faq-item-question\">\r\n\t\t\t\t\t\t<h3 class=\"faq-item-question-text\">Quais benef\u00edcios isso me traz? <\/h3>\r\n\r\n\t\t\t\t\t\t<div class=\"faq-item-question-icon\"><\/div>\r\n\t\t\t\t\t<\/div>\r\n\r\n\t\t\t\t\t<div class=\"faq-item-answer\">\r\n\t\t\t\t\t\t<div class=\"faq-item-answer-text\"> <p>As avalia\u00e7\u00f5es compartilhadas por pessoas reais s\u00e3o perfeitamente confi\u00e1veis \u200b\u200bpara os visitantes do seu site e demonstram que sua empresa \u00e9 confi\u00e1vel. Avalia\u00e7\u00f5es altas e avalia\u00e7\u00f5es excelentes podem ajudar a aumentar o n\u00edvel de compras em seu site. Mais do que isso, o bot\u00e3o ativo pode contribuir para ter mais avalia\u00e7\u00f5es de clientes sobre suas ofertas ou servi\u00e7os no Tripadvisor. <\/p> <\/div>\r\n\t\t\t\t\t<\/div>\r\n\t\t\t\t<\/div> <div class=\"faq-item\">\r\n\t\t\t\t\t<div class=\"faq-item-question\">\r\n\t\t\t\t\t\t<h3 class=\"faq-item-question-text\">Como posso instalar o widget Avalia\u00e7\u00f5es do Tripadvisor no meu site do Blogger? <\/h3>\r\n\r\n\t\t\t\t\t\t<div class=\"faq-item-question-icon\"><\/div>\r\n\t\t\t\t\t<\/div>\r\n\r\n\t\t\t\t\t<div class=\"faq-item-answer\">\r\n\t\t\t\t\t\t<div class=\"faq-item-answer-text\"> <p>Levar\u00e1 apenas um minuto do seu tempo para come\u00e7ar a usar o widget. O processo de integra\u00e7\u00e3o \u00e9 extremamente r\u00e1pido, gratuito e sem codifica\u00e7\u00e3o. <\/p> <p>Voc\u00ea pode colar o widget Avalia\u00e7\u00f5es em seu site atrav\u00e9s do nosso servi\u00e7o. Basta aplicar o guia abaixo nesta p\u00e1gina. <\/p> <\/div>\r\n\t\t\t\t\t<\/div>\r\n\t\t\t\t<\/div> <\/div> <\/div> <div class=\"application-platform-content-item-features application-platform-content-item\" id=\"features\" data-nav-section=\"features\"> <h2>Recursos<\/h2> <p>Para ter uma ideia mais clara do nosso widget Avalia\u00e7\u00f5es, consulte a lista de suas fun\u00e7\u00f5es essenciais. Eles tornam o widget incrivelmente eficaz para voc\u00ea: <\/p> <ul> <li>Tr\u00eas filtros predefinidos: por tipo, exclus\u00e3o por e quantidade de avalia\u00e7\u00f5es para exibi\u00e7\u00e3o; <\/li> <li>4 layouts dispon\u00edveis: Lista, Grade, Alvenaria e Slider; <\/li> <li>Uma oportunidade para controlar a exibi\u00e7\u00e3o do cabe\u00e7alho do widget; <\/li> <li>O bot\u00e3o ativo para postar uma nova avalia\u00e7\u00e3o leva os usu\u00e1rios \u00e0 p\u00e1gina do Tripadvisor; <\/li> <li>Seis elementos flex\u00edveis do widget: nome e imagem do autor, recomenda\u00e7\u00e3o, data de compartilhamento, \u00edcone do Tripadvisor e classifica\u00e7\u00e3o por estrelas; <\/li> <li>Dois cen\u00e1rios poss\u00edveis de rejei\u00e7\u00e3o da solicita\u00e7\u00e3o de revis\u00e3o: revelar uma mensagem personalizada ou remover o bot\u00e3o. <\/li> <\/ul><p><a href=\"#demo\">Explore todos os recursos na demonstra\u00e7\u00e3o<\/a><\/p> <\/div> <div class=\"application-platform-content-item-installation application-platform-content-item\" id=\"installation\" data-nav-section=\"installation\"> <h2>Veja como para colocar as avalia\u00e7\u00f5es do Tripadvisor no seu site do Blogger. \u00c9 r\u00e1pido e gratuito. <\/h2> <div class=\"video-container\"><iframe width=\"720\" height=\"405\" src=\"https:\/\/www.youtube.com\/embed\/UiZLXM-pxFI\" frameborder=\"0\" allowfullscreen=\"\"><\/iframe><\/div><p>As a\u00e7\u00f5es abaixo s\u00e3o a \u00fanica coisa que voc\u00ea precisa fazer para uma instala\u00e7\u00e3o bem-sucedida. <\/p> <ul><li><b>Crie seu widget exclusivo do Tripadvisor<\/b><br> Em nossa demonstra\u00e7\u00e3o gratuita, configure um plug-in com apar\u00eancia e funcionalidade preferidas. <\/li><li><b>Adquira o c\u00f3digo pessoal para configurar o plugin<\/b><br> Depois de personalizar o seu widget, voc\u00ea receber\u00e1 o seu c\u00f3digo pessoal na janela que aparece nos aplicativos Elfsight. Copie este c\u00f3digo para uso futuro. <\/li> <li><b>Publique o plugin em seu site<\/b><br> Escolha o local onde voc\u00ea precisa revelar o plugin e insira o c\u00f3digo copiado l\u00e1. Publique os resultados.<\/li> <li><b>A integra\u00e7\u00e3o foi bem-sucedida! <\/b><br> Visite sua p\u00e1gina para verificar seu plugin. <\/li> <\/ul><p>Ainda n\u00e3o consegue tomar uma decis\u00e3o? Ou tendo problemas? Apenas uma \u00fanica solicita\u00e7\u00e3o \u00e0 nossa equipe de suporte ajudar\u00e1 em todos os problemas. <\/p> <\/div>","protected":false},"excerpt":{"rendered":"","protected":false},"author":9,"featured_media":0,"parent":911,"menu_order":0,"comment_status":"closed","ping_status":"closed","template":"templates\/template-application-platform.php","meta":{"publish_to_discourse":"","publish_post_category":"","wpdc_auto_publish_overridden":"","wpdc_topic_tags":"","wpdc_pin_topic":"","wpdc_pin_until":"","discourse_post_id":"","discourse_permalink":"","wpdc_publishing_response":"","wpdc_publishing_error":"","footnotes":""},"class_list":["post-8456","page","type-page","status-publish","hentry"],"yoast_head":"<!-- This site is optimized with the Yoast SEO plugin v25.3.1 - https:\/\/yoast.com\/wordpress\/plugins\/seo\/ -->\n<title>Incorpore o widget Avalia\u00e7\u00f5es do Tripadvisor ao seu site do Blogger (em 2 minutos)<\/title>\n<meta name=\"description\" content=\"Esta \u00e9 uma oportunidade de construir o widget Avalia\u00e7\u00f5es do Tripadvisor e adicion\u00e1-lo ao seu site do Blogger. Aproveite o atendimento gratuito ao cliente e outros b\u00f4nus da Elfsight.\" \/>\n<meta name=\"robots\" content=\"index, follow, max-snippet:-1, max-image-preview:large, max-video-preview:-1\" \/>\n<link rel=\"canonical\" href=\"https:\/\/elfsight.com\/pt\/tripadvisor-reviews-widget\/blogger\/\" \/>\n<meta property=\"og:locale\" content=\"pt_PT\" \/>\n<meta property=\"og:type\" content=\"article\" \/>\n<meta property=\"og:title\" content=\"Incorpore o widget Avalia\u00e7\u00f5es do Tripadvisor ao seu site do Blogger (em 2 minutos)\" \/>\n<meta property=\"og:description\" content=\"Esta \u00e9 uma oportunidade de construir o widget Avalia\u00e7\u00f5es do Tripadvisor e adicion\u00e1-lo ao seu site do Blogger. Aproveite o atendimento gratuito ao cliente e outros b\u00f4nus da Elfsight.\" \/>\n<meta property=\"og:url\" content=\"https:\/\/elfsight.com\/pt\/tripadvisor-reviews-widget\/blogger\/\" \/>\n<meta property=\"og:site_name\" content=\"Elfsight PT\" \/>\n<meta property=\"article:modified_time\" content=\"2024-11-13T12:06:47+00:00\" \/>\n<meta name=\"twitter:card\" content=\"summary_large_image\" \/>\n<meta name=\"twitter:label1\" content=\"Tempo estimado de leitura\" \/>\n\t<meta name=\"twitter:data1\" content=\"3 minutos\" \/>\n<!-- \/ Yoast SEO plugin. -->","yoast_head_json":{"title":"Incorpore o widget Avalia\u00e7\u00f5es do Tripadvisor ao seu site do Blogger (em 2 minutos)","description":"Esta \u00e9 uma oportunidade de construir o widget Avalia\u00e7\u00f5es do Tripadvisor e adicion\u00e1-lo ao seu site do Blogger. Aproveite o atendimento gratuito ao cliente e outros b\u00f4nus da Elfsight.","robots":{"index":"index","follow":"follow","max-snippet":"max-snippet:-1","max-image-preview":"max-image-preview:large","max-video-preview":"max-video-preview:-1"},"canonical":"https:\/\/elfsight.com\/pt\/tripadvisor-reviews-widget\/blogger\/","og_locale":"pt_PT","og_type":"article","og_title":"Incorpore o widget Avalia\u00e7\u00f5es do Tripadvisor ao seu site do Blogger (em 2 minutos)","og_description":"Esta \u00e9 uma oportunidade de construir o widget Avalia\u00e7\u00f5es do Tripadvisor e adicion\u00e1-lo ao seu site do Blogger. Aproveite o atendimento gratuito ao cliente e outros b\u00f4nus da Elfsight.","og_url":"https:\/\/elfsight.com\/pt\/tripadvisor-reviews-widget\/blogger\/","og_site_name":"Elfsight PT","article_modified_time":"2024-11-13T12:06:47+00:00","twitter_card":"summary_large_image","twitter_misc":{"Tempo estimado de leitura":"3 minutos"},"schema":{"@context":"https:\/\/schema.org","@graph":[{"@type":"WebPage","@id":"https:\/\/elfsight.com\/pt\/tripadvisor-reviews-widget\/blogger\/","url":"https:\/\/elfsight.com\/pt\/tripadvisor-reviews-widget\/blogger\/","name":"Incorpore o widget Avalia\u00e7\u00f5es do Tripadvisor ao seu site do Blogger (em 2 minutos)","isPartOf":{"@id":"https:\/\/elfsight.com\/pt\/#website"},"datePublished":"1970-01-01T00:00:00+00:00","dateModified":"2024-11-13T12:06:47+00:00","description":"Esta \u00e9 uma oportunidade de construir o widget Avalia\u00e7\u00f5es do Tripadvisor e adicion\u00e1-lo ao seu site do Blogger. Aproveite o atendimento gratuito ao cliente e outros b\u00f4nus da Elfsight.","breadcrumb":{"@id":"https:\/\/elfsight.com\/pt\/tripadvisor-reviews-widget\/blogger\/#breadcrumb"},"inLanguage":"pt-PT","potentialAction":[{"@type":"ReadAction","target":["https:\/\/elfsight.com\/pt\/tripadvisor-reviews-widget\/blogger\/"]}]},{"@type":"BreadcrumbList","@id":"https:\/\/elfsight.com\/pt\/tripadvisor-reviews-widget\/blogger\/#breadcrumb","itemListElement":[{"@type":"ListItem","position":1,"name":"Home","item":"https:\/\/elfsight.com\/pt\/"},{"@type":"ListItem","position":2,"name":"Tripadvisor Reviews","item":"https:\/\/elfsight.com\/pt\/tripadvisor-reviews-widget\/"},{"@type":"ListItem","position":3,"name":"Tripadvisor Reviews &#8211; Blogger"}]},{"@type":"WebSite","@id":"https:\/\/elfsight.com\/pt\/#website","url":"https:\/\/elfsight.com\/pt\/","name":"Elfsight PT","description":"Just another Elfsight Sites site","potentialAction":[{"@type":"SearchAction","target":{"@type":"EntryPoint","urlTemplate":"https:\/\/elfsight.com\/pt\/?s={search_term_string}"},"query-input":{"@type":"PropertyValueSpecification","valueRequired":true,"valueName":"search_term_string"}}],"inLanguage":"pt-PT"}]}},"meta_box":{"industry":"","seo_heading":"","heading":"","description":"","cta_heading":"","cta_description":"","application":"910","h1":"Widget de avalia\u00e7\u00f5es do Blogger no Tripadvisor","h1_caption":"Mostre as melhores opini\u00f5es dos usu\u00e1rios do Tripadvisor em seu site","application_category":[],"applications_title":"","applications_request_title":"","applications_request_button_text":"","hero_text":"","hero_video":"","hero_video_schema_markup":"","selling_points_title":"","selling_points_caption":"","selling_points":[],"selling_points_cta_text":"","features_title":"","features":"","ed_cta_examples_text":"","ed_cta_examples_hidden":"","ed_cta_demo_text":"","ed_cta_demo_hidden":"","why_caption":"","why_editor_title":"","why_editor_text":"","why_team_title":"","why_team_text":"","why_service_title":"","why_service_text":"","template_catalog_visible":"","template_catalog_title":"","template_catalog_text":"","template_catalog_categories_visible":"","demo_title":"Crie seu widget de Avalia\u00e7\u00f5es do Tripadvisor","demo_caption":"Configure suas avalia\u00e7\u00f5es do Tripadvisor e adicione-as ao site do Blogger gratuitamente!","default_faq_hidden":"","app_template_category":[],"platform":"46","template_public_id":"","codecanyon_url":"","codecanyon_item_id":"","codecanyon_price":"","pricing_caption":"","pricing_elfsight_apps_hide_column":"","pricing_elfsight_apps_url":"","pricing_codecanyon_price_caption":"","integration_category":[],"integration_request_title":"","integration_request_cta":"","integration_platform":"","integrations":[],"platform_category":[],"video_schema_markup":"","price":"a partir de US$ 0\/m\u00eas","trial":"","benefits":[{"text":"Assist\u00eancia de instala\u00e7\u00e3o gratuita"},{"text":"Suporte excepcional"},{"text":"Garantia de reembolso de 14 dias"},{"text":"Atualizando constantemente"}],"button_url":"#demo","button_target_blank":"","button_nofollow":"","attributes":[{"name":"Instala\u00e7\u00f5es","content":"10,000 - 100,000"},{"name":"Responsivo","content":"Sim"},{"name":"Navegadores compat\u00edveis","content":"Firefox, Safari, Opera, Chrome, Edge"}],"tags":[],"tags_disable_links":"","hide_more_platforms":"","video_object":"","demo_hide_cta":"","demo_hide_cloud_options":"","pricing_title":"","pricing":[{"pricing_icon":"platform","pricing_title":"Elfsight Apps","pricing_title_caption":"Software multiplataforma que funciona em qualquer site","pricing_price":"a partir de US$ 0\/m\u00eas","pricing_price_caption":"comece com um plano gratuito","pricing_benefits":[{"text":"Dom\u00ednios ilimitados"},{"text":"Suporte ao cliente dedicado e bem documentado"},{"text":"Suporte ao cliente dedicado e bem documentado"},{"text":"100% personaliz\u00e1vel"}],"pricing_button_text":"Adicionar ao site","pricing_button_url":"#demo"}],"related_apps_title":"","related_apps_hidden":"","author":"","image":[],"title":"","job":"","social_networks":[]},"_links":{"self":[{"href":"https:\/\/elfsight.com\/pt\/wp-json\/wp\/v2\/pages\/8456","targetHints":{"allow":["GET"]}}],"collection":[{"href":"https:\/\/elfsight.com\/pt\/wp-json\/wp\/v2\/pages"}],"about":[{"href":"https:\/\/elfsight.com\/pt\/wp-json\/wp\/v2\/types\/page"}],"author":[{"embeddable":true,"href":"https:\/\/elfsight.com\/pt\/wp-json\/wp\/v2\/users\/9"}],"replies":[{"embeddable":true,"href":"https:\/\/elfsight.com\/pt\/wp-json\/wp\/v2\/comments?post=8456"}],"version-history":[{"count":2,"href":"https:\/\/elfsight.com\/pt\/wp-json\/wp\/v2\/pages\/8456\/revisions"}],"predecessor-version":[{"id":12335,"href":"https:\/\/elfsight.com\/pt\/wp-json\/wp\/v2\/pages\/8456\/revisions\/12335"}],"up":[{"embeddable":true,"href":"https:\/\/elfsight.com\/pt\/wp-json\/wp\/v2\/pages\/911"}],"wp:attachment":[{"href":"https:\/\/elfsight.com\/pt\/wp-json\/wp\/v2\/media?parent=8456"}],"curies":[{"name":"wp","href":"https:\/\/api.w.org\/{rel}","templated":true}]}}