{"id":8447,"date":"1970-01-01T00:00:00","date_gmt":"1970-01-01T00:00:00","guid":{"rendered":"https:\/\/elfsight.com\/pt\/?page_id=8447"},"modified":"2024-11-13T12:06:39","modified_gmt":"2024-11-13T12:06:39","slug":"webflow","status":"publish","type":"page","link":"https:\/\/elfsight.com\/pt\/tripadvisor-reviews-widget\/webflow\/","title":{"rendered":"Tripadvisor Reviews &#8211; Webflow"},"content":{"rendered":"<div class=\"application-platform-content-item-description application-platform-content-item\" id=\"description\" data-nav-section=\"description\"> <h2>Incorpore avalia\u00e7\u00f5es do Tripadvisor no Webflow com o widget Elfsight<\/h2><p>Se voc\u00ea est\u00e1 procurando uma maneira de mostrar sua alta avalia\u00e7\u00e3o, clientes e convencer os visitantes do site de que vale a pena comprar seus produtos ou servi\u00e7os, ent\u00e3o o widget Elfsight Tripadvisor Reviews far\u00e1 o trabalho. Com a ajuda deste widget, voc\u00ea pode inserir avalia\u00e7\u00f5es de usu\u00e1rios do Tripadvisor em seu site, mostrar informa\u00e7\u00f5es sobre seus autores, filtr\u00e1-los para revelar apenas avalia\u00e7\u00f5es positivas, mostrar avalia\u00e7\u00f5es e um bot\u00e3o ativo que levar\u00e1 as pessoas \u00e0 sua p\u00e1gina do Tripadvisor, ent\u00e3o que eles possam deixar uma nova avalia\u00e7\u00e3o. <\/p><div class=\"faq\" data-component=\"FAQ\"> <div class=\"faq-item\">\r\n\t\t\t\t\t<div class=\"faq-item-question\">\r\n\t\t\t\t\t\t<h3 class=\"faq-item-question-text\">Onde posso exibir o widget de avalia\u00e7\u00f5es<\/h3>\r\n\r\n\t\t\t\t\t\t<div class=\"faq-item-question-icon\"><\/div>\r\n\t\t\t\t\t<\/div>\r\n\r\n\t\t\t\t\t<div class=\"faq-item-answer\">\r\n\t\t\t\t\t\t<div class=\"faq-item-answer-text\"> <p>Voc\u00ea pode exibir o widget de avalia\u00e7\u00f5es em qualquer p\u00e1gina do site, ou coloc\u00e1-lo no modelo, neste caso ele ser\u00e1 revelado em todas as p\u00e1ginas. As avalia\u00e7\u00f5es podem ser eficazes nas p\u00e1ginas de produtos ou na p\u00e1gina Sobre n\u00f3s, onde voc\u00ea gostaria de impressionar os usu\u00e1rios com sua avalia\u00e7\u00e3o alta. <\/p><\/div>\r\n\t\t\t\t\t<\/div>\r\n\t\t\t\t<\/div> <div class=\"faq-item\">\r\n\t\t\t\t\t<div class=\"faq-item-question\">\r\n\t\t\t\t\t\t<h3 class=\"faq-item-question-text\">Quais s\u00e3o os benef\u00edcios de ter o widget Avalia\u00e7\u00f5es para mim? <\/h3>\r\n\r\n\t\t\t\t\t\t<div class=\"faq-item-question-icon\"><\/div>\r\n\t\t\t\t\t<\/div>\r\n\r\n\t\t\t\t\t<div class=\"faq-item-answer\">\r\n\t\t\t\t\t\t<div class=\"faq-item-answer-text\"> <p>Avalia\u00e7\u00f5es de pessoas reais parecem perfeitamente confi\u00e1veis \u200b\u200bpara os usu\u00e1rios do seu site e indicam que sua empresa \u00e9 confi\u00e1vel parceiro. Avalia\u00e7\u00f5es altas e impress\u00f5es positivas podem ajudar a aumentar as compras em seu site. Al\u00e9m disso, o bot\u00e3o de redirecionamento pode contribuir para aumentar a quantidade de avalia\u00e7\u00f5es dos usu\u00e1rios sobre suas ofertas ou servi\u00e7os no Tripadvisor. <\/p> <\/div>\r\n\t\t\t\t\t<\/div>\r\n\t\t\t\t<\/div> <div class=\"faq-item\">\r\n\t\t\t\t\t<div class=\"faq-item-question\">\r\n\t\t\t\t\t\t<h3 class=\"faq-item-question-text\">Como posso adicionar o widget Avalia\u00e7\u00f5es do Tripadvisor ao meu site Webflow? <\/h3>\r\n\r\n\t\t\t\t\t\t<div class=\"faq-item-question-icon\"><\/div>\r\n\t\t\t\t\t<\/div>\r\n\r\n\t\t\t\t\t<div class=\"faq-item-answer\">\r\n\t\t\t\t\t\t<div class=\"faq-item-answer-text\"> <p>Voc\u00ea s\u00f3 precisar\u00e1 de tr\u00eas minutos para configurar. A integra\u00e7\u00e3o \u00e9 muito r\u00e1pida, gratuita e sem codifica\u00e7\u00e3o. <\/p> <p>Existe uma op\u00e7\u00e3o para incorporar o widget Avalia\u00e7\u00f5es \u00e0 p\u00e1gina da web por meio do nosso servi\u00e7o. Basta seguir as instru\u00e7\u00f5es a seguir nesta p\u00e1gina. <\/p> <\/div>\r\n\t\t\t\t\t<\/div>\r\n\t\t\t\t<\/div> <\/div> <\/div> <div class=\"application-platform-content-item-features application-platform-content-item\" id=\"features\" data-nav-section=\"features\"> <h2>Principais recursos do widget Avalia\u00e7\u00f5es do Tripadvisor<\/h2> <p>Para entender melhor o funcionamento do widget, veja a lista das principais caracter\u00edsticas. Eles tornam isso mais eficaz para voc\u00ea: <\/p> <ul> <li>Tr\u00eas filtros dispon\u00edveis: por tipo, exclus\u00e3o por e quantidade de avalia\u00e7\u00f5es para exibi\u00e7\u00e3o; <\/li> <li>4 layouts predefinidos: Lista, Grade, Alvenaria e Slider; <\/li> <li>Uma oportunidade de mostrar ou ocultar o cabe\u00e7alho do widget; <\/li> <li>O bot\u00e3o de solicita\u00e7\u00e3o de avalia\u00e7\u00e3o leva os usu\u00e1rios \u00e0 sua p\u00e1gina do Tripadvisor; <\/li> <li>Seis elementos personaliz\u00e1veis \u200b\u200bda interface: nome e imagem do autor, texto de recomenda\u00e7\u00e3o, data, \u00edcone do Tripadvisor e classifica\u00e7\u00e3o por estrelas; <\/li> <li>Dois cen\u00e1rios poss\u00edveis de recusa de solicita\u00e7\u00e3o de revis\u00e3o: exibir sua mensagem ou ocultar o bot\u00e3o. <\/li> <\/ul><p><a href=\"#demo\">Veja uma lista completa de recursos na demonstra\u00e7\u00e3o ao vivo<\/a><\/p> <\/div> <div class=\"application-platform-content-item-installation application-platform-content-item\" id=\"installation\" data-nav-section=\"installation\"> <h2>Descubra como integrar as avalia\u00e7\u00f5es do Tripadvisor no seu site Webflow. \u00c9 r\u00e1pido e f\u00e1cil. <\/h2> <div class=\"video-container\"><iframe width=\"720\" height=\"405\" src=\"https:\/\/www.youtube.com\/embed\/Grd1Y4OM59k\" frameborder=\"0\" allowfullscreen=\"\"><\/iframe><\/div><p>As etapas abaixo s\u00e3o a \u00fanica coisa que voc\u00ea precisa exibir. <\/p> <ul><li><b>Crie seu widget pessoal do Tripadvisor<\/b><br> Gerenciando as configura\u00e7\u00f5es em nosso configurador gratuito, crie um plugin com layout adequado e op\u00e7\u00f5es de interface. <\/li><li><b>Obtenha o c\u00f3digo individual para incorporar o plugin<\/b><br> Depois de gerar o widget, voc\u00ea obter\u00e1 o c\u00f3digo de instala\u00e7\u00e3o na janela pop-up dos aplicativos Elfsight. Copie. <\/li> <li><b>Incorpore o plugin em seu site<\/b><br> Encontre a p\u00e1gina e a \u00e1rea onde deseja revelar o plugin e adicione o c\u00f3digo copiado l\u00e1. Publique as altera\u00e7\u00f5es. <\/li> <li><b>Voc\u00ea executou totalmente a instala\u00e7\u00e3o<\/b><br> Visite seu site para ver seu trabalho. <\/li> <\/ul><p>Ainda n\u00e3o consegue se decidir? Ou tendo problemas? Basta enviar uma solicita\u00e7\u00e3o \u00e0 nossa equipe de suporte e resolveremos qualquer assunto. <\/p> <\/div>","protected":false},"excerpt":{"rendered":"","protected":false},"author":9,"featured_media":0,"parent":911,"menu_order":0,"comment_status":"closed","ping_status":"closed","template":"templates\/template-application-platform.php","meta":{"publish_to_discourse":"","publish_post_category":"","wpdc_auto_publish_overridden":"","wpdc_topic_tags":"","wpdc_pin_topic":"","wpdc_pin_until":"","discourse_post_id":"","discourse_permalink":"","wpdc_publishing_response":"","wpdc_publishing_error":"","footnotes":""},"class_list":["post-8447","page","type-page","status-publish","hentry"],"yoast_head":"<!-- This site is optimized with the Yoast SEO plugin v25.3.1 - https:\/\/yoast.com\/wordpress\/plugins\/seo\/ -->\n<title>Incorpore o widget Avalia\u00e7\u00f5es do Tripadvisor em seu site Webflow (em 2 minutos)<\/title>\n<meta name=\"description\" content=\"Com a Elfsight, crie o seu widget de Avalia\u00e7\u00f5es do Tripadvisor e publique-o rapidamente na p\u00e1gina Webflow. Oferecemos suporte gratuito ao cliente e outros b\u00f4nus.\" \/>\n<meta name=\"robots\" content=\"index, follow, max-snippet:-1, max-image-preview:large, max-video-preview:-1\" \/>\n<link rel=\"canonical\" href=\"https:\/\/elfsight.com\/pt\/tripadvisor-reviews-widget\/webflow\/\" \/>\n<meta property=\"og:locale\" content=\"pt_PT\" \/>\n<meta property=\"og:type\" content=\"article\" \/>\n<meta property=\"og:title\" content=\"Incorpore o widget Avalia\u00e7\u00f5es do Tripadvisor em seu site Webflow (em 2 minutos)\" \/>\n<meta property=\"og:description\" content=\"Com a Elfsight, crie o seu widget de Avalia\u00e7\u00f5es do Tripadvisor e publique-o rapidamente na p\u00e1gina Webflow. Oferecemos suporte gratuito ao cliente e outros b\u00f4nus.\" \/>\n<meta property=\"og:url\" content=\"https:\/\/elfsight.com\/pt\/tripadvisor-reviews-widget\/webflow\/\" \/>\n<meta property=\"og:site_name\" content=\"Elfsight PT\" \/>\n<meta property=\"article:modified_time\" content=\"2024-11-13T12:06:39+00:00\" \/>\n<meta name=\"twitter:card\" content=\"summary_large_image\" \/>\n<meta name=\"twitter:label1\" content=\"Tempo estimado de leitura\" \/>\n\t<meta name=\"twitter:data1\" content=\"3 minutos\" \/>\n<!-- \/ Yoast SEO plugin. -->","yoast_head_json":{"title":"Incorpore o widget Avalia\u00e7\u00f5es do Tripadvisor em seu site Webflow (em 2 minutos)","description":"Com a Elfsight, crie o seu widget de Avalia\u00e7\u00f5es do Tripadvisor e publique-o rapidamente na p\u00e1gina Webflow. Oferecemos suporte gratuito ao cliente e outros b\u00f4nus.","robots":{"index":"index","follow":"follow","max-snippet":"max-snippet:-1","max-image-preview":"max-image-preview:large","max-video-preview":"max-video-preview:-1"},"canonical":"https:\/\/elfsight.com\/pt\/tripadvisor-reviews-widget\/webflow\/","og_locale":"pt_PT","og_type":"article","og_title":"Incorpore o widget Avalia\u00e7\u00f5es do Tripadvisor em seu site Webflow (em 2 minutos)","og_description":"Com a Elfsight, crie o seu widget de Avalia\u00e7\u00f5es do Tripadvisor e publique-o rapidamente na p\u00e1gina Webflow. Oferecemos suporte gratuito ao cliente e outros b\u00f4nus.","og_url":"https:\/\/elfsight.com\/pt\/tripadvisor-reviews-widget\/webflow\/","og_site_name":"Elfsight PT","article_modified_time":"2024-11-13T12:06:39+00:00","twitter_card":"summary_large_image","twitter_misc":{"Tempo estimado de leitura":"3 minutos"},"schema":{"@context":"https:\/\/schema.org","@graph":[{"@type":"WebPage","@id":"https:\/\/elfsight.com\/pt\/tripadvisor-reviews-widget\/webflow\/","url":"https:\/\/elfsight.com\/pt\/tripadvisor-reviews-widget\/webflow\/","name":"Incorpore o widget Avalia\u00e7\u00f5es do Tripadvisor em seu site Webflow (em 2 minutos)","isPartOf":{"@id":"https:\/\/elfsight.com\/pt\/#website"},"datePublished":"1970-01-01T00:00:00+00:00","dateModified":"2024-11-13T12:06:39+00:00","description":"Com a Elfsight, crie o seu widget de Avalia\u00e7\u00f5es do Tripadvisor e publique-o rapidamente na p\u00e1gina Webflow. Oferecemos suporte gratuito ao cliente e outros b\u00f4nus.","breadcrumb":{"@id":"https:\/\/elfsight.com\/pt\/tripadvisor-reviews-widget\/webflow\/#breadcrumb"},"inLanguage":"pt-PT","potentialAction":[{"@type":"ReadAction","target":["https:\/\/elfsight.com\/pt\/tripadvisor-reviews-widget\/webflow\/"]}]},{"@type":"BreadcrumbList","@id":"https:\/\/elfsight.com\/pt\/tripadvisor-reviews-widget\/webflow\/#breadcrumb","itemListElement":[{"@type":"ListItem","position":1,"name":"Home","item":"https:\/\/elfsight.com\/pt\/"},{"@type":"ListItem","position":2,"name":"Tripadvisor Reviews","item":"https:\/\/elfsight.com\/pt\/tripadvisor-reviews-widget\/"},{"@type":"ListItem","position":3,"name":"Tripadvisor Reviews &#8211; Webflow"}]},{"@type":"WebSite","@id":"https:\/\/elfsight.com\/pt\/#website","url":"https:\/\/elfsight.com\/pt\/","name":"Elfsight PT","description":"Just another Elfsight Sites site","potentialAction":[{"@type":"SearchAction","target":{"@type":"EntryPoint","urlTemplate":"https:\/\/elfsight.com\/pt\/?s={search_term_string}"},"query-input":{"@type":"PropertyValueSpecification","valueRequired":true,"valueName":"search_term_string"}}],"inLanguage":"pt-PT"}]}},"meta_box":{"industry":"","seo_heading":"","heading":"","description":"","cta_heading":"","cta_description":"","application":"910","h1":"Widget de avalia\u00e7\u00f5es do Webflow no Tripadvisor","h1_caption":"Integre as avalia\u00e7\u00f5es dos seus clientes do Tripadvisor no seu site","application_category":[],"applications_title":"","applications_request_title":"","applications_request_button_text":"","hero_text":"","hero_video":"","hero_video_schema_markup":"","selling_points_title":"","selling_points_caption":"","selling_points":[],"selling_points_cta_text":"","features_title":"","features":"","ed_cta_examples_text":"","ed_cta_examples_hidden":"","ed_cta_demo_text":"","ed_cta_demo_hidden":"","why_caption":"","why_editor_title":"","why_editor_text":"","why_team_title":"","why_team_text":"","why_service_title":"","why_service_text":"","template_catalog_visible":"","template_catalog_title":"","template_catalog_text":"","template_catalog_categories_visible":"","demo_title":"Crie seu widget de Avalia\u00e7\u00f5es do Tripadvisor","demo_caption":"Configure suas avalia\u00e7\u00f5es do Tripadvisor e adicione-as ao seu site Webflow gratuitamente!","default_faq_hidden":"","app_template_category":[],"platform":"70","template_public_id":"","codecanyon_url":"","codecanyon_item_id":"","codecanyon_price":"","pricing_caption":"","pricing_elfsight_apps_hide_column":"","pricing_elfsight_apps_url":"","pricing_codecanyon_price_caption":"","integration_category":[],"integration_request_title":"","integration_request_cta":"","integration_platform":"","integrations":[],"platform_category":[],"video_schema_markup":"","price":"a partir de US$ 0\/m\u00eas","trial":"","benefits":[{"text":"Ajuda de instala\u00e7\u00e3o gratuita"},{"text":"Suporte premium"},{"text":"Garantia de devolu\u00e7\u00e3o do dinheiro em 14 dias"},{"text":"Melhorias gratuitas cont\u00ednuas"}],"button_url":"#demo","button_target_blank":"","button_nofollow":"","attributes":[{"name":"Instala\u00e7\u00f5es","content":"10,000 - 100,000"},{"name":"Responsivo","content":"Sim"},{"name":"Navegadores compat\u00edveis","content":"Safari, Opera, Chrome, Firefox, Edge"}],"tags":[],"tags_disable_links":"","hide_more_platforms":"","video_object":"","demo_hide_cta":"","demo_hide_cloud_options":"","pricing_title":"","pricing":[{"pricing_icon":"platform","pricing_title":"Elfsight Apps","pricing_title_caption":"Vers\u00e3o multiplataforma que funciona em qualquer site","pricing_price":"a partir de US$ 0\/m\u00eas","pricing_price_caption":"comece com plano gratuito","pricing_benefits":[{"text":"N\u00famero ilimitado de dom\u00ednios"},{"text":"Suporte profissional ao cliente"},{"text":"Suporte profissional ao cliente"},{"text":"Oferta especial para v\u00e1rios aplicativos"}],"pricing_button_text":"Adicionar ao site","pricing_button_url":"#demo"}],"related_apps_title":"","related_apps_hidden":"","author":"","image":[],"title":"","job":"","social_networks":[]},"_links":{"self":[{"href":"https:\/\/elfsight.com\/pt\/wp-json\/wp\/v2\/pages\/8447","targetHints":{"allow":["GET"]}}],"collection":[{"href":"https:\/\/elfsight.com\/pt\/wp-json\/wp\/v2\/pages"}],"about":[{"href":"https:\/\/elfsight.com\/pt\/wp-json\/wp\/v2\/types\/page"}],"author":[{"embeddable":true,"href":"https:\/\/elfsight.com\/pt\/wp-json\/wp\/v2\/users\/9"}],"replies":[{"embeddable":true,"href":"https:\/\/elfsight.com\/pt\/wp-json\/wp\/v2\/comments?post=8447"}],"version-history":[{"count":2,"href":"https:\/\/elfsight.com\/pt\/wp-json\/wp\/v2\/pages\/8447\/revisions"}],"predecessor-version":[{"id":12331,"href":"https:\/\/elfsight.com\/pt\/wp-json\/wp\/v2\/pages\/8447\/revisions\/12331"}],"up":[{"embeddable":true,"href":"https:\/\/elfsight.com\/pt\/wp-json\/wp\/v2\/pages\/911"}],"wp:attachment":[{"href":"https:\/\/elfsight.com\/pt\/wp-json\/wp\/v2\/media?parent=8447"}],"curies":[{"name":"wp","href":"https:\/\/api.w.org\/{rel}","templated":true}]}}