{"id":8442,"date":"1970-01-01T00:00:00","date_gmt":"1970-01-01T00:00:00","guid":{"rendered":"https:\/\/elfsight.com\/pt\/?page_id=8442"},"modified":"2024-11-13T12:06:39","modified_gmt":"2024-11-13T12:06:39","slug":"webnode","status":"publish","type":"page","link":"https:\/\/elfsight.com\/pt\/tripadvisor-reviews-widget\/webnode\/","title":{"rendered":"Tripadvisor Reviews &#8211; Webnode"},"content":{"rendered":"<div class=\"application-platform-content-item-description application-platform-content-item\" id=\"description\" data-nav-section=\"description\"> <h2>Descri\u00e7\u00e3o<\/h2> <p>Se voc\u00ea quiser provar o seu apre\u00e7o pelos clientes e convencer os visitantes do site de que vale a pena comprar suas ofertas, O widget Avalia\u00e7\u00f5es do Tripadvisor da Elfsight combina perfeitamente com voc\u00ea. Com nossa ferramenta, voc\u00ea pode demonstrar as avalia\u00e7\u00f5es dos usu\u00e1rios do Tripadvisor em seu site com detalhes sobre seus autores, classific\u00e1-las para revelar apenas as melhores, mostrar avalia\u00e7\u00f5es e um bot\u00e3o de solicita\u00e7\u00e3o de avalia\u00e7\u00e3o que levar\u00e1 as pessoas \u00e0 sua p\u00e1gina do Tripadvisor, onde poder\u00e3o adicionar sua revis\u00e3o. <\/p><div class=\"faq\" data-component=\"FAQ\"> <div class=\"faq-item\">\r\n\t\t\t\t\t<div class=\"faq-item-question\">\r\n\t\t\t\t\t\t<h3 class=\"faq-item-question-text\">Onde posso public\u00e1-lo no meu site<\/h3>\r\n\r\n\t\t\t\t\t\t<div class=\"faq-item-question-icon\"><\/div>\r\n\t\t\t\t\t<\/div>\r\n\r\n\t\t\t\t\t<div class=\"faq-item-answer\">\r\n\t\t\t\t\t\t<div class=\"faq-item-answer-text\"> <p>Voc\u00ea pode colar o widget de revis\u00e3o em qualquer p\u00e1gina do site ou col\u00e1-lo no modelo do site, para que fique revelado em todas as p\u00e1ginas. As avalia\u00e7\u00f5es podem funcionar bem nas p\u00e1ginas de produtos ou na p\u00e1gina Sobre n\u00f3s, onde voc\u00ea gostaria de exibir sua alta classifica\u00e7\u00e3o. <\/p><\/div>\r\n\t\t\t\t\t<\/div>\r\n\t\t\t\t<\/div> <div class=\"faq-item\">\r\n\t\t\t\t\t<div class=\"faq-item-question\">\r\n\t\t\t\t\t\t<h3 class=\"faq-item-question-text\">Quais s\u00e3o os benef\u00edcios de ter isso para mim? <\/h3>\r\n\r\n\t\t\t\t\t\t<div class=\"faq-item-question-icon\"><\/div>\r\n\t\t\t\t\t<\/div>\r\n\r\n\t\t\t\t\t<div class=\"faq-item-answer\">\r\n\t\t\t\t\t\t<div class=\"faq-item-answer-text\"> <p>Avalia\u00e7\u00f5es compartilhadas por pessoas reais s\u00e3o perfeitamente confi\u00e1veis \u200b\u200bpara os visitantes do seu site e provam que sua empresa \u00e9 confi\u00e1vel. Avalia\u00e7\u00f5es altas e avalia\u00e7\u00f5es excelentes podem ajudar a fortalecer as compras em seu site. Al\u00e9m disso, o bot\u00e3o de redirecionamento pode contribuir para mais avalia\u00e7\u00f5es de clientes sobre suas ofertas ou servi\u00e7os no Tripadvisor. <\/p> <\/div>\r\n\t\t\t\t\t<\/div>\r\n\t\t\t\t<\/div> <div class=\"faq-item\">\r\n\t\t\t\t\t<div class=\"faq-item-question\">\r\n\t\t\t\t\t\t<h3 class=\"faq-item-question-text\">O que preciso para incorporar o widget Avalia\u00e7\u00f5es em meu site? <\/h3>\r\n\r\n\t\t\t\t\t\t<div class=\"faq-item-question-icon\"><\/div>\r\n\t\t\t\t\t<\/div>\r\n\r\n\t\t\t\t\t<div class=\"faq-item-answer\">\r\n\t\t\t\t\t\t<div class=\"faq-item-answer-text\"> <p>Leva apenas um minuto para ativar. A integra\u00e7\u00e3o \u00e9 extremamente r\u00e1pida, gratuita e sem codifica\u00e7\u00e3o. <\/p> <p>Voc\u00ea pode integrar o widget em sua p\u00e1gina web atrav\u00e9s do nosso servi\u00e7o. Basta seguir nossas breves instru\u00e7\u00f5es abaixo nesta p\u00e1gina. <\/p> <\/div>\r\n\t\t\t\t\t<\/div>\r\n\t\t\t\t<\/div> <\/div> <\/div> <div class=\"application-platform-content-item-features application-platform-content-item\" id=\"features\" data-nav-section=\"features\"> <h2>Recursos<\/h2> <p>Para revelar mais informa\u00e7\u00f5es sobre a funcionalidade do widget Avalia\u00e7\u00f5es, consulte a lista dos principais tra\u00e7os. Eles tornam nosso widget realmente eficiente para sua promo\u00e7\u00e3o: <\/p> <ul> <li>3 op\u00e7\u00f5es de filtros: por tipo, excluir por e quantidade de avalia\u00e7\u00f5es para exibi\u00e7\u00e3o; <\/li> <li>4 layouts prontos para uso: Lista, Grade, Alvenaria e Slider; <\/li> <li> Cabe\u00e7alho altern\u00e1vel do widget; <\/li> <li>O bot\u00e3o ativo para compartilhar uma nova avalia\u00e7\u00e3o leva os clientes \u00e0 p\u00e1gina do Tripadvisor; <\/li> <li>6 elementos ajust\u00e1veis \u200b\u200bdo widget: nome do autor e foto, texto de recomenda\u00e7\u00e3o, data, \u00edcone do Tripadvisor e classifica\u00e7\u00e3o por estrelas; <\/li> <li>Duas variantes de cen\u00e1rios ap\u00f3s rejei\u00e7\u00e3o da solicita\u00e7\u00e3o de revis\u00e3o: mostrar sua mensagem ou remover o bot\u00e3o. <\/li> <\/ul><p><a href=\"#demo\">Saiba mais recursos na demonstra\u00e7\u00e3o<\/a><\/p> <\/div> <div class=\"application-platform-content-item-installation application-platform-content-item\" id=\"installation\" data-nav-section=\"installation\"> <h2>Descubra como apresentar as avalia\u00e7\u00f5es do Tripadvisor na sua p\u00e1gina Webnode. \u00c9 f\u00e1cil<\/h2> <p> Algumas a\u00e7\u00f5es simples s\u00e3o a \u00fanica coisa que voc\u00ea precisa fazer para adicionar o widget. <\/p> <ul><li><b>Crie seu plugin do Tripadvisor personalizado<\/b><br> Por meio de nossa demonstra\u00e7\u00e3o gratuita, crie um plugin com layout e caracter\u00edsticas funcionais espec\u00edficas. <\/li><li><b>Obtenha o c\u00f3digo individual para configurar o plugin<\/b><br> Depois de gerar o seu widget, voc\u00ea obter\u00e1 o c\u00f3digo de instala\u00e7\u00e3o na janela exibida nos aplicativos Elfsight. Copie esse c\u00f3digo. <\/li> <li><b>Incorpore o plugin em seu site<\/b><br> Selecione o local onde deseja integrar o plugin e cole o c\u00f3digo copiado l\u00e1. Publique os resultados. <\/li> <li><b>Conclu\u00eddo! <\/b><br> Entre na loja para ver seus coment\u00e1rios. <\/li> <\/ul><p>Ainda n\u00e3o consegue decidir? Ou tendo problemas? Apenas uma \u00fanica solicita\u00e7\u00e3o ao nosso departamento de suporte ao cliente ajudar\u00e1 em qualquer assunto. <\/p> <\/div>","protected":false},"excerpt":{"rendered":"","protected":false},"author":9,"featured_media":0,"parent":911,"menu_order":0,"comment_status":"closed","ping_status":"closed","template":"templates\/template-application-platform.php","meta":{"publish_to_discourse":"","publish_post_category":"","wpdc_auto_publish_overridden":"","wpdc_topic_tags":"","wpdc_pin_topic":"","wpdc_pin_until":"","discourse_post_id":"","discourse_permalink":"","wpdc_publishing_response":"","wpdc_publishing_error":"","footnotes":""},"class_list":["post-8442","page","type-page","status-publish","hentry"],"yoast_head":"<!-- This site is optimized with the Yoast SEO plugin v25.3.1 - https:\/\/yoast.com\/wordpress\/plugins\/seo\/ -->\n<title>Incorporar widget de Avalia\u00e7\u00f5es do Tripadvisor em seu site Webnode (2026)<\/title>\n<meta name=\"description\" content=\"N\u00e3o \u00e9 dif\u00edcil criar seu widget de Avalia\u00e7\u00f5es do Tripadvisor e exibi-lo na p\u00e1gina da Webnode. O atendimento ao cliente da Elfsight \u00e9 gratuito.\" \/>\n<meta name=\"robots\" content=\"index, follow, max-snippet:-1, max-image-preview:large, max-video-preview:-1\" \/>\n<link rel=\"canonical\" href=\"https:\/\/elfsight.com\/pt\/tripadvisor-reviews-widget\/webnode\/\" \/>\n<meta property=\"og:locale\" content=\"pt_PT\" \/>\n<meta property=\"og:type\" content=\"article\" \/>\n<meta property=\"og:title\" content=\"Incorporar widget de Avalia\u00e7\u00f5es do Tripadvisor em seu site Webnode (2026)\" \/>\n<meta property=\"og:description\" content=\"N\u00e3o \u00e9 dif\u00edcil criar seu widget de Avalia\u00e7\u00f5es do Tripadvisor e exibi-lo na p\u00e1gina da Webnode. O atendimento ao cliente da Elfsight \u00e9 gratuito.\" \/>\n<meta property=\"og:url\" content=\"https:\/\/elfsight.com\/pt\/tripadvisor-reviews-widget\/webnode\/\" \/>\n<meta property=\"og:site_name\" content=\"Elfsight PT\" \/>\n<meta property=\"article:modified_time\" content=\"2024-11-13T12:06:39+00:00\" \/>\n<meta name=\"twitter:card\" content=\"summary_large_image\" \/>\n<meta name=\"twitter:label1\" content=\"Tempo estimado de leitura\" \/>\n\t<meta name=\"twitter:data1\" content=\"3 minutos\" \/>\n<!-- \/ Yoast SEO plugin. -->","yoast_head_json":{"title":"Incorporar widget de Avalia\u00e7\u00f5es do Tripadvisor em seu site Webnode (2026)","description":"N\u00e3o \u00e9 dif\u00edcil criar seu widget de Avalia\u00e7\u00f5es do Tripadvisor e exibi-lo na p\u00e1gina da Webnode. O atendimento ao cliente da Elfsight \u00e9 gratuito.","robots":{"index":"index","follow":"follow","max-snippet":"max-snippet:-1","max-image-preview":"max-image-preview:large","max-video-preview":"max-video-preview:-1"},"canonical":"https:\/\/elfsight.com\/pt\/tripadvisor-reviews-widget\/webnode\/","og_locale":"pt_PT","og_type":"article","og_title":"Incorporar widget de Avalia\u00e7\u00f5es do Tripadvisor em seu site Webnode (2026)","og_description":"N\u00e3o \u00e9 dif\u00edcil criar seu widget de Avalia\u00e7\u00f5es do Tripadvisor e exibi-lo na p\u00e1gina da Webnode. O atendimento ao cliente da Elfsight \u00e9 gratuito.","og_url":"https:\/\/elfsight.com\/pt\/tripadvisor-reviews-widget\/webnode\/","og_site_name":"Elfsight PT","article_modified_time":"2024-11-13T12:06:39+00:00","twitter_card":"summary_large_image","twitter_misc":{"Tempo estimado de leitura":"3 minutos"},"schema":{"@context":"https:\/\/schema.org","@graph":[{"@type":"WebPage","@id":"https:\/\/elfsight.com\/pt\/tripadvisor-reviews-widget\/webnode\/","url":"https:\/\/elfsight.com\/pt\/tripadvisor-reviews-widget\/webnode\/","name":"Incorporar widget de Avalia\u00e7\u00f5es do Tripadvisor em seu site Webnode (2026)","isPartOf":{"@id":"https:\/\/elfsight.com\/pt\/#website"},"datePublished":"1970-01-01T00:00:00+00:00","dateModified":"2024-11-13T12:06:39+00:00","description":"N\u00e3o \u00e9 dif\u00edcil criar seu widget de Avalia\u00e7\u00f5es do Tripadvisor e exibi-lo na p\u00e1gina da Webnode. O atendimento ao cliente da Elfsight \u00e9 gratuito.","breadcrumb":{"@id":"https:\/\/elfsight.com\/pt\/tripadvisor-reviews-widget\/webnode\/#breadcrumb"},"inLanguage":"pt-PT","potentialAction":[{"@type":"ReadAction","target":["https:\/\/elfsight.com\/pt\/tripadvisor-reviews-widget\/webnode\/"]}]},{"@type":"BreadcrumbList","@id":"https:\/\/elfsight.com\/pt\/tripadvisor-reviews-widget\/webnode\/#breadcrumb","itemListElement":[{"@type":"ListItem","position":1,"name":"Home","item":"https:\/\/elfsight.com\/pt\/"},{"@type":"ListItem","position":2,"name":"Tripadvisor Reviews","item":"https:\/\/elfsight.com\/pt\/tripadvisor-reviews-widget\/"},{"@type":"ListItem","position":3,"name":"Tripadvisor Reviews &#8211; Webnode"}]},{"@type":"WebSite","@id":"https:\/\/elfsight.com\/pt\/#website","url":"https:\/\/elfsight.com\/pt\/","name":"Elfsight PT","description":"Just another Elfsight Sites site","potentialAction":[{"@type":"SearchAction","target":{"@type":"EntryPoint","urlTemplate":"https:\/\/elfsight.com\/pt\/?s={search_term_string}"},"query-input":{"@type":"PropertyValueSpecification","valueRequired":true,"valueName":"search_term_string"}}],"inLanguage":"pt-PT"}]}},"meta_box":{"industry":"","seo_heading":"","heading":"","description":"","cta_heading":"","cta_description":"","application":"910","h1":"Widget de avalia\u00e7\u00f5es do Webnode Tripadvisor","h1_caption":"Exiba as melhores impress\u00f5es dos clientes do Tripadvisor em seu site","application_category":[],"applications_title":"","applications_request_title":"","applications_request_button_text":"","hero_text":"","hero_video":"","hero_video_schema_markup":"","selling_points_title":"","selling_points_caption":"","selling_points":[],"selling_points_cta_text":"","features_title":"","features":"","ed_cta_examples_text":"","ed_cta_examples_hidden":"","ed_cta_demo_text":"","ed_cta_demo_hidden":"","why_caption":"","why_editor_title":"","why_editor_text":"","why_team_title":"","why_team_text":"","why_service_title":"","why_service_text":"","template_catalog_visible":"","template_catalog_title":"","template_catalog_text":"","template_catalog_categories_visible":"","demo_title":"Crie seu widget de Avalia\u00e7\u00f5es do Tripadvisor","demo_caption":"Configure suas avalia\u00e7\u00f5es do Tripadvisor e adicione-as ao seu site Webnode gratuitamente!","default_faq_hidden":"","app_template_category":[],"platform":"4917","template_public_id":"","codecanyon_url":"","codecanyon_item_id":"","codecanyon_price":"","pricing_caption":"","pricing_elfsight_apps_hide_column":"","pricing_elfsight_apps_url":"","pricing_codecanyon_price_caption":"","integration_category":[],"integration_request_title":"","integration_request_cta":"","integration_platform":"","integrations":[],"platform_category":[],"video_schema_markup":"","price":"a partir de US$ 0\/m\u00eas","trial":"","benefits":[{"text":"Servi\u00e7o de instala\u00e7\u00e3o gratuito"},{"text":"Suporte ao cliente experiente"},{"text":"Garantia de reembolso de 14 dias"},{"text":"Melhorias futuras"}],"button_url":"#demo","button_target_blank":"","button_nofollow":"","attributes":[{"name":"Instala\u00e7\u00f5es","content":"10,000 - 100,000"},{"name":"Responsivo","content":"Sim"},{"name":"Navegadores compat\u00edveis","content":"Firefox, Safari, Opera, Chrome, Edge"}],"tags":[],"tags_disable_links":"","hide_more_platforms":"","video_object":"","demo_hide_cta":"","demo_hide_cloud_options":"","pricing_title":"","pricing":[{"pricing_icon":"platform","pricing_title":"Elfsight Apps","pricing_title_caption":"Solu\u00e7\u00e3o digital independente de plataforma","pricing_price":"a partir de US$ 0\/m\u00eas","pricing_price_caption":"comece com plano gratuito","pricing_benefits":[{"text":"Dom\u00ednios ilimitados"},{"text":"Suporte gratuito e pontual"},{"text":"Suporte gratuito e pontual"},{"text":"Pre\u00e7o especial para v\u00e1rios aplicativos"}],"pricing_button_text":"Adicionar ao site","pricing_button_url":"#demo"}],"related_apps_title":"","related_apps_hidden":"","author":"","image":[],"title":"","job":"","social_networks":[]},"_links":{"self":[{"href":"https:\/\/elfsight.com\/pt\/wp-json\/wp\/v2\/pages\/8442","targetHints":{"allow":["GET"]}}],"collection":[{"href":"https:\/\/elfsight.com\/pt\/wp-json\/wp\/v2\/pages"}],"about":[{"href":"https:\/\/elfsight.com\/pt\/wp-json\/wp\/v2\/types\/page"}],"author":[{"embeddable":true,"href":"https:\/\/elfsight.com\/pt\/wp-json\/wp\/v2\/users\/9"}],"replies":[{"embeddable":true,"href":"https:\/\/elfsight.com\/pt\/wp-json\/wp\/v2\/comments?post=8442"}],"version-history":[{"count":1,"href":"https:\/\/elfsight.com\/pt\/wp-json\/wp\/v2\/pages\/8442\/revisions"}],"predecessor-version":[{"id":8446,"href":"https:\/\/elfsight.com\/pt\/wp-json\/wp\/v2\/pages\/8442\/revisions\/8446"}],"up":[{"embeddable":true,"href":"https:\/\/elfsight.com\/pt\/wp-json\/wp\/v2\/pages\/911"}],"wp:attachment":[{"href":"https:\/\/elfsight.com\/pt\/wp-json\/wp\/v2\/media?parent=8442"}],"curies":[{"name":"wp","href":"https:\/\/api.w.org\/{rel}","templated":true}]}}