{"id":8440,"date":"1970-01-01T00:00:00","date_gmt":"1970-01-01T00:00:00","guid":{"rendered":"https:\/\/elfsight.com\/pt\/?page_id=8440"},"modified":"2024-11-13T12:06:31","modified_gmt":"2024-11-13T12:06:31","slug":"drupal","status":"publish","type":"page","link":"https:\/\/elfsight.com\/pt\/tripadvisor-reviews-widget\/drupal\/","title":{"rendered":"Tripadvisor Reviews &#8211; Drupal"},"content":{"rendered":"<div class=\"application-platform-content-item-description application-platform-content-item\" id=\"description\" data-nav-section=\"description\"> <h2>Descri\u00e7\u00e3o<\/h2> <p>Se voc\u00ea deseja provar sua alta avalia\u00e7\u00e3o pelos clientes e convencer os visitantes do site de que seus produtos ou servi\u00e7os valem a pena compra, o widget Elfsight Tripadvisor Reviews ser\u00e1 a solu\u00e7\u00e3o. Usando este widget, voc\u00ea incorporar\u00e1 rapidamente as avalia\u00e7\u00f5es dos usu\u00e1rios do Tripadvisor em seu site, poder\u00e1 usar filtros para demonstrar apenas as melhores avalia\u00e7\u00f5es, adicionar classifica\u00e7\u00f5es e um bot\u00e3o de redirecionamento, que levar\u00e1 os usu\u00e1rios \u00e0 sua conta do Tripadvisor, onde poder\u00e3o adicione mais uma avalia\u00e7\u00e3o. <\/p><div class=\"faq\" data-component=\"FAQ\"> <div class=\"faq-item\">\r\n\t\t\t\t\t<div class=\"faq-item-question\">\r\n\t\t\t\t\t\t<h3 class=\"faq-item-question-text\">Onde posso publicar o widget<\/h3>\r\n\r\n\t\t\t\t\t\t<div class=\"faq-item-question-icon\"><\/div>\r\n\t\t\t\t\t<\/div>\r\n\r\n\t\t\t\t\t<div class=\"faq-item-answer\">\r\n\t\t\t\t\t\t<div class=\"faq-item-answer-text\"> <p>Este widget pode ser colocado em qualquer p\u00e1gina onde voc\u00ea deseja demonstrar sua alta classifica\u00e7\u00e3o e popularidade entre os clientes. Se quiser revelar o widget em todas as p\u00e1ginas do seu site, voc\u00ea pode col\u00e1-lo facilmente no modelo do site. <\/p><\/div>\r\n\t\t\t\t\t<\/div>\r\n\t\t\t\t<\/div> <div class=\"faq-item\">\r\n\t\t\t\t\t<div class=\"faq-item-question\">\r\n\t\t\t\t\t\t<h3 class=\"faq-item-question-text\">Quais benef\u00edcios isso me traz? <\/h3>\r\n\r\n\t\t\t\t\t\t<div class=\"faq-item-question-icon\"><\/div>\r\n\t\t\t\t\t<\/div>\r\n\r\n\t\t\t\t\t<div class=\"faq-item-answer\">\r\n\t\t\t\t\t\t<div class=\"faq-item-answer-text\"> <p>Avalia\u00e7\u00f5es de pessoas reais parecem perfeitamente confi\u00e1veis \u200b\u200bpara os visitantes do seu site e mostram a eles que sua empresa \u00e9 confi\u00e1vel. Avalia\u00e7\u00f5es altas e boas cr\u00edticas podem ajudar a fortalecer as vendas em seu site. Mais do que isso, o bot\u00e3o ativo contribuir\u00e1 para ter mais avalia\u00e7\u00f5es de usu\u00e1rios relacionadas ao seu neg\u00f3cio no Tripadvisor. <\/p> <\/div>\r\n\t\t\t\t\t<\/div>\r\n\t\t\t\t<\/div> <div class=\"faq-item\">\r\n\t\t\t\t\t<div class=\"faq-item-question\">\r\n\t\t\t\t\t\t<h3 class=\"faq-item-question-text\">Como fa\u00e7o para incorporar coment\u00e1rios do widget do Tripadvisor ao meu site Drupal? <\/h3>\r\n\r\n\t\t\t\t\t\t<div class=\"faq-item-question-icon\"><\/div>\r\n\t\t\t\t\t<\/div>\r\n\r\n\t\t\t\t\t<div class=\"faq-item-answer\">\r\n\t\t\t\t\t\t<div class=\"faq-item-answer-text\"> <p>Voc\u00ea s\u00f3 precisa de um minuto do seu tempo para ter o widget instalado e funcionando. O processo de incorpora\u00e7\u00e3o \u00e9 muito r\u00e1pido, gratuito e sem codifica\u00e7\u00e3o. <\/p> <p>O widget Avalia\u00e7\u00f5es da Elfsight pode ser incorporado atrav\u00e9s do nosso servi\u00e7o ou atrav\u00e9s do mercado. Aqui voc\u00ea poder\u00e1 conhecer todos os detalhes sobre as duas variantes e escolher a sua. <\/p><\/div>\r\n\t\t\t\t\t<\/div>\r\n\t\t\t\t<\/div> <\/div> <\/div> <div class=\"application-platform-content-item-features application-platform-content-item\" id=\"features\" data-nav-section=\"features\"> <h2>Recursos<\/h2> <p>Para ter uma ideia clara do widget, consulte a lista de fun\u00e7\u00f5es mais importantes. Eles tornam este widget incrivelmente eficaz para sua promo\u00e7\u00e3o: <\/p> <ul> <li>3 filtros predefinidos: por tipo, exclus\u00e3o por e quantidade de avalia\u00e7\u00f5es para exibi\u00e7\u00e3o; <\/li> <li>Quatro layouts predefinidos: Lista, Grade, Alvenaria e Slider; <\/li> <li> Cabe\u00e7alho do widget totalmente flex\u00edvel; <\/li> <li>O bot\u00e3o de solicita\u00e7\u00e3o de avalia\u00e7\u00e3o leva as pessoas \u00e0 p\u00e1gina do Tripadvisor; <\/li> <li>Seis elementos ajust\u00e1veis \u200b\u200bdo widget: nome e foto do autor, texto de recomenda\u00e7\u00e3o, data de sa\u00edda, \u00edcone do Tripadvisor e classifica\u00e7\u00e3o por estrelas; <\/li> <li>Duas variantes de cen\u00e1rios ap\u00f3s recusa do pedido de revis\u00e3o: mostrar sua mensagem ou ocultar o bot\u00e3o. <\/li> <\/ul><p><a href=\"#demo\">Para explorar mais recursos, veja nossa demonstra\u00e7\u00e3o<\/a><\/p> <\/div> <div class=\"application-platform-content-item-installation application-platform-content-item\" id=\"installation\" data-nav-section=\"installation\"> <h2>Veja como adicionar avalia\u00e7\u00f5es do Tripadvisor \u00e0 sua p\u00e1gina do Drupal<\/h2> <p>Basta seguir as etapas descritas abaixo para adicionar o m\u00f3dulo no Drupal.<\/p> <ol><li><b>Abra nossa demonstra\u00e7\u00e3o gratuita e comece a criar seu m\u00f3dulo de Avalia\u00e7\u00f5es personalizadas para o Tripadvisor. <\/b><br> Encontre a interface e as op\u00e7\u00f5es preferidas da ferramenta e aplique as edi\u00e7\u00f5es. <\/li> <li><b>Receba o seu c\u00f3digo individual exposto na caixa das aplica\u00e7\u00f5es Elfsight. <\/b><br> Ap\u00f3s a cria\u00e7\u00e3o de sua ferramenta pessoal, copie o c\u00f3digo pessoal na janela que surgir e guarde-o para uso posterior. <\/li> <li><b>Comece a usar o plugin no site Drupal. <\/b><br> Insira o c\u00f3digo que voc\u00ea salvou recentemente em seu site e salve os ajustes. <\/li> <li><b>Pronto! A configura\u00e7\u00e3o foi finalizada com sucesso. <\/b><br> Acesse sua p\u00e1gina para inspecionar como a ferramenta est\u00e1 funcionando. <\/li><\/ol><p>Ainda tem algo que o deixa inseguro? Ou tem d\u00favidas? Basta enviar uma solicita\u00e7\u00e3o \u00e0 nossa equipe de suporte e resolveremos qualquer problema. <\/p> <\/div>","protected":false},"excerpt":{"rendered":"","protected":false},"author":9,"featured_media":0,"parent":911,"menu_order":0,"comment_status":"closed","ping_status":"closed","template":"templates\/template-application-platform.php","meta":{"publish_to_discourse":"","publish_post_category":"","wpdc_auto_publish_overridden":"","wpdc_topic_tags":"","wpdc_pin_topic":"","wpdc_pin_until":"","discourse_post_id":"","discourse_permalink":"","wpdc_publishing_response":"","wpdc_publishing_error":"","footnotes":""},"class_list":["post-8440","page","type-page","status-publish","hentry"],"yoast_head":"<!-- This site is optimized with the Yoast SEO plugin v25.3.1 - https:\/\/yoast.com\/wordpress\/plugins\/seo\/ -->\n<title>Incorpore o m\u00f3dulo de Avalia\u00e7\u00f5es do Tripadvisor em seu site Drupal (em 2 minutos)<\/title>\n<meta name=\"description\" content=\"\u00c9 f\u00e1cil moldar seu m\u00f3dulo de Avalia\u00e7\u00f5es do Tripadvisor e exibi-lo em seu site Drupal. O atendimento ao cliente da Elfsight \u00e9 gratuito.\" \/>\n<meta name=\"robots\" content=\"index, follow, max-snippet:-1, max-image-preview:large, max-video-preview:-1\" \/>\n<link rel=\"canonical\" href=\"https:\/\/elfsight.com\/pt\/tripadvisor-reviews-widget\/drupal\/\" \/>\n<meta property=\"og:locale\" content=\"pt_PT\" \/>\n<meta property=\"og:type\" content=\"article\" \/>\n<meta property=\"og:title\" content=\"Incorpore o m\u00f3dulo de Avalia\u00e7\u00f5es do Tripadvisor em seu site Drupal (em 2 minutos)\" \/>\n<meta property=\"og:description\" content=\"\u00c9 f\u00e1cil moldar seu m\u00f3dulo de Avalia\u00e7\u00f5es do Tripadvisor e exibi-lo em seu site Drupal. O atendimento ao cliente da Elfsight \u00e9 gratuito.\" \/>\n<meta property=\"og:url\" content=\"https:\/\/elfsight.com\/pt\/tripadvisor-reviews-widget\/drupal\/\" \/>\n<meta property=\"og:site_name\" content=\"Elfsight PT\" \/>\n<meta property=\"article:modified_time\" content=\"2024-11-13T12:06:31+00:00\" \/>\n<meta name=\"twitter:card\" content=\"summary_large_image\" \/>\n<meta name=\"twitter:label1\" content=\"Tempo estimado de leitura\" \/>\n\t<meta name=\"twitter:data1\" content=\"3 minutos\" \/>\n<!-- \/ Yoast SEO plugin. -->","yoast_head_json":{"title":"Incorpore o m\u00f3dulo de Avalia\u00e7\u00f5es do Tripadvisor em seu site Drupal (em 2 minutos)","description":"\u00c9 f\u00e1cil moldar seu m\u00f3dulo de Avalia\u00e7\u00f5es do Tripadvisor e exibi-lo em seu site Drupal. O atendimento ao cliente da Elfsight \u00e9 gratuito.","robots":{"index":"index","follow":"follow","max-snippet":"max-snippet:-1","max-image-preview":"max-image-preview:large","max-video-preview":"max-video-preview:-1"},"canonical":"https:\/\/elfsight.com\/pt\/tripadvisor-reviews-widget\/drupal\/","og_locale":"pt_PT","og_type":"article","og_title":"Incorpore o m\u00f3dulo de Avalia\u00e7\u00f5es do Tripadvisor em seu site Drupal (em 2 minutos)","og_description":"\u00c9 f\u00e1cil moldar seu m\u00f3dulo de Avalia\u00e7\u00f5es do Tripadvisor e exibi-lo em seu site Drupal. O atendimento ao cliente da Elfsight \u00e9 gratuito.","og_url":"https:\/\/elfsight.com\/pt\/tripadvisor-reviews-widget\/drupal\/","og_site_name":"Elfsight PT","article_modified_time":"2024-11-13T12:06:31+00:00","twitter_card":"summary_large_image","twitter_misc":{"Tempo estimado de leitura":"3 minutos"},"schema":{"@context":"https:\/\/schema.org","@graph":[{"@type":"WebPage","@id":"https:\/\/elfsight.com\/pt\/tripadvisor-reviews-widget\/drupal\/","url":"https:\/\/elfsight.com\/pt\/tripadvisor-reviews-widget\/drupal\/","name":"Incorpore o m\u00f3dulo de Avalia\u00e7\u00f5es do Tripadvisor em seu site Drupal (em 2 minutos)","isPartOf":{"@id":"https:\/\/elfsight.com\/pt\/#website"},"datePublished":"1970-01-01T00:00:00+00:00","dateModified":"2024-11-13T12:06:31+00:00","description":"\u00c9 f\u00e1cil moldar seu m\u00f3dulo de Avalia\u00e7\u00f5es do Tripadvisor e exibi-lo em seu site Drupal. O atendimento ao cliente da Elfsight \u00e9 gratuito.","breadcrumb":{"@id":"https:\/\/elfsight.com\/pt\/tripadvisor-reviews-widget\/drupal\/#breadcrumb"},"inLanguage":"pt-PT","potentialAction":[{"@type":"ReadAction","target":["https:\/\/elfsight.com\/pt\/tripadvisor-reviews-widget\/drupal\/"]}]},{"@type":"BreadcrumbList","@id":"https:\/\/elfsight.com\/pt\/tripadvisor-reviews-widget\/drupal\/#breadcrumb","itemListElement":[{"@type":"ListItem","position":1,"name":"Home","item":"https:\/\/elfsight.com\/pt\/"},{"@type":"ListItem","position":2,"name":"Tripadvisor Reviews","item":"https:\/\/elfsight.com\/pt\/tripadvisor-reviews-widget\/"},{"@type":"ListItem","position":3,"name":"Tripadvisor Reviews &#8211; Drupal"}]},{"@type":"WebSite","@id":"https:\/\/elfsight.com\/pt\/#website","url":"https:\/\/elfsight.com\/pt\/","name":"Elfsight PT","description":"Just another Elfsight Sites site","potentialAction":[{"@type":"SearchAction","target":{"@type":"EntryPoint","urlTemplate":"https:\/\/elfsight.com\/pt\/?s={search_term_string}"},"query-input":{"@type":"PropertyValueSpecification","valueRequired":true,"valueName":"search_term_string"}}],"inLanguage":"pt-PT"}]}},"meta_box":{"industry":"","seo_heading":"","heading":"","description":"","cta_heading":"","cta_description":"","application":"910","h1":"M\u00f3dulo de avalia\u00e7\u00f5es do Drupal Tripadvisor","h1_caption":"Mostre as impress\u00f5es dos seus clientes no Tripadvisor em seu site","application_category":[],"applications_title":"","applications_request_title":"","applications_request_button_text":"","hero_text":"","hero_video":"","hero_video_schema_markup":"","selling_points_title":"","selling_points_caption":"","selling_points":[],"selling_points_cta_text":"","features_title":"","features":"","ed_cta_examples_text":"","ed_cta_examples_hidden":"","ed_cta_demo_text":"","ed_cta_demo_hidden":"","why_caption":"","why_editor_title":"","why_editor_text":"","why_team_title":"","why_team_text":"","why_service_title":"","why_service_text":"","template_catalog_visible":"","template_catalog_title":"","template_catalog_text":"","template_catalog_categories_visible":"","demo_title":"Crie seu m\u00f3dulo de avalia\u00e7\u00f5es do Tripadvisor","demo_caption":"Configure suas avalia\u00e7\u00f5es do Tripadvisor e adicione-as ao seu site Drupal gratuitamente!","default_faq_hidden":"","app_template_category":[],"platform":"4905","template_public_id":"","codecanyon_url":"","codecanyon_item_id":"","codecanyon_price":"","pricing_caption":"","pricing_elfsight_apps_hide_column":"","pricing_elfsight_apps_url":"","pricing_codecanyon_price_caption":"","integration_category":[],"integration_request_title":"","integration_request_cta":"","integration_platform":"","integrations":[],"platform_category":[],"video_schema_markup":"","price":"a partir de US$ 0\/m\u00eas","trial":"","benefits":[{"text":"Ajuda de instala\u00e7\u00e3o gratuita"},{"text":"Suporte ao cliente experiente"},{"text":"Garantia de reembolso de 14 dias"},{"text":"Atualiza\u00e7\u00f5es gratuitas cont\u00ednuas"}],"button_url":"#demo","button_target_blank":"","button_nofollow":"","attributes":[{"name":"Instala\u00e7\u00f5es","content":"10,000 - 100,000"},{"name":"Responsivo","content":"Sim"},{"name":"Navegadores compat\u00edveis","content":"Firefox, Safari, Opera, Chrome, Edge"}],"tags":[],"tags_disable_links":"","hide_more_platforms":"","video_object":"","demo_hide_cta":"","demo_hide_cloud_options":"","pricing_title":"","pricing":[{"pricing_icon":"platform","pricing_title":"Elfsight Apps","pricing_title_caption":"Solu\u00e7\u00e3o digital independente de plataforma","pricing_price":"a partir de US$ 0\/m\u00eas","pricing_price_caption":"comece com plano gratuito","pricing_benefits":[{"text":"Sites ilimitados"},{"text":"Suporte dedicado"},{"text":"Suporte dedicado"},{"text":"Oferta por tempo limitado para v\u00e1rios aplicativos"}],"pricing_button_text":"Adicionar ao site","pricing_button_url":"#demo"}],"related_apps_title":"","related_apps_hidden":"","author":"","image":[],"title":"","job":"","social_networks":[]},"_links":{"self":[{"href":"https:\/\/elfsight.com\/pt\/wp-json\/wp\/v2\/pages\/8440","targetHints":{"allow":["GET"]}}],"collection":[{"href":"https:\/\/elfsight.com\/pt\/wp-json\/wp\/v2\/pages"}],"about":[{"href":"https:\/\/elfsight.com\/pt\/wp-json\/wp\/v2\/types\/page"}],"author":[{"embeddable":true,"href":"https:\/\/elfsight.com\/pt\/wp-json\/wp\/v2\/users\/9"}],"replies":[{"embeddable":true,"href":"https:\/\/elfsight.com\/pt\/wp-json\/wp\/v2\/comments?post=8440"}],"version-history":[{"count":1,"href":"https:\/\/elfsight.com\/pt\/wp-json\/wp\/v2\/pages\/8440\/revisions"}],"predecessor-version":[{"id":8444,"href":"https:\/\/elfsight.com\/pt\/wp-json\/wp\/v2\/pages\/8440\/revisions\/8444"}],"up":[{"embeddable":true,"href":"https:\/\/elfsight.com\/pt\/wp-json\/wp\/v2\/pages\/911"}],"wp:attachment":[{"href":"https:\/\/elfsight.com\/pt\/wp-json\/wp\/v2\/media?parent=8440"}],"curies":[{"name":"wp","href":"https:\/\/api.w.org\/{rel}","templated":true}]}}