{"id":8433,"date":"1970-01-01T00:00:00","date_gmt":"1970-01-01T00:00:00","guid":{"rendered":"https:\/\/elfsight.com\/pt\/?page_id=8433"},"modified":"2024-11-13T12:06:31","modified_gmt":"2024-11-13T12:06:31","slug":"magento","status":"publish","type":"page","link":"https:\/\/elfsight.com\/pt\/tripadvisor-reviews-widget\/magento\/","title":{"rendered":"Tripadvisor Reviews &#8211; Magento"},"content":{"rendered":"<div class=\"application-platform-content-item-description application-platform-content-item\" id=\"description\" data-nav-section=\"description\"> <h2>Descri\u00e7\u00e3o<\/h2> <p>Se voc\u00ea deseja exibir sua classifica\u00e7\u00e3o alta e convencer os visitantes do site de que suas ofertas t\u00eam uma boa rela\u00e7\u00e3o custo-benef\u00edcio, As Avalia\u00e7\u00f5es do Tripadvisor da Elfsight ser\u00e3o a escolha certa. Com nossa ferramenta, voc\u00ea incorporar\u00e1 rapidamente avalia\u00e7\u00f5es de clientes do Tripadvisor em seu site com detalhes sobre seus autores, usar\u00e1 filtros para ocultar avalia\u00e7\u00f5es negativas, mostrar\u00e1 avalia\u00e7\u00f5es e um bot\u00e3o de redirecionamento que levar\u00e1 os usu\u00e1rios \u00e0 sua conta do Tripadvisor, para que possam adicionar um novo an\u00e1lise. <\/p><div class=\"faq\" data-component=\"FAQ\"> <div class=\"faq-item\">\r\n\t\t\t\t\t<div class=\"faq-item-question\">\r\n\t\t\t\t\t\t<h3 class=\"faq-item-question-text\">Onde posso incorporar o widget<\/h3>\r\n\r\n\t\t\t\t\t\t<div class=\"faq-item-question-icon\"><\/div>\r\n\t\t\t\t\t<\/div>\r\n\r\n\t\t\t\t\t<div class=\"faq-item-answer\">\r\n\t\t\t\t\t\t<div class=\"faq-item-answer-text\"> <p>Voc\u00ea pode incorporar o widget em qualquer p\u00e1gina do seu site ou inseri-lo no modelo e ele ser\u00e1 exibido em todas as p\u00e1ginas. As avalia\u00e7\u00f5es far\u00e3o um bom trabalho nas p\u00e1ginas de produtos ou na p\u00e1gina Sobre n\u00f3s, onde voc\u00ea deseja mostrar sua classifica\u00e7\u00e3o alta. <\/p><\/div>\r\n\t\t\t\t\t<\/div>\r\n\t\t\t\t<\/div> <div class=\"faq-item\">\r\n\t\t\t\t\t<div class=\"faq-item-question\">\r\n\t\t\t\t\t\t<h3 class=\"faq-item-question-text\">Quais vantagens isso pode me oferecer? <\/h3>\r\n\r\n\t\t\t\t\t\t<div class=\"faq-item-question-icon\"><\/div>\r\n\t\t\t\t\t<\/div>\r\n\r\n\t\t\t\t\t<div class=\"faq-item-answer\">\r\n\t\t\t\t\t\t<div class=\"faq-item-answer-text\"> <p>Avalia\u00e7\u00f5es escritas por pessoas reais s\u00e3o perfeitamente confi\u00e1veis \u200b\u200bpara os usu\u00e1rios do seu site e demonstram que sua empresa \u00e9 confi\u00e1vel. Avalia\u00e7\u00f5es altas e avalia\u00e7\u00f5es excelentes podem ajudar a aumentar as compras em seu site. Mais do que isso, o bot\u00e3o de redirecionamento pode contribuir para aumentar a quantidade de avalia\u00e7\u00f5es no Tripadvisor relacionadas \u00e0s suas ofertas ou servi\u00e7os. <\/p> <\/div>\r\n\t\t\t\t\t<\/div>\r\n\t\t\t\t<\/div> <div class=\"faq-item\">\r\n\t\t\t\t\t<div class=\"faq-item-question\">\r\n\t\t\t\t\t\t<h3 class=\"faq-item-question-text\">Como posso instalar o widget Avalia\u00e7\u00f5es do Tripadvisor no meu site Magento? <\/h3>\r\n\r\n\t\t\t\t\t\t<div class=\"faq-item-question-icon\"><\/div>\r\n\t\t\t\t\t<\/div>\r\n\r\n\t\t\t\t\t<div class=\"faq-item-answer\">\r\n\t\t\t\t\t\t<div class=\"faq-item-answer-text\"> <p>Leva apenas alguns minutos para come\u00e7ar a usar o widget. A incorpora\u00e7\u00e3o \u00e9 extremamente r\u00e1pida, gratuita e n\u00e3o requer codifica\u00e7\u00e3o. <\/p> <p>O widget pode ser incorporado em nosso servi\u00e7o ou atrav\u00e9s do marketplace. Voc\u00ea pode comparar todos os detalhes de ambas as op\u00e7\u00f5es e selecionar a sua. <\/p><\/div>\r\n\t\t\t\t\t<\/div>\r\n\t\t\t\t<\/div> <\/div> <\/div> <div class=\"application-platform-content-item-features application-platform-content-item\" id=\"features\" data-nav-section=\"features\"> <h2>Recursos<\/h2> <p>Para formar uma percep\u00e7\u00e3o clara do widget Avalia\u00e7\u00f5es, voc\u00ea pode dar uma olhada em a lista dos recursos mais destacados. Eles tornam esse widget realmente eficiente para voc\u00ea: <\/p> <ul> <li>3 op\u00e7\u00f5es de filtros: por tipo, excluir por e quantidade de avalia\u00e7\u00f5es para exibi\u00e7\u00e3o; <\/li> <li>4 layouts prontos para uso: Lista, Grade, Alvenaria e Slider; <\/li> <li> Cabe\u00e7alho do widget totalmente flex\u00edvel; <\/li> <li>O bot\u00e3o de solicita\u00e7\u00e3o de avalia\u00e7\u00e3o leva os usu\u00e1rios \u00e0 sua p\u00e1gina do Tripadvisor; <\/li> <li>6 elementos personaliz\u00e1veis \u200b\u200bdas avalia\u00e7\u00f5es: nome do autor e foto, recomenda\u00e7\u00e3o, data da postagem, \u00edcone do Tripadvisor e classifica\u00e7\u00e3o por estrelas; <\/li> <li>Duas variantes de cen\u00e1rios de nega\u00e7\u00e3o de solicita\u00e7\u00e3o de revis\u00e3o: demonstrar uma mensagem de texto ou remover o bot\u00e3o. <\/li> <\/ul><p><a href=\"#demo\">Para descobrir mais recursos, veja nossa demonstra\u00e7\u00e3o<\/a><\/p> <\/div> <div class=\"application-platform-content-item-installation application-platform-content-item\" id=\"installation\" data-nav-section=\"installation\"> <h2>Vamos ver como adicionar as avalia\u00e7\u00f5es do Tripadvisor ao seu site Magento<\/h2> <p>Basta seguir algumas etapas descritas abaixo para ativar a ferramenta no Magento.<\/p> <ol><li><b>Realize nosso configurador gratuito e comece a formar sua extens\u00e3o personalizada. <\/b><br> Escolha a interface preferida e as caracter\u00edsticas da extens\u00e3o e salve as corre\u00e7\u00f5es. <\/li> <li><b>Obtenha o c\u00f3digo pessoal que aparece na janela dos aplicativos Elfsight. <\/b><br> Quando a configura\u00e7\u00e3o do seu widget pessoal de Avalia\u00e7\u00f5es do Tripadvisor estiver conclu\u00edda, copie o c\u00f3digo exclusivo na janela que aparece e guarde-o para futuras necessidades. <\/li> <li><b>Iniciar o uso do widget na p\u00e1gina inicial do Magento. <\/b><br> Integre o c\u00f3digo salvo recentemente em seu site e salve as corre\u00e7\u00f5es. <\/li> <li><b>A configura\u00e7\u00e3o foi conclu\u00edda com sucesso. <\/b><br> Acesse sua p\u00e1gina da web para analisar como a ferramenta est\u00e1 funcionando. <\/li><\/ol><p>Ainda n\u00e3o tem certeza? Ou tem d\u00favidas? Apenas uma \u00fanica solicita\u00e7\u00e3o ao nosso suporte ao cliente ajudar\u00e1 com qualquer d\u00favida. <\/p> <\/div>","protected":false},"excerpt":{"rendered":"","protected":false},"author":9,"featured_media":0,"parent":911,"menu_order":0,"comment_status":"closed","ping_status":"closed","template":"templates\/template-application-platform.php","meta":{"publish_to_discourse":"","publish_post_category":"","wpdc_auto_publish_overridden":"","wpdc_topic_tags":"","wpdc_pin_topic":"","wpdc_pin_until":"","discourse_post_id":"","discourse_permalink":"","wpdc_publishing_response":"","wpdc_publishing_error":"","footnotes":""},"class_list":["post-8433","page","type-page","status-publish","hentry"],"yoast_head":"<!-- This site is optimized with the Yoast SEO plugin v25.3.1 - https:\/\/yoast.com\/wordpress\/plugins\/seo\/ -->\n<title>Incorpore a extens\u00e3o Tripadvisor Reviews no site Magento (em 2 minutos)<\/title>\n<meta name=\"description\" content=\"Esta \u00e9 uma oportunidade de produzir a extens\u00e3o Tripadvisor Reviews e incorpor\u00e1-la ao seu site Magento. Obtenha atendimento ao cliente gratuito e outras vantagens da Elfsight.\" \/>\n<meta name=\"robots\" content=\"index, follow, max-snippet:-1, max-image-preview:large, max-video-preview:-1\" \/>\n<link rel=\"canonical\" href=\"https:\/\/elfsight.com\/pt\/tripadvisor-reviews-widget\/magento\/\" \/>\n<meta property=\"og:locale\" content=\"pt_PT\" \/>\n<meta property=\"og:type\" content=\"article\" \/>\n<meta property=\"og:title\" content=\"Incorpore a extens\u00e3o Tripadvisor Reviews no site Magento (em 2 minutos)\" \/>\n<meta property=\"og:description\" content=\"Esta \u00e9 uma oportunidade de produzir a extens\u00e3o Tripadvisor Reviews e incorpor\u00e1-la ao seu site Magento. Obtenha atendimento ao cliente gratuito e outras vantagens da Elfsight.\" \/>\n<meta property=\"og:url\" content=\"https:\/\/elfsight.com\/pt\/tripadvisor-reviews-widget\/magento\/\" \/>\n<meta property=\"og:site_name\" content=\"Elfsight PT\" \/>\n<meta property=\"article:modified_time\" content=\"2024-11-13T12:06:31+00:00\" \/>\n<meta name=\"twitter:card\" content=\"summary_large_image\" \/>\n<meta name=\"twitter:label1\" content=\"Tempo estimado de leitura\" \/>\n\t<meta name=\"twitter:data1\" content=\"3 minutos\" \/>\n<!-- \/ Yoast SEO plugin. -->","yoast_head_json":{"title":"Incorpore a extens\u00e3o Tripadvisor Reviews no site Magento (em 2 minutos)","description":"Esta \u00e9 uma oportunidade de produzir a extens\u00e3o Tripadvisor Reviews e incorpor\u00e1-la ao seu site Magento. Obtenha atendimento ao cliente gratuito e outras vantagens da Elfsight.","robots":{"index":"index","follow":"follow","max-snippet":"max-snippet:-1","max-image-preview":"max-image-preview:large","max-video-preview":"max-video-preview:-1"},"canonical":"https:\/\/elfsight.com\/pt\/tripadvisor-reviews-widget\/magento\/","og_locale":"pt_PT","og_type":"article","og_title":"Incorpore a extens\u00e3o Tripadvisor Reviews no site Magento (em 2 minutos)","og_description":"Esta \u00e9 uma oportunidade de produzir a extens\u00e3o Tripadvisor Reviews e incorpor\u00e1-la ao seu site Magento. Obtenha atendimento ao cliente gratuito e outras vantagens da Elfsight.","og_url":"https:\/\/elfsight.com\/pt\/tripadvisor-reviews-widget\/magento\/","og_site_name":"Elfsight PT","article_modified_time":"2024-11-13T12:06:31+00:00","twitter_card":"summary_large_image","twitter_misc":{"Tempo estimado de leitura":"3 minutos"},"schema":{"@context":"https:\/\/schema.org","@graph":[{"@type":"WebPage","@id":"https:\/\/elfsight.com\/pt\/tripadvisor-reviews-widget\/magento\/","url":"https:\/\/elfsight.com\/pt\/tripadvisor-reviews-widget\/magento\/","name":"Incorpore a extens\u00e3o Tripadvisor Reviews no site Magento (em 2 minutos)","isPartOf":{"@id":"https:\/\/elfsight.com\/pt\/#website"},"datePublished":"1970-01-01T00:00:00+00:00","dateModified":"2024-11-13T12:06:31+00:00","description":"Esta \u00e9 uma oportunidade de produzir a extens\u00e3o Tripadvisor Reviews e incorpor\u00e1-la ao seu site Magento. Obtenha atendimento ao cliente gratuito e outras vantagens da Elfsight.","breadcrumb":{"@id":"https:\/\/elfsight.com\/pt\/tripadvisor-reviews-widget\/magento\/#breadcrumb"},"inLanguage":"pt-PT","potentialAction":[{"@type":"ReadAction","target":["https:\/\/elfsight.com\/pt\/tripadvisor-reviews-widget\/magento\/"]}]},{"@type":"BreadcrumbList","@id":"https:\/\/elfsight.com\/pt\/tripadvisor-reviews-widget\/magento\/#breadcrumb","itemListElement":[{"@type":"ListItem","position":1,"name":"Home","item":"https:\/\/elfsight.com\/pt\/"},{"@type":"ListItem","position":2,"name":"Tripadvisor Reviews","item":"https:\/\/elfsight.com\/pt\/tripadvisor-reviews-widget\/"},{"@type":"ListItem","position":3,"name":"Tripadvisor Reviews &#8211; Magento"}]},{"@type":"WebSite","@id":"https:\/\/elfsight.com\/pt\/#website","url":"https:\/\/elfsight.com\/pt\/","name":"Elfsight PT","description":"Just another Elfsight Sites site","potentialAction":[{"@type":"SearchAction","target":{"@type":"EntryPoint","urlTemplate":"https:\/\/elfsight.com\/pt\/?s={search_term_string}"},"query-input":{"@type":"PropertyValueSpecification","valueRequired":true,"valueName":"search_term_string"}}],"inLanguage":"pt-PT"}]}},"meta_box":{"industry":"","seo_heading":"","heading":"","description":"","cta_heading":"","cta_description":"","application":"910","h1":"Extens\u00e3o de coment\u00e1rios do Magento Tripadvisor","h1_caption":"Incorpore as melhores avalia\u00e7\u00f5es de clientes do Tripadvisor em seu site","application_category":[],"applications_title":"","applications_request_title":"","applications_request_button_text":"","hero_text":"","hero_video":"","hero_video_schema_markup":"","selling_points_title":"","selling_points_caption":"","selling_points":[],"selling_points_cta_text":"","features_title":"","features":"","ed_cta_examples_text":"","ed_cta_examples_hidden":"","ed_cta_demo_text":"","ed_cta_demo_hidden":"","why_caption":"","why_editor_title":"","why_editor_text":"","why_team_title":"","why_team_text":"","why_service_title":"","why_service_text":"","template_catalog_visible":"","template_catalog_title":"","template_catalog_text":"","template_catalog_categories_visible":"","demo_title":"Crie sua extens\u00e3o de avalia\u00e7\u00f5es do Tripadvisor","demo_caption":"Configure suas avalia\u00e7\u00f5es do Tripadvisor e adicione-as ao seu site Magento gratuitamente!","default_faq_hidden":"","app_template_category":[],"platform":"58","template_public_id":"","codecanyon_url":"","codecanyon_item_id":"","codecanyon_price":"","pricing_caption":"","pricing_elfsight_apps_hide_column":"","pricing_elfsight_apps_url":"","pricing_codecanyon_price_caption":"","integration_category":[],"integration_request_title":"","integration_request_cta":"","integration_platform":"","integrations":[],"platform_category":[],"video_schema_markup":"","price":"a partir de US$ 0\/m\u00eas","trial":"","benefits":[{"text":"Ajuda de instala\u00e7\u00e3o gratuita"},{"text":"Atendimento ao cliente competente"},{"text":"Garantia de devolu\u00e7\u00e3o do dinheiro em 14 dias"},{"text":"Melhorias gratuitas cont\u00ednuas"}],"button_url":"#demo","button_target_blank":"","button_nofollow":"","attributes":[{"name":"Instala\u00e7\u00f5es","content":"10,000 - 100,000"},{"name":"Responsivo","content":"Otimizado para celular"},{"name":"Navegadores compat\u00edveis","content":"Firefox, Safari, Opera, Chrome, Edge"}],"tags":[],"tags_disable_links":"","hide_more_platforms":"","video_object":"","demo_hide_cta":"","demo_hide_cloud_options":"","pricing_title":"","pricing":[{"pricing_icon":"platform","pricing_title":"Elfsight Apps","pricing_title_caption":"Solu\u00e7\u00e3o multiplataforma que funciona em qualquer site","pricing_price":"a partir de US$ 0\/m\u00eas","pricing_price_caption":"comece com um plano gratuito","pricing_benefits":[{"text":"Dom\u00ednios ilimitados"},{"text":"Suporte dedicado da empresa e bem documentado"},{"text":"Suporte dedicado da empresa e bem documentado"},{"text":"Design flex\u00edvel"}],"pricing_button_text":"Adicionar ao site","pricing_button_url":"#demo"}],"related_apps_title":"","related_apps_hidden":"","author":"","image":[],"title":"","job":"","social_networks":[]},"_links":{"self":[{"href":"https:\/\/elfsight.com\/pt\/wp-json\/wp\/v2\/pages\/8433","targetHints":{"allow":["GET"]}}],"collection":[{"href":"https:\/\/elfsight.com\/pt\/wp-json\/wp\/v2\/pages"}],"about":[{"href":"https:\/\/elfsight.com\/pt\/wp-json\/wp\/v2\/types\/page"}],"author":[{"embeddable":true,"href":"https:\/\/elfsight.com\/pt\/wp-json\/wp\/v2\/users\/9"}],"replies":[{"embeddable":true,"href":"https:\/\/elfsight.com\/pt\/wp-json\/wp\/v2\/comments?post=8433"}],"version-history":[{"count":1,"href":"https:\/\/elfsight.com\/pt\/wp-json\/wp\/v2\/pages\/8433\/revisions"}],"predecessor-version":[{"id":8437,"href":"https:\/\/elfsight.com\/pt\/wp-json\/wp\/v2\/pages\/8433\/revisions\/8437"}],"up":[{"embeddable":true,"href":"https:\/\/elfsight.com\/pt\/wp-json\/wp\/v2\/pages\/911"}],"wp:attachment":[{"href":"https:\/\/elfsight.com\/pt\/wp-json\/wp\/v2\/media?parent=8433"}],"curies":[{"name":"wp","href":"https:\/\/api.w.org\/{rel}","templated":true}]}}