{"id":8426,"date":"1970-01-01T00:00:00","date_gmt":"1970-01-01T00:00:00","guid":{"rendered":"https:\/\/elfsight.com\/pt\/?page_id=8426"},"modified":"2024-11-13T12:06:23","modified_gmt":"2024-11-13T12:06:23","slug":"wix","status":"publish","type":"page","link":"https:\/\/elfsight.com\/pt\/tripadvisor-reviews-widget\/wix\/","title":{"rendered":"Tripadvisor Reviews &#8211; Wix"},"content":{"rendered":"<div class=\"application-platform-content-item-description application-platform-content-item\" id=\"description\" data-nav-section=\"description\"> <h2>Descri\u00e7\u00e3o<\/h2> <p>Se voc\u00ea precisa provar sua aprecia\u00e7\u00e3o pelos clientes e convencer os visitantes do site de que vale a pena gastar dinheiro em suas ofertas , Elfsight Tripadvisor Reviews combina perfeitamente com voc\u00ea. Com este widget, voc\u00ea incorporar\u00e1 rapidamente avalia\u00e7\u00f5es de clientes do Tripadvisor em seu site com informa\u00e7\u00f5es sobre seus autores, classific\u00e1-las para mostrar apenas avalia\u00e7\u00f5es positivas e um bot\u00e3o de solicita\u00e7\u00e3o de avalia\u00e7\u00e3o que levar\u00e1 os usu\u00e1rios \u00e0 sua p\u00e1gina do Tripadvisor, onde eles podem escrever um nova revis\u00e3o. <\/p><div class=\"faq\" data-component=\"FAQ\"> <div class=\"faq-item\">\r\n\t\t\t\t\t<div class=\"faq-item-question\">\r\n\t\t\t\t\t\t<h3 class=\"faq-item-question-text\">Onde posso inserir o widget no meu site<\/h3>\r\n\r\n\t\t\t\t\t\t<div class=\"faq-item-question-icon\"><\/div>\r\n\t\t\t\t\t<\/div>\r\n\r\n\t\t\t\t\t<div class=\"faq-item-answer\">\r\n\t\t\t\t\t\t<div class=\"faq-item-answer-text\"> <p>O widget pode ser configurado em qualquer p\u00e1gina onde voc\u00ea gostaria de demonstrar sua alta classifica\u00e7\u00e3o e popularidade entre os clientes. Se precisar dele em todas as p\u00e1ginas do site, basta inseri-lo no modelo do site. <\/p><\/div>\r\n\t\t\t\t\t<\/div>\r\n\t\t\t\t<\/div> <div class=\"faq-item\">\r\n\t\t\t\t\t<div class=\"faq-item-question\">\r\n\t\t\t\t\t\t<h3 class=\"faq-item-question-text\">Como posso me beneficiar deste plug-in? <\/h3>\r\n\r\n\t\t\t\t\t\t<div class=\"faq-item-question-icon\"><\/div>\r\n\t\t\t\t\t<\/div>\r\n\r\n\t\t\t\t\t<div class=\"faq-item-answer\">\r\n\t\t\t\t\t\t<div class=\"faq-item-answer-text\"> <p>As avalia\u00e7\u00f5es adicionadas por pessoas reais parecem realmente confi\u00e1veis \u200b\u200bpara os usu\u00e1rios do seu site e mostram a eles que sua empresa \u00e9 um parceiro confi\u00e1vel. Avalia\u00e7\u00f5es altas e impress\u00f5es excelentes podem ajudar a aumentar o n\u00edvel de compras do seu site. Al\u00e9m disso, o bot\u00e3o de redirecionamento pode contribuir para aumentar a quantidade de avalia\u00e7\u00f5es de clientes sobre sua empresa no Tripadvisor. <\/p> <\/div>\r\n\t\t\t\t\t<\/div>\r\n\t\t\t\t<\/div> <div class=\"faq-item\">\r\n\t\t\t\t\t<div class=\"faq-item-question\">\r\n\t\t\t\t\t\t<h3 class=\"faq-item-question-text\">Como posso adicionar o widget Avalia\u00e7\u00f5es do Tripadvisor ao meu site Wix? <\/h3>\r\n\r\n\t\t\t\t\t\t<div class=\"faq-item-question-icon\"><\/div>\r\n\t\t\t\t\t<\/div>\r\n\r\n\t\t\t\t\t<div class=\"faq-item-answer\">\r\n\t\t\t\t\t\t<div class=\"faq-item-answer-text\"> <p>Voc\u00ea s\u00f3 precisa de tr\u00eas minutos para come\u00e7ar a usar o widget. A incorpora\u00e7\u00e3o \u00e9 muito r\u00e1pida, gratuita e n\u00e3o inclui codifica\u00e7\u00e3o. <\/p> <p>O widget pode ser configurado diretamente em nosso servi\u00e7o ou atrav\u00e9s do marketplace. Aqui voc\u00ea pode comparar essas variantes e escolher a sua. <\/p><\/div>\r\n\t\t\t\t\t<\/div>\r\n\t\t\t\t<\/div> <\/div> <\/div> <div class=\"application-platform-content-item-features application-platform-content-item\" id=\"features\" data-nav-section=\"features\"> <h2>Recursos<\/h2> <p>Para conhecer melhor o widget Avalia\u00e7\u00f5es, voc\u00ea pode consultar a lista das caracter\u00edsticas mais valiosas. Eles tornam este widget incrivelmente eficaz para sua promo\u00e7\u00e3o: <\/p> <ul> <li>3 filtros prontos para uso: por tipo, exclus\u00e3o por e quantidade de avalia\u00e7\u00f5es para exibi\u00e7\u00e3o; <\/li> <li>4 layouts predefinidos: Lista, Grade, Alvenaria e Slider; <\/li> <li>Uma oportunidade para ativar\/desativar o cabe\u00e7alho do widget; <\/li> <li>O bot\u00e3o para solicitar avalia\u00e7\u00e3o direciona os clientes para a p\u00e1gina do Tripadvisor; <\/li> <li>Seis elementos personaliz\u00e1veis \u200b\u200bdo widget: nome e foto do autor, texto de recomenda\u00e7\u00e3o, data, \u00edcone do Tripadvisor e classifica\u00e7\u00e3o por estrelas; <\/li> <li>Duas alternativas de cen\u00e1rios ap\u00f3s a nega\u00e7\u00e3o da solicita\u00e7\u00e3o de revis\u00e3o: demonstre sua mensagem ou remova o bot\u00e3o. <\/li> <\/ul><p><a href=\"#demo\">Verifique todos os recursos na demonstra\u00e7\u00e3o ao vivo<\/a><\/p> <\/div> <div class=\"application-platform-content-item-installation application-platform-content-item\" id=\"installation\" data-nav-section=\"installation\"> <h2>Aqui est\u00e1 como apresentar as avalia\u00e7\u00f5es do Tripadvisor \u00e0 sua p\u00e1gina Wix. \u00c9 f\u00e1cil e simples.<\/h2> <div class=\"video-container\"><iframe width=\"560\" height=\"315\" src=\"https:\/\/www.youtube.com\/embed\/pnRA0sAeASY\" frameborder=\"0\" allowfullscreen=\"\"><\/iframe><\/div><p>Para adicionar o plugin ao seu site voc\u00ea s\u00f3 precisa seguir alguns passos f\u00e1ceis: <\/p> <ul><li><b>Configure o aplicativo<\/b><br> Abra a loja Shopify e encontre a p\u00e1gina do aplicativo. Pressione o bot\u00e3o \u00abObter\u00bb para incorporar o aplicativo em seu site. <\/li> <li><b>Configurar os par\u00e2metros do aplicativo<\/b><br> Definir os par\u00e2metros do aplicativo: conte\u00fado e configura\u00e7\u00f5es da interface. Ap\u00f3s o ajuste, voc\u00ea adquirir\u00e1 seu c\u00f3digo de instala\u00e7\u00e3o pessoal. Salve o c\u00f3digo para uso posterior. <\/li> <li><b>Incorpore o aplicativo \u00e0 p\u00e1gina da web<\/b><br> Abra a categoria \u00abP\u00e1ginas\u00bb e v\u00e1 para a p\u00e1gina onde deseja exibir o aplicativo. Depois disso, coloque o c\u00f3digo em modo HTML e publique as altera\u00e7\u00f5es. <\/li> <li><b>Voc\u00ea executou a instala\u00e7\u00e3o completamente<\/b><br> Acesse o site para ver seus coment\u00e1rios! <\/li><\/ul><p>Ainda tem algo que o deixa inseguro? Ou tem d\u00favidas? Basta enviar uma solicita\u00e7\u00e3o \u00e0 nossa equipe de suporte para obter ajuda profissional em qualquer assunto. <\/p> <\/div>","protected":false},"excerpt":{"rendered":"","protected":false},"author":9,"featured_media":0,"parent":911,"menu_order":0,"comment_status":"closed","ping_status":"closed","template":"templates\/template-application-platform.php","meta":{"publish_to_discourse":"","publish_post_category":"","wpdc_auto_publish_overridden":"","wpdc_topic_tags":"","wpdc_pin_topic":"","wpdc_pin_until":"","discourse_post_id":"","discourse_permalink":"","wpdc_publishing_response":"","wpdc_publishing_error":"","footnotes":""},"class_list":["post-8426","page","type-page","status-publish","hentry"],"yoast_head":"<!-- This site is optimized with the Yoast SEO plugin v25.3.1 - https:\/\/yoast.com\/wordpress\/plugins\/seo\/ -->\n<title>Incorporar o aplicativo Tripadvisor Reviews ao seu site Wix (em 2 minutos)<\/title>\n<meta name=\"description\" content=\"N\u00e3o \u00e9 dif\u00edcil criar seu aplicativo Tripadvisor Reviews e public\u00e1-lo em seu site Wix. O atendimento ao cliente da Elfsight \u00e9 gratuito.\" \/>\n<meta name=\"robots\" content=\"index, follow, max-snippet:-1, max-image-preview:large, max-video-preview:-1\" \/>\n<link rel=\"canonical\" href=\"https:\/\/elfsight.com\/pt\/tripadvisor-reviews-widget\/wix\/\" \/>\n<meta property=\"og:locale\" content=\"pt_PT\" \/>\n<meta property=\"og:type\" content=\"article\" \/>\n<meta property=\"og:title\" content=\"Incorporar o aplicativo Tripadvisor Reviews ao seu site Wix (em 2 minutos)\" \/>\n<meta property=\"og:description\" content=\"N\u00e3o \u00e9 dif\u00edcil criar seu aplicativo Tripadvisor Reviews e public\u00e1-lo em seu site Wix. O atendimento ao cliente da Elfsight \u00e9 gratuito.\" \/>\n<meta property=\"og:url\" content=\"https:\/\/elfsight.com\/pt\/tripadvisor-reviews-widget\/wix\/\" \/>\n<meta property=\"og:site_name\" content=\"Elfsight PT\" \/>\n<meta property=\"article:modified_time\" content=\"2024-11-13T12:06:23+00:00\" \/>\n<meta name=\"twitter:card\" content=\"summary_large_image\" \/>\n<meta name=\"twitter:label1\" content=\"Tempo estimado de leitura\" \/>\n\t<meta name=\"twitter:data1\" content=\"3 minutos\" \/>\n<!-- \/ Yoast SEO plugin. -->","yoast_head_json":{"title":"Incorporar o aplicativo Tripadvisor Reviews ao seu site Wix (em 2 minutos)","description":"N\u00e3o \u00e9 dif\u00edcil criar seu aplicativo Tripadvisor Reviews e public\u00e1-lo em seu site Wix. O atendimento ao cliente da Elfsight \u00e9 gratuito.","robots":{"index":"index","follow":"follow","max-snippet":"max-snippet:-1","max-image-preview":"max-image-preview:large","max-video-preview":"max-video-preview:-1"},"canonical":"https:\/\/elfsight.com\/pt\/tripadvisor-reviews-widget\/wix\/","og_locale":"pt_PT","og_type":"article","og_title":"Incorporar o aplicativo Tripadvisor Reviews ao seu site Wix (em 2 minutos)","og_description":"N\u00e3o \u00e9 dif\u00edcil criar seu aplicativo Tripadvisor Reviews e public\u00e1-lo em seu site Wix. O atendimento ao cliente da Elfsight \u00e9 gratuito.","og_url":"https:\/\/elfsight.com\/pt\/tripadvisor-reviews-widget\/wix\/","og_site_name":"Elfsight PT","article_modified_time":"2024-11-13T12:06:23+00:00","twitter_card":"summary_large_image","twitter_misc":{"Tempo estimado de leitura":"3 minutos"},"schema":{"@context":"https:\/\/schema.org","@graph":[{"@type":"WebPage","@id":"https:\/\/elfsight.com\/pt\/tripadvisor-reviews-widget\/wix\/","url":"https:\/\/elfsight.com\/pt\/tripadvisor-reviews-widget\/wix\/","name":"Incorporar o aplicativo Tripadvisor Reviews ao seu site Wix (em 2 minutos)","isPartOf":{"@id":"https:\/\/elfsight.com\/pt\/#website"},"datePublished":"1970-01-01T00:00:00+00:00","dateModified":"2024-11-13T12:06:23+00:00","description":"N\u00e3o \u00e9 dif\u00edcil criar seu aplicativo Tripadvisor Reviews e public\u00e1-lo em seu site Wix. O atendimento ao cliente da Elfsight \u00e9 gratuito.","breadcrumb":{"@id":"https:\/\/elfsight.com\/pt\/tripadvisor-reviews-widget\/wix\/#breadcrumb"},"inLanguage":"pt-PT","potentialAction":[{"@type":"ReadAction","target":["https:\/\/elfsight.com\/pt\/tripadvisor-reviews-widget\/wix\/"]}]},{"@type":"BreadcrumbList","@id":"https:\/\/elfsight.com\/pt\/tripadvisor-reviews-widget\/wix\/#breadcrumb","itemListElement":[{"@type":"ListItem","position":1,"name":"Home","item":"https:\/\/elfsight.com\/pt\/"},{"@type":"ListItem","position":2,"name":"Tripadvisor Reviews","item":"https:\/\/elfsight.com\/pt\/tripadvisor-reviews-widget\/"},{"@type":"ListItem","position":3,"name":"Tripadvisor Reviews &#8211; Wix"}]},{"@type":"WebSite","@id":"https:\/\/elfsight.com\/pt\/#website","url":"https:\/\/elfsight.com\/pt\/","name":"Elfsight PT","description":"Just another Elfsight Sites site","potentialAction":[{"@type":"SearchAction","target":{"@type":"EntryPoint","urlTemplate":"https:\/\/elfsight.com\/pt\/?s={search_term_string}"},"query-input":{"@type":"PropertyValueSpecification","valueRequired":true,"valueName":"search_term_string"}}],"inLanguage":"pt-PT"}]}},"meta_box":{"industry":"","seo_heading":"","heading":"","description":"","cta_heading":"","cta_description":"","application":"910","h1":"Aplicativo Wix Tripadvisor Reviews","h1_caption":"Insira as melhores postagens de avalia\u00e7\u00f5es de clientes do Tripadvisor em seu site","application_category":[],"applications_title":"","applications_request_title":"","applications_request_button_text":"","hero_text":"","hero_video":"","hero_video_schema_markup":"","selling_points_title":"","selling_points_caption":"","selling_points":[],"selling_points_cta_text":"","features_title":"","features":"","ed_cta_examples_text":"","ed_cta_examples_hidden":"","ed_cta_demo_text":"","ed_cta_demo_hidden":"","why_caption":"","why_editor_title":"","why_editor_text":"","why_team_title":"","why_team_text":"","why_service_title":"","why_service_text":"","template_catalog_visible":"","template_catalog_title":"","template_catalog_text":"","template_catalog_categories_visible":"","demo_title":"Crie seu aplicativo de avalia\u00e7\u00f5es do Tripadvisor","demo_caption":"Configure suas Avalia\u00e7\u00f5es do Tripadvisor e adicione-as ao seu site Wix gratuitamente!","default_faq_hidden":"","app_template_category":[],"platform":"37","template_public_id":"","codecanyon_url":"","codecanyon_item_id":"","codecanyon_price":"","pricing_caption":"","pricing_elfsight_apps_hide_column":"","pricing_elfsight_apps_url":"","pricing_codecanyon_price_caption":"","integration_category":[],"integration_request_title":"","integration_request_cta":"","integration_platform":"","integrations":[],"platform_category":[],"video_schema_markup":"","price":"a partir de US$ 0\/m\u00eas","trial":"","benefits":[{"text":"Assist\u00eancia de instala\u00e7\u00e3o gratuita"},{"text":"Atendimento ao cliente competente"},{"text":"Garantia de devolu\u00e7\u00e3o do dinheiro em 14 dias"},{"text":"Atualizando constantemente"}],"button_url":"#demo","button_target_blank":"","button_nofollow":"","attributes":[{"name":"Instala\u00e7\u00f5es","content":"10,000 - 100,000"},{"name":"Responsivo","content":"Sim"},{"name":"Navegadores compat\u00edveis","content":"Safari, Edge, Firefox, Chrome, Opera"}],"tags":[],"tags_disable_links":"","hide_more_platforms":"","video_object":"","demo_hide_cta":"","demo_hide_cloud_options":"","pricing_title":"","pricing":[{"pricing_icon":"platform","pricing_title":"Elfsight Apps","pricing_title_caption":"Software multiplataforma que funciona em qualquer site","pricing_price":"a partir de US$ 0\/m\u00eas","pricing_price_caption":"comece com plano gratuito","pricing_benefits":[{"text":"N\u00famero ilimitado de dom\u00ednios"},{"text":"Suporte dedicado ao cliente"},{"text":"Suporte dedicado ao cliente"},{"text":"Pre\u00e7o especial para v\u00e1rios aplicativos"}],"pricing_button_text":"Adicionar ao site","pricing_button_url":"#demo"}],"related_apps_title":"","related_apps_hidden":"","author":"","image":[],"title":"","job":"","social_networks":[]},"_links":{"self":[{"href":"https:\/\/elfsight.com\/pt\/wp-json\/wp\/v2\/pages\/8426","targetHints":{"allow":["GET"]}}],"collection":[{"href":"https:\/\/elfsight.com\/pt\/wp-json\/wp\/v2\/pages"}],"about":[{"href":"https:\/\/elfsight.com\/pt\/wp-json\/wp\/v2\/types\/page"}],"author":[{"embeddable":true,"href":"https:\/\/elfsight.com\/pt\/wp-json\/wp\/v2\/users\/9"}],"replies":[{"embeddable":true,"href":"https:\/\/elfsight.com\/pt\/wp-json\/wp\/v2\/comments?post=8426"}],"version-history":[{"count":2,"href":"https:\/\/elfsight.com\/pt\/wp-json\/wp\/v2\/pages\/8426\/revisions"}],"predecessor-version":[{"id":12328,"href":"https:\/\/elfsight.com\/pt\/wp-json\/wp\/v2\/pages\/8426\/revisions\/12328"}],"up":[{"embeddable":true,"href":"https:\/\/elfsight.com\/pt\/wp-json\/wp\/v2\/pages\/911"}],"wp:attachment":[{"href":"https:\/\/elfsight.com\/pt\/wp-json\/wp\/v2\/media?parent=8426"}],"curies":[{"name":"wp","href":"https:\/\/api.w.org\/{rel}","templated":true}]}}