{"id":8424,"date":"1970-01-01T00:00:00","date_gmt":"1970-01-01T00:00:00","guid":{"rendered":"https:\/\/elfsight.com\/pt\/?page_id=8424"},"modified":"2024-11-13T11:52:07","modified_gmt":"2024-11-13T11:52:07","slug":"elementor","status":"publish","type":"page","link":"https:\/\/elfsight.com\/pt\/tripadvisor-reviews-widget\/elementor\/","title":{"rendered":"Tripadvisor Reviews &#8211; Elementor"},"content":{"rendered":"<div class=\"application-platform-content-item-description application-platform-content-item\" id=\"description\" data-nav-section=\"description\"> <h2>Incorpore avalia\u00e7\u00f5es do Tripadvisor no Elementor com o widget Elfsight<\/h2> <p>Se voc\u00ea precisa mostrar sua classifica\u00e7\u00e3o alta e convencer os visitantes do site de que vale a pena gastar dinheiro nas suas ofertas, as Avalia\u00e7\u00f5es do Tripadvisor da Elfsight s\u00e3o exatamente o que voc\u00ea precisa. Com nossa ferramenta, voc\u00ea pode demonstrar as avalia\u00e7\u00f5es dos usu\u00e1rios do Tripadvisor em seu site com detalhes sobre seus autores; classifique-os para mostrar apenas aspectos positivos; adicione avalia\u00e7\u00f5es e um bot\u00e3o ativo que levar\u00e1 os usu\u00e1rios \u00e0 sua conta do Tripadvisor, onde eles poder\u00e3o escrever seus coment\u00e1rios.<\/p><\/div> <div class=\"application-platform-content-item-features application-platform-content-item\" id=\"features\" data-nav-section=\"features\"> <h2>Principais recursos do widget Avalia\u00e7\u00f5es do Tripadvisor<\/h2> <p>Aqui voc\u00ea pode ver todas as fun\u00e7\u00f5es do plugin. Voc\u00ea pode configur\u00e1-los diretamente no editor e eles o ajudar\u00e3o a criar o widget exatamente para o seu caso de uso. <\/p> <ul> <li>Tr\u00eas filtros predefinidos: por tipo, exclus\u00e3o por e quantidade de avalia\u00e7\u00f5es para exibi\u00e7\u00e3o; <\/li> <li>4 tipos de layouts: Lista, Grade, Alvenaria e Slider; <\/li> <li> Cabe\u00e7alho altern\u00e1vel do widget; <\/li> <li>O bot\u00e3o de solicita\u00e7\u00e3o de avalia\u00e7\u00e3o leva os visitantes \u00e0 p\u00e1gina do Tripadvisor; <\/li> <li>6 elementos flex\u00edveis do widget: nome do autor e foto, recomenda\u00e7\u00e3o, data de compartilhamento, \u00edcone do Tripadvisor e classifica\u00e7\u00e3o por estrelas; <\/li> <li>Dois cen\u00e1rios poss\u00edveis ap\u00f3s a nega\u00e7\u00e3o da solicita\u00e7\u00e3o de revis\u00e3o: revelar uma mensagem personalizada ou ocultar o bot\u00e3o. <\/li> <\/ul><p><a href=\"#demo\">Experimente todas as outras fun\u00e7\u00f5es da demonstra\u00e7\u00e3o<\/a><\/p> <\/div> <div class=\"application-platform-content-item-installation application-platform-content-item\" id=\"installation\" data-nav-section=\"installation\"> <h2> Como incorporo avalia\u00e7\u00f5es do Tripadvisor em meu site Elementor? <\/h2> <div class=\"video-container\"><iframe width=\"720\" height=\"405\" src=\"https:\/\/www.youtube.com\/embed\/A-LSqGE2aOM\" frameborder=\"0\" allowfullscreen=\"\"><\/iframe><\/div><p>Para incorporar avalia\u00e7\u00f5es, siga algumas etapas r\u00e1pidas.<\/p> <ol><li><b>Gere seu plug-in personalizado do Tripadvisor<\/b><br> Por meio de nossa demonstra\u00e7\u00e3o gratuita, obtenha um plugin com composi\u00e7\u00e3o e caracter\u00edsticas funcionais selecionadas. <\/li><li><b>Adquira o c\u00f3digo pessoal para adicionar o plugin<\/b><br> Depois de configurar o seu widget, voc\u00ea obter\u00e1 o c\u00f3digo de instala\u00e7\u00e3o na janela que aparece nos aplicativos Elfsight. Copie o c\u00f3digo. <\/li> <li><b> Insira o plugin em seu site Elementor<\/b><br> Escolha o local da p\u00e1gina onde deseja incorporar o plugin e adicione o c\u00f3digo copiado l\u00e1. Publique as altera\u00e7\u00f5es. <\/li> <li><b>A incorpora\u00e7\u00e3o foi bem-sucedida! <\/b><br> V\u00e1 para sua p\u00e1gina da web para verificar seu plugin. <\/li> <\/ol><p>Sinta-se \u00e0 vontade para entrar em contato com nosso atendimento ao cliente se precisar de conselhos ou tiver d\u00favidas. Daremos ajuda em todas as perguntas.<\/p> <div class=\"faq\" data-component=\"FAQ\"> <div class=\"faq-item\">\r\n\t\t\t\t\t<div class=\"faq-item-question\">\r\n\t\t\t\t\t\t<h3 class=\"faq-item-question-text\">Como posso adicionar avalia\u00e7\u00f5es do Tripadvisor ao meu site Elementor sem conhecimentos de codifica\u00e7\u00e3o?<\/h3>\r\n\r\n\t\t\t\t\t\t<div class=\"faq-item-question-icon\"><\/div>\r\n\t\t\t\t\t<\/div>\r\n\r\n\t\t\t\t\t<div class=\"faq-item-answer\">\r\n\t\t\t\t\t\t<div class=\"faq-item-answer-text\"> <p>A Elfsight fornece uma solu\u00e7\u00e3o SaaS que lhe permite crie voc\u00ea mesmo um widget de Avalia\u00e7\u00f5es para o Tripadvisor, veja como o processo \u00e9 f\u00e1cil: Trabalhe diretamente no Editor on-line para criar um widget de Avalia\u00e7\u00f5es para o Tripadvisor que voc\u00ea gostaria de ver em seu site Elementor. Escolha um dos modelos predefinidos e ajuste as configura\u00e7\u00f5es de Avalia\u00e7\u00f5es do Tripadvisor, adicione seu conte\u00fado, altere o layout e as cores sem nenhuma habilidade de codifica\u00e7\u00e3o. Salve as Avalia\u00e7\u00f5es do Tripadvisor e copie seu c\u00f3digo de instala\u00e7\u00e3o, que voc\u00ea pode incluir facilmente em seu site Elementor, sem a necessidade de comprar uma vers\u00e3o paga. Com nosso editor intuitivo, qualquer usu\u00e1rio da Internet pode criar o widget Reviews for Tripadvisor online e incorpor\u00e1-lo facilmente em seu site Elementor. N\u00e3o h\u00e1 necessidade de pagar ou inserir as credenciais do seu cart\u00e3o para acessar o servi\u00e7o. Se voc\u00ea enfrentar qualquer problema em qualquer etapa, n\u00e3o hesite em entrar em contato com nossa equipe de suporte t\u00e9cnico.<\/p> <\/div>\r\n\t\t\t\t\t<\/div>\r\n\t\t\t\t<\/div> <\/div> <\/div>","protected":false},"excerpt":{"rendered":"","protected":false},"author":9,"featured_media":0,"parent":911,"menu_order":0,"comment_status":"closed","ping_status":"closed","template":"templates\/template-application-platform.php","meta":{"publish_to_discourse":"","publish_post_category":"","wpdc_auto_publish_overridden":"","wpdc_topic_tags":"","wpdc_pin_topic":"","wpdc_pin_until":"","discourse_post_id":"","discourse_permalink":"","wpdc_publishing_response":"","wpdc_publishing_error":"","footnotes":""},"class_list":["post-8424","page","type-page","status-publish","hentry"],"yoast_head":"<!-- This site is optimized with the Yoast SEO plugin v25.3.1 - https:\/\/yoast.com\/wordpress\/plugins\/seo\/ -->\n<title>Incorporar widget de avalia\u00e7\u00f5es do Tripadvisor em seu site Elementor (2025)<\/title>\n<meta name=\"description\" content=\"Com a Elfsight, produza o seu widget de Avalia\u00e7\u00f5es do Tripadvisor e insira-o no site da Elementor. Oferecemos atendimento gratuito ao cliente e outros b\u00f4nus.\" \/>\n<meta name=\"robots\" content=\"index, follow, max-snippet:-1, max-image-preview:large, max-video-preview:-1\" \/>\n<link rel=\"canonical\" href=\"https:\/\/elfsight.com\/pt\/tripadvisor-reviews-widget\/elementor\/\" \/>\n<meta property=\"og:locale\" content=\"pt_PT\" \/>\n<meta property=\"og:type\" content=\"article\" \/>\n<meta property=\"og:title\" content=\"Incorporar widget de avalia\u00e7\u00f5es do Tripadvisor em seu site Elementor (2025)\" \/>\n<meta property=\"og:description\" content=\"Com a Elfsight, produza o seu widget de Avalia\u00e7\u00f5es do Tripadvisor e insira-o no site da Elementor. Oferecemos atendimento gratuito ao cliente e outros b\u00f4nus.\" \/>\n<meta property=\"og:url\" content=\"https:\/\/elfsight.com\/pt\/tripadvisor-reviews-widget\/elementor\/\" \/>\n<meta property=\"og:site_name\" content=\"Elfsight PT\" \/>\n<meta property=\"article:modified_time\" content=\"2024-11-13T11:52:07+00:00\" \/>\n<meta name=\"twitter:card\" content=\"summary_large_image\" \/>\n<meta name=\"twitter:label1\" content=\"Tempo estimado de leitura\" \/>\n\t<meta name=\"twitter:data1\" content=\"3 minutos\" \/>\n<!-- \/ Yoast SEO plugin. -->","yoast_head_json":{"title":"Incorporar widget de avalia\u00e7\u00f5es do Tripadvisor em seu site Elementor (2025)","description":"Com a Elfsight, produza o seu widget de Avalia\u00e7\u00f5es do Tripadvisor e insira-o no site da Elementor. Oferecemos atendimento gratuito ao cliente e outros b\u00f4nus.","robots":{"index":"index","follow":"follow","max-snippet":"max-snippet:-1","max-image-preview":"max-image-preview:large","max-video-preview":"max-video-preview:-1"},"canonical":"https:\/\/elfsight.com\/pt\/tripadvisor-reviews-widget\/elementor\/","og_locale":"pt_PT","og_type":"article","og_title":"Incorporar widget de avalia\u00e7\u00f5es do Tripadvisor em seu site Elementor (2025)","og_description":"Com a Elfsight, produza o seu widget de Avalia\u00e7\u00f5es do Tripadvisor e insira-o no site da Elementor. Oferecemos atendimento gratuito ao cliente e outros b\u00f4nus.","og_url":"https:\/\/elfsight.com\/pt\/tripadvisor-reviews-widget\/elementor\/","og_site_name":"Elfsight PT","article_modified_time":"2024-11-13T11:52:07+00:00","twitter_card":"summary_large_image","twitter_misc":{"Tempo estimado de leitura":"3 minutos"},"schema":{"@context":"https:\/\/schema.org","@graph":[{"@type":"WebPage","@id":"https:\/\/elfsight.com\/pt\/tripadvisor-reviews-widget\/elementor\/","url":"https:\/\/elfsight.com\/pt\/tripadvisor-reviews-widget\/elementor\/","name":"Incorporar widget de avalia\u00e7\u00f5es do Tripadvisor em seu site Elementor (2025)","isPartOf":{"@id":"https:\/\/elfsight.com\/pt\/#website"},"datePublished":"1970-01-01T00:00:00+00:00","dateModified":"2024-11-13T11:52:07+00:00","description":"Com a Elfsight, produza o seu widget de Avalia\u00e7\u00f5es do Tripadvisor e insira-o no site da Elementor. Oferecemos atendimento gratuito ao cliente e outros b\u00f4nus.","breadcrumb":{"@id":"https:\/\/elfsight.com\/pt\/tripadvisor-reviews-widget\/elementor\/#breadcrumb"},"inLanguage":"pt-PT","potentialAction":[{"@type":"ReadAction","target":["https:\/\/elfsight.com\/pt\/tripadvisor-reviews-widget\/elementor\/"]}]},{"@type":"BreadcrumbList","@id":"https:\/\/elfsight.com\/pt\/tripadvisor-reviews-widget\/elementor\/#breadcrumb","itemListElement":[{"@type":"ListItem","position":1,"name":"Home","item":"https:\/\/elfsight.com\/pt\/"},{"@type":"ListItem","position":2,"name":"Tripadvisor Reviews","item":"https:\/\/elfsight.com\/pt\/tripadvisor-reviews-widget\/"},{"@type":"ListItem","position":3,"name":"Tripadvisor Reviews &#8211; Elementor"}]},{"@type":"WebSite","@id":"https:\/\/elfsight.com\/pt\/#website","url":"https:\/\/elfsight.com\/pt\/","name":"Elfsight PT","description":"Just another Elfsight Sites site","potentialAction":[{"@type":"SearchAction","target":{"@type":"EntryPoint","urlTemplate":"https:\/\/elfsight.com\/pt\/?s={search_term_string}"},"query-input":{"@type":"PropertyValueSpecification","valueRequired":true,"valueName":"search_term_string"}}],"inLanguage":"pt-PT"}]}},"meta_box":{"industry":"","seo_heading":"","heading":"","description":"","cta_heading":"","cta_description":"","application":"910","h1":"Avalia\u00e7\u00f5es da Elementor TridAdvisor","h1_caption":"Adicione as avalia\u00e7\u00f5es dos usu\u00e1rios perfeitos do Tripadvisor ao seu site","application_category":[],"applications_title":"","applications_request_title":"","applications_request_button_text":"","hero_text":"","hero_video":"","hero_video_schema_markup":"","selling_points_title":"","selling_points_caption":"","selling_points":[],"selling_points_cta_text":"","features_title":"","features":"","ed_cta_examples_text":"","ed_cta_examples_hidden":"","ed_cta_demo_text":"","ed_cta_demo_hidden":"","why_caption":"","why_editor_title":"","why_editor_text":"","why_team_title":"","why_team_text":"","why_service_title":"","why_service_text":"","template_catalog_visible":"","template_catalog_title":"","template_catalog_text":"","template_catalog_categories_visible":"","demo_title":"Crie seu widget de Avalia\u00e7\u00f5es do Tripadvisor","demo_caption":"Configure suas avalia\u00e7\u00f5es do Tripadvisor e adicione-as ao seu site Elementor gratuitamente!","default_faq_hidden":"","app_template_category":[],"platform":"100","template_public_id":"","codecanyon_url":"","codecanyon_item_id":"","codecanyon_price":"","pricing_caption":"","pricing_elfsight_apps_hide_column":"","pricing_elfsight_apps_url":"","pricing_codecanyon_price_caption":"","integration_category":[],"integration_request_title":"","integration_request_cta":"","integration_platform":"","integrations":[],"platform_category":[],"video_schema_markup":"","price":"a partir de US$ 0\/m\u00eas","trial":"","benefits":[{"text":"Assist\u00eancia de instala\u00e7\u00e3o gratuita"},{"text":"Atendimento ao cliente eficaz"},{"text":"Garantia de devolu\u00e7\u00e3o do dinheiro em 14 dias"},{"text":"Atualiza\u00e7\u00f5es gratuitas cont\u00ednuas"}],"button_url":"#demo","button_target_blank":"","button_nofollow":"","attributes":[{"name":"Instala\u00e7\u00f5es","content":"10,000 - 100,000"},{"name":"Responsivo","content":"Sim"},{"name":"Navegadores compat\u00edveis","content":"Firefox, Safari, Opera, Chrome, Edge"}],"tags":[],"tags_disable_links":"","hide_more_platforms":"","video_object":"","demo_hide_cta":"","demo_hide_cloud_options":"","pricing_title":"","pricing":[{"pricing_icon":"platform","pricing_title":"Elfsight Apps","pricing_title_caption":"Vers\u00e3o independente de plataforma adequada para qualquer site","pricing_price":"a partir de US$ 0\/m\u00eas","pricing_price_caption":"comece com plano gratuito","pricing_benefits":[{"text":"Dom\u00ednios ilimitados"},{"text":"Suporte profissional ao cliente"},{"text":"Suporte profissional ao cliente"},{"text":"Pre\u00e7o a ser pago para v\u00e1rios aplicativos"}],"pricing_button_text":"Adicionar ao site","pricing_button_url":"#demo"}],"related_apps_title":"","related_apps_hidden":"","author":"","image":[],"title":"","job":"","social_networks":[]},"_links":{"self":[{"href":"https:\/\/elfsight.com\/pt\/wp-json\/wp\/v2\/pages\/8424","targetHints":{"allow":["GET"]}}],"collection":[{"href":"https:\/\/elfsight.com\/pt\/wp-json\/wp\/v2\/pages"}],"about":[{"href":"https:\/\/elfsight.com\/pt\/wp-json\/wp\/v2\/types\/page"}],"author":[{"embeddable":true,"href":"https:\/\/elfsight.com\/pt\/wp-json\/wp\/v2\/users\/9"}],"replies":[{"embeddable":true,"href":"https:\/\/elfsight.com\/pt\/wp-json\/wp\/v2\/comments?post=8424"}],"version-history":[{"count":2,"href":"https:\/\/elfsight.com\/pt\/wp-json\/wp\/v2\/pages\/8424\/revisions"}],"predecessor-version":[{"id":12326,"href":"https:\/\/elfsight.com\/pt\/wp-json\/wp\/v2\/pages\/8424\/revisions\/12326"}],"up":[{"embeddable":true,"href":"https:\/\/elfsight.com\/pt\/wp-json\/wp\/v2\/pages\/911"}],"wp:attachment":[{"href":"https:\/\/elfsight.com\/pt\/wp-json\/wp\/v2\/media?parent=8424"}],"curies":[{"name":"wp","href":"https:\/\/api.w.org\/{rel}","templated":true}]}}