{"id":8409,"date":"1970-01-01T00:00:00","date_gmt":"1970-01-01T00:00:00","guid":{"rendered":"https:\/\/elfsight.com\/pt\/?page_id=8409"},"modified":"2024-11-12T15:29:53","modified_gmt":"2024-11-12T15:29:53","slug":"prestashop","status":"publish","type":"page","link":"https:\/\/elfsight.com\/pt\/tripadvisor-reviews-widget\/prestashop\/","title":{"rendered":"Tripadvisor Reviews &#8211; PrestaShop"},"content":{"rendered":"<div class=\"application-platform-content-item-description application-platform-content-item\" id=\"description\" data-nav-section=\"description\"> <h2>Descri\u00e7\u00e3o<\/h2> <p>As avalia\u00e7\u00f5es do Tripadvisor s\u00e3o um instrumento \u00fatil que oferece a voc\u00ea a oportunidade de exibir as avalia\u00e7\u00f5es sobre sua mercadoria diretamente em seu site. p\u00e1gina de todos os sites de avalia\u00e7\u00e3o de neg\u00f3cios conhecidos. Usando nossa ferramenta, voc\u00ea ter\u00e1 a oportunidade de usar filtros para ocultar coment\u00e1rios indesej\u00e1veis, expor sua classifica\u00e7\u00e3o por estrelas e n\u00famero de sua p\u00e1gina em qualquer site de avalia\u00e7\u00f5es de neg\u00f3cios, adicionar informa\u00e7\u00f5es sobre os criadores das avalia\u00e7\u00f5es e anexar uma frase de chamariz bot\u00e3o que inspirar\u00e1 os usu\u00e1rios a deixar sua opini\u00e3o. A ferramenta Avalia\u00e7\u00f5es do Tripadvisor ir\u00e1 estimul\u00e1-lo a exibir sua excelente prova social na p\u00e1gina da web e come\u00e7ar a receber mais novas vendas. <\/p><p><b>Experimente as Avalia\u00e7\u00f5es do Tripadvisor para facilitar seus picos de com\u00e9rcio eletr\u00f4nico! <\/b><\/p> <\/div> <div class=\"application-platform-content-item-features application-platform-content-item\" id=\"features\" data-nav-section=\"features\"> <h2>Veja a lista dos recursos mais valiosos: <\/h2> <ul><li>Adicione avalia\u00e7\u00f5es de clientes do Tripadvisor<\/li><li>Tr\u00eas tipos de filtros: quantidade de avalia\u00e7\u00f5es, exclus\u00e3o por e por tipo<\/li><li>Quatro tipos de layout: Slider, Lista, Grade e Alvenaria<\/li><li>setas e arrasta tipos de navega\u00e7\u00e3o em Layout do controle deslizante<\/li><li>Definir a velocidade do slide e a velocidade de reprodu\u00e7\u00e3o autom\u00e1tica<\/li><li>Selecione o tipo de pagina\u00e7\u00e3o no layout do controle deslizante<\/li><li>Bot\u00e3o CTA para obter avalia\u00e7\u00f5es de novos usu\u00e1rios na p\u00e1gina do Tripadvisor<\/li><li>Tr\u00eas modelos de avalia\u00e7\u00e3o: Spotlight, Classic, Bubble<\/li><li>6 elementos flex\u00edveis das avalia\u00e7\u00f5es: foto e recomenda\u00e7\u00e3o, \u00edcone do Tripadvisor, nome do autor, classifica\u00e7\u00e3o por estrelas e data<\/li><li>Uma op\u00e7\u00e3o para alterar o tamanho da fonte do texto de revis\u00e3o<\/li><\/ul><p><a href=\"#demo\">Voc\u00ea pode explorar todas as funcionalidades do widget na demonstra\u00e7\u00e3o abaixo<\/a><\/p> <\/div> <div class=\"application-platform-content-item-installation application-platform-content-item\" id=\"installation\" data-nav-section=\"installation\"> <h2>Como incorporar avalia\u00e7\u00f5es do Tripadvisor em meu site PrestaShop? <\/h2> <p>Basta seguir os passos abaixo para integrar a ferramenta. <\/p> <ol><li><b>Use nossa demonstra\u00e7\u00e3o gratuita e comece a criar seu complemento exclusivo. <\/b><br> Escolha o layout preferido e as especifica\u00e7\u00f5es da ferramenta e aplique as corre\u00e7\u00f5es. <\/li> <li><b>Copie o seu c\u00f3digo pessoal que aparece no formul\u00e1rio especial nas aplica\u00e7\u00f5es Elfsight. <\/b><br> Logo ap\u00f3s a conclus\u00e3o da configura\u00e7\u00e3o de sua ferramenta pessoal, copie o c\u00f3digo individual do pop-up exibido e salve-o para uso posterior. <\/li> <li><b>Inicie a utiliza\u00e7\u00e3o do complemento na sua p\u00e1gina inicial do PrestaShop. <\/b><br> Insira o c\u00f3digo salvo recentemente em sua p\u00e1gina inicial e salve as modifica\u00e7\u00f5es. <\/li> <li><b>A instala\u00e7\u00e3o foi totalmente conclu\u00edda. <\/b><br> Acesse seu site para examinar o desempenho do widget. <\/li><\/ol> <p>Se voc\u00ea encontrar algum obst\u00e1culo, n\u00e3o hesite em procurar ajuda de nossa equipe de atendimento ao cliente. Nosso pessoal ficar\u00e1 animado para resolver todos os problemas que voc\u00ea possa ter com o widget. <\/p> <div class=\"faq\" data-component=\"FAQ\"> <div class=\"faq-item\">\r\n\t\t\t\t\t<div class=\"faq-item-question\">\r\n\t\t\t\t\t\t<h3 class=\"faq-item-question-text\">Como posso adicionar Avalia\u00e7\u00f5es do Tripadvisor ao meu site PrestaShop sem habilidades de codifica\u00e7\u00e3o?<\/h3>\r\n\r\n\t\t\t\t\t\t<div class=\"faq-item-question-icon\"><\/div>\r\n\t\t\t\t\t<\/div>\r\n\r\n\t\t\t\t\t<div class=\"faq-item-answer\">\r\n\t\t\t\t\t\t<div class=\"faq-item-answer-text\"> <p>A Elfsight fornece uma solu\u00e7\u00e3o SaaS que permite que voc\u00ea mesmo crie um widget de Avalia\u00e7\u00f5es do Tripadvisor, veja como O processo \u00e9 f\u00e1cil: trabalhe diretamente no Editor on-line para criar um widget de Avalia\u00e7\u00f5es do Tripadvisor que voc\u00ea gostaria de ver no seu site PrestaShop. Escolha um dos modelos predefinidos e ajuste as configura\u00e7\u00f5es de Avalia\u00e7\u00f5es do Tripadvisor, adicione seu conte\u00fado, altere o layout e as cores sem nenhuma habilidade de codifica\u00e7\u00e3o. Salve as Avalia\u00e7\u00f5es do Tripadvisor e copie seu c\u00f3digo de instala\u00e7\u00e3o, que voc\u00ea pode incluir facilmente no seu site PrestaShop sem comprar uma vers\u00e3o paga. Com nosso editor intuitivo, qualquer usu\u00e1rio da Internet pode criar o widget Reviews for Tripadvisor on-line e incorpor\u00e1-lo facilmente ao site PrestaShop. N\u00e3o h\u00e1 necessidade de pagar ou inserir as credenciais do seu cart\u00e3o para acessar o servi\u00e7o. Se voc\u00ea enfrentar qualquer problema em qualquer etapa, n\u00e3o hesite em entrar em contato com nossa equipe de suporte t\u00e9cnico.<\/p> <\/div>\r\n\t\t\t\t\t<\/div>\r\n\t\t\t\t<\/div> <\/div> <\/div>","protected":false},"excerpt":{"rendered":"","protected":false},"author":9,"featured_media":0,"parent":911,"menu_order":0,"comment_status":"closed","ping_status":"closed","template":"templates\/template-application-platform.php","meta":{"publish_to_discourse":"","publish_post_category":"","wpdc_auto_publish_overridden":"","wpdc_topic_tags":"","wpdc_pin_topic":"","wpdc_pin_until":"","discourse_post_id":"","discourse_permalink":"","wpdc_publishing_response":"","wpdc_publishing_error":"","footnotes":""},"class_list":["post-8409","page","type-page","status-publish","hentry"],"yoast_head":"<!-- This site is optimized with the Yoast SEO plugin v25.3.1 - https:\/\/yoast.com\/wordpress\/plugins\/seo\/ -->\n<title>Adicione o complemento Tripadvisor Reviews ao seu site PrestaShop (2026)<\/title>\n<meta name=\"description\" content=\"\u00c9 perfeitamente simples construir seu complemento Tripadvisor Reviews e coloc\u00e1-lo em seu site PrestaShop. O suporte ao cliente da Elfsight \u00e9 gratuito.\" \/>\n<meta name=\"robots\" content=\"index, follow, max-snippet:-1, max-image-preview:large, max-video-preview:-1\" \/>\n<link rel=\"canonical\" href=\"https:\/\/elfsight.com\/pt\/tripadvisor-reviews-widget\/prestashop\/\" \/>\n<meta property=\"og:locale\" content=\"pt_PT\" \/>\n<meta property=\"og:type\" content=\"article\" \/>\n<meta property=\"og:title\" content=\"Adicione o complemento Tripadvisor Reviews ao seu site PrestaShop (2026)\" \/>\n<meta property=\"og:description\" content=\"\u00c9 perfeitamente simples construir seu complemento Tripadvisor Reviews e coloc\u00e1-lo em seu site PrestaShop. O suporte ao cliente da Elfsight \u00e9 gratuito.\" \/>\n<meta property=\"og:url\" content=\"https:\/\/elfsight.com\/pt\/tripadvisor-reviews-widget\/prestashop\/\" \/>\n<meta property=\"og:site_name\" content=\"Elfsight PT\" \/>\n<meta property=\"article:modified_time\" content=\"2024-11-12T15:29:53+00:00\" \/>\n<meta name=\"twitter:card\" content=\"summary_large_image\" \/>\n<meta name=\"twitter:label1\" content=\"Tempo estimado de leitura\" \/>\n\t<meta name=\"twitter:data1\" content=\"3 minutos\" \/>\n<!-- \/ Yoast SEO plugin. -->","yoast_head_json":{"title":"Adicione o complemento Tripadvisor Reviews ao seu site PrestaShop (2026)","description":"\u00c9 perfeitamente simples construir seu complemento Tripadvisor Reviews e coloc\u00e1-lo em seu site PrestaShop. O suporte ao cliente da Elfsight \u00e9 gratuito.","robots":{"index":"index","follow":"follow","max-snippet":"max-snippet:-1","max-image-preview":"max-image-preview:large","max-video-preview":"max-video-preview:-1"},"canonical":"https:\/\/elfsight.com\/pt\/tripadvisor-reviews-widget\/prestashop\/","og_locale":"pt_PT","og_type":"article","og_title":"Adicione o complemento Tripadvisor Reviews ao seu site PrestaShop (2026)","og_description":"\u00c9 perfeitamente simples construir seu complemento Tripadvisor Reviews e coloc\u00e1-lo em seu site PrestaShop. O suporte ao cliente da Elfsight \u00e9 gratuito.","og_url":"https:\/\/elfsight.com\/pt\/tripadvisor-reviews-widget\/prestashop\/","og_site_name":"Elfsight PT","article_modified_time":"2024-11-12T15:29:53+00:00","twitter_card":"summary_large_image","twitter_misc":{"Tempo estimado de leitura":"3 minutos"},"schema":{"@context":"https:\/\/schema.org","@graph":[{"@type":"WebPage","@id":"https:\/\/elfsight.com\/pt\/tripadvisor-reviews-widget\/prestashop\/","url":"https:\/\/elfsight.com\/pt\/tripadvisor-reviews-widget\/prestashop\/","name":"Adicione o complemento Tripadvisor Reviews ao seu site PrestaShop (2026)","isPartOf":{"@id":"https:\/\/elfsight.com\/pt\/#website"},"datePublished":"1970-01-01T00:00:00+00:00","dateModified":"2024-11-12T15:29:53+00:00","description":"\u00c9 perfeitamente simples construir seu complemento Tripadvisor Reviews e coloc\u00e1-lo em seu site PrestaShop. O suporte ao cliente da Elfsight \u00e9 gratuito.","breadcrumb":{"@id":"https:\/\/elfsight.com\/pt\/tripadvisor-reviews-widget\/prestashop\/#breadcrumb"},"inLanguage":"pt-PT","potentialAction":[{"@type":"ReadAction","target":["https:\/\/elfsight.com\/pt\/tripadvisor-reviews-widget\/prestashop\/"]}]},{"@type":"BreadcrumbList","@id":"https:\/\/elfsight.com\/pt\/tripadvisor-reviews-widget\/prestashop\/#breadcrumb","itemListElement":[{"@type":"ListItem","position":1,"name":"Home","item":"https:\/\/elfsight.com\/pt\/"},{"@type":"ListItem","position":2,"name":"Tripadvisor Reviews","item":"https:\/\/elfsight.com\/pt\/tripadvisor-reviews-widget\/"},{"@type":"ListItem","position":3,"name":"Tripadvisor Reviews &#8211; PrestaShop"}]},{"@type":"WebSite","@id":"https:\/\/elfsight.com\/pt\/#website","url":"https:\/\/elfsight.com\/pt\/","name":"Elfsight PT","description":"Just another Elfsight Sites site","potentialAction":[{"@type":"SearchAction","target":{"@type":"EntryPoint","urlTemplate":"https:\/\/elfsight.com\/pt\/?s={search_term_string}"},"query-input":{"@type":"PropertyValueSpecification","valueRequired":true,"valueName":"search_term_string"}}],"inLanguage":"pt-PT"}]}},"meta_box":{"industry":"","seo_heading":"","heading":"","description":"","cta_heading":"","cta_description":"","application":"910","h1":"Complemento de avalia\u00e7\u00f5es do Tripadvisor PrestaShop","h1_caption":"Aumente a confian\u00e7a dos clientes exibindo avalia\u00e7\u00f5es do Tripadvisor sobre sua empresa diretamente no seu site","application_category":[],"applications_title":"","applications_request_title":"","applications_request_button_text":"","hero_text":"","hero_video":"","hero_video_schema_markup":"","selling_points_title":"","selling_points_caption":"","selling_points":[],"selling_points_cta_text":"","features_title":"","features":"","ed_cta_examples_text":"","ed_cta_examples_hidden":"","ed_cta_demo_text":"","ed_cta_demo_hidden":"","why_caption":"","why_editor_title":"","why_editor_text":"","why_team_title":"","why_team_text":"","why_service_title":"","why_service_text":"","template_catalog_visible":"","template_catalog_title":"","template_catalog_text":"","template_catalog_categories_visible":"","demo_title":"Crie seu complemento Avalia\u00e7\u00f5es do Tripadvisor","demo_caption":"Configure suas avalia\u00e7\u00f5es do Tripadvisor e adicione-as ao seu site PrestaShop gratuitamente!","default_faq_hidden":"","app_template_category":[],"platform":"5343","template_public_id":"","codecanyon_url":"","codecanyon_item_id":"","codecanyon_price":"","pricing_caption":"","pricing_elfsight_apps_hide_column":"","pricing_elfsight_apps_url":"","pricing_codecanyon_price_caption":"","integration_category":[],"integration_request_title":"","integration_request_cta":"","integration_platform":"","integrations":[],"platform_category":[],"video_schema_markup":"","price":"a partir de US$ 0\/m\u00eas","trial":"","benefits":[{"text":"Assist\u00eancia de instala\u00e7\u00e3o gratuita"},{"text":"Atendimento ao cliente excepcional"},{"text":"Garantia de devolu\u00e7\u00e3o do dinheiro em 14 dias"},{"text":"Atualizando constantemente"}],"button_url":"#demo","button_target_blank":"","button_nofollow":"","attributes":[{"name":"Instala\u00e7\u00f5es","content":"10,000 - 100,000"},{"name":"Responsivo","content":"Sim"},{"name":"Navegadores compat\u00edveis","content":"Firefox, Safari, Opera, Chrome, Edge"}],"tags":[],"tags_disable_links":"","hide_more_platforms":"","video_object":"","demo_hide_cta":"","demo_hide_cloud_options":"","pricing_title":"","pricing":[{"pricing_icon":"platform","pricing_title":"Elfsight Apps","pricing_title_caption":"Solu\u00e7\u00e3o independente de plataforma","pricing_price":"a partir de US$ 0\/m\u00eas","pricing_price_caption":"comece com um plano gratuito","pricing_benefits":[{"text":"Dom\u00ednios ilimitados"},{"text":"Suporte ao cliente premium"},{"text":"Suporte ao cliente premium"},{"text":"100% personaliz\u00e1vel"}],"pricing_button_text":"Adicionar ao site","pricing_button_url":"#demo"}],"related_apps_title":"","related_apps_hidden":"","author":"","image":[],"title":"","job":"","social_networks":[]},"_links":{"self":[{"href":"https:\/\/elfsight.com\/pt\/wp-json\/wp\/v2\/pages\/8409","targetHints":{"allow":["GET"]}}],"collection":[{"href":"https:\/\/elfsight.com\/pt\/wp-json\/wp\/v2\/pages"}],"about":[{"href":"https:\/\/elfsight.com\/pt\/wp-json\/wp\/v2\/types\/page"}],"author":[{"embeddable":true,"href":"https:\/\/elfsight.com\/pt\/wp-json\/wp\/v2\/users\/9"}],"replies":[{"embeddable":true,"href":"https:\/\/elfsight.com\/pt\/wp-json\/wp\/v2\/comments?post=8409"}],"version-history":[{"count":1,"href":"https:\/\/elfsight.com\/pt\/wp-json\/wp\/v2\/pages\/8409\/revisions"}],"predecessor-version":[{"id":8413,"href":"https:\/\/elfsight.com\/pt\/wp-json\/wp\/v2\/pages\/8409\/revisions\/8413"}],"up":[{"embeddable":true,"href":"https:\/\/elfsight.com\/pt\/wp-json\/wp\/v2\/pages\/911"}],"wp:attachment":[{"href":"https:\/\/elfsight.com\/pt\/wp-json\/wp\/v2\/media?parent=8409"}],"curies":[{"name":"wp","href":"https:\/\/api.w.org\/{rel}","templated":true}]}}