{"id":838,"date":"2022-02-07T10:48:28","date_gmt":"2022-02-07T10:48:28","guid":{"rendered":"https:\/\/elfsight.com\/pt\/?page_id=838"},"modified":"2024-06-25T10:25:58","modified_gmt":"2024-06-25T10:25:58","slug":"features","status":"publish","type":"page","link":"https:\/\/elfsight.com\/pt\/twitter-feed-widget\/features\/","title":{"rendered":"Twitter Feed &#8211; features"},"content":{"rendered":"\n<section class=\"application-features-group section\" id=\"tweets\">\n                    <div class=\"inner\">\n                        <div class=\"col-row\">\n                            <div class=\"col-6 col-offset-3 col-m-12 col-m-offset-0\"><\/p>\n<h3>Integre o seu feed de Twitter<\/h3>\n<p> Apresente o seu feed de Twitter no site guardando o seu design e fun\u00e7\u00f5es aut\u00eanticas. Basta definir o nome de utilizador e o seu Feed de Twitter da Elfsight mostrar\u00e1 todos os seus posts com funcionalidade em tempo-real e personaliza\u00e7\u00e3o de conta.<\/p>\n<p><div class=\"post-row col-row\"><br><div class=\"col-12 col-offset-0 col-m-12 col-m-offset-0\"><\/p>\n<figure><img decoding=\"async\" src=\"https:\/\/elfsight.com\/wp-content\/uploads\/2018\/12\/elfsight-com-twitter-feed-features-tweets-1.jpg\" alt=\"Embed Twitter feed in website\"><\/figure>\n<p><\/div><br><\/div><\/p>\n<h3>Mostre Tweets escolhidos por hashtag<\/h3>\n<p>Insira as hashtags necess\u00e1rias no campo de fonte do widget e o seu feed mostrar\u00e1 todas as Tweets incluindo essas hashtags. Envolva mais pessoas nas suas iniciativas.<\/p>\n\n<p><div class=\"post-row col-row\"><br><div class=\"col-12 col-offset-0 col-m-12 col-m-offset-0\"><\/p>\n<figure><img decoding=\"async\" src=\"https:\/\/elfsight.com\/wp-content\/uploads\/2018\/12\/elfsight-com-twitter-feed-features-tweets-2.jpg\" alt=\"Twitter Hashtag Feed\"><\/figure>\n<p><\/div><br><\/div><\/p>\n<h3>Integre a\u00e7\u00f5es nos seus Tweets<\/h3>\n<p>O Feed de Twitter da Elfsight garante toda a funcionalidade do Twitter aos utilizadores do seu site: podem n\u00e3o s\u00f3 ver os Tweets, mas tamb\u00e9m retweetar, responder e segui-lo. Todos estes bot\u00f5es com contadores est\u00e3o dispon\u00edveis no feed.<\/p>\n<p><div class=\"post-row col-row\"><br><div class=\"col-12 col-offset-0 col-m-12 col-m-offset-0\"><\/p>\n<figure><img decoding=\"async\" src=\"https:\/\/elfsight.com\/wp-content\/uploads\/2018\/12\/elfsight-com-twitter-feed-features-tweets-3.jpg\"><\/figure>\n<p><\/div><br><\/div><\/p>\n<p><\/div>\n                        <\/div>\n                    <\/div>\n\n                    <div class=\"application-features-group-title\">Tweets<\/div>\n                <\/section>\n<section class=\"application-cta-ed\">\n                    <div class=\"inner\">\n                        <div class=\"col-row\">\n                            <div class=\"col-6 col-m-12\">\n                                <div class=\"application-cta-ed-item-examples application-cta-ed-item\">\n                                    <div class=\"application-cta-ed-item-icon\">\n                                        <svg viewBox=\"0 0 25 25\" width=\"100%\" height=\"100%\">\n                                            <use xlink:href=\"#icon-desktop\"><\/use>\n                                        <\/svg>\n                                    <\/div>\n\n                                    <div class=\"application-cta-ed-item-content\">\n                                        <div class=\"application-cta-ed-item-content-title\">Usar exemplos<\/div>\n\n                                        <div class=\"application-cta-ed-item-content-text\">Ver exemplos reais para explorar todo o potencial de  para o seu site.\n                                        <\/div>\n\n                                        <a class=\"button-48 button-purple button\" href=\"\">Ver em funcionamento<\/a>\n                                    <\/div>\n                                <\/div>\n                            <\/div>\n                            <div class=\"col-6 col-m-12\">\n                                <div class=\"application-cta-ed-item-demo application-cta-ed-item\">\n                                    <div class=\"application-cta-ed-item-icon\">\n                                        <svg viewBox=\"0 0 25 25\" width=\"100%\" height=\"100%\">\n                                            <use xlink:href=\"#icon-settings\"><\/use>\n                                        <\/svg>\n                                    <\/div>\n\n                                    <div class=\"application-cta-ed-item-content\">\n                                        <div class=\"application-cta-ed-item-content-title\">Demonstra\u00e7\u00e3o ao vivo<\/div>\n\n                                        <div class=\"application-cta-ed-item-content-text\">Experimente agora todas as funcionalidades de  numa demonstra\u00e7\u00e3o ao vivo. Sem taxas. Sem programa\u00e7\u00e3o.\n                                        <\/div>\n\n                                        <a class=\"button-48 button-magenta button\" href=\"#demo\" data-nav-scroll-to=\"demo\">Experimentar agora<\/a>\n                                    <\/div>\n                                <\/div>\n                            <\/div>\n                        <\/div>\n                    <\/div>\n                <\/section>\n<section class=\"application-features-group section\" style=\"background-color:#fafafa;\" id=\"testimonials\">\n                    <div class=\"inner\">\n                        <div class=\"col-row\">\n                            <div class=\"col-6 col-offset-3 col-m-12 col-m-offset-0\"><\/p>\n<h3>Mostre avalia\u00e7\u00f5es que eliminem as d\u00favidas<\/h3>\n<p>Escolha os Tweets que quer mostrar, adicione os seus URLs \u00e0 tab-fonte, e escolha o layout de avalia\u00e7\u00f5es do feed. O widget ir\u00e1 automaticamente esconder o cabe\u00e7alho e mostrar os tweets selecionados com avalia\u00e7\u00f5es de estrelas.<\/p>\n<p><div class=\"post-row col-row\"><br><div class=\"col-12 col-offset-0 col-m-12 col-m-offset-0\"><\/p>\n<figure><img decoding=\"async\" src=\"https:\/\/elfsight.com\/wp-content\/uploads\/2018\/12\/elfsight-com-twitter-feed-features-testimonials-1.jpg\" alt=\"Twitter testimonials\"><\/figure>\n<p><\/div><br><\/div><\/p>\n<p><\/div>\n                        <\/div>\n                    <\/div>\n\n                    <div class=\"application-features-group-title\">avalia\u00e7\u00f5es<\/div>\n                <\/section>\n<section class=\"application-features-group section\" id=\"appearance\">\n                    <div class=\"inner\">\n                        <div class=\"col-row\">\n                            <div class=\"col-6 col-offset-3 col-m-12 col-m-offset-0\"><\/p>\n<h3>Duas variantes de cabe\u00e7alho de widget<\/h3>\n<p>Explore aspetos poss\u00edveis para o cabe\u00e7alho, escolhendo entre dois layouts predefinidos: Normal &#8211; rico em elementos, e Compacto &#8211; para uma apar\u00eancia moderada que ocupe pouco espa\u00e7o.<\/p>\n<p><div class=\"post-row col-row\"><br><div class=\"col-12 col-offset-0 col-m-12 col-m-offset-0\"><\/p>\n<figure><img decoding=\"async\" src=\"https:\/\/elfsight.com\/wp-content\/uploads\/2018\/12\/elfsight-com-twitter-feed-features-appearance-2.jpg\"><\/figure>\n<p><\/div><br><\/div><\/p>\n<h3>Sete elementos de Tweet alter\u00e1veis<\/h3>\n<p>Ajuste o modelo de Tweet para mostrar apenas aqueles elementos que precisar\u00e1. Escolha mostrar ou esconder o autor, data, e \u00edcone de Twitter; e escolha os bot\u00f5es de a\u00e7\u00f5es com contadores: Curtir, Partilhar, Retweetar ou Responder ao Tweet.<\/p>\n<p><div class=\"post-row col-row\"><br><div class=\"col-12 col-offset-0 col-m-12 col-m-offset-0\"><\/p>\n<figure><img decoding=\"async\" src=\"https:\/\/elfsight.com\/wp-content\/uploads\/2018\/12\/elfsight-com-twitter-feed-features-appearance-1.jpg\"><\/figure>\n<p><\/div><br><\/div><\/p>\n<h3>O widget ajust\u00e1vel \u00e0 dimens\u00e3o de qualquer p\u00e1gina<\/h3>\n<p>Utilizando as configura\u00e7\u00f5es de altura e largura, pode definir quaisquer par\u00e2metros inserindo o n\u00famero de p\u00edxeis ou percentagem.<\/p>\n<p><div class=\"post-row col-row\"><br><div class=\"col-12 col-offset-0 col-m-12 col-m-offset-0\"><\/p>\n<figure><img decoding=\"async\" src=\"https:\/\/elfsight.com\/wp-content\/uploads\/2018\/12\/elfsight-com-twitter-feed-features-appearance-3.jpg\"><\/figure>\n<p><\/div><br><\/div><\/p>\n<h3>Escolha a cor dos elementos ativos<\/h3>\n<p>Escolha qualquer cor para os elementos do interface: bot\u00e3o de Seguir, links, hashtags, e \u00edcones de Twitter.\n<\/p>\n<p><div class=\"post-row col-row\"><br><div class=\"col-12 col-offset-0 col-m-12 col-m-offset-0\"><\/p>\n<figure><img decoding=\"async\" src=\"https:\/\/elfsight.com\/wp-content\/uploads\/2018\/12\/elfsight-com-twitter-feed-features-appearance-4.jpg\"><\/figure>\n<p><\/div><br><\/div><\/p>\n<p><\/div>\n                        <\/div>\n                    <\/div>\n\n                    <div class=\"application-features-group-title\">apar\u00eancia<\/div>\n                <\/section>\n","protected":false},"excerpt":{"rendered":"","protected":false},"author":13,"featured_media":0,"parent":832,"menu_order":0,"comment_status":"closed","ping_status":"closed","template":"templates\/template-application-features.php","meta":{"publish_to_discourse":"","publish_post_category":"","wpdc_auto_publish_overridden":"","wpdc_topic_tags":"","wpdc_pin_topic":"","wpdc_pin_until":"","discourse_post_id":"","discourse_permalink":"","wpdc_publishing_response":"","wpdc_publishing_error":"","footnotes":""},"class_list":["post-838","page","type-page","status-publish","hentry"],"yoast_head":"<!-- This site is optimized with the Yoast SEO plugin v25.3.1 - https:\/\/yoast.com\/wordpress\/plugins\/seo\/ -->\n<title>Widget de Feed de Twitter para site - Funcionalidades<\/title>\n<meta name=\"description\" content=\"Configura\u00e7\u00f5es personalizadas e um layout de widget r\u00e1pido para qualquer dispositivo.\" \/>\n<meta name=\"robots\" content=\"index, follow, max-snippet:-1, max-image-preview:large, max-video-preview:-1\" \/>\n<link rel=\"canonical\" href=\"https:\/\/elfsight.com\/pt\/twitter-feed-widget\/features\/\" \/>\n<meta property=\"og:locale\" content=\"pt_PT\" \/>\n<meta property=\"og:type\" content=\"article\" \/>\n<meta property=\"og:title\" content=\"Widget de Feed de Twitter para site - Funcionalidades\" \/>\n<meta property=\"og:description\" content=\"Configura\u00e7\u00f5es personalizadas e um layout de widget r\u00e1pido para qualquer dispositivo.\" \/>\n<meta property=\"og:url\" content=\"https:\/\/elfsight.com\/pt\/twitter-feed-widget\/features\/\" \/>\n<meta property=\"og:site_name\" content=\"Elfsight PT\" \/>\n<meta property=\"article:modified_time\" content=\"2024-06-25T10:25:58+00:00\" \/>\n<meta property=\"og:image\" content=\"https:\/\/elfsight.com\/wp-content\/uploads\/2018\/12\/elfsight-com-twitter-feed-features-tweets-1.jpg\" \/>\n<meta name=\"twitter:card\" content=\"summary_large_image\" \/>\n<meta name=\"twitter:label1\" content=\"Tempo estimado de leitura\" \/>\n\t<meta name=\"twitter:data1\" content=\"4 minutos\" \/>\n<!-- \/ Yoast SEO plugin. -->","yoast_head_json":{"title":"Widget de Feed de Twitter para site - Funcionalidades","description":"Configura\u00e7\u00f5es personalizadas e um layout de widget r\u00e1pido para qualquer dispositivo.","robots":{"index":"index","follow":"follow","max-snippet":"max-snippet:-1","max-image-preview":"max-image-preview:large","max-video-preview":"max-video-preview:-1"},"canonical":"https:\/\/elfsight.com\/pt\/twitter-feed-widget\/features\/","og_locale":"pt_PT","og_type":"article","og_title":"Widget de Feed de Twitter para site - Funcionalidades","og_description":"Configura\u00e7\u00f5es personalizadas e um layout de widget r\u00e1pido para qualquer dispositivo.","og_url":"https:\/\/elfsight.com\/pt\/twitter-feed-widget\/features\/","og_site_name":"Elfsight PT","article_modified_time":"2024-06-25T10:25:58+00:00","og_image":[{"url":"https:\/\/elfsight.com\/wp-content\/uploads\/2018\/12\/elfsight-com-twitter-feed-features-tweets-1.jpg","type":"","width":"","height":""}],"twitter_card":"summary_large_image","twitter_misc":{"Tempo estimado de leitura":"4 minutos"},"schema":{"@context":"https:\/\/schema.org","@graph":[{"@type":"WebPage","@id":"https:\/\/elfsight.com\/pt\/twitter-feed-widget\/features\/","url":"https:\/\/elfsight.com\/pt\/twitter-feed-widget\/features\/","name":"Widget de Feed de Twitter para site - Funcionalidades","isPartOf":{"@id":"https:\/\/elfsight.com\/pt\/#website"},"primaryImageOfPage":{"@id":"https:\/\/elfsight.com\/pt\/twitter-feed-widget\/features\/#primaryimage"},"image":{"@id":"https:\/\/elfsight.com\/pt\/twitter-feed-widget\/features\/#primaryimage"},"thumbnailUrl":"https:\/\/elfsight.com\/wp-content\/uploads\/2018\/12\/elfsight-com-twitter-feed-features-tweets-1.jpg","datePublished":"2022-02-07T10:48:28+00:00","dateModified":"2024-06-25T10:25:58+00:00","description":"Configura\u00e7\u00f5es personalizadas e um layout de widget r\u00e1pido para qualquer dispositivo.","breadcrumb":{"@id":"https:\/\/elfsight.com\/pt\/twitter-feed-widget\/features\/#breadcrumb"},"inLanguage":"pt-PT","potentialAction":[{"@type":"ReadAction","target":["https:\/\/elfsight.com\/pt\/twitter-feed-widget\/features\/"]}]},{"@type":"ImageObject","inLanguage":"pt-PT","@id":"https:\/\/elfsight.com\/pt\/twitter-feed-widget\/features\/#primaryimage","url":"https:\/\/elfsight.com\/wp-content\/uploads\/2018\/12\/elfsight-com-twitter-feed-features-tweets-1.jpg","contentUrl":"https:\/\/elfsight.com\/wp-content\/uploads\/2018\/12\/elfsight-com-twitter-feed-features-tweets-1.jpg"},{"@type":"BreadcrumbList","@id":"https:\/\/elfsight.com\/pt\/twitter-feed-widget\/features\/#breadcrumb","itemListElement":[{"@type":"ListItem","position":1,"name":"Home","item":"https:\/\/elfsight.com\/pt\/"},{"@type":"ListItem","position":2,"name":"Twitter Feed","item":"https:\/\/elfsight.com\/pt\/twitter-feed-widget\/"},{"@type":"ListItem","position":3,"name":"Twitter Feed &#8211; features"}]},{"@type":"WebSite","@id":"https:\/\/elfsight.com\/pt\/#website","url":"https:\/\/elfsight.com\/pt\/","name":"Elfsight PT","description":"Just another Elfsight Sites site","potentialAction":[{"@type":"SearchAction","target":{"@type":"EntryPoint","urlTemplate":"https:\/\/elfsight.com\/pt\/?s={search_term_string}"},"query-input":{"@type":"PropertyValueSpecification","valueRequired":true,"valueName":"search_term_string"}}],"inLanguage":"pt-PT"}]}},"meta_box":{"industry":"","seo_heading":"","heading":"","description":"","cta_heading":"","cta_description":"","application":"831","h1":"","h1_caption":"","application_category":[],"applications_title":"","applications_request_title":"","applications_request_button_text":"","hero_text":"","hero_video":"","hero_video_schema_markup":"","selling_points_title":"","selling_points_caption":"","selling_points":[],"selling_points_cta_text":"","features_title":"","features":"","ed_cta_examples_text":"","ed_cta_examples_hidden":"","ed_cta_demo_text":"","ed_cta_demo_hidden":"","why_caption":"","why_editor_title":"","why_editor_text":"","why_team_title":"","why_team_text":"","why_service_title":"","why_service_text":"","template_catalog_visible":"","template_catalog_title":"","template_catalog_text":"","template_catalog_categories_visible":"","demo_title":"","demo_caption":"","default_faq_hidden":"","app_template_category":[],"platform":"","template_public_id":"","codecanyon_url":"","codecanyon_item_id":"","codecanyon_price":"","pricing_caption":"","pricing_elfsight_apps_hide_column":"","pricing_elfsight_apps_url":"","pricing_codecanyon_price_caption":"","integration_category":[],"integration_request_title":"","integration_request_cta":"","integration_platform":"","integrations":[],"platform_category":[],"video_schema_markup":"","price":"a partir de US$ 0\/m\u00eas","trial":"","benefits":[],"button_url":"#demo","button_target_blank":"","button_nofollow":"","attributes":[],"tags":[],"tags_disable_links":"","hide_more_platforms":"","video_object":"","demo_hide_cta":"","demo_hide_cloud_options":"","pricing_title":"","pricing":[],"related_apps_title":"","related_apps_hidden":"","author":"","image":[],"title":"","job":"","social_networks":[]},"_links":{"self":[{"href":"https:\/\/elfsight.com\/pt\/wp-json\/wp\/v2\/pages\/838","targetHints":{"allow":["GET"]}}],"collection":[{"href":"https:\/\/elfsight.com\/pt\/wp-json\/wp\/v2\/pages"}],"about":[{"href":"https:\/\/elfsight.com\/pt\/wp-json\/wp\/v2\/types\/page"}],"author":[{"embeddable":true,"href":"https:\/\/elfsight.com\/pt\/wp-json\/wp\/v2\/users\/13"}],"replies":[{"embeddable":true,"href":"https:\/\/elfsight.com\/pt\/wp-json\/wp\/v2\/comments?post=838"}],"version-history":[{"count":3,"href":"https:\/\/elfsight.com\/pt\/wp-json\/wp\/v2\/pages\/838\/revisions"}],"predecessor-version":[{"id":849,"href":"https:\/\/elfsight.com\/pt\/wp-json\/wp\/v2\/pages\/838\/revisions\/849"}],"up":[{"embeddable":true,"href":"https:\/\/elfsight.com\/pt\/wp-json\/wp\/v2\/pages\/832"}],"wp:attachment":[{"href":"https:\/\/elfsight.com\/pt\/wp-json\/wp\/v2\/media?parent=838"}],"curies":[{"name":"wp","href":"https:\/\/api.w.org\/{rel}","templated":true}]}}