{"id":8354,"date":"1970-01-01T00:00:00","date_gmt":"1970-01-01T00:00:00","guid":{"rendered":"https:\/\/elfsight.com\/pt\/?page_id=8354"},"modified":"2024-11-12T15:27:46","modified_gmt":"2024-11-12T15:27:46","slug":"jimdo","status":"publish","type":"page","link":"https:\/\/elfsight.com\/pt\/tiktok-feed-widget\/jimdo\/","title":{"rendered":"TikTok Feed &#8211; Jimdo"},"content":{"rendered":"<div class=\"application-platform-content-item-description application-platform-content-item\" id=\"description\" data-nav-section=\"description\"><h2>Descri\u00e7\u00e3o<\/h2> <p>Elfsight TikTok Feed for Jimdo \u00e9 um widget cujo objetivo \u00e9 ajud\u00e1-lo com todas as necessidades atuais na obten\u00e7\u00e3o de impress\u00f5es e solicita\u00e7\u00f5es de visitantes do seu site. Revele os elementos necess\u00e1rios para o preenchimento, escolha o template adequado e personalize a interface para inspirar ainda mais seus usu\u00e1rios a deixarem d\u00favidas sobre os servi\u00e7os que sua empresa oferece. O feed do Tumblr foi projetado para atender a todas as suas demandas para coletar feedback e estar em contato com sua clientela.<\/p><p><b>Experimente o TikTok para superar seus desafios de com\u00e9rcio eletr\u00f4nico com mais rapidez! <\/b><\/p> <\/div> <div class=\"application-platform-content-item-features application-platform-content-item\" id=\"features\" data-nav-section=\"features\"> <h2>Explore a lista dos recursos mais \u00fateis: <\/h2> <ul><li>Op\u00e7\u00f5es de filtragem autom\u00e1tica e modo de modera\u00e7\u00e3o manual<\/li><li>Modo de modera\u00e7\u00e3o autom\u00e1tica para upload constante de conte\u00fado<\/li><li>Cinco modelos de postagem predefinidos com diversas posi\u00e7\u00f5es de foto, imagem do autor e texto<\/li><li>As postagens de v\u00eddeo s\u00e3o reproduzidas automaticamente em modo pop-up <\/li><li>Fa\u00e7a suas postagens aparecerem em um pop-up <\/li><li>Duas variantes de representa\u00e7\u00e3o de postagens pop-up: controle deslizante e feed<\/li><\/ul><p><a href=\"#demo\">Voc\u00ea pode verificar o que o widget oferece com a ajuda da demonstra\u00e7\u00e3o<\/a><\/p> <\/div> <div class=\"application-platform-content-item-installation application-platform-content-item\" id=\"installation\" data-nav-section=\"installation\"> <h2>Como fa\u00e7o para incorporar o feed do TikTok em um Jimdo site? <\/h2> <p>Basta seguir algumas etapas apresentadas abaixo para come\u00e7ar a trabalhar com o widget. <\/p> <ol><li><b>Utilize nosso configurador gratuito e comece a moldar seu widget personalizado. <\/b><br> Encontre a apar\u00eancia e a funcionalidade preferidas do widget e salve as modifica\u00e7\u00f5es. <\/li> <li><b>Copie o c\u00f3digo exclusivo revelado na caixa dos aplicativos Elfsight. <\/b><br> Quando a cria\u00e7\u00e3o do seu widget terminar, copie o c\u00f3digo individual na janela e salve-o para uso posterior. <\/li> <li><b>Comece a usar o widget na p\u00e1gina Jimdo. <\/b><br> Insira o c\u00f3digo copiado recentemente em seu site e aplique as edi\u00e7\u00f5es. <\/li> <li><b>A configura\u00e7\u00e3o foi finalizada com sucesso. <\/b><br> Acesse seu site para dar uma olhada no funcionamento do widget. <\/li><\/ol> <p>Caso tenha d\u00favidas ou encontre alguma dificuldade, n\u00e3o hesite em entrar em contato com nossa equipe de suporte. Nosso pessoal ter\u00e1 prazer em ajud\u00e1-lo com todos os problemas que voc\u00ea possa ter com o widget. <\/p> <\/div><div class=\"faq\" data-component=\"FAQ\"><div class=\"faq-item\">\r\n\t\t\t\t\t<div class=\"faq-item-question\">\r\n\t\t\t\t\t\t<h3 class=\"faq-item-question-text\">De que forma \u00e9 poss\u00edvel incorporar o feed do TikTok na minha p\u00e1gina Jimdo sem conhecimento de codifica\u00e7\u00e3o?<\/h3>\r\n\r\n\t\t\t\t\t\t<div class=\"faq-item-question-icon\"><\/div>\r\n\t\t\t\t\t<\/div>\r\n\r\n\t\t\t\t\t<div class=\"faq-item-answer\">\r\n\t\t\t\t\t\t<div class=\"faq-item-answer-text\"><p>Elfsight empresa fornece uma solu\u00e7\u00e3o SaaS que permite que voc\u00ea mesmo gere uma se\u00e7\u00e3o de feed do TikTok. Descubra como \u00e9 simples:<\/p><ul><li>Acesse a demonstra\u00e7\u00e3o ao vivo para criar uma se\u00e7\u00e3o de feed do TikTok que voc\u00ea gostaria que aparecesse no Jimdo .<\/li><li>Escolha um de nossos modelos pr\u00e9-concebidos e altere as configura\u00e7\u00f5es do TikTok Feed, mude o layout e o esquema de cores, adicione seu conte\u00fado sem nenhuma experi\u00eancia de codifica\u00e7\u00e3o.<\/li><li>Clique para salvar o TikTok Feed e obtenha o c\u00f3digo de instala\u00e7\u00e3o do widget, que voc\u00ea pode simplesmente incluir na p\u00e1gina Jimdo sem comprar um plano pago.<\/li><\/ul><p>Usando nosso configurador simples, cada usu\u00e1rio da Internet pode criar o TikTok Feed e adicion\u00e1-lo a qualquer Site Jimdo. Voc\u00ea n\u00e3o deve pagar ou enviar os dados do seu cart\u00e3o para entrar no nosso Editor. Se voc\u00ea enfrentar qualquer problema em qualquer etapa, n\u00e3o hesite em entrar em contato com nossa equipe de suporte.<\/p><\/div>\r\n\t\t\t\t\t<\/div>\r\n\t\t\t\t<\/div><\/div>","protected":false},"excerpt":{"rendered":"","protected":false},"author":9,"featured_media":0,"parent":1491,"menu_order":0,"comment_status":"closed","ping_status":"closed","template":"templates\/template-application-platform.php","meta":{"publish_to_discourse":"","publish_post_category":"","wpdc_auto_publish_overridden":"","wpdc_topic_tags":"","wpdc_pin_topic":"","wpdc_pin_until":"","discourse_post_id":"","discourse_permalink":"","wpdc_publishing_response":"","wpdc_publishing_error":"","footnotes":""},"class_list":["post-8354","page","type-page","status-publish","hentry"],"yoast_head":"<!-- This site is optimized with the Yoast SEO plugin v25.3.1 - https:\/\/yoast.com\/wordpress\/plugins\/seo\/ -->\n<title>Adicione o widget TikTok Feed ao site Jimdo (r\u00e1pido e gratuito)<\/title>\n<meta name=\"description\" content=\"Incorpore um widget Jimdo TikTok Feed f\u00e1cil de gerenciar em seu site. Experimente a demonstra\u00e7\u00e3o pr\u00e1tica da Elfsight e modifique seu lindo widget TikTok.\" \/>\n<meta name=\"robots\" content=\"index, follow, max-snippet:-1, max-image-preview:large, max-video-preview:-1\" \/>\n<link rel=\"canonical\" href=\"https:\/\/elfsight.com\/pt\/tiktok-feed-widget\/jimdo\/\" \/>\n<meta property=\"og:locale\" content=\"pt_PT\" \/>\n<meta property=\"og:type\" content=\"article\" \/>\n<meta property=\"og:title\" content=\"Adicione o widget TikTok Feed ao site Jimdo (r\u00e1pido e gratuito)\" \/>\n<meta property=\"og:description\" content=\"Incorpore um widget Jimdo TikTok Feed f\u00e1cil de gerenciar em seu site. Experimente a demonstra\u00e7\u00e3o pr\u00e1tica da Elfsight e modifique seu lindo widget TikTok.\" \/>\n<meta property=\"og:url\" content=\"https:\/\/elfsight.com\/pt\/tiktok-feed-widget\/jimdo\/\" \/>\n<meta property=\"og:site_name\" content=\"Elfsight PT\" \/>\n<meta property=\"article:modified_time\" content=\"2024-11-12T15:27:46+00:00\" \/>\n<meta name=\"twitter:card\" content=\"summary_large_image\" \/>\n<meta name=\"twitter:label1\" content=\"Tempo estimado de leitura\" \/>\n\t<meta name=\"twitter:data1\" content=\"3 minutos\" \/>\n<!-- \/ Yoast SEO plugin. -->","yoast_head_json":{"title":"Adicione o widget TikTok Feed ao site Jimdo (r\u00e1pido e gratuito)","description":"Incorpore um widget Jimdo TikTok Feed f\u00e1cil de gerenciar em seu site. Experimente a demonstra\u00e7\u00e3o pr\u00e1tica da Elfsight e modifique seu lindo widget TikTok.","robots":{"index":"index","follow":"follow","max-snippet":"max-snippet:-1","max-image-preview":"max-image-preview:large","max-video-preview":"max-video-preview:-1"},"canonical":"https:\/\/elfsight.com\/pt\/tiktok-feed-widget\/jimdo\/","og_locale":"pt_PT","og_type":"article","og_title":"Adicione o widget TikTok Feed ao site Jimdo (r\u00e1pido e gratuito)","og_description":"Incorpore um widget Jimdo TikTok Feed f\u00e1cil de gerenciar em seu site. Experimente a demonstra\u00e7\u00e3o pr\u00e1tica da Elfsight e modifique seu lindo widget TikTok.","og_url":"https:\/\/elfsight.com\/pt\/tiktok-feed-widget\/jimdo\/","og_site_name":"Elfsight PT","article_modified_time":"2024-11-12T15:27:46+00:00","twitter_card":"summary_large_image","twitter_misc":{"Tempo estimado de leitura":"3 minutos"},"schema":{"@context":"https:\/\/schema.org","@graph":[{"@type":"WebPage","@id":"https:\/\/elfsight.com\/pt\/tiktok-feed-widget\/jimdo\/","url":"https:\/\/elfsight.com\/pt\/tiktok-feed-widget\/jimdo\/","name":"Adicione o widget TikTok Feed ao site Jimdo (r\u00e1pido e gratuito)","isPartOf":{"@id":"https:\/\/elfsight.com\/pt\/#website"},"datePublished":"1970-01-01T00:00:00+00:00","dateModified":"2024-11-12T15:27:46+00:00","description":"Incorpore um widget Jimdo TikTok Feed f\u00e1cil de gerenciar em seu site. Experimente a demonstra\u00e7\u00e3o pr\u00e1tica da Elfsight e modifique seu lindo widget TikTok.","breadcrumb":{"@id":"https:\/\/elfsight.com\/pt\/tiktok-feed-widget\/jimdo\/#breadcrumb"},"inLanguage":"pt-PT","potentialAction":[{"@type":"ReadAction","target":["https:\/\/elfsight.com\/pt\/tiktok-feed-widget\/jimdo\/"]}]},{"@type":"BreadcrumbList","@id":"https:\/\/elfsight.com\/pt\/tiktok-feed-widget\/jimdo\/#breadcrumb","itemListElement":[{"@type":"ListItem","position":1,"name":"Home","item":"https:\/\/elfsight.com\/pt\/"},{"@type":"ListItem","position":2,"name":"TikTok Feed","item":"https:\/\/elfsight.com\/pt\/tiktok-feed-widget\/"},{"@type":"ListItem","position":3,"name":"TikTok Feed &#8211; Jimdo"}]},{"@type":"WebSite","@id":"https:\/\/elfsight.com\/pt\/#website","url":"https:\/\/elfsight.com\/pt\/","name":"Elfsight PT","description":"Just another Elfsight Sites site","potentialAction":[{"@type":"SearchAction","target":{"@type":"EntryPoint","urlTemplate":"https:\/\/elfsight.com\/pt\/?s={search_term_string}"},"query-input":{"@type":"PropertyValueSpecification","valueRequired":true,"valueName":"search_term_string"}}],"inLanguage":"pt-PT"}]}},"meta_box":{"industry":"","seo_heading":"","heading":"","description":"","cta_heading":"","cta_description":"","application":"1490","h1":"Widget Jimdo TikTok Feed","h1_caption":"Revele seu conte\u00fado do TikTok em um site em tr\u00eas etapas!","application_category":[],"applications_title":"","applications_request_title":"","applications_request_button_text":"","hero_text":"","hero_video":"","hero_video_schema_markup":"","selling_points_title":"","selling_points_caption":"","selling_points":[],"selling_points_cta_text":"","features_title":"","features":"","ed_cta_examples_text":"","ed_cta_examples_hidden":"","ed_cta_demo_text":"","ed_cta_demo_hidden":"","why_caption":"","why_editor_title":"","why_editor_text":"","why_team_title":"","why_team_text":"","why_service_title":"","why_service_text":"","template_catalog_visible":"","template_catalog_title":"","template_catalog_text":"","template_catalog_categories_visible":"","demo_title":"Crie seu widget de feed TikTok","demo_caption":"Configure seu feed TikTok e adicione-o ao seu site Jimdo gratuitamente!","default_faq_hidden":"","app_template_category":[],"platform":"5393","template_public_id":"","codecanyon_url":"","codecanyon_item_id":"","codecanyon_price":"","pricing_caption":"","pricing_elfsight_apps_hide_column":"","pricing_elfsight_apps_url":"","pricing_codecanyon_price_caption":"","integration_category":[],"integration_request_title":"","integration_request_cta":"","integration_platform":"","integrations":[],"platform_category":[],"video_schema_markup":"","price":"a partir de US$ 0\/m\u00eas","trial":"","benefits":[{"text":"Assist\u00eancia de instala\u00e7\u00e3o gratuita"},{"text":"Suporte excepcional"},{"text":"Garantia de devolu\u00e7\u00e3o do dinheiro em 14 dias"},{"text":"Melhorias gratuitas vital\u00edcias"}],"button_url":"#demo","button_target_blank":"","button_nofollow":"","attributes":[{"name":"Instala\u00e7\u00f5es","content":"10,000 - 100,000"},{"name":"Responsivo","content":"Sim"},{"name":"Navegadores compat\u00edveis","content":"Firefox, Safari, Opera, Chrome, Edge"}],"tags":[],"tags_disable_links":"","hide_more_platforms":"","video_object":"","demo_hide_cta":"","demo_hide_cloud_options":"","pricing_title":"","pricing":[{"pricing_icon":"platform","pricing_title":"Elfsight Apps","pricing_title_caption":"Software multiplataforma","pricing_price":"a partir de US$ 0\/m\u00eas","pricing_price_caption":"comece com um plano gratuito","pricing_benefits":[{"text":"N\u00famero irrestrito de dom\u00ednios"},{"text":"Suporte profissional e pontual"},{"text":"Suporte profissional e pontual"},{"text":"Totalmente personaliz\u00e1vel"}],"pricing_button_text":"Adicionar ao site","pricing_button_url":"#demo"}],"related_apps_title":"","related_apps_hidden":"","author":"","image":[],"title":"","job":"","social_networks":[]},"_links":{"self":[{"href":"https:\/\/elfsight.com\/pt\/wp-json\/wp\/v2\/pages\/8354","targetHints":{"allow":["GET"]}}],"collection":[{"href":"https:\/\/elfsight.com\/pt\/wp-json\/wp\/v2\/pages"}],"about":[{"href":"https:\/\/elfsight.com\/pt\/wp-json\/wp\/v2\/types\/page"}],"author":[{"embeddable":true,"href":"https:\/\/elfsight.com\/pt\/wp-json\/wp\/v2\/users\/9"}],"replies":[{"embeddable":true,"href":"https:\/\/elfsight.com\/pt\/wp-json\/wp\/v2\/comments?post=8354"}],"version-history":[{"count":1,"href":"https:\/\/elfsight.com\/pt\/wp-json\/wp\/v2\/pages\/8354\/revisions"}],"predecessor-version":[{"id":8358,"href":"https:\/\/elfsight.com\/pt\/wp-json\/wp\/v2\/pages\/8354\/revisions\/8358"}],"up":[{"embeddable":true,"href":"https:\/\/elfsight.com\/pt\/wp-json\/wp\/v2\/pages\/1491"}],"wp:attachment":[{"href":"https:\/\/elfsight.com\/pt\/wp-json\/wp\/v2\/media?parent=8354"}],"curies":[{"name":"wp","href":"https:\/\/api.w.org\/{rel}","templated":true}]}}