{"id":8298,"date":"1970-01-01T00:00:00","date_gmt":"1970-01-01T00:00:00","guid":{"rendered":"https:\/\/elfsight.com\/pt\/?page_id=8298"},"modified":"2024-11-13T11:47:50","modified_gmt":"2024-11-13T11:47:50","slug":"bigcommerce","status":"publish","type":"page","link":"https:\/\/elfsight.com\/pt\/telegram-chat-widget\/bigcommerce\/","title":{"rendered":"Telegram Chat &#8211; BigCommerce"},"content":{"rendered":"<div class=\"application-platform-content-item-description application-platform-content-item\" id=\"description\" data-nav-section=\"description\"><h2>Descri\u00e7\u00e3o<\/h2><p>O aplicativo Telegram feito pela Elfsight \u00e9 uma ferramenta simples para sua p\u00e1gina web que permite que as pessoas entrem em contato com voc\u00ea e recebam respostas \u00e0s suas perguntas. Agora voc\u00ea pode estar dispon\u00edvel online para seus clientes no querido messenger em qualquer lugar e a qualquer hora. Adicione Telegram Chat em sua p\u00e1gina web e ele pode aparecer nas p\u00e1ginas mais importantes ou para determinados tipos de clientes, criar gatilhos de in\u00edcio de chat, demonstrar sua mensagem de boas-vindas exclusiva, alterar \u00edcones e muito mais. Tendo o Telegram Messenger incorporado \u00e0 p\u00e1gina web, voc\u00ea estar\u00e1 dispon\u00edvel para seus visitantes a qualquer hora e em qualquer lugar.<\/p><p><b>\u00c9 uma das maneiras mais pr\u00e1ticas para as pessoas entrarem em contato com voc\u00ea e tirarem suas d\u00favidas. resolvido!<\/b><\/p><\/div><div class=\"application-platform-content-item-features application-platform-content-item\" id=\"features\" data-nav-section=\"features\"><h2>Recursos<\/h2><p>Verifique todas as caracter\u00edsticas funcionais do Telegram Chat. Eles est\u00e3o dispon\u00edveis diretamente no editor e ajudar\u00e3o voc\u00ea a criar o widget certo para suas necessidades.<\/p><ul><li>Adicione o Telegram Messenger em seu site para conversar com os usu\u00e1rios<li>Tr\u00eas tipos de posi\u00e7\u00e3o de chat: flutuante bolha, bolha incorporada e janela de bate-papo incorporada;<\/li><li>Uma biblioteca de \u00edcones de bolha para voc\u00ea escolher;<\/li><li>Op\u00e7\u00e3o para editar o texto da bolha;<\/li><li>Cabe\u00e7alho de bate-papo com imagem, nome e legenda da p\u00e1gina.<\/li><\/ul><p><a href=\"#demo\">Verifique todas as outras fun\u00e7\u00f5es na demonstra\u00e7\u00e3o<\/a><\/p><\/div><div class=\"application-platform-content-item-instala\u00e7\u00e3o application-platform-content-item\" id=\"instala\u00e7\u00e3o\" data-nav-section=\"instala\u00e7\u00e3o\"><h2>Como fa\u00e7o para incorporar o Telegram Chat Box em meu site BigCommerce?<\/h2><div class=\"video-container\"><iframe width=\"720\" height=\"405\" src=\"https:\/\/www.youtube.com\/embed\/8TrJ32HZsYc\" frameborder=\"0\" allowfullscreen><\/iframe><\/div><p>Basta seguir as orienta\u00e7\u00f5es abaixo para inserir o aplicativo no BigCommerce.<\/p> <ol> <li><b>Execute nosso editor gratuito e comece a formar seu pr\u00f3prio widget. <\/b><br> Escolha a forma preferida e as caracter\u00edsticas funcionais do widget e salve as edi\u00e7\u00f5es. <\/li> <li><b>Receba o c\u00f3digo individual que aparece na caixa nas aplica\u00e7\u00f5es Elfsight. <\/b><br> Quando a configura\u00e7\u00e3o do seu widget Telegram estiver conclu\u00edda, copie o c\u00f3digo individual na caixa exibida e guarde-o para uso posterior. <\/li> <li><b>Entre usando o widget em seu site BigCommerce. <\/b><br> Implemente o c\u00f3digo salvo anteriormente em seu site e salve os ajustes. <\/li> <li><b>A configura\u00e7\u00e3o foi conclu\u00edda com sucesso. <\/b><br> Acesse seu site para verificar o funcionamento da ferramenta. <\/li><\/ol><p>N\u00e3o hesite em entrar em contato com nosso servi\u00e7o de suporte caso precise de ajuda ou tenha algo a perguntar. Daremos ajuda em cada solicita\u00e7\u00e3o.<\/p><div class=\"faq\" data-component=\"FAQ\"> <div class=\"faq-item\">\r\n\t\t\t\t\t<div class=\"faq-item-question\">\r\n\t\t\t\t\t\t<h3 class=\"faq-item-question-text\">Como adicionar Telegram Chat ao meu site BigCommerce sem habilidades de codifica\u00e7\u00e3o?<\/h3>\r\n\r\n\t\t\t\t\t\t<div class=\"faq-item-question-icon\"><\/div>\r\n\t\t\t\t\t<\/div>\r\n\r\n\t\t\t\t\t<div class=\"faq-item-answer\">\r\n\t\t\t\t\t\t<div class=\"faq-item-answer-text\"> <p>A Elfsight fornece uma solu\u00e7\u00e3o SaaS que permite criar um Widget Telegram Chat voc\u00ea mesmo, veja como o processo \u00e9 f\u00e1cil: Trabalhe diretamente no Editor online para criar um widget Telegram Chat que voc\u00ea gostaria de ver em seu site BigCommerce. Escolha um dos modelos predefinidos e ajuste as configura\u00e7\u00f5es do Telegram Chat, adicione seu conte\u00fado, altere o layout e as cores sem nenhuma habilidade de codifica\u00e7\u00e3o. Salve o Telegram Chat e copie seu c\u00f3digo de instala\u00e7\u00e3o, que voc\u00ea pode adicionar facilmente ao seu site BigCommerce sem a necessidade de comprar uma vers\u00e3o paga. Com nosso editor intuitivo, qualquer usu\u00e1rio da Internet pode criar um widget Telegram Chat online e incorpor\u00e1-lo facilmente ao seu site BigCommerce. N\u00e3o h\u00e1 necessidade de pagar ou inserir as credenciais do seu cart\u00e3o para acessar o servi\u00e7o. Se voc\u00ea enfrentar qualquer problema em qualquer etapa, n\u00e3o hesite em entrar em contato com nossa equipe de suporte t\u00e9cnico.<\/p> <\/div>\r\n\t\t\t\t\t<\/div>\r\n\t\t\t\t<\/div> <\/div> <\/div>","protected":false},"excerpt":{"rendered":"","protected":false},"author":9,"featured_media":0,"parent":1313,"menu_order":0,"comment_status":"closed","ping_status":"closed","template":"templates\/template-application-platform.php","meta":{"publish_to_discourse":"","publish_post_category":"","wpdc_auto_publish_overridden":"","wpdc_topic_tags":"","wpdc_pin_topic":"","wpdc_pin_until":"","discourse_post_id":"","discourse_permalink":"","wpdc_publishing_response":"","wpdc_publishing_error":"","footnotes":""},"class_list":["post-8298","page","type-page","status-publish","hentry"],"yoast_head":"<!-- This site is optimized with the Yoast SEO plugin v25.3.1 - https:\/\/yoast.com\/wordpress\/plugins\/seo\/ -->\n<title>Adicione Telegram Chat Box ao site BigCommerce (gr\u00e1tis e r\u00e1pido)<\/title>\n<meta name=\"description\" content=\"\u00c9 perfeitamente simples construir seu aplicativo Telegram Chat Box e adicion\u00e1-lo ao seu site BigCommerce. O suporte ao cliente da Elfsight \u00e9 gratuito.\" \/>\n<meta name=\"robots\" content=\"index, follow, max-snippet:-1, max-image-preview:large, max-video-preview:-1\" \/>\n<link rel=\"canonical\" href=\"https:\/\/elfsight.com\/pt\/telegram-chat-widget\/bigcommerce\/\" \/>\n<meta property=\"og:locale\" content=\"pt_PT\" \/>\n<meta property=\"og:type\" content=\"article\" \/>\n<meta property=\"og:title\" content=\"Adicione Telegram Chat Box ao site BigCommerce (gr\u00e1tis e r\u00e1pido)\" \/>\n<meta property=\"og:description\" content=\"\u00c9 perfeitamente simples construir seu aplicativo Telegram Chat Box e adicion\u00e1-lo ao seu site BigCommerce. O suporte ao cliente da Elfsight \u00e9 gratuito.\" \/>\n<meta property=\"og:url\" content=\"https:\/\/elfsight.com\/pt\/telegram-chat-widget\/bigcommerce\/\" \/>\n<meta property=\"og:site_name\" content=\"Elfsight PT\" \/>\n<meta property=\"article:modified_time\" content=\"2024-11-13T11:47:50+00:00\" \/>\n<meta name=\"twitter:card\" content=\"summary_large_image\" \/>\n<meta name=\"twitter:label1\" content=\"Tempo estimado de leitura\" \/>\n\t<meta name=\"twitter:data1\" content=\"3 minutos\" \/>\n<!-- \/ Yoast SEO plugin. -->","yoast_head_json":{"title":"Adicione Telegram Chat Box ao site BigCommerce (gr\u00e1tis e r\u00e1pido)","description":"\u00c9 perfeitamente simples construir seu aplicativo Telegram Chat Box e adicion\u00e1-lo ao seu site BigCommerce. O suporte ao cliente da Elfsight \u00e9 gratuito.","robots":{"index":"index","follow":"follow","max-snippet":"max-snippet:-1","max-image-preview":"max-image-preview:large","max-video-preview":"max-video-preview:-1"},"canonical":"https:\/\/elfsight.com\/pt\/telegram-chat-widget\/bigcommerce\/","og_locale":"pt_PT","og_type":"article","og_title":"Adicione Telegram Chat Box ao site BigCommerce (gr\u00e1tis e r\u00e1pido)","og_description":"\u00c9 perfeitamente simples construir seu aplicativo Telegram Chat Box e adicion\u00e1-lo ao seu site BigCommerce. O suporte ao cliente da Elfsight \u00e9 gratuito.","og_url":"https:\/\/elfsight.com\/pt\/telegram-chat-widget\/bigcommerce\/","og_site_name":"Elfsight PT","article_modified_time":"2024-11-13T11:47:50+00:00","twitter_card":"summary_large_image","twitter_misc":{"Tempo estimado de leitura":"3 minutos"},"schema":{"@context":"https:\/\/schema.org","@graph":[{"@type":"WebPage","@id":"https:\/\/elfsight.com\/pt\/telegram-chat-widget\/bigcommerce\/","url":"https:\/\/elfsight.com\/pt\/telegram-chat-widget\/bigcommerce\/","name":"Adicione Telegram Chat Box ao site BigCommerce (gr\u00e1tis e r\u00e1pido)","isPartOf":{"@id":"https:\/\/elfsight.com\/pt\/#website"},"datePublished":"1970-01-01T00:00:00+00:00","dateModified":"2024-11-13T11:47:50+00:00","description":"\u00c9 perfeitamente simples construir seu aplicativo Telegram Chat Box e adicion\u00e1-lo ao seu site BigCommerce. O suporte ao cliente da Elfsight \u00e9 gratuito.","breadcrumb":{"@id":"https:\/\/elfsight.com\/pt\/telegram-chat-widget\/bigcommerce\/#breadcrumb"},"inLanguage":"pt-PT","potentialAction":[{"@type":"ReadAction","target":["https:\/\/elfsight.com\/pt\/telegram-chat-widget\/bigcommerce\/"]}]},{"@type":"BreadcrumbList","@id":"https:\/\/elfsight.com\/pt\/telegram-chat-widget\/bigcommerce\/#breadcrumb","itemListElement":[{"@type":"ListItem","position":1,"name":"Home","item":"https:\/\/elfsight.com\/pt\/"},{"@type":"ListItem","position":2,"name":"Telegram Chat","item":"https:\/\/elfsight.com\/pt\/telegram-chat-widget\/"},{"@type":"ListItem","position":3,"name":"Telegram Chat &#8211; BigCommerce"}]},{"@type":"WebSite","@id":"https:\/\/elfsight.com\/pt\/#website","url":"https:\/\/elfsight.com\/pt\/","name":"Elfsight PT","description":"Just another Elfsight Sites site","potentialAction":[{"@type":"SearchAction","target":{"@type":"EntryPoint","urlTemplate":"https:\/\/elfsight.com\/pt\/?s={search_term_string}"},"query-input":{"@type":"PropertyValueSpecification","valueRequired":true,"valueName":"search_term_string"}}],"inLanguage":"pt-PT"}]}},"meta_box":{"industry":"","seo_heading":"","heading":"","description":"","cta_heading":"","cta_description":"","application":"1312","h1":"Bate-papo do Telegram do BigCommerce","h1_caption":"A ferramenta mais conveniente para se comunicar diretamente no seu site","application_category":[],"applications_title":"","applications_request_title":"","applications_request_button_text":"","hero_text":"","hero_video":"","hero_video_schema_markup":"","selling_points_title":"","selling_points_caption":"","selling_points":[],"selling_points_cta_text":"","features_title":"","features":"","ed_cta_examples_text":"","ed_cta_examples_hidden":"","ed_cta_demo_text":"","ed_cta_demo_hidden":"","why_caption":"","why_editor_title":"","why_editor_text":"","why_team_title":"","why_team_text":"","why_service_title":"","why_service_text":"","template_catalog_visible":"","template_catalog_title":"","template_catalog_text":"","template_catalog_categories_visible":"","demo_title":"Crie seu aplicativo Telegram Chat","demo_caption":"Configure seu Telegram Chat e adicione-o ao seu site BigCommerce gratuitamente!","default_faq_hidden":"","app_template_category":[],"platform":"43","template_public_id":"","codecanyon_url":"","codecanyon_item_id":"","codecanyon_price":"","pricing_caption":"","pricing_elfsight_apps_hide_column":"","pricing_elfsight_apps_url":"","pricing_codecanyon_price_caption":"","integration_category":[],"integration_request_title":"","integration_request_cta":"","integration_platform":"","integrations":[],"platform_category":[],"video_schema_markup":"","price":"a partir de US$ 0\/m\u00eas","trial":"","benefits":[{"text":"Ajuda de instala\u00e7\u00e3o gratuita"},{"text":"Atendimento ao cliente competente"},{"text":"Garantia de reembolso de 14 dias"},{"text":"Desenvolvimento cont\u00ednuo"}],"button_url":"#demo","button_target_blank":"","button_nofollow":"","attributes":[{"name":"Instala\u00e7\u00f5es","content":"10,000 - 100,000"},{"name":"Responsivo","content":"Sim"},{"name":"Navegadores compat\u00edveis","content":"Firefox, Safari, Opera, Chrome, Edge"}],"tags":[],"tags_disable_links":"","hide_more_platforms":"","video_object":"","demo_hide_cta":"","demo_hide_cloud_options":"","pricing_title":"","pricing":[{"pricing_icon":"platform","pricing_title":"Elfsight Apps","pricing_title_caption":"Vers\u00e3o multiplataforma que funciona em qualquer site","pricing_price":"a partir de US$ 0\/m\u00eas","pricing_price_caption":"comece com um plano gratuito","pricing_benefits":[{"text":"Dom\u00ednios ilimitados"},{"text":"Suporte 24 horas por dia, 7 dias por semana, pontual e bem documentado"},{"text":"Suporte 24 horas por dia, 7 dias por semana, pontual e bem documentado"},{"text":"100% personaliz\u00e1vel"}],"pricing_button_text":"Adicionar ao site","pricing_button_url":"#demo"}],"related_apps_title":"","related_apps_hidden":"","author":"","image":[],"title":"","job":"","social_networks":[]},"_links":{"self":[{"href":"https:\/\/elfsight.com\/pt\/wp-json\/wp\/v2\/pages\/8298","targetHints":{"allow":["GET"]}}],"collection":[{"href":"https:\/\/elfsight.com\/pt\/wp-json\/wp\/v2\/pages"}],"about":[{"href":"https:\/\/elfsight.com\/pt\/wp-json\/wp\/v2\/types\/page"}],"author":[{"embeddable":true,"href":"https:\/\/elfsight.com\/pt\/wp-json\/wp\/v2\/users\/9"}],"replies":[{"embeddable":true,"href":"https:\/\/elfsight.com\/pt\/wp-json\/wp\/v2\/comments?post=8298"}],"version-history":[{"count":2,"href":"https:\/\/elfsight.com\/pt\/wp-json\/wp\/v2\/pages\/8298\/revisions"}],"predecessor-version":[{"id":12278,"href":"https:\/\/elfsight.com\/pt\/wp-json\/wp\/v2\/pages\/8298\/revisions\/12278"}],"up":[{"embeddable":true,"href":"https:\/\/elfsight.com\/pt\/wp-json\/wp\/v2\/pages\/1313"}],"wp:attachment":[{"href":"https:\/\/elfsight.com\/pt\/wp-json\/wp\/v2\/media?parent=8298"}],"curies":[{"name":"wp","href":"https:\/\/api.w.org\/{rel}","templated":true}]}}