{"id":8296,"date":"1970-01-01T00:00:00","date_gmt":"1970-01-01T00:00:00","guid":{"rendered":"https:\/\/elfsight.com\/pt\/?page_id=8296"},"modified":"2024-11-13T11:47:50","modified_gmt":"2024-11-13T11:47:50","slug":"drupal","status":"publish","type":"page","link":"https:\/\/elfsight.com\/pt\/telegram-chat-widget\/drupal\/","title":{"rendered":"Telegram Chat &#8211; Drupal"},"content":{"rendered":"<div class=\"application-platform-content-item-description application-platform-content-item\" id=\"description\" data-nav-section=\"description\"><h2>Descri\u00e7\u00e3o<\/h2><p>O m\u00f3dulo Telegram desenvolvido pela Elfsight \u00e9 a ferramenta mais \u00fatil para os clientes da sua p\u00e1gina web entrarem em contato com voc\u00ea e ouvirem respostas para suas perguntas e solicita\u00e7\u00f5es. Voc\u00ea \u00e9 livre para ficar dispon\u00edvel online para sua clientela no mensageiro mais confort\u00e1vel 24 horas por dia, 7 dias por semana. Insira o Telegram Chat no site do seu site e deixe-o aparecer em p\u00e1ginas espec\u00edficas ou para determinados tipos de pessoas, selecione gatilhos para iniciar o chat, escreva sua pr\u00f3pria mensagem de boas-vindas, altere \u00edcones e muito mais. Usando o Telegram messenger em seu site, voc\u00ea permanecer\u00e1 conectado com seus usu\u00e1rios a qualquer momento e independentemente de onde voc\u00ea estiver.<\/p><p><b>\u00c9 uma das maneiras mais f\u00e1ceis para as pessoas entrarem em contato com voc\u00ea e terem suas d\u00favidas resolvidas! <\/b><\/p><\/div><div class=\"application-platform-content-item-features application-platform-content-item\" id=\"features\" data-nav-section=\"features\"><h2>Recursos<\/h2><p>Aqui voc\u00ea pode ver todas as caracter\u00edsticas funcionais do Telegram Chat. Voc\u00ea pode ajust\u00e1-los diretamente no editor e eles o ajudar\u00e3o a construir o widget especialmente para o seu caso.<\/p><ul><li>Integre o Telegram messenger em sua p\u00e1gina para ter chats com os visitantes<li>Tr\u00eas variantes de posi\u00e7\u00e3o de chat : bolha flutuante, bolha incorporada e janela de bate-papo incorporada;<\/li><li>Uma cole\u00e7\u00e3o de \u00edcones de bolha para escolher;<\/li><li>Op\u00e7\u00e3o para editar o texto da bolha;<\/li><li>Cabe\u00e7alho de bate-papo com imagem, nome e legenda da p\u00e1gina.<\/li><\/ul><p><a href=\"#demo\">Veja como todos os recursos funcionam em nossa demonstra\u00e7\u00e3o<\/a><\/p><\/div> <div class=\"application-platform-content-item-installation application-platform-content-item\" id=\"installation\" data-nav-section=\"installation\"><h2>Como adicionar o Telegram Chat Box ao Drupal?<\/h2><p>Basta seguir as etapas abaixo para inserir a ferramenta no Drupal.<\/p> <ol><li> <b>Utilize nosso configurador gratuito e comece a construir seu pr\u00f3prio m\u00f3dulo Telegram Chat. <\/b><br> Determine a interface e as especifica\u00e7\u00f5es adequadas do m\u00f3dulo e aplique as edi\u00e7\u00f5es. <\/li> <li><b>Adquira o seu c\u00f3digo pessoal que aparece na caixa nas aplica\u00e7\u00f5es Elfsight. <\/b><br> Terminada a configura\u00e7\u00e3o do seu m\u00f3dulo pessoal, copie o c\u00f3digo exclusivo no popup que aparece e salve-o para uso posterior. <\/li> <li><b>Comece a usar o widget no seu site Drupal. <\/b><br> Integre o c\u00f3digo que voc\u00ea copiou anteriormente em seu site e aplique as melhorias. <\/li> <li><b>A configura\u00e7\u00e3o foi executada com sucesso. <\/b><br> Acesse seu site para inspecionar como a ferramenta est\u00e1 funcionando. <\/li><\/ol><p>N\u00e3o hesite em contactar o apoio ao cliente da Elfsight se precisar de aconselhamento ou tiver problemas. Os nossos especialistas ter\u00e3o todo o prazer em ajudar com cada pedido.<\/p><div class=\"faq\" data-component=\"FAQ\"> <div class=\"faq-item\">\r\n\t\t\t\t\t<div class=\"faq-item-question\">\r\n\t\t\t\t\t\t<h3 class=\"faq-item-question-text\">Como adicionar Telegram Chat ao meu site Drupal sem conhecimentos de codifica\u00e7\u00e3o?<\/h3>\r\n\r\n\t\t\t\t\t\t<div class=\"faq-item-question-icon\"><\/div>\r\n\t\t\t\t\t<\/div>\r\n\r\n\t\t\t\t\t<div class=\"faq-item-answer\">\r\n\t\t\t\t\t\t<div class=\"faq-item-answer-text\"> <p>A Elfsight fornece uma solu\u00e7\u00e3o SaaS que lhe permite criar voc\u00ea mesmo um widget Telegram Chat, veja como o processo \u00e9 f\u00e1cil: Trabalhe diretamente no Editor online para criar um widget Telegram Chat que voc\u00ea gostaria de ver em seu site Drupal. Escolha um dos modelos predefinidos e ajuste as configura\u00e7\u00f5es do Telegram Chat, adicione seu conte\u00fado, altere o layout e as cores sem nenhuma habilidade de codifica\u00e7\u00e3o. Salve o Telegram Chat e copie seu c\u00f3digo de instala\u00e7\u00e3o, que voc\u00ea pode colar facilmente no seu site Drupal sem comprar uma assinatura paga. Com nosso editor intuitivo, qualquer usu\u00e1rio da Internet pode criar um widget Telegram Chat online e incorpor\u00e1-lo facilmente ao seu site Drupal. N\u00e3o h\u00e1 necessidade de pagar ou inserir as credenciais do seu cart\u00e3o para acessar o servi\u00e7o. Se voc\u00ea enfrentar qualquer problema em qualquer etapa, n\u00e3o hesite em entrar em contato com nossa equipe de suporte t\u00e9cnico.<\/p> <\/div>\r\n\t\t\t\t\t<\/div>\r\n\t\t\t\t<\/div> <\/div> <\/div>","protected":false},"excerpt":{"rendered":"","protected":false},"author":9,"featured_media":0,"parent":1313,"menu_order":0,"comment_status":"closed","ping_status":"closed","template":"templates\/template-application-platform.php","meta":{"publish_to_discourse":"","publish_post_category":"","wpdc_auto_publish_overridden":"","wpdc_topic_tags":"","wpdc_pin_topic":"","wpdc_pin_until":"","discourse_post_id":"","discourse_permalink":"","wpdc_publishing_response":"","wpdc_publishing_error":"","footnotes":""},"class_list":["post-8296","page","type-page","status-publish","hentry"],"yoast_head":"<!-- This site is optimized with the Yoast SEO plugin v25.3.1 - https:\/\/yoast.com\/wordpress\/plugins\/seo\/ -->\n<title>Adicionar Telegram Chat Box ao site Drupal (gr\u00e1tis e r\u00e1pido)<\/title>\n<meta name=\"description\" content=\"Com a Elfsight, crie a sua caixa de chat do Telegram e adicione-a rapidamente ao seu site Drupal. Oferecemos atendimento gratuito ao cliente e mais b\u00f4nus.\" \/>\n<meta name=\"robots\" content=\"index, follow, max-snippet:-1, max-image-preview:large, max-video-preview:-1\" \/>\n<link rel=\"canonical\" href=\"https:\/\/elfsight.com\/pt\/telegram-chat-widget\/drupal\/\" \/>\n<meta property=\"og:locale\" content=\"pt_PT\" \/>\n<meta property=\"og:type\" content=\"article\" \/>\n<meta property=\"og:title\" content=\"Adicionar Telegram Chat Box ao site Drupal (gr\u00e1tis e r\u00e1pido)\" \/>\n<meta property=\"og:description\" content=\"Com a Elfsight, crie a sua caixa de chat do Telegram e adicione-a rapidamente ao seu site Drupal. Oferecemos atendimento gratuito ao cliente e mais b\u00f4nus.\" \/>\n<meta property=\"og:url\" content=\"https:\/\/elfsight.com\/pt\/telegram-chat-widget\/drupal\/\" \/>\n<meta property=\"og:site_name\" content=\"Elfsight PT\" \/>\n<meta property=\"article:modified_time\" content=\"2024-11-13T11:47:50+00:00\" \/>\n<meta name=\"twitter:card\" content=\"summary_large_image\" \/>\n<meta name=\"twitter:label1\" content=\"Tempo estimado de leitura\" \/>\n\t<meta name=\"twitter:data1\" content=\"3 minutos\" \/>\n<!-- \/ Yoast SEO plugin. -->","yoast_head_json":{"title":"Adicionar Telegram Chat Box ao site Drupal (gr\u00e1tis e r\u00e1pido)","description":"Com a Elfsight, crie a sua caixa de chat do Telegram e adicione-a rapidamente ao seu site Drupal. Oferecemos atendimento gratuito ao cliente e mais b\u00f4nus.","robots":{"index":"index","follow":"follow","max-snippet":"max-snippet:-1","max-image-preview":"max-image-preview:large","max-video-preview":"max-video-preview:-1"},"canonical":"https:\/\/elfsight.com\/pt\/telegram-chat-widget\/drupal\/","og_locale":"pt_PT","og_type":"article","og_title":"Adicionar Telegram Chat Box ao site Drupal (gr\u00e1tis e r\u00e1pido)","og_description":"Com a Elfsight, crie a sua caixa de chat do Telegram e adicione-a rapidamente ao seu site Drupal. Oferecemos atendimento gratuito ao cliente e mais b\u00f4nus.","og_url":"https:\/\/elfsight.com\/pt\/telegram-chat-widget\/drupal\/","og_site_name":"Elfsight PT","article_modified_time":"2024-11-13T11:47:50+00:00","twitter_card":"summary_large_image","twitter_misc":{"Tempo estimado de leitura":"3 minutos"},"schema":{"@context":"https:\/\/schema.org","@graph":[{"@type":"WebPage","@id":"https:\/\/elfsight.com\/pt\/telegram-chat-widget\/drupal\/","url":"https:\/\/elfsight.com\/pt\/telegram-chat-widget\/drupal\/","name":"Adicionar Telegram Chat Box ao site Drupal (gr\u00e1tis e r\u00e1pido)","isPartOf":{"@id":"https:\/\/elfsight.com\/pt\/#website"},"datePublished":"1970-01-01T00:00:00+00:00","dateModified":"2024-11-13T11:47:50+00:00","description":"Com a Elfsight, crie a sua caixa de chat do Telegram e adicione-a rapidamente ao seu site Drupal. Oferecemos atendimento gratuito ao cliente e mais b\u00f4nus.","breadcrumb":{"@id":"https:\/\/elfsight.com\/pt\/telegram-chat-widget\/drupal\/#breadcrumb"},"inLanguage":"pt-PT","potentialAction":[{"@type":"ReadAction","target":["https:\/\/elfsight.com\/pt\/telegram-chat-widget\/drupal\/"]}]},{"@type":"BreadcrumbList","@id":"https:\/\/elfsight.com\/pt\/telegram-chat-widget\/drupal\/#breadcrumb","itemListElement":[{"@type":"ListItem","position":1,"name":"Home","item":"https:\/\/elfsight.com\/pt\/"},{"@type":"ListItem","position":2,"name":"Telegram Chat","item":"https:\/\/elfsight.com\/pt\/telegram-chat-widget\/"},{"@type":"ListItem","position":3,"name":"Telegram Chat &#8211; Drupal"}]},{"@type":"WebSite","@id":"https:\/\/elfsight.com\/pt\/#website","url":"https:\/\/elfsight.com\/pt\/","name":"Elfsight PT","description":"Just another Elfsight Sites site","potentialAction":[{"@type":"SearchAction","target":{"@type":"EntryPoint","urlTemplate":"https:\/\/elfsight.com\/pt\/?s={search_term_string}"},"query-input":{"@type":"PropertyValueSpecification","valueRequired":true,"valueName":"search_term_string"}}],"inLanguage":"pt-PT"}]}},"meta_box":{"industry":"","seo_heading":"","heading":"","description":"","cta_heading":"","cta_description":"","application":"1312","h1":"Bate-papo do Telegram Drupal","h1_caption":"A ferramenta mais \u00fatil para interagir diretamente no seu site","application_category":[],"applications_title":"","applications_request_title":"","applications_request_button_text":"","hero_text":"","hero_video":"","hero_video_schema_markup":"","selling_points_title":"","selling_points_caption":"","selling_points":[],"selling_points_cta_text":"","features_title":"","features":"","ed_cta_examples_text":"","ed_cta_examples_hidden":"","ed_cta_demo_text":"","ed_cta_demo_hidden":"","why_caption":"","why_editor_title":"","why_editor_text":"","why_team_title":"","why_team_text":"","why_service_title":"","why_service_text":"","template_catalog_visible":"","template_catalog_title":"","template_catalog_text":"","template_catalog_categories_visible":"","demo_title":"Crie seu m\u00f3dulo Telegram Chat","demo_caption":"Configure seu Telegram Chat e adicione-o ao seu site Drupal gratuitamente!","default_faq_hidden":"","app_template_category":[],"platform":"4905","template_public_id":"","codecanyon_url":"","codecanyon_item_id":"","codecanyon_price":"","pricing_caption":"","pricing_elfsight_apps_hide_column":"","pricing_elfsight_apps_url":"","pricing_codecanyon_price_caption":"","integration_category":[],"integration_request_title":"","integration_request_cta":"","integration_platform":"","integrations":[],"platform_category":[],"video_schema_markup":"","price":"a partir de US$ 0\/m\u00eas","trial":"","benefits":[{"text":"Assist\u00eancia de instala\u00e7\u00e3o gratuita"},{"text":"Atendimento ao cliente profissional"},{"text":"Garantia de reembolso de 14 dias"},{"text":"Melhorias cont\u00ednuas"}],"button_url":"#demo","button_target_blank":"","button_nofollow":"","attributes":[{"name":"Instala\u00e7\u00f5es","content":"10,000 - 100,000"},{"name":"Responsivo","content":"Sim"},{"name":"Navegadores compat\u00edveis","content":"IE11, Firefox, Safari, Opera, Chrome, Edge"}],"tags":[],"tags_disable_links":"","hide_more_platforms":"","video_object":"","demo_hide_cta":"","demo_hide_cloud_options":"","pricing_title":"","pricing":[{"pricing_icon":"platform","pricing_title":"Elfsight Apps","pricing_title_caption":"Solu\u00e7\u00e3o digital multiplataforma","pricing_price":"a partir de US$ 0\/m\u00eas","pricing_price_caption":"comece com plano gratuito","pricing_benefits":[{"text":"Dom\u00ednios ilimitados"},{"text":"Suporte dedicado ao cliente"},{"text":"Suporte dedicado ao cliente"},{"text":"Oferta especial para v\u00e1rios aplicativos"}],"pricing_button_text":"Adicionar ao site","pricing_button_url":"#demo"}],"related_apps_title":"","related_apps_hidden":"","author":"","image":[],"title":"","job":"","social_networks":[]},"_links":{"self":[{"href":"https:\/\/elfsight.com\/pt\/wp-json\/wp\/v2\/pages\/8296","targetHints":{"allow":["GET"]}}],"collection":[{"href":"https:\/\/elfsight.com\/pt\/wp-json\/wp\/v2\/pages"}],"about":[{"href":"https:\/\/elfsight.com\/pt\/wp-json\/wp\/v2\/types\/page"}],"author":[{"embeddable":true,"href":"https:\/\/elfsight.com\/pt\/wp-json\/wp\/v2\/users\/9"}],"replies":[{"embeddable":true,"href":"https:\/\/elfsight.com\/pt\/wp-json\/wp\/v2\/comments?post=8296"}],"version-history":[{"count":1,"href":"https:\/\/elfsight.com\/pt\/wp-json\/wp\/v2\/pages\/8296\/revisions"}],"predecessor-version":[{"id":8300,"href":"https:\/\/elfsight.com\/pt\/wp-json\/wp\/v2\/pages\/8296\/revisions\/8300"}],"up":[{"embeddable":true,"href":"https:\/\/elfsight.com\/pt\/wp-json\/wp\/v2\/pages\/1313"}],"wp:attachment":[{"href":"https:\/\/elfsight.com\/pt\/wp-json\/wp\/v2\/media?parent=8296"}],"curies":[{"name":"wp","href":"https:\/\/api.w.org\/{rel}","templated":true}]}}