{"id":8290,"date":"1970-01-01T00:00:00","date_gmt":"1970-01-01T00:00:00","guid":{"rendered":"https:\/\/elfsight.com\/pt\/?page_id=8290"},"modified":"2025-03-03T09:19:56","modified_gmt":"2025-03-03T09:19:56","slug":"joomla","status":"publish","type":"page","link":"https:\/\/elfsight.com\/pt\/telegram-chat-widget\/joomla\/","title":{"rendered":"Telegram Chat &#8211; Joomla"},"content":{"rendered":"\n<div class=\"application-platform-content-item-description application-platform-content-item\" id=\"description\" data-nav-section=\"description\"><h2>Descri\u00e7\u00e3o<\/h2><p>A extens\u00e3o Telegram da Elfsight \u00e9 a maneira mais r\u00e1pida para os clientes do seu site entrarem em contato com voc\u00ea e obterem respostas \u00e0s suas perguntas e solicita\u00e7\u00f5es. Fique dispon\u00edvel agora mesmo para as pessoas em seu querido mensageiro em todos os momentos. Coloque o Telegram Chat em sua loja e fa\u00e7a-o aparecer em p\u00e1ginas selecionadas ou para tipos selecionados de clientela, escolha gatilhos para iniciar chat, mostre sua mensagem de boas-vindas personalizada, escolha \u00edcones e aplique outras personaliza\u00e7\u00f5es. Usando o Telegram Messenger incorporado em seu site, voc\u00ea ficar\u00e1 por dentro dos clientes a qualquer hora e em qualquer lugar.<\/p><p><b>\u00c9 a maneira mais pr\u00e1tica para as pessoas entrarem em contato com voc\u00ea e tirarem suas d\u00favidas! <\/b><\/p><\/div><div class=\"application-platform-content-item-features application-platform-content-item\" id=\"features\" data-nav-section=\"features\"><h2>Recursos<\/h2><p>Aqui voc\u00ea pode ver todas as fun\u00e7\u00f5es do Telegram Chat. Eles est\u00e3o dispon\u00edveis diretamente no editor e ajudar\u00e3o voc\u00ea a configurar o widget exatamente para seu caso de uso.<\/p><ul><li>Adicione o Telegram Messenger em seu site para conversar com os visitantes<li>3 variantes de posi\u00e7\u00e3o de chat : bolha flutuante, bolha incorporada e janela de bate-papo incorporada;<\/li><li>Uma biblioteca de \u00edcones de bolha para voc\u00ea selecionar;<\/li><li>Texto de bolha edit\u00e1vel;<\/li><li>Cabe\u00e7alho FlexibleChat com logotipo, nome e legenda da p\u00e1gina.<\/li><\/ul><p><a href=\"#demo\">Voc\u00ea pode testar todas as caracter\u00edsticas funcionais do widget diretamente na demonstra\u00e7\u00e3o<\/a><\/p><\/div><div class=\"application-platform-content-item-installation application-platform-content-item\" id=\"installation\" data-nav-section=\"installation\"><h2>Como fa\u00e7o para integrar o Telegram Chat Box com o Joomla?<\/h2><p>Basta seguir as etapas abaixo para adicionar a ferramenta no Joomla.<\/p> <ol><li><b>Gerencie nosso editor gratuito e comece a moldar sua extens\u00e3o personalizada do Telegram Chat. <\/b><br> Especifique a forma e as caracter\u00edsticas preferidas do widget e aplique as corre\u00e7\u00f5es. <\/li> <li><b>Obtenha o seu c\u00f3digo pessoal que aparece na caixa nas aplica\u00e7\u00f5es Elfsight. <\/b><br> Quando a cria\u00e7\u00e3o do seu plugin pessoal terminar, copie o c\u00f3digo pessoal na caixa exibida e guarde-o para uso posterior. <\/li> <li><b>Comece a usar a extens\u00e3o em seu site Joomla. <\/b><br> Cole o c\u00f3digo copiado anteriormente em sua p\u00e1gina e salve as melhorias. <\/li> <li><b>A instala\u00e7\u00e3o foi realizada com sucesso. <\/b><br> Visite seu site para ver como a ferramenta est\u00e1 funcionando. <\/li><\/ol><p>Voc\u00ea pode entrar em contato com o atendimento ao cliente se precisar de ajuda ou tiver problemas. Os nossos especialistas ter\u00e3o todo o prazer em ajudar com cada pedido.<\/p><div class=\"faq\" data-component=\"FAQ\"> <div class=\"faq-item\">\r\n\t\t\t\t\t<div class=\"faq-item-question\">\r\n\t\t\t\t\t\t<h3 class=\"faq-item-question-text\">Como adicionar o Telegram Chat ao meu site Joomla sem conhecimentos de codifica\u00e7\u00e3o?<\/h3>\r\n\r\n\t\t\t\t\t\t<div class=\"faq-item-question-icon\"><\/div>\r\n\t\t\t\t\t<\/div>\r\n\r\n\t\t\t\t\t<div class=\"faq-item-answer\">\r\n\t\t\t\t\t\t<div class=\"faq-item-answer-text\"> <p>A Elfsight fornece uma solu\u00e7\u00e3o SaaS que lhe permite criar voc\u00ea mesmo um widget Telegram Chat, veja como o processo \u00e9 f\u00e1cil: Trabalhe diretamente no Editor online para criar um widget Telegram Chat que voc\u00ea gostaria de ver em seu site Joomla. Escolha um dos modelos predefinidos e ajuste as configura\u00e7\u00f5es do Telegram Chat, adicione seu conte\u00fado, altere o layout e as cores sem nenhuma habilidade de codifica\u00e7\u00e3o. Salve o Telegram Chat e copie seu c\u00f3digo de instala\u00e7\u00e3o, que voc\u00ea pode colar facilmente em seu site Joomla sem a necessidade de adquirir um plano pago. Com nosso editor intuitivo, qualquer usu\u00e1rio da Internet pode criar um widget Telegram Chat online e incorpor\u00e1-lo facilmente em seu site Joomla. N\u00e3o h\u00e1 necessidade de pagar ou inserir as credenciais do seu cart\u00e3o para acessar o servi\u00e7o. Se voc\u00ea enfrentar qualquer problema em qualquer etapa, n\u00e3o hesite em entrar em contato com nossa equipe de suporte t\u00e9cnico.<\/p> <\/div>\r\n\t\t\t\t\t<\/div>\r\n\t\t\t\t<\/div> <\/div> <\/div>\n","protected":false},"excerpt":{"rendered":"","protected":false},"author":9,"featured_media":0,"parent":1313,"menu_order":0,"comment_status":"closed","ping_status":"closed","template":"templates\/template-application-platform.php","meta":{"publish_to_discourse":"","publish_post_category":"","wpdc_auto_publish_overridden":"","wpdc_topic_tags":"","wpdc_pin_topic":"","wpdc_pin_until":"","discourse_post_id":"","discourse_permalink":"","wpdc_publishing_response":"","wpdc_publishing_error":"","footnotes":""},"class_list":["post-8290","page","type-page","status-publish","hentry"],"yoast_head":"<!-- This site is optimized with the Yoast SEO plugin v25.3.1 - https:\/\/yoast.com\/wordpress\/plugins\/seo\/ -->\n<title>Widget de bate-papo do telegrama | Adicionar Telegram Chat Box ao site Joomla [2025]<\/title>\n<meta name=\"description\" content=\"\u00c9 f\u00e1cil formar sua extens\u00e3o Telegram Chat Box e coloc\u00e1-la em sua p\u00e1gina Joomla. O atendimento ao cliente da Elfsight \u00e9 gratuito.\" \/>\n<meta name=\"robots\" content=\"index, follow, max-snippet:-1, max-image-preview:large, max-video-preview:-1\" \/>\n<link rel=\"canonical\" href=\"https:\/\/elfsight.com\/pt\/telegram-chat-widget\/joomla\/\" \/>\n<meta property=\"og:locale\" content=\"pt_PT\" \/>\n<meta property=\"og:type\" content=\"article\" \/>\n<meta property=\"og:title\" content=\"Widget de bate-papo do telegrama | Adicionar Telegram Chat Box ao site Joomla [2025]\" \/>\n<meta property=\"og:description\" content=\"\u00c9 f\u00e1cil formar sua extens\u00e3o Telegram Chat Box e coloc\u00e1-la em sua p\u00e1gina Joomla. O atendimento ao cliente da Elfsight \u00e9 gratuito.\" \/>\n<meta property=\"og:url\" content=\"https:\/\/elfsight.com\/pt\/telegram-chat-widget\/joomla\/\" \/>\n<meta property=\"og:site_name\" content=\"Elfsight PT\" \/>\n<meta property=\"article:modified_time\" content=\"2025-03-03T09:19:56+00:00\" \/>\n<meta name=\"twitter:card\" content=\"summary_large_image\" \/>\n<meta name=\"twitter:label1\" content=\"Tempo estimado de leitura\" \/>\n\t<meta name=\"twitter:data1\" content=\"3 minutos\" \/>\n<!-- \/ Yoast SEO plugin. -->","yoast_head_json":{"title":"Widget de bate-papo do telegrama | Adicionar Telegram Chat Box ao site Joomla [2025]","description":"\u00c9 f\u00e1cil formar sua extens\u00e3o Telegram Chat Box e coloc\u00e1-la em sua p\u00e1gina Joomla. O atendimento ao cliente da Elfsight \u00e9 gratuito.","robots":{"index":"index","follow":"follow","max-snippet":"max-snippet:-1","max-image-preview":"max-image-preview:large","max-video-preview":"max-video-preview:-1"},"canonical":"https:\/\/elfsight.com\/pt\/telegram-chat-widget\/joomla\/","og_locale":"pt_PT","og_type":"article","og_title":"Widget de bate-papo do telegrama | Adicionar Telegram Chat Box ao site Joomla [2025]","og_description":"\u00c9 f\u00e1cil formar sua extens\u00e3o Telegram Chat Box e coloc\u00e1-la em sua p\u00e1gina Joomla. O atendimento ao cliente da Elfsight \u00e9 gratuito.","og_url":"https:\/\/elfsight.com\/pt\/telegram-chat-widget\/joomla\/","og_site_name":"Elfsight PT","article_modified_time":"2025-03-03T09:19:56+00:00","twitter_card":"summary_large_image","twitter_misc":{"Tempo estimado de leitura":"3 minutos"},"schema":{"@context":"https:\/\/schema.org","@graph":[{"@type":"WebPage","@id":"https:\/\/elfsight.com\/pt\/telegram-chat-widget\/joomla\/","url":"https:\/\/elfsight.com\/pt\/telegram-chat-widget\/joomla\/","name":"Widget de bate-papo do telegrama | Adicionar Telegram Chat Box ao site Joomla [2025]","isPartOf":{"@id":"https:\/\/elfsight.com\/pt\/#website"},"datePublished":"1970-01-01T00:00:00+00:00","dateModified":"2025-03-03T09:19:56+00:00","description":"\u00c9 f\u00e1cil formar sua extens\u00e3o Telegram Chat Box e coloc\u00e1-la em sua p\u00e1gina Joomla. O atendimento ao cliente da Elfsight \u00e9 gratuito.","breadcrumb":{"@id":"https:\/\/elfsight.com\/pt\/telegram-chat-widget\/joomla\/#breadcrumb"},"inLanguage":"pt-PT","potentialAction":[{"@type":"ReadAction","target":["https:\/\/elfsight.com\/pt\/telegram-chat-widget\/joomla\/"]}]},{"@type":"BreadcrumbList","@id":"https:\/\/elfsight.com\/pt\/telegram-chat-widget\/joomla\/#breadcrumb","itemListElement":[{"@type":"ListItem","position":1,"name":"Home","item":"https:\/\/elfsight.com\/pt\/"},{"@type":"ListItem","position":2,"name":"Telegram Chat","item":"https:\/\/elfsight.com\/pt\/telegram-chat-widget\/"},{"@type":"ListItem","position":3,"name":"Telegram Chat &#8211; Joomla"}]},{"@type":"WebSite","@id":"https:\/\/elfsight.com\/pt\/#website","url":"https:\/\/elfsight.com\/pt\/","name":"Elfsight PT","description":"Just another Elfsight Sites site","potentialAction":[{"@type":"SearchAction","target":{"@type":"EntryPoint","urlTemplate":"https:\/\/elfsight.com\/pt\/?s={search_term_string}"},"query-input":{"@type":"PropertyValueSpecification","valueRequired":true,"valueName":"search_term_string"}}],"inLanguage":"pt-PT"}]}},"meta_box":{"industry":"","seo_heading":"","heading":"","description":"","cta_heading":"","cta_description":"","application":"1312","h1":"Bate-papo do Telegram Joomla","h1_caption":"A ferramenta mais pr\u00e1tica para se comunicar diretamente em sua p\u00e1gina web","application_category":[],"applications_title":"","applications_request_title":"","applications_request_button_text":"","hero_text":"","hero_video":"","hero_video_schema_markup":"","selling_points_title":"","selling_points_caption":"","selling_points":[],"selling_points_cta_text":"","features_title":"","features":"","ed_cta_examples_text":"","ed_cta_examples_hidden":"","ed_cta_demo_text":"","ed_cta_demo_hidden":"","why_caption":"","why_editor_title":"","why_editor_text":"","why_team_title":"","why_team_text":"","why_service_title":"","why_service_text":"","template_catalog_visible":"0","template_catalog_title":"","template_catalog_text":"","template_catalog_categories_visible":"","demo_title":"Crie seu plugin de bate-papo do Telegram","demo_caption":"Configure seu Telegram Chat e adicione-o ao seu site Joomla gratuitamente!","default_faq_hidden":"","app_template_category":[],"platform":"52","template_public_id":"","codecanyon_url":"","codecanyon_item_id":"","codecanyon_price":"","pricing_caption":"","pricing_elfsight_apps_hide_column":"","pricing_elfsight_apps_url":"","pricing_codecanyon_price_caption":"","integration_category":[],"integration_request_title":"","integration_request_cta":"","integration_platform":"","integrations":[],"platform_category":[],"video_schema_markup":"","price":"a partir de US$ 0\/m\u00eas","trial":"","benefits":[{"text":"Assist\u00eancia de instala\u00e7\u00e3o gratuita"},{"text":"Suporte premium"},{"text":"Garantia de devolu\u00e7\u00e3o do dinheiro em 14 dias"},{"text":"Desenvolvimento cont\u00ednuo"}],"button_url":"#demo","button_target_blank":"0","button_nofollow":"0","attributes":[{"name":"Instala\u00e7\u00f5es","content":"10,000 - 100,000"},{"name":"Responsivo","content":"Sim"},{"name":"Navegadores compat\u00edveis","content":"IE11, Firefox, Safari, Opera, Chrome, Edge"}],"tags":[],"tags_disable_links":"0","hide_more_platforms":"0","video_object":"","demo_hide_cta":"0","demo_hide_cloud_options":"0","pricing_title":"","pricing":[{"pricing_icon":"platform","pricing_title":"Elfsight Apps","pricing_title_caption":"Solu\u00e7\u00e3o digital multiplataforma","pricing_price":"a partir de US$ 0\/m\u00eas","pricing_price_caption":"comece com plano gratuito","pricing_benefits":[{"text":"Dom\u00ednios ilimitados"},{"text":"Suporte ao cliente premium e bem documentado"},{"text":"Suporte ao cliente premium e bem documentado"},{"text":"Pre\u00e7o a ser pago para v\u00e1rios aplicativos"}],"pricing_button_text":"Adicionar ao site","pricing_button_url":"#demo"}],"related_apps_title":"","related_apps_hidden":"0","author":"","image":[],"title":"","job":"","social_networks":[]},"_links":{"self":[{"href":"https:\/\/elfsight.com\/pt\/wp-json\/wp\/v2\/pages\/8290","targetHints":{"allow":["GET"]}}],"collection":[{"href":"https:\/\/elfsight.com\/pt\/wp-json\/wp\/v2\/pages"}],"about":[{"href":"https:\/\/elfsight.com\/pt\/wp-json\/wp\/v2\/types\/page"}],"author":[{"embeddable":true,"href":"https:\/\/elfsight.com\/pt\/wp-json\/wp\/v2\/users\/9"}],"replies":[{"embeddable":true,"href":"https:\/\/elfsight.com\/pt\/wp-json\/wp\/v2\/comments?post=8290"}],"version-history":[{"count":2,"href":"https:\/\/elfsight.com\/pt\/wp-json\/wp\/v2\/pages\/8290\/revisions"}],"predecessor-version":[{"id":14162,"href":"https:\/\/elfsight.com\/pt\/wp-json\/wp\/v2\/pages\/8290\/revisions\/14162"}],"up":[{"embeddable":true,"href":"https:\/\/elfsight.com\/pt\/wp-json\/wp\/v2\/pages\/1313"}],"wp:attachment":[{"href":"https:\/\/elfsight.com\/pt\/wp-json\/wp\/v2\/media?parent=8290"}],"curies":[{"name":"wp","href":"https:\/\/api.w.org\/{rel}","templated":true}]}}