{"id":8280,"date":"1970-01-01T00:00:00","date_gmt":"1970-01-01T00:00:00","guid":{"rendered":"https:\/\/elfsight.com\/pt\/?page_id=8280"},"modified":"2024-11-13T11:47:32","modified_gmt":"2024-11-13T11:47:32","slug":"opencart","status":"publish","type":"page","link":"https:\/\/elfsight.com\/pt\/telegram-chat-widget\/opencart\/","title":{"rendered":"Telegram Chat &#8211; OpenCart"},"content":{"rendered":"<div class=\"application-platform-content-item-description application-platform-content-item\" id=\"description\" data-nav-section=\"description\"><h2>Descri\u00e7\u00e3o<\/h2><p>A extens\u00e3o de telegrama criada pela Elfsight \u00e9 a maneira mais simples de o p\u00fablico da sua p\u00e1gina web se comunicar com voc\u00ea e obter respostas \u00e0s suas perguntas e solicita\u00e7\u00f5es. Esteja dispon\u00edvel para seus visitantes em um dos mensageiros mais queridos, n\u00e3o importa onde voc\u00ea esteja. Cole o Telegram Chat na loja e fa\u00e7a-o aparecer nas p\u00e1ginas escolhidas ou para determinados grupos de clientes, estabele\u00e7a gatilhos para iniciar o chat, inclua sua pr\u00f3pria mensagem de boas-vindas, altere \u00edcones e muito mais. Com o Telegram Messenger instalado no site, voc\u00ea estar\u00e1 dispon\u00edvel para seus telespectadores a qualquer hora e em qualquer lugar.<\/p><p><b>\u00c9 uma das maneiras mais f\u00e1ceis para as pessoas entrarem em contato com voc\u00ea e terem seus problemas resolvidos!<\/b><\/p><\/div><div class=\"application-platform-content-item-features application-platform-content-item\" id=\"features\" data-nav-section=\"features\"><h2>Recursos<\/h2><p>Verifique todas as caracter\u00edsticas funcionais do Telegram Chat. Voc\u00ea pode configur\u00e1-los diretamente no editor e eles o ajudar\u00e3o a configurar o widget certo para suas necessidades.<\/p><ul><li>Integre o Telegram Messenger em seu site para conversar com os usu\u00e1rios<li>Tr\u00eas tipos de posi\u00e7\u00e3o de chat: bolha flutuante, bolha incorporada e janela de bate-papo incorporada;<\/li><li>Uma cole\u00e7\u00e3o de \u00edcones de bolha para escolher;<\/li><li>Texto de bolha edit\u00e1vel;<\/li><li>Cabe\u00e7alho de bate-papo com imagem da p\u00e1gina, nome e legenda.<\/li><\/ul><p><a href=\"#demo\">Verifique todas as outras fun\u00e7\u00f5es na demonstra\u00e7\u00e3o<\/a><\/p><\/div><div class=\"application-platform-content-item-installation  application-platform-content-item\" id=\"installation \" data-nav-section=\"installation \"><h2>Como adicionar Telegram Chat Box ao OpenCart?<\/h2><p>Para adicionar widget, basta seguir as orienta\u00e7\u00f5es abaixo.<\/p><ol><li><b>Execute nosso configurador gratuito e comece formando sua extens\u00e3o personalizada do Telegram. <\/b><br> Determine a apar\u00eancia e os recursos preferidos da extens\u00e3o e aplique todas as corre\u00e7\u00f5es. <\/li> <li><b>Copie o seu c\u00f3digo exclusivo revelado no formul\u00e1rio especial nas aplica\u00e7\u00f5es Elfsight. <\/b><br> Quando a cria\u00e7\u00e3o da sua extens\u00e3o pessoal estiver conclu\u00edda, copie o seu c\u00f3digo da janela que surgir e guarde-o para necessidades futuras. <\/li> <li><b>Inicie a utiliza\u00e7\u00e3o da extens\u00e3o em seu site OpenCart. <\/b><br> Integre o c\u00f3digo que voc\u00ea salvou anteriormente em seu site e aplique as edi\u00e7\u00f5es. <\/li> <li><b>A instala\u00e7\u00e3o foi totalmente conclu\u00edda. <\/b><br> Acesse sua p\u00e1gina da web para avaliar o desempenho da extens\u00e3o. <\/li><\/ol><p>Reserve um minuto para entrar em contato com o suporte ao cliente da Elfsight se precisar de ajuda ou tiver d\u00favidas. Os nossos especialistas ter\u00e3o todo o prazer em ajudar com qualquer quest\u00e3o.<\/p><div class=\"faq\" data-component=\"FAQ\"> <div class=\"faq-item\">\r\n\t\t\t\t\t<div class=\"faq-item-question\">\r\n\t\t\t\t\t\t<h3 class=\"faq-item-question-text\">Como posso adicionar o Telegram Chat ao meu site OpenCart sem conhecimentos de codifica\u00e7\u00e3o?<\/h3>\r\n\r\n\t\t\t\t\t\t<div class=\"faq-item-question-icon\"><\/div>\r\n\t\t\t\t\t<\/div>\r\n\r\n\t\t\t\t\t<div class=\"faq-item-answer\">\r\n\t\t\t\t\t\t<div class=\"faq-item-answer-text\"> <p>A Elfsight fornece uma solu\u00e7\u00e3o SaaS que lhe permite crie voc\u00ea mesmo um widget Telegram Chat, veja como o processo \u00e9 f\u00e1cil: Trabalhe diretamente no Editor online para criar um widget Telegram Chat que voc\u00ea gostaria de ver em seu site OpenCart. Escolha um dos modelos predefinidos e ajuste as configura\u00e7\u00f5es do Telegram Chat, adicione seu conte\u00fado, altere o layout e as cores sem nenhuma habilidade de codifica\u00e7\u00e3o. Salve o Telegram Chat e copie seu c\u00f3digo de instala\u00e7\u00e3o, que voc\u00ea pode incluir facilmente em seu site OpenCart sem adquirir um plano pago. Com nosso editor intuitivo, qualquer usu\u00e1rio da Internet pode criar um widget Telegram Chat online e incorpor\u00e1-lo facilmente ao seu site OpenCart. N\u00e3o h\u00e1 necessidade de pagar ou inserir as credenciais do seu cart\u00e3o para acessar o servi\u00e7o. Se voc\u00ea enfrentar qualquer problema em qualquer etapa, n\u00e3o hesite em entrar em contato com nossa equipe de suporte t\u00e9cnico.<\/p> <\/div>\r\n\t\t\t\t\t<\/div>\r\n\t\t\t\t<\/div> <\/div> <\/div>","protected":false},"excerpt":{"rendered":"","protected":false},"author":9,"featured_media":0,"parent":1313,"menu_order":0,"comment_status":"closed","ping_status":"closed","template":"templates\/template-application-platform.php","meta":{"publish_to_discourse":"","publish_post_category":"","wpdc_auto_publish_overridden":"","wpdc_topic_tags":"","wpdc_pin_topic":"","wpdc_pin_until":"","discourse_post_id":"","discourse_permalink":"","wpdc_publishing_response":"","wpdc_publishing_error":"","footnotes":""},"class_list":["post-8280","page","type-page","status-publish","hentry"],"yoast_head":"<!-- This site is optimized with the Yoast SEO plugin v25.3.1 - https:\/\/yoast.com\/wordpress\/plugins\/seo\/ -->\n<title>Adicione Telegram Chat Box ao site OpenCart (gr\u00e1tis e r\u00e1pido)<\/title>\n<meta name=\"description\" content=\"Com a Elfsight, crie sua caixa de bate-papo do Telegram e adicione-a rapidamente ao site OpenCart. Oferecemos atendimento gratuito ao cliente e mais b\u00f4nus\" \/>\n<meta name=\"robots\" content=\"index, follow, max-snippet:-1, max-image-preview:large, max-video-preview:-1\" \/>\n<link rel=\"canonical\" href=\"https:\/\/elfsight.com\/pt\/telegram-chat-widget\/opencart\/\" \/>\n<meta property=\"og:locale\" content=\"pt_PT\" \/>\n<meta property=\"og:type\" content=\"article\" \/>\n<meta property=\"og:title\" content=\"Adicione Telegram Chat Box ao site OpenCart (gr\u00e1tis e r\u00e1pido)\" \/>\n<meta property=\"og:description\" content=\"Com a Elfsight, crie sua caixa de bate-papo do Telegram e adicione-a rapidamente ao site OpenCart. Oferecemos atendimento gratuito ao cliente e mais b\u00f4nus\" \/>\n<meta property=\"og:url\" content=\"https:\/\/elfsight.com\/pt\/telegram-chat-widget\/opencart\/\" \/>\n<meta property=\"og:site_name\" content=\"Elfsight PT\" \/>\n<meta property=\"article:modified_time\" content=\"2024-11-13T11:47:32+00:00\" \/>\n<meta name=\"twitter:card\" content=\"summary_large_image\" \/>\n<meta name=\"twitter:label1\" content=\"Tempo estimado de leitura\" \/>\n\t<meta name=\"twitter:data1\" content=\"3 minutos\" \/>\n<!-- \/ Yoast SEO plugin. -->","yoast_head_json":{"title":"Adicione Telegram Chat Box ao site OpenCart (gr\u00e1tis e r\u00e1pido)","description":"Com a Elfsight, crie sua caixa de bate-papo do Telegram e adicione-a rapidamente ao site OpenCart. Oferecemos atendimento gratuito ao cliente e mais b\u00f4nus","robots":{"index":"index","follow":"follow","max-snippet":"max-snippet:-1","max-image-preview":"max-image-preview:large","max-video-preview":"max-video-preview:-1"},"canonical":"https:\/\/elfsight.com\/pt\/telegram-chat-widget\/opencart\/","og_locale":"pt_PT","og_type":"article","og_title":"Adicione Telegram Chat Box ao site OpenCart (gr\u00e1tis e r\u00e1pido)","og_description":"Com a Elfsight, crie sua caixa de bate-papo do Telegram e adicione-a rapidamente ao site OpenCart. Oferecemos atendimento gratuito ao cliente e mais b\u00f4nus","og_url":"https:\/\/elfsight.com\/pt\/telegram-chat-widget\/opencart\/","og_site_name":"Elfsight PT","article_modified_time":"2024-11-13T11:47:32+00:00","twitter_card":"summary_large_image","twitter_misc":{"Tempo estimado de leitura":"3 minutos"},"schema":{"@context":"https:\/\/schema.org","@graph":[{"@type":"WebPage","@id":"https:\/\/elfsight.com\/pt\/telegram-chat-widget\/opencart\/","url":"https:\/\/elfsight.com\/pt\/telegram-chat-widget\/opencart\/","name":"Adicione Telegram Chat Box ao site OpenCart (gr\u00e1tis e r\u00e1pido)","isPartOf":{"@id":"https:\/\/elfsight.com\/pt\/#website"},"datePublished":"1970-01-01T00:00:00+00:00","dateModified":"2024-11-13T11:47:32+00:00","description":"Com a Elfsight, crie sua caixa de bate-papo do Telegram e adicione-a rapidamente ao site OpenCart. Oferecemos atendimento gratuito ao cliente e mais b\u00f4nus","breadcrumb":{"@id":"https:\/\/elfsight.com\/pt\/telegram-chat-widget\/opencart\/#breadcrumb"},"inLanguage":"pt-PT","potentialAction":[{"@type":"ReadAction","target":["https:\/\/elfsight.com\/pt\/telegram-chat-widget\/opencart\/"]}]},{"@type":"BreadcrumbList","@id":"https:\/\/elfsight.com\/pt\/telegram-chat-widget\/opencart\/#breadcrumb","itemListElement":[{"@type":"ListItem","position":1,"name":"Home","item":"https:\/\/elfsight.com\/pt\/"},{"@type":"ListItem","position":2,"name":"Telegram Chat","item":"https:\/\/elfsight.com\/pt\/telegram-chat-widget\/"},{"@type":"ListItem","position":3,"name":"Telegram Chat &#8211; OpenCart"}]},{"@type":"WebSite","@id":"https:\/\/elfsight.com\/pt\/#website","url":"https:\/\/elfsight.com\/pt\/","name":"Elfsight PT","description":"Just another Elfsight Sites site","potentialAction":[{"@type":"SearchAction","target":{"@type":"EntryPoint","urlTemplate":"https:\/\/elfsight.com\/pt\/?s={search_term_string}"},"query-input":{"@type":"PropertyValueSpecification","valueRequired":true,"valueName":"search_term_string"}}],"inLanguage":"pt-PT"}]}},"meta_box":{"industry":"","seo_heading":"","heading":"","description":"","cta_heading":"","cta_description":"","application":"1312","h1":"Bate-papo do Telegram OpenCart","h1_caption":"A ferramenta mais \u00fatil para se comunicar diretamente no seu site","application_category":[],"applications_title":"","applications_request_title":"","applications_request_button_text":"","hero_text":"","hero_video":"","hero_video_schema_markup":"","selling_points_title":"","selling_points_caption":"","selling_points":[],"selling_points_cta_text":"","features_title":"","features":"","ed_cta_examples_text":"","ed_cta_examples_hidden":"","ed_cta_demo_text":"","ed_cta_demo_hidden":"","why_caption":"","why_editor_title":"","why_editor_text":"","why_team_title":"","why_team_text":"","why_service_title":"","why_service_text":"","template_catalog_visible":"","template_catalog_title":"","template_catalog_text":"","template_catalog_categories_visible":"","demo_title":"Crie sua extens\u00e3o Telegram Chat","demo_caption":"Configure seu Telegram Chat e adicione-o ao seu site OpenCart gratuitamente!","default_faq_hidden":"","app_template_category":[],"platform":"61","template_public_id":"","codecanyon_url":"","codecanyon_item_id":"","codecanyon_price":"","pricing_caption":"","pricing_elfsight_apps_hide_column":"","pricing_elfsight_apps_url":"","pricing_codecanyon_price_caption":"","integration_category":[],"integration_request_title":"","integration_request_cta":"","integration_platform":"","integrations":[],"platform_category":[],"video_schema_markup":"","price":"a partir de US$ 0\/m\u00eas","trial":"","benefits":[{"text":"Servi\u00e7o de instala\u00e7\u00e3o gratuito"},{"text":"Suporte premium"},{"text":"Garantia de reembolso de 14 dias"},{"text":"Melhorias regulares"}],"button_url":"#demo","button_target_blank":"","button_nofollow":"","attributes":[{"name":"Instala\u00e7\u00f5es","content":"10,000 - 100,000"},{"name":"Responsivo","content":"Sim"},{"name":"Navegadores compat\u00edveis","content":"Opera, Chrome, Edge, Firefox, Safari"}],"tags":[],"tags_disable_links":"","hide_more_platforms":"","video_object":"","demo_hide_cta":"","demo_hide_cloud_options":"","pricing_title":"","pricing":[{"pricing_icon":"platform","pricing_title":"Elfsight Apps","pricing_title_caption":"Software independente de plataforma que se adapta a qualquer site","pricing_price":"a partir de US$ 0\/m\u00eas","pricing_price_caption":"comece com plano gratuito","pricing_benefits":[{"text":"Dom\u00ednios ilimitados"},{"text":"Suporte gratuito ao cliente"},{"text":"Suporte gratuito ao cliente"},{"text":"Totalmente personaliz\u00e1vel"}],"pricing_button_text":"Adicionar ao site","pricing_button_url":"#demo"}],"related_apps_title":"","related_apps_hidden":"","author":"","image":[],"title":"","job":"","social_networks":[]},"_links":{"self":[{"href":"https:\/\/elfsight.com\/pt\/wp-json\/wp\/v2\/pages\/8280","targetHints":{"allow":["GET"]}}],"collection":[{"href":"https:\/\/elfsight.com\/pt\/wp-json\/wp\/v2\/pages"}],"about":[{"href":"https:\/\/elfsight.com\/pt\/wp-json\/wp\/v2\/types\/page"}],"author":[{"embeddable":true,"href":"https:\/\/elfsight.com\/pt\/wp-json\/wp\/v2\/users\/9"}],"replies":[{"embeddable":true,"href":"https:\/\/elfsight.com\/pt\/wp-json\/wp\/v2\/comments?post=8280"}],"version-history":[{"count":1,"href":"https:\/\/elfsight.com\/pt\/wp-json\/wp\/v2\/pages\/8280\/revisions"}],"predecessor-version":[{"id":8284,"href":"https:\/\/elfsight.com\/pt\/wp-json\/wp\/v2\/pages\/8280\/revisions\/8284"}],"up":[{"embeddable":true,"href":"https:\/\/elfsight.com\/pt\/wp-json\/wp\/v2\/pages\/1313"}],"wp:attachment":[{"href":"https:\/\/elfsight.com\/pt\/wp-json\/wp\/v2\/media?parent=8280"}],"curies":[{"name":"wp","href":"https:\/\/api.w.org\/{rel}","templated":true}]}}