{"id":8274,"date":"1970-01-01T00:00:00","date_gmt":"1970-01-01T00:00:00","guid":{"rendered":"https:\/\/elfsight.com\/pt\/?page_id=8274"},"modified":"2025-03-03T09:45:28","modified_gmt":"2025-03-03T09:45:28","slug":"squarespace","status":"publish","type":"page","link":"https:\/\/elfsight.com\/pt\/telegram-chat-widget\/squarespace\/","title":{"rendered":"Telegram Chat &#8211; Squarespace"},"content":{"rendered":"\n<div class=\"application-platform-content-item-description application-platform-content-item\" id=\"description\" data-nav-section=\"description\"><h2>Incorpore o Telegram Chat no Squarespace com o widget da Elfsight<\/h2><p>O plugin do Telegram feito pela Elfsight \u00e9 uma maneira perfeita para sua p\u00e1gina da web espectadores entrem em contato com voc\u00ea e tenham suas perguntas respondidas. Esteja dispon\u00edvel online para seus usu\u00e1rios no popular mensageiro a qualquer momento. Integre o Telegram Chat na loja e fa\u00e7a-o aparecer em p\u00e1ginas espec\u00edficas ou para determinados grupos de visitantes, defina gatilhos para iniciar o chat, inclua sua mensagem pessoal de boas-vindas, alinhe \u00edcones e muito mais. Com o Telegram Messenger funcionando no site, voc\u00ea ficar\u00e1 informado sobre seus usu\u00e1rios a qualquer hora e em qualquer lugar.<\/p><p><b>\u00c9 uma das maneiras mais f\u00e1ceis para as pessoas entrarem em contato com voc\u00ea e resolverem suas d\u00favidas!<\/b><\/p><\/div><div class=\"application-platform-content-item-features application-platform-content-item\" id=\"features\" data-nav-section=\"features\"><h2>Principais recursos do widget Telegram Chat<\/h2><p>Veja todas as caracter\u00edsticas funcionais do Telegram Chat. Voc\u00ea pode ajust\u00e1-los diretamente no editor e eles o ajudar\u00e3o a configurar o widget mais adequado para o seu caso.<\/p><ul><li>Adicione o Telegram messenger em seu site para conversar com os usu\u00e1rios<\/li><li>3 variantes de posi\u00e7\u00e3o de bate-papo: bolha flutuante, bolha incorporada e janela de bate-papo incorporada;<\/li><li>Uma biblioteca de \u00edcones de bolha para voc\u00ea escolher;<\/li><li>Texto de bolha edit\u00e1vel;<\/li><li>Cabe\u00e7alho de bate-papo flex\u00edvel com imagem, nome e legenda da p\u00e1gina.<\/li><\/ul><p><a href=\"#demo\">Teste todas as outras fun\u00e7\u00f5es na demonstra\u00e7\u00e3o<\/a><\/p><\/div><div class=\"application-platform-content-item-installation application-platform-content-item\" id=\"installation\" data-nav-section=\"installation\"><h2>Como posso incorporar o Telegram Chat Box no meu site do Squarespace?<\/h2><div class=\"video-container\"><iframe width=\"720\" height=\"405\" src=\"https:\/\/www.youtube.com\/embed\/FD5XigigTMo\" frameborder=\"0\" allowfullscreen=\"\"><\/iframe><\/div><p>Para adicionar um plug-in, siga estas etapas r\u00e1pidas.<\/p><ol><li><b>Crie seu widget Telegram personalizado<\/b><br>Em nosso editor gratuito, configure um plugin com layout e funcionalidade preferidos.<\/li><li><b>Adquira o c\u00f3digo pessoal para exibir o widget<\/b><br>Depois de personalizar o seu widget, voc\u00ea obter\u00e1 o c\u00f3digo individual na notifica\u00e7\u00e3o que aparece nos aplicativos Elfsight. Copie-o.<\/li><li><b>Publique o widget no seu site do Squarespace<\/b><br>V\u00e1 at\u00e9 o local onde voc\u00ea precisa incorporar o plug-in e insira o c\u00f3digo salvo l\u00e1. Salve as edi\u00e7\u00f5es.<\/li><li><b>A configura\u00e7\u00e3o foi conclu\u00edda<\/b><br>V\u00e1 at\u00e9 sua loja para dar uma olhada no seu trabalho.<\/li><\/ol><p>D\u00ea uma olhada minuto para entrar em contato com nosso suporte ao cliente caso precise de conselhos ou tenha problemas. Teremos todo o prazer em ajudar com cada pedido.<\/p><div class=\"faq\" data-component=\"FAQ\"> <div class=\"faq-item\">\r\n\t\t\t\t\t<div class=\"faq-item-question\">\r\n\t\t\t\t\t\t<h3 class=\"faq-item-question-text\">Como adicionar o Telegram Chat ao meu site Squarespace sem conhecimentos de codifica\u00e7\u00e3o?<\/h3>\r\n\r\n\t\t\t\t\t\t<div class=\"faq-item-question-icon\"><\/div>\r\n\t\t\t\t\t<\/div>\r\n\r\n\t\t\t\t\t<div class=\"faq-item-answer\">\r\n\t\t\t\t\t\t<div class=\"faq-item-answer-text\"> <p>A Elfsight fornece uma solu\u00e7\u00e3o SaaS que lhe permite criar um Widget do Telegram Chat, veja como o processo \u00e9 f\u00e1cil: Trabalhe diretamente no Editor on-line para criar um widget do Telegram Chat que voc\u00ea gostaria de ver no seu site do Squarespace. Escolha um dos modelos predefinidos e ajuste as configura\u00e7\u00f5es do Telegram Chat, adicione seu conte\u00fado, altere o layout e as cores sem nenhuma habilidade de codifica\u00e7\u00e3o. Salve o Telegram Chat e copie seu c\u00f3digo de instala\u00e7\u00e3o, que voc\u00ea pode incluir facilmente no seu site do Squarespace sem comprar uma vers\u00e3o paga. Com nosso editor intuitivo, qualquer usu\u00e1rio da Internet pode criar um widget Telegram Chat on-line e incorpor\u00e1-lo facilmente ao site do Squarespace. N\u00e3o h\u00e1 necessidade de pagar ou inserir as credenciais do seu cart\u00e3o para acessar o servi\u00e7o. Se voc\u00ea enfrentar qualquer problema em qualquer etapa, n\u00e3o hesite em entrar em contato com nossa equipe de suporte t\u00e9cnico.<\/p> <\/div>\r\n\t\t\t\t\t<\/div>\r\n\t\t\t\t<\/div> <\/div> <\/div>\n","protected":false},"excerpt":{"rendered":"","protected":false},"author":9,"featured_media":0,"parent":1313,"menu_order":0,"comment_status":"closed","ping_status":"closed","template":"templates\/template-application-platform.php","meta":{"publish_to_discourse":"","publish_post_category":"","wpdc_auto_publish_overridden":"","wpdc_topic_tags":"","wpdc_pin_topic":"","wpdc_pin_until":"","discourse_post_id":"","discourse_permalink":"","wpdc_publishing_response":"","wpdc_publishing_error":"","footnotes":""},"class_list":["post-8274","page","type-page","status-publish","hentry"],"yoast_head":"<!-- This site is optimized with the Yoast SEO plugin v25.3.1 - https:\/\/yoast.com\/wordpress\/plugins\/seo\/ -->\n<title>Adicione Telegram Chat Box ao site Squarespace (gr\u00e1tis e r\u00e1pido)<\/title>\n<meta name=\"description\" content=\"Com a Elfsight, construa a sua Telegram Chat Box e coloque-a no site Squarespace de forma r\u00e1pida e f\u00e1cil. Oferecemos atendimento gratuito ao cliente e mais b\u00f4nus.\" \/>\n<meta name=\"robots\" content=\"index, follow, max-snippet:-1, max-image-preview:large, max-video-preview:-1\" \/>\n<link rel=\"canonical\" href=\"https:\/\/elfsight.com\/pt\/telegram-chat-widget\/squarespace\/\" \/>\n<meta property=\"og:locale\" content=\"pt_PT\" \/>\n<meta property=\"og:type\" content=\"article\" \/>\n<meta property=\"og:title\" content=\"Adicione Telegram Chat Box ao site Squarespace (gr\u00e1tis e r\u00e1pido)\" \/>\n<meta property=\"og:description\" content=\"Com a Elfsight, construa a sua Telegram Chat Box e coloque-a no site Squarespace de forma r\u00e1pida e f\u00e1cil. Oferecemos atendimento gratuito ao cliente e mais b\u00f4nus.\" \/>\n<meta property=\"og:url\" content=\"https:\/\/elfsight.com\/pt\/telegram-chat-widget\/squarespace\/\" \/>\n<meta property=\"og:site_name\" content=\"Elfsight PT\" \/>\n<meta property=\"article:modified_time\" content=\"2025-03-03T09:45:28+00:00\" \/>\n<meta name=\"twitter:card\" content=\"summary_large_image\" \/>\n<meta name=\"twitter:label1\" content=\"Tempo estimado de leitura\" \/>\n\t<meta name=\"twitter:data1\" content=\"3 minutos\" \/>\n<!-- \/ Yoast SEO plugin. -->","yoast_head_json":{"title":"Adicione Telegram Chat Box ao site Squarespace (gr\u00e1tis e r\u00e1pido)","description":"Com a Elfsight, construa a sua Telegram Chat Box e coloque-a no site Squarespace de forma r\u00e1pida e f\u00e1cil. Oferecemos atendimento gratuito ao cliente e mais b\u00f4nus.","robots":{"index":"index","follow":"follow","max-snippet":"max-snippet:-1","max-image-preview":"max-image-preview:large","max-video-preview":"max-video-preview:-1"},"canonical":"https:\/\/elfsight.com\/pt\/telegram-chat-widget\/squarespace\/","og_locale":"pt_PT","og_type":"article","og_title":"Adicione Telegram Chat Box ao site Squarespace (gr\u00e1tis e r\u00e1pido)","og_description":"Com a Elfsight, construa a sua Telegram Chat Box e coloque-a no site Squarespace de forma r\u00e1pida e f\u00e1cil. Oferecemos atendimento gratuito ao cliente e mais b\u00f4nus.","og_url":"https:\/\/elfsight.com\/pt\/telegram-chat-widget\/squarespace\/","og_site_name":"Elfsight PT","article_modified_time":"2025-03-03T09:45:28+00:00","twitter_card":"summary_large_image","twitter_misc":{"Tempo estimado de leitura":"3 minutos"},"schema":{"@context":"https:\/\/schema.org","@graph":[{"@type":"WebPage","@id":"https:\/\/elfsight.com\/pt\/telegram-chat-widget\/squarespace\/","url":"https:\/\/elfsight.com\/pt\/telegram-chat-widget\/squarespace\/","name":"Adicione Telegram Chat Box ao site Squarespace (gr\u00e1tis e r\u00e1pido)","isPartOf":{"@id":"https:\/\/elfsight.com\/pt\/#website"},"datePublished":"1970-01-01T00:00:00+00:00","dateModified":"2025-03-03T09:45:28+00:00","description":"Com a Elfsight, construa a sua Telegram Chat Box e coloque-a no site Squarespace de forma r\u00e1pida e f\u00e1cil. Oferecemos atendimento gratuito ao cliente e mais b\u00f4nus.","breadcrumb":{"@id":"https:\/\/elfsight.com\/pt\/telegram-chat-widget\/squarespace\/#breadcrumb"},"inLanguage":"pt-PT","potentialAction":[{"@type":"ReadAction","target":["https:\/\/elfsight.com\/pt\/telegram-chat-widget\/squarespace\/"]}]},{"@type":"BreadcrumbList","@id":"https:\/\/elfsight.com\/pt\/telegram-chat-widget\/squarespace\/#breadcrumb","itemListElement":[{"@type":"ListItem","position":1,"name":"Home","item":"https:\/\/elfsight.com\/pt\/"},{"@type":"ListItem","position":2,"name":"Telegram Chat","item":"https:\/\/elfsight.com\/pt\/telegram-chat-widget\/"},{"@type":"ListItem","position":3,"name":"Telegram Chat &#8211; Squarespace"}]},{"@type":"WebSite","@id":"https:\/\/elfsight.com\/pt\/#website","url":"https:\/\/elfsight.com\/pt\/","name":"Elfsight PT","description":"Just another Elfsight Sites site","potentialAction":[{"@type":"SearchAction","target":{"@type":"EntryPoint","urlTemplate":"https:\/\/elfsight.com\/pt\/?s={search_term_string}"},"query-input":{"@type":"PropertyValueSpecification","valueRequired":true,"valueName":"search_term_string"}}],"inLanguage":"pt-PT"}]}},"meta_box":{"industry":"","seo_heading":"","heading":"","description":"","cta_heading":"","cta_description":"","application":"1312","h1":"Bate-papo por telegrama do Squarespace","h1_caption":"A maneira mais conveniente de interagir diretamente no seu site","application_category":[],"applications_title":"","applications_request_title":"","applications_request_button_text":"","hero_text":"","hero_video":"","hero_video_schema_markup":"","selling_points_title":"","selling_points_caption":"","selling_points":[],"selling_points_cta_text":"","features_title":"","features":"","ed_cta_examples_text":"","ed_cta_examples_hidden":"","ed_cta_demo_text":"","ed_cta_demo_hidden":"","why_caption":"","why_editor_title":"","why_editor_text":"","why_team_title":"","why_team_text":"","why_service_title":"","why_service_text":"","template_catalog_visible":"0","template_catalog_title":"","template_catalog_text":"","template_catalog_categories_visible":"","demo_title":"Crie seu plugin de bate-papo do Telegram","demo_caption":"Configure seu Telegram Chat e adicione-o ao seu site Squarespace gratuitamente!","default_faq_hidden":"","app_template_category":[],"platform":"67","template_public_id":"","codecanyon_url":"","codecanyon_item_id":"","codecanyon_price":"","pricing_caption":"","pricing_elfsight_apps_hide_column":"","pricing_elfsight_apps_url":"","pricing_codecanyon_price_caption":"","integration_category":[],"integration_request_title":"","integration_request_cta":"","integration_platform":"","integrations":[],"platform_category":[],"video_schema_markup":"","price":"a partir de US$ 0\/m\u00eas","trial":"","benefits":[{"text":"Servi\u00e7o de instala\u00e7\u00e3o gratuito"},{"text":"Atendimento ao cliente competente"},{"text":"Garantia de devolu\u00e7\u00e3o do dinheiro em 14 dias"},{"text":"Atualiza\u00e7\u00f5es futuras"}],"button_url":"#demo","button_target_blank":"0","button_nofollow":"0","attributes":[{"name":"Instala\u00e7\u00f5es","content":"10,000 - 100,000"},{"name":"Responsivo","content":"Sim"},{"name":"Navegadores compat\u00edveis","content":"Firefox, Safari, Opera, Chrome, Edge"}],"tags":[],"tags_disable_links":"0","hide_more_platforms":"0","video_object":"","demo_hide_cta":"0","demo_hide_cloud_options":"0","pricing_title":"","pricing":[{"pricing_icon":"platform","pricing_title":"Elfsight Apps","pricing_title_caption":"Solu\u00e7\u00e3o digital independente de plataforma que funciona em qualquer site","pricing_price":"a partir de US$ 0\/m\u00eas","pricing_price_caption":"comece com um plano gratuito","pricing_benefits":[{"text":"Sites ilimitados"},{"text":"Suporte gratuito da empresa e bem documentado"},{"text":"Suporte gratuito da empresa e bem documentado"},{"text":"100% personaliz\u00e1vel"}],"pricing_button_text":"Adicionar ao site","pricing_button_url":"#demo"}],"related_apps_title":"","related_apps_hidden":"0","author":"","image":[],"title":"","job":"","social_networks":[]},"_links":{"self":[{"href":"https:\/\/elfsight.com\/pt\/wp-json\/wp\/v2\/pages\/8274","targetHints":{"allow":["GET"]}}],"collection":[{"href":"https:\/\/elfsight.com\/pt\/wp-json\/wp\/v2\/pages"}],"about":[{"href":"https:\/\/elfsight.com\/pt\/wp-json\/wp\/v2\/types\/page"}],"author":[{"embeddable":true,"href":"https:\/\/elfsight.com\/pt\/wp-json\/wp\/v2\/users\/9"}],"replies":[{"embeddable":true,"href":"https:\/\/elfsight.com\/pt\/wp-json\/wp\/v2\/comments?post=8274"}],"version-history":[{"count":3,"href":"https:\/\/elfsight.com\/pt\/wp-json\/wp\/v2\/pages\/8274\/revisions"}],"predecessor-version":[{"id":14171,"href":"https:\/\/elfsight.com\/pt\/wp-json\/wp\/v2\/pages\/8274\/revisions\/14171"}],"up":[{"embeddable":true,"href":"https:\/\/elfsight.com\/pt\/wp-json\/wp\/v2\/pages\/1313"}],"wp:attachment":[{"href":"https:\/\/elfsight.com\/pt\/wp-json\/wp\/v2\/media?parent=8274"}],"curies":[{"name":"wp","href":"https:\/\/api.w.org\/{rel}","templated":true}]}}