{"id":8265,"date":"1970-01-01T00:00:00","date_gmt":"1970-01-01T00:00:00","guid":{"rendered":"https:\/\/elfsight.com\/pt\/?page_id=8265"},"modified":"2025-03-03T09:50:48","modified_gmt":"2025-03-03T09:50:48","slug":"wordpress","status":"publish","type":"page","link":"https:\/\/elfsight.com\/pt\/telegram-chat-widget\/wordpress\/","title":{"rendered":"Telegram Chat &#8211; WordPress"},"content":{"rendered":"\n<div class=\"application-platform-content-item-description application-platform-content-item\" id=\"description\" data-nav-section=\"description\"><h2>Incorpore o Telegram Chat no WordPress com o widget Elfsight<\/h2><p>O plugin Telegram feito pela Elfsight \u00e9 uma maneira simples de criar sua p\u00e1gina web p\u00fablico entre em contato com voc\u00ea e tenha suas d\u00favidas respondidas. Esteja dispon\u00edvel ao vivo para seus visitantes no mensageiro mais confort\u00e1vel, n\u00e3o importa onde voc\u00ea esteja. Cole o Telegram Chat em sua loja e ele pode aparecer em p\u00e1ginas escolhidas ou para categorias espec\u00edficas de visitantes, atribuir gatilhos para iniciar chat, enviar sua mensagem pessoal de boas-vindas, escolher \u00edcones e fazer muito mais. Usando o Telegram Messenger em seu site, voc\u00ea permanecer\u00e1 em contato com seu p\u00fablico a qualquer momento e independentemente de sua localiza\u00e7\u00e3o.<\/p><p><b>\u00c9 uma das maneiras mais pr\u00e1ticas para as pessoas entrarem em contato com voc\u00ea e terem seus problemas resolvidos!<\/b><\/p><\/div><div class=\"application-platform-content-item-features application-platform-content-item\" id=\"features\" data-nav-section=\"features\"><h2>Principais recursos do widget Telegram Chat<\/h2><p>Veja todas as fun\u00e7\u00f5es do Telegram Chat. Voc\u00ea pode configur\u00e1-los diretamente no editor e eles o ajudar\u00e3o a criar o widget especialmente para seu caso de uso.<\/p><ul><li>Integre o Telegram Messenger em seu site para conversar com os usu\u00e1rios<\/li><li> 3 tipos de posi\u00e7\u00e3o de bate-papo: bolha flutuante, bolha incorporada e janela de bate-papo incorporada;<\/li><li>Uma cole\u00e7\u00e3o de \u00edcones de bolha para escolher;<\/li><li>Texto de bolha edit\u00e1vel;<\/li><li> Cabe\u00e7alho do bate-papo com logotipo, nome e legenda da p\u00e1gina.<\/li><\/ul><p><a href=\"#demo\">Verifique todas as outras fun\u00e7\u00f5es na demonstra\u00e7\u00e3o<\/a><\/p><\/div> <div class=\"application-platform-content-item-installation application-platform-content-item\" id=\"installation\" data-nav-section=\"installation\"><h2>Como adicionar o Telegram Chat ao meu site WordPress?<\/h2><div class=\"video-container\"><iframe width=\"720\" height=\"405\" src=\"https:\/\/www.youtube.com\/embed\/-zbexa8DP5E\" frameborder=\"0\" allowfullscreen=\"\"><\/iframe><\/div><p>Basta seguir as orienta\u00e7\u00f5es abaixo para come\u00e7ar a trabalhar com a ferramenta no WordPress. <\/p> <ol><li><b>Abra nossa demonstra\u00e7\u00e3o gratuita e comece a criar seu widget personalizado. <\/b><br> Especifique o layout personalizado e os par\u00e2metros da ferramenta e aplique as corre\u00e7\u00f5es. <\/li> <li><b>Copie o c\u00f3digo exclusivo exposto na caixa dos aplicativos Elfsight. <\/b><br> Ap\u00f3s a conclus\u00e3o do estabelecimento do seu widget, copie o c\u00f3digo pessoal da janela exibida e guarde-o para uso posterior. <\/li> <li><b>Iniciar a utiliza\u00e7\u00e3o do plugin Telegram Chat no site WordPress. <\/b><br> Integre o c\u00f3digo que voc\u00ea copiou recentemente em sua p\u00e1gina e aplique as edi\u00e7\u00f5es. <\/li> <li><b>A configura\u00e7\u00e3o foi conclu\u00edda com sucesso. <\/b><br> Acesse sua p\u00e1gina para examinar como a ferramenta funciona. <\/li><\/ol> <p>N\u00e3o hesite em entrar em contato com o servi\u00e7o de suporte caso precise de ajuda ou tenha problemas. Nossos especialistas ajudar\u00e3o em cada solicita\u00e7\u00e3o.<\/p><\/div><div class=\"faq\" data-component=\"FAQ\"><div class=\"faq-item\">\r\n\t\t\t\t\t<div class=\"faq-item-question\">\r\n\t\t\t\t\t\t<h3 class=\"faq-item-question-text\">Como fa\u00e7o para incorporar um Telegram Chat ao meu site WordPress? <\/h3>\r\n\r\n\t\t\t\t\t\t<div class=\"faq-item-question-icon\"><\/div>\r\n\t\t\t\t\t<\/div>\r\n\r\n\t\t\t\t\t<div class=\"faq-item-answer\">\r\n\t\t\t\t\t\t<div class=\"faq-item-answer-text\"><p>A constru\u00e7\u00e3o do widget ocorre dentro do site da Elfsight e n\u00e3o \u00e9 necess\u00e1rio codificar. Use a demonstra\u00e7\u00e3o ao vivo para personalizar seu plugin pessoal, obter o c\u00f3digo e adicion\u00e1-lo ao seu site. <\/p><\/div>\r\n\t\t\t\t\t<\/div>\r\n\t\t\t\t<\/div><div class=\"faq-item\">\r\n\t\t\t\t\t<div class=\"faq-item-question\">\r\n\t\t\t\t\t\t<h3 class=\"faq-item-question-text\">Os melhores exemplos de uso da integra\u00e7\u00e3o do Telegram Messenger<\/h3>\r\n\r\n\t\t\t\t\t\t<div class=\"faq-item-question-icon\"><\/div>\r\n\t\t\t\t\t<\/div>\r\n\r\n\t\t\t\t\t<div class=\"faq-item-answer\">\r\n\t\t\t\t\t\t<div class=\"faq-item-answer-text\"><p>Temos muitas possibilidades de ajuste: widgets em escala real para implementa\u00e7\u00e3o na \u00e1rea de conte\u00fado, widgets flutuantes para recurso de rolagem, miniaturas para rodap\u00e9, se\u00e7\u00e3o principal e todas as varia\u00e7\u00f5es de op\u00e7\u00f5es verticais para barras laterais e menus. <\/p><\/div>\r\n\t\t\t\t\t<\/div>\r\n\t\t\t\t<\/div><div class=\"faq-item\">\r\n\t\t\t\t\t<div class=\"faq-item-question\">\r\n\t\t\t\t\t\t<h3 class=\"faq-item-question-text\">Posso construir um Telegram Messenger de Venda ou Reserva com a ajuda do seu editor? <\/h3>\r\n\r\n\t\t\t\t\t\t<div class=\"faq-item-question-icon\"><\/div>\r\n\t\t\t\t\t<\/div>\r\n\r\n\t\t\t\t\t<div class=\"faq-item-answer\">\r\n\t\t\t\t\t\t<div class=\"faq-item-answer-text\"><p>Voc\u00ea pode construir varia\u00e7\u00f5es de qualquer widget. Existem muitos layouts aplic\u00e1veis \u200b\u200b\u200b\u200bno editor, e todos eles podem ser facilmente personalizados conforme sua necessidade. <\/p><\/div>\r\n\t\t\t\t\t<\/div>\r\n\t\t\t\t<\/div><div class=\"faq-item\">\r\n\t\t\t\t\t<div class=\"faq-item-question\">\r\n\t\t\t\t\t\t<h3 class=\"faq-item-question-text\">Voc\u00ea pode recomendar mais widgets para meu site WordPress?<\/h3>\r\n\r\n\t\t\t\t\t\t<div class=\"faq-item-question-icon\"><\/div>\r\n\t\t\t\t\t<\/div>\r\n\r\n\t\t\t\t\t<div class=\"faq-item-answer\">\r\n\t\t\t\t\t\t<div class=\"faq-item-answer-text\"><p>O WordPress fornece um grande n\u00famero de plug-ins vantajosos para qualquer tipo de site: de blogs a enormes mercados online. Voc\u00ea pode obter ainda mais plug-ins de \u00f3tima qualidade da Elfsight.<\/p><p>Por exemplo, voc\u00ea pode usar <a href=\"https:\/\/elfsight.com\/whatsapp-chat-widget\/wordpress\/\" target=\" _blank\" rel=\"noopener\">Bate-papo do WhatsApp<\/a>, <a href=\"https:\/\/elfsight.com\/facebook-chat-widget\/wordpress\/\" target=\"_blank\" rel=\"noopener\">Bate-papo do Facebook <\/a> ou <a href=\"https:\/\/elfsight.com\/viber-chat-widget\/wordpress\/\" target=\"_blank\" rel=\"noopener\">Viber Chat<\/a> para entrar em contato com os visitantes do site por meio de seu mensageiro favorito. Voc\u00ea tamb\u00e9m pode adicionar o controle deslizante de avalia\u00e7\u00f5es e depoimentos do Google ao site para demonstrar os depoimentos mais incr\u00edveis de sua empresa. Para aumentar a diversidade do conte\u00fado do seu site com v\u00eddeos, adicione uma Galeria do YouTube.<\/p><\/div>\r\n\t\t\t\t\t<\/div>\r\n\t\t\t\t<\/div><\/div>\n","protected":false},"excerpt":{"rendered":"","protected":false},"author":9,"featured_media":0,"parent":1313,"menu_order":0,"comment_status":"closed","ping_status":"closed","template":"templates\/template-application-platform.php","meta":{"publish_to_discourse":"","publish_post_category":"","wpdc_auto_publish_overridden":"","wpdc_topic_tags":"","wpdc_pin_topic":"","wpdc_pin_until":"","discourse_post_id":"","discourse_permalink":"","wpdc_publishing_response":"","wpdc_publishing_error":"","footnotes":""},"class_list":["post-8265","page","type-page","status-publish","hentry"],"yoast_head":"<!-- This site is optimized with the Yoast SEO plugin v25.3.1 - https:\/\/yoast.com\/wordpress\/plugins\/seo\/ -->\n<title>Widget de bate-papo do telegrama | Adicionar Telegram Chat Box ao site WordPress<\/title>\n<meta name=\"description\" content=\"Crie e adicione seu pr\u00f3prio widget de chat do Telegram ao site WordPress! Obtenha suporte gratuito ao cliente e outras vantagens da Elfsight.\" \/>\n<meta name=\"robots\" content=\"index, follow, max-snippet:-1, max-image-preview:large, max-video-preview:-1\" \/>\n<link rel=\"canonical\" href=\"https:\/\/elfsight.com\/pt\/telegram-chat-widget\/wordpress\/\" \/>\n<meta property=\"og:locale\" content=\"pt_PT\" \/>\n<meta property=\"og:type\" content=\"article\" \/>\n<meta property=\"og:title\" content=\"Widget de bate-papo do telegrama | Adicionar Telegram Chat Box ao site WordPress\" \/>\n<meta property=\"og:description\" content=\"Crie e adicione seu pr\u00f3prio widget de chat do Telegram ao site WordPress! Obtenha suporte gratuito ao cliente e outras vantagens da Elfsight.\" \/>\n<meta property=\"og:url\" content=\"https:\/\/elfsight.com\/pt\/telegram-chat-widget\/wordpress\/\" \/>\n<meta property=\"og:site_name\" content=\"Elfsight PT\" \/>\n<meta property=\"article:modified_time\" content=\"2025-03-03T09:50:48+00:00\" \/>\n<meta name=\"twitter:card\" content=\"summary_large_image\" \/>\n<meta name=\"twitter:label1\" content=\"Tempo estimado de leitura\" \/>\n\t<meta name=\"twitter:data1\" content=\"4 minutos\" \/>\n<!-- \/ Yoast SEO plugin. -->","yoast_head_json":{"title":"Widget de bate-papo do telegrama | Adicionar Telegram Chat Box ao site WordPress","description":"Crie e adicione seu pr\u00f3prio widget de chat do Telegram ao site WordPress! Obtenha suporte gratuito ao cliente e outras vantagens da Elfsight.","robots":{"index":"index","follow":"follow","max-snippet":"max-snippet:-1","max-image-preview":"max-image-preview:large","max-video-preview":"max-video-preview:-1"},"canonical":"https:\/\/elfsight.com\/pt\/telegram-chat-widget\/wordpress\/","og_locale":"pt_PT","og_type":"article","og_title":"Widget de bate-papo do telegrama | Adicionar Telegram Chat Box ao site WordPress","og_description":"Crie e adicione seu pr\u00f3prio widget de chat do Telegram ao site WordPress! Obtenha suporte gratuito ao cliente e outras vantagens da Elfsight.","og_url":"https:\/\/elfsight.com\/pt\/telegram-chat-widget\/wordpress\/","og_site_name":"Elfsight PT","article_modified_time":"2025-03-03T09:50:48+00:00","twitter_card":"summary_large_image","twitter_misc":{"Tempo estimado de leitura":"4 minutos"},"schema":{"@context":"https:\/\/schema.org","@graph":[{"@type":"WebPage","@id":"https:\/\/elfsight.com\/pt\/telegram-chat-widget\/wordpress\/","url":"https:\/\/elfsight.com\/pt\/telegram-chat-widget\/wordpress\/","name":"Widget de bate-papo do telegrama | Adicionar Telegram Chat Box ao site WordPress","isPartOf":{"@id":"https:\/\/elfsight.com\/pt\/#website"},"datePublished":"1970-01-01T00:00:00+00:00","dateModified":"2025-03-03T09:50:48+00:00","description":"Crie e adicione seu pr\u00f3prio widget de chat do Telegram ao site WordPress! Obtenha suporte gratuito ao cliente e outras vantagens da Elfsight.","breadcrumb":{"@id":"https:\/\/elfsight.com\/pt\/telegram-chat-widget\/wordpress\/#breadcrumb"},"inLanguage":"pt-PT","potentialAction":[{"@type":"ReadAction","target":["https:\/\/elfsight.com\/pt\/telegram-chat-widget\/wordpress\/"]}]},{"@type":"BreadcrumbList","@id":"https:\/\/elfsight.com\/pt\/telegram-chat-widget\/wordpress\/#breadcrumb","itemListElement":[{"@type":"ListItem","position":1,"name":"Home","item":"https:\/\/elfsight.com\/pt\/"},{"@type":"ListItem","position":2,"name":"Telegram Chat","item":"https:\/\/elfsight.com\/pt\/telegram-chat-widget\/"},{"@type":"ListItem","position":3,"name":"Telegram Chat &#8211; WordPress"}]},{"@type":"WebSite","@id":"https:\/\/elfsight.com\/pt\/#website","url":"https:\/\/elfsight.com\/pt\/","name":"Elfsight PT","description":"Just another Elfsight Sites site","potentialAction":[{"@type":"SearchAction","target":{"@type":"EntryPoint","urlTemplate":"https:\/\/elfsight.com\/pt\/?s={search_term_string}"},"query-input":{"@type":"PropertyValueSpecification","valueRequired":true,"valueName":"search_term_string"}}],"inLanguage":"pt-PT"}]}},"meta_box":{"industry":"","seo_heading":"","heading":"","description":"","cta_heading":"","cta_description":"","application":"1312","h1":"Bate-papo por telegrama WordPress","h1_caption":"A ferramenta mais confort\u00e1vel para comunicar diretamente no seu site","application_category":[],"applications_title":"","applications_request_title":"","applications_request_button_text":"","hero_text":"","hero_video":"","hero_video_schema_markup":"","selling_points_title":"","selling_points_caption":"","selling_points":[],"selling_points_cta_text":"","features_title":"","features":"","ed_cta_examples_text":"","ed_cta_examples_hidden":"","ed_cta_demo_text":"","ed_cta_demo_hidden":"","why_caption":"","why_editor_title":"","why_editor_text":"","why_team_title":"","why_team_text":"","why_service_title":"","why_service_text":"","template_catalog_visible":"0","template_catalog_title":"","template_catalog_text":"","template_catalog_categories_visible":"","demo_title":"Crie seu plugin de bate-papo do Telegram","demo_caption":"Configure seu Telegram Chat e adicione-o ao seu site WordPress gratuitamente!","default_faq_hidden":"","app_template_category":[],"platform":"34","template_public_id":"","codecanyon_url":"","codecanyon_item_id":"","codecanyon_price":"","pricing_caption":"","pricing_elfsight_apps_hide_column":"","pricing_elfsight_apps_url":"","pricing_codecanyon_price_caption":"","integration_category":[],"integration_request_title":"","integration_request_cta":"","integration_platform":"","integrations":[],"platform_category":[],"video_schema_markup":"","price":"a partir de US$ 0\/m\u00eas","trial":"","benefits":[{"text":"Servi\u00e7o de instala\u00e7\u00e3o gratuito"},{"text":"Garantia de reembolso de 14 dias"},{"text":"Suporte premium"},{"text":"Melhorias gratuitas cont\u00ednuas"}],"button_url":"#demo","button_target_blank":"0","button_nofollow":"0","attributes":[{"name":"Instala\u00e7\u00f5es","content":"10,000 - 100,000"},{"name":"Responsivo","content":"Sim"},{"name":"Navegadores compat\u00edveis","content":"Firefox, Safari, Opera, Chrome, Edge"}],"tags":[],"tags_disable_links":"0","hide_more_platforms":"0","video_object":"","demo_hide_cta":"0","demo_hide_cloud_options":"0","pricing_title":"","pricing":[{"pricing_icon":"platform","pricing_title":"Elfsight Apps","pricing_title_caption":"Software multiplataforma que funciona em qualquer site","pricing_price":"a partir de US$ 0\/m\u00eas","pricing_price_caption":"comece com plano gratuito","pricing_benefits":[{"text":"Dom\u00ednios ilimitados"},{"text":"Suporte r\u00e1pido e pontual e bem documentado"},{"text":"Suporte r\u00e1pido e pontual e bem documentado"},{"text":"Oferta por tempo limitado para v\u00e1rios aplicativos"}],"pricing_button_text":"Adicionar ao site","pricing_button_url":"#demo"}],"related_apps_title":"","related_apps_hidden":"0","author":"","image":[],"title":"","job":"","social_networks":[]},"_links":{"self":[{"href":"https:\/\/elfsight.com\/pt\/wp-json\/wp\/v2\/pages\/8265","targetHints":{"allow":["GET"]}}],"collection":[{"href":"https:\/\/elfsight.com\/pt\/wp-json\/wp\/v2\/pages"}],"about":[{"href":"https:\/\/elfsight.com\/pt\/wp-json\/wp\/v2\/types\/page"}],"author":[{"embeddable":true,"href":"https:\/\/elfsight.com\/pt\/wp-json\/wp\/v2\/users\/9"}],"replies":[{"embeddable":true,"href":"https:\/\/elfsight.com\/pt\/wp-json\/wp\/v2\/comments?post=8265"}],"version-history":[{"count":3,"href":"https:\/\/elfsight.com\/pt\/wp-json\/wp\/v2\/pages\/8265\/revisions"}],"predecessor-version":[{"id":14176,"href":"https:\/\/elfsight.com\/pt\/wp-json\/wp\/v2\/pages\/8265\/revisions\/14176"}],"up":[{"embeddable":true,"href":"https:\/\/elfsight.com\/pt\/wp-json\/wp\/v2\/pages\/1313"}],"wp:attachment":[{"href":"https:\/\/elfsight.com\/pt\/wp-json\/wp\/v2\/media?parent=8265"}],"curies":[{"name":"wp","href":"https:\/\/api.w.org\/{rel}","templated":true}]}}