{"id":8256,"date":"1970-01-01T00:00:00","date_gmt":"1970-01-01T00:00:00","guid":{"rendered":"https:\/\/elfsight.com\/pt\/?page_id=8256"},"modified":"2025-03-03T09:58:28","modified_gmt":"2025-03-03T09:58:28","slug":"godaddy","status":"publish","type":"page","link":"https:\/\/elfsight.com\/pt\/telegram-chat-widget\/godaddy\/","title":{"rendered":"Telegram Chat &#8211; GoDaddy"},"content":{"rendered":"\n<div class=\"application-platform-content-item-description application-platform-content-item\" id=\"description\" data-nav-section=\"description\"><h2>Incorpore o Telegram Chat no GoDaddy com o widget Elfsight<\/h2><p>O Telegram Chat criado pela Elfsight \u00e9 o mais r\u00e1pido para os clientes do seu site entrar em contato com voc\u00ea e ter suas perguntas respondidas. Voc\u00ea pode ficar dispon\u00edvel ao vivo para os clientes em seu popular mensageiro 24 horas por dia, 7 dias por semana. Adicione o Telegram Chat na p\u00e1gina da web e fa\u00e7a-o aparecer em p\u00e1ginas espec\u00edficas ou para categorias espec\u00edficas de pessoas, escolha gatilhos para iniciar o chat, envie sua mensagem pessoal de boas-vindas, escolha \u00edcones e muito mais. Com a ajuda do chat do Telegram funcionando no local, voc\u00ea ficar\u00e1 conectado com sua clientela a qualquer hora e independentemente de onde estiver.<\/p><p><b>Com o nosso chat do Telegram, voc\u00ea poder\u00e1 ficar acess\u00edvel para os visitantes do seu site a qualquer hora e de qualquer lugar. \u00c9 uma das formas mais pr\u00e1ticas de as pessoas entrarem em contato com voc\u00ea e resolverem seus problemas rapidamente!<\/b><\/p><\/div><div class=\"application-platform-content-item-features application-platform-content-item\" id=\"features\" data-nav-section=\"features\"><h2>Principais recursos do widget Telegram Chat <\/h2><p>Confira todas as fun\u00e7\u00f5es do Telegram Chat. Voc\u00ea pode ajust\u00e1-los diretamente no editor e eles o ajudar\u00e3o a configurar o plugin especialmente para suas necessidades.<\/p><ul><li>Integre o Telegram messenger em seu site para conversar com os visitantes<\/li><li>Tr\u00eas tipos de posi\u00e7\u00e3o de bate-papo: bal\u00e3o flutuante, bal\u00e3o incorporado e janela de bate-papo incorporada;<\/li><li>Uma biblioteca de \u00edcones de bal\u00e3o para voc\u00ea selecionar;<\/li><li>Op\u00e7\u00e3o para editar o texto do bal\u00e3o;<\/li><li>Cabe\u00e7alho do FlexibleChat com logotipo, nome e legenda da p\u00e1gina.<\/li><\/ul><p><a href=\"#demo\">Voc\u00ea pode experimentar todas as caracter\u00edsticas funcionais do plugin diretamente na demonstra\u00e7\u00e3o<\/a> <\/p><\/div><div class=\"application-platform-content-item-installation application-platform-content-item\" id=\"installation\" data-nav-section=\"installation\"><h2>Como fa\u00e7o para integrar o Telegram Chat ao meu site GoDaddy?<\/h2><p>Para come\u00e7ar a usar o plug-in, siga as diretrizes abaixo.<\/p> <ol><li><b>Gere seu plugin personalizado do Telegram Chat<\/b><br>Gerenciando nosso editor gratuito, configure um plugin com layout preferido e caracter\u00edsticas funcionais.<\/li><li><b> Copie o c\u00f3digo individual para configurar o plugin<\/b><br>Depois de gerar o seu plugin, voc\u00ea adquirir\u00e1 o c\u00f3digo individual na janela exibida nos aplicativos Elfsight. Copie este c\u00f3digo.<\/li><li><b>Exiba o plug-in em seu site do Muse<\/b><br>Defina o local onde voc\u00ea gostaria de mostrar o plug-in e adicione o c\u00f3digo salvo l\u00e1. Salve as altera\u00e7\u00f5es.<\/li><li><b>Parab\u00e9ns! Voc\u00ea acabou de integrar o plugin!<\/b><br>Visite sua loja para verificar seu plugin.<\/li><\/ol><div class=\"tip-yellow tip\"><b>Devido \u00e0s peculiaridades de exibir inser\u00e7\u00f5es personalizadas com c\u00f3digo, modelos flutuantes pode ter uma apar\u00eancia diferente da demonstra\u00e7\u00e3o online. Por favor, reserve um tempo para testar seus widgets.<\/b><\/div><p>N\u00e3o hesite em se comunicar com o suporte ao cliente se precisar de conselhos ou tiver d\u00favidas. Teremos todo o gosto em ajudar com qualquer quest\u00e3o.<\/p><div class=\"faq\" data-component=\"FAQ\"> <div class=\"faq-item\">\r\n\t\t\t\t\t<div class=\"faq-item-question\">\r\n\t\t\t\t\t\t<h3 class=\"faq-item-question-text\">Como posso adicionar o Telegram Chat ao meu site GoDaddy sem conhecimentos de codifica\u00e7\u00e3o?<\/h3>\r\n\r\n\t\t\t\t\t\t<div class=\"faq-item-question-icon\"><\/div>\r\n\t\t\t\t\t<\/div>\r\n\r\n\t\t\t\t\t<div class=\"faq-item-answer\">\r\n\t\t\t\t\t\t<div class=\"faq-item-answer-text\"> <p>A Elfsight fornece uma solu\u00e7\u00e3o SaaS que lhe permite criar voc\u00ea mesmo um widget Telegram Chat, veja como o processo \u00e9 f\u00e1cil: Trabalhe diretamente no Editor on-line para criar um widget Telegram Chat que voc\u00ea gostaria de ver em seu site GoDaddy. Escolha um dos modelos predefinidos e ajuste as configura\u00e7\u00f5es do Telegram Chat, adicione seu conte\u00fado, altere o layout e as cores sem nenhuma habilidade de codifica\u00e7\u00e3o. Salve o Telegram Chat e copie seu c\u00f3digo de instala\u00e7\u00e3o, que voc\u00ea pode colar facilmente no seu site GoDaddy sem comprar uma vers\u00e3o paga. Com nosso editor intuitivo, qualquer usu\u00e1rio da Internet pode criar um widget Telegram Chat online e incorpor\u00e1-lo facilmente ao site GoDaddy. N\u00e3o h\u00e1 necessidade de pagar ou inserir as credenciais do seu cart\u00e3o para acessar o servi\u00e7o. Se voc\u00ea enfrentar qualquer problema em qualquer etapa, n\u00e3o hesite em entrar em contato com nossa equipe de suporte t\u00e9cnico.<\/p> <\/div>\r\n\t\t\t\t\t<\/div>\r\n\t\t\t\t<\/div> <\/div> <\/div>\n","protected":false},"excerpt":{"rendered":"","protected":false},"author":9,"featured_media":0,"parent":1313,"menu_order":0,"comment_status":"closed","ping_status":"closed","template":"templates\/template-application-platform.php","meta":{"publish_to_discourse":"","publish_post_category":"","wpdc_auto_publish_overridden":"","wpdc_topic_tags":"","wpdc_pin_topic":"","wpdc_pin_until":"","discourse_post_id":"","discourse_permalink":"","wpdc_publishing_response":"","wpdc_publishing_error":"","footnotes":""},"class_list":["post-8256","page","type-page","status-publish","hentry"],"yoast_head":"<!-- This site is optimized with the Yoast SEO plugin v25.3.1 - https:\/\/yoast.com\/wordpress\/plugins\/seo\/ -->\n<title>Bate-papo do Telegram - Adicione o plugin de bate-papo do Telegram ao site GoDaddy!<\/title>\n<meta name=\"description\" content=\"Permita que os visitantes do seu site entrem em contato com voc\u00ea por meio do plugin de bate-papo do Telegram para GoDaddy! Aumente as vendas com apenas alguns cliques junto com a Elfsight!\" \/>\n<meta name=\"robots\" content=\"index, follow, max-snippet:-1, max-image-preview:large, max-video-preview:-1\" \/>\n<link rel=\"canonical\" href=\"https:\/\/elfsight.com\/pt\/telegram-chat-widget\/godaddy\/\" \/>\n<meta property=\"og:locale\" content=\"pt_PT\" \/>\n<meta property=\"og:type\" content=\"article\" \/>\n<meta property=\"og:title\" content=\"Bate-papo do Telegram - Adicione o plugin de bate-papo do Telegram ao site GoDaddy!\" \/>\n<meta property=\"og:description\" content=\"Permita que os visitantes do seu site entrem em contato com voc\u00ea por meio do plugin de bate-papo do Telegram para GoDaddy! Aumente as vendas com apenas alguns cliques junto com a Elfsight!\" \/>\n<meta property=\"og:url\" content=\"https:\/\/elfsight.com\/pt\/telegram-chat-widget\/godaddy\/\" \/>\n<meta property=\"og:site_name\" content=\"Elfsight PT\" \/>\n<meta property=\"article:modified_time\" content=\"2025-03-03T09:58:28+00:00\" \/>\n<meta name=\"twitter:card\" content=\"summary_large_image\" \/>\n<meta name=\"twitter:label1\" content=\"Tempo estimado de leitura\" \/>\n\t<meta name=\"twitter:data1\" content=\"4 minutos\" \/>\n<!-- \/ Yoast SEO plugin. -->","yoast_head_json":{"title":"Bate-papo do Telegram - Adicione o plugin de bate-papo do Telegram ao site GoDaddy!","description":"Permita que os visitantes do seu site entrem em contato com voc\u00ea por meio do plugin de bate-papo do Telegram para GoDaddy! Aumente as vendas com apenas alguns cliques junto com a Elfsight!","robots":{"index":"index","follow":"follow","max-snippet":"max-snippet:-1","max-image-preview":"max-image-preview:large","max-video-preview":"max-video-preview:-1"},"canonical":"https:\/\/elfsight.com\/pt\/telegram-chat-widget\/godaddy\/","og_locale":"pt_PT","og_type":"article","og_title":"Bate-papo do Telegram - Adicione o plugin de bate-papo do Telegram ao site GoDaddy!","og_description":"Permita que os visitantes do seu site entrem em contato com voc\u00ea por meio do plugin de bate-papo do Telegram para GoDaddy! Aumente as vendas com apenas alguns cliques junto com a Elfsight!","og_url":"https:\/\/elfsight.com\/pt\/telegram-chat-widget\/godaddy\/","og_site_name":"Elfsight PT","article_modified_time":"2025-03-03T09:58:28+00:00","twitter_card":"summary_large_image","twitter_misc":{"Tempo estimado de leitura":"4 minutos"},"schema":{"@context":"https:\/\/schema.org","@graph":[{"@type":"WebPage","@id":"https:\/\/elfsight.com\/pt\/telegram-chat-widget\/godaddy\/","url":"https:\/\/elfsight.com\/pt\/telegram-chat-widget\/godaddy\/","name":"Bate-papo do Telegram - Adicione o plugin de bate-papo do Telegram ao site GoDaddy!","isPartOf":{"@id":"https:\/\/elfsight.com\/pt\/#website"},"datePublished":"1970-01-01T00:00:00+00:00","dateModified":"2025-03-03T09:58:28+00:00","description":"Permita que os visitantes do seu site entrem em contato com voc\u00ea por meio do plugin de bate-papo do Telegram para GoDaddy! Aumente as vendas com apenas alguns cliques junto com a Elfsight!","breadcrumb":{"@id":"https:\/\/elfsight.com\/pt\/telegram-chat-widget\/godaddy\/#breadcrumb"},"inLanguage":"pt-PT","potentialAction":[{"@type":"ReadAction","target":["https:\/\/elfsight.com\/pt\/telegram-chat-widget\/godaddy\/"]}]},{"@type":"BreadcrumbList","@id":"https:\/\/elfsight.com\/pt\/telegram-chat-widget\/godaddy\/#breadcrumb","itemListElement":[{"@type":"ListItem","position":1,"name":"Home","item":"https:\/\/elfsight.com\/pt\/"},{"@type":"ListItem","position":2,"name":"Telegram Chat","item":"https:\/\/elfsight.com\/pt\/telegram-chat-widget\/"},{"@type":"ListItem","position":3,"name":"Telegram Chat &#8211; GoDaddy"}]},{"@type":"WebSite","@id":"https:\/\/elfsight.com\/pt\/#website","url":"https:\/\/elfsight.com\/pt\/","name":"Elfsight PT","description":"Just another Elfsight Sites site","potentialAction":[{"@type":"SearchAction","target":{"@type":"EntryPoint","urlTemplate":"https:\/\/elfsight.com\/pt\/?s={search_term_string}"},"query-input":{"@type":"PropertyValueSpecification","valueRequired":true,"valueName":"search_term_string"}}],"inLanguage":"pt-PT"}]}},"meta_box":{"industry":"","seo_heading":"","heading":"","description":"","cta_heading":"","cta_description":"","application":"1312","h1":"Plug-in de bate-papo GoDaddy Telegram","h1_caption":"Uma das maneiras mais \u00fateis de entrar em contato com voc\u00ea diretamente em sua p\u00e1gina da web","application_category":[],"applications_title":"","applications_request_title":"","applications_request_button_text":"","hero_text":"","hero_video":"","hero_video_schema_markup":"","selling_points_title":"","selling_points_caption":"","selling_points":[],"selling_points_cta_text":"","features_title":"","features":"","ed_cta_examples_text":"","ed_cta_examples_hidden":"","ed_cta_demo_text":"","ed_cta_demo_hidden":"","why_caption":"","why_editor_title":"","why_editor_text":"","why_team_title":"","why_team_text":"","why_service_title":"","why_service_text":"","template_catalog_visible":"0","template_catalog_title":"","template_catalog_text":"","template_catalog_categories_visible":"","demo_title":"Crie seu plugin de bate-papo do Telegram","demo_caption":"Configure seu Telegram Chat e adicione-o ao seu site GoDaddy gratuitamente!","default_faq_hidden":"","app_template_category":[],"platform":"4908","template_public_id":"","codecanyon_url":"","codecanyon_item_id":"","codecanyon_price":"","pricing_caption":"","pricing_elfsight_apps_hide_column":"","pricing_elfsight_apps_url":"","pricing_codecanyon_price_caption":"","integration_category":[],"integration_request_title":"","integration_request_cta":"","integration_platform":"","integrations":[],"platform_category":[],"video_schema_markup":"","price":"a partir de US$ 0\/m\u00eas","trial":"","benefits":[{"text":"Ajuda de instala\u00e7\u00e3o gratuita"},{"text":"Atendimento ao cliente profissional"},{"text":"Garantia de reembolso de 14 dias"},{"text":"Atualiza\u00e7\u00f5es gratuitas vital\u00edcias"}],"button_url":"#demo","button_target_blank":"0","button_nofollow":"0","attributes":[{"name":"Instala\u00e7\u00f5es","content":"10,000 - 100,000"},{"name":"Responsivo","content":"Sim"},{"name":"Navegadores compat\u00edveis","content":"IE11, Firefox, Safari, Opera, Chrome, Edge"}],"tags":[],"tags_disable_links":"0","hide_more_platforms":"0","video_object":"","demo_hide_cta":"0","demo_hide_cloud_options":"0","pricing_title":"","pricing":[{"pricing_icon":"platform","pricing_title":"Elfsight Apps","pricing_title_caption":"Solu\u00e7\u00e3o digital multiplataforma adequada para qualquer site","pricing_price":"a partir de US$ 0\/m\u00eas","pricing_price_caption":"comece com plano gratuito","pricing_benefits":[{"text":"Dom\u00ednios ilimitados"},{"text":"Suporte ao cliente premium e bem documentado"},{"text":"Suporte ao cliente premium e bem documentado"},{"text":"Totalmente personaliz\u00e1vel"}],"pricing_button_text":"Adicionar ao site","pricing_button_url":"#demo"}],"related_apps_title":"","related_apps_hidden":"0","author":"","image":[],"title":"","job":"","social_networks":[]},"_links":{"self":[{"href":"https:\/\/elfsight.com\/pt\/wp-json\/wp\/v2\/pages\/8256","targetHints":{"allow":["GET"]}}],"collection":[{"href":"https:\/\/elfsight.com\/pt\/wp-json\/wp\/v2\/pages"}],"about":[{"href":"https:\/\/elfsight.com\/pt\/wp-json\/wp\/v2\/types\/page"}],"author":[{"embeddable":true,"href":"https:\/\/elfsight.com\/pt\/wp-json\/wp\/v2\/users\/9"}],"replies":[{"embeddable":true,"href":"https:\/\/elfsight.com\/pt\/wp-json\/wp\/v2\/comments?post=8256"}],"version-history":[{"count":3,"href":"https:\/\/elfsight.com\/pt\/wp-json\/wp\/v2\/pages\/8256\/revisions"}],"predecessor-version":[{"id":14180,"href":"https:\/\/elfsight.com\/pt\/wp-json\/wp\/v2\/pages\/8256\/revisions\/14180"}],"up":[{"embeddable":true,"href":"https:\/\/elfsight.com\/pt\/wp-json\/wp\/v2\/pages\/1313"}],"wp:attachment":[{"href":"https:\/\/elfsight.com\/pt\/wp-json\/wp\/v2\/media?parent=8256"}],"curies":[{"name":"wp","href":"https:\/\/api.w.org\/{rel}","templated":true}]}}