{"id":8242,"date":"1970-01-01T00:00:00","date_gmt":"1970-01-01T00:00:00","guid":{"rendered":"https:\/\/elfsight.com\/pt\/?page_id=8242"},"modified":"2024-11-13T12:05:32","modified_gmt":"2024-11-13T12:05:32","slug":"blogger","status":"publish","type":"page","link":"https:\/\/elfsight.com\/pt\/team-showcase-widget\/blogger\/","title":{"rendered":"Team Showcase &#8211; Blogger"},"content":{"rendered":"<div class=\"application-platform-content-item-description application-platform-content-item\" id=\"description\" data-nav-section=\"description\"> <h2>Descri\u00e7\u00e3o<\/h2> <p>O Elfsight Team Showcase ser\u00e1 a ferramenta mais conveniente para exibir os membros da sua equipe no site. Nosso widget ajuda a fornecer fotos e planos de fundo de qualquer tipo de equipe: parceiros de neg\u00f3cios, membros de equipes esportivas, funcion\u00e1rios acad\u00eamicos, funcion\u00e1rios de empresas e outros. Demonstre uma imagem; publique dados de contato e um texto impressionante sobre cada membro da equipe. Os visitantes do site ter\u00e3o a chance de alcan\u00e7\u00e1-los com um clique, com a ajuda de links ativos e \u00edcones de m\u00eddia social. Voc\u00ea tem liberdade para estabelecer categorias e demonstrar os departamentos que est\u00e3o na sua empresa, escolher layout, cores e outras caracter\u00edsticas. Fortale\u00e7a a confiabilidade do seu neg\u00f3cio, mostrando a sua imagem humana! <\/p><div class=\"faq\" data-component=\"FAQ\"> <div class=\"faq-item\">\r\n\t\t\t\t\t<div class=\"faq-item-question\">\r\n\t\t\t\t\t\t<h3 class=\"faq-item-question-text\">Onde posso incorporar o widget<\/h3>\r\n\r\n\t\t\t\t\t\t<div class=\"faq-item-question-icon\"><\/div>\r\n\t\t\t\t\t<\/div>\r\n\r\n\t\t\t\t\t<div class=\"faq-item-answer\">\r\n\t\t\t\t\t\t<div class=\"faq-item-answer-text\"> <p>Insira o showcase da sua equipe em qualquer p\u00e1gina do site, onde voc\u00ea achar adequado. Pode ser uma das partes da zona de conte\u00fado ou uma p\u00e1gina inteira. Por exemplo, voc\u00ea pode montar sua p\u00e1gina Sobre n\u00f3s usando um \u00fanico widget. <\/p><\/div>\r\n\t\t\t\t\t<\/div>\r\n\t\t\t\t<\/div> <div class=\"faq-item\">\r\n\t\t\t\t\t<div class=\"faq-item-question\">\r\n\t\t\t\t\t\t<h3 class=\"faq-item-question-text\">Como posso me beneficiar deste plugin? <\/h3>\r\n\r\n\t\t\t\t\t\t<div class=\"faq-item-question-icon\"><\/div>\r\n\t\t\t\t\t<\/div>\r\n\r\n\t\t\t\t\t<div class=\"faq-item-answer\">\r\n\t\t\t\t\t\t<div class=\"faq-item-answer-text\"> <p>Mostrar as pessoas reais, que est\u00e3o por tr\u00e1s de sua empresa, aumenta o n\u00edvel de transpar\u00eancia e aumenta a confiabilidade percebida do empresa. Isso faz com que as pessoas tenham certeza de que voc\u00ea \u00e9 um parceiro s\u00f3lido e pode levar a mais leads e novos clientes. Al\u00e9m disso, os membros da sua equipe entrar\u00e3o em contato mais rapidamente gra\u00e7as aos dados de contato que voc\u00ea adiciona para cada pessoa. <\/p><\/div>\r\n\t\t\t\t\t<\/div>\r\n\t\t\t\t<\/div> <div class=\"faq-item\">\r\n\t\t\t\t\t<div class=\"faq-item-question\">\r\n\t\t\t\t\t\t<h3 class=\"faq-item-question-text\">Como fa\u00e7o para incorporar o Team Showcase no meu site do Blogger? <\/h3>\r\n\r\n\t\t\t\t\t\t<div class=\"faq-item-question-icon\"><\/div>\r\n\t\t\t\t\t<\/div>\r\n\r\n\t\t\t\t\t<div class=\"faq-item-answer\">\r\n\t\t\t\t\t\t<div class=\"faq-item-answer-text\"> <p>Levar\u00e1 apenas um minuto para incorporar o widget. \u00c9 muito r\u00e1pido, gratuito e sem codifica\u00e7\u00e3o. <\/p> <p>Voc\u00ea pode colar o widget em seu site atrav\u00e9s do nosso servi\u00e7o. Basta seguir uma breve instru\u00e7\u00e3o abaixo nesta p\u00e1gina. <\/p> <\/div>\r\n\t\t\t\t\t<\/div>\r\n\t\t\t\t<\/div> <\/div> <\/div> <div class=\"application-platform-content-item-features application-platform-content-item\" id=\"features\" data-nav-section=\"features\"> <h2>Recursos<\/h2> <p>Para ter uma ideia mais clara do Team Showcase, verifique a lista dos recursos essenciais fun\u00e7\u00f5es que desempenha. Eles tornam nosso widget extremamente eficaz para voc\u00ea: <\/p> <ul><li>\u00cdcones ativos de m\u00eddia social e links para site e endere\u00e7o de e-mail; <\/li><li>Localiza\u00e7\u00e3o da pessoa revelada no Google Maps quando clicada; <\/li><li>Popup mostra mais biografia de uma pessoa; <\/li><li>Duas op\u00e7\u00f5es para exibir grupos: em uma lista geral ou filtrados por menu; <\/li><li>4 op\u00e7\u00f5es de layout: Grade, Cart\u00f5es, Galeria ou Lista. <\/li><\/ul><p><a href=\"#demo\">Conhe\u00e7a uma lista completa de recursos em nossa demonstra\u00e7\u00e3o ao vivo<\/a><\/p> <\/div> <div class=\"application-platform-content-item-installation  application-platform-content-item\" id=\"installation \" data-nav-section=\"installation \"> <h2>Veja como colocar o widget Equipe em seu site do Blogger. \u00c9 incrivelmente simples. <\/h2> <div class=\"video-container\"><iframe width=\"720\" height=\"405\" src=\"https:\/\/www.youtube.com\/embed\/k1KEwnSc-DI\" frameborder=\"0\" allowfullscreen=\"\"><\/iframe><\/div><p> Seguir algumas etapas f\u00e1ceis \u00e9 a \u00fanica coisa que voc\u00ea precisa fazer. <\/p> <ol><li><b>Projete seu plugin Team Showcase personalizado<\/b><br> Gerenciando as op\u00e7\u00f5es de nosso editor gratuito, configure um plugin. Escolha caracter\u00edsticas de design e funcionais. <\/li><li><b>Receba o c\u00f3digo individual para instalar o plugin<\/b><br> Depois de configurar o seu widget, voc\u00ea obter\u00e1 o seu c\u00f3digo pessoal na janela exibida nos aplicativos Elfsight. Copie o c\u00f3digo para uso futuro. <\/li> <li><b>Publique o plugin no seu site do Blogger<\/b><br> Escolha o local onde deseja integrar o plugin e cole o c\u00f3digo copiado l\u00e1. Salve os resultados. <\/li> <li><b>A configura\u00e7\u00e3o foi conclu\u00edda<\/b><br> V\u00e1 para a p\u00e1gina da web para ver sua equipe. <\/li> <\/ol><p>Ainda tem algo que o deixa inseguro? Ou tem d\u00favidas? Apenas uma \u00fanica solicita\u00e7\u00e3o ao nosso departamento de suporte ao cliente resolver\u00e1 qualquer tipo de problema. <\/p> <\/div>","protected":false},"excerpt":{"rendered":"","protected":false},"author":9,"featured_media":0,"parent":855,"menu_order":0,"comment_status":"closed","ping_status":"closed","template":"templates\/template-application-platform.php","meta":{"publish_to_discourse":"","publish_post_category":"","wpdc_auto_publish_overridden":"","wpdc_topic_tags":"","wpdc_pin_topic":"","wpdc_pin_until":"","discourse_post_id":"","discourse_permalink":"","wpdc_publishing_response":"","wpdc_publishing_error":"","footnotes":""},"class_list":["post-8242","page","type-page","status-publish","hentry"],"yoast_head":"<!-- This site is optimized with the Yoast SEO plugin v25.3.1 - https:\/\/yoast.com\/wordpress\/plugins\/seo\/ -->\n<title>Adicione o widget Team Showcase ao site do Blogger (r\u00e1pido e gratuito)<\/title>\n<meta name=\"description\" content=\"N\u00e3o \u00e9 dif\u00edcil criar seu widget Team Showcase e coloc\u00e1-lo na p\u00e1gina da web do Blogger. O atendimento ao cliente da Elfsight \u00e9 r\u00e1pido e gratuito.\" \/>\n<meta name=\"robots\" content=\"index, follow, max-snippet:-1, max-image-preview:large, max-video-preview:-1\" \/>\n<link rel=\"canonical\" href=\"https:\/\/elfsight.com\/pt\/team-showcase-widget\/blogger\/\" \/>\n<meta property=\"og:locale\" content=\"pt_PT\" \/>\n<meta property=\"og:type\" content=\"article\" \/>\n<meta property=\"og:title\" content=\"Adicione o widget Team Showcase ao site do Blogger (r\u00e1pido e gratuito)\" \/>\n<meta property=\"og:description\" content=\"N\u00e3o \u00e9 dif\u00edcil criar seu widget Team Showcase e coloc\u00e1-lo na p\u00e1gina da web do Blogger. O atendimento ao cliente da Elfsight \u00e9 r\u00e1pido e gratuito.\" \/>\n<meta property=\"og:url\" content=\"https:\/\/elfsight.com\/pt\/team-showcase-widget\/blogger\/\" \/>\n<meta property=\"og:site_name\" content=\"Elfsight PT\" \/>\n<meta property=\"article:modified_time\" content=\"2024-11-13T12:05:32+00:00\" \/>\n<meta name=\"twitter:card\" content=\"summary_large_image\" \/>\n<meta name=\"twitter:label1\" content=\"Tempo estimado de leitura\" \/>\n\t<meta name=\"twitter:data1\" content=\"3 minutos\" \/>\n<!-- \/ Yoast SEO plugin. -->","yoast_head_json":{"title":"Adicione o widget Team Showcase ao site do Blogger (r\u00e1pido e gratuito)","description":"N\u00e3o \u00e9 dif\u00edcil criar seu widget Team Showcase e coloc\u00e1-lo na p\u00e1gina da web do Blogger. O atendimento ao cliente da Elfsight \u00e9 r\u00e1pido e gratuito.","robots":{"index":"index","follow":"follow","max-snippet":"max-snippet:-1","max-image-preview":"max-image-preview:large","max-video-preview":"max-video-preview:-1"},"canonical":"https:\/\/elfsight.com\/pt\/team-showcase-widget\/blogger\/","og_locale":"pt_PT","og_type":"article","og_title":"Adicione o widget Team Showcase ao site do Blogger (r\u00e1pido e gratuito)","og_description":"N\u00e3o \u00e9 dif\u00edcil criar seu widget Team Showcase e coloc\u00e1-lo na p\u00e1gina da web do Blogger. O atendimento ao cliente da Elfsight \u00e9 r\u00e1pido e gratuito.","og_url":"https:\/\/elfsight.com\/pt\/team-showcase-widget\/blogger\/","og_site_name":"Elfsight PT","article_modified_time":"2024-11-13T12:05:32+00:00","twitter_card":"summary_large_image","twitter_misc":{"Tempo estimado de leitura":"3 minutos"},"schema":{"@context":"https:\/\/schema.org","@graph":[{"@type":"WebPage","@id":"https:\/\/elfsight.com\/pt\/team-showcase-widget\/blogger\/","url":"https:\/\/elfsight.com\/pt\/team-showcase-widget\/blogger\/","name":"Adicione o widget Team Showcase ao site do Blogger (r\u00e1pido e gratuito)","isPartOf":{"@id":"https:\/\/elfsight.com\/pt\/#website"},"datePublished":"1970-01-01T00:00:00+00:00","dateModified":"2024-11-13T12:05:32+00:00","description":"N\u00e3o \u00e9 dif\u00edcil criar seu widget Team Showcase e coloc\u00e1-lo na p\u00e1gina da web do Blogger. O atendimento ao cliente da Elfsight \u00e9 r\u00e1pido e gratuito.","breadcrumb":{"@id":"https:\/\/elfsight.com\/pt\/team-showcase-widget\/blogger\/#breadcrumb"},"inLanguage":"pt-PT","potentialAction":[{"@type":"ReadAction","target":["https:\/\/elfsight.com\/pt\/team-showcase-widget\/blogger\/"]}]},{"@type":"BreadcrumbList","@id":"https:\/\/elfsight.com\/pt\/team-showcase-widget\/blogger\/#breadcrumb","itemListElement":[{"@type":"ListItem","position":1,"name":"Home","item":"https:\/\/elfsight.com\/pt\/"},{"@type":"ListItem","position":2,"name":"Team Showcase","item":"https:\/\/elfsight.com\/pt\/team-showcase-widget\/"},{"@type":"ListItem","position":3,"name":"Team Showcase &#8211; Blogger"}]},{"@type":"WebSite","@id":"https:\/\/elfsight.com\/pt\/#website","url":"https:\/\/elfsight.com\/pt\/","name":"Elfsight PT","description":"Just another Elfsight Sites site","potentialAction":[{"@type":"SearchAction","target":{"@type":"EntryPoint","urlTemplate":"https:\/\/elfsight.com\/pt\/?s={search_term_string}"},"query-input":{"@type":"PropertyValueSpecification","valueRequired":true,"valueName":"search_term_string"}}],"inLanguage":"pt-PT"}]}},"meta_box":{"industry":"","seo_heading":"","heading":"","description":"","cta_heading":"","cta_description":"","application":"854","h1":"Widget de demonstra\u00e7\u00e3o da equipe do Blogger","h1_caption":"Mostre aos membros da sua equipe as melhores vantagens por meio de um widget personaliz\u00e1vel","application_category":[],"applications_title":"","applications_request_title":"","applications_request_button_text":"","hero_text":"","hero_video":"","hero_video_schema_markup":"","selling_points_title":"","selling_points_caption":"","selling_points":[],"selling_points_cta_text":"","features_title":"","features":"","ed_cta_examples_text":"","ed_cta_examples_hidden":"","ed_cta_demo_text":"","ed_cta_demo_hidden":"","why_caption":"","why_editor_title":"","why_editor_text":"","why_team_title":"","why_team_text":"","why_service_title":"","why_service_text":"","template_catalog_visible":"","template_catalog_title":"","template_catalog_text":"","template_catalog_categories_visible":"","demo_title":"Crie seu widget de demonstra\u00e7\u00e3o de equipe","demo_caption":"Configure seu Team Showcase e adicione-o ao site do Blogger gratuitamente!","default_faq_hidden":"","app_template_category":[],"platform":"46","template_public_id":"","codecanyon_url":"","codecanyon_item_id":"","codecanyon_price":"","pricing_caption":"","pricing_elfsight_apps_hide_column":"","pricing_elfsight_apps_url":"","pricing_codecanyon_price_caption":"","integration_category":[],"integration_request_title":"","integration_request_cta":"","integration_platform":"","integrations":[],"platform_category":[],"video_schema_markup":"","price":"a partir de US$ 0\/m\u00eas","trial":"","benefits":[{"text":"Servi\u00e7o de instala\u00e7\u00e3o gratuito"},{"text":"Atendimento ao cliente competente"},{"text":"Garantia de devolu\u00e7\u00e3o do dinheiro em 14 dias"},{"text":"Atualiza\u00e7\u00f5es regulares"}],"button_url":"#demo","button_target_blank":"","button_nofollow":"","attributes":[{"name":"Instala\u00e7\u00f5es","content":"10,000 - 100,000"},{"name":"Responsivo","content":"Sim"},{"name":"Navegadores compat\u00edveis","content":"Firefox, Safari, Opera, Chrome, Edge"}],"tags":[],"tags_disable_links":"","hide_more_platforms":"","video_object":"","demo_hide_cta":"","demo_hide_cloud_options":"","pricing_title":"","pricing":[{"pricing_icon":"platform","pricing_title":"Elfsight Apps","pricing_title_caption":"Software multiplataforma que funciona em qualquer site","pricing_price":"a partir de US$ 0\/m\u00eas","pricing_price_caption":"comece com um plano gratuito","pricing_benefits":[{"text":"Dom\u00ednios ilimitados"},{"text":"Suporte premium, pontual e bem documentado"},{"text":"Suporte premium, pontual e bem documentado"},{"text":"100% personaliz\u00e1vel"}],"pricing_button_text":"Adicionar ao site","pricing_button_url":"#demo"}],"related_apps_title":"","related_apps_hidden":"","author":"","image":[],"title":"","job":"","social_networks":[]},"_links":{"self":[{"href":"https:\/\/elfsight.com\/pt\/wp-json\/wp\/v2\/pages\/8242","targetHints":{"allow":["GET"]}}],"collection":[{"href":"https:\/\/elfsight.com\/pt\/wp-json\/wp\/v2\/pages"}],"about":[{"href":"https:\/\/elfsight.com\/pt\/wp-json\/wp\/v2\/types\/page"}],"author":[{"embeddable":true,"href":"https:\/\/elfsight.com\/pt\/wp-json\/wp\/v2\/users\/9"}],"replies":[{"embeddable":true,"href":"https:\/\/elfsight.com\/pt\/wp-json\/wp\/v2\/comments?post=8242"}],"version-history":[{"count":2,"href":"https:\/\/elfsight.com\/pt\/wp-json\/wp\/v2\/pages\/8242\/revisions"}],"predecessor-version":[{"id":12266,"href":"https:\/\/elfsight.com\/pt\/wp-json\/wp\/v2\/pages\/8242\/revisions\/12266"}],"up":[{"embeddable":true,"href":"https:\/\/elfsight.com\/pt\/wp-json\/wp\/v2\/pages\/855"}],"wp:attachment":[{"href":"https:\/\/elfsight.com\/pt\/wp-json\/wp\/v2\/media?parent=8242"}],"curies":[{"name":"wp","href":"https:\/\/api.w.org\/{rel}","templated":true}]}}