{"id":8231,"date":"1970-01-01T00:00:00","date_gmt":"1970-01-01T00:00:00","guid":{"rendered":"https:\/\/elfsight.com\/pt\/?page_id=8231"},"modified":"2024-11-13T12:05:15","modified_gmt":"2024-11-13T12:05:15","slug":"opencart","status":"publish","type":"page","link":"https:\/\/elfsight.com\/pt\/team-showcase-widget\/opencart\/","title":{"rendered":"Team Showcase &#8211; OpenCart"},"content":{"rendered":"<div class=\"application-platform-content-item-description application-platform-content-item\" id=\"description\" data-nav-section=\"description\"> <h2>Descri\u00e7\u00e3o<\/h2> <p>Nosso widget ser\u00e1 a ferramenta mais \u00fatil para exibir sua equipe em seu site. Ajuda a publicar informa\u00e7\u00f5es detalhadas sobre qualquer tipo de equipe: colegas de trabalho, equipes esportivas, professores, colegas de empresa e muito mais. Adicione uma foto, informa\u00e7\u00f5es de contato e um texto detalhado sobre cada indiv\u00edduo. Os visitantes ter\u00e3o a oportunidade de entrar em contato com cada um deles com um clique devido aos links ativos e \u00edcones sociais. Voc\u00ea pode formar grupos e mostrar a estrutura da sua equipe, selecionar layout, cores e outras op\u00e7\u00f5es. Aumente a confian\u00e7a no seu neg\u00f3cio, mostrando a sua imagem humana! <\/p><div class=\"faq\" data-component=\"FAQ\"> <div class=\"faq-item\">\r\n\t\t\t\t\t<div class=\"faq-item-question\">\r\n\t\t\t\t\t\t<h3 class=\"faq-item-question-text\">Onde posso publicar este plugin<\/h3>\r\n\r\n\t\t\t\t\t\t<div class=\"faq-item-question-icon\"><\/div>\r\n\t\t\t\t\t<\/div>\r\n\r\n\t\t\t\t\t<div class=\"faq-item-answer\">\r\n\t\t\t\t\t\t<div class=\"faq-item-answer-text\"> <p>Adicione a galeria com sua equipe a qualquer p\u00e1gina do site, onde voc\u00ea achar suficiente. Pode se tornar uma das partes da \u00e1rea de conte\u00fado ou preencher a p\u00e1gina inteira. Assim, voc\u00ea pode criar sua p\u00e1gina Sobre n\u00f3s com a ajuda de apenas um widget. <\/p><\/div>\r\n\t\t\t\t\t<\/div>\r\n\t\t\t\t<\/div> <div class=\"faq-item\">\r\n\t\t\t\t\t<div class=\"faq-item-question\">\r\n\t\t\t\t\t\t<h3 class=\"faq-item-question-text\">Quais vantagens isso pode me trazer? <\/h3>\r\n\r\n\t\t\t\t\t\t<div class=\"faq-item-question-icon\"><\/div>\r\n\t\t\t\t\t<\/div>\r\n\r\n\t\t\t\t\t<div class=\"faq-item-answer\">\r\n\t\t\t\t\t\t<div class=\"faq-item-answer-text\"> <p>Revelar as pessoas que est\u00e3o envolvidas em seu neg\u00f3cio aumenta sua transpar\u00eancia e aumenta a confiabilidade percebida da empresa. Isso garante que as pessoas tenham certeza de que sua empresa \u00e9 um parceiro honesto e pode levar a um n\u00edvel mais alto de leads e novos clientes. Al\u00e9m disso, fica mais f\u00e1cil entrar em contato com sua equipe por meio dos dados de contato adicionados para cada pessoa. <\/p><\/div>\r\n\t\t\t\t\t<\/div>\r\n\t\t\t\t<\/div> <div class=\"faq-item\">\r\n\t\t\t\t\t<div class=\"faq-item-question\">\r\n\t\t\t\t\t\t<h3 class=\"faq-item-question-text\">O que preciso para incorporar o Team Showcase no meu site OpenCart?<\/h3>\r\n\r\n\t\t\t\t\t\t<div class=\"faq-item-question-icon\"><\/div>\r\n\t\t\t\t\t<\/div>\r\n\r\n\t\t\t\t\t<div class=\"faq-item-answer\">\r\n\t\t\t\t\t\t<div class=\"faq-item-answer-text\"> <p>Voc\u00ea s\u00f3 precisa de um minuto do seu tempo para configurar o widget. A incorpora\u00e7\u00e3o \u00e9 muito r\u00e1pida, gratuita e sem codifica\u00e7\u00e3o. <\/p> <ol> <li>Voc\u00ea pode inserir o Team Showcase em sua p\u00e1gina da web diretamente em nosso servi\u00e7o. Para isso, basta seguir os passos do guia abaixo nesta p\u00e1gina. <\/li> <li>O Elfsight Team Showcase pode ser configurado no nosso servi\u00e7o ou no mercado. Voc\u00ea pode verificar todos os detalhes sobre ambas as op\u00e7\u00f5es e escolher a mais adequada. <\/li> <\/ol> <\/div>\r\n\t\t\t\t\t<\/div>\r\n\t\t\t\t<\/div> <\/div> <\/div> <div class=\"application-platform-content-item-features application-platform-content-item\" id=\"features\" data-nav-section=\"features\"> <h2>Recursos<\/h2> <p>Para obter uma compreens\u00e3o mais clara do Team Showcase, descubra o lista de suas principais caracter\u00edsticas. Eles tornam o widget realmente ben\u00e9fico para voc\u00ea: <\/p> <ul><li>\u00cdcones ativos de m\u00eddias sociais e links para site e endere\u00e7o de e-mail; <\/li><li> Localiza\u00e7\u00e3o revelada no Google Maps ao clicar; <\/li><li>Popup mostra mais informa\u00e7\u00f5es de um membro da equipe; <\/li><li>Duas variantes para exibir categorias: como lista geral ou com menu; <\/li><li>4 variantes de layout: Grade, Cart\u00f5es, Galeria ou Lista. <\/li><\/ul><p><a href=\"#demo\">Para verificar todos os recursos, veja nossa demonstra\u00e7\u00e3o<\/a><\/p> <\/div> <div class=\"application-platform-content-item-installation application-platform-content-item\" id=\"installation\" data-nav-section=\"installation\"> <h2>Aprenda como adicionar o widget Team Showcase ao seu site OpenCart<\/h2> <p>Basta seguir as instru\u00e7\u00f5es abaixo para ativar o widget no OpenCart.<\/p> <ol><li><b>Utilize nosso servi\u00e7o gratuito configurador e comece a criar seu instrumento personalizado. <\/b><br> Determine o layout e os aspectos preferidos do Team Showcase e salve as modifica\u00e7\u00f5es. <\/li> <li><b>Receba o c\u00f3digo individual que aparece no formul\u00e1rio especial nas aplica\u00e7\u00f5es Elfsight. <\/b><br> Quando a gera\u00e7\u00e3o do seu widget estiver conclu\u00edda, copie o c\u00f3digo individual no pop-up que aparece e guarde-o para uso futuro. <\/li> <li><b>Comece a usar a ferramenta no seu site OpenCart. <\/b><br>Incorpore o c\u00f3digo copiado anteriormente em seu site e salve as melhorias. <\/li> <li><b>Conclu\u00eddo! A configura\u00e7\u00e3o foi realizada com sucesso. <\/b><br> Acesse sua p\u00e1gina para examinar como a ferramenta funciona. <\/li><\/ol> <p>Ainda n\u00e3o consegue se decidir? Ou tem d\u00favidas? Basta enviar uma solicita\u00e7\u00e3o \u00e0 nossa equipe de suporte, n\u00f3s resolveremos qualquer assunto. <\/p> <\/div>","protected":false},"excerpt":{"rendered":"","protected":false},"author":9,"featured_media":0,"parent":855,"menu_order":0,"comment_status":"closed","ping_status":"closed","template":"templates\/template-application-platform.php","meta":{"publish_to_discourse":"","publish_post_category":"","wpdc_auto_publish_overridden":"","wpdc_topic_tags":"","wpdc_pin_topic":"","wpdc_pin_until":"","discourse_post_id":"","discourse_permalink":"","wpdc_publishing_response":"","wpdc_publishing_error":"","footnotes":""},"class_list":["post-8231","page","type-page","status-publish","hentry"],"yoast_head":"<!-- This site is optimized with the Yoast SEO plugin v25.3.1 - https:\/\/yoast.com\/wordpress\/plugins\/seo\/ -->\n<title>Adicionar extens\u00e3o Team Showcase ao site OpenCart (2025)<\/title>\n<meta name=\"description\" content=\"\u00c9 absolutamente simples criar sua extens\u00e3o Team Showcase e exibi-la no site OpenCart. O suporte ao cliente da Elfsight \u00e9 gratuito.\" \/>\n<meta name=\"robots\" content=\"index, follow, max-snippet:-1, max-image-preview:large, max-video-preview:-1\" \/>\n<link rel=\"canonical\" href=\"https:\/\/elfsight.com\/pt\/team-showcase-widget\/opencart\/\" \/>\n<meta property=\"og:locale\" content=\"pt_PT\" \/>\n<meta property=\"og:type\" content=\"article\" \/>\n<meta property=\"og:title\" content=\"Adicionar extens\u00e3o Team Showcase ao site OpenCart (2025)\" \/>\n<meta property=\"og:description\" content=\"\u00c9 absolutamente simples criar sua extens\u00e3o Team Showcase e exibi-la no site OpenCart. O suporte ao cliente da Elfsight \u00e9 gratuito.\" \/>\n<meta property=\"og:url\" content=\"https:\/\/elfsight.com\/pt\/team-showcase-widget\/opencart\/\" \/>\n<meta property=\"og:site_name\" content=\"Elfsight PT\" \/>\n<meta property=\"article:modified_time\" content=\"2024-11-13T12:05:15+00:00\" \/>\n<meta name=\"twitter:card\" content=\"summary_large_image\" \/>\n<meta name=\"twitter:label1\" content=\"Tempo estimado de leitura\" \/>\n\t<meta name=\"twitter:data1\" content=\"3 minutos\" \/>\n<!-- \/ Yoast SEO plugin. -->","yoast_head_json":{"title":"Adicionar extens\u00e3o Team Showcase ao site OpenCart (2025)","description":"\u00c9 absolutamente simples criar sua extens\u00e3o Team Showcase e exibi-la no site OpenCart. O suporte ao cliente da Elfsight \u00e9 gratuito.","robots":{"index":"index","follow":"follow","max-snippet":"max-snippet:-1","max-image-preview":"max-image-preview:large","max-video-preview":"max-video-preview:-1"},"canonical":"https:\/\/elfsight.com\/pt\/team-showcase-widget\/opencart\/","og_locale":"pt_PT","og_type":"article","og_title":"Adicionar extens\u00e3o Team Showcase ao site OpenCart (2025)","og_description":"\u00c9 absolutamente simples criar sua extens\u00e3o Team Showcase e exibi-la no site OpenCart. O suporte ao cliente da Elfsight \u00e9 gratuito.","og_url":"https:\/\/elfsight.com\/pt\/team-showcase-widget\/opencart\/","og_site_name":"Elfsight PT","article_modified_time":"2024-11-13T12:05:15+00:00","twitter_card":"summary_large_image","twitter_misc":{"Tempo estimado de leitura":"3 minutos"},"schema":{"@context":"https:\/\/schema.org","@graph":[{"@type":"WebPage","@id":"https:\/\/elfsight.com\/pt\/team-showcase-widget\/opencart\/","url":"https:\/\/elfsight.com\/pt\/team-showcase-widget\/opencart\/","name":"Adicionar extens\u00e3o Team Showcase ao site OpenCart (2025)","isPartOf":{"@id":"https:\/\/elfsight.com\/pt\/#website"},"datePublished":"1970-01-01T00:00:00+00:00","dateModified":"2024-11-13T12:05:15+00:00","description":"\u00c9 absolutamente simples criar sua extens\u00e3o Team Showcase e exibi-la no site OpenCart. O suporte ao cliente da Elfsight \u00e9 gratuito.","breadcrumb":{"@id":"https:\/\/elfsight.com\/pt\/team-showcase-widget\/opencart\/#breadcrumb"},"inLanguage":"pt-PT","potentialAction":[{"@type":"ReadAction","target":["https:\/\/elfsight.com\/pt\/team-showcase-widget\/opencart\/"]}]},{"@type":"BreadcrumbList","@id":"https:\/\/elfsight.com\/pt\/team-showcase-widget\/opencart\/#breadcrumb","itemListElement":[{"@type":"ListItem","position":1,"name":"Home","item":"https:\/\/elfsight.com\/pt\/"},{"@type":"ListItem","position":2,"name":"Team Showcase","item":"https:\/\/elfsight.com\/pt\/team-showcase-widget\/"},{"@type":"ListItem","position":3,"name":"Team Showcase &#8211; OpenCart"}]},{"@type":"WebSite","@id":"https:\/\/elfsight.com\/pt\/#website","url":"https:\/\/elfsight.com\/pt\/","name":"Elfsight PT","description":"Just another Elfsight Sites site","potentialAction":[{"@type":"SearchAction","target":{"@type":"EntryPoint","urlTemplate":"https:\/\/elfsight.com\/pt\/?s={search_term_string}"},"query-input":{"@type":"PropertyValueSpecification","valueRequired":true,"valueName":"search_term_string"}}],"inLanguage":"pt-PT"}]}},"meta_box":{"industry":"","seo_heading":"","heading":"","description":"","cta_heading":"","cta_description":"","application":"854","h1":"Extens\u00e3o OpenCart Team Showcase","h1_caption":"Apresente os membros da sua equipe aos visitantes do site por meio de um widget personaliz\u00e1vel","application_category":[],"applications_title":"","applications_request_title":"","applications_request_button_text":"","hero_text":"","hero_video":"","hero_video_schema_markup":"","selling_points_title":"","selling_points_caption":"","selling_points":[],"selling_points_cta_text":"","features_title":"","features":"","ed_cta_examples_text":"","ed_cta_examples_hidden":"","ed_cta_demo_text":"","ed_cta_demo_hidden":"","why_caption":"","why_editor_title":"","why_editor_text":"","why_team_title":"","why_team_text":"","why_service_title":"","why_service_text":"","template_catalog_visible":"","template_catalog_title":"","template_catalog_text":"","template_catalog_categories_visible":"","demo_title":"Crie sua extens\u00e3o Team Showcase","demo_caption":"Configure seu Team Showcase e adicione-o ao seu site OpenCart gratuitamente!","default_faq_hidden":"","app_template_category":[],"platform":"61","template_public_id":"","codecanyon_url":"","codecanyon_item_id":"","codecanyon_price":"","pricing_caption":"","pricing_elfsight_apps_hide_column":"","pricing_elfsight_apps_url":"","pricing_codecanyon_price_caption":"","integration_category":[],"integration_request_title":"","integration_request_cta":"","integration_platform":"","integrations":[],"platform_category":[],"video_schema_markup":"","price":"a partir de US$ 0\/m\u00eas","trial":"","benefits":[{"text":"Ajuda de instala\u00e7\u00e3o gratuita"},{"text":"Suporte premium"},{"text":"Garantia de devolu\u00e7\u00e3o do dinheiro em 14 dias"},{"text":"Atualizando constantemente"}],"button_url":"#demo","button_target_blank":"","button_nofollow":"","attributes":[{"name":"Instala\u00e7\u00f5es","content":"10,000 - 100,000"},{"name":"Responsivo","content":"Sim"},{"name":"Navegadores compat\u00edveis","content":"Opera, Firefox, Safari, Edge, Chrome"}],"tags":[],"tags_disable_links":"","hide_more_platforms":"","video_object":"","demo_hide_cta":"","demo_hide_cloud_options":"","pricing_title":"","pricing":[{"pricing_icon":"platform","pricing_title":"Elfsight Apps","pricing_title_caption":"Solu\u00e7\u00e3o multiplataforma que funciona em qualquer site","pricing_price":"a partir de US$ 0\/m\u00eas","pricing_price_caption":"comece com plano gratuito","pricing_benefits":[{"text":"Dom\u00ednios ilimitados"},{"text":"Suporte premium"},{"text":"Suporte premium"},{"text":"Design flex\u00edvel"}],"pricing_button_text":"Adicionar ao site","pricing_button_url":"#demo"}],"related_apps_title":"","related_apps_hidden":"","author":"","image":[],"title":"","job":"","social_networks":[]},"_links":{"self":[{"href":"https:\/\/elfsight.com\/pt\/wp-json\/wp\/v2\/pages\/8231","targetHints":{"allow":["GET"]}}],"collection":[{"href":"https:\/\/elfsight.com\/pt\/wp-json\/wp\/v2\/pages"}],"about":[{"href":"https:\/\/elfsight.com\/pt\/wp-json\/wp\/v2\/types\/page"}],"author":[{"embeddable":true,"href":"https:\/\/elfsight.com\/pt\/wp-json\/wp\/v2\/users\/9"}],"replies":[{"embeddable":true,"href":"https:\/\/elfsight.com\/pt\/wp-json\/wp\/v2\/comments?post=8231"}],"version-history":[{"count":1,"href":"https:\/\/elfsight.com\/pt\/wp-json\/wp\/v2\/pages\/8231\/revisions"}],"predecessor-version":[{"id":8235,"href":"https:\/\/elfsight.com\/pt\/wp-json\/wp\/v2\/pages\/8231\/revisions\/8235"}],"up":[{"embeddable":true,"href":"https:\/\/elfsight.com\/pt\/wp-json\/wp\/v2\/pages\/855"}],"wp:attachment":[{"href":"https:\/\/elfsight.com\/pt\/wp-json\/wp\/v2\/media?parent=8231"}],"curies":[{"name":"wp","href":"https:\/\/api.w.org\/{rel}","templated":true}]}}