{"id":8225,"date":"1970-01-01T00:00:00","date_gmt":"1970-01-01T00:00:00","guid":{"rendered":"https:\/\/elfsight.com\/pt\/?page_id=8225"},"modified":"2025-03-07T09:52:57","modified_gmt":"2025-03-07T09:52:57","slug":"squarespace","status":"publish","type":"page","link":"https:\/\/elfsight.com\/pt\/team-showcase-widget\/squarespace\/","title":{"rendered":"Team Showcase &#8211; Squarespace"},"content":{"rendered":"\n<div class=\"application-platform-content-item-description application-platform-content-item\" id=\"description\" data-nav-section=\"description\"> <h2>Incorpore o Team Showcase no Squarespace com o widget Elfsight<\/h2> <p>O widget se tornar\u00e1 a maneira mais f\u00e1cil de usar para mostre os membros da sua equipe em seu site. O widget ajuda a entregar fotos e experi\u00eancias de qualquer tipo de equipe: parceiros de neg\u00f3cios, equipes esportivas, acad\u00eamicos, funcion\u00e1rios da empresa e muito mais. Adicione uma foto, informa\u00e7\u00f5es de contato e uma mensagem exclusiva sobre cada membro da sua equipe. Os visitantes do site ter\u00e3o a oportunidade de abordar cada um deles em um momento, usando links e \u00edcones sociais. Voc\u00ea pode criar grupos e mostrar o formato da sua empresa, selecionar layouts, cores e outras op\u00e7\u00f5es. Aumente a confiabilidade do seu neg\u00f3cio, exibindo sua face humana! <\/p><div class=\"faq\" data-component=\"FAQ\"> <div class=\"faq-item\">\r\n\t\t\t\t\t<div class=\"faq-item-question\">\r\n\t\t\t\t\t\t<h3 class=\"faq-item-question-text\">Onde posso instalar<\/h3>\r\n\r\n\t\t\t\t\t\t<div class=\"faq-item-question-icon\"><\/div>\r\n\t\t\t\t\t<\/div>\r\n\r\n\t\t\t\t\t<div class=\"faq-item-answer\">\r\n\t\t\t\t\t\t<div class=\"faq-item-answer-text\"> <p>Adicione o showcase da sua equipe a qualquer p\u00e1gina do seu site, onde for necess\u00e1rio. O widget pode funcionar como um dos componentes da zona de conte\u00fado ou pode ocupar toda a p\u00e1gina. Por exemplo, voc\u00ea pode us\u00e1-lo para configurar a p\u00e1gina Sobre n\u00f3s do seu site. <\/p><\/div>\r\n\t\t\t\t\t<\/div>\r\n\t\t\t\t<\/div> <div class=\"faq-item\">\r\n\t\t\t\t\t<div class=\"faq-item-question\">\r\n\t\t\t\t\t\t<h3 class=\"faq-item-question-text\">Como vou me beneficiar com isso? <\/h3>\r\n\r\n\t\t\t\t\t\t<div class=\"faq-item-question-icon\"><\/div>\r\n\t\t\t\t\t<\/div>\r\n\r\n\t\t\t\t\t<div class=\"faq-item-answer\">\r\n\t\t\t\t\t\t<div class=\"faq-item-answer-text\"> <p>Apresentando as pessoas reais que est\u00e3o por tr\u00e1s o neg\u00f3cio aumenta a transpar\u00eancia e a confiabilidade percebida do seu neg\u00f3cio. Convence seu p\u00fablico de que sua empresa \u00e9 um parceiro confi\u00e1vel e pode gerar mais leads e novas vendas. Al\u00e9m disso, os membros da sua equipe ser\u00e3o facilmente acessados \u200b\u200bgra\u00e7as \u00e0s informa\u00e7\u00f5es de contato no widget. <\/p><\/div>\r\n\t\t\t\t\t<\/div>\r\n\t\t\t\t<\/div> <div class=\"faq-item\">\r\n\t\t\t\t\t<div class=\"faq-item-question\">\r\n\t\t\t\t\t\t<h3 class=\"faq-item-question-text\">Como posso adicionar o Team Showcase no meu site Squarespace? <\/h3>\r\n\r\n\t\t\t\t\t\t<div class=\"faq-item-question-icon\"><\/div>\r\n\t\t\t\t\t<\/div>\r\n\r\n\t\t\t\t\t<div class=\"faq-item-answer\">\r\n\t\t\t\t\t\t<div class=\"faq-item-answer-text\"> <p>Levar\u00e1 dois minutos do seu tempo para configur\u00e1-lo. O processo \u00e9 extremamente r\u00e1pido, gratuito e sem codifica\u00e7\u00e3o. <\/p> <ol> <li>Voc\u00ea pode configurar o widget no site atrav\u00e9s do nosso servi\u00e7o. Basta verificar a breve descri\u00e7\u00e3o abaixo nesta p\u00e1gina. <\/li> <li>O widget pode ser adicionado atrav\u00e9s do nosso servi\u00e7o ou atrav\u00e9s do mercado. Aqui voc\u00ea pode ver mais detalhes sobre as duas variantes e decidir qual \u00e9 a mais adequada. <\/li> <\/ol> <\/div>\r\n\t\t\t\t\t<\/div>\r\n\t\t\t\t<\/div> <\/div> <\/div> <div class=\"application-platform-content-item-features application-platform-content-item\" id=\"features\" data-nav-section=\"features\"> <h2>Principais recursos do widget Team Showcase<\/h2> <p>Para moldar um Para ter uma ideia melhor do Team Showcase, veja a lista dos principais recursos. Eles tornam este widget ben\u00e9fico para voc\u00ea: <\/p> <ul><li>\u00cdcones clic\u00e1veis \u200b\u200bde m\u00eddia social e links para sites e endere\u00e7os de e-mail; <\/li><li> A localiza\u00e7\u00e3o \u00e9 aberta no Google Maps quando clicada; <\/li><li>Popup revela todos os detalhes sobre um membro da equipe; <\/li><li>2 variantes para organizar grupos: como lista geral ou com menu; <\/li><li>Quatro variantes de layout: Grade, Cart\u00f5es, Galeria, Lista. <\/li><\/ul><p><a href=\"#demo\">Para descobrir todos os recursos, veja a demonstra\u00e7\u00e3o<\/a><\/p> <\/div> <div class=\"application-platform-content-item-installation application-platform-content-item\" id=\"installation\" data-nav-section=\"installation\"> <h2>Saiba como integrar o widget Team Showcase ao seu Squarespace local na rede Internet. <\/h2> <div class=\"video-container\"><iframe width=\"720\" height=\"405\" src=\"https:\/\/www.youtube.com\/embed\/whP3dtEJt9Y\" frameborder=\"0\" allowfullscreen=\"\"><\/iframe><\/div><p> Algumas a\u00e7\u00f5es f\u00e1ceis s\u00e3o a \u00fanica coisa que voc\u00ea precisa realizar. <\/p> <ol><li><b>Projete seu plugin Team Showcase personalizado<\/b><br> Gerenciando nosso editor gratuito, crie um plugin com os recursos de interface que voc\u00ea precisa. <\/li><li><b>Receba o c\u00f3digo individual para publicar o plugin<\/b><br> Depois de criar o seu widget, voc\u00ea receber\u00e1 o seu c\u00f3digo pessoal na notifica\u00e7\u00e3o pop-up nos aplicativos da Elfsight. Copie o c\u00f3digo para uso posterior. <\/li> <li><b>Exiba o plugin no seu site do Squarespace<\/b><br> V\u00e1 at\u00e9 o local onde voc\u00ea precisa integrar o plugin e adicione o c\u00f3digo salvo l\u00e1. Salve as edi\u00e7\u00f5es. <\/li> <li><b>Parab\u00e9ns! Voc\u00ea acabou de adicionar o widget! <\/b><br> Entre no seu site para visualizar seu trabalho. <\/li> <\/ol><p>Ainda inseguro? Ou trope\u00e7ou em alguma coisa? Basta enviar uma solicita\u00e7\u00e3o para nossa equipe de suporte que o ajudar\u00e1 com todas as d\u00favidas. <\/p> <\/div>\n","protected":false},"excerpt":{"rendered":"","protected":false},"author":9,"featured_media":0,"parent":855,"menu_order":0,"comment_status":"closed","ping_status":"closed","template":"templates\/template-application-platform.php","meta":{"publish_to_discourse":"","publish_post_category":"","wpdc_auto_publish_overridden":"","wpdc_topic_tags":"","wpdc_pin_topic":"","wpdc_pin_until":"","discourse_post_id":"","discourse_permalink":"","wpdc_publishing_response":"","wpdc_publishing_error":"","footnotes":""},"class_list":["post-8225","page","type-page","status-publish","hentry"],"yoast_head":"<!-- This site is optimized with the Yoast SEO plugin v25.3.1 - https:\/\/yoast.com\/wordpress\/plugins\/seo\/ -->\n<title>Adicione o plugin Team Showcase ao site do Squarespace (r\u00e1pido e gratuito)<\/title>\n<meta name=\"description\" content=\"\u00c9 perfeitamente simples projetar seu plugin Team Showcase e coloc\u00e1-lo no site do Squarespace. O atendimento ao cliente da Elfsight \u00e9 gratuito.\" \/>\n<meta name=\"robots\" content=\"index, follow, max-snippet:-1, max-image-preview:large, max-video-preview:-1\" \/>\n<link rel=\"canonical\" href=\"https:\/\/elfsight.com\/pt\/team-showcase-widget\/squarespace\/\" \/>\n<meta property=\"og:locale\" content=\"pt_PT\" \/>\n<meta property=\"og:type\" content=\"article\" \/>\n<meta property=\"og:title\" content=\"Adicione o plugin Team Showcase ao site do Squarespace (r\u00e1pido e gratuito)\" \/>\n<meta property=\"og:description\" content=\"\u00c9 perfeitamente simples projetar seu plugin Team Showcase e coloc\u00e1-lo no site do Squarespace. O atendimento ao cliente da Elfsight \u00e9 gratuito.\" \/>\n<meta property=\"og:url\" content=\"https:\/\/elfsight.com\/pt\/team-showcase-widget\/squarespace\/\" \/>\n<meta property=\"og:site_name\" content=\"Elfsight PT\" \/>\n<meta property=\"article:modified_time\" content=\"2025-03-07T09:52:57+00:00\" \/>\n<meta name=\"twitter:card\" content=\"summary_large_image\" \/>\n<meta name=\"twitter:label1\" content=\"Tempo estimado de leitura\" \/>\n\t<meta name=\"twitter:data1\" content=\"4 minutos\" \/>\n<!-- \/ Yoast SEO plugin. -->","yoast_head_json":{"title":"Adicione o plugin Team Showcase ao site do Squarespace (r\u00e1pido e gratuito)","description":"\u00c9 perfeitamente simples projetar seu plugin Team Showcase e coloc\u00e1-lo no site do Squarespace. O atendimento ao cliente da Elfsight \u00e9 gratuito.","robots":{"index":"index","follow":"follow","max-snippet":"max-snippet:-1","max-image-preview":"max-image-preview:large","max-video-preview":"max-video-preview:-1"},"canonical":"https:\/\/elfsight.com\/pt\/team-showcase-widget\/squarespace\/","og_locale":"pt_PT","og_type":"article","og_title":"Adicione o plugin Team Showcase ao site do Squarespace (r\u00e1pido e gratuito)","og_description":"\u00c9 perfeitamente simples projetar seu plugin Team Showcase e coloc\u00e1-lo no site do Squarespace. O atendimento ao cliente da Elfsight \u00e9 gratuito.","og_url":"https:\/\/elfsight.com\/pt\/team-showcase-widget\/squarespace\/","og_site_name":"Elfsight PT","article_modified_time":"2025-03-07T09:52:57+00:00","twitter_card":"summary_large_image","twitter_misc":{"Tempo estimado de leitura":"4 minutos"},"schema":{"@context":"https:\/\/schema.org","@graph":[{"@type":"WebPage","@id":"https:\/\/elfsight.com\/pt\/team-showcase-widget\/squarespace\/","url":"https:\/\/elfsight.com\/pt\/team-showcase-widget\/squarespace\/","name":"Adicione o plugin Team Showcase ao site do Squarespace (r\u00e1pido e gratuito)","isPartOf":{"@id":"https:\/\/elfsight.com\/pt\/#website"},"datePublished":"1970-01-01T00:00:00+00:00","dateModified":"2025-03-07T09:52:57+00:00","description":"\u00c9 perfeitamente simples projetar seu plugin Team Showcase e coloc\u00e1-lo no site do Squarespace. O atendimento ao cliente da Elfsight \u00e9 gratuito.","breadcrumb":{"@id":"https:\/\/elfsight.com\/pt\/team-showcase-widget\/squarespace\/#breadcrumb"},"inLanguage":"pt-PT","potentialAction":[{"@type":"ReadAction","target":["https:\/\/elfsight.com\/pt\/team-showcase-widget\/squarespace\/"]}]},{"@type":"BreadcrumbList","@id":"https:\/\/elfsight.com\/pt\/team-showcase-widget\/squarespace\/#breadcrumb","itemListElement":[{"@type":"ListItem","position":1,"name":"Home","item":"https:\/\/elfsight.com\/pt\/"},{"@type":"ListItem","position":2,"name":"Team Showcase","item":"https:\/\/elfsight.com\/pt\/team-showcase-widget\/"},{"@type":"ListItem","position":3,"name":"Team Showcase &#8211; Squarespace"}]},{"@type":"WebSite","@id":"https:\/\/elfsight.com\/pt\/#website","url":"https:\/\/elfsight.com\/pt\/","name":"Elfsight PT","description":"Just another Elfsight Sites site","potentialAction":[{"@type":"SearchAction","target":{"@type":"EntryPoint","urlTemplate":"https:\/\/elfsight.com\/pt\/?s={search_term_string}"},"query-input":{"@type":"PropertyValueSpecification","valueRequired":true,"valueName":"search_term_string"}}],"inLanguage":"pt-PT"}]}},"meta_box":{"industry":"","seo_heading":"","heading":"","description":"","cta_heading":"","cta_description":"","application":"854","h1":"Plug-in Squarespace Team Showcase","h1_caption":"Mostre os membros da sua equipe com detalhes importantes por meio de um widget flex\u00edvel","application_category":[],"applications_title":"","applications_request_title":"","applications_request_button_text":"","hero_text":"","hero_video":"","hero_video_schema_markup":"","selling_points_title":"","selling_points_caption":"","selling_points":[],"selling_points_cta_text":"","features_title":"","features":"","ed_cta_examples_text":"","ed_cta_examples_hidden":"","ed_cta_demo_text":"","ed_cta_demo_hidden":"","why_caption":"","why_editor_title":"","why_editor_text":"","why_team_title":"","why_team_text":"","why_service_title":"","why_service_text":"","template_catalog_visible":"0","template_catalog_title":"","template_catalog_text":"","template_catalog_categories_visible":"","demo_title":"Crie seu plugin Team Showcase","demo_caption":"Configure seu Team Showcase e adicione-o ao seu site do Squarespace gratuitamente!","default_faq_hidden":"","app_template_category":[],"platform":"67","template_public_id":"","codecanyon_url":"","codecanyon_item_id":"","codecanyon_price":"","pricing_caption":"","pricing_elfsight_apps_hide_column":"","pricing_elfsight_apps_url":"","pricing_codecanyon_price_caption":"","integration_category":[],"integration_request_title":"","integration_request_cta":"","integration_platform":"","integrations":[],"platform_category":[],"video_schema_markup":"","price":"a partir de US$ 0\/m\u00eas","trial":"","benefits":[{"text":"Assist\u00eancia de instala\u00e7\u00e3o gratuita"},{"text":"Atendimento ao cliente profissional"},{"text":"Garantia de reembolso de 14 dias"},{"text":"Melhorias gratuitas cont\u00ednuas"}],"button_url":"#demo","button_target_blank":"0","button_nofollow":"0","attributes":[{"name":"Instala\u00e7\u00f5es","content":"10,000 - 100,000"},{"name":"Responsivo","content":"Sim"},{"name":"Navegadores compat\u00edveis","content":" Firefox, Safari, Opera, Chrome, Edge"}],"tags":[],"tags_disable_links":"0","hide_more_platforms":"0","video_object":"","demo_hide_cta":"0","demo_hide_cloud_options":"0","pricing_title":"","pricing":[{"pricing_icon":"platform","pricing_title":"Elfsight Apps","pricing_title_caption":"Software independente de plataforma que funciona em qualquer site","pricing_price":"a partir de US$ 0\/m\u00eas","pricing_price_caption":"comece com um plano gratuito","pricing_benefits":[{"text":"Dom\u00ednios ilimitados"},{"text":"Suporte r\u00e1pido \u00e0 empresa"},{"text":"Suporte r\u00e1pido \u00e0 empresa"},{"text":"Totalmente personaliz\u00e1vel"}],"pricing_button_text":"Adicionar ao site","pricing_button_url":"#demo"}],"related_apps_title":"","related_apps_hidden":"0","author":"","image":[],"title":"","job":"","social_networks":[]},"_links":{"self":[{"href":"https:\/\/elfsight.com\/pt\/wp-json\/wp\/v2\/pages\/8225","targetHints":{"allow":["GET"]}}],"collection":[{"href":"https:\/\/elfsight.com\/pt\/wp-json\/wp\/v2\/pages"}],"about":[{"href":"https:\/\/elfsight.com\/pt\/wp-json\/wp\/v2\/types\/page"}],"author":[{"embeddable":true,"href":"https:\/\/elfsight.com\/pt\/wp-json\/wp\/v2\/users\/9"}],"replies":[{"embeddable":true,"href":"https:\/\/elfsight.com\/pt\/wp-json\/wp\/v2\/comments?post=8225"}],"version-history":[{"count":3,"href":"https:\/\/elfsight.com\/pt\/wp-json\/wp\/v2\/pages\/8225\/revisions"}],"predecessor-version":[{"id":14613,"href":"https:\/\/elfsight.com\/pt\/wp-json\/wp\/v2\/pages\/8225\/revisions\/14613"}],"up":[{"embeddable":true,"href":"https:\/\/elfsight.com\/pt\/wp-json\/wp\/v2\/pages\/855"}],"wp:attachment":[{"href":"https:\/\/elfsight.com\/pt\/wp-json\/wp\/v2\/media?parent=8225"}],"curies":[{"name":"wp","href":"https:\/\/api.w.org\/{rel}","templated":true}]}}