{"id":8216,"date":"1970-01-01T00:00:00","date_gmt":"1970-01-01T00:00:00","guid":{"rendered":"https:\/\/elfsight.com\/pt\/?page_id=8216"},"modified":"2025-03-07T09:44:15","modified_gmt":"2025-03-07T09:44:15","slug":"elementor","status":"publish","type":"page","link":"https:\/\/elfsight.com\/pt\/team-showcase-widget\/elementor\/","title":{"rendered":"Team Showcase &#8211; Elementor"},"content":{"rendered":"\n<div class=\"application-platform-content-item-description application-platform-content-item\" id=\"description\" data-nav-section=\"description\"> <h2>Incorpore Team Showcase no Elementor com o widget Elfsight<\/h2><p>O widget ser\u00e1 a maneira mais f\u00e1cil de usar para exibir os membros da sua equipe no site. O widget ajuda a informar sobre qualquer tipo de equipe: colegas de trabalho, equipes esportivas, acad\u00eamicos, funcion\u00e1rios de empresas e outros. Mostre uma foto, publique informa\u00e7\u00f5es de contato e um texto personalizado sobre cada indiv\u00edduo. Os visitantes do site ter\u00e3o a oportunidade de alcan\u00e7\u00e1-los rapidamente usando links ativos e \u00edcones de m\u00eddia social. Voc\u00ea pode estabelecer grupos e mostrar a estrutura da sua equipe, escolher layouts, cores e muito mais. Aumente a confiabilidade da sua empresa, mostrando sua face humana! <\/p><div class=\"faq\" data-component=\"FAQ\"><div class=\"faq-item\">\r\n\t\t\t\t\t<div class=\"faq-item-question\">\r\n\t\t\t\t\t\t<h3 class=\"faq-item-question-text\">Como posso incorporar um Team Showcase no meu site Elementor? <\/h3>\r\n\r\n\t\t\t\t\t\t<div class=\"faq-item-question-icon\"><\/div>\r\n\t\t\t\t\t<\/div>\r\n\r\n\t\t\t\t\t<div class=\"faq-item-answer\">\r\n\t\t\t\t\t\t<div class=\"faq-item-answer-text\"><p>A cria\u00e7\u00e3o da ferramenta ocorre dentro do servi\u00e7o Elfsight e n\u00e3o h\u00e1 necessidade de aprender a codificar. Acesse a demonstra\u00e7\u00e3o ativa para construir seu pr\u00f3prio widget, adquirir o c\u00f3digo e implement\u00e1-lo em seu site. <\/p><\/div>\r\n\t\t\t\t\t<\/div>\r\n\t\t\t\t<\/div><div class=\"faq-item\">\r\n\t\t\t\t\t<div class=\"faq-item-question\">\r\n\t\t\t\t\t\t<h3 class=\"faq-item-question-text\">As melhores maneiras de usar a integra\u00e7\u00e3o dos membros da equipe<\/h3>\r\n\r\n\t\t\t\t\t\t<div class=\"faq-item-question-icon\"><\/div>\r\n\t\t\t\t\t<\/div>\r\n\r\n\t\t\t\t\t<div class=\"faq-item-answer\">\r\n\t\t\t\t\t\t<div class=\"faq-item-answer-text\"><p>Temos muitas possibilidades de personaliza\u00e7\u00e3o: widgets em tamanho real para incorporar na zona de conte\u00fado, flutuantes widgets para op\u00e7\u00f5es de rolagem, miniaturas para o rodap\u00e9, se\u00e7\u00e3o principal e todos os tipos de op\u00e7\u00f5es verticais para barras laterais e menus do site. <\/p><\/div>\r\n\t\t\t\t\t<\/div>\r\n\t\t\t\t<\/div><div class=\"faq-item\">\r\n\t\t\t\t\t<div class=\"faq-item-question\">\r\n\t\t\t\t\t\t<h3 class=\"faq-item-question-text\">Como fa\u00e7o para construir um Showcase de Equipe de M\u00fasica ou de Professores com a ajuda do editor? <\/h3>\r\n\r\n\t\t\t\t\t\t<div class=\"faq-item-question-icon\"><\/div>\r\n\t\t\t\t\t<\/div>\r\n\r\n\t\t\t\t\t<div class=\"faq-item-answer\">\r\n\t\t\t\t\t\t<div class=\"faq-item-answer-text\"><p>Voc\u00ea pode criar altera\u00e7\u00f5es em qualquer widget. Existem v\u00e1rios layouts aplic\u00e1veis \u200b\u200b\u200b\u200bno editor, e todos eles podem ser facilmente ajustados da maneira que voc\u00ea deseja. <\/p><\/div>\r\n\t\t\t\t\t<\/div>\r\n\t\t\t\t<\/div><\/div><\/div><div class=\"application-platform-content-item-features application-platform-content-item\" id=\"features\" data-nav-section=\"features\"> <h2>Principais recursos do widget Team Showcase<\/h2> <p>Para ter uma ideia mais clara do Team Showcase, examine a lista de seus recursos essenciais. Eles tornam nosso widget realmente eficiente para sua loja:<\/p> <ul><li>\u00cdcones ativos de contas sociais e links para site e endere\u00e7o de e-mail;<\/li><li>Localiza\u00e7\u00e3o da pessoa revelada no Google Maps ao clicar;<\/li><li>Popup abre todos os detalhes de um membro da equipe;<\/li><li>Duas possibilidades para mostrar grupos: em uma lista geral ou com menu;<\/li><li>4 variantes de layout para escolha: Grade, Cart\u00f5es, Galeria, Lista.<\/li><\/ul><p><a href=\"#demo\">Aprenda todos os recursos em nossa demonstra\u00e7\u00e3o<\/a><\/p> <\/div><div class=\"application-platform-content-item-installation application-platform-content-item\" id=\"installation\" data-nav-section=\"installation\"> <h2>Como adicionar o Team Showcase ao seu site Elementor<\/h2> <div class=\"video-container\"><iframe width=\"720\" height=\"405\" src=\"https:\/\/www.youtube.com\/embed\/4Zhvy42wdd0\" frameborder=\"0\" allowfullscreen=\"\"><\/iframe><\/div><p>Essas diversas a\u00e7\u00f5es s\u00e3o a \u00fanica coisa que voc\u00ea precisa adicionar.<\/p> <ul><li><b>Gere seu Team Showcase individual<\/b><br>Usando nossa demonstra\u00e7\u00e3o gratuita, crie um plugin com o modelo e as fun\u00e7\u00f5es necess\u00e1rias.<\/li> <li><b>Copie um c\u00f3digo para exibir o plugin<\/b><br>Ap\u00f3s a cria\u00e7\u00e3o do widget, receba um c\u00f3digo para o plugin Showcase a partir da notifica\u00e7\u00e3o exibida nas aplica\u00e7\u00f5es Elfsight.<\/li><li><b>Exibir o widget na p\u00e1gina<\/b><br>Iniciar o c\u00f3digo da p\u00e1gina no editor HTML e integre o widget no local necess\u00e1rio (conte\u00fado, rodap\u00e9, barra lateral etc) e publique os resultados.<\/li><li><b>A instala\u00e7\u00e3o est\u00e1 conclu\u00edda<\/b><br>V\u00e1 para o site da Elementor, para ver seu plugin.<\/li><\/ul><p>Ainda indeciso? Ou tem d\u00favidas? Apenas uma \u00fanica solicita\u00e7\u00e3o ao nosso departamento de suporte ao cliente ajudar\u00e1 com qualquer d\u00favida.<\/p> <\/div>\n","protected":false},"excerpt":{"rendered":"","protected":false},"author":9,"featured_media":0,"parent":855,"menu_order":0,"comment_status":"closed","ping_status":"closed","template":"templates\/template-application-platform.php","meta":{"publish_to_discourse":"","publish_post_category":"","wpdc_auto_publish_overridden":"","wpdc_topic_tags":"","wpdc_pin_topic":"","wpdc_pin_until":"","discourse_post_id":"","discourse_permalink":"","wpdc_publishing_response":"","wpdc_publishing_error":"","footnotes":""},"class_list":["post-8216","page","type-page","status-publish","hentry"],"yoast_head":"<!-- This site is optimized with the Yoast SEO plugin v25.3.1 - https:\/\/yoast.com\/wordpress\/plugins\/seo\/ -->\n<title>Widget Team Showcase para o site Elementor (r\u00e1pido e gratuito)<\/title>\n<meta name=\"description\" content=\"\u00c9 muito f\u00e1cil moldar seu widget Team Showcase e public\u00e1-lo no site Elementor. O suporte ao cliente da Elfsight \u00e9 gratuito.\" \/>\n<meta name=\"robots\" content=\"index, follow, max-snippet:-1, max-image-preview:large, max-video-preview:-1\" \/>\n<link rel=\"canonical\" href=\"https:\/\/elfsight.com\/pt\/team-showcase-widget\/elementor\/\" \/>\n<meta property=\"og:locale\" content=\"pt_PT\" \/>\n<meta property=\"og:type\" content=\"article\" \/>\n<meta property=\"og:title\" content=\"Widget Team Showcase para o site Elementor (r\u00e1pido e gratuito)\" \/>\n<meta property=\"og:description\" content=\"\u00c9 muito f\u00e1cil moldar seu widget Team Showcase e public\u00e1-lo no site Elementor. O suporte ao cliente da Elfsight \u00e9 gratuito.\" \/>\n<meta property=\"og:url\" content=\"https:\/\/elfsight.com\/pt\/team-showcase-widget\/elementor\/\" \/>\n<meta property=\"og:site_name\" content=\"Elfsight PT\" \/>\n<meta property=\"article:modified_time\" content=\"2025-03-07T09:44:15+00:00\" \/>\n<meta name=\"twitter:card\" content=\"summary_large_image\" \/>\n<meta name=\"twitter:label1\" content=\"Tempo estimado de leitura\" \/>\n\t<meta name=\"twitter:data1\" content=\"3 minutos\" \/>\n<!-- \/ Yoast SEO plugin. -->","yoast_head_json":{"title":"Widget Team Showcase para o site Elementor (r\u00e1pido e gratuito)","description":"\u00c9 muito f\u00e1cil moldar seu widget Team Showcase e public\u00e1-lo no site Elementor. O suporte ao cliente da Elfsight \u00e9 gratuito.","robots":{"index":"index","follow":"follow","max-snippet":"max-snippet:-1","max-image-preview":"max-image-preview:large","max-video-preview":"max-video-preview:-1"},"canonical":"https:\/\/elfsight.com\/pt\/team-showcase-widget\/elementor\/","og_locale":"pt_PT","og_type":"article","og_title":"Widget Team Showcase para o site Elementor (r\u00e1pido e gratuito)","og_description":"\u00c9 muito f\u00e1cil moldar seu widget Team Showcase e public\u00e1-lo no site Elementor. O suporte ao cliente da Elfsight \u00e9 gratuito.","og_url":"https:\/\/elfsight.com\/pt\/team-showcase-widget\/elementor\/","og_site_name":"Elfsight PT","article_modified_time":"2025-03-07T09:44:15+00:00","twitter_card":"summary_large_image","twitter_misc":{"Tempo estimado de leitura":"3 minutos"},"schema":{"@context":"https:\/\/schema.org","@graph":[{"@type":"WebPage","@id":"https:\/\/elfsight.com\/pt\/team-showcase-widget\/elementor\/","url":"https:\/\/elfsight.com\/pt\/team-showcase-widget\/elementor\/","name":"Widget Team Showcase para o site Elementor (r\u00e1pido e gratuito)","isPartOf":{"@id":"https:\/\/elfsight.com\/pt\/#website"},"datePublished":"1970-01-01T00:00:00+00:00","dateModified":"2025-03-07T09:44:15+00:00","description":"\u00c9 muito f\u00e1cil moldar seu widget Team Showcase e public\u00e1-lo no site Elementor. O suporte ao cliente da Elfsight \u00e9 gratuito.","breadcrumb":{"@id":"https:\/\/elfsight.com\/pt\/team-showcase-widget\/elementor\/#breadcrumb"},"inLanguage":"pt-PT","potentialAction":[{"@type":"ReadAction","target":["https:\/\/elfsight.com\/pt\/team-showcase-widget\/elementor\/"]}]},{"@type":"BreadcrumbList","@id":"https:\/\/elfsight.com\/pt\/team-showcase-widget\/elementor\/#breadcrumb","itemListElement":[{"@type":"ListItem","position":1,"name":"Home","item":"https:\/\/elfsight.com\/pt\/"},{"@type":"ListItem","position":2,"name":"Team Showcase","item":"https:\/\/elfsight.com\/pt\/team-showcase-widget\/"},{"@type":"ListItem","position":3,"name":"Team Showcase &#8211; Elementor"}]},{"@type":"WebSite","@id":"https:\/\/elfsight.com\/pt\/#website","url":"https:\/\/elfsight.com\/pt\/","name":"Elfsight PT","description":"Just another Elfsight Sites site","potentialAction":[{"@type":"SearchAction","target":{"@type":"EntryPoint","urlTemplate":"https:\/\/elfsight.com\/pt\/?s={search_term_string}"},"query-input":{"@type":"PropertyValueSpecification","valueRequired":true,"valueName":"search_term_string"}}],"inLanguage":"pt-PT"}]}},"meta_box":{"industry":"","seo_heading":"","heading":"","description":"","cta_heading":"","cta_description":"","application":"854","h1":"Widget de demonstra\u00e7\u00e3o da equipe Elementor","h1_caption":"Mostre os membros da sua equipe da melhor forma poss\u00edvel por meio de uma galeria personaliz\u00e1vel","application_category":[],"applications_title":"","applications_request_title":"","applications_request_button_text":"","hero_text":"","hero_video":"","hero_video_schema_markup":"","selling_points_title":"","selling_points_caption":"","selling_points":[],"selling_points_cta_text":"","features_title":"","features":"","ed_cta_examples_text":"","ed_cta_examples_hidden":"","ed_cta_demo_text":"","ed_cta_demo_hidden":"","why_caption":"","why_editor_title":"","why_editor_text":"","why_team_title":"","why_team_text":"","why_service_title":"","why_service_text":"","template_catalog_visible":"0","template_catalog_title":"","template_catalog_text":"","template_catalog_categories_visible":"","demo_title":"Crie seu widget de demonstra\u00e7\u00e3o de equipe","demo_caption":"Configure seu Team Showcase e adicione-o ao seu site Elementor gratuitamente!","default_faq_hidden":"","app_template_category":[],"platform":"100","template_public_id":"","codecanyon_url":"","codecanyon_item_id":"","codecanyon_price":"","pricing_caption":"","pricing_elfsight_apps_hide_column":"","pricing_elfsight_apps_url":"","pricing_codecanyon_price_caption":"","integration_category":[],"integration_request_title":"","integration_request_cta":"","integration_platform":"","integrations":[],"platform_category":[],"video_schema_markup":"","price":"a partir de US$ 0\/m\u00eas","trial":"","benefits":[{"text":"Assist\u00eancia de instala\u00e7\u00e3o gratuita"},{"text":"Atendimento ao cliente eficaz"},{"text":"Garantia de devolu\u00e7\u00e3o do dinheiro em 14 dias"},{"text":"Melhorias cont\u00ednuas"}],"button_url":"#demo","button_target_blank":"0","button_nofollow":"0","attributes":[{"name":"Instala\u00e7\u00f5es","content":"10,000 - 100,000"},{"name":"Responsivo","content":"Sim"},{"name":"Navegadores compat\u00edveis","content":"Firefox, Safari, Opera, Chrome, Edge"}],"tags":[],"tags_disable_links":"0","hide_more_platforms":"0","video_object":"","demo_hide_cta":"0","demo_hide_cloud_options":"0","pricing_title":"","pricing":[{"pricing_icon":"platform","pricing_title":"Elfsight Apps","pricing_title_caption":"Solu\u00e7\u00e3o digital multiplataforma","pricing_price":"a partir de US$ 0\/m\u00eas","pricing_price_caption":"comece com plano gratuito","pricing_benefits":[{"text":"Dom\u00ednios ilimitados"},{"text":"Suporte r\u00e1pido e pontual"},{"text":"Suporte r\u00e1pido e pontual"},{"text":"Pre\u00e7o a ser pago para v\u00e1rios aplicativos"}],"pricing_button_text":"Adicionar ao site","pricing_button_url":"#demo"}],"related_apps_title":"","related_apps_hidden":"0","author":"","image":[],"title":"","job":"","social_networks":[]},"_links":{"self":[{"href":"https:\/\/elfsight.com\/pt\/wp-json\/wp\/v2\/pages\/8216","targetHints":{"allow":["GET"]}}],"collection":[{"href":"https:\/\/elfsight.com\/pt\/wp-json\/wp\/v2\/pages"}],"about":[{"href":"https:\/\/elfsight.com\/pt\/wp-json\/wp\/v2\/types\/page"}],"author":[{"embeddable":true,"href":"https:\/\/elfsight.com\/pt\/wp-json\/wp\/v2\/users\/9"}],"replies":[{"embeddable":true,"href":"https:\/\/elfsight.com\/pt\/wp-json\/wp\/v2\/comments?post=8216"}],"version-history":[{"count":3,"href":"https:\/\/elfsight.com\/pt\/wp-json\/wp\/v2\/pages\/8216\/revisions"}],"predecessor-version":[{"id":14606,"href":"https:\/\/elfsight.com\/pt\/wp-json\/wp\/v2\/pages\/8216\/revisions\/14606"}],"up":[{"embeddable":true,"href":"https:\/\/elfsight.com\/pt\/wp-json\/wp\/v2\/pages\/855"}],"wp:attachment":[{"href":"https:\/\/elfsight.com\/pt\/wp-json\/wp\/v2\/media?parent=8216"}],"curies":[{"name":"wp","href":"https:\/\/api.w.org\/{rel}","templated":true}]}}