{"id":8215,"date":"1970-01-01T00:00:00","date_gmt":"1970-01-01T00:00:00","guid":{"rendered":"https:\/\/elfsight.com\/pt\/?page_id=8215"},"modified":"2024-11-13T11:50:22","modified_gmt":"2024-11-13T11:50:22","slug":"iframe","status":"publish","type":"page","link":"https:\/\/elfsight.com\/pt\/team-showcase-widget\/iframe\/","title":{"rendered":"Team Showcase &#8211; iFrame"},"content":{"rendered":"<div class=\"application-platform-content-item-description application-platform-content-item\" id=\"description\" data-nav-section=\"description\"><h2>Incorpore Team Showcase no iFrame com o widget Elfsight<\/h2><p>Este widget ser\u00e1 a maneira perfeita de mostrar sua equipe no local na rede Internet. Nosso widget ajuda a apresentar os rostos e fun\u00e7\u00f5es de qualquer tipo de equipe: parceiros de neg\u00f3cios, clube esportivo, professores, funcion\u00e1rios da empresa e outros. Mostre uma foto, adicione informa\u00e7\u00f5es de contato e um texto detalhado de cada membro da equipe. Os visitantes do site ter\u00e3o a oportunidade de abord\u00e1-los perfeitamente por meio de links ativos e \u00edcones sociais. Voc\u00ea pode criar categorias e mostrar o formato do seu time, selecionar layouts, cores e muito mais. Aumente a confian\u00e7a na sua empresa, exibindo a sua imagem humana!<\/p> <p><b>Aumente a confian\u00e7a do seu site com a ajuda do Elfsight Team Showcase!<\/b><\/p> <\/div><div class=\"application-platform-content-item- features application-platform-content-item\" id=\" features\" data-nav-section=\" features\"><h2>Principais recursos do widget Team Showcase<\/h2><p>Para obter um conhecimento mais claro do Team Showcase, voc\u00ea pode dar uma olhada na lista de suas fun\u00e7\u00f5es mais importantes. Eles tornam nosso widget incrivelmente eficaz para sua promo\u00e7\u00e3o:<\/p> <ul><li>\u00cdcones clic\u00e1veis \u200b\u200bde m\u00eddias sociais e links para sites e endere\u00e7os de e-mail;<\/li><li> O endere\u00e7o do local \u00e9 aberto no Google Maps quando clicado;<\/li><li>Popup abre mais detalhes de uma pessoa;<\/li><li>2 possibilidades de exibi\u00e7\u00e3o de categorias: em lista geral ou com menu;<\/li><li>Quatro op\u00e7\u00f5es de layout: Grade, Cart\u00f5es , Galeria, Lista.<\/li><\/ul><p><a href=\"#demo\">Veja todos os recursos dispon\u00edveis na demonstra\u00e7\u00e3o ao vivo<\/a><\/p><\/div><div class=\"application-platform-content-item-installation application-platform-content-item\" id=\"installation\" data-nav-section=\"installation\"><h2>Como adicionar o Team Showcase ao site iFrame<\/h2><p>Siga estas etapas f\u00e1ceis para ativar o widget. <\/p> <ol><li><b>Gere seu plugin Team Showcase exclusivo<\/b><br> Usando nossa demonstra\u00e7\u00e3o gratuita, crie um plugin com design selecionado e caracter\u00edsticas funcionais. <\/li><li><b>Copie o c\u00f3digo individual para integrar o plugin<\/b><br> Depois de configurar o seu widget, voc\u00ea obter\u00e1 o c\u00f3digo de instala\u00e7\u00e3o na janela pop-up dos aplicativos Elfsight. Copie esse c\u00f3digo. <\/li> <li><b>Publique o plugin em seu site iFrame<\/b><br> Encontre o local onde voc\u00ea precisa mostrar o plugin e insira o c\u00f3digo copiado l\u00e1. Aplique os resultados. <\/li> <li><b>Conclu\u00eddo! <\/b><br> Entre no site para ver os membros da sua equipe. <\/li> <\/ol><p>Nossa equipe de suporte ao cliente ter\u00e1 prazer em ajudar caso voc\u00ea tenha alguma d\u00favida!<\/p><div class=\"faq\" data-component=\"FAQ\"><div class=\"faq-item\">\r\n\t\t\t\t\t<div class=\"faq-item-question\">\r\n\t\t\t\t\t\t<h3 class=\"faq-item-question-text\">Existe um m\u00e9todo para adicionar equipe Showcase para o meu site iFrame sem codifica\u00e7\u00e3o?<\/h3>\r\n\r\n\t\t\t\t\t\t<div class=\"faq-item-question-icon\"><\/div>\r\n\t\t\t\t\t<\/div>\r\n\r\n\t\t\t\t\t<div class=\"faq-item-answer\">\r\n\t\t\t\t\t\t<div class=\"faq-item-answer-text\"> <p>A Elfsight oferece uma solu\u00e7\u00e3o que permite \u00e0s pessoas gerarem voc\u00ea mesmo um plugin Team Showcase, veja os passos simples: Trabalhe na Demo online para construir uma sec\u00e7\u00e3o Team Showcase na qual gostaria de incorporar seu site iFrame. Escolha um de nossos modelos prontos e adapte as configura\u00e7\u00f5es do Team Showcase, atualize seu conte\u00fado, altere o layout e as cores sem nenhuma habilidade de codifica\u00e7\u00e3o. Clique para salvar o Team Showcase e copie o c\u00f3digo para instala\u00e7\u00e3o, que voc\u00ea pode incorporar facilmente em sua p\u00e1gina iFrame gratuitamente. Trabalhando em nosso configurador simples, cada usu\u00e1rio da Internet pode criar um widget Team Showcase online e adicion\u00e1-lo facilmente a qualquer p\u00e1gina inicial do iFrame. N\u00e3o h\u00e1 necessidade de pagar ou inserir os dados do seu cart\u00e3o para acessar o Editor. Se voc\u00ea tiver algum tipo de problema, fale com nossa equipe de suporte t\u00e9cnico.<\/p> <\/div>\r\n\t\t\t\t\t<\/div>\r\n\t\t\t\t<\/div> <\/div><\/div>","protected":false},"excerpt":{"rendered":"","protected":false},"author":9,"featured_media":0,"parent":855,"menu_order":0,"comment_status":"closed","ping_status":"closed","template":"templates\/template-application-platform.php","meta":{"publish_to_discourse":"","publish_post_category":"","wpdc_auto_publish_overridden":"","wpdc_topic_tags":"","wpdc_pin_topic":"","wpdc_pin_until":"","discourse_post_id":"","discourse_permalink":"","wpdc_publishing_response":"","wpdc_publishing_error":"","footnotes":""},"class_list":["post-8215","page","type-page","status-publish","hentry"],"yoast_head":"<!-- This site is optimized with the Yoast SEO plugin v25.3.1 - https:\/\/yoast.com\/wordpress\/plugins\/seo\/ -->\n<title>Plugin iFrame Team Showcase para o seu site (gr\u00e1tis e r\u00e1pido)<\/title>\n<meta name=\"description\" content=\"\u00c9 muito f\u00e1cil formar seu widget Team Showcase e adicion\u00e1-lo ao seu site iFrame. O atendimento ao cliente da Elfsight \u00e9 gratuito e r\u00e1pido.\" \/>\n<meta name=\"robots\" content=\"index, follow, max-snippet:-1, max-image-preview:large, max-video-preview:-1\" \/>\n<link rel=\"canonical\" href=\"https:\/\/elfsight.com\/pt\/team-showcase-widget\/iframe\/\" \/>\n<meta property=\"og:locale\" content=\"pt_PT\" \/>\n<meta property=\"og:type\" content=\"article\" \/>\n<meta property=\"og:title\" content=\"Plugin iFrame Team Showcase para o seu site (gr\u00e1tis e r\u00e1pido)\" \/>\n<meta property=\"og:description\" content=\"\u00c9 muito f\u00e1cil formar seu widget Team Showcase e adicion\u00e1-lo ao seu site iFrame. O atendimento ao cliente da Elfsight \u00e9 gratuito e r\u00e1pido.\" \/>\n<meta property=\"og:url\" content=\"https:\/\/elfsight.com\/pt\/team-showcase-widget\/iframe\/\" \/>\n<meta property=\"og:site_name\" content=\"Elfsight PT\" \/>\n<meta property=\"article:modified_time\" content=\"2024-11-13T11:50:22+00:00\" \/>\n<meta name=\"twitter:card\" content=\"summary_large_image\" \/>\n<meta name=\"twitter:label1\" content=\"Tempo estimado de leitura\" \/>\n\t<meta name=\"twitter:data1\" content=\"3 minutos\" \/>\n<!-- \/ Yoast SEO plugin. -->","yoast_head_json":{"title":"Plugin iFrame Team Showcase para o seu site (gr\u00e1tis e r\u00e1pido)","description":"\u00c9 muito f\u00e1cil formar seu widget Team Showcase e adicion\u00e1-lo ao seu site iFrame. O atendimento ao cliente da Elfsight \u00e9 gratuito e r\u00e1pido.","robots":{"index":"index","follow":"follow","max-snippet":"max-snippet:-1","max-image-preview":"max-image-preview:large","max-video-preview":"max-video-preview:-1"},"canonical":"https:\/\/elfsight.com\/pt\/team-showcase-widget\/iframe\/","og_locale":"pt_PT","og_type":"article","og_title":"Plugin iFrame Team Showcase para o seu site (gr\u00e1tis e r\u00e1pido)","og_description":"\u00c9 muito f\u00e1cil formar seu widget Team Showcase e adicion\u00e1-lo ao seu site iFrame. O atendimento ao cliente da Elfsight \u00e9 gratuito e r\u00e1pido.","og_url":"https:\/\/elfsight.com\/pt\/team-showcase-widget\/iframe\/","og_site_name":"Elfsight PT","article_modified_time":"2024-11-13T11:50:22+00:00","twitter_card":"summary_large_image","twitter_misc":{"Tempo estimado de leitura":"3 minutos"},"schema":{"@context":"https:\/\/schema.org","@graph":[{"@type":"WebPage","@id":"https:\/\/elfsight.com\/pt\/team-showcase-widget\/iframe\/","url":"https:\/\/elfsight.com\/pt\/team-showcase-widget\/iframe\/","name":"Plugin iFrame Team Showcase para o seu site (gr\u00e1tis e r\u00e1pido)","isPartOf":{"@id":"https:\/\/elfsight.com\/pt\/#website"},"datePublished":"1970-01-01T00:00:00+00:00","dateModified":"2024-11-13T11:50:22+00:00","description":"\u00c9 muito f\u00e1cil formar seu widget Team Showcase e adicion\u00e1-lo ao seu site iFrame. O atendimento ao cliente da Elfsight \u00e9 gratuito e r\u00e1pido.","breadcrumb":{"@id":"https:\/\/elfsight.com\/pt\/team-showcase-widget\/iframe\/#breadcrumb"},"inLanguage":"pt-PT","potentialAction":[{"@type":"ReadAction","target":["https:\/\/elfsight.com\/pt\/team-showcase-widget\/iframe\/"]}]},{"@type":"BreadcrumbList","@id":"https:\/\/elfsight.com\/pt\/team-showcase-widget\/iframe\/#breadcrumb","itemListElement":[{"@type":"ListItem","position":1,"name":"Home","item":"https:\/\/elfsight.com\/pt\/"},{"@type":"ListItem","position":2,"name":"Team Showcase","item":"https:\/\/elfsight.com\/pt\/team-showcase-widget\/"},{"@type":"ListItem","position":3,"name":"Team Showcase &#8211; iFrame"}]},{"@type":"WebSite","@id":"https:\/\/elfsight.com\/pt\/#website","url":"https:\/\/elfsight.com\/pt\/","name":"Elfsight PT","description":"Just another Elfsight Sites site","potentialAction":[{"@type":"SearchAction","target":{"@type":"EntryPoint","urlTemplate":"https:\/\/elfsight.com\/pt\/?s={search_term_string}"},"query-input":{"@type":"PropertyValueSpecification","valueRequired":true,"valueName":"search_term_string"}}],"inLanguage":"pt-PT"}]}},"meta_box":{"industry":"","seo_heading":"","heading":"","description":"","cta_heading":"","cta_description":"","application":"854","h1":"Demonstra\u00e7\u00e3o da equipe iFrame","h1_caption":"Mostre os membros da sua equipe e seus antecedentes em uma galeria personaliz\u00e1vel","application_category":[],"applications_title":"","applications_request_title":"","applications_request_button_text":"","hero_text":"","hero_video":"","hero_video_schema_markup":"","selling_points_title":"","selling_points_caption":"","selling_points":[],"selling_points_cta_text":"","features_title":"","features":"","ed_cta_examples_text":"","ed_cta_examples_hidden":"","ed_cta_demo_text":"","ed_cta_demo_hidden":"","why_caption":"","why_editor_title":"","why_editor_text":"","why_team_title":"","why_team_text":"","why_service_title":"","why_service_text":"","template_catalog_visible":"","template_catalog_title":"","template_catalog_text":"","template_catalog_categories_visible":"","demo_title":"Crie seu widget de demonstra\u00e7\u00e3o de equipe","demo_caption":"Configure seu Team Showcase e adicione-o ao seu site iFrame gratuitamente!","default_faq_hidden":"","app_template_category":[],"platform":"4911","template_public_id":"","codecanyon_url":"","codecanyon_item_id":"","codecanyon_price":"","pricing_caption":"","pricing_elfsight_apps_hide_column":"","pricing_elfsight_apps_url":"","pricing_codecanyon_price_caption":"","integration_category":[],"integration_request_title":"","integration_request_cta":"","integration_platform":"","integrations":[],"platform_category":[],"video_schema_markup":"","price":"a partir de US$ 0\/m\u00eas","trial":"","benefits":[{"text":"Ajuda de instala\u00e7\u00e3o gratuita"},{"text":"Suporte premium"},{"text":"Garantia de devolu\u00e7\u00e3o do dinheiro em 14 dias"},{"text":"Futuras melhorias gratuitas"}],"button_url":"#demo","button_target_blank":"","button_nofollow":"","attributes":[{"name":"Instala\u00e7\u00f5es","content":"10,000 - 100,000"},{"name":"Responsivo","content":"Sim"},{"name":"Navegadores compat\u00edveis","content":"Chrome, Edge, Opera, Firefox, Safari"}],"tags":[],"tags_disable_links":"","hide_more_platforms":"","video_object":"","demo_hide_cta":"","demo_hide_cloud_options":"","pricing_title":"","pricing":[{"pricing_icon":"platform","pricing_title":"Elfsight Apps","pricing_title_caption":"Solu\u00e7\u00e3o multiplataforma que funciona em qualquer site","pricing_price":"a partir de US$ 0\/m\u00eas","pricing_price_caption":"comece com plano gratuito","pricing_benefits":[{"text":"Sites ilimitados"},{"text":"Suporte r\u00e1pido"},{"text":"Suporte r\u00e1pido"},{"text":"Pre\u00e7o especial para v\u00e1rios aplicativos"}],"pricing_button_text":"Adicionar ao site","pricing_button_url":"#demo"}],"related_apps_title":"","related_apps_hidden":"","author":"","image":[],"title":"","job":"","social_networks":[]},"_links":{"self":[{"href":"https:\/\/elfsight.com\/pt\/wp-json\/wp\/v2\/pages\/8215","targetHints":{"allow":["GET"]}}],"collection":[{"href":"https:\/\/elfsight.com\/pt\/wp-json\/wp\/v2\/pages"}],"about":[{"href":"https:\/\/elfsight.com\/pt\/wp-json\/wp\/v2\/types\/page"}],"author":[{"embeddable":true,"href":"https:\/\/elfsight.com\/pt\/wp-json\/wp\/v2\/users\/9"}],"replies":[{"embeddable":true,"href":"https:\/\/elfsight.com\/pt\/wp-json\/wp\/v2\/comments?post=8215"}],"version-history":[{"count":1,"href":"https:\/\/elfsight.com\/pt\/wp-json\/wp\/v2\/pages\/8215\/revisions"}],"predecessor-version":[{"id":8219,"href":"https:\/\/elfsight.com\/pt\/wp-json\/wp\/v2\/pages\/8215\/revisions\/8219"}],"up":[{"embeddable":true,"href":"https:\/\/elfsight.com\/pt\/wp-json\/wp\/v2\/pages\/855"}],"wp:attachment":[{"href":"https:\/\/elfsight.com\/pt\/wp-json\/wp\/v2\/media?parent=8215"}],"curies":[{"name":"wp","href":"https:\/\/api.w.org\/{rel}","templated":true}]}}