{"id":8207,"date":"1970-01-01T00:00:00","date_gmt":"1970-01-01T00:00:00","guid":{"rendered":"https:\/\/elfsight.com\/pt\/?page_id=8207"},"modified":"2025-03-07T10:29:21","modified_gmt":"2025-03-07T10:29:21","slug":"google-sites","status":"publish","type":"page","link":"https:\/\/elfsight.com\/pt\/team-showcase-widget\/google-sites\/","title":{"rendered":"Team Showcase &#8211; Google Sites"},"content":{"rendered":"\n<div class=\"application-platform-content-item-description application-platform-content-item\" id=\"description\" data-nav-section=\"description\"> <h2>Incorpore o Team Showcase no Google Sites com o widget Elfsight<\/h2> <p>O Team Showcase para Google Sites ser\u00e1 a solu\u00e7\u00e3o mais f\u00e1cil- maneira pr\u00e1tica de exibir os membros da sua equipe no site. O widget ajuda a informar sobre qualquer tipo de equipe: colegas de trabalho, equipes esportivas, acad\u00eamicos, funcion\u00e1rios de empresas e outros. Mostre uma foto, publique informa\u00e7\u00f5es de contato e um texto personalizado sobre cada indiv\u00edduo. Os visitantes do site ter\u00e3o a oportunidade de alcan\u00e7\u00e1-los rapidamente usando links ativos e \u00edcones de m\u00eddia social. Voc\u00ea pode estabelecer grupos e mostrar a estrutura da sua equipe, escolher layouts, cores e muito mais. Aumente a confiabilidade da sua empresa, mostrando sua face humana!<\/p> <p><b>Com o Team Showcase, experimente um forte crescimento dos neg\u00f3cios e aumente as vendas <\/b><\/p> <\/div> <div class=\"faq\" data-component=\"FAQ\"><div class=\"faq-item\">\r\n\t\t\t\t\t<div class=\"faq-item-question\">\r\n\t\t\t\t\t\t<h3 class=\"faq-item-question-text\">Como posso incorporar um Team Showcase no site do Google Sites <\/h3>\r\n\r\n\t\t\t\t\t\t<div class=\"faq-item-question-icon\"><\/div>\r\n\t\t\t\t\t<\/div>\r\n\r\n\t\t\t\t\t<div class=\"faq-item-answer\">\r\n\t\t\t\t\t\t<div class=\"faq-item-answer-text\"><p>A base do widget \u00e9 realizada nas p\u00e1ginas da Elfsight e voc\u00ea n\u00e3o precisa aprender como? codificar. Acesse nossa demonstra\u00e7\u00e3o ao vivo para criar seu pr\u00f3prio widget, obter o c\u00f3digo e integr\u00e1-lo ao seu site. <\/p><\/div>\r\n\t\t\t\t\t<\/div>\r\n\t\t\t\t<\/div><div class=\"faq-item\">\r\n\t\t\t\t\t<div class=\"faq-item-question\">\r\n\t\t\t\t\t\t<h3 class=\"faq-item-question-text\">Os melhores exemplos de uso da integra\u00e7\u00e3o de membros da equipe<\/h3>\r\n\r\n\t\t\t\t\t\t<div class=\"faq-item-question-icon\"><\/div>\r\n\t\t\t\t\t<\/div>\r\n\r\n\t\t\t\t\t<div class=\"faq-item-answer\">\r\n\t\t\t\t\t\t<div class=\"faq-item-answer-text\"><p>Temos muitas possibilidades de ajuste: widgets em tamanho real para incorporar na se\u00e7\u00e3o de conte\u00fado, flutuantes plug-ins com oportunidades de rolagem, miniaturas para o rodap\u00e9, se\u00e7\u00e3o principal e todos os tipos de op\u00e7\u00f5es verticais para barras laterais e menus do site. <\/p><\/div>\r\n\t\t\t\t\t<\/div>\r\n\t\t\t\t<\/div><div class=\"faq-item\">\r\n\t\t\t\t\t<div class=\"faq-item-question\">\r\n\t\t\t\t\t\t<h3 class=\"faq-item-question-text\">Posso construir um Showcase de Equipe de Fitness ou Barbeiros com a ajuda do seu editor? <\/h3>\r\n\r\n\t\t\t\t\t\t<div class=\"faq-item-question-icon\"><\/div>\r\n\t\t\t\t\t<\/div>\r\n\r\n\t\t\t\t\t<div class=\"faq-item-answer\">\r\n\t\t\t\t\t\t<div class=\"faq-item-answer-text\"><p>Voc\u00ea pode criar altera\u00e7\u00f5es em qualquer widget. Existem muitos layouts aplic\u00e1veis \u200b\u200b\u200b\u200bno editor, e todos eles podem ser facilmente customizados conforme sua necessidade. <\/p><\/div>\r\n\t\t\t\t\t<\/div>\r\n\t\t\t\t<\/div><\/div><div class=\"application-platform-content-item-features application-platform-content-item\" id=\"features\" data-nav-section=\"features\"> <h2>Os recursos de widget mais necess\u00e1rios incluem<\/h2> <ul><li>\u00cdcones ativos de contas sociais e links para sites e e-mails -endere\u00e7o de correio; <\/li><li>Localiza\u00e7\u00e3o da pessoa revelada no Google Maps ao clicar; <\/li><li>Popup abre todos os detalhes de um membro da equipe; <\/li><li>Duas possibilidades para mostrar grupos: em lista geral ou com menu; <\/li><li>4 variantes de layout para escolher: Grade, Cart\u00f5es, Galeria, Lista. <\/li><\/ul><p><a href=\"#demo\">Basta conferir esta demonstra\u00e7\u00e3o para ter uma ideia completa<\/a><\/p> <\/div> <div class=\"application-platform-content-item-installation application-platform-content-item\" id=\"installation\" data-nav-section=\"installation\"> <h2>Como posso adicionar o Team Showcase ao meu site do Google Sites? <\/h2> <p>Basta seguir as instru\u00e7\u00f5es abaixo para adicionar o widget. <\/p> <ol><li><b>Utilize nosso configurador gratuito e comece a criar seu pr\u00f3prio plugin. <\/b><br> Determine a forma selecionada e os recursos do plugin e salve as edi\u00e7\u00f5es. <\/li> <li><b>Receba o seu c\u00f3digo pessoal revelado no formul\u00e1rio especial nas aplica\u00e7\u00f5es Elfsight. <\/b><br> Assim que a configura\u00e7\u00e3o da sua ferramenta terminar, copie o c\u00f3digo pessoal do pop-up exibido e salve-o para futuras ocasi\u00f5es. <\/li> <li><b>Iniciar a utiliza\u00e7\u00e3o do widget no site do Google Sites. <\/b><br> Adicione o c\u00f3digo salvo anteriormente em sua p\u00e1gina web e salve as corre\u00e7\u00f5es. <\/li> <li><b>A configura\u00e7\u00e3o foi conclu\u00edda com sucesso. <\/b><br> Visite seu site para ver como o plugin funciona. <\/li><\/ol> <div class=\"tip-yellow tip\"><b>Devido \u00e0s peculiaridades do funcionamento do Google Sites, o widget pode ter uma apar\u00eancia diferente da demonstra\u00e7\u00e3o on-line. Pedimos desculpas por qualquer inconveniente causado.<\/b><\/div><p>Supondo que voc\u00ea encontre alguma dificuldade, n\u00e3o hesite em procurar ajuda de nossa equipe de atendimento ao cliente. Nossos especialistas est\u00e3o ansiosos para resolver todas as dificuldades que voc\u00ea possa ter com o widget. <\/p> <\/div>\n","protected":false},"excerpt":{"rendered":"","protected":false},"author":9,"featured_media":0,"parent":855,"menu_order":0,"comment_status":"closed","ping_status":"closed","template":"templates\/template-application-platform.php","meta":{"publish_to_discourse":"","publish_post_category":"","wpdc_auto_publish_overridden":"","wpdc_topic_tags":"","wpdc_pin_topic":"","wpdc_pin_until":"","discourse_post_id":"","discourse_permalink":"","wpdc_publishing_response":"","wpdc_publishing_error":"","footnotes":""},"class_list":["post-8207","page","type-page","status-publish","hentry"],"yoast_head":"<!-- This site is optimized with the Yoast SEO plugin v25.3.1 - https:\/\/yoast.com\/wordpress\/plugins\/seo\/ -->\n<title>Team Showcase - Adicionar widget Team Showcase ao Google Sites (2025)<\/title>\n<meta name=\"description\" content=\"Adicione uma extens\u00e3o Team Showcase responsiva ao seu site do Google Sites e ganhe total confian\u00e7a. Aplique a demonstra\u00e7\u00e3o pr\u00e1tica da Elfsight para criar seu recurso personalizado.\" \/>\n<meta name=\"robots\" content=\"index, follow, max-snippet:-1, max-image-preview:large, max-video-preview:-1\" \/>\n<link rel=\"canonical\" href=\"https:\/\/elfsight.com\/pt\/team-showcase-widget\/google-sites\/\" \/>\n<meta property=\"og:locale\" content=\"pt_PT\" \/>\n<meta property=\"og:type\" content=\"article\" \/>\n<meta property=\"og:title\" content=\"Team Showcase - Adicionar widget Team Showcase ao Google Sites (2025)\" \/>\n<meta property=\"og:description\" content=\"Adicione uma extens\u00e3o Team Showcase responsiva ao seu site do Google Sites e ganhe total confian\u00e7a. Aplique a demonstra\u00e7\u00e3o pr\u00e1tica da Elfsight para criar seu recurso personalizado.\" \/>\n<meta property=\"og:url\" content=\"https:\/\/elfsight.com\/pt\/team-showcase-widget\/google-sites\/\" \/>\n<meta property=\"og:site_name\" content=\"Elfsight PT\" \/>\n<meta property=\"article:modified_time\" content=\"2025-03-07T10:29:21+00:00\" \/>\n<meta name=\"twitter:card\" content=\"summary_large_image\" \/>\n<meta name=\"twitter:label1\" content=\"Tempo estimado de leitura\" \/>\n\t<meta name=\"twitter:data1\" content=\"3 minutos\" \/>\n<!-- \/ Yoast SEO plugin. -->","yoast_head_json":{"title":"Team Showcase - Adicionar widget Team Showcase ao Google Sites (2025)","description":"Adicione uma extens\u00e3o Team Showcase responsiva ao seu site do Google Sites e ganhe total confian\u00e7a. Aplique a demonstra\u00e7\u00e3o pr\u00e1tica da Elfsight para criar seu recurso personalizado.","robots":{"index":"index","follow":"follow","max-snippet":"max-snippet:-1","max-image-preview":"max-image-preview:large","max-video-preview":"max-video-preview:-1"},"canonical":"https:\/\/elfsight.com\/pt\/team-showcase-widget\/google-sites\/","og_locale":"pt_PT","og_type":"article","og_title":"Team Showcase - Adicionar widget Team Showcase ao Google Sites (2025)","og_description":"Adicione uma extens\u00e3o Team Showcase responsiva ao seu site do Google Sites e ganhe total confian\u00e7a. Aplique a demonstra\u00e7\u00e3o pr\u00e1tica da Elfsight para criar seu recurso personalizado.","og_url":"https:\/\/elfsight.com\/pt\/team-showcase-widget\/google-sites\/","og_site_name":"Elfsight PT","article_modified_time":"2025-03-07T10:29:21+00:00","twitter_card":"summary_large_image","twitter_misc":{"Tempo estimado de leitura":"3 minutos"},"schema":{"@context":"https:\/\/schema.org","@graph":[{"@type":"WebPage","@id":"https:\/\/elfsight.com\/pt\/team-showcase-widget\/google-sites\/","url":"https:\/\/elfsight.com\/pt\/team-showcase-widget\/google-sites\/","name":"Team Showcase - Adicionar widget Team Showcase ao Google Sites (2025)","isPartOf":{"@id":"https:\/\/elfsight.com\/pt\/#website"},"datePublished":"1970-01-01T00:00:00+00:00","dateModified":"2025-03-07T10:29:21+00:00","description":"Adicione uma extens\u00e3o Team Showcase responsiva ao seu site do Google Sites e ganhe total confian\u00e7a. Aplique a demonstra\u00e7\u00e3o pr\u00e1tica da Elfsight para criar seu recurso personalizado.","breadcrumb":{"@id":"https:\/\/elfsight.com\/pt\/team-showcase-widget\/google-sites\/#breadcrumb"},"inLanguage":"pt-PT","potentialAction":[{"@type":"ReadAction","target":["https:\/\/elfsight.com\/pt\/team-showcase-widget\/google-sites\/"]}]},{"@type":"BreadcrumbList","@id":"https:\/\/elfsight.com\/pt\/team-showcase-widget\/google-sites\/#breadcrumb","itemListElement":[{"@type":"ListItem","position":1,"name":"Home","item":"https:\/\/elfsight.com\/pt\/"},{"@type":"ListItem","position":2,"name":"Team Showcase","item":"https:\/\/elfsight.com\/pt\/team-showcase-widget\/"},{"@type":"ListItem","position":3,"name":"Team Showcase &#8211; Google Sites"}]},{"@type":"WebSite","@id":"https:\/\/elfsight.com\/pt\/#website","url":"https:\/\/elfsight.com\/pt\/","name":"Elfsight PT","description":"Just another Elfsight Sites site","potentialAction":[{"@type":"SearchAction","target":{"@type":"EntryPoint","urlTemplate":"https:\/\/elfsight.com\/pt\/?s={search_term_string}"},"query-input":{"@type":"PropertyValueSpecification","valueRequired":true,"valueName":"search_term_string"}}],"inLanguage":"pt-PT"}]}},"meta_box":{"industry":"","seo_heading":"","heading":"","description":"","cta_heading":"","cta_description":"","application":"854","h1":"Widget de demonstra\u00e7\u00e3o da equipe do Google Sites","h1_caption":"Mostre os membros da sua equipe da melhor forma poss\u00edvel por meio de uma galeria personaliz\u00e1vel","application_category":[],"applications_title":"","applications_request_title":"","applications_request_button_text":"","hero_text":"","hero_video":"","hero_video_schema_markup":"","selling_points_title":"","selling_points_caption":"","selling_points":[],"selling_points_cta_text":"","features_title":"","features":"","ed_cta_examples_text":"","ed_cta_examples_hidden":"","ed_cta_demo_text":"","ed_cta_demo_hidden":"","why_caption":"","why_editor_title":"","why_editor_text":"","why_team_title":"","why_team_text":"","why_service_title":"","why_service_text":"","template_catalog_visible":"0","template_catalog_title":"","template_catalog_text":"","template_catalog_categories_visible":"","demo_title":"Crie seu widget de demonstra\u00e7\u00e3o de equipe","demo_caption":"Configure seu Team Showcase e adicione-o ao seu site do Google Sites gratuitamente!","default_faq_hidden":"","app_template_category":[],"platform":"112","template_public_id":"","codecanyon_url":"","codecanyon_item_id":"","codecanyon_price":"","pricing_caption":"","pricing_elfsight_apps_hide_column":"","pricing_elfsight_apps_url":"","pricing_codecanyon_price_caption":"","integration_category":[],"integration_request_title":"","integration_request_cta":"","integration_platform":"","integrations":[],"platform_category":[],"video_schema_markup":"","price":"a partir de US$ 0\/m\u00eas","trial":"","benefits":[{"text":"Assist\u00eancia de instala\u00e7\u00e3o gratuita"},{"text":"Atendimento ao cliente eficaz"},{"text":"Garantia de reembolso de 14 dias"},{"text":"Futuras atualiza\u00e7\u00f5es gratuitas"}],"button_url":"#demo","button_target_blank":"0","button_nofollow":"0","attributes":[{"name":"Instala\u00e7\u00f5es","content":"10,000 - 100,000"},{"name":"Responsivo","content":"Otimizado para celular"},{"name":"Navegadores compat\u00edveis","content":"Safari, Firefox, Edge, Opera, Chrome"}],"tags":[],"tags_disable_links":"0","hide_more_platforms":"0","video_object":"","demo_hide_cta":"0","demo_hide_cloud_options":"0","pricing_title":"","pricing":[{"pricing_icon":"platform","pricing_title":"Elfsight Apps","pricing_title_caption":"Software multiplataforma que funciona em qualquer site","pricing_price":"a partir de US$ 0\/m\u00eas","pricing_price_caption":"comece com plano gratuito","pricing_benefits":[{"text":"Dom\u00ednios ilimitados"},{"text":"Suporte premium e pontual"},{"text":"Suporte premium e pontual"},{"text":"Pre\u00e7o especial para v\u00e1rios aplicativos"}],"pricing_button_text":"Adicionar ao site","pricing_button_url":"#demo"}],"related_apps_title":"","related_apps_hidden":"0","author":"","image":[],"title":"","job":"","social_networks":[]},"_links":{"self":[{"href":"https:\/\/elfsight.com\/pt\/wp-json\/wp\/v2\/pages\/8207","targetHints":{"allow":["GET"]}}],"collection":[{"href":"https:\/\/elfsight.com\/pt\/wp-json\/wp\/v2\/pages"}],"about":[{"href":"https:\/\/elfsight.com\/pt\/wp-json\/wp\/v2\/types\/page"}],"author":[{"embeddable":true,"href":"https:\/\/elfsight.com\/pt\/wp-json\/wp\/v2\/users\/9"}],"replies":[{"embeddable":true,"href":"https:\/\/elfsight.com\/pt\/wp-json\/wp\/v2\/comments?post=8207"}],"version-history":[{"count":2,"href":"https:\/\/elfsight.com\/pt\/wp-json\/wp\/v2\/pages\/8207\/revisions"}],"predecessor-version":[{"id":14621,"href":"https:\/\/elfsight.com\/pt\/wp-json\/wp\/v2\/pages\/8207\/revisions\/14621"}],"up":[{"embeddable":true,"href":"https:\/\/elfsight.com\/pt\/wp-json\/wp\/v2\/pages\/855"}],"wp:attachment":[{"href":"https:\/\/elfsight.com\/pt\/wp-json\/wp\/v2\/media?parent=8207"}],"curies":[{"name":"wp","href":"https:\/\/api.w.org\/{rel}","templated":true}]}}