{"id":8202,"date":"1970-01-01T00:00:00","date_gmt":"1970-01-01T00:00:00","guid":{"rendered":"https:\/\/elfsight.com\/pt\/?page_id=8202"},"modified":"2024-11-12T15:33:36","modified_gmt":"2024-11-12T15:33:36","slug":"godaddy","status":"publish","type":"page","link":"https:\/\/elfsight.com\/pt\/team-showcase-widget\/godaddy\/","title":{"rendered":"Team Showcase &#8211; GoDaddy"},"content":{"rendered":"<div class=\"application-platform-content-item-description application-platform-content-item\" id=\"description\" data-nav-section=\"description\"> <h2>Incorpore Team Showcase no GoDaddy com o widget Elfsight<\/h2> <p>Nosso plugin Team Showcase ser\u00e1 a maneira de mostrar sua equipe no seu site GoDaddy. Nosso plugin ajuda a apresentar os rostos e fun\u00e7\u00f5es de qualquer tipo de equipe: parceiros de neg\u00f3cios, clube esportivo, professores, funcion\u00e1rios de empresas e outros. Mostre uma foto, adicione informa\u00e7\u00f5es de contato e um texto detalhado sobre cada membro da equipe. Os visitantes do site ter\u00e3o a oportunidade de abord\u00e1-los perfeitamente por meio de links ativos e \u00edcones sociais. Voc\u00ea pode criar categorias e mostrar o formato do seu time, selecionar layouts, cores e muito mais. Aumente a confian\u00e7a na sua empresa, exibindo a sua imagem humana! <\/p> <p><b><\/b><\/p> <\/div> <div class=\"application-platform-content-item-features application-platform-content-item\" id=\"features\" data-nav-section=\"features\"> <h2>Abaixo est\u00e3o os principais recursos do plug-in: <\/h2> <ul><li>\u00cdcones clic\u00e1veis \u200b\u200bde m\u00eddias sociais e links para site e endere\u00e7o de e-mail; <\/li><li> O endere\u00e7o do local \u00e9 aberto no Google Maps quando clicado; <\/li><li>Popup abre mais detalhes de uma pessoa; <\/li><li>2 possibilidades de exibi\u00e7\u00e3o de categorias: em lista geral ou com menu; <\/li><li>Quatro op\u00e7\u00f5es de layout: Grade, Cart\u00f5es, Galeria, Lista. <\/li><\/ul><p><a href=\"#demo\">Basta experimentar esta demonstra\u00e7\u00e3o para ver quanto vale o plugin<\/a><\/p> <\/div> <div class=\"application-platform-content-item-installation  application-platform-content-item\" id=\"installation \" data-nav-section=\"installation \"> <h2>Como posso adicionar o Team Showcase no meu site GoDaddy? <\/h2> <p>Basta seguir os passos apresentados abaixo para integrar o plugin. <\/p> <ol><li><b>Execute nosso editor gratuito e comece a moldar seu plugin personalizado. <\/b><br> Escolha o layout personalizado e as caracter\u00edsticas funcionais do plugin e aplique as edi\u00e7\u00f5es. <\/li> <li><b>Adquira o c\u00f3digo pessoal que aparece no formul\u00e1rio especial nas Apps Elfsight. <\/b><br> Logo ap\u00f3s a configura\u00e7\u00e3o da sua ferramenta pessoal, copie o c\u00f3digo pessoal no pop-up exibido e salve-o para uso posterior. <\/li> <li><b>Comece a usar o plug-in na p\u00e1gina inicial do GoDaddy. <\/b><br> Insira o c\u00f3digo que voc\u00ea salvou anteriormente em seu site e aplique as corre\u00e7\u00f5es. <\/li> <li><b>Conclu\u00eddo! A integra\u00e7\u00e3o foi realizada com sucesso. <\/b><br> Acesse seu site para ver o trabalho da ferramenta em a\u00e7\u00e3o. <\/li><\/ol> <p>Caso tenha d\u00favidas ou tenha alguma complica\u00e7\u00e3o, n\u00e3o tenha medo de entrar em contato com nossa equipe de atendimento ao cliente. Nosso pessoal est\u00e1 ansioso para resolver todas as dificuldades que voc\u00ea possa ter com o plugin. <\/p> <div class=\"faq\" data-component=\"FAQ\"><div class=\"faq-item\">\r\n\t\t\t\t\t<div class=\"faq-item-question\">\r\n\t\t\t\t\t\t<h3 class=\"faq-item-question-text\">Existe um m\u00e9todo para incorporar o Team Showcase na minha p\u00e1gina GoDaddy sem codifica\u00e7\u00e3o?<\/h3>\r\n\r\n\t\t\t\t\t\t<div class=\"faq-item-question-icon\"><\/div>\r\n\t\t\t\t\t<\/div>\r\n\r\n\t\t\t\t\t<div class=\"faq-item-answer\">\r\n\t\t\t\t\t\t<div class=\"faq-item-answer-text\"> <p>A Elfsight oferece uma solu\u00e7\u00e3o que permite aos utilizadores criarem voc\u00eas pr\u00f3prios um plugin do Team Showcase, consulte o instru\u00e7\u00f5es descomplicadas: Trabalhe diretamente no Editor ao vivo para criar um widget Team Showcase que voc\u00ea gostaria que aparecesse em seu site GoDaddy. Escolha um de nossos modelos pr\u00e9-concebidos e ajuste as configura\u00e7\u00f5es do Team Showcase, atualize seu conte\u00fado, mude o layout e a cor dos elementos sem nenhum conhecimento de codifica\u00e7\u00e3o. Clique para salvar o Team Showcase e obter o c\u00f3digo de um widget para instala\u00e7\u00e3o, que voc\u00ea pode adicionar facilmente a qualquer p\u00e1gina da web do GoDaddy gratuitamente. Com a ajuda do configurador intuitivo, qualquer usu\u00e1rio da Internet pode criar a se\u00e7\u00e3o Team Showcase online e col\u00e1-la facilmente na p\u00e1gina inicial do GoDaddy. N\u00e3o h\u00e1 necessidade de adquirir um plano pago ou inserir os dados do seu cart\u00e3o para entrar no servi\u00e7o. Se voc\u00ea tiver algum tipo de problema, sinta-se \u00e0 vontade para falar com nosso suporte ao cliente.<\/p> <\/div>\r\n\t\t\t\t\t<\/div>\r\n\t\t\t\t<\/div> <\/div><\/div>","protected":false},"excerpt":{"rendered":"","protected":false},"author":9,"featured_media":0,"parent":855,"menu_order":0,"comment_status":"closed","ping_status":"closed","template":"templates\/template-application-platform.php","meta":{"publish_to_discourse":"","publish_post_category":"","wpdc_auto_publish_overridden":"","wpdc_topic_tags":"","wpdc_pin_topic":"","wpdc_pin_until":"","discourse_post_id":"","discourse_permalink":"","wpdc_publishing_response":"","wpdc_publishing_error":"","footnotes":""},"class_list":["post-8202","page","type-page","status-publish","hentry"],"yoast_head":"<!-- This site is optimized with the Yoast SEO plugin v25.3.1 - https:\/\/yoast.com\/wordpress\/plugins\/seo\/ -->\n<title>Team Showcase - Adicione o plugin Team Showcase ao site GoDaddy!<\/title>\n<meta name=\"description\" content=\"Demonstre os membros da sua equipe da maneira mais representativa com o novo plugin Elfsight Team Showcase para GoDaddy!\" \/>\n<meta name=\"robots\" content=\"index, follow, max-snippet:-1, max-image-preview:large, max-video-preview:-1\" \/>\n<link rel=\"canonical\" href=\"https:\/\/elfsight.com\/pt\/team-showcase-widget\/godaddy\/\" \/>\n<meta property=\"og:locale\" content=\"pt_PT\" \/>\n<meta property=\"og:type\" content=\"article\" \/>\n<meta property=\"og:title\" content=\"Team Showcase - Adicione o plugin Team Showcase ao site GoDaddy!\" \/>\n<meta property=\"og:description\" content=\"Demonstre os membros da sua equipe da maneira mais representativa com o novo plugin Elfsight Team Showcase para GoDaddy!\" \/>\n<meta property=\"og:url\" content=\"https:\/\/elfsight.com\/pt\/team-showcase-widget\/godaddy\/\" \/>\n<meta property=\"og:site_name\" content=\"Elfsight PT\" \/>\n<meta property=\"article:modified_time\" content=\"2024-11-12T15:33:36+00:00\" \/>\n<meta name=\"twitter:card\" content=\"summary_large_image\" \/>\n<meta name=\"twitter:label1\" content=\"Tempo estimado de leitura\" \/>\n\t<meta name=\"twitter:data1\" content=\"3 minutos\" \/>\n<!-- \/ Yoast SEO plugin. -->","yoast_head_json":{"title":"Team Showcase - Adicione o plugin Team Showcase ao site GoDaddy!","description":"Demonstre os membros da sua equipe da maneira mais representativa com o novo plugin Elfsight Team Showcase para GoDaddy!","robots":{"index":"index","follow":"follow","max-snippet":"max-snippet:-1","max-image-preview":"max-image-preview:large","max-video-preview":"max-video-preview:-1"},"canonical":"https:\/\/elfsight.com\/pt\/team-showcase-widget\/godaddy\/","og_locale":"pt_PT","og_type":"article","og_title":"Team Showcase - Adicione o plugin Team Showcase ao site GoDaddy!","og_description":"Demonstre os membros da sua equipe da maneira mais representativa com o novo plugin Elfsight Team Showcase para GoDaddy!","og_url":"https:\/\/elfsight.com\/pt\/team-showcase-widget\/godaddy\/","og_site_name":"Elfsight PT","article_modified_time":"2024-11-12T15:33:36+00:00","twitter_card":"summary_large_image","twitter_misc":{"Tempo estimado de leitura":"3 minutos"},"schema":{"@context":"https:\/\/schema.org","@graph":[{"@type":"WebPage","@id":"https:\/\/elfsight.com\/pt\/team-showcase-widget\/godaddy\/","url":"https:\/\/elfsight.com\/pt\/team-showcase-widget\/godaddy\/","name":"Team Showcase - Adicione o plugin Team Showcase ao site GoDaddy!","isPartOf":{"@id":"https:\/\/elfsight.com\/pt\/#website"},"datePublished":"1970-01-01T00:00:00+00:00","dateModified":"2024-11-12T15:33:36+00:00","description":"Demonstre os membros da sua equipe da maneira mais representativa com o novo plugin Elfsight Team Showcase para GoDaddy!","breadcrumb":{"@id":"https:\/\/elfsight.com\/pt\/team-showcase-widget\/godaddy\/#breadcrumb"},"inLanguage":"pt-PT","potentialAction":[{"@type":"ReadAction","target":["https:\/\/elfsight.com\/pt\/team-showcase-widget\/godaddy\/"]}]},{"@type":"BreadcrumbList","@id":"https:\/\/elfsight.com\/pt\/team-showcase-widget\/godaddy\/#breadcrumb","itemListElement":[{"@type":"ListItem","position":1,"name":"Home","item":"https:\/\/elfsight.com\/pt\/"},{"@type":"ListItem","position":2,"name":"Team Showcase","item":"https:\/\/elfsight.com\/pt\/team-showcase-widget\/"},{"@type":"ListItem","position":3,"name":"Team Showcase &#8211; GoDaddy"}]},{"@type":"WebSite","@id":"https:\/\/elfsight.com\/pt\/#website","url":"https:\/\/elfsight.com\/pt\/","name":"Elfsight PT","description":"Just another Elfsight Sites site","potentialAction":[{"@type":"SearchAction","target":{"@type":"EntryPoint","urlTemplate":"https:\/\/elfsight.com\/pt\/?s={search_term_string}"},"query-input":{"@type":"PropertyValueSpecification","valueRequired":true,"valueName":"search_term_string"}}],"inLanguage":"pt-PT"}]}},"meta_box":{"industry":"","seo_heading":"","heading":"","description":"","cta_heading":"","cta_description":"","application":"854","h1":"Plug-in GoDaddy Team Showcase","h1_caption":"Mostre os membros da sua equipe e seus antecedentes em uma galeria personaliz\u00e1vel","application_category":[],"applications_title":"","applications_request_title":"","applications_request_button_text":"","hero_text":"","hero_video":"","hero_video_schema_markup":"","selling_points_title":"","selling_points_caption":"","selling_points":[],"selling_points_cta_text":"","features_title":"","features":"","ed_cta_examples_text":"","ed_cta_examples_hidden":"","ed_cta_demo_text":"","ed_cta_demo_hidden":"","why_caption":"","why_editor_title":"","why_editor_text":"","why_team_title":"","why_team_text":"","why_service_title":"","why_service_text":"","template_catalog_visible":"","template_catalog_title":"","template_catalog_text":"","template_catalog_categories_visible":"","demo_title":"Crie seu plugin Team Showcase","demo_caption":"Configure seu Team Showcase e adicione-o ao seu site GoDaddy gratuitamente!","default_faq_hidden":"","app_template_category":[],"platform":"4908","template_public_id":"","codecanyon_url":"","codecanyon_item_id":"","codecanyon_price":"","pricing_caption":"","pricing_elfsight_apps_hide_column":"","pricing_elfsight_apps_url":"","pricing_codecanyon_price_caption":"","integration_category":[],"integration_request_title":"","integration_request_cta":"","integration_platform":"","integrations":[],"platform_category":[],"video_schema_markup":"","price":"a partir de US$ 0\/m\u00eas","trial":"","benefits":[{"text":"Ajuda de instala\u00e7\u00e3o gratuita"},{"text":"Atendimento ao cliente eficaz"},{"text":"Garantia de devolu\u00e7\u00e3o do dinheiro em 14 dias"},{"text":"Atualizando constantemente"}],"button_url":"#demo","button_target_blank":"","button_nofollow":"","attributes":[{"name":"Instala\u00e7\u00f5es","content":"10,000 - 100,000"},{"name":"Responsivo","content":"Sim"},{"name":"Navegadores compat\u00edveis","content":"IE11, Firefox, Safari, Opera, Chrome, Edge"}],"tags":[],"tags_disable_links":"","hide_more_platforms":"","video_object":"","demo_hide_cta":"","demo_hide_cloud_options":"","pricing_title":"","pricing":[{"pricing_icon":"platform","pricing_title":"Elfsight Apps","pricing_title_caption":"Vers\u00e3o multiplataforma","pricing_price":"a partir de US$ 0\/m\u00eas","pricing_price_caption":"comece com plano gratuito","pricing_benefits":[{"text":"Dom\u00ednios ilimitados"},{"text":"Suporte \u00e0 empresa 24 horas por dia, 7 dias por semana e bem documentado"},{"text":"Suporte \u00e0 empresa 24 horas por dia, 7 dias por semana e bem documentado"},{"text":"Totalmente personaliz\u00e1vel"}],"pricing_button_text":"Adicionar ao site","pricing_button_url":"#demo"}],"related_apps_title":"","related_apps_hidden":"","author":"","image":[],"title":"","job":"","social_networks":[]},"_links":{"self":[{"href":"https:\/\/elfsight.com\/pt\/wp-json\/wp\/v2\/pages\/8202","targetHints":{"allow":["GET"]}}],"collection":[{"href":"https:\/\/elfsight.com\/pt\/wp-json\/wp\/v2\/pages"}],"about":[{"href":"https:\/\/elfsight.com\/pt\/wp-json\/wp\/v2\/types\/page"}],"author":[{"embeddable":true,"href":"https:\/\/elfsight.com\/pt\/wp-json\/wp\/v2\/users\/9"}],"replies":[{"embeddable":true,"href":"https:\/\/elfsight.com\/pt\/wp-json\/wp\/v2\/comments?post=8202"}],"version-history":[{"count":1,"href":"https:\/\/elfsight.com\/pt\/wp-json\/wp\/v2\/pages\/8202\/revisions"}],"predecessor-version":[{"id":8206,"href":"https:\/\/elfsight.com\/pt\/wp-json\/wp\/v2\/pages\/8202\/revisions\/8206"}],"up":[{"embeddable":true,"href":"https:\/\/elfsight.com\/pt\/wp-json\/wp\/v2\/pages\/855"}],"wp:attachment":[{"href":"https:\/\/elfsight.com\/pt\/wp-json\/wp\/v2\/media?parent=8202"}],"curies":[{"name":"wp","href":"https:\/\/api.w.org\/{rel}","templated":true}]}}